{"id":79414,"date":"2021-02-03T14:00:26","date_gmt":"2021-02-03T13:00:26","guid":{"rendered":"https:\/\/semmelweis.hu\/jogigfoig\/?page_id=79414"},"modified":"2026-02-16T15:42:09","modified_gmt":"2026-02-16T14:42:09","slug":"etikai-kodex-archivum","status":"publish","type":"page","link":"https:\/\/semmelweis.hu\/jogigfoig\/dokumentumtar\/szabalyzattar-archivum\/etikai-kodex-archivum\/","title":{"rendered":"Etikai K\u00f3dex (Arch\u00edvum)"},"content":{"rendered":"<div class=\"responsive-tabs\">\n<h2 class=\"tabtitle\">Szab\u00e1lyzat arch\u00edv v\u00e1ltozatai<\/h2>\n<div class=\"tabcontent\">\n\n<ul>\n<li><a href=\"https:\/\/semmelweis.hu\/jogigfoig\/files\/2021\/02\/Etikai_Kodex_hataly_2017XII09_20200522.pdf\">2020. m\u00e1jus 22-ig<\/a>\n<ul>\n<li><strong>English version:<\/strong> <a href=\"https:\/\/semmelweis.hu\/jogigfoig\/files\/2018\/11\/Etikai_Kodex_hataly_2017XII09_tol_ENG.pdf\">Code of Conduct<\/a><\/li>\n<li><strong>Deutsche Version: <\/strong><a href=\"https:\/\/semmelweis.hu\/jogigfoig\/files\/2018\/11\/Etikai_Kodex_hat%C3%A1ly_2017XII09_tol_GE.pdf\">Verhaltenskodex\u00a0<\/a><\/li>\n<\/ul>\n<\/li>\n<li><a href=\"https:\/\/semmelweis.hu\/jogigfoig\/files\/2021\/03\/Etikai_Kodex_hatalyos_2020_05_23_tol_jav.pdf\">2021. \u00e1prilis 14-ig<\/a><\/li>\n<li><a href=\"https:\/\/semmelweis.hu\/jogigfoig\/files\/2021\/07\/Etikai_Kodex_hatalyos_2021_04_15_tol.pdf\">2022. m\u00e1jus 20-ig<\/a>\n<ul>\n<li><strong>English version:<\/strong> <a href=\"https:\/\/semmelweis.hu\/jogigfoig\/files\/2021\/03\/Code_of_Ethics_effective_date_23_05_2020_jav.pdf\">Code of Ethics<\/a><\/li>\n<li><strong>Deutsche Version: <\/strong><a href=\"https:\/\/semmelweis.hu\/jogigfoig\/files\/2021\/03\/Ethikkodex_Tag_des_Inkrafttretens_23_Mai_2020_jav.pdf\">Ethikkodex<\/a><\/li>\n<\/ul>\n<\/li>\n<li><a href=\"https:\/\/semmelweis.hu\/jogigfoig\/files\/2022\/05\/Etikai_kodex_hataly_2022_V_21.pdf\">2023. december 20-ig<\/a>\n<ul>\n<li><strong>English version:<\/strong> <a href=\"https:\/\/semmelweis.hu\/jogigfoig\/files\/2022\/10\/Code_of_Ethics_Effective_date_21_05_2022.pdf\">Code of Ethics<\/a><\/li>\n<li><strong>Deutsche Version: <\/strong><a href=\"https:\/\/semmelweis.hu\/jogigfoig\/files\/2022\/10\/Ethikkodex_Datum_des_Inkrafttretens_21_Mai_2022.pdf\">Ethikkodex<\/a><\/li>\n<\/ul>\n<\/li>\n<li><a href=\"https:\/\/semmelweis.hu\/jogigfoig\/files\/2023\/12\/Etikai_kodex_hataly_2023.XII_.21.pdf\">2024. december 19-ig<\/a>\n<ul>\n<li><strong>English version:<\/strong>\u00a0<a href=\"https:\/\/semmelweis.hu\/jogigfoig\/files\/2024\/01\/Etikai_kodex_hataly_2023.12.21-tol_ENG.pdf\">Code of Ethics<\/a><\/li>\n<li><strong>Deutsche Version:<\/strong>\u00a0<a href=\"https:\/\/semmelweis.hu\/jogigfoig\/files\/2024\/01\/Etikai_kodex_hataly_2023.12.21-tol_DE.pdf\">Ethikkodex<\/a><\/li>\n<\/ul>\n<\/li>\n<li><a href=\"https:\/\/semmelweis.hu\/jogigfoig\/files\/2025\/01\/Etikai_kodex_hataly_2024_12_20.pdf\">2024. december 20 &#8211; 2025. augusztus 01.<\/a>\n<ul>\n<li><strong>English version:\u00a0<\/strong><a href=\"https:\/\/semmelweis.hu\/jogigfoig\/files\/2026\/02\/Etikai_kodex_hataly_2024_12_20_ENG_v.pdf\" target=\"_blank\" rel=\"noopener\"> Code of Ethics<\/a><\/li>\n<\/ul>\n<\/li>\n<li><a href=\"https:\/\/semmelweis.hu\/jogigfoig\/files\/2025\/08\/Etikai_kodex_hataly_2025_08_02.pdf\">2025. augusztus 01 &#8211; 2025. augusztus 06.<\/a> (formai megfeleltet\u00e9st megel\u0151z\u0151 verzi\u00f3)\n<ul>\n<li><strong>English version:\u00a0<\/strong> <a href=\"https:\/\/semmelweis.hu\/jogigfoig\/files\/2026\/02\/Etikai_kodex_hataly_2025_08_02_ENG.pdf\" target=\"_blank\" rel=\"noopener\">Code of Ethics<\/a><\/li>\n<\/ul>\n<\/li>\n<\/ul>\n\n<\/div><h2 class=\"tabtitle\">Hat\u00e1lyon k\u00edv\u00fcl helyezett <br \/>\nhat\u00e1rozatok<\/h2>\n<div class=\"tabcontent\">\n\n<ul>\n<li><a href=\"https:\/\/semmelweis.hu\/jogigfoig\/files\/2017\/12\/109_2001_XI14_ET_hatarozat_az_Etikai_Kodex_elfogadasarol.pdf\">109\/2001. (XI.14.)<\/a><\/li>\n<li><a href=\"https:\/\/semmelweis.hu\/jogigfoig\/files\/2017\/12\/75_2005_XI24_ET_hatarozat_az_Etikai_Kodex_modositasarol.pdf\">75\/2005. (XI.24.)<\/a><\/li>\n<li><a href=\"https:\/\/semmelweis.hu\/jogigfoig\/files\/2017\/09\/128_XII_17_hat_ETIKAI_KODEX_modositasa.pdf\">128\/2009. (XII.17.)<\/a><\/li>\n<li><a href=\"https:\/\/semmelweis.hu\/jogigfoig\/files\/2017\/12\/148_2017_XI30_szenatusi_hatarozat_az_Etikai_Kodex_elfogadasarol.pdf\">148\/2017. (XI.30.)<\/a><\/li>\n<li><a href=\"https:\/\/semmelweis.hu\/jogigfoig\/files\/2020\/06\/73_2020_Etikai-k%C3%B3dex.pdf\">73\/2020. (V.21.)<\/a><\/li>\n<li><a href=\"https:\/\/semmelweis.hu\/jogigfoig\/files\/2022\/05\/33_2022_Szabalyzatok-Konyve-I.utem_.pdf\">33\/2022. (V.13.)<\/a><\/li>\n<li><a href=\"https:\/\/semmelweis.hu\/jogigfoig\/files\/2021\/07\/27_2021_Szab%C3%A1lyzatok-m%C3%B3dos%C3%ADt%C3%A1sa.pdf\">27\/2021. (IV.08.)<\/a><\/li>\n<\/ul>\n<\/div><\/div>\n","protected":false},"excerpt":{"rendered":"<p><a href=\"https:\/\/semmelweis.hu\/jogigfoig\/files\/2021\/02\/Etikai_Kodex_hataly_2017XII09_20200522.pdf\">2020. m\u00e1jus 22-ig<\/a><\/p>\n<p>English version: <a href=\"https:\/\/semmelweis.hu\/jogigfoig\/files\/2018\/11\/Etikai_Kodex_hataly_2017XII09_tol_ENG.pdf\">Code of Conduct<\/a><br \/>\nDeutsche Version: <a href=\"https:\/\/semmelweis.hu\/jogigfoig\/files\/2018\/11\/Etikai_Kodex_hat%C3%A1ly_2017XII09_tol_GE.pdf\">Verhaltenskodex\u00a0<\/a><\/p>\n<p><a href=\"https:\/\/semmelweis.hu\/jogigfoig\/files\/2021\/03\/Etikai_Kodex_hatalyos_2020_05_23_tol_jav.pdf\">2021. \u00e1prilis 14-ig<\/a><br \/>\n<a href=\"https:\/\/semmelweis.hu\/jogigfoig\/files\/2021\/07\/Etikai_Kodex_hatalyos_2021_04_15_tol.pdf\">2022. m\u00e1jus 20-ig<\/a><\/p>\n<p>English version: <a href=\"https:\/\/semmelweis.hu\/jogigfoig\/files\/2021\/03\/Code_of_Ethics_effective_date_23_05_2020_jav.pdf\">Code of Ethics<\/a><br \/>\nDeutsche Version: <a href=\"https:\/\/semmelweis.hu\/jogigfoig\/files\/2021\/03\/Ethikkodex_Tag_des_Inkrafttretens_23_Mai_2020_jav.pdf\">Ethikkodex<\/a><\/p>\n<p><a href=\"https:\/\/semmelweis.hu\/jogigfoig\/files\/2022\/05\/Etikai_kodex_hataly_2022_V_21.pdf\">2023. december 20-ig<\/a><\/p>\n<p>English version: <a href=\"https:\/\/semmelweis.hu\/jogigfoig\/files\/2022\/10\/Code_of_Ethics_Effective_date_21_05_2022.pdf\">Code of Ethics<\/a><br \/>\nDeutsche Version: <a href=\"https:\/\/semmelweis.hu\/jogigfoig\/files\/2022\/10\/Ethikkodex_Datum_des_Inkrafttretens_21_Mai_2022.pdf\">Ethikkodex<\/a><\/p>\n<p><a href=\"https:\/\/semmelweis.hu\/jogigfoig\/files\/2023\/12\/Etikai_kodex_hataly_2023.XII_.21.pdf\">2024. december 19-ig<\/a><\/p>\n<p>English version:\u00a0<a href=\"https:\/\/semmelweis.hu\/jogigfoig\/files\/2024\/01\/Etikai_kodex_hataly_2023.12.21-tol_ENG.pdf\">Code of Ethics<\/a><br \/>\nDeutsche Version:\u00a0<a href=\"https:\/\/semmelweis.hu\/jogigfoig\/files\/2024\/01\/Etikai_kodex_hataly_2023.12.21-tol_DE.pdf\">Ethikkodex<\/a><\/p>\n<p><a href=\"https:\/\/semmelweis.hu\/jogigfoig\/files\/2025\/01\/Etikai_kodex_hataly_2024_12_20.pdf\">2024. december 20 &#8211; 2025. augusztus 01.<\/a><\/p>\n<p>English version:\u00a0<a href=\"https:\/\/semmelweis.hu\/jogigfoig\/files\/2026\/02\/Etikai_kodex_hataly_2024_12_20_ENG_v.pdf\" target=\"_blank\" rel=\"noopener\"> Code of Ethics<\/a><\/p>\n<p><a href=\"https:\/\/semmelweis.hu\/jogigfoig\/files\/2025\/08\/Etikai_kodex_hataly_2025_08_02.pdf\">2025. augusztus 01 &#8211; 2025. augusztus 06.<\/a> (formai megfeleltet\u00e9st megel\u0151z\u0151 verzi\u00f3)<\/p>\n<p>English version:\u00a0 <a href=\"https:\/\/semmelweis.hu\/jogigfoig\/files\/2026\/02\/Etikai_kodex_hataly_2025_08_02_ENG.pdf\" target=\"_blank\" rel=\"noopener\">Code of Ethics<\/a><\/p>\n<p><a href=\"https:\/\/semmelweis.hu\/jogigfoig\/files\/2017\/12\/109_2001_XI14_ET_hatarozat_az_Etikai_Kodex_elfogadasarol.pdf\">109\/2001. (XI.14.)<\/a><br \/>\n<a href=\"https:\/\/semmelweis.hu\/jogigfoig\/files\/2017\/12\/75_2005_XI24_ET_hatarozat_az_Etikai_Kodex_modositasarol.pdf\">75\/2005. (XI.24.)<\/a><br \/>\n<a href=\"https:\/\/semmelweis.hu\/jogigfoig\/files\/2017\/09\/128_XII_17_hat_ETIKAI_KODEX_modositasa.pdf\">128\/2009. (XII.17.)<\/a><br \/>\n<a href=\"https:\/\/semmelweis.hu\/jogigfoig\/files\/2017\/12\/148_2017_XI30_szenatusi_hatarozat_az_Etikai_Kodex_elfogadasarol.pdf\">148\/2017. (XI.30.)<\/a><br \/>\n<a href=\"https:\/\/semmelweis.hu\/jogigfoig\/files\/2020\/06\/73_2020_Etikai-k%C3%B3dex.pdf\">73\/2020. (V.21.)<\/a><br \/>\n<a href=\"https:\/\/semmelweis.hu\/jogigfoig\/files\/2022\/05\/33_2022_Szabalyzatok-Konyve-I.utem_.pdf\">33\/2022. (V.13.)<\/a><br \/>\n<a href=\"https:\/\/semmelweis.hu\/jogigfoig\/files\/2021\/07\/27_2021_Szab%C3%A1lyzatok-m%C3%B3dos%C3%ADt%C3%A1sa.pdf\">27\/2021. (IV.08.)<\/a><\/p>\n","protected":false},"author":101467,"featured_media":0,"parent":362,"menu_order":0,"comment_status":"closed","ping_status":"closed","template":"","meta":{"_acf_changed":false,"footnotes":""},"categories":[],"tags":[],"class_list":["post-79414","page","type-page","status-publish","hentry"],"acf":[],"_links":{"self":[{"href":"https:\/\/semmelweis.hu\/jogigfoig\/wp-json\/wp\/v2\/pages\/79414","targetHints":{"allow":["GET"]}}],"collection":[{"href":"https:\/\/semmelweis.hu\/jogigfoig\/wp-json\/wp\/v2\/pages"}],"about":[{"href":"https:\/\/semmelweis.hu\/jogigfoig\/wp-json\/wp\/v2\/types\/page"}],"author":[{"embeddable":true,"href":"https:\/\/semmelweis.hu\/jogigfoig\/wp-json\/wp\/v2\/users\/101467"}],"replies":[{"embeddable":true,"href":"https:\/\/semmelweis.hu\/jogigfoig\/wp-json\/wp\/v2\/comments?post=79414"}],"version-history":[{"count":10,"href":"https:\/\/semmelweis.hu\/jogigfoig\/wp-json\/wp\/v2\/pages\/79414\/revisions"}],"predecessor-version":[{"id":104850,"href":"https:\/\/semmelweis.hu\/jogigfoig\/wp-json\/wp\/v2\/pages\/79414\/revisions\/104850"}],"up":[{"embeddable":true,"href":"https:\/\/semmelweis.hu\/jogigfoig\/wp-json\/wp\/v2\/pages\/362"}],"wp:attachment":[{"href":"https:\/\/semmelweis.hu\/jogigfoig\/wp-json\/wp\/v2\/media?parent=79414"}],"wp:term":[{"taxonomy":"category","embeddable":true,"href":"https:\/\/semmelweis.hu\/jogigfoig\/wp-json\/wp\/v2\/categories?post=79414"},{"taxonomy":"post_tag","embeddable":true,"href":"https:\/\/semmelweis.hu\/jogigfoig\/wp-json\/wp\/v2\/tags?post=79414"}],"curies":[{"name":"wp","href":"https:\/\/api.w.org\/{rel}","templated":true}]}}