{"id":79385,"date":"2021-02-03T12:14:33","date_gmt":"2021-02-03T11:14:33","guid":{"rendered":"https:\/\/semmelweis.hu\/jogigfoig\/?page_id=79385"},"modified":"2024-07-01T11:10:13","modified_gmt":"2024-07-01T09:10:13","slug":"szellemitulajdon-kezelesi-szabalyzat-archivum","status":"publish","type":"page","link":"https:\/\/semmelweis.hu\/jogigfoig\/dokumentumtar\/szabalyzattar-archivum\/szellemitulajdon-kezelesi-szabalyzat-archivum\/","title":{"rendered":"Szellemitulajdon-kezel\u00e9si szab\u00e1lyzat (Arch\u00edvum)"},"content":{"rendered":"<p><strong>Szab\u00e1lyzat arch\u00edv v\u00e1ltozatai:<\/strong><\/p>\n<ul>\n<li><a href=\"https:\/\/semmelweis.hu\/jogigfoig\/files\/2021\/02\/Szellemitulajdon-kezelesi_szabalyzat_20190711_20200716.pdf\">2020. j\u00falius 26-ig<\/a><\/li>\n<li><a href=\"https:\/\/semmelweis.hu\/jogigfoig\/files\/2020\/07\/Szellemitulajdon-kezelesi_szabalyzat_hatalyos_2020_07_17.pdf\">2021. \u00e1prilis 14-ig<\/a><\/li>\n<li><a href=\"https:\/\/semmelweis.hu\/jogigfoig\/files\/2021\/07\/Szellemitulajdo_kezelesi_szabalyzat_hatalyos_20210415.pdf\">2021. december 29-ig<\/a><\/li>\n<\/ul>\n<p>&nbsp;<\/p>\n","protected":false},"excerpt":{"rendered":"<p>Szab\u00e1lyzat arch\u00edv v\u00e1ltozatai:<\/p>\n<p><a href=\"https:\/\/semmelweis.hu\/jogigfoig\/files\/2021\/02\/Szellemitulajdon-kezelesi_szabalyzat_20190711_20200716.pdf\">2020. j\u00falius 26-ig<\/a><br \/>\n<a href=\"https:\/\/semmelweis.hu\/jogigfoig\/files\/2020\/07\/Szellemitulajdon-kezelesi_szabalyzat_hatalyos_2020_07_17.pdf\">2021. \u00e1prilis 14-ig<\/a><br \/>\n<a href=\"https:\/\/semmelweis.hu\/jogigfoig\/files\/2021\/07\/Szellemitulajdo_kezelesi_szabalyzat_hatalyos_20210415.pdf\">2021. december 29-ig<\/a><\/p>\n<p>&nbsp;<\/p>\n","protected":false},"author":101467,"featured_media":0,"parent":362,"menu_order":0,"comment_status":"closed","ping_status":"closed","template":"","meta":{"_acf_changed":false,"footnotes":""},"categories":[],"tags":[],"class_list":["post-79385","page","type-page","status-publish","hentry"],"acf":[],"_links":{"self":[{"href":"https:\/\/semmelweis.hu\/jogigfoig\/wp-json\/wp\/v2\/pages\/79385","targetHints":{"allow":["GET"]}}],"collection":[{"href":"https:\/\/semmelweis.hu\/jogigfoig\/wp-json\/wp\/v2\/pages"}],"about":[{"href":"https:\/\/semmelweis.hu\/jogigfoig\/wp-json\/wp\/v2\/types\/page"}],"author":[{"embeddable":true,"href":"https:\/\/semmelweis.hu\/jogigfoig\/wp-json\/wp\/v2\/users\/101467"}],"replies":[{"embeddable":true,"href":"https:\/\/semmelweis.hu\/jogigfoig\/wp-json\/wp\/v2\/comments?post=79385"}],"version-history":[{"count":4,"href":"https:\/\/semmelweis.hu\/jogigfoig\/wp-json\/wp\/v2\/pages\/79385\/revisions"}],"predecessor-version":[{"id":90837,"href":"https:\/\/semmelweis.hu\/jogigfoig\/wp-json\/wp\/v2\/pages\/79385\/revisions\/90837"}],"up":[{"embeddable":true,"href":"https:\/\/semmelweis.hu\/jogigfoig\/wp-json\/wp\/v2\/pages\/362"}],"wp:attachment":[{"href":"https:\/\/semmelweis.hu\/jogigfoig\/wp-json\/wp\/v2\/media?parent=79385"}],"wp:term":[{"taxonomy":"category","embeddable":true,"href":"https:\/\/semmelweis.hu\/jogigfoig\/wp-json\/wp\/v2\/categories?post=79385"},{"taxonomy":"post_tag","embeddable":true,"href":"https:\/\/semmelweis.hu\/jogigfoig\/wp-json\/wp\/v2\/tags?post=79385"}],"curies":[{"name":"wp","href":"https:\/\/api.w.org\/{rel}","templated":true}]}}