{"id":79351,"date":"2021-02-02T13:50:05","date_gmt":"2021-02-02T12:50:05","guid":{"rendered":"https:\/\/semmelweis.hu\/jogigfoig\/?page_id=79351"},"modified":"2021-02-24T09:08:19","modified_gmt":"2021-02-24T08:08:19","slug":"2021-januar-28","status":"publish","type":"page","link":"https:\/\/semmelweis.hu\/jogigfoig\/testuletek\/szenatus\/2021-evi-szenatusi-hatarozatok\/2021-januar-28\/","title":{"rendered":"2021. janu\u00e1r 28."},"content":{"rendered":"<p style=\"text-align: justify\"><span style=\"font-size: 14pt\"><a href=\"https:\/\/semmelweis.hu\/jogigfoig\/files\/2021\/02\/N_1_2021_01.28_hat\u00e1rozat.pdf\">A Semmelweis Egyetem\u00a0Szen\u00e1tus\u00e1nak\u00a0N-1.2021. (I.28.) sz\u00e1m\u00fa hat\u00e1rozata\u00a0a szen\u00e1tusi \u00fcl\u00e9s napirendi pontjainak elfogad\u00e1s\u00e1r\u00f3l<\/a><\/span><\/p>\n<p style=\"text-align: justify\"><span style=\"font-size: 14pt\"><a href=\"https:\/\/semmelweis.hu\/jogigfoig\/files\/2021\/02\/1_2021_a-Semmelweis-Egyetem-modellv\u00e1lt\u00e1s\u00e1r\u00f3l.pdf\">A Semmelweis Egyetem\u00a0Szen\u00e1tus\u00e1nak\u00a01\/2021. (I.28.) sz\u00e1m\u00fa hat\u00e1rozata\u00a0a Semmelweis Egyetem modellv\u00e1lt\u00e1s\u00e1r\u00f3l<\/a><\/span><\/p>\n<p style=\"text-align: justify\"><span style=\"font-size: 14pt\"><a href=\"https:\/\/semmelweis.hu\/jogigfoig\/files\/2021\/02\/1_2021_Kancell\u00e1ri-egyet\u00e9rt\u00e9s.pdf\">A Semmelweis Egyetem\u00a0Szen\u00e1tus\u00e1nak\u00a01\/2021. (I.28.) sz\u00e1m\u00fa hat\u00e1rozata\u00a0a Semmelweis Egyetem modellv\u00e1lt\u00e1s\u00e1r\u00f3l\u00a0\u2013 kancell\u00e1ri egyet\u00e9rt\u00e9si jog gyakorl\u00e1sa<\/a><\/span><\/p>\n<p style=\"text-align: justify\"><span style=\"font-size: 14pt\"><a href=\"https:\/\/semmelweis.hu\/jogigfoig\/files\/2021\/02\/2_0221_Besz\u00e1mol\u00f3-a-Szen\u00e1tus-\u00e1ltal-l\u00e9trehozott-az-Egyetem-eg\u00e9sz\u00e9re-kiterjed\u0151-hat\u00e1sk\u00f6rrel-rendelkez\u0151-\u00e1lland\u00f3-bizotts\u00e1gok-munk\u00e1j\u00e1r\u00f3l.pdf\">A Semmelweis Egyetem\u00a0Szen\u00e1tus\u00e1nak\u00a02\/2021. (I.28.) sz\u00e1m\u00fa hat\u00e1rozata\u00a0Besz\u00e1mol\u00f3 a Szen\u00e1tus \u00e1ltal l\u00e9trehozott, az egyetem eg\u00e9sz\u00e9re kiterjed\u0151 hat\u00e1sk\u00f6rrel rendelkez\u0151 \u00e1lland\u00f3 bizotts\u00e1gok munk\u00e1j\u00e1r\u00f3l<\/a><\/span><\/p>\n<p style=\"text-align: justify\"><span style=\"font-size: 14pt\"><a href=\"https:\/\/semmelweis.hu\/jogigfoig\/files\/2021\/02\/ETT_2020_eves_beszamolo_20210120_alairt.pdf\">A Semmelweis Egyetem Szen\u00e1tus\u00e1nak 2\/2021. (I.28.) sz\u00e1m\u00fa hat\u00e1rozata Besz\u00e1mol\u00f3 a Szen\u00e1tus \u00e1ltal l\u00e9trehozott, az egyetem eg\u00e9sz\u00e9re kiterjed\u0151 hat\u00e1sk\u00f6rrel rendelkez\u0151 \u00e1lland\u00f3 bizotts\u00e1gok munk\u00e1j\u00e1r\u00f3l &#8211; Tudom\u00e1nyos Tan\u00e1cs<\/a><\/span><\/p>\n<p style=\"text-align: justify\"><span style=\"font-size: 14pt\"><a href=\"https:\/\/semmelweis.hu\/jogigfoig\/files\/2021\/02\/M\u00c1B.pdf\">A Semmelweis Egyetem Szen\u00e1tus\u00e1nak 2\/2021. (I.28.) sz\u00e1m\u00fa hat\u00e1rozata Besz\u00e1mol\u00f3 a Szen\u00e1tus \u00e1ltal l\u00e9trehozott, az egyetem eg\u00e9sz\u00e9re kiterjed\u0151 hat\u00e1sk\u00f6rrel rendelkez\u0151 \u00e1lland\u00f3 bizotts\u00e1gok munk\u00e1j\u00e1r\u00f3l &#8211;\u00a0Semmelweis Egyetem Munkahelyi \u00e9s \u00c1llatj\u00f3l\u00e9ti Bizotts\u00e1g<\/a><\/span><\/p>\n<p style=\"text-align: justify\"><span style=\"font-size: 14pt\"><a href=\"https:\/\/semmelweis.hu\/jogigfoig\/files\/2021\/02\/MMB.pdf\">A Semmelweis Egyetem Szen\u00e1tus\u00e1nak 2\/2021. (I.28.) sz\u00e1m\u00fa hat\u00e1rozata Besz\u00e1mol\u00f3 a Szen\u00e1tus \u00e1ltal l\u00e9trehozott, az egyetem eg\u00e9sz\u00e9re kiterjed\u0151 hat\u00e1sk\u00f6rrel rendelkez\u0151 \u00e1lland\u00f3 bizotts\u00e1gok munk\u00e1j\u00e1r\u00f3l &#8211; Min\u0151s\u00e9gfejleszt\u00e9si \u00e9s Min\u0151s\u00e9g\u00e9rt\u00e9kel\u0151 Bizotts\u00e1g<\/a><\/span><\/p>\n<p style=\"text-align: justify\"><span style=\"font-size: 14pt\"><a href=\"https:\/\/semmelweis.hu\/jogigfoig\/files\/2021\/02\/KK-Bizotts\u00e1g.pdf\">A Semmelweis Egyetem Szen\u00e1tus\u00e1nak 2\/2021. (I.28.) sz\u00e1m\u00fa hat\u00e1rozata Besz\u00e1mol\u00f3 a Szen\u00e1tus \u00e1ltal l\u00e9trehozott, az egyetem eg\u00e9sz\u00e9re kiterjed\u0151 hat\u00e1sk\u00f6rrel rendelkez\u0151 \u00e1lland\u00f3 bizotts\u00e1gok munk\u00e1j\u00e1r\u00f3l &#8211;\u00a0K\u00fcls\u0151 Kutat\u00e1si Munk\u00e1kat V\u00e9lem\u00e9nyez\u0151 Bizotts\u00e1g<\/a><\/span><\/p>\n<p style=\"text-align: justify\"><span style=\"font-size: 14pt\"><a href=\"https:\/\/semmelweis.hu\/jogigfoig\/files\/2021\/02\/GYTBjelent\u00e9s_2020.pdf\">A Semmelweis Egyetem Szen\u00e1tus\u00e1nak 2\/2021. (I.28.) sz\u00e1m\u00fa hat\u00e1rozata Besz\u00e1mol\u00f3 a Szen\u00e1tus \u00e1ltal l\u00e9trehozott, az egyetem eg\u00e9sz\u00e9re kiterjed\u0151 hat\u00e1sk\u00f6rrel rendelkez\u0151 \u00e1lland\u00f3 bizotts\u00e1gok munk\u00e1j\u00e1r\u00f3l &#8211;\u00a0Gy\u00f3gyszerter\u00e1pi\u00e1s, Antibiotikum \u00e9s Infekci\u00f3kontroll Bizotts\u00e1g<\/a><\/span><\/p>\n<p style=\"text-align: justify\"><span style=\"font-size: 14pt\"><a href=\"https:\/\/semmelweis.hu\/jogigfoig\/files\/2021\/02\/Etikai-Bizotts\u00e1g.pdf\">A Semmelweis Egyetem Szen\u00e1tus\u00e1nak 2\/2021. (I.28.) sz\u00e1m\u00fa hat\u00e1rozata Besz\u00e1mol\u00f3 a Szen\u00e1tus \u00e1ltal l\u00e9trehozott, az egyetem eg\u00e9sz\u00e9re kiterjed\u0151 hat\u00e1sk\u00f6rrel rendelkez\u0151 \u00e1lland\u00f3 bizotts\u00e1gok munk\u00e1j\u00e1r\u00f3l &#8211;\u00a0Egyetemi Etikai Bizotts\u00e1g<\/a><\/span><\/p>\n<p style=\"text-align: justify\"><span style=\"font-size: 14pt\"><a href=\"https:\/\/semmelweis.hu\/jogigfoig\/files\/2021\/02\/Habilit\u00e1ci\u00f3s-Bizotts\u00e1g.pdf\">A Semmelweis Egyetem Szen\u00e1tus\u00e1nak 2\/2021. (I.28.) sz\u00e1m\u00fa hat\u00e1rozata Besz\u00e1mol\u00f3 a Szen\u00e1tus \u00e1ltal l\u00e9trehozott, az egyetem eg\u00e9sz\u00e9re kiterjed\u0151 hat\u00e1sk\u00f6rrel rendelkez\u0151 \u00e1lland\u00f3 bizotts\u00e1gok munk\u00e1j\u00e1r\u00f3l &#8211;\u00a0Habilit\u00e1ci\u00f3s Bizotts\u00e1g<\/a><\/span><\/p>\n<p style=\"text-align: justify\"><span style=\"font-size: 14pt\"><a href=\"https:\/\/semmelweis.hu\/jogigfoig\/files\/2021\/02\/2020.-\u00e9ves-EEB-besz\u00e1mol\u00f3.pdf\">A Semmelweis Egyetem Szen\u00e1tus\u00e1nak 2\/2021. (I.28.) sz\u00e1m\u00fa hat\u00e1rozata Besz\u00e1mol\u00f3 a Szen\u00e1tus \u00e1ltal l\u00e9trehozott, az egyetem eg\u00e9sz\u00e9re kiterjed\u0151 hat\u00e1sk\u00f6rrel rendelkez\u0151 \u00e1lland\u00f3 bizotts\u00e1gok munk\u00e1j\u00e1r\u00f3l &#8211;\u00a0Egyetemi Es\u00e9lyegyenl\u0151s\u00e9gi Bizotts\u00e1g<\/a><\/span><\/p>\n<p style=\"text-align: justify\"><span style=\"font-size: 14pt\"><a href=\"https:\/\/semmelweis.hu\/jogigfoig\/files\/2021\/02\/2020.-\u00e9ves-FB-besz\u00e1mol\u00f3.pdf\">A Semmelweis Egyetem Szen\u00e1tus\u00e1nak 2\/2021. (I.28.) sz\u00e1m\u00fa hat\u00e1rozata Besz\u00e1mol\u00f3 a Szen\u00e1tus \u00e1ltal l\u00e9trehozott, az egyetem eg\u00e9sz\u00e9re kiterjed\u0151 hat\u00e1sk\u00f6rrel rendelkez\u0151 \u00e1lland\u00f3 bizotts\u00e1gok munk\u00e1j\u00e1r\u00f3l &#8211;\u00a0Fel\u00fclb\u00edr\u00e1lati Bizotts\u00e1g<\/a><\/span><\/p>\n<p style=\"text-align: justify\"><span style=\"font-size: 14pt\"><a href=\"https:\/\/semmelweis.hu\/jogigfoig\/files\/2021\/02\/SzEB-besz\u00e1mol\u00f3_2020.pdf\">A Semmelweis Egyetem Szen\u00e1tus\u00e1nak 2\/2021. (I.28.) sz\u00e1m\u00fa hat\u00e1rozata Besz\u00e1mol\u00f3 a Szen\u00e1tus \u00e1ltal l\u00e9trehozott, az egyetem eg\u00e9sz\u00e9re kiterjed\u0151 hat\u00e1sk\u00f6rrel rendelkez\u0151 \u00e1lland\u00f3 bizotts\u00e1gok munk\u00e1j\u00e1r\u00f3l &#8211;\u00a0Hallgat\u00f3k Szoci\u00e1lis \u00e9s es\u00e9lyegyenl\u0151s\u00e9gi \u00dcgyeivel Foglalkoz\u00f3 Bizotts\u00e1g<\/a><\/span><\/p>\n<p style=\"text-align: justify\"><span style=\"font-size: 14pt\"><a href=\"https:\/\/semmelweis.hu\/jogigfoig\/files\/2021\/02\/3_2021_\u201eJ\u00f3-tanul\u00f3-\u2013-j\u00f3-sportol\u00f3\u201d-kit\u00fcntet\u0151-c\u00edmek-oda\u00edt\u00e9l\u00e9s\u00e9r\u0151l.pdf\">A Semmelweis Egyetem\u00a0Szen\u00e1tus\u00e1nak\u00a03\/2021. (I.28.) sz\u00e1m\u00fa hat\u00e1rozata\u00a0a\u00a0 \u201eJ\u00f3 tanul\u00f3 \u2013 j\u00f3 sportol\u00f3\u201d kit\u00fcntet\u0151 c\u00edmek oda\u00edt\u00e9l\u00e9s\u00e9r\u0151l\u00a0c\u00edm\u0171 el\u0151terjeszt\u00e9s elfogad\u00e1s\u00e1r\u00f3l<\/a><\/span><\/p>\n<p style=\"text-align: justify\"><span style=\"font-size: 14pt\"><a href=\"https:\/\/semmelweis.hu\/jogigfoig\/files\/2021\/02\/3_2021_Kancell\u00e1ri-egyet\u00e9rt\u00e9s.pdf\">A Semmelweis Egyetem Szen\u00e1tus\u00e1nak 3\/2021. (I.28.) sz\u00e1m\u00fa hat\u00e1rozata a\u00a0 \u201eJ\u00f3 tanul\u00f3 \u2013 j\u00f3 sportol\u00f3\u201d kit\u00fcntet\u0151 c\u00edmek oda\u00edt\u00e9l\u00e9s\u00e9r\u0151l c\u00edm\u0171 el\u0151terjeszt\u00e9s elfogad\u00e1s\u00e1r\u00f3l \u2013 kancell\u00e1ri egyet\u00e9rt\u00e9si jog gyakorl\u00e1sa<\/a><\/span><\/p>\n<p style=\"text-align: justify\"><span style=\"font-size: 14pt\"><a href=\"https:\/\/semmelweis.hu\/jogigfoig\/files\/2021\/02\/4_2021_a-Min\u0151s\u00e9gfejleszt\u00e9si-Tan\u00e1cs-\u00fcgyrendj\u00e9nek-elfogad\u00e1s\u00e1r\u00f3l.pdf\">A Semmelweis Egyetem\u00a0Szen\u00e1tus\u00e1nak\u00a04\/2021. (I.28.) sz\u00e1m\u00fa hat\u00e1rozata\u00a0a Min\u0151s\u00e9gfejleszt\u00e9si Tan\u00e1cs \u00fcgyrendj\u00e9r\u0151l<\/a><\/span><\/p>\n<p style=\"text-align: justify\"><span style=\"font-size: 14pt\"><a href=\"https:\/\/semmelweis.hu\/jogigfoig\/files\/2021\/02\/4_2021_mell\u00e9klet_MT-\u00fcgyrend.pdf\">A Semmelweis Egyetem Szen\u00e1tus\u00e1nak 4\/2021. (I.28.) sz\u00e1m\u00fa hat\u00e1rozata a Min\u0151s\u00e9gfejleszt\u00e9si Tan\u00e1cs \u00fcgyrendj\u00e9r\u0151l \u00a0\u2013 1. sz\u00e1m\u00fa mell\u00e9klet<\/a><\/span><\/p>\n<p style=\"text-align: justify\"><span style=\"font-size: 14pt\"><a href=\"https:\/\/semmelweis.hu\/jogigfoig\/files\/2021\/02\/5_2021_a-hum\u00e1ner\u0151forr\u00e1s-megtart\u00e1si-\u00e9s-fejleszt\u00e9si-koncepci\u00f3-v\u00e9grehajt\u00e1s\u00e1nak-folytat\u00e1s\u00e1r\u00f3l.pdf\">A Semmelweis Egyetem\u00a0Szen\u00e1tus\u00e1nak\u00a05\/2021. (I.28.) sz\u00e1m\u00fa hat\u00e1rozata\u00a0a hum\u00e1ner\u0151forr\u00e1s-megtart\u00e1si \u00e9s -fejleszt\u00e9si koncepci\u00f3 v\u00e9grehajt\u00e1s\u00e1nak folytat\u00e1s\u00e1r\u00f3l<\/a><\/span><\/p>\n<p style=\"text-align: justify\"><span style=\"font-size: 14pt\"><a href=\"https:\/\/semmelweis.hu\/jogigfoig\/files\/2021\/02\/5_2021_Kancell\u00e1ri-egyet\u00e9rt\u00e9s.pdf\">A Semmelweis Egyetem Szen\u00e1tus\u00e1nak 5\/2021. (I.28.) sz\u00e1m\u00fa hat\u00e1rozata a hum\u00e1ner\u0151forr\u00e1s-megtart\u00e1si \u00e9s -fejleszt\u00e9si koncepci\u00f3 v\u00e9grehajt\u00e1s\u00e1nak folytat\u00e1s\u00e1r\u00f3l \u2013 kancell\u00e1ri egyet\u00e9rt\u00e9si jog gyakorl\u00e1sa<\/a><\/span><\/p>\n<p style=\"text-align: justify\"><span style=\"font-size: 14pt\"><a href=\"https:\/\/semmelweis.hu\/jogigfoig\/files\/2021\/02\/6_2021_az-aktu\u00e1lis-vezet\u0151i-p\u00e1ly\u00e1zatok-v\u00e9lem\u00e9nyez\u00e9s\u00e9r\u0151l.pdf\">A Semmelweis Egyetem\u00a0Szen\u00e1tus\u00e1nak\u00a06\/2021. (I.28.) sz\u00e1m\u00fa hat\u00e1rozata\u00a0az aktu\u00e1lis vezet\u0151i p\u00e1ly\u00e1zatok v\u00e9lem\u00e9nyez\u00e9s\u00e9r\u0151l<\/a><\/span><\/p>\n<p style=\"text-align: justify\"><span style=\"font-size: 14pt\"><a href=\"https:\/\/semmelweis.hu\/jogigfoig\/files\/2021\/02\/6_2021_Kancell\u00e1ri-egyet\u00e9rt\u00e9s.pdf\">A Semmelweis Egyetem Szen\u00e1tus\u00e1nak 6\/2021. (I.28.) sz\u00e1m\u00fa hat\u00e1rozata az aktu\u00e1lis vezet\u0151i p\u00e1ly\u00e1zatok v\u00e9lem\u00e9nyez\u00e9s\u00e9r\u0151l \u2013 kancell\u00e1ri egyet\u00e9rt\u00e9si jog gyakorl\u00e1sa<\/a><\/span><\/p>\n<p style=\"text-align: justify\">\u00a0<\/p>\n","protected":false},"excerpt":{"rendered":"<p><a href=\"https:\/\/semmelweis.hu\/jogigfoig\/files\/2021\/02\/N_1_2021_01.28_hat\u00e1rozat.pdf\">A Semmelweis Egyetem\u00a0Szen\u00e1tus\u00e1nak\u00a0N-1.2021. (I.28.) sz\u00e1m\u00fa hat\u00e1rozata\u00a0a szen\u00e1tusi \u00fcl\u00e9s napirendi pontjainak elfogad\u00e1s\u00e1r\u00f3l<\/a><br \/>\n<a href=\"https:\/\/semmelweis.hu\/jogigfoig\/files\/2021\/02\/1_2021_a-Semmelweis-Egyetem-modellv\u00e1lt\u00e1s\u00e1r\u00f3l.pdf\">A Semmelweis Egyetem\u00a0Szen\u00e1tus\u00e1nak\u00a01\/2021. (I.28.) sz\u00e1m\u00fa hat\u00e1rozata\u00a0a Semmelweis Egyetem modellv\u00e1lt\u00e1s\u00e1r\u00f3l<\/a><br \/>\n<a href=\"https:\/\/semmelweis.hu\/jogigfoig\/files\/2021\/02\/1_2021_Kancell\u00e1ri-egyet\u00e9rt\u00e9s.pdf\">A Semmelweis Egyetem\u00a0Szen\u00e1tus\u00e1nak\u00a01\/2021. (I.28.) sz\u00e1m\u00fa hat\u00e1rozata\u00a0a Semmelweis Egyetem modellv\u00e1lt\u00e1s\u00e1r\u00f3l\u00a0\u2013 kancell\u00e1ri egyet\u00e9rt\u00e9si jog gyakorl\u00e1sa<\/a><br \/>\n<a href=\"https:\/\/semmelweis.hu\/jogigfoig\/files\/2021\/02\/2_0221_Besz\u00e1mol\u00f3-a-Szen\u00e1tus-\u00e1ltal-l\u00e9trehozott-az-Egyetem-eg\u00e9sz\u00e9re-kiterjed\u0151-hat\u00e1sk\u00f6rrel-rendelkez\u0151-\u00e1lland\u00f3-bizotts\u00e1gok-munk\u00e1j\u00e1r\u00f3l.pdf\">A Semmelweis Egyetem\u00a0Szen\u00e1tus\u00e1nak\u00a02\/2021. (I.28.) sz\u00e1m\u00fa hat\u00e1rozata\u00a0Besz\u00e1mol\u00f3 a Szen\u00e1tus \u00e1ltal l\u00e9trehozott, az egyetem eg\u00e9sz\u00e9re kiterjed\u0151 hat\u00e1sk\u00f6rrel rendelkez\u0151 \u00e1lland\u00f3 bizotts\u00e1gok munk\u00e1j\u00e1r\u00f3l<\/a><br \/>\n<a href=\"https:\/\/semmelweis.hu\/jogigfoig\/files\/2021\/02\/ETT_2020_eves_beszamolo_20210120_alairt.pdf\">A Semmelweis Egyetem Szen\u00e1tus\u00e1nak 2\/2021. (I.28.) sz\u00e1m\u00fa hat\u00e1rozata Besz\u00e1mol\u00f3 a Szen\u00e1tus \u00e1ltal l\u00e9trehozott, az egyetem eg\u00e9sz\u00e9re kiterjed\u0151 hat\u00e1sk\u00f6rrel rendelkez\u0151 \u00e1lland\u00f3 bizotts\u00e1gok munk\u00e1j\u00e1r\u00f3l &#8211; Tudom\u00e1nyos Tan\u00e1cs<\/a><br \/>\n<a href=\"https:\/\/semmelweis.hu\/jogigfoig\/files\/2021\/02\/M\u00c1B.pdf\">A Semmelweis Egyetem Szen\u00e1tus\u00e1nak 2\/2021. (I.28.) sz\u00e1m\u00fa hat\u00e1rozata Besz\u00e1mol\u00f3 a Szen\u00e1tus \u00e1ltal l\u00e9trehozott, az egyetem eg\u00e9sz\u00e9re kiterjed\u0151 hat\u00e1sk\u00f6rrel rendelkez\u0151 \u00e1lland\u00f3 bizotts\u00e1gok munk\u00e1j\u00e1r\u00f3l &#8211;\u00a0Semmelweis Egyetem Munkahelyi \u00e9s \u00c1llatj\u00f3l\u00e9ti Bizotts\u00e1g<\/a><br \/>\n<a href=\"https:\/\/semmelweis.hu\/jogigfoig\/files\/2021\/02\/MMB.pdf\">A Semmelweis Egyetem Szen\u00e1tus\u00e1nak 2\/2021. (I.28.) sz\u00e1m\u00fa hat\u00e1rozata Besz\u00e1mol\u00f3 a Szen\u00e1tus \u00e1ltal l\u00e9trehozott, az egyetem eg\u00e9sz\u00e9re kiterjed\u0151 hat\u00e1sk\u00f6rrel rendelkez\u0151 \u00e1lland\u00f3 bizotts\u00e1gok munk\u00e1j\u00e1r\u00f3l &#8211; Min\u0151s\u00e9gfejleszt\u00e9si \u00e9s Min\u0151s\u00e9g\u00e9rt\u00e9kel\u0151 Bizotts\u00e1g<\/a><br \/>\n<a href=\"https:\/\/semmelweis.hu\/jogigfoig\/files\/2021\/02\/KK-Bizotts\u00e1g.pdf\">A Semmelweis Egyetem Szen\u00e1tus\u00e1nak 2\/2021. (I.28.) sz\u00e1m\u00fa hat\u00e1rozata Besz\u00e1mol\u00f3 a Szen\u00e1tus \u00e1ltal l\u00e9trehozott, az egyetem eg\u00e9sz\u00e9re kiterjed\u0151 hat\u00e1sk\u00f6rrel rendelkez\u0151 \u00e1lland\u00f3 bizotts\u00e1gok munk\u00e1j\u00e1r\u00f3l &#8211;\u00a0K\u00fcls\u0151 Kutat\u00e1si Munk\u00e1kat V\u00e9lem\u00e9nyez\u0151 Bizotts\u00e1g<\/a><br \/>\n<a href=\"https:\/\/semmelweis.hu\/jogigfoig\/files\/2021\/02\/GYTBjelent\u00e9s_2020.pdf\">A Semmelweis Egyetem Szen\u00e1tus\u00e1nak 2\/2021. (I.28.) sz\u00e1m\u00fa hat\u00e1rozata Besz\u00e1mol\u00f3 a Szen\u00e1tus \u00e1ltal l\u00e9trehozott, az egyetem eg\u00e9sz\u00e9re kiterjed\u0151 hat\u00e1sk\u00f6rrel rendelkez\u0151 \u00e1lland\u00f3 bizotts\u00e1gok munk\u00e1j\u00e1r\u00f3l &#8211;\u00a0Gy\u00f3gyszerter\u00e1pi\u00e1s, Antibiotikum \u00e9s Infekci\u00f3kontroll Bizotts\u00e1g<\/a><br \/>\n<a href=\"https:\/\/semmelweis.hu\/jogigfoig\/files\/2021\/02\/Etikai-Bizotts\u00e1g.pdf\">A Semmelweis Egyetem Szen\u00e1tus\u00e1nak 2\/2021. (I.28.) sz\u00e1m\u00fa hat\u00e1rozata Besz\u00e1mol\u00f3 a Szen\u00e1tus \u00e1ltal l\u00e9trehozott, az egyetem eg\u00e9sz\u00e9re kiterjed\u0151 hat\u00e1sk\u00f6rrel rendelkez\u0151 \u00e1lland\u00f3 bizotts\u00e1gok munk\u00e1j\u00e1r\u00f3l &#8211;\u00a0Egyetemi Etikai Bizotts\u00e1g<\/a><br \/>\n<a href=\"https:\/\/semmelweis.hu\/jogigfoig\/files\/2021\/02\/Habilit\u00e1ci\u00f3s-Bizotts\u00e1g.pdf\">A Semmelweis Egyetem Szen\u00e1tus\u00e1nak 2\/2021. (I.28.) sz\u00e1m\u00fa hat\u00e1rozata Besz\u00e1mol\u00f3 a Szen\u00e1tus \u00e1ltal l\u00e9trehozott, az egyetem eg\u00e9sz\u00e9re kiterjed\u0151 hat\u00e1sk\u00f6rrel rendelkez\u0151 \u00e1lland\u00f3 bizotts\u00e1gok munk\u00e1j\u00e1r\u00f3l &#8211;\u00a0Habilit\u00e1ci\u00f3s Bizotts\u00e1g<\/a><br \/>\n<a href=\"https:\/\/semmelweis.hu\/jogigfoig\/files\/2021\/02\/2020.-\u00e9ves-EEB-besz\u00e1mol\u00f3.pdf\">A Semmelweis Egyetem Szen\u00e1tus\u00e1nak 2\/2021. (I.28.) sz\u00e1m\u00fa hat\u00e1rozata Besz\u00e1mol\u00f3 a Szen\u00e1tus \u00e1ltal l\u00e9trehozott, az egyetem eg\u00e9sz\u00e9re kiterjed\u0151 hat\u00e1sk\u00f6rrel rendelkez\u0151 \u00e1lland\u00f3 bizotts\u00e1gok munk\u00e1j\u00e1r\u00f3l &#8211;\u00a0Egyetemi Es\u00e9lyegyenl\u0151s\u00e9gi Bizotts\u00e1g<\/a><br \/>\n<a href=\"https:\/\/semmelweis.hu\/jogigfoig\/files\/2021\/02\/2020.-\u00e9ves-FB-besz\u00e1mol\u00f3.pdf\">A Semmelweis Egyetem Szen\u00e1tus\u00e1nak 2\/2021. (I.28.) sz\u00e1m\u00fa hat\u00e1rozata Besz\u00e1mol\u00f3 a Szen\u00e1tus \u00e1ltal l\u00e9trehozott, az egyetem eg\u00e9sz\u00e9re kiterjed\u0151 hat\u00e1sk\u00f6rrel rendelkez\u0151 \u00e1lland\u00f3 bizotts\u00e1gok munk\u00e1j\u00e1r\u00f3l &#8211;\u00a0Fel\u00fclb\u00edr\u00e1lati Bizotts\u00e1g<\/a><br \/>\n<a href=\"https:\/\/semmelweis.hu\/jogigfoig\/files\/2021\/02\/SzEB-besz\u00e1mol\u00f3_2020.pdf\">A Semmelweis Egyetem Szen\u00e1tus\u00e1nak 2\/2021. (I.28.) sz\u00e1m\u00fa hat\u00e1rozata Besz\u00e1mol\u00f3 a Szen\u00e1tus \u00e1ltal l\u00e9trehozott, az egyetem eg\u00e9sz\u00e9re kiterjed\u0151 hat\u00e1sk\u00f6rrel rendelkez\u0151 \u00e1lland\u00f3 bizotts\u00e1gok munk\u00e1j\u00e1r\u00f3l &#8211;\u00a0Hallgat\u00f3k Szoci\u00e1lis \u00e9s es\u00e9lyegyenl\u0151s\u00e9gi \u00dcgyeivel Foglalkoz\u00f3 Bizotts\u00e1g<\/a><br \/>\n<a href=\"https:\/\/semmelweis.hu\/jogigfoig\/files\/2021\/02\/3_2021_\u201eJ\u00f3-tanul\u00f3-\u2013-j\u00f3-sportol\u00f3\u201d-kit\u00fcntet\u0151-c\u00edmek-oda\u00edt\u00e9l\u00e9s\u00e9r\u0151l.pdf\">A Semmelweis Egyetem\u00a0Szen\u00e1tus\u00e1nak\u00a03\/2021. (I.28.) sz\u00e1m\u00fa hat\u00e1rozata\u00a0a\u00a0 \u201eJ\u00f3 tanul\u00f3 \u2013 j\u00f3 sportol\u00f3\u201d kit\u00fcntet\u0151 c\u00edmek oda\u00edt\u00e9l\u00e9s\u00e9r\u0151l\u00a0c\u00edm\u0171 el\u0151terjeszt\u00e9s elfogad\u00e1s\u00e1r\u00f3l<\/a><br \/>\n<a href=\"https:\/\/semmelweis.hu\/jogigfoig\/files\/2021\/02\/3_2021_Kancell\u00e1ri-egyet\u00e9rt\u00e9s.pdf\">A Semmelweis Egyetem Szen\u00e1tus\u00e1nak 3\/2021. (I.28.) sz\u00e1m\u00fa hat\u00e1rozata a\u00a0 \u201eJ\u00f3 tanul\u00f3 \u2013 j\u00f3 sportol\u00f3\u201d kit\u00fcntet\u0151 c\u00edmek oda\u00edt\u00e9l\u00e9s\u00e9r\u0151l c\u00edm\u0171 el\u0151terjeszt\u00e9s elfogad\u00e1s\u00e1r\u00f3l \u2013 kancell\u00e1ri egyet\u00e9rt\u00e9si jog gyakorl\u00e1sa<\/a><br \/>\n<a href=\"https:\/\/semmelweis.hu\/jogigfoig\/files\/2021\/02\/4_2021_a-Min\u0151s\u00e9gfejleszt\u00e9si-Tan\u00e1cs-\u00fcgyrendj\u00e9nek-elfogad\u00e1s\u00e1r\u00f3l.pdf\">A Semmelweis Egyetem\u00a0Szen\u00e1tus\u00e1nak\u00a04\/2021. (I.28.) sz\u00e1m\u00fa hat\u00e1rozata\u00a0a Min\u0151s\u00e9gfejleszt\u00e9si Tan\u00e1cs \u00fcgyrendj\u00e9r\u0151l<\/a><br \/>\n<a href=\"https:\/\/semmelweis.hu\/jogigfoig\/files\/2021\/02\/4_2021_mell\u00e9klet_MT-\u00fcgyrend.pdf\">A Semmelweis Egyetem Szen\u00e1tus\u00e1nak 4\/2021. (I.28.) sz\u00e1m\u00fa hat\u00e1rozata a Min\u0151s\u00e9gfejleszt\u00e9si Tan\u00e1cs \u00fcgyrendj\u00e9r\u0151l \u00a0\u2013 1. sz\u00e1m\u00fa mell\u00e9klet<\/a><br \/>\n<a href=\"https:\/\/semmelweis.hu\/jogigfoig\/files\/2021\/02\/5_2021_a-hum\u00e1ner\u0151forr\u00e1s-megtart\u00e1si-\u00e9s-fejleszt\u00e9si-koncepci\u00f3-v\u00e9grehajt\u00e1s\u00e1nak-folytat\u00e1s\u00e1r\u00f3l.pdf\">A Semmelweis Egyetem\u00a0Szen\u00e1tus\u00e1nak\u00a05\/2021. (I.28.) sz\u00e1m\u00fa hat\u00e1rozata\u00a0a hum\u00e1ner\u0151forr\u00e1s-megtart\u00e1si \u00e9s -fejleszt\u00e9si koncepci\u00f3 v\u00e9grehajt\u00e1s\u00e1nak folytat\u00e1s\u00e1r\u00f3l<\/a><br \/>\n<a href=\"https:\/\/semmelweis.hu\/jogigfoig\/files\/2021\/02\/5_2021_Kancell\u00e1ri-egyet\u00e9rt\u00e9s.pdf\">A Semmelweis Egyetem Szen\u00e1tus\u00e1nak 5\/2021. (I.28.) sz\u00e1m\u00fa hat\u00e1rozata a hum\u00e1ner\u0151forr\u00e1s-megtart\u00e1si \u00e9s -fejleszt\u00e9si koncepci\u00f3 v\u00e9grehajt\u00e1s\u00e1nak folytat\u00e1s\u00e1r\u00f3l \u2013 kancell\u00e1ri egyet\u00e9rt\u00e9si jog gyakorl\u00e1sa<\/a><br \/>\n<a href=\"https:\/\/semmelweis.hu\/jogigfoig\/files\/2021\/02\/6_2021_az-aktu\u00e1lis-vezet\u0151i-p\u00e1ly\u00e1zatok-v\u00e9lem\u00e9nyez\u00e9s\u00e9r\u0151l.pdf\">A Semmelweis Egyetem\u00a0Szen\u00e1tus\u00e1nak\u00a06\/2021. (I.28.) sz\u00e1m\u00fa hat\u00e1rozata\u00a0az aktu\u00e1lis vezet\u0151i p\u00e1ly\u00e1zatok v\u00e9lem\u00e9nyez\u00e9s\u00e9r\u0151l<\/a><br \/>\n<a href=\"https:\/\/semmelweis.hu\/jogigfoig\/files\/2021\/02\/6_2021_Kancell\u00e1ri-egyet\u00e9rt\u00e9s.pdf\">A Semmelweis Egyetem Szen\u00e1tus\u00e1nak 6\/2021. (I.28.) sz\u00e1m\u00fa hat\u00e1rozata az aktu\u00e1lis vezet\u0151i p\u00e1ly\u00e1zatok v\u00e9lem\u00e9nyez\u00e9s\u00e9r\u0151l \u2013 kancell\u00e1ri egyet\u00e9rt\u00e9si jog gyakorl\u00e1sa<\/a><br \/>\n\u00a0<\/p>\n","protected":false},"author":101467,"featured_media":0,"parent":79349,"menu_order":0,"comment_status":"closed","ping_status":"closed","template":"","meta":{"_acf_changed":false,"footnotes":""},"categories":[],"tags":[],"class_list":["post-79351","page","type-page","status-publish","hentry"],"acf":[],"_links":{"self":[{"href":"https:\/\/semmelweis.hu\/jogigfoig\/wp-json\/wp\/v2\/pages\/79351","targetHints":{"allow":["GET"]}}],"collection":[{"href":"https:\/\/semmelweis.hu\/jogigfoig\/wp-json\/wp\/v2\/pages"}],"about":[{"href":"https:\/\/semmelweis.hu\/jogigfoig\/wp-json\/wp\/v2\/types\/page"}],"author":[{"embeddable":true,"href":"https:\/\/semmelweis.hu\/jogigfoig\/wp-json\/wp\/v2\/users\/101467"}],"replies":[{"embeddable":true,"href":"https:\/\/semmelweis.hu\/jogigfoig\/wp-json\/wp\/v2\/comments?post=79351"}],"version-history":[{"count":5,"href":"https:\/\/semmelweis.hu\/jogigfoig\/wp-json\/wp\/v2\/pages\/79351\/revisions"}],"predecessor-version":[{"id":79756,"href":"https:\/\/semmelweis.hu\/jogigfoig\/wp-json\/wp\/v2\/pages\/79351\/revisions\/79756"}],"up":[{"embeddable":true,"href":"https:\/\/semmelweis.hu\/jogigfoig\/wp-json\/wp\/v2\/pages\/79349"}],"wp:attachment":[{"href":"https:\/\/semmelweis.hu\/jogigfoig\/wp-json\/wp\/v2\/media?parent=79351"}],"wp:term":[{"taxonomy":"category","embeddable":true,"href":"https:\/\/semmelweis.hu\/jogigfoig\/wp-json\/wp\/v2\/categories?post=79351"},{"taxonomy":"post_tag","embeddable":true,"href":"https:\/\/semmelweis.hu\/jogigfoig\/wp-json\/wp\/v2\/tags?post=79351"}],"curies":[{"name":"wp","href":"https:\/\/api.w.org\/{rel}","templated":true}]}}