{"id":79324,"date":"2021-02-02T09:45:33","date_gmt":"2021-02-02T08:45:33","guid":{"rendered":"https:\/\/semmelweis.hu\/jogigfoig\/?page_id=79324"},"modified":"2024-07-01T08:47:14","modified_gmt":"2024-07-01T06:47:14","slug":"kornyezetvedelmi-szabalyzat-archivum","status":"publish","type":"page","link":"https:\/\/semmelweis.hu\/jogigfoig\/dokumentumtar\/szabalyzattar-archivum\/kornyezetvedelmi-szabalyzat-archivum\/","title":{"rendered":"K\u00f6rnyezetv\u00e9delmi szab\u00e1lyzat (Arch\u00edvum)"},"content":{"rendered":"<p><strong>Szab\u00e1lyzat arch\u00edv v\u00e1ltozatai:<\/strong><\/p>\n<ul>\n<li><a href=\"https:\/\/semmelweis.hu\/jogigfoig\/files\/2021\/02\/kornyezetvedelmi_egyseges_mod_2_20170214_20200114.pdf\">2020. janu\u00e1r 14-ig<\/a><\/li>\n<li><a href=\"https:\/\/semmelweis.hu\/jogigfoig\/files\/2021\/02\/Kornyezetvedelmi_szabalyzat_hataly_20200115_20200805.pdf\">2020. augusztus 5-ig<\/a><\/li>\n<li><a href=\"https:\/\/semmelweis.hu\/jogigfoig\/files\/2020\/08\/Kornyezetvedelmi_szabalyzat_hatalyos_2020_08_06.pdf\">2021. j\u00falius 27-ig<\/a><\/li>\n<li><a href=\"https:\/\/semmelweis.hu\/jogigfoig\/files\/2021\/07\/Kornyezetvedelmi_szabalyzat_hatalyos_2021_07_28-tol.pdf\">2022. szeptember 9-ig<\/a><\/li>\n<\/ul>\n","protected":false},"excerpt":{"rendered":"<p>Szab\u00e1lyzat arch\u00edv v\u00e1ltozatai:<\/p>\n<p><a href=\"https:\/\/semmelweis.hu\/jogigfoig\/files\/2021\/02\/kornyezetvedelmi_egyseges_mod_2_20170214_20200114.pdf\">2020. janu\u00e1r 14-ig<\/a><br \/>\n<a href=\"https:\/\/semmelweis.hu\/jogigfoig\/files\/2021\/02\/Kornyezetvedelmi_szabalyzat_hataly_20200115_20200805.pdf\">2020. augusztus 5-ig<\/a><br \/>\n<a href=\"https:\/\/semmelweis.hu\/jogigfoig\/files\/2020\/08\/Kornyezetvedelmi_szabalyzat_hatalyos_2020_08_06.pdf\">2021. j\u00falius 27-ig<\/a><br \/>\n<a href=\"https:\/\/semmelweis.hu\/jogigfoig\/files\/2021\/07\/Kornyezetvedelmi_szabalyzat_hatalyos_2021_07_28-tol.pdf\">2022. szeptember 9-ig<\/a><\/p>\n","protected":false},"author":101467,"featured_media":0,"parent":362,"menu_order":0,"comment_status":"closed","ping_status":"closed","template":"","meta":{"_acf_changed":false,"footnotes":""},"categories":[],"tags":[],"class_list":["post-79324","page","type-page","status-publish","hentry"],"acf":[],"_links":{"self":[{"href":"https:\/\/semmelweis.hu\/jogigfoig\/wp-json\/wp\/v2\/pages\/79324","targetHints":{"allow":["GET"]}}],"collection":[{"href":"https:\/\/semmelweis.hu\/jogigfoig\/wp-json\/wp\/v2\/pages"}],"about":[{"href":"https:\/\/semmelweis.hu\/jogigfoig\/wp-json\/wp\/v2\/types\/page"}],"author":[{"embeddable":true,"href":"https:\/\/semmelweis.hu\/jogigfoig\/wp-json\/wp\/v2\/users\/101467"}],"replies":[{"embeddable":true,"href":"https:\/\/semmelweis.hu\/jogigfoig\/wp-json\/wp\/v2\/comments?post=79324"}],"version-history":[{"count":4,"href":"https:\/\/semmelweis.hu\/jogigfoig\/wp-json\/wp\/v2\/pages\/79324\/revisions"}],"predecessor-version":[{"id":90807,"href":"https:\/\/semmelweis.hu\/jogigfoig\/wp-json\/wp\/v2\/pages\/79324\/revisions\/90807"}],"up":[{"embeddable":true,"href":"https:\/\/semmelweis.hu\/jogigfoig\/wp-json\/wp\/v2\/pages\/362"}],"wp:attachment":[{"href":"https:\/\/semmelweis.hu\/jogigfoig\/wp-json\/wp\/v2\/media?parent=79324"}],"wp:term":[{"taxonomy":"category","embeddable":true,"href":"https:\/\/semmelweis.hu\/jogigfoig\/wp-json\/wp\/v2\/categories?post=79324"},{"taxonomy":"post_tag","embeddable":true,"href":"https:\/\/semmelweis.hu\/jogigfoig\/wp-json\/wp\/v2\/tags?post=79324"}],"curies":[{"name":"wp","href":"https:\/\/api.w.org\/{rel}","templated":true}]}}