{"id":79249,"date":"2021-02-01T09:58:02","date_gmt":"2021-02-01T08:58:02","guid":{"rendered":"https:\/\/semmelweis.hu\/jogigfoig\/?page_id=79249"},"modified":"2024-10-29T12:29:44","modified_gmt":"2024-10-29T11:29:44","slug":"a-kozponti-konyvtar-gyujtokori-szabalyzata-archivum","status":"publish","type":"page","link":"https:\/\/semmelweis.hu\/jogigfoig\/dokumentumtar\/szabalyzattar-archivum\/a-kozponti-konyvtar-gyujtokori-szabalyzata-archivum\/","title":{"rendered":"A K\u00f6zponti K\u00f6nyvt\u00e1r Gy\u0171jt\u0151k\u00f6ri szab\u00e1lyzata (Arch\u00edvum)"},"content":{"rendered":"<div class=\"responsive-tabs\">\n<h2 class=\"tabtitle\">Szab\u00e1lyzat arch\u00edv v\u00e1ltozatai<\/h2>\n<div class=\"tabcontent\">\n\n<ul>\n<li><a href=\"https:\/\/semmelweis.hu\/jogigfoig\/files\/2021\/02\/Kozponti_Konyvtar_Gyujtokori_Szabalyzata_hataly_20180529_20200716.pdf\">2020. j\u00falius 16-ig<\/a><\/li>\n<li><a href=\"https:\/\/semmelweis.hu\/jogigfoig\/files\/2020\/07\/Kozponti_Konyvtar_Gyujtokori_Szabalyzat_hatalyos_2020_07_17.pdf\">2022. m\u00e1jus 20-ig<\/a><\/li>\n<li><a href=\"https:\/\/semmelweis.hu\/jogigfoig\/files\/2022\/05\/Kozponti_Konyvtar_gyujtokori_szabalyzata_hataly_2022_V_21.pdf\">2022. m\u00e1jus 21 &#8211; 2024. okt\u00f3ber 31.<\/a><\/li>\n<\/ul>\n\n<\/div><h2 class=\"tabtitle\">Hat\u00e1lyon k\u00edv\u00fcl helyezett <br \/>\nhat\u00e1rozatok<\/h2>\n<div class=\"tabcontent\">\n\n<ul>\n<li><a href=\"https:\/\/semmelweis.hu\/jogigfoig\/files\/2017\/09\/Gyujtokori_Szabalyzat_20150518.pdf\">Gy\u0171jt\u0151k\u00f6ri szab\u00e1lyzat_2015.05.18<\/a><\/li>\n<li>E\/2\/2016. (X.28.)<\/li>\n<\/ul>\n<\/div><\/div>\n","protected":false},"excerpt":{"rendered":"<p><a href=\"https:\/\/semmelweis.hu\/jogigfoig\/files\/2021\/02\/Kozponti_Konyvtar_Gyujtokori_Szabalyzata_hataly_20180529_20200716.pdf\">2020. j\u00falius 16-ig<\/a><br \/>\n<a href=\"https:\/\/semmelweis.hu\/jogigfoig\/files\/2020\/07\/Kozponti_Konyvtar_Gyujtokori_Szabalyzat_hatalyos_2020_07_17.pdf\">2022. m\u00e1jus 20-ig<\/a><br \/>\n<a href=\"https:\/\/semmelweis.hu\/jogigfoig\/files\/2022\/05\/Kozponti_Konyvtar_gyujtokori_szabalyzata_hataly_2022_V_21.pdf\">2022. m\u00e1jus 21 &#8211; 2024. okt\u00f3ber 31.<\/a><\/p>\n<p><a href=\"https:\/\/semmelweis.hu\/jogigfoig\/files\/2017\/09\/Gyujtokori_Szabalyzat_20150518.pdf\">Gy\u0171jt\u0151k\u00f6ri szab\u00e1lyzat_2015.05.18<\/a><br \/>\nE\/2\/2016. (X.28.)<\/p>\n","protected":false},"author":101467,"featured_media":0,"parent":362,"menu_order":0,"comment_status":"closed","ping_status":"closed","template":"","meta":{"_acf_changed":false,"footnotes":""},"categories":[],"tags":[],"class_list":["post-79249","page","type-page","status-publish","hentry"],"acf":[],"_links":{"self":[{"href":"https:\/\/semmelweis.hu\/jogigfoig\/wp-json\/wp\/v2\/pages\/79249","targetHints":{"allow":["GET"]}}],"collection":[{"href":"https:\/\/semmelweis.hu\/jogigfoig\/wp-json\/wp\/v2\/pages"}],"about":[{"href":"https:\/\/semmelweis.hu\/jogigfoig\/wp-json\/wp\/v2\/types\/page"}],"author":[{"embeddable":true,"href":"https:\/\/semmelweis.hu\/jogigfoig\/wp-json\/wp\/v2\/users\/101467"}],"replies":[{"embeddable":true,"href":"https:\/\/semmelweis.hu\/jogigfoig\/wp-json\/wp\/v2\/comments?post=79249"}],"version-history":[{"count":6,"href":"https:\/\/semmelweis.hu\/jogigfoig\/wp-json\/wp\/v2\/pages\/79249\/revisions"}],"predecessor-version":[{"id":94352,"href":"https:\/\/semmelweis.hu\/jogigfoig\/wp-json\/wp\/v2\/pages\/79249\/revisions\/94352"}],"up":[{"embeddable":true,"href":"https:\/\/semmelweis.hu\/jogigfoig\/wp-json\/wp\/v2\/pages\/362"}],"wp:attachment":[{"href":"https:\/\/semmelweis.hu\/jogigfoig\/wp-json\/wp\/v2\/media?parent=79249"}],"wp:term":[{"taxonomy":"category","embeddable":true,"href":"https:\/\/semmelweis.hu\/jogigfoig\/wp-json\/wp\/v2\/categories?post=79249"},{"taxonomy":"post_tag","embeddable":true,"href":"https:\/\/semmelweis.hu\/jogigfoig\/wp-json\/wp\/v2\/tags?post=79249"}],"curies":[{"name":"wp","href":"https:\/\/api.w.org\/{rel}","templated":true}]}}