{"id":78937,"date":"2020-12-18T10:25:08","date_gmt":"2020-12-18T09:25:08","guid":{"rendered":"https:\/\/semmelweis.hu\/jogigfoig\/?page_id=78937"},"modified":"2022-11-21T14:37:13","modified_gmt":"2022-11-21T13:37:13","slug":"2020-december-17","status":"publish","type":"page","link":"https:\/\/semmelweis.hu\/jogigfoig\/testuletek\/szenatus\/2020-evi-szenatusi-hatarozatok\/2020-december-17\/","title":{"rendered":"2020. december 17."},"content":{"rendered":"<p style=\"text-align: justify\"><a href=\"https:\/\/semmelweis.hu\/jogigfoig\/files\/2020\/12\/N_9_2020_12.17_hat\u00e1rozat.pdf\">N-9.2020. (XII.17.) sz\u00e1m\u00fa hat\u00e1rozat a szen\u00e1tusi \u00fcl\u00e9s napirendi pontjainak elfogad\u00e1s\u00e1r\u00f3l<\/a><\/p>\n<p style=\"text-align: justify\"><a href=\"https:\/\/semmelweis.hu\/jogigfoig\/files\/2020\/12\/210_2020_Az-SzmSz-m\u00f3dos\u00edt\u00e1sa_KK-ir\u00e1ny\u00edt\u00e1sa-vesz\u00e9lyhelyzet-idej\u00e9n.pdf\">A Semmelweis Egyetem Szen\u00e1tus\u00e1nak 210\/2020. (XII. 17.) sz\u00e1m\u00fa hat\u00e1rozat a Szervezeti \u00e9s M\u0171k\u00f6d\u00e9si Szab\u00e1lyzat m\u00f3dos\u00edt\u00e1sa a Klinikai K\u00f6zpont feladatainak ir\u00e1ny\u00edt\u00e1s\u00e1val kapcsolatos, a vesz\u00e9lyhelyzet sor\u00e1n ir\u00e1nyad\u00f3 rendelkez\u00e9sekr\u0151l \u00e9s az eg\u00e9szs\u00e9g\u00fcgyi szolg\u00e1lati jogviszonyra t\u00f6rt\u00e9n\u0151 \u00e1tt\u00e9r\u00e9s el\u0151k\u00e9sz\u00edt\u00e9s\u00e9vel \u00f6sszef\u00fcgg\u00e9sben, tov\u00e1bb\u00e1 a kapcsol\u00f3d\u00f3 int\u00e9zked\u00e9sek rendszer\u00e9nek kialak\u00edt\u00e1sa a vesz\u00e9lyhelyzet ideje alatt az eg\u00e9szs\u00e9g\u00fcgyi szolg\u00e1ltat\u00e1s szervez\u00e9se \u00e9s az eg\u00e9szs\u00e9g\u00fcgyi szolg\u00e1lati jogviszonyra t\u00f6rt\u00e9n\u0151 \u00e1tt\u00e9r\u00e9s tekintet\u00e9ben<\/a><\/p>\n<p style=\"text-align: justify\"><a href=\"https:\/\/semmelweis.hu\/jogigfoig\/files\/2020\/12\/210_2020_Kancell\u00e1ri-egyet\u00e9rt\u00e9s.pdf\">A Semmelweis Egyetem Szen\u00e1tus\u00e1nak 210\/2020. (XII. 17.) sz\u00e1m\u00fa hat\u00e1rozat a Szervezeti \u00e9s M\u0171k\u00f6d\u00e9si Szab\u00e1lyzat m\u00f3dos\u00edt\u00e1sa a Klinikai K\u00f6zpont feladatainak ir\u00e1ny\u00edt\u00e1s\u00e1val kapcsolatos, a vesz\u00e9lyhelyzet sor\u00e1n ir\u00e1nyad\u00f3 rendelkez\u00e9sekr\u0151l \u00e9s az eg\u00e9szs\u00e9g\u00fcgyi szolg\u00e1lati jogviszonyra t\u00f6rt\u00e9n\u0151 \u00e1tt\u00e9r\u00e9s el\u0151k\u00e9sz\u00edt\u00e9s\u00e9vel \u00f6sszef\u00fcgg\u00e9sben, tov\u00e1bb\u00e1 a kapcsol\u00f3d\u00f3 int\u00e9zked\u00e9sek rendszer\u00e9nek kialak\u00edt\u00e1sa a vesz\u00e9lyhelyzet ideje alatt az eg\u00e9szs\u00e9g\u00fcgyi szolg\u00e1ltat\u00e1s szervez\u00e9se \u00e9s az eg\u00e9szs\u00e9g\u00fcgyi szolg\u00e1lati jogviszonyra t\u00f6rt\u00e9n\u0151 \u00e1tt\u00e9r\u00e9s tekintet\u00e9ben &#8211; kancell\u00e1ri egyet\u00e9rt\u00e9si jog gyakorl\u00e1sa<\/a><\/p>\n<p style=\"text-align: justify\"><a href=\"https:\/\/semmelweis.hu\/jogigfoig\/files\/2020\/12\/210_2020_mell\u00e9klet-1_Az-SzmSz-m\u00f3dos\u00edt\u00e1sa_KK-ir\u00e1ny\u00edt\u00e1sa-vesz\u00e9lyhelyzet-idej\u00e9n.pdf\">A Semmelweis Egyetem Szen\u00e1tus\u00e1nak 210\/2020. (XII. 17.) sz\u00e1m\u00fa hat\u00e1rozat a Szervezeti \u00e9s M\u0171k\u00f6d\u00e9si Szab\u00e1lyzat m\u00f3dos\u00edt\u00e1sa a Klinikai K\u00f6zpont feladatainak ir\u00e1ny\u00edt\u00e1s\u00e1val kapcsolatos, a vesz\u00e9lyhelyzet sor\u00e1n ir\u00e1nyad\u00f3 rendelkez\u00e9sekr\u0151l \u00e9s az eg\u00e9szs\u00e9g\u00fcgyi szolg\u00e1lati jogviszonyra t\u00f6rt\u00e9n\u0151 \u00e1tt\u00e9r\u00e9s el\u0151k\u00e9sz\u00edt\u00e9s\u00e9vel \u00f6sszef\u00fcgg\u00e9sben, tov\u00e1bb\u00e1 a kapcsol\u00f3d\u00f3 int\u00e9zked\u00e9sek rendszer\u00e9nek kialak\u00edt\u00e1sa a vesz\u00e9lyhelyzet ideje alatt az eg\u00e9szs\u00e9g\u00fcgyi szolg\u00e1ltat\u00e1s szervez\u00e9se \u00e9s az eg\u00e9szs\u00e9g\u00fcgyi szolg\u00e1lati jogviszonyra t\u00f6rt\u00e9n\u0151 \u00e1tt\u00e9r\u00e9s tekintet\u00e9ben &#8211; 1. sz mell\u00e9klet<\/a><\/p>\n<p style=\"text-align: justify\"><a href=\"https:\/\/semmelweis.hu\/jogigfoig\/files\/2020\/12\/210_2020_mell\u00e9klet-2_Az-SzmSz-m\u00f3dos\u00edt\u00e1sa_KK-ir\u00e1ny\u00edt\u00e1sa-vesz\u00e9lyhelyzet-idej\u00e9n.pdf\">A Semmelweis Egyetem Szen\u00e1tus\u00e1nak 210\/2020. (XII. 17.) sz\u00e1m\u00fa hat\u00e1rozat a Szervezeti \u00e9s M\u0171k\u00f6d\u00e9si Szab\u00e1lyzat m\u00f3dos\u00edt\u00e1sa a Klinikai K\u00f6zpont feladatainak ir\u00e1ny\u00edt\u00e1s\u00e1val kapcsolatos, a vesz\u00e9lyhelyzet sor\u00e1n ir\u00e1nyad\u00f3 rendelkez\u00e9sekr\u0151l \u00e9s az eg\u00e9szs\u00e9g\u00fcgyi szolg\u00e1lati jogviszonyra t\u00f6rt\u00e9n\u0151 \u00e1tt\u00e9r\u00e9s el\u0151k\u00e9sz\u00edt\u00e9s\u00e9vel \u00f6sszef\u00fcgg\u00e9sben, tov\u00e1bb\u00e1 a kapcsol\u00f3d\u00f3 int\u00e9zked\u00e9sek rendszer\u00e9nek kialak\u00edt\u00e1sa a vesz\u00e9lyhelyzet ideje alatt az eg\u00e9szs\u00e9g\u00fcgyi szolg\u00e1ltat\u00e1s szervez\u00e9se \u00e9s az eg\u00e9szs\u00e9g\u00fcgyi szolg\u00e1lati jogviszonyra t\u00f6rt\u00e9n\u0151 \u00e1tt\u00e9r\u00e9s tekintet\u00e9ben &#8211; 2. sz mell\u00e9klet<\/a><\/p>\n<p style=\"text-align: justify\"><a href=\"https:\/\/semmelweis.hu\/jogigfoig\/files\/2020\/12\/211_2020_a-Szervezeti-\u00e9s-M\u0171k\u00f6d\u00e9si-Szab\u00e1lyzat-egyes-rendelkez\u00e9seinek-m\u00f3dos\u00edt\u00e1s\u00e1r\u00f3l.pdf\">A Semmelweis Egyetem Szen\u00e1tus\u00e1nak 211\/2020. (XII.17.) sz\u00e1m\u00fa hat\u00e1rozat a Szervezeti \u00e9s M\u0171k\u00f6d\u00e9si Szab\u00e1lyzat egyes rendelkez\u00e9seinek m\u00f3dos\u00edt\u00e1s\u00e1r\u00f3l<\/a><\/p>\n<p style=\"text-align: justify\"><a href=\"https:\/\/semmelweis.hu\/jogigfoig\/files\/2020\/12\/211_2020_Kancell\u00e1ri-egyet\u00e9rt\u00e9s.pdf\">A Semmelweis Egyetem Szen\u00e1tus\u00e1nak 211\/2020. (XII.17.) sz\u00e1m\u00fa hat\u00e1rozat a Szervezeti \u00e9s M\u0171k\u00f6d\u00e9si Szab\u00e1lyzat egyes rendelkez\u00e9seinek m\u00f3dos\u00edt\u00e1s\u00e1r\u00f3l &#8211; kancell\u00e1ri egyet\u00e9rt\u00e9si jog gyakorl\u00e1sa<\/a><\/p>\n<p style=\"text-align: justify\"><a href=\"https:\/\/semmelweis.hu\/jogigfoig\/files\/2020\/12\/211_2020_Mell\u00e9klet_1sz\u00e1m\u00fa.pdf\">A Semmelweis Egyetem Szen\u00e1tus\u00e1nak 211\/2020. (XII.17.) sz\u00e1m\u00fa hat\u00e1rozat a Szervezeti \u00e9s M\u0171k\u00f6d\u00e9si Szab\u00e1lyzat egyes rendelkez\u00e9seinek m\u00f3dos\u00edt\u00e1s\u00e1r\u00f3l &#8211; 1. sz. mell\u00e9klet<\/a><\/p>\n<p style=\"text-align: justify\"><a href=\"https:\/\/semmelweis.hu\/jogigfoig\/files\/2020\/12\/211_2020_Mell\u00e9klet_2sz\u00e1m\u00fa.pdf\">A Semmelweis Egyetem Szen\u00e1tus\u00e1nak 211\/2020. (XII.17.) sz\u00e1m\u00fa hat\u00e1rozat a Szervezeti \u00e9s M\u0171k\u00f6d\u00e9si Szab\u00e1lyzat egyes rendelkez\u00e9seinek m\u00f3dos\u00edt\u00e1s\u00e1r\u00f3l &#8211; 2. sz. mell\u00e9klet<\/a><\/p>\n<p style=\"text-align: justify\"><a href=\"https:\/\/semmelweis.hu\/jogigfoig\/files\/2020\/12\/212_2020_\u00e1lland\u00f3-bizotts\u00e1gok-1.pdf\">A Semmelweis Egyetem Szen\u00e1tus\u00e1nak 212\/2020. (XII.17.) sz\u00e1m\u00fa hat\u00e1rozat a Szen\u00e1tus \u00e1ltal l\u00e9trehozott az egyetem eg\u00e9sz\u00e9re kiterjed\u0151 hat\u00e1sk\u00f6rrel rendelkez\u0151 \u00e1lland\u00f3 bizotts\u00e1gok (Egyetemi Etikai Bizotts\u00e1g, Min\u0151s\u00e9gfejleszt\u00e9si \u00e9s Min\u0151s\u00e9g\u00e9rt\u00e9kel\u0151 Bizotts\u00e1g, K\u00fcls\u0151 Kutat\u00e1si Munk\u00e1kat V\u00e9lem\u00e9nyez\u0151 Bizotts\u00e1g) meg\u00faj\u00edt\u00e1s\u00e1r\u00f3l, a K\u00fcls\u0151 Kutat\u00e1si Munk\u00e1kat V\u00e9lem\u00e9nyez\u0151 Bizotts\u00e1g \u00fcgyrendj\u00e9nek technikai jelleg\u0171 m\u00f3dos\u00edt\u00e1s\u00e1r\u00f3l, tov\u00e1bb\u00e1 a Hallgat\u00f3k Szoci\u00e1lis \u00e9s Es\u00e9lyegyenl\u0151s\u00e9gi \u00dcgyeivel Foglalkoz\u00f3 Bizotts\u00e1g (SZEB) hallgat\u00f3i \u00f6sszet\u00e9tel\u00e9r\u0151l<\/a><\/p>\n<p style=\"text-align: justify\"><a href=\"https:\/\/semmelweis.hu\/jogigfoig\/files\/2020\/12\/213_2020_a-2021.-\u00e9vi-vezet\u0151i-k\u00f6lts\u00e9gvet\u00e9si-koncepci\u00f3r\u00f3l.pdf\">A Semmelweis Egyetem Szen\u00e1tus\u00e1nak 213\/2020. (XII.17.) sz\u00e1m\u00fa hat\u00e1rozat a 2021. \u00e9vi vezet\u0151i k\u00f6lts\u00e9gvet\u00e9si koncepci\u00f3r\u00f3l<\/a><\/p>\n<p style=\"text-align: justify\"><a href=\"https:\/\/semmelweis.hu\/jogigfoig\/files\/2020\/12\/213_2020_Kancell\u00e1ri-egyet\u00e9rt\u00e9s.pdf\">A Semmelweis Egyetem Szen\u00e1tus\u00e1nak 213\/2020. (XII.17.) sz\u00e1m\u00fa hat\u00e1rozat a 2021. \u00e9vi vezet\u0151i k\u00f6lts\u00e9gvet\u00e9si koncepci\u00f3r\u00f3l &#8211; kancell\u00e1ri egyet\u00e9rt\u00e9si jog gyakorl\u00e1sa<\/a><\/p>\n<p style=\"text-align: justify\"><a href=\"https:\/\/semmelweis.hu\/jogigfoig\/files\/2020\/12\/213_2020_Mell\u00e9klet.pdf\">A Semmelweis Egyetem Szen\u00e1tus\u00e1nak 213\/2020. (XII.17.) sz\u00e1m\u00fa hat\u00e1rozat a 2021. \u00e9vi vezet\u0151i k\u00f6lts\u00e9gvet\u00e9si koncepci\u00f3r\u00f3l &#8211; 1. sz. mell\u00e9klet<\/a><\/p>\n<p style=\"text-align: justify\"><a href=\"https:\/\/semmelweis.hu\/jogigfoig\/files\/2020\/12\/214_2020_az-EKK-MI-ment\u00e1lhigi\u00e9n\u00e9s-h\u00e1zass\u00e1g-\u00e9s-csal\u00e1d-lelkigondoz\u00f3-szakir\u00e1ny\u00fa-tov\u00e1bbk\u00e9pz\u00e9s-szak-l\u00e9tes\u00edt\u00e9se.pdf\">A Semmelweis Egyetem Szen\u00e1tus\u00e1nak 214\/2020. (XII.17.) sz\u00e1m\u00fa hat\u00e1rozat az Eg\u00e9szs\u00e9g\u00fcgyi K\u00f6zszolg\u00e1lati Kar Ment\u00e1lhigi\u00e9n\u00e9 Int\u00e9zet ment\u00e1lhigi\u00e9n\u00e9s h\u00e1zass\u00e1g- \u00e9s csal\u00e1d-lelkigondoz\u00f3 szakir\u00e1ny\u00fa tov\u00e1bbk\u00e9pz\u00e9s szak l\u00e9tes\u00edt\u00e9s\u00e9nek \u00e9s ind\u00edt\u00e1s\u00e1nak elfogad\u00e1s\u00e1r\u00f3l<\/a><\/p>\n<p style=\"text-align: justify\"><a href=\"https:\/\/semmelweis.hu\/jogigfoig\/files\/2020\/12\/214_2020_Kancell\u00e1ri-egyet\u00e9rt\u00e9s.pdf\">A Semmelweis Egyetem Szen\u00e1tus\u00e1nak 214\/2020. (XII.17.) sz\u00e1m\u00fa hat\u00e1rozat az Eg\u00e9szs\u00e9g\u00fcgyi K\u00f6zszolg\u00e1lati Kar Ment\u00e1lhigi\u00e9n\u00e9 Int\u00e9zet ment\u00e1lhigi\u00e9n\u00e9s h\u00e1zass\u00e1g- \u00e9s csal\u00e1d-lelkigondoz\u00f3 szakir\u00e1ny\u00fa tov\u00e1bbk\u00e9pz\u00e9s szak l\u00e9tes\u00edt\u00e9s\u00e9nek \u00e9s ind\u00edt\u00e1s\u00e1nak elfogad\u00e1s\u00e1r\u00f3l &#8211; kancell\u00e1ri egyet\u00e9rt\u00e9si jog gyakorl\u00e1sa<\/a><\/p>\n<p style=\"text-align: justify\"><a href=\"https:\/\/semmelweis.hu\/jogigfoig\/files\/2020\/12\/214_2020_Mell\u00e9klet_EKK_tanulm\u00e1nyi_t\u00e1j\u00e9koztat\u00f3_hazassaglelkigondozo_.pdf\">A Semmelweis Egyetem Szen\u00e1tus\u00e1nak 214\/2020. (XII.17.) sz\u00e1m\u00fa hat\u00e1rozat az Eg\u00e9szs\u00e9g\u00fcgyi K\u00f6zszolg\u00e1lati Kar Ment\u00e1lhigi\u00e9n\u00e9 Int\u00e9zet ment\u00e1lhigi\u00e9n\u00e9s h\u00e1zass\u00e1g- \u00e9s csal\u00e1d-lelkigondoz\u00f3 szakir\u00e1ny\u00fa tov\u00e1bbk\u00e9pz\u00e9s szak l\u00e9tes\u00edt\u00e9s\u00e9nek \u00e9s ind\u00edt\u00e1s\u00e1nak elfogad\u00e1s\u00e1r\u00f3l &#8211; 1.sz. mell\u00e9klet<\/a><\/p>\n<p style=\"text-align: justify\"><a href=\"https:\/\/semmelweis.hu\/jogigfoig\/files\/2020\/12\/215_2020_a-Tudom\u00e1nyos-Di\u00e1kk\u00f6ri-Kiv\u00e1l\u00f3-Nevel\u0151k-javaslat\u00e1r\u00f3l-1.pdf\">A Semmelweis Egyetem Szen\u00e1tus\u00e1nak 215\/2020. (XII.17.) sz\u00e1m\u00fa hat\u00e1rozat a Tudom\u00e1nyos Di\u00e1kk\u00f6ri Kiv\u00e1l\u00f3 Nevel\u0151k javaslat\u00e1r\u00f3l<\/a><\/p>\n<p style=\"text-align: justify\"><a href=\"https:\/\/semmelweis.hu\/jogigfoig\/files\/2020\/12\/215_2020_Kancell\u00e1ri-egyet\u00e9rt\u00e9s.pdf\">A Semmelweis Egyetem Szen\u00e1tus\u00e1nak 215\/2020. (XII.17.) sz\u00e1m\u00fa hat\u00e1rozat a Tudom\u00e1nyos Di\u00e1kk\u00f6ri Kiv\u00e1l\u00f3 Nevel\u0151k javaslat\u00e1r\u00f3l &#8211; kancell\u00e1ri egyet\u00e9rt\u00e9si jog gyakorl\u00e1sa<\/a><\/p>\n<p style=\"text-align: justify\"><a href=\"https:\/\/semmelweis.hu\/jogigfoig\/files\/2020\/12\/216_2020_-az-aktu\u00e1lis-vezet\u0151i-\u00e9s-oktat\u00f3i_ACH_tant\u00e1rgyfelel\u0151s\u00f6k.pdf\">A Semmelweis Egyetem Szen\u00e1tus\u00e1nak 216\/2020. (XII.17.) sz\u00e1m\u00fa hat\u00e1rozat az aktu\u00e1lis vezet\u0151i \u00e9s oktat\u00f3i, valamint az Asklepios Campus Hamburg tant\u00e1rgyfelel\u0151si p\u00e1ly\u00e1zatok v\u00e9lem\u00e9nyez\u00e9s\u00e9r\u0151l<\/a><\/p>\n<p style=\"text-align: justify\"><a href=\"https:\/\/semmelweis.hu\/jogigfoig\/files\/2020\/12\/216_2020_Kancell\u00e1ri-egyet\u00e9rt\u00e9s.pdf\">A Semmelweis Egyetem Szen\u00e1tus\u00e1nak 216\/2020. (XII.17.) sz\u00e1m\u00fa hat\u00e1rozat az aktu\u00e1lis vezet\u0151i \u00e9s oktat\u00f3i, valamint az Asklepios Campus Hamburg tant\u00e1rgyfelel\u0151si p\u00e1ly\u00e1zatok v\u00e9lem\u00e9nyez\u00e9s\u00e9r\u0151l &#8211; kancell\u00e1ri egyet\u00e9rt\u00e9si jog gyakorl\u00e1sa<\/a><\/p>\n<p style=\"text-align: justify\">\u00a0<\/p>\n","protected":false},"excerpt":{"rendered":"<p><a href=\"https:\/\/semmelweis.hu\/jogigfoig\/files\/2020\/12\/N_9_2020_12.17_hat\u00e1rozat.pdf\">N-9.2020. (XII.17.) sz\u00e1m\u00fa hat\u00e1rozat a szen\u00e1tusi \u00fcl\u00e9s napirendi pontjainak elfogad\u00e1s\u00e1r\u00f3l<\/a><br \/>\n<a href=\"https:\/\/semmelweis.hu\/jogigfoig\/files\/2020\/12\/210_2020_Az-SzmSz-m\u00f3dos\u00edt\u00e1sa_KK-ir\u00e1ny\u00edt\u00e1sa-vesz\u00e9lyhelyzet-idej\u00e9n.pdf\">A Semmelweis Egyetem Szen\u00e1tus\u00e1nak 210\/2020. (XII. 17.) sz\u00e1m\u00fa hat\u00e1rozat a Szervezeti \u00e9s M\u0171k\u00f6d\u00e9si Szab\u00e1lyzat m\u00f3dos\u00edt\u00e1sa a Klinikai K\u00f6zpont feladatainak ir\u00e1ny\u00edt\u00e1s\u00e1val kapcsolatos, a vesz\u00e9lyhelyzet sor\u00e1n ir\u00e1nyad\u00f3 rendelkez\u00e9sekr\u0151l \u00e9s az eg\u00e9szs\u00e9g\u00fcgyi szolg\u00e1lati jogviszonyra t\u00f6rt\u00e9n\u0151 \u00e1tt\u00e9r\u00e9s el\u0151k\u00e9sz\u00edt\u00e9s\u00e9vel \u00f6sszef\u00fcgg\u00e9sben, tov\u00e1bb\u00e1 a kapcsol\u00f3d\u00f3 int\u00e9zked\u00e9sek rendszer\u00e9nek kialak\u00edt\u00e1sa a vesz\u00e9lyhelyzet ideje alatt az eg\u00e9szs\u00e9g\u00fcgyi szolg\u00e1ltat\u00e1s szervez\u00e9se \u00e9s az eg\u00e9szs\u00e9g\u00fcgyi szolg\u00e1lati jogviszonyra t\u00f6rt\u00e9n\u0151 \u00e1tt\u00e9r\u00e9s tekintet\u00e9ben<\/a><br \/>\n<a href=\"https:\/\/semmelweis.hu\/jogigfoig\/files\/2020\/12\/210_2020_Kancell\u00e1ri-egyet\u00e9rt\u00e9s.pdf\">A Semmelweis Egyetem Szen\u00e1tus\u00e1nak 210\/2020. (XII. 17.) sz\u00e1m\u00fa hat\u00e1rozat a Szervezeti \u00e9s M\u0171k\u00f6d\u00e9si Szab\u00e1lyzat m\u00f3dos\u00edt\u00e1sa a Klinikai K\u00f6zpont feladatainak ir\u00e1ny\u00edt\u00e1s\u00e1val kapcsolatos, a vesz\u00e9lyhelyzet sor\u00e1n ir\u00e1nyad\u00f3 rendelkez\u00e9sekr\u0151l \u00e9s az eg\u00e9szs\u00e9g\u00fcgyi szolg\u00e1lati jogviszonyra t\u00f6rt\u00e9n\u0151 \u00e1tt\u00e9r\u00e9s el\u0151k\u00e9sz\u00edt\u00e9s\u00e9vel \u00f6sszef\u00fcgg\u00e9sben, tov\u00e1bb\u00e1 a kapcsol\u00f3d\u00f3 int\u00e9zked\u00e9sek rendszer\u00e9nek kialak\u00edt\u00e1sa a vesz\u00e9lyhelyzet ideje alatt az eg\u00e9szs\u00e9g\u00fcgyi szolg\u00e1ltat\u00e1s szervez\u00e9se \u00e9s az eg\u00e9szs\u00e9g\u00fcgyi szolg\u00e1lati jogviszonyra t\u00f6rt\u00e9n\u0151 \u00e1tt\u00e9r\u00e9s tekintet\u00e9ben &#8211; kancell\u00e1ri egyet\u00e9rt\u00e9si jog gyakorl\u00e1sa<\/a><br \/>\n<a href=\"https:\/\/semmelweis.hu\/jogigfoig\/files\/2020\/12\/210_2020_mell\u00e9klet-1_Az-SzmSz-m\u00f3dos\u00edt\u00e1sa_KK-ir\u00e1ny\u00edt\u00e1sa-vesz\u00e9lyhelyzet-idej\u00e9n.pdf\">A Semmelweis Egyetem Szen\u00e1tus\u00e1nak 210\/2020. (XII. 17.) sz\u00e1m\u00fa hat\u00e1rozat a Szervezeti \u00e9s M\u0171k\u00f6d\u00e9si Szab\u00e1lyzat m\u00f3dos\u00edt\u00e1sa a Klinikai K\u00f6zpont feladatainak ir\u00e1ny\u00edt\u00e1s\u00e1val kapcsolatos, a vesz\u00e9lyhelyzet sor\u00e1n ir\u00e1nyad\u00f3 rendelkez\u00e9sekr\u0151l \u00e9s az eg\u00e9szs\u00e9g\u00fcgyi szolg\u00e1lati jogviszonyra t\u00f6rt\u00e9n\u0151 \u00e1tt\u00e9r\u00e9s el\u0151k\u00e9sz\u00edt\u00e9s\u00e9vel \u00f6sszef\u00fcgg\u00e9sben, tov\u00e1bb\u00e1 a kapcsol\u00f3d\u00f3 int\u00e9zked\u00e9sek rendszer\u00e9nek kialak\u00edt\u00e1sa a vesz\u00e9lyhelyzet ideje alatt az eg\u00e9szs\u00e9g\u00fcgyi szolg\u00e1ltat\u00e1s szervez\u00e9se \u00e9s az eg\u00e9szs\u00e9g\u00fcgyi szolg\u00e1lati jogviszonyra t\u00f6rt\u00e9n\u0151 \u00e1tt\u00e9r\u00e9s tekintet\u00e9ben &#8211; 1. sz mell\u00e9klet<\/a><br \/>\n<a href=\"https:\/\/semmelweis.hu\/jogigfoig\/files\/2020\/12\/210_2020_mell\u00e9klet-2_Az-SzmSz-m\u00f3dos\u00edt\u00e1sa_KK-ir\u00e1ny\u00edt\u00e1sa-vesz\u00e9lyhelyzet-idej\u00e9n.pdf\">A Semmelweis Egyetem Szen\u00e1tus\u00e1nak 210\/2020. (XII. 17.) sz\u00e1m\u00fa hat\u00e1rozat a Szervezeti \u00e9s M\u0171k\u00f6d\u00e9si Szab\u00e1lyzat m\u00f3dos\u00edt\u00e1sa a Klinikai K\u00f6zpont feladatainak ir\u00e1ny\u00edt\u00e1s\u00e1val kapcsolatos, a vesz\u00e9lyhelyzet sor\u00e1n ir\u00e1nyad\u00f3 rendelkez\u00e9sekr\u0151l \u00e9s az eg\u00e9szs\u00e9g\u00fcgyi szolg\u00e1lati jogviszonyra t\u00f6rt\u00e9n\u0151 \u00e1tt\u00e9r\u00e9s el\u0151k\u00e9sz\u00edt\u00e9s\u00e9vel \u00f6sszef\u00fcgg\u00e9sben, tov\u00e1bb\u00e1 a kapcsol\u00f3d\u00f3 int\u00e9zked\u00e9sek rendszer\u00e9nek kialak\u00edt\u00e1sa a vesz\u00e9lyhelyzet ideje alatt az eg\u00e9szs\u00e9g\u00fcgyi szolg\u00e1ltat\u00e1s szervez\u00e9se \u00e9s az eg\u00e9szs\u00e9g\u00fcgyi szolg\u00e1lati jogviszonyra t\u00f6rt\u00e9n\u0151 \u00e1tt\u00e9r\u00e9s tekintet\u00e9ben &#8211; 2. sz mell\u00e9klet<\/a><br \/>\n<a href=\"https:\/\/semmelweis.hu\/jogigfoig\/files\/2020\/12\/211_2020_a-Szervezeti-\u00e9s-M\u0171k\u00f6d\u00e9si-Szab\u00e1lyzat-egyes-rendelkez\u00e9seinek-m\u00f3dos\u00edt\u00e1s\u00e1r\u00f3l.pdf\">A Semmelweis Egyetem Szen\u00e1tus\u00e1nak 211\/2020. (XII.17.) sz\u00e1m\u00fa hat\u00e1rozat a Szervezeti \u00e9s M\u0171k\u00f6d\u00e9si Szab\u00e1lyzat egyes rendelkez\u00e9seinek m\u00f3dos\u00edt\u00e1s\u00e1r\u00f3l<\/a><br \/>\n<a href=\"https:\/\/semmelweis.hu\/jogigfoig\/files\/2020\/12\/211_2020_Kancell\u00e1ri-egyet\u00e9rt\u00e9s.pdf\">A Semmelweis Egyetem Szen\u00e1tus\u00e1nak 211\/2020. (XII.17.) sz\u00e1m\u00fa hat\u00e1rozat a Szervezeti \u00e9s M\u0171k\u00f6d\u00e9si Szab\u00e1lyzat egyes rendelkez\u00e9seinek m\u00f3dos\u00edt\u00e1s\u00e1r\u00f3l &#8211; kancell\u00e1ri egyet\u00e9rt\u00e9si jog gyakorl\u00e1sa<\/a><br \/>\n<a href=\"https:\/\/semmelweis.hu\/jogigfoig\/files\/2020\/12\/211_2020_Mell\u00e9klet_1sz\u00e1m\u00fa.pdf\">A Semmelweis Egyetem Szen\u00e1tus\u00e1nak 211\/2020. (XII.17.) sz\u00e1m\u00fa hat\u00e1rozat a Szervezeti \u00e9s M\u0171k\u00f6d\u00e9si Szab\u00e1lyzat egyes rendelkez\u00e9seinek m\u00f3dos\u00edt\u00e1s\u00e1r\u00f3l &#8211; 1. sz. mell\u00e9klet<\/a><br \/>\n<a href=\"https:\/\/semmelweis.hu\/jogigfoig\/files\/2020\/12\/211_2020_Mell\u00e9klet_2sz\u00e1m\u00fa.pdf\">A Semmelweis Egyetem Szen\u00e1tus\u00e1nak 211\/2020. (XII.17.) sz\u00e1m\u00fa hat\u00e1rozat a Szervezeti \u00e9s M\u0171k\u00f6d\u00e9si Szab\u00e1lyzat egyes rendelkez\u00e9seinek m\u00f3dos\u00edt\u00e1s\u00e1r\u00f3l &#8211; 2. sz. mell\u00e9klet<\/a><br \/>\n<a href=\"https:\/\/semmelweis.hu\/jogigfoig\/files\/2020\/12\/212_2020_\u00e1lland\u00f3-bizotts\u00e1gok-1.pdf\">A Semmelweis Egyetem Szen\u00e1tus\u00e1nak 212\/2020. (XII.17.) sz\u00e1m\u00fa hat\u00e1rozat a Szen\u00e1tus \u00e1ltal l\u00e9trehozott az egyetem eg\u00e9sz\u00e9re kiterjed\u0151 hat\u00e1sk\u00f6rrel rendelkez\u0151 \u00e1lland\u00f3 bizotts\u00e1gok (Egyetemi Etikai Bizotts\u00e1g, Min\u0151s\u00e9gfejleszt\u00e9si \u00e9s Min\u0151s\u00e9g\u00e9rt\u00e9kel\u0151 Bizotts\u00e1g, K\u00fcls\u0151 Kutat\u00e1si Munk\u00e1kat V\u00e9lem\u00e9nyez\u0151 Bizotts\u00e1g) meg\u00faj\u00edt\u00e1s\u00e1r\u00f3l, a K\u00fcls\u0151 Kutat\u00e1si Munk\u00e1kat V\u00e9lem\u00e9nyez\u0151 Bizotts\u00e1g \u00fcgyrendj\u00e9nek technikai jelleg\u0171 m\u00f3dos\u00edt\u00e1s\u00e1r\u00f3l, tov\u00e1bb\u00e1 a Hallgat\u00f3k Szoci\u00e1lis \u00e9s Es\u00e9lyegyenl\u0151s\u00e9gi \u00dcgyeivel Foglalkoz\u00f3 Bizotts\u00e1g (SZEB) hallgat\u00f3i \u00f6sszet\u00e9tel\u00e9r\u0151l<\/a><br \/>\n<a href=\"https:\/\/semmelweis.hu\/jogigfoig\/files\/2020\/12\/213_2020_a-2021.-\u00e9vi-vezet\u0151i-k\u00f6lts\u00e9gvet\u00e9si-koncepci\u00f3r\u00f3l.pdf\">A Semmelweis Egyetem Szen\u00e1tus\u00e1nak 213\/2020. (XII.17.) sz\u00e1m\u00fa hat\u00e1rozat a 2021. \u00e9vi vezet\u0151i k\u00f6lts\u00e9gvet\u00e9si koncepci\u00f3r\u00f3l<\/a><br \/>\n<a href=\"https:\/\/semmelweis.hu\/jogigfoig\/files\/2020\/12\/213_2020_Kancell\u00e1ri-egyet\u00e9rt\u00e9s.pdf\">A Semmelweis Egyetem Szen\u00e1tus\u00e1nak 213\/2020. (XII.17.) sz\u00e1m\u00fa hat\u00e1rozat a 2021. \u00e9vi vezet\u0151i k\u00f6lts\u00e9gvet\u00e9si koncepci\u00f3r\u00f3l &#8211; kancell\u00e1ri egyet\u00e9rt\u00e9si jog gyakorl\u00e1sa<\/a><br \/>\n<a href=\"https:\/\/semmelweis.hu\/jogigfoig\/files\/2020\/12\/213_2020_Mell\u00e9klet.pdf\">A Semmelweis Egyetem Szen\u00e1tus\u00e1nak 213\/2020. (XII.17.) sz\u00e1m\u00fa hat\u00e1rozat a 2021. \u00e9vi vezet\u0151i k\u00f6lts\u00e9gvet\u00e9si koncepci\u00f3r\u00f3l &#8211; 1. sz. mell\u00e9klet<\/a><br \/>\n<a href=\"https:\/\/semmelweis.hu\/jogigfoig\/files\/2020\/12\/214_2020_az-EKK-MI-ment\u00e1lhigi\u00e9n\u00e9s-h\u00e1zass\u00e1g-\u00e9s-csal\u00e1d-lelkigondoz\u00f3-szakir\u00e1ny\u00fa-tov\u00e1bbk\u00e9pz\u00e9s-szak-l\u00e9tes\u00edt\u00e9se.pdf\">A Semmelweis Egyetem Szen\u00e1tus\u00e1nak 214\/2020. (XII.17.) sz\u00e1m\u00fa hat\u00e1rozat az Eg\u00e9szs\u00e9g\u00fcgyi K\u00f6zszolg\u00e1lati Kar Ment\u00e1lhigi\u00e9n\u00e9 Int\u00e9zet ment\u00e1lhigi\u00e9n\u00e9s h\u00e1zass\u00e1g- \u00e9s csal\u00e1d-lelkigondoz\u00f3 szakir\u00e1ny\u00fa tov\u00e1bbk\u00e9pz\u00e9s szak l\u00e9tes\u00edt\u00e9s\u00e9nek \u00e9s ind\u00edt\u00e1s\u00e1nak elfogad\u00e1s\u00e1r\u00f3l<\/a><br \/>\n<a href=\"https:\/\/semmelweis.hu\/jogigfoig\/files\/2020\/12\/214_2020_Kancell\u00e1ri-egyet\u00e9rt\u00e9s.pdf\">A Semmelweis Egyetem Szen\u00e1tus\u00e1nak 214\/2020. (XII.17.) sz\u00e1m\u00fa hat\u00e1rozat az Eg\u00e9szs\u00e9g\u00fcgyi K\u00f6zszolg\u00e1lati Kar Ment\u00e1lhigi\u00e9n\u00e9 Int\u00e9zet ment\u00e1lhigi\u00e9n\u00e9s h\u00e1zass\u00e1g- \u00e9s csal\u00e1d-lelkigondoz\u00f3 szakir\u00e1ny\u00fa tov\u00e1bbk\u00e9pz\u00e9s szak l\u00e9tes\u00edt\u00e9s\u00e9nek \u00e9s ind\u00edt\u00e1s\u00e1nak elfogad\u00e1s\u00e1r\u00f3l &#8211; kancell\u00e1ri egyet\u00e9rt\u00e9si jog gyakorl\u00e1sa<\/a><br \/>\n<a href=\"https:\/\/semmelweis.hu\/jogigfoig\/files\/2020\/12\/214_2020_Mell\u00e9klet_EKK_tanulm\u00e1nyi_t\u00e1j\u00e9koztat\u00f3_hazassaglelkigondozo_.pdf\">A Semmelweis Egyetem Szen\u00e1tus\u00e1nak 214\/2020. (XII.17.) sz\u00e1m\u00fa hat\u00e1rozat az Eg\u00e9szs\u00e9g\u00fcgyi K\u00f6zszolg\u00e1lati Kar Ment\u00e1lhigi\u00e9n\u00e9 Int\u00e9zet ment\u00e1lhigi\u00e9n\u00e9s h\u00e1zass\u00e1g- \u00e9s csal\u00e1d-lelkigondoz\u00f3 szakir\u00e1ny\u00fa tov\u00e1bbk\u00e9pz\u00e9s szak l\u00e9tes\u00edt\u00e9s\u00e9nek \u00e9s ind\u00edt\u00e1s\u00e1nak elfogad\u00e1s\u00e1r\u00f3l &#8211; 1.sz. mell\u00e9klet<\/a><br \/>\n<a href=\"https:\/\/semmelweis.hu\/jogigfoig\/files\/2020\/12\/215_2020_a-Tudom\u00e1nyos-Di\u00e1kk\u00f6ri-Kiv\u00e1l\u00f3-Nevel\u0151k-javaslat\u00e1r\u00f3l-1.pdf\">A Semmelweis Egyetem Szen\u00e1tus\u00e1nak 215\/2020. (XII.17.) sz\u00e1m\u00fa hat\u00e1rozat a Tudom\u00e1nyos Di\u00e1kk\u00f6ri Kiv\u00e1l\u00f3 Nevel\u0151k javaslat\u00e1r\u00f3l<\/a><br \/>\n<a href=\"https:\/\/semmelweis.hu\/jogigfoig\/files\/2020\/12\/215_2020_Kancell\u00e1ri-egyet\u00e9rt\u00e9s.pdf\">A Semmelweis Egyetem Szen\u00e1tus\u00e1nak 215\/2020. (XII.17.) sz\u00e1m\u00fa hat\u00e1rozat a Tudom\u00e1nyos Di\u00e1kk\u00f6ri Kiv\u00e1l\u00f3 Nevel\u0151k javaslat\u00e1r\u00f3l &#8211; kancell\u00e1ri egyet\u00e9rt\u00e9si jog gyakorl\u00e1sa<\/a><br \/>\n<a href=\"https:\/\/semmelweis.hu\/jogigfoig\/files\/2020\/12\/216_2020_-az-aktu\u00e1lis-vezet\u0151i-\u00e9s-oktat\u00f3i_ACH_tant\u00e1rgyfelel\u0151s\u00f6k.pdf\">A Semmelweis Egyetem Szen\u00e1tus\u00e1nak 216\/2020. (XII.17.) sz\u00e1m\u00fa hat\u00e1rozat az aktu\u00e1lis vezet\u0151i \u00e9s oktat\u00f3i, valamint az Asklepios Campus Hamburg tant\u00e1rgyfelel\u0151si p\u00e1ly\u00e1zatok v\u00e9lem\u00e9nyez\u00e9s\u00e9r\u0151l<\/a><br \/>\n<a href=\"https:\/\/semmelweis.hu\/jogigfoig\/files\/2020\/12\/216_2020_Kancell\u00e1ri-egyet\u00e9rt\u00e9s.pdf\">A Semmelweis Egyetem Szen\u00e1tus\u00e1nak 216\/2020. (XII.17.) sz\u00e1m\u00fa hat\u00e1rozat az aktu\u00e1lis vezet\u0151i \u00e9s oktat\u00f3i, valamint az Asklepios Campus Hamburg tant\u00e1rgyfelel\u0151si p\u00e1ly\u00e1zatok v\u00e9lem\u00e9nyez\u00e9s\u00e9r\u0151l &#8211; kancell\u00e1ri egyet\u00e9rt\u00e9si jog gyakorl\u00e1sa<\/a><br \/>\n\u00a0<\/p>\n","protected":false},"author":101095,"featured_media":0,"parent":74866,"menu_order":21,"comment_status":"closed","ping_status":"closed","template":"","meta":{"_acf_changed":false,"footnotes":""},"categories":[],"tags":[],"class_list":["post-78937","page","type-page","status-publish","hentry"],"acf":[],"_links":{"self":[{"href":"https:\/\/semmelweis.hu\/jogigfoig\/wp-json\/wp\/v2\/pages\/78937","targetHints":{"allow":["GET"]}}],"collection":[{"href":"https:\/\/semmelweis.hu\/jogigfoig\/wp-json\/wp\/v2\/pages"}],"about":[{"href":"https:\/\/semmelweis.hu\/jogigfoig\/wp-json\/wp\/v2\/types\/page"}],"author":[{"embeddable":true,"href":"https:\/\/semmelweis.hu\/jogigfoig\/wp-json\/wp\/v2\/users\/101095"}],"replies":[{"embeddable":true,"href":"https:\/\/semmelweis.hu\/jogigfoig\/wp-json\/wp\/v2\/comments?post=78937"}],"version-history":[{"count":8,"href":"https:\/\/semmelweis.hu\/jogigfoig\/wp-json\/wp\/v2\/pages\/78937\/revisions"}],"predecessor-version":[{"id":79024,"href":"https:\/\/semmelweis.hu\/jogigfoig\/wp-json\/wp\/v2\/pages\/78937\/revisions\/79024"}],"up":[{"embeddable":true,"href":"https:\/\/semmelweis.hu\/jogigfoig\/wp-json\/wp\/v2\/pages\/74866"}],"wp:attachment":[{"href":"https:\/\/semmelweis.hu\/jogigfoig\/wp-json\/wp\/v2\/media?parent=78937"}],"wp:term":[{"taxonomy":"category","embeddable":true,"href":"https:\/\/semmelweis.hu\/jogigfoig\/wp-json\/wp\/v2\/categories?post=78937"},{"taxonomy":"post_tag","embeddable":true,"href":"https:\/\/semmelweis.hu\/jogigfoig\/wp-json\/wp\/v2\/tags?post=78937"}],"curies":[{"name":"wp","href":"https:\/\/api.w.org\/{rel}","templated":true}]}}