{"id":78916,"date":"2020-12-15T13:04:33","date_gmt":"2020-12-15T12:04:33","guid":{"rendered":"https:\/\/semmelweis.hu\/jogigfoig\/?page_id=78916"},"modified":"2023-02-14T09:47:19","modified_gmt":"2023-02-14T08:47:19","slug":"elektronikus-kuldemenykezelo-rendszer-segedletek","status":"publish","type":"page","link":"https:\/\/semmelweis.hu\/jogigfoig\/igazgatas\/korposta\/elektronikus-kuldemenykezelo-rendszer-segedletek\/","title":{"rendered":"Elektronikus K\u00fcldem\u00e9nykezel\u0151 Rendszer seg\u00e9dletek"},"content":{"rendered":"<div class=\"responsive-tabs\">\n<h2 class=\"tabtitle\">Hozz\u00e1f\u00e9r\u00e9s ig\u00e9nyl\u00e9se<\/h2>\n<div class=\"tabcontent\">\n\n<p style=\"text-align: justify\">Hozz\u00e1f\u00e9r\u00e9s ig\u00e9nyl\u00e9se:<\/p>\n<p style=\"text-align: justify\">Ahhoz, hogy valaki be tudjon a rendszerbe l\u00e9pni, el\u0151sz\u00f6r a szervezeti egys\u00e9g vezet\u0151j\u00e9nek regisztr\u00e1ltatni kell a munkat\u00e1rsat. A regisztr\u00e1ci\u00f3 sor\u00e1n az <strong><a href=\"https:\/\/semmelweis.hu\/jogigfoig\/files\/2020\/12\/EKKR-kijel\u00f6l\u0151-lap.xlsx\">ide kattintva el\u00e9rhet\u0151<\/a><\/strong>\u00a0adatlapot kell iktatva megk\u00fcldeni a <a href=\"mailto:jog@semmelweis.hu\">jog@semmelweis.hu<\/a> el\u00e9rhet\u0151s\u00e9gre.<\/p>\n<p style=\"text-align: justify\">Jelen verzi\u00f3ban egy felhaszn\u00e1l\u00f3, csak egyetlen szervezeti egys\u00e9ghez rendelhet\u0151, de b\u00e1rmely szervezeti egys\u00e9ghez t\u00f6bb felhaszn\u00e1l\u00f3t is lehet rendelni.<\/p>\n<p style=\"text-align: justify\">Regisztr\u00e1ci\u00f3 csak akkor lehet sikeres, ha:<\/p>\n<ul style=\"text-align: justify\">\n<li>a kijel\u00f6lt munkat\u00e1rs szerepel az egyetemi telefonk\u00f6nyv adatb\u00e1zisban a kijel\u00f6l\u00e9sn\u00e9l megadott e-mail c\u00edm\u00e9vel egy\u00fctt,<\/li>\n<li>a szervezeti egys\u00e9g, amelyhez a munkat\u00e1rs hozz\u00e1f\u00e9r\u00e9se sz\u00fcks\u00e9ges, megtal\u00e1lhat\u00f3 az egyetemi telefonk\u00f6nyv adatb\u00e1zisban,<\/li>\n<li>a szervezeti egys\u00e9g vezet\u0151 j\u00f3v\u00e1hagy\u00e1s\u00e1val iktatott e-mail form\u00e1j\u00e1ban ker\u00fcl megk\u00fcld\u00e9sre a regisztr\u00e1ci\u00f3hoz sz\u00fcks\u00e9ges adatlap.<\/li>\n<\/ul>\n<p style=\"text-align: justify\">A sikeres regisztr\u00e1ci\u00f3r\u00f3l mind a kijel\u00f6lt munkat\u00e1rs, mind a szervezeti egys\u00e9g vezet\u0151je \u00e9rtes\u00edt\u00e9st kap.<\/p>\n\n<\/div><h2 class=\"tabtitle\">Haszn\u00e1lati \u00fatmutat\u00f3k<\/h2>\n<div class=\"tabcontent\">\n\n<p>Vide\u00f3 seg\u00e9dletek:<\/p>\n<ol>\n<li><a href=\"https:\/\/drive.google.com\/file\/d\/1QYku7ut34IfNFKbexNr3SGTE3viS9dLn\/view?usp=sharing\">\u00c1ltal\u00e1nos rendszerhaszn\u00e1lati bevezet\u0151<\/a><\/li>\n<li><a href=\"https:\/\/drive.google.com\/file\/d\/1jmQ4bDwXwqRS1oxhiQ3SR-X2icrw11E6\/view?usp=sharing\">K\u00fcldem\u00e9nyek r\u00f6gz\u00edt\u00e9se egyes\u00e9vel<\/a><\/li>\n<li><a href=\"https:\/\/drive.google.com\/file\/d\/1NVlEPdQToNlXXRknQgG7O4L_iODK3tDw\/view?usp=sharing\">K\u00fcldem\u00e9nyek t\u00f6meges r\u00f6gz\u00edt\u00e9se import\u00e1l\u00e1ssal<\/a><\/li>\n<li><a href=\"https:\/\/drive.google.com\/file\/d\/1lko90plXf-JBmdjdL1WUXLFs-hzcNFfF\/view?usp=sharing\">Import\u00e1l\u00e1shoz haszn\u00e1lt Excel mintaf\u00e1jl kit\u00f6lt\u00e9se<\/a><\/li>\n<li><a href=\"https:\/\/drive.google.com\/file\/d\/1OU8RSJ5O0-yYL4V8w-0hNp1iJLARsofY\/view?usp=sharing\">Jav\u00edtand\u00f3 k\u00fcldem\u00e9ny jav\u00edt\u00e1sa<\/a><\/li>\n<li><a href=\"https:\/\/drive.google.com\/file\/d\/1HNXXlJklCjcVaTdNio2kTUeQnI03D2J_\/view?usp=sharing\">K\u00fcldem\u00e9ny bor\u00edt\u00e9kok kezel\u00e9se<\/a><\/li>\n<\/ol>\n<p>\u00cdr\u00e1sbeli seg\u00e9dletek:<\/p>\n<ol>\n<li><a href=\"https:\/\/semmelweis.hu\/jogigfoig\/files\/2020\/12\/K\u00fcldel-felhaszn\u00e1l\u00f3i-k\u00e9zik\u00f6nyv.pdf\">Felhaszn\u00e1l\u00f3i k\u00e9zik\u00f6nyv<\/a><\/li>\n<li><a href=\"https:\/\/semmelweis.hu\/jogigfoig\/files\/2021\/01\/k\u00fcldem\u00e9nyk\u00e9pek.pdf\">K\u00fcldem\u00e9nyek el\u0151k\u00e9sz\u00edt\u00e9se post\u00e1ra ad\u00e1shoz (bor\u00edt\u00e9kk\u00e9pek)<\/a><\/li>\n<\/ol>\n<\/div><\/div>\n","protected":false},"excerpt":{"rendered":"<p>Hozz\u00e1f\u00e9r\u00e9s ig\u00e9nyl\u00e9se: Ahhoz, hogy valaki be tudjon a rendszerbe l\u00e9pni, el\u0151sz\u00f6r a szervezeti egys\u00e9g vezet\u0151j\u00e9nek regisztr\u00e1ltatni kell a munkat\u00e1rsat. A regisztr\u00e1ci\u00f3 sor\u00e1n az <a href=\"https:\/\/semmelweis.hu\/jogigfoig\/files\/2020\/12\/EKKR-kijel\u00f6l\u0151-lap.xlsx\">ide kattintva el\u00e9rhet\u0151<\/a> \u00a0adatlapot kell iktatva megk\u00fcldeni a <a href=\"mailto:jog@semmelweis.hu\">jog@semmelweis.hu<\/a> el\u00e9rhet\u0151s\u00e9gre. Jelen verzi\u00f3ban egy felhaszn\u00e1l\u00f3, csak egyetlen szervezeti egys\u00e9ghez rendelhet\u0151, de b\u00e1rmely szervezeti egys\u00e9ghez t\u00f6bb felhaszn\u00e1l\u00f3t is lehet rendelni. Regisztr\u00e1ci\u00f3 csak akkor lehet sikeres, ha: a kijel\u00f6lt &hellip;<\/p>\n","protected":false},"author":101095,"featured_media":0,"parent":3793,"menu_order":0,"comment_status":"closed","ping_status":"closed","template":"","meta":{"_acf_changed":false,"footnotes":""},"categories":[],"tags":[],"class_list":["post-78916","page","type-page","status-publish","hentry"],"acf":[],"_links":{"self":[{"href":"https:\/\/semmelweis.hu\/jogigfoig\/wp-json\/wp\/v2\/pages\/78916","targetHints":{"allow":["GET"]}}],"collection":[{"href":"https:\/\/semmelweis.hu\/jogigfoig\/wp-json\/wp\/v2\/pages"}],"about":[{"href":"https:\/\/semmelweis.hu\/jogigfoig\/wp-json\/wp\/v2\/types\/page"}],"author":[{"embeddable":true,"href":"https:\/\/semmelweis.hu\/jogigfoig\/wp-json\/wp\/v2\/users\/101095"}],"replies":[{"embeddable":true,"href":"https:\/\/semmelweis.hu\/jogigfoig\/wp-json\/wp\/v2\/comments?post=78916"}],"version-history":[{"count":10,"href":"https:\/\/semmelweis.hu\/jogigfoig\/wp-json\/wp\/v2\/pages\/78916\/revisions"}],"predecessor-version":[{"id":86576,"href":"https:\/\/semmelweis.hu\/jogigfoig\/wp-json\/wp\/v2\/pages\/78916\/revisions\/86576"}],"up":[{"embeddable":true,"href":"https:\/\/semmelweis.hu\/jogigfoig\/wp-json\/wp\/v2\/pages\/3793"}],"wp:attachment":[{"href":"https:\/\/semmelweis.hu\/jogigfoig\/wp-json\/wp\/v2\/media?parent=78916"}],"wp:term":[{"taxonomy":"category","embeddable":true,"href":"https:\/\/semmelweis.hu\/jogigfoig\/wp-json\/wp\/v2\/categories?post=78916"},{"taxonomy":"post_tag","embeddable":true,"href":"https:\/\/semmelweis.hu\/jogigfoig\/wp-json\/wp\/v2\/tags?post=78916"}],"curies":[{"name":"wp","href":"https:\/\/api.w.org\/{rel}","templated":true}]}}