{"id":78826,"date":"2020-12-04T11:32:53","date_gmt":"2020-12-04T10:32:53","guid":{"rendered":"https:\/\/semmelweis.hu\/jogigfoig\/?page_id=78826"},"modified":"2022-11-21T14:37:05","modified_gmt":"2022-11-21T13:37:05","slug":"2020-november-26","status":"publish","type":"page","link":"https:\/\/semmelweis.hu\/jogigfoig\/testuletek\/szenatus\/2020-evi-szenatusi-hatarozatok\/2020-november-26\/","title":{"rendered":"2020. november 26."},"content":{"rendered":"<p style=\"text-align: justify\"><a href=\"https:\/\/semmelweis.hu\/jogigfoig\/files\/2020\/12\/200_2020_A-Semmelweis-Egyetem-k\u00f6tel\u00e9k\u00e9ben-m\u0171k\u00f6d\u0151-sportegyes\u00fclet-alak\u00edt\u00e1s\u00e1r\u00f3l.pdf\">20A Semmelweis Egyetem Szen\u00e1tus\u00e1nak 200\/2020. (XI.26.) sz\u00e1m\u00fa hat\u00e1rozata A Semmelweis Egyetem k\u00f6tel\u00e9k\u00e9ben m\u0171k\u00f6d\u0151 sportegyes\u00fclet alak\u00edt\u00e1s\u00e1r\u00f3l<\/a><\/p>\n<p style=\"text-align: justify\"><a href=\"https:\/\/semmelweis.hu\/jogigfoig\/files\/2020\/12\/200_2020_Kancell\u00e1ri-egyet\u00e9rt\u00e9s.pdf\">A Semmelweis Egyetem Szen\u00e1tus\u00e1nak 200\/2020. (XI.26.) sz\u00e1m\u00fa hat\u00e1rozata A Semmelweis Egyetem k\u00f6tel\u00e9k\u00e9ben m\u0171k\u00f6d\u0151 sportegyes\u00fclet alak\u00edt\u00e1s\u00e1r\u00f3l \u2013 kancell\u00e1ri egyet\u00e9rt\u00e9si jog gyakorl\u00e1sa<\/a><\/p>\n<p style=\"text-align: justify\"><a href=\"https:\/\/semmelweis.hu\/jogigfoig\/files\/2020\/12\/201_2020_T\u00e1rsadalmi-munka-c\u00edm\u0171-szabadon-v\u00e1laszthat\u00f3-tant\u00e1rgyr\u00f3l.pdf\">A Semmelweis Egyetem\u00a0Szen\u00e1tus\u00e1nak\u00a0201\/2020. (XI.26.) sz\u00e1m\u00fa hat\u00e1rozata \u201eT\u00e1rsadalmi munka\u201d c\u00edm\u0171 szabadon v\u00e1laszthat\u00f3 tant\u00e1rgy bevezet\u00e9s\u00e9r\u0151l<\/a><\/p>\n<p style=\"text-align: justify\"><a href=\"https:\/\/semmelweis.hu\/jogigfoig\/files\/2020\/12\/201_2020_Kancell\u00e1ri-egyet\u00e9rt\u00e9s.pdf\">A Semmelweis Egyetem Szen\u00e1tus\u00e1nak 201\/2020. (XI.26.) sz\u00e1m\u00fa hat\u00e1rozata \u201eT\u00e1rsadalmi munka\u201d c\u00edm\u0171 szabadon v\u00e1laszthat\u00f3 tant\u00e1rgy bevezet\u00e9s\u00e9r\u0151l \u2013 kancell\u00e1ri egyet\u00e9rt\u00e9si jog gyakorl\u00e1sa<\/a><\/p>\n<p style=\"text-align: justify\"><a href=\"https:\/\/semmelweis.hu\/jogigfoig\/files\/2020\/12\/201_2020_Mell\u00e9klet_k\u00f6vetelm\u00e9nyrendszer.pdf\">A Semmelweis Egyetem Szen\u00e1tus\u00e1nak 201\/2020. (XI.26.) sz\u00e1m\u00fa hat\u00e1rozata \u201eT\u00e1rsadalmi munka\u201d c\u00edm\u0171 szabadon v\u00e1laszthat\u00f3 tant\u00e1rgy bevezet\u00e9s\u00e9r\u0151l \u2013 1.sz. mell\u00e9klet<\/a><\/p>\n<p style=\"text-align: justify\"><a href=\"https:\/\/semmelweis.hu\/jogigfoig\/files\/2020\/12\/202_2020_III.1.-R\u00e9sz-Felv\u00e9teli-Szab\u00e1lyzat-m\u00f3dos\u00edt\u00e1s\u00e1r\u00f3l.pdf\">A Semmelweis Egyetem\u00a0Szen\u00e1tus\u00e1nak\u00a0202\/2020. (XI.26.) sz\u00e1m\u00fa hat\u00e1rozata\u00a0\u00a0a Semmelweis Egyetem Szervezeti \u00e9s M\u0171k\u00f6d\u00e9si Szab\u00e1lyzat III. K\u00f6nyv Hallgat\u00f3 k\u00f6vetelm\u00e9nyrendszer III.1. R\u00e9sz Felv\u00e9teli Szab\u00e1lyzat m\u00f3dos\u00edt\u00e1s\u00e1r\u00f3l<\/a><\/p>\n<p style=\"text-align: justify\"><a href=\"https:\/\/semmelweis.hu\/jogigfoig\/files\/2020\/12\/202_2020_mell\u00e9klet.pdf\">A Semmelweis Egyetem Szen\u00e1tus\u00e1nak 202\/2020. (XI.26.) sz\u00e1m\u00fa hat\u00e1rozata\u00a0\u00a0a Semmelweis Egyetem Szervezeti \u00e9s M\u0171k\u00f6d\u00e9si Szab\u00e1lyzat III. K\u00f6nyv Hallgat\u00f3 k\u00f6vetelm\u00e9nyrendszer III.1. R\u00e9sz Felv\u00e9teli Szab\u00e1lyzat m\u00f3dos\u00edt\u00e1s\u00e1r\u00f3l \u2013 1.sz. mell\u00e9klet<\/a><\/p>\n<p style=\"text-align: justify\"><a href=\"https:\/\/semmelweis.hu\/jogigfoig\/files\/2020\/12\/203_2020_ETK_luganoi-k\u00e9pz\u00e9s-\u00fajraind\u00edt\u00e1s\u00e1r\u00f3l.pdf\">A Semmelweis Egyetem\u00a0Szen\u00e1tus\u00e1nak\u00a0203\/2020. (XI.26.) sz\u00e1m\u00fa hat\u00e1rozata a Szen\u00e1tus 125\/2019. (X.24.) sz\u00e1m\u00fa, az Eg\u00e9szs\u00e9gtudom\u00e1nyi Kar Kari Tan\u00e1cs\u00e1nak 2019. okt\u00f3ber 8-i z\u00e1rt \u00fcl\u00e9s\u00e9n hozott hat\u00e1rozata\u00a0t\u00e1rgy\u00e1ban hozott hat\u00e1rozata m\u00f3dos\u00edt\u00e1s\u00e1r\u00f3l<\/a><\/p>\n<p style=\"text-align: justify\"><a href=\"https:\/\/semmelweis.hu\/jogigfoig\/files\/2020\/12\/203_2020_Kancell\u00e1ri-egyet\u00e9rt\u00e9s.pdf\">A Semmelweis Egyetem Szen\u00e1tus\u00e1nak 203\/2020. (XI.26.) sz\u00e1m\u00fa hat\u00e1rozata a Szen\u00e1tus 125\/2019. (X.24.) sz\u00e1m\u00fa, az Eg\u00e9szs\u00e9gtudom\u00e1nyi Kar Kari Tan\u00e1cs\u00e1nak 2019. okt\u00f3ber 8-i z\u00e1rt \u00fcl\u00e9s\u00e9n hozott hat\u00e1rozata t\u00e1rgy\u00e1ban hozott hat\u00e1rozata m\u00f3dos\u00edt\u00e1s\u00e1r\u00f3l \u2013 kancell\u00e1ri egyet\u00e9rt\u00e9si jog gyakorl\u00e1sa<\/a><\/p>\n<p style=\"text-align: justify\"><a href=\"https:\/\/semmelweis.hu\/jogigfoig\/files\/2020\/12\/204_2020_EKK_szoci\u00e1lis-munka_tanterv-m\u00f3dos\u00edt\u00e1sa.pdf\">A Semmelweis Egyetem\u00a0Szen\u00e1tus\u00e1nak 204\/2020. (XI.26.) sz\u00e1m\u00fa hat\u00e1rozata az Eg\u00e9szs\u00e9g\u00fcgyi K\u00f6zszolg\u00e1lati Kar Ment\u00e1lhigi\u00e9n\u00e9 Int\u00e9zetiskolai szoci\u00e1lis munka szakir\u00e1ny\u00fa tov\u00e1bbk\u00e9pz\u00e9si szak tanterv\u00e9nek m\u00f3dos\u00edt\u00e1s\u00e1r\u00f3l<\/a><\/p>\n<p style=\"text-align: justify\"><a href=\"https:\/\/semmelweis.hu\/jogigfoig\/files\/2020\/12\/204_2020_Melleklet_tanulm\u00e1nyi-t\u00e1j\u00e9koztat\u00f3.pdf\">A Semmelweis Egyetem Szen\u00e1tus\u00e1nak 204\/2020. (XI.26.) sz\u00e1m\u00fa hat\u00e1rozata az Eg\u00e9szs\u00e9g\u00fcgyi K\u00f6zszolg\u00e1lati Kar Ment\u00e1lhigi\u00e9n\u00e9 Int\u00e9zetiskolai szoci\u00e1lis munka szakir\u00e1ny\u00fa tov\u00e1bbk\u00e9pz\u00e9si szak tanterv\u00e9nek m\u00f3dos\u00edt\u00e1s\u00e1r\u00f3l \u2013 1.sz. mell\u00e9klet<\/a><\/p>\n<p style=\"text-align: justify\"><a href=\"https:\/\/semmelweis.hu\/jogigfoig\/files\/2020\/12\/205_2020_TVSZ-m\u00f3dos\u00edt\u00e1s_PAK.pdf\">A Semmelweis Egyetem\u00a0Szen\u00e1tus\u00e1nak\u00a0205\/2020. (XI.26.) sz\u00e1m\u00fa hat\u00e1rozata a Semmelweis Egyetem Szervezeti \u00e9s M\u0171k\u00f6d\u00e9si Szab\u00e1lyzat &#8211; III. K\u00f6nyv Hallgat\u00f3i k\u00f6vetelm\u00e9nyrendszer &#8211; III.2. R\u00e9sz Tanulm\u00e1nyi \u00e9s Vizsgaszab\u00e1lyzat m\u00f3dos\u00edt\u00e1s\u00e1r\u00f3l<\/a><\/p>\n<p style=\"text-align: justify\"><a href=\"https:\/\/semmelweis.hu\/jogigfoig\/files\/2020\/12\/205_H\u00d6K-hat\u00e1rozat-TVSZ-hez.pdf\">A Semmelweis Egyetem Szen\u00e1tus\u00e1nak 205\/2020. (XI.26.) sz\u00e1m\u00fa hat\u00e1rozata a Semmelweis Egyetem Szervezeti \u00e9s M\u0171k\u00f6d\u00e9si Szab\u00e1lyzat &#8211; III. K\u00f6nyv Hallgat\u00f3i k\u00f6vetelm\u00e9nyrendszer &#8211; III.2. R\u00e9sz Tanulm\u00e1nyi \u00e9s Vizsgaszab\u00e1lyzat m\u00f3dos\u00edt\u00e1s\u00e1r\u00f3l \u2013 Hallgat\u00f3i \u00d6nkorm\u00e1nyzat egyet\u00e9rt\u00e9si jog gyakorl\u00e1sa<\/a><\/p>\n<p style=\"text-align: justify\"><a href=\"https:\/\/semmelweis.hu\/jogigfoig\/files\/2020\/12\/206_2020_Konduktor-MA-akkredit\u00e1ci\u00f3.pdf\">A Semmelweis Egyetem\u00a0Szen\u00e1tus\u00e1nak 206\/2020. (XI.26.) sz\u00e1m\u00fa hat\u00e1rozata a Pet\u0151 Andr\u00e1s Kar Konduktortan\u00e1r Mesterk\u00e9pz\u00e9s Szak akkredit\u00e1ci\u00f3ja\u00a0 beny\u00fajt\u00e1s\u00e1hoz<\/a><\/p>\n<p style=\"text-align: justify\"><a href=\"https:\/\/semmelweis.hu\/jogigfoig\/files\/2020\/12\/206_2020_Mell\u00e9klet_1.pdf\">A Semmelweis Egyetem Szen\u00e1tus\u00e1nak 206\/2020. (XI.26.) sz\u00e1m\u00fa hat\u00e1rozata a Pet\u0151 Andr\u00e1s Kar Konduktortan\u00e1r Mesterk\u00e9pz\u00e9s Szak akkredit\u00e1ci\u00f3ja\u00a0 beny\u00fajt\u00e1s\u00e1hoz \u2013 1.sz. mell\u00e9klet<\/a><\/p>\n<p style=\"text-align: justify\"><a href=\"https:\/\/semmelweis.hu\/jogigfoig\/files\/2020\/12\/206_2020_Mell\u00e9klet_2.pdf\">A Semmelweis Egyetem Szen\u00e1tus\u00e1nak 206\/2020. (XI.26.) sz\u00e1m\u00fa hat\u00e1rozata a Pet\u0151 Andr\u00e1s Kar Konduktortan\u00e1r Mesterk\u00e9pz\u00e9s Szak akkredit\u00e1ci\u00f3ja\u00a0 beny\u00fajt\u00e1s\u00e1hoz \u2013 2.sz. mell\u00e9klet<\/a><\/p>\n<p style=\"text-align: justify\"><a href=\"https:\/\/semmelweis.hu\/jogigfoig\/files\/2020\/12\/207_2020_Professopr-Emeritus-juttat\u00e1sok-meghosszab\u00edt\u00e1sa.pdf\">A Semmelweis Egyetem\u00a0Szen\u00e1tus\u00e1nak\u00a0207\/2020. (XI.26.) sz\u00e1m\u00fa hat\u00e1rozata a 2020. december 31-\u00e9n lej\u00e1r\u00f3, Professor Emeritus c\u00edmhez kapcsol\u00f3d\u00f3 juttat\u00e1sra vonatkoz\u00f3 meg\u00e1llapod\u00e1sok \u00f6t \u00e9ves id\u0151tartammal t\u00f6rt\u00e9n\u0151 meghosszabb\u00edt\u00e1s\u00e1r\u00f3l<\/a><\/p>\n<p style=\"text-align: justify\"><a href=\"https:\/\/semmelweis.hu\/jogigfoig\/files\/2020\/12\/207_2020_Kancell\u00e1ri-egyet\u00e9rt\u00e9s.pdf\">A Semmelweis Egyetem Szen\u00e1tus\u00e1nak 207\/2020. (XI.26.) sz\u00e1m\u00fa hat\u00e1rozata a 2020. december 31-\u00e9n lej\u00e1r\u00f3, Professor Emeritus c\u00edmhez kapcsol\u00f3d\u00f3 juttat\u00e1sra vonatkoz\u00f3 meg\u00e1llapod\u00e1sok \u00f6t \u00e9ves id\u0151tartammal t\u00f6rt\u00e9n\u0151 meghosszabb\u00edt\u00e1s\u00e1r\u00f3l \u2013 kancell\u00e1ri egyet\u00e9rt\u00e9si jog gyakorl\u00e1sa<\/a><\/p>\n<p style=\"text-align: justify\"><a href=\"https:\/\/semmelweis.hu\/jogigfoig\/files\/2020\/12\/207_2020_mell\u00e9klet.pdf\">A Semmelweis Egyetem Szen\u00e1tus\u00e1nak 207\/2020. (XI.26.) sz\u00e1m\u00fa hat\u00e1rozata a 2020. december 31-\u00e9n lej\u00e1r\u00f3, Professor Emeritus c\u00edmhez kapcsol\u00f3d\u00f3 juttat\u00e1sra vonatkoz\u00f3 meg\u00e1llapod\u00e1sok \u00f6t \u00e9ves id\u0151tartammal t\u00f6rt\u00e9n\u0151 meghosszabb\u00edt\u00e1s\u00e1r\u00f3l \u2013 1.sz. mell\u00e9klet<\/a><\/p>\n<p style=\"text-align: justify\"><a href=\"https:\/\/semmelweis.hu\/jogigfoig\/files\/2020\/12\/208_2020_Aktu\u00e1lis-vezet\u0151i.pdf\">A Semmelweis Egyetem\u00a0Szen\u00e1tus\u00e1nak\u00a0208\/2020. (XI.26.) sz\u00e1m\u00fa hat\u00e1rozata\u00a0az aktu\u00e1lis vezet\u0151i p\u00e1ly\u00e1zatok v\u00e9lem\u00e9nyez\u00e9s\u00e9r\u0151l<\/a><\/p>\n<p style=\"text-align: justify\"><a href=\"https:\/\/semmelweis.hu\/jogigfoig\/files\/2020\/12\/208_2020_Kancell\u00e1ri-egyet\u00e9rt\u00e9s.pdf\">A Semmelweis Egyetem Szen\u00e1tus\u00e1nak 208\/2020. (XI.26.) sz\u00e1m\u00fa hat\u00e1rozata az aktu\u00e1lis vezet\u0151i p\u00e1ly\u00e1zatok v\u00e9lem\u00e9nyez\u00e9s\u00e9r\u0151l \u2013 kancell\u00e1ri egyet\u00e9rt\u00e9si jog gyakorl\u00e1sa<\/a><\/p>\n<p style=\"text-align: justify\"><a href=\"https:\/\/semmelweis.hu\/jogigfoig\/files\/2020\/12\/209_2020_Kurrikulum-m\u00f3dos\u00edt\u00e1sa_\u00c1OK.pdf\">A Semmelweis Egyetem\u00a0Szen\u00e1tus\u00e1nak\u00a0209\/2020. (XI.26.) sz\u00e1m\u00fa hat\u00e1rozata az orvosk\u00e9pz\u00e9s kurrikulum\u00e1nak m\u00f3dos\u00edt\u00e1s\u00e1r\u00f3l<\/a><\/p>\n<p style=\"text-align: justify\"><a href=\"https:\/\/semmelweis.hu\/jogigfoig\/files\/2020\/12\/209_2020_Mell\u00e9klet_tanterv-korrekci\u00f3val.pdf\">A Semmelweis Egyetem Szen\u00e1tus\u00e1nak 209\/2020. (XI.26.) sz\u00e1m\u00fa hat\u00e1rozata az orvosk\u00e9pz\u00e9s kurrikulum\u00e1nak m\u00f3dos\u00edt\u00e1s\u00e1r\u00f3l \u2013 1.sz. mell\u00e9klet<\/a><\/p>\n","protected":false},"excerpt":{"rendered":"<p><a href=\"https:\/\/semmelweis.hu\/jogigfoig\/files\/2020\/12\/200_2020_A-Semmelweis-Egyetem-k\u00f6tel\u00e9k\u00e9ben-m\u0171k\u00f6d\u0151-sportegyes\u00fclet-alak\u00edt\u00e1s\u00e1r\u00f3l.pdf\">20A Semmelweis Egyetem Szen\u00e1tus\u00e1nak 200\/2020. (XI.26.) sz\u00e1m\u00fa hat\u00e1rozata A Semmelweis Egyetem k\u00f6tel\u00e9k\u00e9ben m\u0171k\u00f6d\u0151 sportegyes\u00fclet alak\u00edt\u00e1s\u00e1r\u00f3l<\/a><br \/>\n<a href=\"https:\/\/semmelweis.hu\/jogigfoig\/files\/2020\/12\/200_2020_Kancell\u00e1ri-egyet\u00e9rt\u00e9s.pdf\">A Semmelweis Egyetem Szen\u00e1tus\u00e1nak 200\/2020. (XI.26.) sz\u00e1m\u00fa hat\u00e1rozata A Semmelweis Egyetem k\u00f6tel\u00e9k\u00e9ben m\u0171k\u00f6d\u0151 sportegyes\u00fclet alak\u00edt\u00e1s\u00e1r\u00f3l \u2013 kancell\u00e1ri egyet\u00e9rt\u00e9si jog gyakorl\u00e1sa<\/a><br \/>\n<a href=\"https:\/\/semmelweis.hu\/jogigfoig\/files\/2020\/12\/201_2020_T\u00e1rsadalmi-munka-c\u00edm\u0171-szabadon-v\u00e1laszthat\u00f3-tant\u00e1rgyr\u00f3l.pdf\">A Semmelweis Egyetem\u00a0Szen\u00e1tus\u00e1nak\u00a0201\/2020. (XI.26.) sz\u00e1m\u00fa hat\u00e1rozata \u201eT\u00e1rsadalmi munka\u201d c\u00edm\u0171 szabadon v\u00e1laszthat\u00f3 tant\u00e1rgy bevezet\u00e9s\u00e9r\u0151l<\/a><br \/>\n<a href=\"https:\/\/semmelweis.hu\/jogigfoig\/files\/2020\/12\/201_2020_Kancell\u00e1ri-egyet\u00e9rt\u00e9s.pdf\">A Semmelweis Egyetem Szen\u00e1tus\u00e1nak 201\/2020. (XI.26.) sz\u00e1m\u00fa hat\u00e1rozata \u201eT\u00e1rsadalmi munka\u201d c\u00edm\u0171 szabadon v\u00e1laszthat\u00f3 tant\u00e1rgy bevezet\u00e9s\u00e9r\u0151l \u2013 kancell\u00e1ri egyet\u00e9rt\u00e9si jog gyakorl\u00e1sa<\/a><br \/>\n<a href=\"https:\/\/semmelweis.hu\/jogigfoig\/files\/2020\/12\/201_2020_Mell\u00e9klet_k\u00f6vetelm\u00e9nyrendszer.pdf\">A Semmelweis Egyetem Szen\u00e1tus\u00e1nak 201\/2020. (XI.26.) sz\u00e1m\u00fa hat\u00e1rozata \u201eT\u00e1rsadalmi munka\u201d c\u00edm\u0171 szabadon v\u00e1laszthat\u00f3 tant\u00e1rgy bevezet\u00e9s\u00e9r\u0151l \u2013 1.sz. mell\u00e9klet<\/a><br \/>\n<a href=\"https:\/\/semmelweis.hu\/jogigfoig\/files\/2020\/12\/202_2020_III.1.-R\u00e9sz-Felv\u00e9teli-Szab\u00e1lyzat-m\u00f3dos\u00edt\u00e1s\u00e1r\u00f3l.pdf\">A Semmelweis Egyetem\u00a0Szen\u00e1tus\u00e1nak\u00a0202\/2020. (XI.26.) sz\u00e1m\u00fa hat\u00e1rozata\u00a0\u00a0a Semmelweis Egyetem Szervezeti \u00e9s M\u0171k\u00f6d\u00e9si Szab\u00e1lyzat III. K\u00f6nyv Hallgat\u00f3 k\u00f6vetelm\u00e9nyrendszer III.1. R\u00e9sz Felv\u00e9teli Szab\u00e1lyzat m\u00f3dos\u00edt\u00e1s\u00e1r\u00f3l<\/a><br \/>\n<a href=\"https:\/\/semmelweis.hu\/jogigfoig\/files\/2020\/12\/202_2020_mell\u00e9klet.pdf\">A Semmelweis Egyetem Szen\u00e1tus\u00e1nak 202\/2020. (XI.26.) sz\u00e1m\u00fa hat\u00e1rozata\u00a0\u00a0a Semmelweis Egyetem Szervezeti \u00e9s M\u0171k\u00f6d\u00e9si Szab\u00e1lyzat III. K\u00f6nyv Hallgat\u00f3 k\u00f6vetelm\u00e9nyrendszer III.1. R\u00e9sz Felv\u00e9teli Szab\u00e1lyzat m\u00f3dos\u00edt\u00e1s\u00e1r\u00f3l \u2013 1.sz. mell\u00e9klet<\/a><br \/>\n<a href=\"https:\/\/semmelweis.hu\/jogigfoig\/files\/2020\/12\/203_2020_ETK_luganoi-k\u00e9pz\u00e9s-\u00fajraind\u00edt\u00e1s\u00e1r\u00f3l.pdf\">A Semmelweis Egyetem\u00a0Szen\u00e1tus\u00e1nak\u00a0203\/2020. (XI.26.) sz\u00e1m\u00fa hat\u00e1rozata a Szen\u00e1tus 125\/2019. (X.24.) sz\u00e1m\u00fa, az Eg\u00e9szs\u00e9gtudom\u00e1nyi Kar Kari Tan\u00e1cs\u00e1nak 2019. okt\u00f3ber 8-i z\u00e1rt \u00fcl\u00e9s\u00e9n hozott hat\u00e1rozata\u00a0t\u00e1rgy\u00e1ban hozott hat\u00e1rozata m\u00f3dos\u00edt\u00e1s\u00e1r\u00f3l<\/a><br \/>\n<a href=\"https:\/\/semmelweis.hu\/jogigfoig\/files\/2020\/12\/203_2020_Kancell\u00e1ri-egyet\u00e9rt\u00e9s.pdf\">A Semmelweis Egyetem Szen\u00e1tus\u00e1nak 203\/2020. (XI.26.) sz\u00e1m\u00fa hat\u00e1rozata a Szen\u00e1tus 125\/2019. (X.24.) sz\u00e1m\u00fa, az Eg\u00e9szs\u00e9gtudom\u00e1nyi Kar Kari Tan\u00e1cs\u00e1nak 2019. okt\u00f3ber 8-i z\u00e1rt \u00fcl\u00e9s\u00e9n hozott hat\u00e1rozata t\u00e1rgy\u00e1ban hozott hat\u00e1rozata m\u00f3dos\u00edt\u00e1s\u00e1r\u00f3l \u2013 kancell\u00e1ri egyet\u00e9rt\u00e9si jog gyakorl\u00e1sa<\/a><br \/>\n<a href=\"https:\/\/semmelweis.hu\/jogigfoig\/files\/2020\/12\/204_2020_EKK_szoci\u00e1lis-munka_tanterv-m\u00f3dos\u00edt\u00e1sa.pdf\">A Semmelweis Egyetem\u00a0Szen\u00e1tus\u00e1nak 204\/2020. (XI.26.) sz\u00e1m\u00fa hat\u00e1rozata az Eg\u00e9szs\u00e9g\u00fcgyi K\u00f6zszolg\u00e1lati Kar Ment\u00e1lhigi\u00e9n\u00e9 Int\u00e9zetiskolai szoci\u00e1lis munka szakir\u00e1ny\u00fa tov\u00e1bbk\u00e9pz\u00e9si szak tanterv\u00e9nek m\u00f3dos\u00edt\u00e1s\u00e1r\u00f3l<\/a><br \/>\n<a href=\"https:\/\/semmelweis.hu\/jogigfoig\/files\/2020\/12\/204_2020_Melleklet_tanulm\u00e1nyi-t\u00e1j\u00e9koztat\u00f3.pdf\">A Semmelweis Egyetem Szen\u00e1tus\u00e1nak 204\/2020. (XI.26.) sz\u00e1m\u00fa hat\u00e1rozata az Eg\u00e9szs\u00e9g\u00fcgyi K\u00f6zszolg\u00e1lati Kar Ment\u00e1lhigi\u00e9n\u00e9 Int\u00e9zetiskolai szoci\u00e1lis munka szakir\u00e1ny\u00fa tov\u00e1bbk\u00e9pz\u00e9si szak tanterv\u00e9nek m\u00f3dos\u00edt\u00e1s\u00e1r\u00f3l \u2013 1.sz. mell\u00e9klet<\/a><br \/>\n<a href=\"https:\/\/semmelweis.hu\/jogigfoig\/files\/2020\/12\/205_2020_TVSZ-m\u00f3dos\u00edt\u00e1s_PAK.pdf\">A Semmelweis Egyetem\u00a0Szen\u00e1tus\u00e1nak\u00a0205\/2020. (XI.26.) sz\u00e1m\u00fa hat\u00e1rozata a Semmelweis Egyetem Szervezeti \u00e9s M\u0171k\u00f6d\u00e9si Szab\u00e1lyzat &#8211; III. K\u00f6nyv Hallgat\u00f3i k\u00f6vetelm\u00e9nyrendszer &#8211; III.2. R\u00e9sz Tanulm\u00e1nyi \u00e9s Vizsgaszab\u00e1lyzat m\u00f3dos\u00edt\u00e1s\u00e1r\u00f3l<\/a><br \/>\n<a href=\"https:\/\/semmelweis.hu\/jogigfoig\/files\/2020\/12\/205_H\u00d6K-hat\u00e1rozat-TVSZ-hez.pdf\">A Semmelweis Egyetem Szen\u00e1tus\u00e1nak 205\/2020. (XI.26.) sz\u00e1m\u00fa hat\u00e1rozata a Semmelweis Egyetem Szervezeti \u00e9s M\u0171k\u00f6d\u00e9si Szab\u00e1lyzat &#8211; III. K\u00f6nyv Hallgat\u00f3i k\u00f6vetelm\u00e9nyrendszer &#8211; III.2. R\u00e9sz Tanulm\u00e1nyi \u00e9s Vizsgaszab\u00e1lyzat m\u00f3dos\u00edt\u00e1s\u00e1r\u00f3l \u2013 Hallgat\u00f3i \u00d6nkorm\u00e1nyzat egyet\u00e9rt\u00e9si jog gyakorl\u00e1sa<\/a><br \/>\n<a href=\"https:\/\/semmelweis.hu\/jogigfoig\/files\/2020\/12\/206_2020_Konduktor-MA-akkredit\u00e1ci\u00f3.pdf\">A Semmelweis Egyetem\u00a0Szen\u00e1tus\u00e1nak 206\/2020. (XI.26.) sz\u00e1m\u00fa hat\u00e1rozata a Pet\u0151 Andr\u00e1s Kar Konduktortan\u00e1r Mesterk\u00e9pz\u00e9s Szak akkredit\u00e1ci\u00f3ja\u00a0 beny\u00fajt\u00e1s\u00e1hoz<\/a><br \/>\n<a href=\"https:\/\/semmelweis.hu\/jogigfoig\/files\/2020\/12\/206_2020_Mell\u00e9klet_1.pdf\">A Semmelweis Egyetem Szen\u00e1tus\u00e1nak 206\/2020. (XI.26.) sz\u00e1m\u00fa hat\u00e1rozata a Pet\u0151 Andr\u00e1s Kar Konduktortan\u00e1r Mesterk\u00e9pz\u00e9s Szak akkredit\u00e1ci\u00f3ja\u00a0 beny\u00fajt\u00e1s\u00e1hoz \u2013 1.sz. mell\u00e9klet<\/a><br \/>\n<a href=\"https:\/\/semmelweis.hu\/jogigfoig\/files\/2020\/12\/206_2020_Mell\u00e9klet_2.pdf\">A Semmelweis Egyetem Szen\u00e1tus\u00e1nak 206\/2020. (XI.26.) sz\u00e1m\u00fa hat\u00e1rozata a Pet\u0151 Andr\u00e1s Kar Konduktortan\u00e1r Mesterk\u00e9pz\u00e9s Szak akkredit\u00e1ci\u00f3ja\u00a0 beny\u00fajt\u00e1s\u00e1hoz \u2013 2.sz. mell\u00e9klet<\/a><br \/>\n<a href=\"https:\/\/semmelweis.hu\/jogigfoig\/files\/2020\/12\/207_2020_Professopr-Emeritus-juttat\u00e1sok-meghosszab\u00edt\u00e1sa.pdf\">A Semmelweis Egyetem\u00a0Szen\u00e1tus\u00e1nak\u00a0207\/2020. (XI.26.) sz\u00e1m\u00fa hat\u00e1rozata a 2020. december 31-\u00e9n lej\u00e1r\u00f3, Professor Emeritus c\u00edmhez kapcsol\u00f3d\u00f3 juttat\u00e1sra vonatkoz\u00f3 meg\u00e1llapod\u00e1sok \u00f6t \u00e9ves id\u0151tartammal t\u00f6rt\u00e9n\u0151 meghosszabb\u00edt\u00e1s\u00e1r\u00f3l<\/a><br \/>\n<a href=\"https:\/\/semmelweis.hu\/jogigfoig\/files\/2020\/12\/207_2020_Kancell\u00e1ri-egyet\u00e9rt\u00e9s.pdf\">A Semmelweis Egyetem Szen\u00e1tus\u00e1nak 207\/2020. (XI.26.) sz\u00e1m\u00fa hat\u00e1rozata a 2020. december 31-\u00e9n lej\u00e1r\u00f3, Professor Emeritus c\u00edmhez kapcsol\u00f3d\u00f3 juttat\u00e1sra vonatkoz\u00f3 meg\u00e1llapod\u00e1sok \u00f6t \u00e9ves id\u0151tartammal t\u00f6rt\u00e9n\u0151 meghosszabb\u00edt\u00e1s\u00e1r\u00f3l \u2013 kancell\u00e1ri egyet\u00e9rt\u00e9si jog gyakorl\u00e1sa<\/a><br \/>\n<a href=\"https:\/\/semmelweis.hu\/jogigfoig\/files\/2020\/12\/207_2020_mell\u00e9klet.pdf\">A Semmelweis Egyetem Szen\u00e1tus\u00e1nak 207\/2020. (XI.26.) sz\u00e1m\u00fa hat\u00e1rozata a 2020. december 31-\u00e9n lej\u00e1r\u00f3, Professor Emeritus c\u00edmhez kapcsol\u00f3d\u00f3 juttat\u00e1sra vonatkoz\u00f3 meg\u00e1llapod\u00e1sok \u00f6t \u00e9ves id\u0151tartammal t\u00f6rt\u00e9n\u0151 meghosszabb\u00edt\u00e1s\u00e1r\u00f3l \u2013 1.sz. mell\u00e9klet<\/a><br \/>\n<a href=\"https:\/\/semmelweis.hu\/jogigfoig\/files\/2020\/12\/208_2020_Aktu\u00e1lis-vezet\u0151i.pdf\">A Semmelweis Egyetem\u00a0Szen\u00e1tus\u00e1nak\u00a0208\/2020. (XI.26.) sz\u00e1m\u00fa hat\u00e1rozata\u00a0az aktu\u00e1lis vezet\u0151i p\u00e1ly\u00e1zatok v\u00e9lem\u00e9nyez\u00e9s\u00e9r\u0151l<\/a><br \/>\n<a href=\"https:\/\/semmelweis.hu\/jogigfoig\/files\/2020\/12\/208_2020_Kancell\u00e1ri-egyet\u00e9rt\u00e9s.pdf\">A Semmelweis Egyetem Szen\u00e1tus\u00e1nak 208\/2020. (XI.26.) sz\u00e1m\u00fa hat\u00e1rozata az aktu\u00e1lis vezet\u0151i p\u00e1ly\u00e1zatok v\u00e9lem\u00e9nyez\u00e9s\u00e9r\u0151l \u2013 kancell\u00e1ri egyet\u00e9rt\u00e9si jog gyakorl\u00e1sa<\/a><br \/>\n<a href=\"https:\/\/semmelweis.hu\/jogigfoig\/files\/2020\/12\/209_2020_Kurrikulum-m\u00f3dos\u00edt\u00e1sa_\u00c1OK.pdf\">A Semmelweis Egyetem\u00a0Szen\u00e1tus\u00e1nak\u00a0209\/2020. (XI.26.) sz\u00e1m\u00fa hat\u00e1rozata az orvosk\u00e9pz\u00e9s kurrikulum\u00e1nak m\u00f3dos\u00edt\u00e1s\u00e1r\u00f3l<\/a><br \/>\n<a href=\"https:\/\/semmelweis.hu\/jogigfoig\/files\/2020\/12\/209_2020_Mell\u00e9klet_tanterv-korrekci\u00f3val.pdf\">A Semmelweis Egyetem Szen\u00e1tus\u00e1nak 209\/2020. (XI.26.) sz\u00e1m\u00fa hat\u00e1rozata az orvosk\u00e9pz\u00e9s kurrikulum\u00e1nak m\u00f3dos\u00edt\u00e1s\u00e1r\u00f3l \u2013 1.sz. mell\u00e9klet<\/a><\/p>\n","protected":false},"author":101467,"featured_media":0,"parent":74866,"menu_order":20,"comment_status":"closed","ping_status":"closed","template":"","meta":{"_acf_changed":false,"footnotes":""},"categories":[],"tags":[],"class_list":["post-78826","page","type-page","status-publish","hentry"],"acf":[],"_links":{"self":[{"href":"https:\/\/semmelweis.hu\/jogigfoig\/wp-json\/wp\/v2\/pages\/78826","targetHints":{"allow":["GET"]}}],"collection":[{"href":"https:\/\/semmelweis.hu\/jogigfoig\/wp-json\/wp\/v2\/pages"}],"about":[{"href":"https:\/\/semmelweis.hu\/jogigfoig\/wp-json\/wp\/v2\/types\/page"}],"author":[{"embeddable":true,"href":"https:\/\/semmelweis.hu\/jogigfoig\/wp-json\/wp\/v2\/users\/101467"}],"replies":[{"embeddable":true,"href":"https:\/\/semmelweis.hu\/jogigfoig\/wp-json\/wp\/v2\/comments?post=78826"}],"version-history":[{"count":3,"href":"https:\/\/semmelweis.hu\/jogigfoig\/wp-json\/wp\/v2\/pages\/78826\/revisions"}],"predecessor-version":[{"id":85642,"href":"https:\/\/semmelweis.hu\/jogigfoig\/wp-json\/wp\/v2\/pages\/78826\/revisions\/85642"}],"up":[{"embeddable":true,"href":"https:\/\/semmelweis.hu\/jogigfoig\/wp-json\/wp\/v2\/pages\/74866"}],"wp:attachment":[{"href":"https:\/\/semmelweis.hu\/jogigfoig\/wp-json\/wp\/v2\/media?parent=78826"}],"wp:term":[{"taxonomy":"category","embeddable":true,"href":"https:\/\/semmelweis.hu\/jogigfoig\/wp-json\/wp\/v2\/categories?post=78826"},{"taxonomy":"post_tag","embeddable":true,"href":"https:\/\/semmelweis.hu\/jogigfoig\/wp-json\/wp\/v2\/tags?post=78826"}],"curies":[{"name":"wp","href":"https:\/\/api.w.org\/{rel}","templated":true}]}}