{"id":78574,"date":"2020-11-13T10:52:26","date_gmt":"2020-11-13T09:52:26","guid":{"rendered":"https:\/\/semmelweis.hu\/jogigfoig\/?page_id=78574"},"modified":"2022-11-21T14:36:46","modified_gmt":"2022-11-21T13:36:46","slug":"2020-november-11","status":"publish","type":"page","link":"https:\/\/semmelweis.hu\/jogigfoig\/testuletek\/szenatus\/2020-evi-szenatusi-hatarozatok\/2020-november-11\/","title":{"rendered":"2020. november 11."},"content":{"rendered":"<p style=\"text-align: justify\"><a href=\"https:\/\/semmelweis.hu\/jogigfoig\/files\/2020\/11\/199_2020_j\u00e1rv\u00e1ny\u00fcgyi-feladatok_szabadon-v\u00e1laszthat\u00f3-tant\u00e1rgy.pdf\">A Semmelweis Egyetem\u00a0Szen\u00e1tus\u00e1nak\u00a0199\/2020. (XI.11.) sz\u00e1m\u00fa hat\u00e1rozata\u00a0\u201eA koronav\u00edrus okozta j\u00e1rv\u00e1ny\u00fcgyi vesz\u00e9lyhelyzettel \u00f6sszef\u00fcgg\u00e9sben ell\u00e1tott feladatokr\u00f3l\u201d c\u00edm\u0171 szabadon v\u00e1laszthat\u00f3 tant\u00e1rgyr\u00f3l<\/a><\/p>\n<p style=\"text-align: justify\"><a href=\"https:\/\/semmelweis.hu\/jogigfoig\/files\/2020\/11\/199_2020_kancell\u00e1ri-egyet\u00e9rt\u00e9s.pdf\">A Semmelweis Egyetem Szen\u00e1tus\u00e1nak 199\/2020. (XI.11.) sz\u00e1m\u00fa hat\u00e1rozata \u201eA koronav\u00edrus okozta j\u00e1rv\u00e1ny\u00fcgyi vesz\u00e9lyhelyzettel \u00f6sszef\u00fcgg\u00e9sben ell\u00e1tott feladatokr\u00f3l\u201d c\u00edm\u0171 szabadon v\u00e1laszthat\u00f3 tant\u00e1rgyr\u00f3l \u2013 kancell\u00e1ri egyet\u00e9rt\u00e9si jog gyakorl\u00e1sa<\/a><\/p>\n<p style=\"text-align: justify\"><a href=\"https:\/\/semmelweis.hu\/jogigfoig\/files\/2020\/11\/199_2020_mell\u00e9klet_J\u00e1rv\u00e1ny\u00fcgyi-feladatok_k\u00f6vetelm\u00e9nyrendszer.pdf\">A Semmelweis Egyetem Szen\u00e1tus\u00e1nak 199\/2020. (XI.11.) sz\u00e1m\u00fa hat\u00e1rozata \u201eA koronav\u00edrus okozta j\u00e1rv\u00e1ny\u00fcgyi vesz\u00e9lyhelyzettel \u00f6sszef\u00fcgg\u00e9sben ell\u00e1tott feladatokr\u00f3l\u201d c\u00edm\u0171 szabadon v\u00e1laszthat\u00f3 tant\u00e1rgyr\u00f3l &#8211; 1.sz. mell\u00e9klet<\/a><\/p>\n<p>&nbsp;<\/p>\n","protected":false},"excerpt":{"rendered":"<p><a href=\"https:\/\/semmelweis.hu\/jogigfoig\/files\/2020\/11\/199_2020_j\u00e1rv\u00e1ny\u00fcgyi-feladatok_szabadon-v\u00e1laszthat\u00f3-tant\u00e1rgy.pdf\">A Semmelweis Egyetem\u00a0Szen\u00e1tus\u00e1nak\u00a0199\/2020. (XI.11.) sz\u00e1m\u00fa hat\u00e1rozata\u00a0\u201eA koronav\u00edrus okozta j\u00e1rv\u00e1ny\u00fcgyi vesz\u00e9lyhelyzettel \u00f6sszef\u00fcgg\u00e9sben ell\u00e1tott feladatokr\u00f3l\u201d c\u00edm\u0171 szabadon v\u00e1laszthat\u00f3 tant\u00e1rgyr\u00f3l<\/a><br \/>\n<a href=\"https:\/\/semmelweis.hu\/jogigfoig\/files\/2020\/11\/199_2020_kancell\u00e1ri-egyet\u00e9rt\u00e9s.pdf\">A Semmelweis Egyetem Szen\u00e1tus\u00e1nak 199\/2020. (XI.11.) sz\u00e1m\u00fa hat\u00e1rozata \u201eA koronav\u00edrus okozta j\u00e1rv\u00e1ny\u00fcgyi vesz\u00e9lyhelyzettel \u00f6sszef\u00fcgg\u00e9sben ell\u00e1tott feladatokr\u00f3l\u201d c\u00edm\u0171 szabadon v\u00e1laszthat\u00f3 tant\u00e1rgyr\u00f3l \u2013 kancell\u00e1ri egyet\u00e9rt\u00e9si jog gyakorl\u00e1sa<\/a><br \/>\n<a href=\"https:\/\/semmelweis.hu\/jogigfoig\/files\/2020\/11\/199_2020_mell\u00e9klet_J\u00e1rv\u00e1ny\u00fcgyi-feladatok_k\u00f6vetelm\u00e9nyrendszer.pdf\">A Semmelweis Egyetem Szen\u00e1tus\u00e1nak 199\/2020. (XI.11.) sz\u00e1m\u00fa hat\u00e1rozata \u201eA koronav\u00edrus okozta j\u00e1rv\u00e1ny\u00fcgyi vesz\u00e9lyhelyzettel \u00f6sszef\u00fcgg\u00e9sben ell\u00e1tott feladatokr\u00f3l\u201d c\u00edm\u0171 szabadon v\u00e1laszthat\u00f3 tant\u00e1rgyr\u00f3l &#8211; 1.sz. mell\u00e9klet<\/a><br \/>\n&nbsp;<\/p>\n","protected":false},"author":101467,"featured_media":0,"parent":74866,"menu_order":19,"comment_status":"closed","ping_status":"closed","template":"","meta":{"_acf_changed":false,"footnotes":""},"categories":[],"tags":[],"class_list":["post-78574","page","type-page","status-publish","hentry"],"acf":[],"_links":{"self":[{"href":"https:\/\/semmelweis.hu\/jogigfoig\/wp-json\/wp\/v2\/pages\/78574","targetHints":{"allow":["GET"]}}],"collection":[{"href":"https:\/\/semmelweis.hu\/jogigfoig\/wp-json\/wp\/v2\/pages"}],"about":[{"href":"https:\/\/semmelweis.hu\/jogigfoig\/wp-json\/wp\/v2\/types\/page"}],"author":[{"embeddable":true,"href":"https:\/\/semmelweis.hu\/jogigfoig\/wp-json\/wp\/v2\/users\/101467"}],"replies":[{"embeddable":true,"href":"https:\/\/semmelweis.hu\/jogigfoig\/wp-json\/wp\/v2\/comments?post=78574"}],"version-history":[{"count":1,"href":"https:\/\/semmelweis.hu\/jogigfoig\/wp-json\/wp\/v2\/pages\/78574\/revisions"}],"predecessor-version":[{"id":78578,"href":"https:\/\/semmelweis.hu\/jogigfoig\/wp-json\/wp\/v2\/pages\/78574\/revisions\/78578"}],"up":[{"embeddable":true,"href":"https:\/\/semmelweis.hu\/jogigfoig\/wp-json\/wp\/v2\/pages\/74866"}],"wp:attachment":[{"href":"https:\/\/semmelweis.hu\/jogigfoig\/wp-json\/wp\/v2\/media?parent=78574"}],"wp:term":[{"taxonomy":"category","embeddable":true,"href":"https:\/\/semmelweis.hu\/jogigfoig\/wp-json\/wp\/v2\/categories?post=78574"},{"taxonomy":"post_tag","embeddable":true,"href":"https:\/\/semmelweis.hu\/jogigfoig\/wp-json\/wp\/v2\/tags?post=78574"}],"curies":[{"name":"wp","href":"https:\/\/api.w.org\/{rel}","templated":true}]}}