{"id":78536,"date":"2020-11-12T12:07:42","date_gmt":"2020-11-12T11:07:42","guid":{"rendered":"https:\/\/semmelweis.hu\/jogigfoig\/?page_id=78536"},"modified":"2022-11-21T14:36:36","modified_gmt":"2022-11-21T13:36:36","slug":"2020-oktober-29","status":"publish","type":"page","link":"https:\/\/semmelweis.hu\/jogigfoig\/testuletek\/szenatus\/2020-evi-szenatusi-hatarozatok\/2020-oktober-29\/","title":{"rendered":"2020. okt\u00f3ber 29."},"content":{"rendered":"<p style=\"text-align: justify\"><a href=\"https:\/\/semmelweis.hu\/jogigfoig\/files\/2020\/11\/190_2020_Szab\u00e1lyzatok-m\u00f3dos\u00edt\u00e1s\u00e1r\u00f3l.pdf\">A Semmelweis Egyetem\u00a0Szen\u00e1tus\u00e1nak\u00a0190\/2020. (X.29.) sz\u00e1m\u00fa hat\u00e1rozata\u00a0az egyetem r\u00e9sz\u00e9re szolg\u00e1ltat\u00e1si vagy egy\u00e9b gazdas\u00e1gi kihat\u00e1s\u00fa bev\u00e9tellel j\u00e1r\u00f3 szerz\u0151d\u00e9sekben foglalt k\u00f6telezetts\u00e9gek v\u00e9grehajt\u00e1s\u00e1val \u00e9s azok ellen\u0151rz\u00e9s\u00e9vel \u00f6sszef\u00fcgg\u0151 egyes szab\u00e1lyzatokban foglalt rendelkez\u00e9sek m\u00f3dos\u00edt\u00e1s\u00e1r\u00f3l<\/a><\/p>\n<p style=\"text-align: justify\"><a href=\"https:\/\/semmelweis.hu\/jogigfoig\/files\/2020\/11\/190_2020_kancell\u00e1ri-egyet\u00e9rt\u00e9s.pdf\">A Semmelweis Egyetem Szen\u00e1tus\u00e1nak 190\/2020. (X.29.) sz\u00e1m\u00fa hat\u00e1rozata az egyetem r\u00e9sz\u00e9re szolg\u00e1ltat\u00e1si vagy egy\u00e9b gazdas\u00e1gi kihat\u00e1s\u00fa bev\u00e9tellel j\u00e1r\u00f3 szerz\u0151d\u00e9sekben foglalt k\u00f6telezetts\u00e9gek v\u00e9grehajt\u00e1s\u00e1val \u00e9s azok ellen\u0151rz\u00e9s\u00e9vel \u00f6sszef\u00fcgg\u0151 egyes szab\u00e1lyzatokban foglalt rendelkez\u00e9sek m\u00f3dos\u00edt\u00e1s\u00e1r\u00f3l &#8211; kancell\u00e1ri egyet\u00e9rt\u00e9si jog gyakorl\u00e1sa<\/a><\/p>\n<p style=\"text-align: justify\"><a href=\"https:\/\/semmelweis.hu\/jogigfoig\/files\/2020\/11\/191_2020_\u00c1OK_szervezeti-v\u00e1ltoz\u00e1sok.pdf\">A Semmelweis Egyetem\u00a0Szen\u00e1tus\u00e1nak\u00a0191\/2020. (X. 29.) sz\u00e1m\u00fa hat\u00e1rozata\u00a0a \u201eReumatol\u00f3gia \u00e9s klinikai immunol\u00f3gia\u201d tant\u00e1rgy oktat\u00e1s\u00e1hoz kapcsol\u00f3d\u00f3\u00a0szervezeti v\u00e1ltoz\u00e1sokr\u00f3l<\/a><\/p>\n<p style=\"text-align: justify\"><a href=\"https:\/\/semmelweis.hu\/jogigfoig\/files\/2020\/11\/191_2020_kancell\u00e1ri-egyet\u00e9rt\u00e9s.pdf\">A Semmelweis Egyetem Szen\u00e1tus\u00e1nak 191\/2020. (X. 29.) sz\u00e1m\u00fa hat\u00e1rozata a \u201eReumatol\u00f3gia \u00e9s klinikai immunol\u00f3gia\u201d tant\u00e1rgy oktat\u00e1s\u00e1hoz kapcsol\u00f3d\u00f3 szervezeti v\u00e1ltoz\u00e1sokr\u00f3l &#8211; kancell\u00e1ri egyet\u00e9rt\u00e9si jog gyakorl\u00e1sa<\/a><\/p>\n<p style=\"text-align: justify\"><a href=\"https:\/\/semmelweis.hu\/jogigfoig\/files\/2020\/11\/191_2020_mell\u00e9klet.pdf\">A Semmelweis Egyetem Szen\u00e1tus\u00e1nak 191\/2020. (X. 29.) sz\u00e1m\u00fa hat\u00e1rozata a \u201eReumatol\u00f3gia \u00e9s klinikai immunol\u00f3gia\u201d tant\u00e1rgy oktat\u00e1s\u00e1hoz kapcsol\u00f3d\u00f3 szervezeti v\u00e1ltoz\u00e1sokr\u00f3l &#8211; 1.sz. mell\u00e9klet<\/a><\/p>\n<p style=\"text-align: justify\"><a href=\"https:\/\/semmelweis.hu\/jogigfoig\/files\/2020\/11\/192_2020_digit\u00e1lis-fog\u00e1szati-tervez\u00e9s-alapszak-ind\u00edt\u00e1sa.pdf\">A Semmelweis Egyetem\u00a0Szen\u00e1tus\u00e1nak\u00a0192\/2020. (X.29.) sz\u00e1m\u00fa hat\u00e1rozata\u00a0a \u201edigit\u00e1lis fog\u00e1szati tervez\u00e9s\u201d alapszak l\u00e9tes\u00edt\u00e9s\u00e9r\u0151l \u00e9s ind\u00edt\u00e1s\u00e1r\u00f3l<\/a><\/p>\n<p style=\"text-align: justify\"><a href=\"https:\/\/semmelweis.hu\/jogigfoig\/files\/2020\/11\/192_2020_kancell\u00e1ri-egyet\u00e9rt\u00e9s.pdf\">A Semmelweis Egyetem Szen\u00e1tus\u00e1nak 192\/2020. (X.29.) sz\u00e1m\u00fa hat\u00e1rozata a \u201edigit\u00e1lis fog\u00e1szati tervez\u00e9s\u201d alapszak l\u00e9tes\u00edt\u00e9s\u00e9r\u0151l \u00e9s ind\u00edt\u00e1s\u00e1r\u00f3l &#8211; kancell\u00e1ri egyet\u00e9rt\u00e9si jog gyakorl\u00e1sa<\/a><\/p>\n<p style=\"text-align: justify\"><a href=\"https:\/\/semmelweis.hu\/jogigfoig\/files\/2020\/11\/192_2020_mell\u00e9klet_mintatanterv.pdf\">A Semmelweis Egyetem Szen\u00e1tus\u00e1nak 192\/2020. (X.29.) sz\u00e1m\u00fa hat\u00e1rozata a \u201edigit\u00e1lis fog\u00e1szati tervez\u00e9s\u201d alapszak l\u00e9tes\u00edt\u00e9s\u00e9r\u0151l \u00e9s ind\u00edt\u00e1s\u00e1r\u00f3l &#8211; 1.sz. mell\u00e9klet<\/a><\/p>\n<p style=\"text-align: justify\"><a href=\"https:\/\/semmelweis.hu\/jogigfoig\/files\/2020\/11\/193_2020_FOK_bizotts\u00e1gok-szem\u00e9lyi-\u00f6sszet\u00e9tel\u00e9nek-m\u00f3dos\u00edt\u00e1sa.pdf\">A Semmelweis Egyetem\u00a0Szen\u00e1tus\u00e1nak\u00a0193\/2020. (X.29.) sz\u00e1m\u00fa hat\u00e1rozata\u00a0a Fogorvostudom\u00e1nyi Karon m\u0171k\u00f6d\u0151 Szen\u00e1tusi \u00c1lland\u00f3 Bizotts\u00e1gok szem\u00e9lyi \u00f6sszet\u00e9tel\u00e9ben bek\u00f6vetkezett v\u00e1ltoz\u00e1sok elfogad\u00e1s\u00e1r\u00f3l<\/a><\/p>\n<p style=\"text-align: justify\"><a href=\"https:\/\/semmelweis.hu\/jogigfoig\/files\/2020\/11\/194_2020_PAK-Kari-Tan\u00e1csa-\u00f6sszet\u00e9tel\u00e9nek-m\u00f3dos\u00edt\u00e1s\u00e1r\u00f3l.pdf\">A Semmelweis Egyetem\u00a0Szen\u00e1tus\u00e1nak\u00a0194\/2020. (X.29.) sz\u00e1m\u00fa hat\u00e1rozata\u00a0a Pet\u0151 Andr\u00e1s Kar Kari Tan\u00e1csa \u00f6sszet\u00e9tel\u00e9nek m\u00f3dos\u00edt\u00e1s\u00e1r\u00f3l<\/a><\/p>\n<p style=\"text-align: justify\"><a href=\"https:\/\/semmelweis.hu\/jogigfoig\/files\/2020\/11\/195_2020_PAK_bizotts\u00e1gok-szem\u00e9lyi-\u00f6sszet\u00e9tel\u00e9nek-meg\u00faj\u00edt\u00e1sa.pdf\">A Semmelweis Egyetem\u00a0Szen\u00e1tus\u00e1nak\u00a0195\/2020. (X.29.) sz\u00e1m\u00fa hat\u00e1rozata\u00a0A szen\u00e1tus \u00e1ltal l\u00e9trehozott a Pet\u0151 Andr\u00e1s Karon m\u0171k\u00f6d\u0151 \u00e1lland\u00f3 bizotts\u00e1gok\u00a0<em>(Tanulm\u00e1nyi \u00e9s Vizsgabizotts\u00e1g, Kredit\u00e1tviteli Bizotts\u00e1g, Etikai \u00e9s Fegyelmi Bizotts\u00e1g, Kiad\u00f3i \u00e9s K\u00f6nyvt\u00e1r Bizotts\u00e1g, Gyakorlati K\u00e9pz\u00e9si Bizotts\u00e1g)\u00a0<\/em>szem\u00e9lyi \u00f6sszet\u00e9tel\u00e9nek meg\u00faj\u00edt\u00e1s\u00e1r\u00f3l<\/a><\/p>\n<p style=\"text-align: justify\"><a href=\"https:\/\/semmelweis.hu\/jogigfoig\/files\/2020\/11\/195_2020_Mell\u00e9klet_tagok.pdf\">A Semmelweis Egyetem\u00a0Szen\u00e1tus\u00e1nak\u00a0195\/2020. (X.29.) sz\u00e1m\u00fa hat\u00e1rozata\u00a0A szen\u00e1tus \u00e1ltal l\u00e9trehozott a Pet\u0151 Andr\u00e1s Karon m\u0171k\u00f6d\u0151 \u00e1lland\u00f3 bizotts\u00e1gok\u00a0<em>(Tanulm\u00e1nyi \u00e9s Vizsgabizotts\u00e1g, Kredit\u00e1tviteli Bizotts\u00e1g, Etikai \u00e9s Fegyelmi Bizotts\u00e1g, Kiad\u00f3i \u00e9s K\u00f6nyvt\u00e1r Bizotts\u00e1g, Gyakorlati K\u00e9pz\u00e9si Bizotts\u00e1g)\u00a0<\/em>szem\u00e9lyi \u00f6sszet\u00e9tel\u00e9nek meg\u00faj\u00edt\u00e1s\u00e1r\u00f3l &#8211; 1.sz. mell\u00e9klet<\/a><\/p>\n<p style=\"text-align: justify\"><a href=\"https:\/\/semmelweis.hu\/jogigfoig\/files\/2020\/11\/196_2020_D\u00d6K_bizotts\u00e1gok-szem\u00e9lyi-\u00f6sszet\u00e9tel\u00e9nek-m\u00f3dos\u00edt\u00e1s\u00e1r\u00f3l.pdf\">A Semmelweis Egyetem\u00a0Szen\u00e1tus\u00e1nak\u00a0196\/2020. (X.29.) sz\u00e1m\u00fa hat\u00e1rozata\u00a0a szen\u00e1tus \u00e1ltal l\u00e9trehozott, az egyetem eg\u00e9sz\u00e9re kiterjed\u0151, hat\u00e1sk\u00f6rrel rendelkez\u0151 \u00e1lland\u00f3 bizotts\u00e1gok &#8211; <em>Munkahelyi \u00e9s \u00c1llatj\u00f3l\u00e9ti Bizotts\u00e1g,<\/em> <em>Min\u0151s\u00e9gfejleszt\u00e9si,<\/em> <em>\u00e9s Min\u0151s\u00e9g\u00e9rt\u00e9kel\u0151 Bizotts\u00e1g, Habilit\u00e1ci\u00f3s Bizotts\u00e1g<\/em> doktorandusz hallgat\u00f3i szem\u00e9lyi \u00f6sszet\u00e9tel\u00e9nek m\u00f3dos\u00edt\u00e1s\u00e1r\u00f3l<\/a><\/p>\n<p style=\"text-align: justify\"><a href=\"https:\/\/semmelweis.hu\/jogigfoig\/files\/2020\/11\/196_2020_mell\u00e9klet_D\u00d6K-V\u00e1lasztm\u00e1ny-hat\u00e1rozat.pdf\">A Semmelweis Egyetem\u00a0Szen\u00e1tus\u00e1nak\u00a0196\/2020. (X.29.) sz\u00e1m\u00fa hat\u00e1rozata\u00a0a szen\u00e1tus \u00e1ltal l\u00e9trehozott, az egyetem eg\u00e9sz\u00e9re kiterjed\u0151, hat\u00e1sk\u00f6rrel rendelkez\u0151 \u00e1lland\u00f3 bizotts\u00e1gok &#8211; <em>Munkahelyi \u00e9s \u00c1llatj\u00f3l\u00e9ti Bizotts\u00e1g,<\/em> <em>Min\u0151s\u00e9gfejleszt\u00e9si,<\/em> <em>\u00e9s Min\u0151s\u00e9g\u00e9rt\u00e9kel\u0151 Bizotts\u00e1g, Habilit\u00e1ci\u00f3s Bizotts\u00e1g<\/em> doktorandusz hallgat\u00f3i szem\u00e9lyi \u00f6sszet\u00e9tel\u00e9nek m\u00f3dos\u00edt\u00e1s\u00e1r\u00f3l &#8211; 1.sz. mell\u00e9klet<\/a><\/p>\n<p style=\"text-align: justify\"><a href=\"https:\/\/semmelweis.hu\/jogigfoig\/files\/2020\/11\/197_2020_Kit\u00fcntet\u00e9si-szab\u00e1lyzat-m\u00f3dos\u00edt\u00e1s\u00e1r\u00f3l.pdf\">A Semmelweis Egyetem\u00a0Szen\u00e1tus\u00e1nak\u00a0197\/2020. (X.29.) sz\u00e1m\u00fa hat\u00e1rozata\u00a0az Egyetemi kit\u00fcntet\u00e9sek, d\u00edjak adom\u00e1nyoz\u00e1s\u00e1r\u00f3l, valamint az \u00e1llami kit\u00fcntet\u00e9sek felterjeszt\u00e9si elj\u00e1r\u00e1s\u00e1r\u00f3l sz\u00f3l\u00f3 szab\u00e1lyzat m\u00f3dos\u00edt\u00e1s\u00e1r\u00f3l<\/a><\/p>\n<p style=\"text-align: justify\"><a href=\"https:\/\/semmelweis.hu\/jogigfoig\/files\/2020\/11\/197_2020_kancell\u00e1ri-egyet\u00e9rt\u00e9s.pdf\">A Semmelweis Egyetem Szen\u00e1tus\u00e1nak 197\/2020. (X.29.) sz\u00e1m\u00fa hat\u00e1rozata az Egyetemi kit\u00fcntet\u00e9sek, d\u00edjak adom\u00e1nyoz\u00e1s\u00e1r\u00f3l, valamint az \u00e1llami kit\u00fcntet\u00e9sek felterjeszt\u00e9si elj\u00e1r\u00e1s\u00e1r\u00f3l sz\u00f3l\u00f3 szab\u00e1lyzat m\u00f3dos\u00edt\u00e1s\u00e1r\u00f3l &#8211; kancell\u00e1ri egyet\u00e9rt\u00e9si jog gyakorl\u00e1sa<\/a><\/p>\n<p style=\"text-align: justify\"><a href=\"https:\/\/semmelweis.hu\/jogigfoig\/files\/2020\/11\/197_2020_mell\u00e9klet.pdf\">A Semmelweis Egyetem Szen\u00e1tus\u00e1nak 197\/2020. (X.29.) sz\u00e1m\u00fa hat\u00e1rozata az Egyetemi kit\u00fcntet\u00e9sek, d\u00edjak adom\u00e1nyoz\u00e1s\u00e1r\u00f3l, valamint az \u00e1llami kit\u00fcntet\u00e9sek felterjeszt\u00e9si elj\u00e1r\u00e1s\u00e1r\u00f3l sz\u00f3l\u00f3 szab\u00e1lyzat m\u00f3dos\u00edt\u00e1s\u00e1r\u00f3l &#8211; 1.sz. mell\u00e9klet<\/a><\/p>\n<p style=\"text-align: justify\"><a href=\"https:\/\/semmelweis.hu\/jogigfoig\/files\/2020\/11\/198_2020_Aktu\u00e1lis-vezet\u0151i-p\u00e1ly\u00e1zatok-v\u00e9lem\u00e9nyez\u00e9s\u00e9r\u0151l.pdf\">A Semmelweis Egyetem\u00a0Szen\u00e1tus\u00e1nak\u00a0198\/2020. (X.29.) sz\u00e1m\u00fa hat\u00e1rozata\u00a0az aktu\u00e1lis vezet\u0151i p\u00e1ly\u00e1zatok v\u00e9lem\u00e9nyez\u00e9s\u00e9r\u0151l<\/a><\/p>\n<p style=\"text-align: justify\"><a href=\"https:\/\/semmelweis.hu\/jogigfoig\/files\/2020\/11\/198_2020_kancell\u00e1ri-egyet\u00e9rt\u00e9s.pdf\">A Semmelweis Egyetem Szen\u00e1tus\u00e1nak 198\/2020. (X.29.) sz\u00e1m\u00fa hat\u00e1rozata az aktu\u00e1lis vezet\u0151i p\u00e1ly\u00e1zatok v\u00e9lem\u00e9nyez\u00e9s\u00e9r\u0151l &#8211; kancell\u00e1ri egyet\u00e9rt\u00e9si jog gyakorl\u00e1sa<\/a><\/p>\n","protected":false},"excerpt":{"rendered":"<p><a href=\"https:\/\/semmelweis.hu\/jogigfoig\/files\/2020\/11\/190_2020_Szab\u00e1lyzatok-m\u00f3dos\u00edt\u00e1s\u00e1r\u00f3l.pdf\">A Semmelweis Egyetem\u00a0Szen\u00e1tus\u00e1nak\u00a0190\/2020. (X.29.) sz\u00e1m\u00fa hat\u00e1rozata\u00a0az egyetem r\u00e9sz\u00e9re szolg\u00e1ltat\u00e1si vagy egy\u00e9b gazdas\u00e1gi kihat\u00e1s\u00fa bev\u00e9tellel j\u00e1r\u00f3 szerz\u0151d\u00e9sekben foglalt k\u00f6telezetts\u00e9gek v\u00e9grehajt\u00e1s\u00e1val \u00e9s azok ellen\u0151rz\u00e9s\u00e9vel \u00f6sszef\u00fcgg\u0151 egyes szab\u00e1lyzatokban foglalt rendelkez\u00e9sek m\u00f3dos\u00edt\u00e1s\u00e1r\u00f3l<\/a><br \/>\n<a href=\"https:\/\/semmelweis.hu\/jogigfoig\/files\/2020\/11\/190_2020_kancell\u00e1ri-egyet\u00e9rt\u00e9s.pdf\">A Semmelweis Egyetem Szen\u00e1tus\u00e1nak 190\/2020. (X.29.) sz\u00e1m\u00fa hat\u00e1rozata az egyetem r\u00e9sz\u00e9re szolg\u00e1ltat\u00e1si vagy egy\u00e9b gazdas\u00e1gi kihat\u00e1s\u00fa bev\u00e9tellel j\u00e1r\u00f3 szerz\u0151d\u00e9sekben foglalt k\u00f6telezetts\u00e9gek v\u00e9grehajt\u00e1s\u00e1val \u00e9s azok ellen\u0151rz\u00e9s\u00e9vel \u00f6sszef\u00fcgg\u0151 egyes szab\u00e1lyzatokban foglalt rendelkez\u00e9sek m\u00f3dos\u00edt\u00e1s\u00e1r\u00f3l &#8211; kancell\u00e1ri egyet\u00e9rt\u00e9si jog gyakorl\u00e1sa<\/a><br \/>\n<a href=\"https:\/\/semmelweis.hu\/jogigfoig\/files\/2020\/11\/191_2020_\u00c1OK_szervezeti-v\u00e1ltoz\u00e1sok.pdf\">A Semmelweis Egyetem\u00a0Szen\u00e1tus\u00e1nak\u00a0191\/2020. (X. 29.) sz\u00e1m\u00fa hat\u00e1rozata\u00a0a \u201eReumatol\u00f3gia \u00e9s klinikai immunol\u00f3gia\u201d tant\u00e1rgy oktat\u00e1s\u00e1hoz kapcsol\u00f3d\u00f3\u00a0szervezeti v\u00e1ltoz\u00e1sokr\u00f3l<\/a><br \/>\n<a href=\"https:\/\/semmelweis.hu\/jogigfoig\/files\/2020\/11\/191_2020_kancell\u00e1ri-egyet\u00e9rt\u00e9s.pdf\">A Semmelweis Egyetem Szen\u00e1tus\u00e1nak 191\/2020. (X. 29.) sz\u00e1m\u00fa hat\u00e1rozata a \u201eReumatol\u00f3gia \u00e9s klinikai immunol\u00f3gia\u201d tant\u00e1rgy oktat\u00e1s\u00e1hoz kapcsol\u00f3d\u00f3 szervezeti v\u00e1ltoz\u00e1sokr\u00f3l &#8211; kancell\u00e1ri egyet\u00e9rt\u00e9si jog gyakorl\u00e1sa<\/a><br \/>\n<a href=\"https:\/\/semmelweis.hu\/jogigfoig\/files\/2020\/11\/191_2020_mell\u00e9klet.pdf\">A Semmelweis Egyetem Szen\u00e1tus\u00e1nak 191\/2020. (X. 29.) sz\u00e1m\u00fa hat\u00e1rozata a \u201eReumatol\u00f3gia \u00e9s klinikai immunol\u00f3gia\u201d tant\u00e1rgy oktat\u00e1s\u00e1hoz kapcsol\u00f3d\u00f3 szervezeti v\u00e1ltoz\u00e1sokr\u00f3l &#8211; 1.sz. mell\u00e9klet<\/a><br \/>\n<a href=\"https:\/\/semmelweis.hu\/jogigfoig\/files\/2020\/11\/192_2020_digit\u00e1lis-fog\u00e1szati-tervez\u00e9s-alapszak-ind\u00edt\u00e1sa.pdf\">A Semmelweis Egyetem\u00a0Szen\u00e1tus\u00e1nak\u00a0192\/2020. (X.29.) sz\u00e1m\u00fa hat\u00e1rozata\u00a0a \u201edigit\u00e1lis fog\u00e1szati tervez\u00e9s\u201d alapszak l\u00e9tes\u00edt\u00e9s\u00e9r\u0151l \u00e9s ind\u00edt\u00e1s\u00e1r\u00f3l<\/a><br \/>\n<a href=\"https:\/\/semmelweis.hu\/jogigfoig\/files\/2020\/11\/192_2020_kancell\u00e1ri-egyet\u00e9rt\u00e9s.pdf\">A Semmelweis Egyetem Szen\u00e1tus\u00e1nak 192\/2020. (X.29.) sz\u00e1m\u00fa hat\u00e1rozata a \u201edigit\u00e1lis fog\u00e1szati tervez\u00e9s\u201d alapszak l\u00e9tes\u00edt\u00e9s\u00e9r\u0151l \u00e9s ind\u00edt\u00e1s\u00e1r\u00f3l &#8211; kancell\u00e1ri egyet\u00e9rt\u00e9si jog gyakorl\u00e1sa<\/a><br \/>\n<a href=\"https:\/\/semmelweis.hu\/jogigfoig\/files\/2020\/11\/192_2020_mell\u00e9klet_mintatanterv.pdf\">A Semmelweis Egyetem Szen\u00e1tus\u00e1nak 192\/2020. (X.29.) sz\u00e1m\u00fa hat\u00e1rozata a \u201edigit\u00e1lis fog\u00e1szati tervez\u00e9s\u201d alapszak l\u00e9tes\u00edt\u00e9s\u00e9r\u0151l \u00e9s ind\u00edt\u00e1s\u00e1r\u00f3l &#8211; 1.sz. mell\u00e9klet<\/a><br \/>\n<a href=\"https:\/\/semmelweis.hu\/jogigfoig\/files\/2020\/11\/193_2020_FOK_bizotts\u00e1gok-szem\u00e9lyi-\u00f6sszet\u00e9tel\u00e9nek-m\u00f3dos\u00edt\u00e1sa.pdf\">A Semmelweis Egyetem\u00a0Szen\u00e1tus\u00e1nak\u00a0193\/2020. (X.29.) sz\u00e1m\u00fa hat\u00e1rozata\u00a0a Fogorvostudom\u00e1nyi Karon m\u0171k\u00f6d\u0151 Szen\u00e1tusi \u00c1lland\u00f3 Bizotts\u00e1gok szem\u00e9lyi \u00f6sszet\u00e9tel\u00e9ben bek\u00f6vetkezett v\u00e1ltoz\u00e1sok elfogad\u00e1s\u00e1r\u00f3l<\/a><br \/>\n<a href=\"https:\/\/semmelweis.hu\/jogigfoig\/files\/2020\/11\/194_2020_PAK-Kari-Tan\u00e1csa-\u00f6sszet\u00e9tel\u00e9nek-m\u00f3dos\u00edt\u00e1s\u00e1r\u00f3l.pdf\">A Semmelweis Egyetem\u00a0Szen\u00e1tus\u00e1nak\u00a0194\/2020. (X.29.) sz\u00e1m\u00fa hat\u00e1rozata\u00a0a Pet\u0151 Andr\u00e1s Kar Kari Tan\u00e1csa \u00f6sszet\u00e9tel\u00e9nek m\u00f3dos\u00edt\u00e1s\u00e1r\u00f3l<\/a><br \/>\n<a href=\"https:\/\/semmelweis.hu\/jogigfoig\/files\/2020\/11\/195_2020_PAK_bizotts\u00e1gok-szem\u00e9lyi-\u00f6sszet\u00e9tel\u00e9nek-meg\u00faj\u00edt\u00e1sa.pdf\">A Semmelweis Egyetem\u00a0Szen\u00e1tus\u00e1nak\u00a0195\/2020. (X.29.) sz\u00e1m\u00fa hat\u00e1rozata\u00a0A szen\u00e1tus \u00e1ltal l\u00e9trehozott a Pet\u0151 Andr\u00e1s Karon m\u0171k\u00f6d\u0151 \u00e1lland\u00f3 bizotts\u00e1gok\u00a0(Tanulm\u00e1nyi \u00e9s Vizsgabizotts\u00e1g, Kredit\u00e1tviteli Bizotts\u00e1g, Etikai \u00e9s Fegyelmi Bizotts\u00e1g, Kiad\u00f3i \u00e9s K\u00f6nyvt\u00e1r Bizotts\u00e1g, Gyakorlati K\u00e9pz\u00e9si Bizotts\u00e1g)\u00a0szem\u00e9lyi \u00f6sszet\u00e9tel\u00e9nek meg\u00faj\u00edt\u00e1s\u00e1r\u00f3l<\/a><br \/>\n<a href=\"https:\/\/semmelweis.hu\/jogigfoig\/files\/2020\/11\/195_2020_Mell\u00e9klet_tagok.pdf\">A Semmelweis Egyetem\u00a0Szen\u00e1tus\u00e1nak\u00a0195\/2020. (X.29.) sz\u00e1m\u00fa hat\u00e1rozata\u00a0A szen\u00e1tus \u00e1ltal l\u00e9trehozott a Pet\u0151 Andr\u00e1s Karon m\u0171k\u00f6d\u0151 \u00e1lland\u00f3 bizotts\u00e1gok\u00a0(Tanulm\u00e1nyi \u00e9s Vizsgabizotts\u00e1g, Kredit\u00e1tviteli Bizotts\u00e1g, Etikai \u00e9s Fegyelmi Bizotts\u00e1g, Kiad\u00f3i \u00e9s K\u00f6nyvt\u00e1r Bizotts\u00e1g, Gyakorlati K\u00e9pz\u00e9si Bizotts\u00e1g)\u00a0szem\u00e9lyi \u00f6sszet\u00e9tel\u00e9nek meg\u00faj\u00edt\u00e1s\u00e1r\u00f3l &#8211; 1.sz. mell\u00e9klet<\/a><br \/>\n<a href=\"https:\/\/semmelweis.hu\/jogigfoig\/files\/2020\/11\/196_2020_D\u00d6K_bizotts\u00e1gok-szem\u00e9lyi-\u00f6sszet\u00e9tel\u00e9nek-m\u00f3dos\u00edt\u00e1s\u00e1r\u00f3l.pdf\">A Semmelweis Egyetem\u00a0Szen\u00e1tus\u00e1nak\u00a0196\/2020. (X.29.) sz\u00e1m\u00fa hat\u00e1rozata\u00a0a szen\u00e1tus \u00e1ltal l\u00e9trehozott, az egyetem eg\u00e9sz\u00e9re kiterjed\u0151, hat\u00e1sk\u00f6rrel rendelkez\u0151 \u00e1lland\u00f3 bizotts\u00e1gok &#8211; Munkahelyi \u00e9s \u00c1llatj\u00f3l\u00e9ti Bizotts\u00e1g, Min\u0151s\u00e9gfejleszt\u00e9si, \u00e9s Min\u0151s\u00e9g\u00e9rt\u00e9kel\u0151 Bizotts\u00e1g, Habilit\u00e1ci\u00f3s Bizotts\u00e1g doktorandusz hallgat\u00f3i szem\u00e9lyi \u00f6sszet\u00e9tel\u00e9nek m\u00f3dos\u00edt\u00e1s\u00e1r\u00f3l<\/a><br \/>\n<a href=\"https:\/\/semmelweis.hu\/jogigfoig\/files\/2020\/11\/196_2020_mell\u00e9klet_D\u00d6K-V\u00e1lasztm\u00e1ny-hat\u00e1rozat.pdf\">A Semmelweis Egyetem\u00a0Szen\u00e1tus\u00e1nak\u00a0196\/2020. (X.29.) sz\u00e1m\u00fa hat\u00e1rozata\u00a0a szen\u00e1tus \u00e1ltal l\u00e9trehozott, az egyetem eg\u00e9sz\u00e9re kiterjed\u0151, hat\u00e1sk\u00f6rrel rendelkez\u0151 \u00e1lland\u00f3 bizotts\u00e1gok &#8211; Munkahelyi \u00e9s \u00c1llatj\u00f3l\u00e9ti Bizotts\u00e1g, Min\u0151s\u00e9gfejleszt\u00e9si, \u00e9s Min\u0151s\u00e9g\u00e9rt\u00e9kel\u0151 Bizotts\u00e1g, Habilit\u00e1ci\u00f3s Bizotts\u00e1g doktorandusz hallgat\u00f3i szem\u00e9lyi \u00f6sszet\u00e9tel\u00e9nek m\u00f3dos\u00edt\u00e1s\u00e1r\u00f3l &#8211; 1.sz. mell\u00e9klet<\/a><br \/>\n<a href=\"https:\/\/semmelweis.hu\/jogigfoig\/files\/2020\/11\/197_2020_Kit\u00fcntet\u00e9si-szab\u00e1lyzat-m\u00f3dos\u00edt\u00e1s\u00e1r\u00f3l.pdf\">A Semmelweis Egyetem\u00a0Szen\u00e1tus\u00e1nak\u00a0197\/2020. (X.29.) sz\u00e1m\u00fa hat\u00e1rozata\u00a0az Egyetemi kit\u00fcntet\u00e9sek, d\u00edjak adom\u00e1nyoz\u00e1s\u00e1r\u00f3l, valamint az \u00e1llami kit\u00fcntet\u00e9sek felterjeszt\u00e9si elj\u00e1r\u00e1s\u00e1r\u00f3l sz\u00f3l\u00f3 szab\u00e1lyzat m\u00f3dos\u00edt\u00e1s\u00e1r\u00f3l<\/a><br \/>\n<a href=\"https:\/\/semmelweis.hu\/jogigfoig\/files\/2020\/11\/197_2020_kancell\u00e1ri-egyet\u00e9rt\u00e9s.pdf\">A Semmelweis Egyetem Szen\u00e1tus\u00e1nak 197\/2020. (X.29.) sz\u00e1m\u00fa hat\u00e1rozata az Egyetemi kit\u00fcntet\u00e9sek, d\u00edjak adom\u00e1nyoz\u00e1s\u00e1r\u00f3l, valamint az \u00e1llami kit\u00fcntet\u00e9sek felterjeszt\u00e9si elj\u00e1r\u00e1s\u00e1r\u00f3l sz\u00f3l\u00f3 szab\u00e1lyzat m\u00f3dos\u00edt\u00e1s\u00e1r\u00f3l &#8211; kancell\u00e1ri egyet\u00e9rt\u00e9si jog gyakorl\u00e1sa<\/a><br \/>\n<a href=\"https:\/\/semmelweis.hu\/jogigfoig\/files\/2020\/11\/197_2020_mell\u00e9klet.pdf\">A Semmelweis Egyetem Szen\u00e1tus\u00e1nak 197\/2020. (X.29.) sz\u00e1m\u00fa hat\u00e1rozata az Egyetemi kit\u00fcntet\u00e9sek, d\u00edjak adom\u00e1nyoz\u00e1s\u00e1r\u00f3l, valamint az \u00e1llami kit\u00fcntet\u00e9sek felterjeszt\u00e9si elj\u00e1r\u00e1s\u00e1r\u00f3l sz\u00f3l\u00f3 szab\u00e1lyzat m\u00f3dos\u00edt\u00e1s\u00e1r\u00f3l &#8211; 1.sz. mell\u00e9klet<\/a><br \/>\n<a href=\"https:\/\/semmelweis.hu\/jogigfoig\/files\/2020\/11\/198_2020_Aktu\u00e1lis-vezet\u0151i-p\u00e1ly\u00e1zatok-v\u00e9lem\u00e9nyez\u00e9s\u00e9r\u0151l.pdf\">A Semmelweis Egyetem\u00a0Szen\u00e1tus\u00e1nak\u00a0198\/2020. (X.29.) sz\u00e1m\u00fa hat\u00e1rozata\u00a0az aktu\u00e1lis vezet\u0151i p\u00e1ly\u00e1zatok v\u00e9lem\u00e9nyez\u00e9s\u00e9r\u0151l<\/a><br \/>\n<a href=\"https:\/\/semmelweis.hu\/jogigfoig\/files\/2020\/11\/198_2020_kancell\u00e1ri-egyet\u00e9rt\u00e9s.pdf\">A Semmelweis Egyetem Szen\u00e1tus\u00e1nak 198\/2020. (X.29.) sz\u00e1m\u00fa hat\u00e1rozata az aktu\u00e1lis vezet\u0151i p\u00e1ly\u00e1zatok v\u00e9lem\u00e9nyez\u00e9s\u00e9r\u0151l &#8211; kancell\u00e1ri egyet\u00e9rt\u00e9si jog gyakorl\u00e1sa<\/a><\/p>\n","protected":false},"author":101467,"featured_media":0,"parent":74866,"menu_order":18,"comment_status":"closed","ping_status":"closed","template":"","meta":{"_acf_changed":false,"footnotes":""},"categories":[],"tags":[],"class_list":["post-78536","page","type-page","status-publish","hentry"],"acf":[],"_links":{"self":[{"href":"https:\/\/semmelweis.hu\/jogigfoig\/wp-json\/wp\/v2\/pages\/78536","targetHints":{"allow":["GET"]}}],"collection":[{"href":"https:\/\/semmelweis.hu\/jogigfoig\/wp-json\/wp\/v2\/pages"}],"about":[{"href":"https:\/\/semmelweis.hu\/jogigfoig\/wp-json\/wp\/v2\/types\/page"}],"author":[{"embeddable":true,"href":"https:\/\/semmelweis.hu\/jogigfoig\/wp-json\/wp\/v2\/users\/101467"}],"replies":[{"embeddable":true,"href":"https:\/\/semmelweis.hu\/jogigfoig\/wp-json\/wp\/v2\/comments?post=78536"}],"version-history":[{"count":1,"href":"https:\/\/semmelweis.hu\/jogigfoig\/wp-json\/wp\/v2\/pages\/78536\/revisions"}],"predecessor-version":[{"id":78556,"href":"https:\/\/semmelweis.hu\/jogigfoig\/wp-json\/wp\/v2\/pages\/78536\/revisions\/78556"}],"up":[{"embeddable":true,"href":"https:\/\/semmelweis.hu\/jogigfoig\/wp-json\/wp\/v2\/pages\/74866"}],"wp:attachment":[{"href":"https:\/\/semmelweis.hu\/jogigfoig\/wp-json\/wp\/v2\/media?parent=78536"}],"wp:term":[{"taxonomy":"category","embeddable":true,"href":"https:\/\/semmelweis.hu\/jogigfoig\/wp-json\/wp\/v2\/categories?post=78536"},{"taxonomy":"post_tag","embeddable":true,"href":"https:\/\/semmelweis.hu\/jogigfoig\/wp-json\/wp\/v2\/tags?post=78536"}],"curies":[{"name":"wp","href":"https:\/\/api.w.org\/{rel}","templated":true}]}}