{"id":7843,"date":"2017-05-05T09:44:25","date_gmt":"2017-05-05T07:44:25","guid":{"rendered":"http:\/\/semmelweis.hu\/jogigfoig\/?page_id=7843"},"modified":"2025-09-29T14:24:57","modified_gmt":"2025-09-29T12:24:57","slug":"2011-evi-szenatusi-hatarozatok","status":"publish","type":"page","link":"https:\/\/semmelweis.hu\/jogigfoig\/testuletek\/szenatus\/2011-evi-szenatusi-hatarozatok\/","title":{"rendered":"2011. \u00e9vi Szen\u00e1tusi hat\u00e1rozatok"},"content":{"rendered":"<ul>\n<li><a href=\"https:\/\/semmelweis.hu\/jogigfoig\/dokumentumtar\/szabalyzattar-archivum\/2011-januar-27-en-elfogadott-modositasok\/\">2011. janu\u00e1r 27.<\/a><\/li>\n<li><a href=\"https:\/\/semmelweis.hu\/jogigfoig\/dokumentumtar\/szabalyzattar-archivum\/2011-aprilis-28-an-elfogadott-modositasok\/\">2011. \u00e1prilis 28.<\/a><\/li>\n<li><a href=\"https:\/\/semmelweis.hu\/jogigfoig\/dokumentumtar\/szabalyzattar-archivum\/2011-junius-30-an-elfogadott-modositasok\/\">2011. j\u00fanius 30.<\/a><\/li>\n<li><a href=\"https:\/\/semmelweis.hu\/rektori-hivatal\/irattar\/szenatusi-hatarozatok\/2011-2\/2011-decembe\/\" target=\"_blank\" rel=\"noopener noreferrer\">2011. december 15.<\/a><\/li>\n<\/ul>\n","protected":false},"excerpt":{"rendered":"<p><a href=\"https:\/\/semmelweis.hu\/jogigfoig\/dokumentumtar\/szabalyzattar-archivum\/2011-januar-27-en-elfogadott-modositasok\/\">2011. janu\u00e1r 27.<\/a><br \/>\n<a href=\"https:\/\/semmelweis.hu\/jogigfoig\/dokumentumtar\/szabalyzattar-archivum\/2011-aprilis-28-an-elfogadott-modositasok\/\">2011. \u00e1prilis 28.<\/a><br \/>\n<a href=\"https:\/\/semmelweis.hu\/jogigfoig\/dokumentumtar\/szabalyzattar-archivum\/2011-junius-30-an-elfogadott-modositasok\/\">2011. j\u00fanius 30.<\/a><br \/>\n<a href=\"https:\/\/semmelweis.hu\/rektori-hivatal\/irattar\/szenatusi-hatarozatok\/2011-2\/2011-decembe\/\" target=\"_blank\" rel=\"noopener noreferrer\">2011. december 15.<\/a><\/p>\n","protected":false},"author":101117,"featured_media":0,"parent":43,"menu_order":99,"comment_status":"closed","ping_status":"closed","template":"","meta":{"_acf_changed":false,"footnotes":""},"categories":[],"tags":[],"class_list":["post-7843","page","type-page","status-publish","hentry"],"acf":[],"_links":{"self":[{"href":"https:\/\/semmelweis.hu\/jogigfoig\/wp-json\/wp\/v2\/pages\/7843","targetHints":{"allow":["GET"]}}],"collection":[{"href":"https:\/\/semmelweis.hu\/jogigfoig\/wp-json\/wp\/v2\/pages"}],"about":[{"href":"https:\/\/semmelweis.hu\/jogigfoig\/wp-json\/wp\/v2\/types\/page"}],"author":[{"embeddable":true,"href":"https:\/\/semmelweis.hu\/jogigfoig\/wp-json\/wp\/v2\/users\/101117"}],"replies":[{"embeddable":true,"href":"https:\/\/semmelweis.hu\/jogigfoig\/wp-json\/wp\/v2\/comments?post=7843"}],"version-history":[{"count":5,"href":"https:\/\/semmelweis.hu\/jogigfoig\/wp-json\/wp\/v2\/pages\/7843\/revisions"}],"predecessor-version":[{"id":79191,"href":"https:\/\/semmelweis.hu\/jogigfoig\/wp-json\/wp\/v2\/pages\/7843\/revisions\/79191"}],"up":[{"embeddable":true,"href":"https:\/\/semmelweis.hu\/jogigfoig\/wp-json\/wp\/v2\/pages\/43"}],"wp:attachment":[{"href":"https:\/\/semmelweis.hu\/jogigfoig\/wp-json\/wp\/v2\/media?parent=7843"}],"wp:term":[{"taxonomy":"category","embeddable":true,"href":"https:\/\/semmelweis.hu\/jogigfoig\/wp-json\/wp\/v2\/categories?post=7843"},{"taxonomy":"post_tag","embeddable":true,"href":"https:\/\/semmelweis.hu\/jogigfoig\/wp-json\/wp\/v2\/tags?post=7843"}],"curies":[{"name":"wp","href":"https:\/\/api.w.org\/{rel}","templated":true}]}}