{"id":7841,"date":"2017-05-05T09:44:03","date_gmt":"2017-05-05T07:44:03","guid":{"rendered":"http:\/\/semmelweis.hu\/jogigfoig\/?page_id=7841"},"modified":"2025-09-29T14:25:15","modified_gmt":"2025-09-29T12:25:15","slug":"2013-evi-szenatusi-hatarozatok","status":"publish","type":"page","link":"https:\/\/semmelweis.hu\/jogigfoig\/testuletek\/szenatus\/2013-evi-szenatusi-hatarozatok\/","title":{"rendered":"2013. \u00e9vi Szen\u00e1tusi hat\u00e1rozatok"},"content":{"rendered":"<ul>\n<li><a href=\"https:\/\/semmelweis.hu\/rektori-hivatal\/irattar\/szenatusi-hatarozatok\/2013-december-19\/\" target=\"_blank\" rel=\"noopener noreferrer\">2013. december 19. <\/a><\/li>\n<li><a href=\"https:\/\/semmelweis.hu\/rektori-hivatal\/irattar\/szenatusi-hatarozatok\/2013-november-28\/\" target=\"_blank\" rel=\"noopener noreferrer\">2013. november 28. <\/a><\/li>\n<li><a href=\"https:\/\/semmelweis.hu\/rektori-hivatal\/irattar\/szenatusi-hatarozatok\/2013-oktober-31\/\" target=\"_blank\" rel=\"noopener noreferrer\">2013. okt\u00f3ber 31. <\/a><\/li>\n<li><a href=\"https:\/\/semmelweis.hu\/rektori-hivatal\/irattar\/szenatusi-hatarozatok\/2013-szeptember-26\/\" target=\"_blank\" rel=\"noopener noreferrer\">2013. szeptember 26.<\/a><\/li>\n<li><a href=\"https:\/\/semmelweis.hu\/rektori-hivatal\/irattar\/szenatusi-hatarozatok\/2013-augusztus-29\/\" target=\"_blank\" rel=\"noopener noreferrer\">2013. augusztus 29.<\/a><\/li>\n<li><a href=\"https:\/\/semmelweis.hu\/jogigfoig\/testuletek\/szenatus\/2013-evi-szenatusi-hatarozatok\/2013-julius-18\/\">2013. j\u00falius 18.<\/a><\/li>\n<li><a href=\"https:\/\/semmelweis.hu\/rektori-hivatal\/irattar\/szenatusi-hatarozatok\/2013-julius-17-elektronikus-szavazas\/\" target=\"_blank\" rel=\"noopener noreferrer\">2013. j\u00falius 17. (elektronikus szavaz\u00e1s)<\/a><\/li>\n<li><a href=\"https:\/\/semmelweis.hu\/rektori-hivatal\/irattar\/szenatusi-hatarozatok\/2013-julius-4\/\" target=\"_blank\" rel=\"noopener noreferrer\">2013. j\u00falius 4.<\/a><\/li>\n<li><a href=\"https:\/\/semmelweis.hu\/rektori-hivatal\/irattar\/szenatusi-hatarozatok\/2013-junius-27\/\" target=\"_blank\" rel=\"noopener noreferrer\">2013. j\u00fanius 27.<\/a><\/li>\n<li><a href=\"https:\/\/semmelweis.hu\/rektori-hivatal\/irattar\/szenatusi-hatarozatok\/2013-junius-24-elektronikus-szavazas\/\" target=\"_blank\" rel=\"noopener noreferrer\">2013. j\u00fanius 24. (elektronikus szavaz\u00e1s) <\/a><\/li>\n<li><a href=\"https:\/\/semmelweis.hu\/rektori-hivatal\/irattar\/szenatusi-hatarozatok\/2013-junius-17-elektronikus-szavazas\/\" target=\"_blank\" rel=\"noopener noreferrer\">2013. j\u00fanius 17. (elektronikus szavaz\u00e1s) <\/a><\/li>\n<li><a href=\"https:\/\/semmelweis.hu\/rektori-hivatal\/irattar\/szenatusi-hatarozatok\/2013-majus-30\/\" target=\"_blank\" rel=\"noopener noreferrer\">2013. m\u00e1jus 30. <\/a><\/li>\n<li><a href=\"https:\/\/semmelweis.hu\/rektori-hivatal\/irattar\/szenatusi-hatarozatok\/2013-aprilis-25\/\" target=\"_blank\" rel=\"noopener noreferrer\">2013. \u00e1prilis 25. <\/a><\/li>\n<li><a href=\"https:\/\/semmelweis.hu\/rektori-hivatal\/irattar\/szenatusi-hatarozatok\/2013-marcius-28\/\" target=\"_blank\" rel=\"noopener noreferrer\">2013. m\u00e1rcius 28. <\/a><\/li>\n<li><a href=\"https:\/\/semmelweis.hu\/rektori-hivatal\/irattar\/szenatusi-hatarozatok\/2013-februar-28\/\" target=\"_blank\" rel=\"noopener noreferrer\">2013. febru\u00e1r 28. <\/a><\/li>\n<li><a href=\"https:\/\/semmelweis.hu\/rektori-hivatal\/irattar\/szenatusi-hatarozatok\/2013-januar-31\/\" target=\"_blank\" rel=\"noopener noreferrer\">2013. janu\u00e1r 31.<\/a><\/li>\n<\/ul>\n","protected":false},"excerpt":{"rendered":"<p><a href=\"https:\/\/semmelweis.hu\/rektori-hivatal\/irattar\/szenatusi-hatarozatok\/2013-december-19\/\" target=\"_blank\" rel=\"noopener noreferrer\">2013. december 19. <\/a><br \/>\n<a href=\"https:\/\/semmelweis.hu\/rektori-hivatal\/irattar\/szenatusi-hatarozatok\/2013-november-28\/\" target=\"_blank\" rel=\"noopener noreferrer\">2013. november 28. <\/a><br \/>\n<a href=\"https:\/\/semmelweis.hu\/rektori-hivatal\/irattar\/szenatusi-hatarozatok\/2013-oktober-31\/\" target=\"_blank\" rel=\"noopener noreferrer\">2013. okt\u00f3ber 31. <\/a><br \/>\n<a href=\"https:\/\/semmelweis.hu\/rektori-hivatal\/irattar\/szenatusi-hatarozatok\/2013-szeptember-26\/\" target=\"_blank\" rel=\"noopener noreferrer\">2013. szeptember 26.<\/a><br \/>\n<a href=\"https:\/\/semmelweis.hu\/rektori-hivatal\/irattar\/szenatusi-hatarozatok\/2013-augusztus-29\/\" target=\"_blank\" rel=\"noopener noreferrer\">2013. augusztus 29.<\/a><br \/>\n<a href=\"https:\/\/semmelweis.hu\/jogigfoig\/testuletek\/szenatus\/2013-evi-szenatusi-hatarozatok\/2013-julius-18\/\">2013. j\u00falius 18.<\/a><br \/>\n<a href=\"https:\/\/semmelweis.hu\/rektori-hivatal\/irattar\/szenatusi-hatarozatok\/2013-julius-17-elektronikus-szavazas\/\" target=\"_blank\" rel=\"noopener noreferrer\">2013. j\u00falius 17. (elektronikus szavaz\u00e1s)<\/a><br \/>\n<a href=\"https:\/\/semmelweis.hu\/rektori-hivatal\/irattar\/szenatusi-hatarozatok\/2013-julius-4\/\" target=\"_blank\" rel=\"noopener noreferrer\">2013. j\u00falius 4.<\/a><br \/>\n<a href=\"https:\/\/semmelweis.hu\/rektori-hivatal\/irattar\/szenatusi-hatarozatok\/2013-junius-27\/\" target=\"_blank\" rel=\"noopener noreferrer\">2013. j\u00fanius 27.<\/a><br \/>\n<a href=\"https:\/\/semmelweis.hu\/rektori-hivatal\/irattar\/szenatusi-hatarozatok\/2013-junius-24-elektronikus-szavazas\/\" target=\"_blank\" rel=\"noopener noreferrer\">2013. j\u00fanius 24. (elektronikus szavaz\u00e1s) <\/a><br \/>\n<a href=\"https:\/\/semmelweis.hu\/rektori-hivatal\/irattar\/szenatusi-hatarozatok\/2013-junius-17-elektronikus-szavazas\/\" target=\"_blank\" rel=\"noopener noreferrer\">2013. j\u00fanius 17. (elektronikus szavaz\u00e1s) <\/a><br \/>\n<a href=\"https:\/\/semmelweis.hu\/rektori-hivatal\/irattar\/szenatusi-hatarozatok\/2013-majus-30\/\" target=\"_blank\" rel=\"noopener noreferrer\">2013. m\u00e1jus 30. <\/a><br \/>\n<a href=\"https:\/\/semmelweis.hu\/rektori-hivatal\/irattar\/szenatusi-hatarozatok\/2013-aprilis-25\/\" target=\"_blank\" rel=\"noopener noreferrer\">2013. \u00e1prilis 25. <\/a><br \/>\n<a href=\"https:\/\/semmelweis.hu\/rektori-hivatal\/irattar\/szenatusi-hatarozatok\/2013-marcius-28\/\" target=\"_blank\" rel=\"noopener noreferrer\">2013. m\u00e1rcius 28. <\/a><br \/>\n<a href=\"https:\/\/semmelweis.hu\/rektori-hivatal\/irattar\/szenatusi-hatarozatok\/2013-februar-28\/\" target=\"_blank\" rel=\"noopener noreferrer\">2013. febru\u00e1r 28. <\/a><br \/>\n<a href=\"https:\/\/semmelweis.hu\/rektori-hivatal\/irattar\/szenatusi-hatarozatok\/2013-januar-31\/\" target=\"_blank\" rel=\"noopener noreferrer\">2013. janu\u00e1r 31.<\/a><\/p>\n","protected":false},"author":101117,"featured_media":0,"parent":43,"menu_order":97,"comment_status":"closed","ping_status":"closed","template":"","meta":{"_acf_changed":false,"footnotes":""},"categories":[],"tags":[],"class_list":["post-7841","page","type-page","status-publish","hentry"],"acf":[],"_links":{"self":[{"href":"https:\/\/semmelweis.hu\/jogigfoig\/wp-json\/wp\/v2\/pages\/7841","targetHints":{"allow":["GET"]}}],"collection":[{"href":"https:\/\/semmelweis.hu\/jogigfoig\/wp-json\/wp\/v2\/pages"}],"about":[{"href":"https:\/\/semmelweis.hu\/jogigfoig\/wp-json\/wp\/v2\/types\/page"}],"author":[{"embeddable":true,"href":"https:\/\/semmelweis.hu\/jogigfoig\/wp-json\/wp\/v2\/users\/101117"}],"replies":[{"embeddable":true,"href":"https:\/\/semmelweis.hu\/jogigfoig\/wp-json\/wp\/v2\/comments?post=7841"}],"version-history":[{"count":9,"href":"https:\/\/semmelweis.hu\/jogigfoig\/wp-json\/wp\/v2\/pages\/7841\/revisions"}],"predecessor-version":[{"id":75191,"href":"https:\/\/semmelweis.hu\/jogigfoig\/wp-json\/wp\/v2\/pages\/7841\/revisions\/75191"}],"up":[{"embeddable":true,"href":"https:\/\/semmelweis.hu\/jogigfoig\/wp-json\/wp\/v2\/pages\/43"}],"wp:attachment":[{"href":"https:\/\/semmelweis.hu\/jogigfoig\/wp-json\/wp\/v2\/media?parent=7841"}],"wp:term":[{"taxonomy":"category","embeddable":true,"href":"https:\/\/semmelweis.hu\/jogigfoig\/wp-json\/wp\/v2\/categories?post=7841"},{"taxonomy":"post_tag","embeddable":true,"href":"https:\/\/semmelweis.hu\/jogigfoig\/wp-json\/wp\/v2\/tags?post=7841"}],"curies":[{"name":"wp","href":"https:\/\/api.w.org\/{rel}","templated":true}]}}