{"id":7840,"date":"2017-05-05T09:43:54","date_gmt":"2017-05-05T07:43:54","guid":{"rendered":"http:\/\/semmelweis.hu\/jogigfoig\/?page_id=7840"},"modified":"2025-09-29T14:25:26","modified_gmt":"2025-09-29T12:25:26","slug":"2014-evi-szenatusi-hatarozatok","status":"publish","type":"page","link":"https:\/\/semmelweis.hu\/jogigfoig\/testuletek\/szenatus\/2014-evi-szenatusi-hatarozatok\/","title":{"rendered":"2014. \u00e9vi Szen\u00e1tusi hat\u00e1rozatok"},"content":{"rendered":"<ul>\n<li><a href=\"https:\/\/semmelweis.hu\/rektori-hivatal\/irattar\/szenatusi-hatarozatok\/2014-december-18\/\" target=\"_blank\" rel=\"noopener noreferrer\">2014. december 18. <\/a><\/li>\n<li><a href=\"https:\/\/semmelweis.hu\/rektori-hivatal\/irattar\/szenatusi-hatarozatok\/2014-december-02-elektronikus-szavazas\/\" target=\"_blank\" rel=\"noopener noreferrer\">2014. december 02. (elektronikus szavaz\u00e1s) <\/a><\/li>\n<li><a href=\"https:\/\/semmelweis.hu\/rektori-hivatal\/irattar\/szenatusi-hatarozatok\/2014-november-24-elektronikus-szavazas\/\" target=\"_blank\" rel=\"noopener noreferrer\">2014. november 24. (elektronikus szavaz\u00e1s) <\/a><\/li>\n<li><a href=\"https:\/\/semmelweis.hu\/rektori-hivatal\/irattar\/szenatusi-hatarozatok\/2014-november-14-elektronikus-szavazas\/\" target=\"_blank\" rel=\"noopener noreferrer\">2014. november 14. (elektronikus szavaz\u00e1s) <\/a><\/li>\n<li><a href=\"https:\/\/semmelweis.hu\/rektori-hivatal\/irattar\/szenatusi-hatarozatok\/2014-oktober-30\/\" target=\"_blank\" rel=\"noopener noreferrer\">2014. okt\u00f3ber 30. <\/a><\/li>\n<li><a href=\"https:\/\/semmelweis.hu\/rektori-hivatal\/irattar\/szenatusi-hatarozatok\/2014-oktober-20-elektronikus-szavazas\/\" target=\"_blank\" rel=\"noopener noreferrer\">2014. okt\u00f3ber 20. (elektronikus szavaz\u00e1s)<\/a><\/li>\n<li><a href=\"https:\/\/semmelweis.hu\/rektori-hivatal\/irattar\/szenatusi-hatarozatok\/2014-oktober-16\/\" target=\"_blank\" rel=\"noopener noreferrer\">2014. okt\u00f3ber 16. <\/a><\/li>\n<li><a href=\"https:\/\/semmelweis.hu\/rektori-hivatal\/irattar\/szenatusi-hatarozatok\/2014-szeptember-25\/\" target=\"_blank\" rel=\"noopener noreferrer\">2014. szeptember 25.<\/a><\/li>\n<li><a href=\"https:\/\/semmelweis.hu\/rektori-hivatal\/irattar\/szenatusi-hatarozatok\/2014-szeptember-15\/\" target=\"_blank\" rel=\"noopener noreferrer\">2014. szeptember 15. <\/a><\/li>\n<li><a href=\"https:\/\/semmelweis.hu\/rektori-hivatal\/irattar\/szenatusi-hatarozatok\/2014-szeptember-01-elektronikus-szavazas\/\" target=\"_blank\" rel=\"noopener noreferrer\">2014. szeptember 01. (elektronikus szavaz\u00e1s) <\/a><\/li>\n<li><a href=\"https:\/\/semmelweis.hu\/rektori-hivatal\/irattar\/szenatusi-hatarozatok\/2014-augusztus-6-elektronikus-szavazas\/\" target=\"_blank\" rel=\"noopener noreferrer\">2014. augusztus 06. (elektronikus szavaz\u00e1s) <\/a><\/li>\n<li><a href=\"https:\/\/semmelweis.hu\/rektori-hivatal\/irattar\/szenatusi-hatarozatok\/2014-julius-28-elektornikus-szavazas\/\" target=\"_blank\" rel=\"noopener noreferrer\">2014. j\u00falius 28. (elektronikus szavaz\u00e1s)<\/a><\/li>\n<li><a href=\"https:\/\/semmelweis.hu\/rektori-hivatal\/irattar\/szenatusi-hatarozatok\/2014-julius-24-elektronikus-szavazas\/\" target=\"_blank\" rel=\"noopener noreferrer\">2014. j\u00falius 24. (elektronikus szavaz\u00e1s)<\/a><\/li>\n<li><a href=\"https:\/\/semmelweis.hu\/rektori-hivatal\/irattar\/szenatusi-hatarozatok\/2014-junius-26\/\" target=\"_blank\" rel=\"noopener noreferrer\">2014. j\u00fanius 26. <\/a><\/li>\n<li><a href=\"https:\/\/semmelweis.hu\/rektori-hivatal\/irattar\/szenatusi-hatarozatok\/2014-junius-18-elektronikus-szavazas\/\" target=\"_blank\" rel=\"noopener noreferrer\">2014. j\u00fanius 18. (elektronikus szavaz\u00e1s)<\/a><\/li>\n<li><a href=\"https:\/\/semmelweis.hu\/rektori-hivatal\/irattar\/szenatusi-hatarozatok\/2014-majus-30-elektronikus-szavazas\/\" target=\"_blank\" rel=\"noopener noreferrer\">2014. m\u00e1jus 30. (elektronikus szavaz\u00e1s) <\/a><\/li>\n<li><a href=\"https:\/\/semmelweis.hu\/rektori-hivatal\/irattar\/szenatusi-hatarozatok\/2014-majus-29\/\" target=\"_blank\" rel=\"noopener noreferrer\">2014. m\u00e1jus 29. <\/a><\/li>\n<li><a href=\"https:\/\/semmelweis.hu\/rektori-hivatal\/irattar\/szenatusi-hatarozatok\/2014-majus-08-elektronikus-szavazas\/\" target=\"_blank\" rel=\"noopener noreferrer\">2014. m\u00e1jus 08. (elektronikus szavaz\u00e1s) <\/a><\/li>\n<li><a href=\"https:\/\/semmelweis.hu\/rektori-hivatal\/irattar\/szenatusi-hatarozatok\/2014-aprilis-24\/\" target=\"_blank\" rel=\"noopener noreferrer\">2014. \u00e1prilis 24. <\/a><\/li>\n<li><a href=\"https:\/\/semmelweis.hu\/rektori-hivatal\/irattar\/szenatusi-hatarozatok\/2014-aprilis-14-elektronikus-szavazas\/\" target=\"_blank\" rel=\"noopener noreferrer\">2014. \u00e1prilis 14. (elektronikus szavaz\u00e1s) <\/a><\/li>\n<li><a href=\"https:\/\/semmelweis.hu\/rektori-hivatal\/irattar\/szenatusi-hatarozatok\/2014-marcius-27\/\" target=\"_blank\" rel=\"noopener noreferrer\">2014. m\u00e1rcius 27. <\/a><\/li>\n<li><a href=\"https:\/\/semmelweis.hu\/rektori-hivatal\/irattar\/szenatusi-hatarozatok\/2014-februar-27\/\" target=\"_blank\" rel=\"noopener noreferrer\">2014. febru\u00e1r 27. <\/a><\/li>\n<li><a href=\"https:\/\/semmelweis.hu\/rektori-hivatal\/irattar\/szenatusi-hatarozatok\/2014-januar-30\/\" target=\"_blank\" rel=\"noopener noreferrer\">2014. janu\u00e1r 30.<\/a><\/li>\n<\/ul>\n","protected":false},"excerpt":{"rendered":"<p><a href=\"https:\/\/semmelweis.hu\/rektori-hivatal\/irattar\/szenatusi-hatarozatok\/2014-december-18\/\" target=\"_blank\" rel=\"noopener noreferrer\">2014. december 18. <\/a><br \/>\n<a href=\"https:\/\/semmelweis.hu\/rektori-hivatal\/irattar\/szenatusi-hatarozatok\/2014-december-02-elektronikus-szavazas\/\" target=\"_blank\" rel=\"noopener noreferrer\">2014. december 02. (elektronikus szavaz\u00e1s) <\/a><br \/>\n<a href=\"https:\/\/semmelweis.hu\/rektori-hivatal\/irattar\/szenatusi-hatarozatok\/2014-november-24-elektronikus-szavazas\/\" target=\"_blank\" rel=\"noopener noreferrer\">2014. november 24. (elektronikus szavaz\u00e1s) <\/a><br \/>\n<a href=\"https:\/\/semmelweis.hu\/rektori-hivatal\/irattar\/szenatusi-hatarozatok\/2014-november-14-elektronikus-szavazas\/\" target=\"_blank\" rel=\"noopener noreferrer\">2014. november 14. (elektronikus szavaz\u00e1s) <\/a><br \/>\n<a href=\"https:\/\/semmelweis.hu\/rektori-hivatal\/irattar\/szenatusi-hatarozatok\/2014-oktober-30\/\" target=\"_blank\" rel=\"noopener noreferrer\">2014. okt\u00f3ber 30. <\/a><br \/>\n<a href=\"https:\/\/semmelweis.hu\/rektori-hivatal\/irattar\/szenatusi-hatarozatok\/2014-oktober-20-elektronikus-szavazas\/\" target=\"_blank\" rel=\"noopener noreferrer\">2014. okt\u00f3ber 20. (elektronikus szavaz\u00e1s)<\/a><br \/>\n<a href=\"https:\/\/semmelweis.hu\/rektori-hivatal\/irattar\/szenatusi-hatarozatok\/2014-oktober-16\/\" target=\"_blank\" rel=\"noopener noreferrer\">2014. okt\u00f3ber 16. <\/a><br \/>\n<a href=\"https:\/\/semmelweis.hu\/rektori-hivatal\/irattar\/szenatusi-hatarozatok\/2014-szeptember-25\/\" target=\"_blank\" rel=\"noopener noreferrer\">2014. szeptember 25.<\/a><br \/>\n<a href=\"https:\/\/semmelweis.hu\/rektori-hivatal\/irattar\/szenatusi-hatarozatok\/2014-szeptember-15\/\" target=\"_blank\" rel=\"noopener noreferrer\">2014. szeptember 15. <\/a><br \/>\n<a href=\"https:\/\/semmelweis.hu\/rektori-hivatal\/irattar\/szenatusi-hatarozatok\/2014-szeptember-01-elektronikus-szavazas\/\" target=\"_blank\" rel=\"noopener noreferrer\">2014. szeptember 01. (elektronikus szavaz\u00e1s) <\/a><br \/>\n<a href=\"https:\/\/semmelweis.hu\/rektori-hivatal\/irattar\/szenatusi-hatarozatok\/2014-augusztus-6-elektronikus-szavazas\/\" target=\"_blank\" rel=\"noopener noreferrer\">2014. augusztus 06. (elektronikus szavaz\u00e1s) <\/a><br \/>\n<a href=\"https:\/\/semmelweis.hu\/rektori-hivatal\/irattar\/szenatusi-hatarozatok\/2014-julius-28-elektornikus-szavazas\/\" target=\"_blank\" rel=\"noopener noreferrer\">2014. j\u00falius 28. (elektronikus szavaz\u00e1s)<\/a><br \/>\n<a href=\"https:\/\/semmelweis.hu\/rektori-hivatal\/irattar\/szenatusi-hatarozatok\/2014-julius-24-elektronikus-szavazas\/\" target=\"_blank\" rel=\"noopener noreferrer\">2014. j\u00falius 24. (elektronikus szavaz\u00e1s)<\/a><br \/>\n<a href=\"https:\/\/semmelweis.hu\/rektori-hivatal\/irattar\/szenatusi-hatarozatok\/2014-junius-26\/\" target=\"_blank\" rel=\"noopener noreferrer\">2014. j\u00fanius 26. <\/a><br \/>\n<a href=\"https:\/\/semmelweis.hu\/rektori-hivatal\/irattar\/szenatusi-hatarozatok\/2014-junius-18-elektronikus-szavazas\/\" target=\"_blank\" rel=\"noopener noreferrer\">2014. j\u00fanius 18. (elektronikus szavaz\u00e1s)<\/a><br \/>\n<a href=\"https:\/\/semmelweis.hu\/rektori-hivatal\/irattar\/szenatusi-hatarozatok\/2014-majus-30-elektronikus-szavazas\/\" target=\"_blank\" rel=\"noopener noreferrer\">2014. m\u00e1jus 30. (elektronikus szavaz\u00e1s) <\/a><br \/>\n<a href=\"https:\/\/semmelweis.hu\/rektori-hivatal\/irattar\/szenatusi-hatarozatok\/2014-majus-29\/\" target=\"_blank\" rel=\"noopener noreferrer\">2014. m\u00e1jus 29. <\/a><br \/>\n<a href=\"https:\/\/semmelweis.hu\/rektori-hivatal\/irattar\/szenatusi-hatarozatok\/2014-majus-08-elektronikus-szavazas\/\" target=\"_blank\" rel=\"noopener noreferrer\">2014. m\u00e1jus 08. (elektronikus szavaz\u00e1s) <\/a><br \/>\n<a href=\"https:\/\/semmelweis.hu\/rektori-hivatal\/irattar\/szenatusi-hatarozatok\/2014-aprilis-24\/\" target=\"_blank\" rel=\"noopener noreferrer\">2014. \u00e1prilis 24. <\/a><br \/>\n<a href=\"https:\/\/semmelweis.hu\/rektori-hivatal\/irattar\/szenatusi-hatarozatok\/2014-aprilis-14-elektronikus-szavazas\/\" target=\"_blank\" rel=\"noopener noreferrer\">2014. \u00e1prilis 14. (elektronikus szavaz\u00e1s) <\/a><br \/>\n<a href=\"https:\/\/semmelweis.hu\/rektori-hivatal\/irattar\/szenatusi-hatarozatok\/2014-marcius-27\/\" target=\"_blank\" rel=\"noopener noreferrer\">2014. m\u00e1rcius 27. <\/a><br \/>\n<a href=\"https:\/\/semmelweis.hu\/rektori-hivatal\/irattar\/szenatusi-hatarozatok\/2014-februar-27\/\" target=\"_blank\" rel=\"noopener noreferrer\">2014. febru\u00e1r 27. <\/a><br \/>\n<a href=\"https:\/\/semmelweis.hu\/rektori-hivatal\/irattar\/szenatusi-hatarozatok\/2014-januar-30\/\" target=\"_blank\" rel=\"noopener noreferrer\">2014. janu\u00e1r 30.<\/a><\/p>\n","protected":false},"author":101117,"featured_media":0,"parent":43,"menu_order":96,"comment_status":"closed","ping_status":"closed","template":"","meta":{"_acf_changed":false,"footnotes":""},"categories":[],"tags":[],"class_list":["post-7840","page","type-page","status-publish","hentry"],"acf":[],"_links":{"self":[{"href":"https:\/\/semmelweis.hu\/jogigfoig\/wp-json\/wp\/v2\/pages\/7840","targetHints":{"allow":["GET"]}}],"collection":[{"href":"https:\/\/semmelweis.hu\/jogigfoig\/wp-json\/wp\/v2\/pages"}],"about":[{"href":"https:\/\/semmelweis.hu\/jogigfoig\/wp-json\/wp\/v2\/types\/page"}],"author":[{"embeddable":true,"href":"https:\/\/semmelweis.hu\/jogigfoig\/wp-json\/wp\/v2\/users\/101117"}],"replies":[{"embeddable":true,"href":"https:\/\/semmelweis.hu\/jogigfoig\/wp-json\/wp\/v2\/comments?post=7840"}],"version-history":[{"count":2,"href":"https:\/\/semmelweis.hu\/jogigfoig\/wp-json\/wp\/v2\/pages\/7840\/revisions"}],"predecessor-version":[{"id":7850,"href":"https:\/\/semmelweis.hu\/jogigfoig\/wp-json\/wp\/v2\/pages\/7840\/revisions\/7850"}],"up":[{"embeddable":true,"href":"https:\/\/semmelweis.hu\/jogigfoig\/wp-json\/wp\/v2\/pages\/43"}],"wp:attachment":[{"href":"https:\/\/semmelweis.hu\/jogigfoig\/wp-json\/wp\/v2\/media?parent=7840"}],"wp:term":[{"taxonomy":"category","embeddable":true,"href":"https:\/\/semmelweis.hu\/jogigfoig\/wp-json\/wp\/v2\/categories?post=7840"},{"taxonomy":"post_tag","embeddable":true,"href":"https:\/\/semmelweis.hu\/jogigfoig\/wp-json\/wp\/v2\/tags?post=7840"}],"curies":[{"name":"wp","href":"https:\/\/api.w.org\/{rel}","templated":true}]}}