{"id":7839,"date":"2017-05-05T09:43:45","date_gmt":"2017-05-05T07:43:45","guid":{"rendered":"http:\/\/semmelweis.hu\/jogigfoig\/?page_id=7839"},"modified":"2025-09-29T14:25:37","modified_gmt":"2025-09-29T12:25:37","slug":"2015-evi-szenatusi-hatarozatok","status":"publish","type":"page","link":"https:\/\/semmelweis.hu\/jogigfoig\/testuletek\/szenatus\/2015-evi-szenatusi-hatarozatok\/","title":{"rendered":"2015. \u00e9vi Szen\u00e1tusi hat\u00e1rozatok"},"content":{"rendered":"<ul>\n<li><a href=\"https:\/\/semmelweis.hu\/jogigfoig\/irattar\/szenatusi-hatarozatok\/2015-december-17\/\" target=\"_blank\" rel=\"noopener noreferrer\">2015. december 17. <\/a><\/li>\n<li><a href=\"https:\/\/semmelweis.hu\/jogigfoig\/irattar\/szenatusi-hatarozatok\/2015-november-26\/\" target=\"_blank\" rel=\"noopener noreferrer\">2015. november 26.<\/a><\/li>\n<li><a href=\"https:\/\/semmelweis.hu\/jogigfoig\/irattar\/szenatusi-hatarozatok\/2015-oktober-29\/\" target=\"_blank\" rel=\"noopener noreferrer\">2015. okt\u00f3ber 29. <\/a><\/li>\n<li><a href=\"https:\/\/semmelweis.hu\/jogigfoig\/irattar\/szenatusi-hatarozatok\/2015-szeptember-24\/\" target=\"_blank\" rel=\"noopener noreferrer\">2015. szeptember 24. <\/a><\/li>\n<li><a href=\"https:\/\/semmelweis.hu\/rektori-hivatal\/irattar\/szenatusi-hatarozatok\/2015-junius-29\/\" target=\"_blank\" rel=\"noopener noreferrer\">2015. j\u00fanius 29. <\/a><\/li>\n<li><a href=\"https:\/\/semmelweis.hu\/rektori-hivatal\/irattar\/szenatusi-hatarozatok\/2015-junius-25\/\" target=\"_blank\" rel=\"noopener noreferrer\">2015. j\u00fanius 25. <\/a><\/li>\n<li><a href=\"https:\/\/semmelweis.hu\/rektori-hivatal\/irattar\/szenatusi-hatarozatok\/2015-majus-28\/\" target=\"_blank\" rel=\"noopener noreferrer\">2015. m\u00e1jus 28. <\/a><\/li>\n<li><a href=\"https:\/\/semmelweis.hu\/rektori-hivatal\/irattar\/szenatusi-hatarozatok\/2015-majus-07\/\" target=\"_blank\" rel=\"noopener noreferrer\">2015. m\u00e1jus 07.<\/a><\/li>\n<li><a href=\"https:\/\/semmelweis.hu\/jogigfoig\/dokumentumtar\/szenatusi-hatarozatok\/2015-aprilis-8\/\" target=\"_blank\" rel=\"noopener noreferrer\">2015. \u00e1prilis 08.<\/a><\/li>\n<li><a href=\"https:\/\/semmelweis.hu\/rektori-hivatal\/irattar\/szenatusi-hatarozatok\/2015-marcius-12\/\" target=\"_blank\" rel=\"noopener noreferrer\">2015. m\u00e1rcius 12. <\/a><\/li>\n<li><a href=\"https:\/\/semmelweis.hu\/rektori-hivatal\/irattar\/szenatusi-hatarozatok\/2015-februar-05\/\" target=\"_blank\" rel=\"noopener noreferrer\">2015. febru\u00e1r 05. <\/a><\/li>\n<li><a href=\"https:\/\/semmelweis.hu\/rektori-hivatal\/irattar\/szenatusi-hatarozatok\/2015-januar-29\/\" target=\"_blank\" rel=\"noopener noreferrer\">2015. janu\u00e1r 29.<\/a><\/li>\n<\/ul>\n","protected":false},"excerpt":{"rendered":"<p><a href=\"https:\/\/semmelweis.hu\/jogigfoig\/irattar\/szenatusi-hatarozatok\/2015-december-17\/\" target=\"_blank\" rel=\"noopener noreferrer\">2015. december 17. <\/a><br \/>\n<a href=\"https:\/\/semmelweis.hu\/jogigfoig\/irattar\/szenatusi-hatarozatok\/2015-november-26\/\" target=\"_blank\" rel=\"noopener noreferrer\">2015. november 26.<\/a><br \/>\n<a href=\"https:\/\/semmelweis.hu\/jogigfoig\/irattar\/szenatusi-hatarozatok\/2015-oktober-29\/\" target=\"_blank\" rel=\"noopener noreferrer\">2015. okt\u00f3ber 29. <\/a><br \/>\n<a href=\"https:\/\/semmelweis.hu\/jogigfoig\/irattar\/szenatusi-hatarozatok\/2015-szeptember-24\/\" target=\"_blank\" rel=\"noopener noreferrer\">2015. szeptember 24. <\/a><br \/>\n<a href=\"https:\/\/semmelweis.hu\/rektori-hivatal\/irattar\/szenatusi-hatarozatok\/2015-junius-29\/\" target=\"_blank\" rel=\"noopener noreferrer\">2015. j\u00fanius 29. <\/a><br \/>\n<a href=\"https:\/\/semmelweis.hu\/rektori-hivatal\/irattar\/szenatusi-hatarozatok\/2015-junius-25\/\" target=\"_blank\" rel=\"noopener noreferrer\">2015. j\u00fanius 25. <\/a><br \/>\n<a href=\"https:\/\/semmelweis.hu\/rektori-hivatal\/irattar\/szenatusi-hatarozatok\/2015-majus-28\/\" target=\"_blank\" rel=\"noopener noreferrer\">2015. m\u00e1jus 28. <\/a><br \/>\n<a href=\"https:\/\/semmelweis.hu\/rektori-hivatal\/irattar\/szenatusi-hatarozatok\/2015-majus-07\/\" target=\"_blank\" rel=\"noopener noreferrer\">2015. m\u00e1jus 07.<\/a><br \/>\n<a href=\"https:\/\/semmelweis.hu\/jogigfoig\/dokumentumtar\/szenatusi-hatarozatok\/2015-aprilis-8\/\" target=\"_blank\" rel=\"noopener noreferrer\">2015. \u00e1prilis 08.<\/a><br \/>\n<a href=\"https:\/\/semmelweis.hu\/rektori-hivatal\/irattar\/szenatusi-hatarozatok\/2015-marcius-12\/\" target=\"_blank\" rel=\"noopener noreferrer\">2015. m\u00e1rcius 12. <\/a><br \/>\n<a href=\"https:\/\/semmelweis.hu\/rektori-hivatal\/irattar\/szenatusi-hatarozatok\/2015-februar-05\/\" target=\"_blank\" rel=\"noopener noreferrer\">2015. febru\u00e1r 05. <\/a><br \/>\n<a href=\"https:\/\/semmelweis.hu\/rektori-hivatal\/irattar\/szenatusi-hatarozatok\/2015-januar-29\/\" target=\"_blank\" rel=\"noopener noreferrer\">2015. janu\u00e1r 29.<\/a><\/p>\n","protected":false},"author":101117,"featured_media":0,"parent":43,"menu_order":95,"comment_status":"closed","ping_status":"closed","template":"","meta":{"_acf_changed":false,"footnotes":""},"categories":[],"tags":[],"class_list":["post-7839","page","type-page","status-publish","hentry"],"acf":[],"_links":{"self":[{"href":"https:\/\/semmelweis.hu\/jogigfoig\/wp-json\/wp\/v2\/pages\/7839","targetHints":{"allow":["GET"]}}],"collection":[{"href":"https:\/\/semmelweis.hu\/jogigfoig\/wp-json\/wp\/v2\/pages"}],"about":[{"href":"https:\/\/semmelweis.hu\/jogigfoig\/wp-json\/wp\/v2\/types\/page"}],"author":[{"embeddable":true,"href":"https:\/\/semmelweis.hu\/jogigfoig\/wp-json\/wp\/v2\/users\/101117"}],"replies":[{"embeddable":true,"href":"https:\/\/semmelweis.hu\/jogigfoig\/wp-json\/wp\/v2\/comments?post=7839"}],"version-history":[{"count":2,"href":"https:\/\/semmelweis.hu\/jogigfoig\/wp-json\/wp\/v2\/pages\/7839\/revisions"}],"predecessor-version":[{"id":7849,"href":"https:\/\/semmelweis.hu\/jogigfoig\/wp-json\/wp\/v2\/pages\/7839\/revisions\/7849"}],"up":[{"embeddable":true,"href":"https:\/\/semmelweis.hu\/jogigfoig\/wp-json\/wp\/v2\/pages\/43"}],"wp:attachment":[{"href":"https:\/\/semmelweis.hu\/jogigfoig\/wp-json\/wp\/v2\/media?parent=7839"}],"wp:term":[{"taxonomy":"category","embeddable":true,"href":"https:\/\/semmelweis.hu\/jogigfoig\/wp-json\/wp\/v2\/categories?post=7839"},{"taxonomy":"post_tag","embeddable":true,"href":"https:\/\/semmelweis.hu\/jogigfoig\/wp-json\/wp\/v2\/tags?post=7839"}],"curies":[{"name":"wp","href":"https:\/\/api.w.org\/{rel}","templated":true}]}}