{"id":7832,"date":"2017-05-05T09:24:58","date_gmt":"2017-05-05T07:24:58","guid":{"rendered":"http:\/\/semmelweis.hu\/jogigfoig\/?page_id=7832"},"modified":"2025-09-29T14:26:00","modified_gmt":"2025-09-29T12:26:00","slug":"2017-evi-szenatusi-hatarozatok","status":"publish","type":"page","link":"https:\/\/semmelweis.hu\/jogigfoig\/testuletek\/szenatus\/2017-evi-szenatusi-hatarozatok\/","title":{"rendered":"2017. \u00e9vi Szen\u00e1tusi hat\u00e1rozatok"},"content":{"rendered":"<ul>\n<li><a href=\"https:\/\/semmelweis.hu\/jogigfoig\/2017-december-17\/\">2017. december 14.<\/a><\/li>\n<li><a href=\"https:\/\/semmelweis.hu\/jogigfoig\/dokumentumtar\/szenatusi-hatarozatok\/2017-evi-szenatusi-hatarozatok\/2017-november-30\/\">2017. november\u00a0 30.<\/a><\/li>\n<li><a href=\"https:\/\/semmelweis.hu\/jogigfoig\/dokumentumtar\/szenatusi-hatarozatok\/2017-evi-szenatusi-hatarozatok\/2017-november-16\/\">2017. november 16.<\/a><\/li>\n<li><a href=\"https:\/\/semmelweis.hu\/jogigfoig\/dokumentumtar\/szenatusi-hatarozatok\/2017-evi-szenatusi-hatarozatok\/2017-oktober-26\/\">2017. okt\u00f3ber 26.<\/a><\/li>\n<li><a href=\"https:\/\/semmelweis.hu\/jogigfoig\/dokumentumtar\/szenatusi-hatarozatok\/2017-evi-szenatusi-hatarozatok\/2017-szeptember-28\/\">2017. szeptember 28.<\/a><\/li>\n<li><a href=\"https:\/\/semmelweis.hu\/jogigfoig\/dokumentumtar\/szenatusi-hatarozatok\/2017-evi-szenatusi-hatarozatok\/2017-szeptember-14-elektronikus-szavazas\/\">2017. szeptember 14. (Elektronikus szavaz\u00e1s)<\/a><\/li>\n<li><a href=\"https:\/\/semmelweis.hu\/jogigfoig\/dokumentumtar\/szenatusi-hatarozatok\/2017-evi-szenatusi-hatarozatok\/2017-szeptember-13-elektronikus-szavazas\/\">2017. szeptember 13. (Elektronikus szavaz\u00e1s)<\/a><\/li>\n<li><a href=\"https:\/\/semmelweis.hu\/jogigfoig\/dokumentumtar\/szenatusi-hatarozatok\/2017-evi-szenatusi-hatarozatok\/2017-szeptember-5-elektronikus-szavazas\/\">2017. szeptember 5. (Elektronikus szavaz\u00e1s)<\/a><\/li>\n<li><a href=\"https:\/\/semmelweis.hu\/jogigfoig\/dokumentumtar\/szenatusi-hatarozatok\/2017-evi-szenatusi-hatarozatok\/2017-augusztus-30-elektronikus-szavazas\/\">2017. augusztus 30. (Elektronikus szavaz\u00e1s)<\/a><\/li>\n<li><a href=\"https:\/\/semmelweis.hu\/jogigfoig\/dokumentumtar\/szenatusi-hatarozatok\/2017-evi-szenatusi-hatarozatok\/2017-junius-29\/\">2017. j\u00fanius 29.<\/a><\/li>\n<li><a href=\"https:\/\/semmelweis.hu\/jogigfoig\/dokumentumtar\/szenatusi-hatarozatok\/2017-evi-szenatusi-hatarozatok\/2017-junius-15\/\">2017. j\u00fanius 15. (Elektronikus szavaz\u00e1s)<\/a><\/li>\n<li><a href=\"https:\/\/semmelweis.hu\/jogigfoig\/dokumentumtar\/szenatusi-hatarozatok\/2017-evi-szenatusi-hatarozatok\/2017-junius-13-elektronikus-szavazas\/\">2017. j\u00fanius 13. (Elektronikus szavaz\u00e1s)<\/a><\/li>\n<li><a href=\"https:\/\/semmelweis.hu\/jogigfoig\/2017-majus-25\/\">2017. m\u00e1jus 25.<\/a><\/li>\n<li><a href=\"https:\/\/semmelweis.hu\/jogigfoig\/dokumentumtar\/szenatusi-hatarozatok\/2017-aprilis-20\/\" target=\"_blank\" rel=\"noopener noreferrer\">2017. \u00e1prilis 20.<\/a><\/li>\n<li><a href=\"https:\/\/semmelweis.hu\/jogigfoig\/170329-2\/\">2017. m\u00e1rcius 29.<\/a><\/li>\n<li><a href=\"https:\/\/semmelweis.hu\/jogigfoig\/dokumentumtar\/szenatusi-hatarozatok\/2017-februar-23\/\" target=\"_blank\" rel=\"noopener noreferrer\">2017. febru\u00e1r 23.<\/a><\/li>\n<li><a href=\"https:\/\/semmelweis.hu\/jogigfoig\/2017-januar-27\/\">2017. janu\u00e1r 26.<\/a><\/li>\n<\/ul>\n","protected":false},"excerpt":{"rendered":"<p><a href=\"https:\/\/semmelweis.hu\/jogigfoig\/2017-december-17\/\">2017. december 14.<\/a><br \/>\n<a href=\"https:\/\/semmelweis.hu\/jogigfoig\/dokumentumtar\/szenatusi-hatarozatok\/2017-evi-szenatusi-hatarozatok\/2017-november-30\/\">2017. november\u00a0 30.<\/a><br \/>\n<a href=\"https:\/\/semmelweis.hu\/jogigfoig\/dokumentumtar\/szenatusi-hatarozatok\/2017-evi-szenatusi-hatarozatok\/2017-november-16\/\">2017. november 16.<\/a><br \/>\n<a href=\"https:\/\/semmelweis.hu\/jogigfoig\/dokumentumtar\/szenatusi-hatarozatok\/2017-evi-szenatusi-hatarozatok\/2017-oktober-26\/\">2017. okt\u00f3ber 26.<\/a><br \/>\n<a href=\"https:\/\/semmelweis.hu\/jogigfoig\/dokumentumtar\/szenatusi-hatarozatok\/2017-evi-szenatusi-hatarozatok\/2017-szeptember-28\/\">2017. szeptember 28.<\/a><br \/>\n<a href=\"https:\/\/semmelweis.hu\/jogigfoig\/dokumentumtar\/szenatusi-hatarozatok\/2017-evi-szenatusi-hatarozatok\/2017-szeptember-14-elektronikus-szavazas\/\">2017. szeptember 14. (Elektronikus szavaz\u00e1s)<\/a><br \/>\n<a href=\"https:\/\/semmelweis.hu\/jogigfoig\/dokumentumtar\/szenatusi-hatarozatok\/2017-evi-szenatusi-hatarozatok\/2017-szeptember-13-elektronikus-szavazas\/\">2017. szeptember 13. (Elektronikus szavaz\u00e1s)<\/a><br \/>\n<a href=\"https:\/\/semmelweis.hu\/jogigfoig\/dokumentumtar\/szenatusi-hatarozatok\/2017-evi-szenatusi-hatarozatok\/2017-szeptember-5-elektronikus-szavazas\/\">2017. szeptember 5. (Elektronikus szavaz\u00e1s)<\/a><br \/>\n<a href=\"https:\/\/semmelweis.hu\/jogigfoig\/dokumentumtar\/szenatusi-hatarozatok\/2017-evi-szenatusi-hatarozatok\/2017-augusztus-30-elektronikus-szavazas\/\">2017. augusztus 30. (Elektronikus szavaz\u00e1s)<\/a><br \/>\n<a href=\"https:\/\/semmelweis.hu\/jogigfoig\/dokumentumtar\/szenatusi-hatarozatok\/2017-evi-szenatusi-hatarozatok\/2017-junius-29\/\">2017. j\u00fanius 29.<\/a><br \/>\n<a href=\"https:\/\/semmelweis.hu\/jogigfoig\/dokumentumtar\/szenatusi-hatarozatok\/2017-evi-szenatusi-hatarozatok\/2017-junius-15\/\">2017. j\u00fanius 15. (Elektronikus szavaz\u00e1s)<\/a><br \/>\n<a href=\"https:\/\/semmelweis.hu\/jogigfoig\/dokumentumtar\/szenatusi-hatarozatok\/2017-evi-szenatusi-hatarozatok\/2017-junius-13-elektronikus-szavazas\/\">2017. j\u00fanius 13. (Elektronikus szavaz\u00e1s)<\/a><br \/>\n<a href=\"https:\/\/semmelweis.hu\/jogigfoig\/2017-majus-25\/\">2017. m\u00e1jus 25.<\/a><br \/>\n<a href=\"https:\/\/semmelweis.hu\/jogigfoig\/dokumentumtar\/szenatusi-hatarozatok\/2017-aprilis-20\/\" target=\"_blank\" rel=\"noopener noreferrer\">2017. \u00e1prilis 20.<\/a><br \/>\n<a href=\"https:\/\/semmelweis.hu\/jogigfoig\/170329-2\/\">2017. m\u00e1rcius 29.<\/a><br \/>\n<a href=\"https:\/\/semmelweis.hu\/jogigfoig\/dokumentumtar\/szenatusi-hatarozatok\/2017-februar-23\/\" target=\"_blank\" rel=\"noopener noreferrer\">2017. febru\u00e1r 23.<\/a><br \/>\n<a href=\"https:\/\/semmelweis.hu\/jogigfoig\/2017-januar-27\/\">2017. janu\u00e1r 26.<\/a><\/p>\n","protected":false},"author":101117,"featured_media":0,"parent":43,"menu_order":93,"comment_status":"closed","ping_status":"closed","template":"","meta":{"_acf_changed":false,"footnotes":""},"categories":[],"tags":[],"class_list":["post-7832","page","type-page","status-publish","hentry"],"acf":[],"_links":{"self":[{"href":"https:\/\/semmelweis.hu\/jogigfoig\/wp-json\/wp\/v2\/pages\/7832","targetHints":{"allow":["GET"]}}],"collection":[{"href":"https:\/\/semmelweis.hu\/jogigfoig\/wp-json\/wp\/v2\/pages"}],"about":[{"href":"https:\/\/semmelweis.hu\/jogigfoig\/wp-json\/wp\/v2\/types\/page"}],"author":[{"embeddable":true,"href":"https:\/\/semmelweis.hu\/jogigfoig\/wp-json\/wp\/v2\/users\/101117"}],"replies":[{"embeddable":true,"href":"https:\/\/semmelweis.hu\/jogigfoig\/wp-json\/wp\/v2\/comments?post=7832"}],"version-history":[{"count":11,"href":"https:\/\/semmelweis.hu\/jogigfoig\/wp-json\/wp\/v2\/pages\/7832\/revisions"}],"predecessor-version":[{"id":72069,"href":"https:\/\/semmelweis.hu\/jogigfoig\/wp-json\/wp\/v2\/pages\/7832\/revisions\/72069"}],"up":[{"embeddable":true,"href":"https:\/\/semmelweis.hu\/jogigfoig\/wp-json\/wp\/v2\/pages\/43"}],"wp:attachment":[{"href":"https:\/\/semmelweis.hu\/jogigfoig\/wp-json\/wp\/v2\/media?parent=7832"}],"wp:term":[{"taxonomy":"category","embeddable":true,"href":"https:\/\/semmelweis.hu\/jogigfoig\/wp-json\/wp\/v2\/categories?post=7832"},{"taxonomy":"post_tag","embeddable":true,"href":"https:\/\/semmelweis.hu\/jogigfoig\/wp-json\/wp\/v2\/tags?post=7832"}],"curies":[{"name":"wp","href":"https:\/\/api.w.org\/{rel}","templated":true}]}}