{"id":77213,"date":"2020-07-31T11:57:20","date_gmt":"2020-07-31T09:57:20","guid":{"rendered":"https:\/\/semmelweis.hu\/jogigfoig\/?page_id=77213"},"modified":"2020-09-29T09:13:37","modified_gmt":"2020-09-29T07:13:37","slug":"2020-julius-28","status":"publish","type":"page","link":"https:\/\/semmelweis.hu\/jogigfoig\/testuletek\/szenatus\/2020-evi-szenatusi-hatarozatok\/2020-julius-28\/","title":{"rendered":"2020. j\u00falius 28."},"content":{"rendered":"<p style=\"text-align: justify\"><a href=\"https:\/\/semmelweis.hu\/jogigfoig\/files\/2020\/07\/139_2020_hat\u00e1rozat_a-P\u00e9nzkezel\u00e9si-szab\u00e1lyzat-elfogad\u00e1s\u00e1nak-t\u00e1mogat\u00e1s\u00e1r\u00f3l.pdf\">A Semmelweis Egyetem\u00a0Szen\u00e1tus\u00e1nak\u00a0139\/2020. (VII.28.) sz\u00e1m\u00fa hat\u00e1rozata\u00a0a P\u00e9nzkezel\u00e9si szab\u00e1lyzat elfogad\u00e1s\u00e1nak t\u00e1mogat\u00e1s\u00e1r\u00f3l<\/a><\/p>\n<p style=\"text-align: justify\"><a href=\"https:\/\/semmelweis.hu\/jogigfoig\/files\/2020\/07\/139_2020_mell\u00e9klet-2_P\u00e9nzkezel\u00e9si-Szab\u00e1lyzat.pdf\">A Semmelweis Egyetem Szen\u00e1tus\u00e1nak 139\/2020. (VII.28.) sz\u00e1m\u00fa hat\u00e1rozata a P\u00e9nzkezel\u00e9si szab\u00e1lyzat elfogad\u00e1s\u00e1nak t\u00e1mogat\u00e1s\u00e1r\u00f3l &#8211; P\u00e9nzkezel\u00e9si szab\u00e1lyzat<\/a><\/p>\n<p style=\"text-align: justify\"><a href=\"https:\/\/semmelweis.hu\/jogigfoig\/files\/2020\/07\/140_2020_hat\u00e1rozat_a-K\u00f6vetel\u00e9skezel\u00e9si-szab\u00e1lyzat-t\u00e1mogat\u00e1s\u00e1r\u00f3l.pdf\">A Semmelweis Egyetem\u00a0Szen\u00e1tus\u00e1nak\u00a0140\/2020. (VII.28.) sz\u00e1m\u00fa hat\u00e1rozata\u00a0a K\u00f6vetel\u00e9skezel\u00e9si szab\u00e1lyzat t\u00e1mogat\u00e1s\u00e1r\u00f3l<\/a><\/p>\n<p style=\"text-align: justify\"><a href=\"https:\/\/semmelweis.hu\/jogigfoig\/files\/2020\/07\/140_2020_mell\u00e9klet_Dokumnetum-adatlap-K\u00f6vetel\u00e9skezel\u00e9si-Szab\u00e1lyzat.pdf\">A Semmelweis Egyetem Szen\u00e1tus\u00e1nak 140\/2020. (VII.28.) sz\u00e1m\u00fa hat\u00e1rozata a K\u00f6vetel\u00e9skezel\u00e9si szab\u00e1lyzat t\u00e1mogat\u00e1s\u00e1r\u00f3l &#8211; K\u00f6vetel\u00e9skezel\u00e9si szab\u00e1lyzat<\/a><\/p>\n<p style=\"text-align: justify\"><a href=\"https:\/\/semmelweis.hu\/jogigfoig\/files\/2020\/07\/141_2020_hat\u00e1rozat_a-K\u00fclf\u00f6ldi-tanulm\u00e1ny\u00fat.pdf\">A Semmelweis Egyetem\u00a0Szen\u00e1tus\u00e1nak\u00a0141\/2020. (VII.28.) sz\u00e1m\u00fa hat\u00e1rozata\u00a0a K\u00fclf\u00f6ldi tanulm\u00e1ny\u00fat, valamint k\u00fclf\u00f6ldi tart\u00f3zkod\u00e1shoz ig\u00e9nyelt fizet\u00e9s n\u00e9lk\u00fcli szabads\u00e1g ig\u00e9nybev\u00e9tel\u00e9nek elj\u00e1r\u00e1s rendj\u00e9r\u0151l sz\u00f3l\u00f3 szab\u00e1lyzat t\u00e1mogat\u00e1s\u00e1r\u00f3l<\/a><\/p>\n<p style=\"text-align: justify\"><a href=\"https:\/\/semmelweis.hu\/jogigfoig\/files\/2020\/07\/141_2020_mell\u00e9klet_K\u00fclf\u00f6ldi-tanulm\u00e1ny\u00fat-k\u00fclf\u00f6ldi-tart\u00f3zkod\u00e1shoz-ig\u00e9nyelt-fizet\u00e9s-n\u00e9lk\u00fcli-szab._-szab\u00e1lyzat.pdf\">A Semmelweis Egyetem Szen\u00e1tus\u00e1nak 141\/2020. (VII.28.) sz\u00e1m\u00fa hat\u00e1rozata a K\u00fclf\u00f6ldi tanulm\u00e1ny\u00fat, valamint k\u00fclf\u00f6ldi tart\u00f3zkod\u00e1shoz ig\u00e9nyelt fizet\u00e9s n\u00e9lk\u00fcli szabads\u00e1g ig\u00e9nybev\u00e9tel\u00e9nek elj\u00e1r\u00e1s rendj\u00e9r\u0151l sz\u00f3l\u00f3 szab\u00e1lyzat t\u00e1mogat\u00e1s\u00e1r\u00f3l &#8211; K\u00fclf\u00f6ldi tanulm\u00e1ny\u00fat, valamint k\u00fclf\u00f6ldi tart\u00f3zkod\u00e1shoz ig\u00e9nyelt fizet\u00e9s n\u00e9lk\u00fcli szabads\u00e1g ig\u00e9nybev\u00e9tel\u00e9nek elj\u00e1r\u00e1s rendj\u00e9r\u0151l sz\u00f3l\u00f3 szab\u00e1lyzat<\/a><\/p>\n<p style=\"text-align: justify\"><a href=\"https:\/\/semmelweis.hu\/jogigfoig\/files\/2020\/07\/142_2020_hat\u00e1rozat_a-T\u00e9r\u00edt\u00e9si-d\u00edj-szab\u00e1lyzat-elfogad\u00e1s\u00e1nak-t\u00e1mogat\u00e1s\u00e1r\u00f3l.pdf\">A Semmelweis Egyetem\u00a0Szen\u00e1tus\u00e1nak\u00a0142\/2020. (VII.28.) sz\u00e1m\u00fa hat\u00e1rozata\u00a0a T\u00e9r\u00edt\u00e9si d\u00edj szab\u00e1lyzat elfogad\u00e1s\u00e1nak t\u00e1mogat\u00e1s\u00e1r\u00f3l<\/a><\/p>\n<p style=\"text-align: justify\"><a href=\"https:\/\/semmelweis.hu\/jogigfoig\/files\/2020\/07\/142_2020_mell\u00e9klet_T\u00e9r\u00edt\u00e9si-d\u00edj-szab\u00e1lyzat.pdf\">A Semmelweis Egyetem Szen\u00e1tus\u00e1nak 142\/2020. (VII.28.) sz\u00e1m\u00fa hat\u00e1rozata a T\u00e9r\u00edt\u00e9si d\u00edj szab\u00e1lyzat elfogad\u00e1s\u00e1nak t\u00e1mogat\u00e1s\u00e1r\u00f3l &#8211; T\u00e9r\u00edt\u00e9si d\u00edj szab\u00e1lyzat<\/a><\/p>\n<p style=\"text-align: justify\"><a href=\"https:\/\/semmelweis.hu\/jogigfoig\/files\/2020\/07\/143_2020_hat\u00e1rozat_a-Gazdas\u00e1gi-t\u00e1rsas\u00e1gokr\u00f3l-sz\u00f3l\u00f3-szab\u00e1lyzat-t\u00e1mogat\u00e1s\u00e1r\u00f3l.pdf\">A Semmelweis Egyetem\u00a0Szen\u00e1tus\u00e1nak\u00a0143\/2020. (VII.28.) sz\u00e1m\u00fa hat\u00e1rozata\u00a0a Gazdas\u00e1gi t\u00e1rsas\u00e1gokr\u00f3l sz\u00f3l\u00f3 szab\u00e1lyzat t\u00e1mogat\u00e1s\u00e1r\u00f3l<\/a><\/p>\n<p style=\"text-align: justify\"><a href=\"https:\/\/semmelweis.hu\/jogigfoig\/files\/2020\/07\/143_2020_mell\u00e9klet_Gazdas\u00e1gi-t\u00e1rsas\u00e1gok_szab\u00e1lyzat.pdf\">A Semmelweis Egyetem Szen\u00e1tus\u00e1nak 143\/2020. (VII.28.) sz\u00e1m\u00fa hat\u00e1rozata a Gazdas\u00e1gi t\u00e1rsas\u00e1gokr\u00f3l sz\u00f3l\u00f3 szab\u00e1lyzat t\u00e1mogat\u00e1s\u00e1r\u00f3l &#8211; Gazdas\u00e1gi t\u00e1rsas\u00e1gokr\u00f3l sz\u00f3l\u00f3 szab\u00e1lyzat<\/a><\/p>\n<p style=\"text-align: justify\"><a href=\"https:\/\/semmelweis.hu\/jogigfoig\/files\/2020\/07\/144_2020_hat\u00e1rozat_a-Hivatali-k\u00fcl\u00f6n-szolg\u00e1ltat\u00e1sok-d\u00edjainak-meg\u00e1llap\u00edt\u00e1s\u00e1r\u00f3l-sz\u00f3l\u00f3-szab\u00e1lyzat-hat\u00e1lyon-k\u00edv\u00fcl-helyez\u00e9s\u00e9nek-t\u00e1mogat\u00e1s\u00e1r\u00f3l.pdf\">A Semmelweis Egyetem\u00a0Szen\u00e1tus\u00e1nak\u00a0144\/2020. (VII.07.) sz\u00e1m\u00fa hat\u00e1rozata\u00a0a Hivatali k\u00fcl\u00f6n-szolg\u00e1ltat\u00e1sok d\u00edjainak meg\u00e1llap\u00edt\u00e1s\u00e1r\u00f3l sz\u00f3l\u00f3 szab\u00e1lyzat hat\u00e1lyon k\u00edv\u00fcl helyez\u00e9s\u00e9nek t\u00e1mogat\u00e1s\u00e1r\u00f3l<\/a><\/p>\n<p style=\"text-align: justify\"><a href=\"https:\/\/semmelweis.hu\/jogigfoig\/files\/2020\/07\/144_2020_mell\u00e9klet_Utas\u00edt\u00e1s_Hivatali-k\u00fcl\u00f6n_szolg\u00e1latat\u00e1sok-d\u00edjair\u00f3l.pdf\">A Semmelweis Egyetem Szen\u00e1tus\u00e1nak 144\/2020. (VII.07.) sz\u00e1m\u00fa hat\u00e1rozata a Hivatali k\u00fcl\u00f6n-szolg\u00e1ltat\u00e1sok d\u00edjainak meg\u00e1llap\u00edt\u00e1s\u00e1r\u00f3l sz\u00f3l\u00f3 szab\u00e1lyzat hat\u00e1lyon k\u00edv\u00fcl helyez\u00e9s\u00e9nek t\u00e1mogat\u00e1s\u00e1r\u00f3l &#8211; Hivatali k\u00fcl\u00f6n-szolg\u00e1ltat\u00e1sok d\u00edjainak meg\u00e1llap\u00edt\u00e1s\u00e1r\u00f3l sz\u00f3l\u00f3 szab\u00e1lyzat<\/a><\/p>\n","protected":false},"excerpt":{"rendered":"<p><a href=\"https:\/\/semmelweis.hu\/jogigfoig\/files\/2020\/07\/139_2020_hat\u00e1rozat_a-P\u00e9nzkezel\u00e9si-szab\u00e1lyzat-elfogad\u00e1s\u00e1nak-t\u00e1mogat\u00e1s\u00e1r\u00f3l.pdf\">A Semmelweis Egyetem\u00a0Szen\u00e1tus\u00e1nak\u00a0139\/2020. (VII.28.) sz\u00e1m\u00fa hat\u00e1rozata\u00a0a P\u00e9nzkezel\u00e9si szab\u00e1lyzat elfogad\u00e1s\u00e1nak t\u00e1mogat\u00e1s\u00e1r\u00f3l<\/a><br \/>\n<a href=\"https:\/\/semmelweis.hu\/jogigfoig\/files\/2020\/07\/139_2020_mell\u00e9klet-2_P\u00e9nzkezel\u00e9si-Szab\u00e1lyzat.pdf\">A Semmelweis Egyetem Szen\u00e1tus\u00e1nak 139\/2020. (VII.28.) sz\u00e1m\u00fa hat\u00e1rozata a P\u00e9nzkezel\u00e9si szab\u00e1lyzat elfogad\u00e1s\u00e1nak t\u00e1mogat\u00e1s\u00e1r\u00f3l &#8211; P\u00e9nzkezel\u00e9si szab\u00e1lyzat<\/a><br \/>\n<a href=\"https:\/\/semmelweis.hu\/jogigfoig\/files\/2020\/07\/140_2020_hat\u00e1rozat_a-K\u00f6vetel\u00e9skezel\u00e9si-szab\u00e1lyzat-t\u00e1mogat\u00e1s\u00e1r\u00f3l.pdf\">A Semmelweis Egyetem\u00a0Szen\u00e1tus\u00e1nak\u00a0140\/2020. (VII.28.) sz\u00e1m\u00fa hat\u00e1rozata\u00a0a K\u00f6vetel\u00e9skezel\u00e9si szab\u00e1lyzat t\u00e1mogat\u00e1s\u00e1r\u00f3l<\/a><br \/>\n<a href=\"https:\/\/semmelweis.hu\/jogigfoig\/files\/2020\/07\/140_2020_mell\u00e9klet_Dokumnetum-adatlap-K\u00f6vetel\u00e9skezel\u00e9si-Szab\u00e1lyzat.pdf\">A Semmelweis Egyetem Szen\u00e1tus\u00e1nak 140\/2020. (VII.28.) sz\u00e1m\u00fa hat\u00e1rozata a K\u00f6vetel\u00e9skezel\u00e9si szab\u00e1lyzat t\u00e1mogat\u00e1s\u00e1r\u00f3l &#8211; K\u00f6vetel\u00e9skezel\u00e9si szab\u00e1lyzat<\/a><br \/>\n<a href=\"https:\/\/semmelweis.hu\/jogigfoig\/files\/2020\/07\/141_2020_hat\u00e1rozat_a-K\u00fclf\u00f6ldi-tanulm\u00e1ny\u00fat.pdf\">A Semmelweis Egyetem\u00a0Szen\u00e1tus\u00e1nak\u00a0141\/2020. (VII.28.) sz\u00e1m\u00fa hat\u00e1rozata\u00a0a K\u00fclf\u00f6ldi tanulm\u00e1ny\u00fat, valamint k\u00fclf\u00f6ldi tart\u00f3zkod\u00e1shoz ig\u00e9nyelt fizet\u00e9s n\u00e9lk\u00fcli szabads\u00e1g ig\u00e9nybev\u00e9tel\u00e9nek elj\u00e1r\u00e1s rendj\u00e9r\u0151l sz\u00f3l\u00f3 szab\u00e1lyzat t\u00e1mogat\u00e1s\u00e1r\u00f3l<\/a><br \/>\n<a href=\"https:\/\/semmelweis.hu\/jogigfoig\/files\/2020\/07\/141_2020_mell\u00e9klet_K\u00fclf\u00f6ldi-tanulm\u00e1ny\u00fat-k\u00fclf\u00f6ldi-tart\u00f3zkod\u00e1shoz-ig\u00e9nyelt-fizet\u00e9s-n\u00e9lk\u00fcli-szab._-szab\u00e1lyzat.pdf\">A Semmelweis Egyetem Szen\u00e1tus\u00e1nak 141\/2020. (VII.28.) sz\u00e1m\u00fa hat\u00e1rozata a K\u00fclf\u00f6ldi tanulm\u00e1ny\u00fat, valamint k\u00fclf\u00f6ldi tart\u00f3zkod\u00e1shoz ig\u00e9nyelt fizet\u00e9s n\u00e9lk\u00fcli szabads\u00e1g ig\u00e9nybev\u00e9tel\u00e9nek elj\u00e1r\u00e1s rendj\u00e9r\u0151l sz\u00f3l\u00f3 szab\u00e1lyzat t\u00e1mogat\u00e1s\u00e1r\u00f3l &#8211; K\u00fclf\u00f6ldi tanulm\u00e1ny\u00fat, valamint k\u00fclf\u00f6ldi tart\u00f3zkod\u00e1shoz ig\u00e9nyelt fizet\u00e9s n\u00e9lk\u00fcli szabads\u00e1g ig\u00e9nybev\u00e9tel\u00e9nek elj\u00e1r\u00e1s rendj\u00e9r\u0151l sz\u00f3l\u00f3 szab\u00e1lyzat<\/a><br \/>\n<a href=\"https:\/\/semmelweis.hu\/jogigfoig\/files\/2020\/07\/142_2020_hat\u00e1rozat_a-T\u00e9r\u00edt\u00e9si-d\u00edj-szab\u00e1lyzat-elfogad\u00e1s\u00e1nak-t\u00e1mogat\u00e1s\u00e1r\u00f3l.pdf\">A Semmelweis Egyetem\u00a0Szen\u00e1tus\u00e1nak\u00a0142\/2020. (VII.28.) sz\u00e1m\u00fa hat\u00e1rozata\u00a0a T\u00e9r\u00edt\u00e9si d\u00edj szab\u00e1lyzat elfogad\u00e1s\u00e1nak t\u00e1mogat\u00e1s\u00e1r\u00f3l<\/a><br \/>\n<a href=\"https:\/\/semmelweis.hu\/jogigfoig\/files\/2020\/07\/142_2020_mell\u00e9klet_T\u00e9r\u00edt\u00e9si-d\u00edj-szab\u00e1lyzat.pdf\">A Semmelweis Egyetem Szen\u00e1tus\u00e1nak 142\/2020. (VII.28.) sz\u00e1m\u00fa hat\u00e1rozata a T\u00e9r\u00edt\u00e9si d\u00edj szab\u00e1lyzat elfogad\u00e1s\u00e1nak t\u00e1mogat\u00e1s\u00e1r\u00f3l &#8211; T\u00e9r\u00edt\u00e9si d\u00edj szab\u00e1lyzat<\/a><br \/>\n<a href=\"https:\/\/semmelweis.hu\/jogigfoig\/files\/2020\/07\/143_2020_hat\u00e1rozat_a-Gazdas\u00e1gi-t\u00e1rsas\u00e1gokr\u00f3l-sz\u00f3l\u00f3-szab\u00e1lyzat-t\u00e1mogat\u00e1s\u00e1r\u00f3l.pdf\">A Semmelweis Egyetem\u00a0Szen\u00e1tus\u00e1nak\u00a0143\/2020. (VII.28.) sz\u00e1m\u00fa hat\u00e1rozata\u00a0a Gazdas\u00e1gi t\u00e1rsas\u00e1gokr\u00f3l sz\u00f3l\u00f3 szab\u00e1lyzat t\u00e1mogat\u00e1s\u00e1r\u00f3l<\/a><br \/>\n<a href=\"https:\/\/semmelweis.hu\/jogigfoig\/files\/2020\/07\/143_2020_mell\u00e9klet_Gazdas\u00e1gi-t\u00e1rsas\u00e1gok_szab\u00e1lyzat.pdf\">A Semmelweis Egyetem Szen\u00e1tus\u00e1nak 143\/2020. (VII.28.) sz\u00e1m\u00fa hat\u00e1rozata a Gazdas\u00e1gi t\u00e1rsas\u00e1gokr\u00f3l sz\u00f3l\u00f3 szab\u00e1lyzat t\u00e1mogat\u00e1s\u00e1r\u00f3l &#8211; Gazdas\u00e1gi t\u00e1rsas\u00e1gokr\u00f3l sz\u00f3l\u00f3 szab\u00e1lyzat<\/a><br \/>\n<a href=\"https:\/\/semmelweis.hu\/jogigfoig\/files\/2020\/07\/144_2020_hat\u00e1rozat_a-Hivatali-k\u00fcl\u00f6n-szolg\u00e1ltat\u00e1sok-d\u00edjainak-meg\u00e1llap\u00edt\u00e1s\u00e1r\u00f3l-sz\u00f3l\u00f3-szab\u00e1lyzat-hat\u00e1lyon-k\u00edv\u00fcl-helyez\u00e9s\u00e9nek-t\u00e1mogat\u00e1s\u00e1r\u00f3l.pdf\">A Semmelweis Egyetem\u00a0Szen\u00e1tus\u00e1nak\u00a0144\/2020. (VII.07.) sz\u00e1m\u00fa hat\u00e1rozata\u00a0a Hivatali k\u00fcl\u00f6n-szolg\u00e1ltat\u00e1sok d\u00edjainak meg\u00e1llap\u00edt\u00e1s\u00e1r\u00f3l sz\u00f3l\u00f3 szab\u00e1lyzat hat\u00e1lyon k\u00edv\u00fcl helyez\u00e9s\u00e9nek t\u00e1mogat\u00e1s\u00e1r\u00f3l<\/a><br \/>\n<a href=\"https:\/\/semmelweis.hu\/jogigfoig\/files\/2020\/07\/144_2020_mell\u00e9klet_Utas\u00edt\u00e1s_Hivatali-k\u00fcl\u00f6n_szolg\u00e1latat\u00e1sok-d\u00edjair\u00f3l.pdf\">A Semmelweis Egyetem Szen\u00e1tus\u00e1nak 144\/2020. (VII.07.) sz\u00e1m\u00fa hat\u00e1rozata a Hivatali k\u00fcl\u00f6n-szolg\u00e1ltat\u00e1sok d\u00edjainak meg\u00e1llap\u00edt\u00e1s\u00e1r\u00f3l sz\u00f3l\u00f3 szab\u00e1lyzat hat\u00e1lyon k\u00edv\u00fcl helyez\u00e9s\u00e9nek t\u00e1mogat\u00e1s\u00e1r\u00f3l &#8211; Hivatali k\u00fcl\u00f6n-szolg\u00e1ltat\u00e1sok d\u00edjainak meg\u00e1llap\u00edt\u00e1s\u00e1r\u00f3l sz\u00f3l\u00f3 szab\u00e1lyzat<\/a><\/p>\n","protected":false},"author":101467,"featured_media":0,"parent":74866,"menu_order":14,"comment_status":"closed","ping_status":"closed","template":"","meta":{"_acf_changed":false,"footnotes":""},"categories":[],"tags":[],"class_list":["post-77213","page","type-page","status-publish","hentry"],"acf":[],"_links":{"self":[{"href":"https:\/\/semmelweis.hu\/jogigfoig\/wp-json\/wp\/v2\/pages\/77213","targetHints":{"allow":["GET"]}}],"collection":[{"href":"https:\/\/semmelweis.hu\/jogigfoig\/wp-json\/wp\/v2\/pages"}],"about":[{"href":"https:\/\/semmelweis.hu\/jogigfoig\/wp-json\/wp\/v2\/types\/page"}],"author":[{"embeddable":true,"href":"https:\/\/semmelweis.hu\/jogigfoig\/wp-json\/wp\/v2\/users\/101467"}],"replies":[{"embeddable":true,"href":"https:\/\/semmelweis.hu\/jogigfoig\/wp-json\/wp\/v2\/comments?post=77213"}],"version-history":[{"count":2,"href":"https:\/\/semmelweis.hu\/jogigfoig\/wp-json\/wp\/v2\/pages\/77213\/revisions"}],"predecessor-version":[{"id":77227,"href":"https:\/\/semmelweis.hu\/jogigfoig\/wp-json\/wp\/v2\/pages\/77213\/revisions\/77227"}],"up":[{"embeddable":true,"href":"https:\/\/semmelweis.hu\/jogigfoig\/wp-json\/wp\/v2\/pages\/74866"}],"wp:attachment":[{"href":"https:\/\/semmelweis.hu\/jogigfoig\/wp-json\/wp\/v2\/media?parent=77213"}],"wp:term":[{"taxonomy":"category","embeddable":true,"href":"https:\/\/semmelweis.hu\/jogigfoig\/wp-json\/wp\/v2\/categories?post=77213"},{"taxonomy":"post_tag","embeddable":true,"href":"https:\/\/semmelweis.hu\/jogigfoig\/wp-json\/wp\/v2\/tags?post=77213"}],"curies":[{"name":"wp","href":"https:\/\/api.w.org\/{rel}","templated":true}]}}