{"id":76590,"date":"2020-06-02T14:11:04","date_gmt":"2020-06-02T12:11:04","guid":{"rendered":"https:\/\/semmelweis.hu\/jogigfoig\/?page_id=76590"},"modified":"2020-09-29T09:13:20","modified_gmt":"2020-09-29T07:13:20","slug":"2020-majus-28","status":"publish","type":"page","link":"https:\/\/semmelweis.hu\/jogigfoig\/testuletek\/szenatus\/2020-evi-szenatusi-hatarozatok\/2020-majus-28\/","title":{"rendered":"2020. m\u00e1jus 28."},"content":{"rendered":"<p style=\"text-align: justify\"><a href=\"https:\/\/semmelweis.hu\/jogigfoig\/files\/2020\/06\/N-4_2020_napirendi-pontok-elfogad\u00e1sa.pdf\">A Semmelweis Egyetem\u00a0Szen\u00e1tus\u00e1nak\u00a0N-4. (V.28.) 2020. sz\u00e1m\u00fa hat\u00e1rozata\u00a0a szen\u00e1tusi \u00fcl\u00e9s m\u00f3dos\u00edtott napirendi pontjainak elfogad\u00e1s\u00e1r\u00f3l<\/a><\/p>\n<p><a href=\"https:\/\/semmelweis.hu\/jogigfoig\/files\/2020\/06\/79_2020_a_hallgatoi_jogviszony_hivatasbeli_alapjainak_megerositeserol.pdf\">A Semmelweis Egyetem\u00a0Szen\u00e1tus\u00e1nak\u00a079\/2020. (V.28.) sz\u00e1m\u00fa hat\u00e1rozata\u00a0a hallgat\u00f3i jogviszony hivat\u00e1sbeli alapjainak meger\u0151s\u00edt\u00e9s\u00e9r\u0151l<\/a><\/p>\n<p><a href=\"https:\/\/semmelweis.hu\/jogigfoig\/files\/2020\/06\/79_2020_melleklet_a_hallgatoi_jogviszony_hivatesbeli_alapjainak_megerositeserol.pdf\">A Semmelweis Egyetem Szen\u00e1tus\u00e1nak 79\/2020. (V.28.) sz\u00e1m\u00fa hat\u00e1rozata a hallgat\u00f3i jogviszony hivat\u00e1sbeli alapjainak meger\u0151s\u00edt\u00e9s\u00e9r\u0151l &#8211; 1. sz\u00e1m\u00fa mell\u00e9klet<\/a><\/p>\n<p><a href=\"https:\/\/semmelweis.hu\/jogigfoig\/files\/2020\/06\/79_2020_SE_HOK_kuldottgyulesi_hatarozat.pdf\">A Semmelweis Egyetem Szen\u00e1tus\u00e1nak 79\/2020. (V.28.) sz\u00e1m\u00fa hat\u00e1rozata a hallgat\u00f3i jogviszony hivat\u00e1sbeli alapjainak meger\u0151s\u00edt\u00e9s\u00e9r\u0151l &#8211; Hallgat\u00f3i \u00d6nkorm\u00e1nyzat egyet\u00e9rt\u00e9si jog gyakorl\u00e1sa<\/a><\/p>\n<p style=\"text-align: justify\"><a href=\"https:\/\/semmelweis.hu\/jogigfoig\/files\/2020\/06\/80_2020_a-Szent-R\u00f3kus-K\u00f3rh\u00e1z-\u00e1tv\u00e9tel\u00e9vel-kapcsolatos-folyamatokr\u00f3l-sz\u00f3l\u00f3-t\u00e1j\u00e9koztat\u00f3r\u00f3l-valamint-ezzel-\u00f6sszef\u00fcgg\u00e9sben-a-SzMS-zegyes-rendelkez\u00e9seinek-m\u00f3dos\u00edt\u00e1s\u00e1nak-elfogad\u00e1s\u00e1r\u00f3l.pdf\">A Semmelweis Egyetem\u00a0Szen\u00e1tus\u00e1nak\u00a080\/2020. (V.28.) sz\u00e1m\u00fa hat\u00e1rozata\u00a0a Szent R\u00f3kus K\u00f3rh\u00e1z \u00e9s Int\u00e9zm\u00e9nyei \u00e1tv\u00e9tel\u00e9vel kapcsolatos folyamatokr\u00f3l sz\u00f3l\u00f3 t\u00e1j\u00e9koztat\u00f3r\u00f3l, valamint ezzel \u00f6sszef\u00fcgg\u00e9sben a Szervezeti \u00e9s M\u0171k\u00f6d\u00e9si Szab\u00e1lyzat egyes rendelkez\u00e9sei m\u00f3dos\u00edt\u00e1s\u00e1nak elfogad\u00e1s\u00e1r\u00f3l<\/a><\/p>\n<p style=\"text-align: justify\"><a href=\"https:\/\/semmelweis.hu\/jogigfoig\/files\/2020\/06\/80_2020_R\u00f3kus-K\u00f3rh\u00e1z-\u00e1tv\u00e9tele_kancell\u00e1ri-egyet\u00e9rt\u00e9s.pdf\">A Semmelweis Egyetem\u00a0Szen\u00e1tus\u00e1nak\u00a080\/2020. (V.28.) sz\u00e1m\u00fa hat\u00e1rozata\u00a0a Szent R\u00f3kus K\u00f3rh\u00e1z \u00e9s Int\u00e9zm\u00e9nyei \u00e1tv\u00e9tel\u00e9vel kapcsolatos folyamatokr\u00f3l sz\u00f3l\u00f3 t\u00e1j\u00e9koztat\u00f3r\u00f3l, valamint ezzel \u00f6sszef\u00fcgg\u00e9sben a Szervezeti \u00e9s M\u0171k\u00f6d\u00e9si Szab\u00e1lyzat egyes rendelkez\u00e9sei m\u00f3dos\u00edt\u00e1s\u00e1nak elfogad\u00e1s\u00e1r\u00f3l &#8211; kancell\u00e1ri egyet\u00e9rt\u00e9si jog gyakorl\u00e1sa<\/a><\/p>\n<p><a href=\"https:\/\/semmelweis.hu\/jogigfoig\/files\/2020\/06\/80_2020_a-Szent-R\u00f3kus-K\u00f3rh\u00e1z-\u00e1tv\u00e9tele_SZMSZ-m\u00f3dos\u00edt\u00e1s_mell\u00e9klet.pdf\">A Semmelweis Egyetem Szen\u00e1tus\u00e1nak 80\/2020. (V.28.) sz\u00e1m\u00fa hat\u00e1rozata a Szent R\u00f3kus K\u00f3rh\u00e1z \u00e9s Int\u00e9zm\u00e9nyei \u00e1tv\u00e9tel\u00e9vel kapcsolatos folyamatokr\u00f3l sz\u00f3l\u00f3 t\u00e1j\u00e9koztat\u00f3r\u00f3l, valamint ezzel \u00f6sszef\u00fcgg\u00e9sben a Szervezeti \u00e9s M\u0171k\u00f6d\u00e9si Szab\u00e1lyzat egyes rendelkez\u00e9sei m\u00f3dos\u00edt\u00e1s\u00e1nak elfogad\u00e1s\u00e1r\u00f3l &#8211; 1. sz\u00e1m\u00fa mell\u00e9klet<\/a><\/p>\n<p style=\"text-align: justify\"><a href=\"https:\/\/semmelweis.hu\/jogigfoig\/files\/2020\/06\/81_2020_a-Szervezeti-\u00e9s-M\u0171k\u00f6d\u00e9si-Szab\u00e1lyzat-egyes-jogtechnikai-m\u00f3dos\u00edt\u00e1s\u00e1r\u00f3l.pdf\">A Semmelweis Egyetem\u00a0Szen\u00e1tus\u00e1nak\u00a081\/2020. (V.28.) sz\u00e1m\u00fa hat\u00e1rozata\u00a0a Szervezeti \u00e9s M\u0171k\u00f6d\u00e9si Szab\u00e1lyzat egyes jogtechnikai m\u00f3dos\u00edt\u00e1sair\u00f3l<\/a><\/p>\n<p><a href=\"https:\/\/semmelweis.hu\/jogigfoig\/files\/2020\/06\/81_2020_a-Szervezeti-\u00e9s-M\u0171k\u00f6d\u00e9si-Szab\u00e1lyzat-egyes-jogtechnikai-m\u00f3dos\u00edt\u00e1s\u00e1r\u00f3l_mell\u00e9klet.pdf\">A Semmelweis Egyetem Szen\u00e1tus\u00e1nak 81\/2020. (V.28.) sz\u00e1m\u00fa hat\u00e1rozata a Szervezeti \u00e9s M\u0171k\u00f6d\u00e9si Szab\u00e1lyzat egyes jogtechnikai m\u00f3dos\u00edt\u00e1sair\u00f3l &#8211; 1. sz\u00e1m\u00fa mell\u00e9klet<\/a><\/p>\n<p style=\"text-align: justify\"><a href=\"https:\/\/semmelweis.hu\/jogigfoig\/files\/2020\/06\/82_2020_a-SzMSz-I.1-R\u00e9sz-\u00c1ltal\u00e1nos-Szervezeti-\u00e9s-M\u0171k\u00f6d\u00e9si-Rendelkez\u00e9sek-tudom\u00e1nyos-\u00e9s-innov\u00e1ci\u00f3s-rektorhelyettesi-ter\u00fcletet-\u00e9rint\u0151-m\u00f3dos\u00edt\u00e1s\u00e1nak.pdf\">A Semmelweis Egyetem\u00a0Szen\u00e1tus\u00e1nak\u00a082\/2020. (V.28) sz\u00e1m\u00fa hat\u00e1rozata\u00a0a\u00a0 Szervezeti \u00e9s M\u0171k\u00f6d\u00e9si Szab\u00e1lyzat I.1. R\u00e9sz\u00e9nek\u00a0a tudom\u00e1nyos \u00e9s innov\u00e1ci\u00f3s rektorhelyettesi ter\u00fcletet \u00e9rint\u0151\u00a0m\u00f3dos\u00edt\u00e1s\u00e1nak elfogad\u00e1s\u00e1r\u00f3l<\/a><\/p>\n<p><a href=\"https:\/\/semmelweis.hu\/jogigfoig\/files\/2020\/06\/82_2020_a-SzMSz-I.1-R\u00e9sz-\u00c1ltal\u00e1nos-Szervezeti-\u00e9s-M\u0171k\u00f6d\u00e9si-Rendelkez\u00e9sek_mell\u00e9klet.pdf\">A Semmelweis Egyetem Szen\u00e1tus\u00e1nak 82\/2020. (V.28) sz\u00e1m\u00fa hat\u00e1rozata a\u00a0 Szervezeti \u00e9s M\u0171k\u00f6d\u00e9si Szab\u00e1lyzat I.1. R\u00e9sz\u00e9nek a tudom\u00e1nyos \u00e9s innov\u00e1ci\u00f3s rektorhelyettesi ter\u00fcletet \u00e9rint\u0151 m\u00f3dos\u00edt\u00e1s\u00e1nak elfogad\u00e1s\u00e1r\u00f3l &#8211; 1. sz\u00e1m\u00fa mell\u00e9klet<\/a><\/p>\n<p style=\"text-align: justify\"><a href=\"https:\/\/semmelweis.hu\/jogigfoig\/files\/2020\/06\/83_2020_a-Szervezeti-\u00e9s-M\u0171k\u00f6d\u00e9si-Szab\u00e1lyzat-egyes-rendelkez\u00e9seinek-m\u00f3dos\u00edt\u00e1s\u00e1r\u00f3l.pdf\">A Semmelweis Egyetem\u00a0Szen\u00e1tus\u00e1nak\u00a083\/2020. (V.28.) sz\u00e1m\u00fa hat\u00e1rozata\u00a0a Szervezeti \u00e9s M\u0171k\u00f6d\u00e9si Szab\u00e1lyzat egyes rendelkez\u00e9seinek m\u00f3dos\u00edt\u00e1s\u00e1r\u00f3l<\/a><\/p>\n<p><a href=\"https:\/\/semmelweis.hu\/jogigfoig\/files\/2020\/06\/83_2020_a-Szervezeti-\u00e9s-M\u0171k\u00f6d\u00e9si-Szab\u00e1lyzat-egyes-rendelkez\u00e9seinek-m\u00f3dos\u00edt\u00e1s\u00e1r\u00f3l_mell\u00e9klet.pdf\">A Semmelweis Egyetem Szen\u00e1tus\u00e1nak 83\/2020. (V.28.) sz\u00e1m\u00fa hat\u00e1rozata a Szervezeti \u00e9s M\u0171k\u00f6d\u00e9si Szab\u00e1lyzat egyes rendelkez\u00e9seinek m\u00f3dos\u00edt\u00e1s\u00e1r\u00f3l &#8211; 1. sz\u00e1m\u00fa mell\u00e9klet<\/a><\/p>\n<p style=\"text-align: justify\"><a href=\"https:\/\/semmelweis.hu\/jogigfoig\/files\/2020\/06\/84_2020_a-Semmelweis-Egyetem-Kiv\u00e1l\u00f3-Oktat\u00f3ja-kit\u00fcntet\u00e9s-adom\u00e1nyoz\u00e1s\u00e1r\u00f3l.pdf\">A Semmelweis Egyetem\u00a0Szen\u00e1tus\u00e1nak\u00a084\/2020. (V.28.) sz\u00e1m\u00fa hat\u00e1rozata\u00a0a Semmelweis Egyetem Kiv\u00e1l\u00f3 Oktat\u00f3ja kit\u00fcntet\u00e9s adom\u00e1nyoz\u00e1s\u00e1r\u00f3l<\/a><\/p>\n<p style=\"text-align: justify\"><a href=\"https:\/\/semmelweis.hu\/jogigfoig\/files\/2020\/06\/84_2020_a-Semmelweis-Egyetem-Kiv\u00e1l\u00f3-Oktat\u00f3ja-kit\u00fcntet\u00e9s-adom\u00e1nyoz\u00e1s\u00e1r\u00f3l_kancell\u00e1ri-egyet\u00e9rt\u00e9s.pdf\">A Semmelweis Egyetem\u00a0Szen\u00e1tus\u00e1nak\u00a084\/2020. (V.28.) sz\u00e1m\u00fa hat\u00e1rozata\u00a0a Semmelweis Egyetem Kiv\u00e1l\u00f3 Oktat\u00f3ja kit\u00fcntet\u00e9s adom\u00e1nyoz\u00e1s\u00e1r\u00f3l &#8211; kancell\u00e1ri egyet\u00e9rt\u00e9si jog gyakorl\u00e1sa<\/a><\/p>\n<p style=\"text-align: justify\"><a href=\"https:\/\/semmelweis.hu\/jogigfoig\/files\/2020\/06\/85_2020_az-aktu\u00e1lis-vezet\u0151i-magasabb-vezet\u0151i-p\u00e1ly\u00e1zatok-v\u00e9lem\u00e9nyez\u00e9s\u00e9r\u0151l.pdf\">A Semmelweis Egyetem\u00a0Szen\u00e1tus\u00e1nak\u00a085\/2020. (V.28.) sz\u00e1m\u00fa hat\u00e1rozata\u00a0az aktu\u00e1lis vezet\u0151i (magasabb vezet\u0151i) p\u00e1ly\u00e1zatok v\u00e9lem\u00e9nyez\u00e9s\u00e9r\u0151l<\/a><\/p>\n<p style=\"text-align: justify\"><a href=\"https:\/\/semmelweis.hu\/jogigfoig\/files\/2020\/06\/85_2020_aktu\u00e1lis-vezet\u0151i_kancell\u00e1ri-egyet\u00e9rt\u00e9s.pdf\"> A Semmelweis Egyetem Szen\u00e1tus\u00e1nak 85\/2020. (V.28.) sz\u00e1m\u00fa hat\u00e1rozata az aktu\u00e1lis vezet\u0151i (magasabb vezet\u0151i) p\u00e1ly\u00e1zatok v\u00e9lem\u00e9nyez\u00e9s\u00e9r\u0151l &#8211; kancell\u00e1ri egyet\u00e9rt\u00e9si jog gyakorl\u00e1sa<\/a><\/p>\n<p>&nbsp;<\/p>\n","protected":false},"excerpt":{"rendered":"<p><a href=\"https:\/\/semmelweis.hu\/jogigfoig\/files\/2020\/06\/N-4_2020_napirendi-pontok-elfogad\u00e1sa.pdf\">A Semmelweis Egyetem\u00a0Szen\u00e1tus\u00e1nak\u00a0N-4. (V.28.) 2020. sz\u00e1m\u00fa hat\u00e1rozata\u00a0a szen\u00e1tusi \u00fcl\u00e9s m\u00f3dos\u00edtott napirendi pontjainak elfogad\u00e1s\u00e1r\u00f3l<\/a><br \/>\n<a href=\"https:\/\/semmelweis.hu\/jogigfoig\/files\/2020\/06\/79_2020_a_hallgatoi_jogviszony_hivatasbeli_alapjainak_megerositeserol.pdf\">A Semmelweis Egyetem\u00a0Szen\u00e1tus\u00e1nak\u00a079\/2020. (V.28.) sz\u00e1m\u00fa hat\u00e1rozata\u00a0a hallgat\u00f3i jogviszony hivat\u00e1sbeli alapjainak meger\u0151s\u00edt\u00e9s\u00e9r\u0151l<\/a><br \/>\n<a href=\"https:\/\/semmelweis.hu\/jogigfoig\/files\/2020\/06\/79_2020_melleklet_a_hallgatoi_jogviszony_hivatesbeli_alapjainak_megerositeserol.pdf\">A Semmelweis Egyetem Szen\u00e1tus\u00e1nak 79\/2020. (V.28.) sz\u00e1m\u00fa hat\u00e1rozata a hallgat\u00f3i jogviszony hivat\u00e1sbeli alapjainak meger\u0151s\u00edt\u00e9s\u00e9r\u0151l &#8211; 1. sz\u00e1m\u00fa mell\u00e9klet<\/a><br \/>\n<a href=\"https:\/\/semmelweis.hu\/jogigfoig\/files\/2020\/06\/79_2020_SE_HOK_kuldottgyulesi_hatarozat.pdf\">A Semmelweis Egyetem Szen\u00e1tus\u00e1nak 79\/2020. (V.28.) sz\u00e1m\u00fa hat\u00e1rozata a hallgat\u00f3i jogviszony hivat\u00e1sbeli alapjainak meger\u0151s\u00edt\u00e9s\u00e9r\u0151l &#8211; Hallgat\u00f3i \u00d6nkorm\u00e1nyzat egyet\u00e9rt\u00e9si jog gyakorl\u00e1sa<\/a><br \/>\n<a href=\"https:\/\/semmelweis.hu\/jogigfoig\/files\/2020\/06\/80_2020_a-Szent-R\u00f3kus-K\u00f3rh\u00e1z-\u00e1tv\u00e9tel\u00e9vel-kapcsolatos-folyamatokr\u00f3l-sz\u00f3l\u00f3-t\u00e1j\u00e9koztat\u00f3r\u00f3l-valamint-ezzel-\u00f6sszef\u00fcgg\u00e9sben-a-SzMS-zegyes-rendelkez\u00e9seinek-m\u00f3dos\u00edt\u00e1s\u00e1nak-elfogad\u00e1s\u00e1r\u00f3l.pdf\">A Semmelweis Egyetem\u00a0Szen\u00e1tus\u00e1nak\u00a080\/2020. (V.28.) sz\u00e1m\u00fa hat\u00e1rozata\u00a0a Szent R\u00f3kus K\u00f3rh\u00e1z \u00e9s Int\u00e9zm\u00e9nyei \u00e1tv\u00e9tel\u00e9vel kapcsolatos folyamatokr\u00f3l sz\u00f3l\u00f3 t\u00e1j\u00e9koztat\u00f3r\u00f3l, valamint ezzel \u00f6sszef\u00fcgg\u00e9sben a Szervezeti \u00e9s M\u0171k\u00f6d\u00e9si Szab\u00e1lyzat egyes rendelkez\u00e9sei m\u00f3dos\u00edt\u00e1s\u00e1nak elfogad\u00e1s\u00e1r\u00f3l<\/a><br \/>\n<a href=\"https:\/\/semmelweis.hu\/jogigfoig\/files\/2020\/06\/80_2020_R\u00f3kus-K\u00f3rh\u00e1z-\u00e1tv\u00e9tele_kancell\u00e1ri-egyet\u00e9rt\u00e9s.pdf\">A Semmelweis Egyetem\u00a0Szen\u00e1tus\u00e1nak\u00a080\/2020. (V.28.) sz\u00e1m\u00fa hat\u00e1rozata\u00a0a Szent R\u00f3kus K\u00f3rh\u00e1z \u00e9s Int\u00e9zm\u00e9nyei \u00e1tv\u00e9tel\u00e9vel kapcsolatos folyamatokr\u00f3l sz\u00f3l\u00f3 t\u00e1j\u00e9koztat\u00f3r\u00f3l, valamint ezzel \u00f6sszef\u00fcgg\u00e9sben a Szervezeti \u00e9s M\u0171k\u00f6d\u00e9si Szab\u00e1lyzat egyes rendelkez\u00e9sei m\u00f3dos\u00edt\u00e1s\u00e1nak elfogad\u00e1s\u00e1r\u00f3l &#8211; kancell\u00e1ri egyet\u00e9rt\u00e9si jog gyakorl\u00e1sa<\/a><br \/>\n<a href=\"https:\/\/semmelweis.hu\/jogigfoig\/files\/2020\/06\/80_2020_a-Szent-R\u00f3kus-K\u00f3rh\u00e1z-\u00e1tv\u00e9tele_SZMSZ-m\u00f3dos\u00edt\u00e1s_mell\u00e9klet.pdf\">A Semmelweis Egyetem Szen\u00e1tus\u00e1nak 80\/2020. (V.28.) sz\u00e1m\u00fa hat\u00e1rozata a Szent R\u00f3kus K\u00f3rh\u00e1z \u00e9s Int\u00e9zm\u00e9nyei \u00e1tv\u00e9tel\u00e9vel kapcsolatos folyamatokr\u00f3l sz\u00f3l\u00f3 t\u00e1j\u00e9koztat\u00f3r\u00f3l, valamint ezzel \u00f6sszef\u00fcgg\u00e9sben a Szervezeti \u00e9s M\u0171k\u00f6d\u00e9si Szab\u00e1lyzat egyes rendelkez\u00e9sei m\u00f3dos\u00edt\u00e1s\u00e1nak elfogad\u00e1s\u00e1r\u00f3l &#8211; 1. sz\u00e1m\u00fa mell\u00e9klet<\/a><br \/>\n<a href=\"https:\/\/semmelweis.hu\/jogigfoig\/files\/2020\/06\/81_2020_a-Szervezeti-\u00e9s-M\u0171k\u00f6d\u00e9si-Szab\u00e1lyzat-egyes-jogtechnikai-m\u00f3dos\u00edt\u00e1s\u00e1r\u00f3l.pdf\">A Semmelweis Egyetem\u00a0Szen\u00e1tus\u00e1nak\u00a081\/2020. (V.28.) sz\u00e1m\u00fa hat\u00e1rozata\u00a0a Szervezeti \u00e9s M\u0171k\u00f6d\u00e9si Szab\u00e1lyzat egyes jogtechnikai m\u00f3dos\u00edt\u00e1sair\u00f3l<\/a><br \/>\n<a href=\"https:\/\/semmelweis.hu\/jogigfoig\/files\/2020\/06\/81_2020_a-Szervezeti-\u00e9s-M\u0171k\u00f6d\u00e9si-Szab\u00e1lyzat-egyes-jogtechnikai-m\u00f3dos\u00edt\u00e1s\u00e1r\u00f3l_mell\u00e9klet.pdf\">A Semmelweis Egyetem Szen\u00e1tus\u00e1nak 81\/2020. (V.28.) sz\u00e1m\u00fa hat\u00e1rozata a Szervezeti \u00e9s M\u0171k\u00f6d\u00e9si Szab\u00e1lyzat egyes jogtechnikai m\u00f3dos\u00edt\u00e1sair\u00f3l &#8211; 1. sz\u00e1m\u00fa mell\u00e9klet<\/a><br \/>\n<a href=\"https:\/\/semmelweis.hu\/jogigfoig\/files\/2020\/06\/82_2020_a-SzMSz-I.1-R\u00e9sz-\u00c1ltal\u00e1nos-Szervezeti-\u00e9s-M\u0171k\u00f6d\u00e9si-Rendelkez\u00e9sek-tudom\u00e1nyos-\u00e9s-innov\u00e1ci\u00f3s-rektorhelyettesi-ter\u00fcletet-\u00e9rint\u0151-m\u00f3dos\u00edt\u00e1s\u00e1nak.pdf\">A Semmelweis Egyetem\u00a0Szen\u00e1tus\u00e1nak\u00a082\/2020. (V.28) sz\u00e1m\u00fa hat\u00e1rozata\u00a0a\u00a0 Szervezeti \u00e9s M\u0171k\u00f6d\u00e9si Szab\u00e1lyzat I.1. R\u00e9sz\u00e9nek\u00a0a tudom\u00e1nyos \u00e9s innov\u00e1ci\u00f3s rektorhelyettesi ter\u00fcletet \u00e9rint\u0151\u00a0m\u00f3dos\u00edt\u00e1s\u00e1nak elfogad\u00e1s\u00e1r\u00f3l<\/a><br \/>\n<a href=\"https:\/\/semmelweis.hu\/jogigfoig\/files\/2020\/06\/82_2020_a-SzMSz-I.1-R\u00e9sz-\u00c1ltal\u00e1nos-Szervezeti-\u00e9s-M\u0171k\u00f6d\u00e9si-Rendelkez\u00e9sek_mell\u00e9klet.pdf\">A Semmelweis Egyetem Szen\u00e1tus\u00e1nak 82\/2020. (V.28) sz\u00e1m\u00fa hat\u00e1rozata a\u00a0 Szervezeti \u00e9s M\u0171k\u00f6d\u00e9si Szab\u00e1lyzat I.1. R\u00e9sz\u00e9nek a tudom\u00e1nyos \u00e9s innov\u00e1ci\u00f3s rektorhelyettesi ter\u00fcletet \u00e9rint\u0151 m\u00f3dos\u00edt\u00e1s\u00e1nak elfogad\u00e1s\u00e1r\u00f3l &#8211; 1. sz\u00e1m\u00fa mell\u00e9klet<\/a><br \/>\n<a href=\"https:\/\/semmelweis.hu\/jogigfoig\/files\/2020\/06\/83_2020_a-Szervezeti-\u00e9s-M\u0171k\u00f6d\u00e9si-Szab\u00e1lyzat-egyes-rendelkez\u00e9seinek-m\u00f3dos\u00edt\u00e1s\u00e1r\u00f3l.pdf\">A Semmelweis Egyetem\u00a0Szen\u00e1tus\u00e1nak\u00a083\/2020. (V.28.) sz\u00e1m\u00fa hat\u00e1rozata\u00a0a Szervezeti \u00e9s M\u0171k\u00f6d\u00e9si Szab\u00e1lyzat egyes rendelkez\u00e9seinek m\u00f3dos\u00edt\u00e1s\u00e1r\u00f3l<\/a><br \/>\n<a href=\"https:\/\/semmelweis.hu\/jogigfoig\/files\/2020\/06\/83_2020_a-Szervezeti-\u00e9s-M\u0171k\u00f6d\u00e9si-Szab\u00e1lyzat-egyes-rendelkez\u00e9seinek-m\u00f3dos\u00edt\u00e1s\u00e1r\u00f3l_mell\u00e9klet.pdf\">A Semmelweis Egyetem Szen\u00e1tus\u00e1nak 83\/2020. (V.28.) sz\u00e1m\u00fa hat\u00e1rozata a Szervezeti \u00e9s M\u0171k\u00f6d\u00e9si Szab\u00e1lyzat egyes rendelkez\u00e9seinek m\u00f3dos\u00edt\u00e1s\u00e1r\u00f3l &#8211; 1. sz\u00e1m\u00fa mell\u00e9klet<\/a><br \/>\n<a href=\"https:\/\/semmelweis.hu\/jogigfoig\/files\/2020\/06\/84_2020_a-Semmelweis-Egyetem-Kiv\u00e1l\u00f3-Oktat\u00f3ja-kit\u00fcntet\u00e9s-adom\u00e1nyoz\u00e1s\u00e1r\u00f3l.pdf\">A Semmelweis Egyetem\u00a0Szen\u00e1tus\u00e1nak\u00a084\/2020. (V.28.) sz\u00e1m\u00fa hat\u00e1rozata\u00a0a Semmelweis Egyetem Kiv\u00e1l\u00f3 Oktat\u00f3ja kit\u00fcntet\u00e9s adom\u00e1nyoz\u00e1s\u00e1r\u00f3l<\/a><br \/>\n<a href=\"https:\/\/semmelweis.hu\/jogigfoig\/files\/2020\/06\/84_2020_a-Semmelweis-Egyetem-Kiv\u00e1l\u00f3-Oktat\u00f3ja-kit\u00fcntet\u00e9s-adom\u00e1nyoz\u00e1s\u00e1r\u00f3l_kancell\u00e1ri-egyet\u00e9rt\u00e9s.pdf\">A Semmelweis Egyetem\u00a0Szen\u00e1tus\u00e1nak\u00a084\/2020. (V.28.) sz\u00e1m\u00fa hat\u00e1rozata\u00a0a Semmelweis Egyetem Kiv\u00e1l\u00f3 Oktat\u00f3ja kit\u00fcntet\u00e9s adom\u00e1nyoz\u00e1s\u00e1r\u00f3l &#8211; kancell\u00e1ri egyet\u00e9rt\u00e9si jog gyakorl\u00e1sa<\/a><br \/>\n<a href=\"https:\/\/semmelweis.hu\/jogigfoig\/files\/2020\/06\/85_2020_az-aktu\u00e1lis-vezet\u0151i-magasabb-vezet\u0151i-p\u00e1ly\u00e1zatok-v\u00e9lem\u00e9nyez\u00e9s\u00e9r\u0151l.pdf\">A Semmelweis Egyetem\u00a0Szen\u00e1tus\u00e1nak\u00a085\/2020. (V.28.) sz\u00e1m\u00fa hat\u00e1rozata\u00a0az aktu\u00e1lis vezet\u0151i (magasabb vezet\u0151i) p\u00e1ly\u00e1zatok v\u00e9lem\u00e9nyez\u00e9s\u00e9r\u0151l<\/a><br \/>\n<a href=\"https:\/\/semmelweis.hu\/jogigfoig\/files\/2020\/06\/85_2020_aktu\u00e1lis-vezet\u0151i_kancell\u00e1ri-egyet\u00e9rt\u00e9s.pdf\"> A Semmelweis Egyetem Szen\u00e1tus\u00e1nak 85\/2020. (V.28.) sz\u00e1m\u00fa hat\u00e1rozata az aktu\u00e1lis vezet\u0151i (magasabb vezet\u0151i) p\u00e1ly\u00e1zatok v\u00e9lem\u00e9nyez\u00e9s\u00e9r\u0151l &#8211; kancell\u00e1ri egyet\u00e9rt\u00e9si jog gyakorl\u00e1sa<\/a><br \/>\n&nbsp;<\/p>\n","protected":false},"author":101467,"featured_media":0,"parent":74866,"menu_order":11,"comment_status":"closed","ping_status":"closed","template":"","meta":{"_acf_changed":false,"footnotes":""},"categories":[],"tags":[],"class_list":["post-76590","page","type-page","status-publish","hentry"],"acf":[],"_links":{"self":[{"href":"https:\/\/semmelweis.hu\/jogigfoig\/wp-json\/wp\/v2\/pages\/76590","targetHints":{"allow":["GET"]}}],"collection":[{"href":"https:\/\/semmelweis.hu\/jogigfoig\/wp-json\/wp\/v2\/pages"}],"about":[{"href":"https:\/\/semmelweis.hu\/jogigfoig\/wp-json\/wp\/v2\/types\/page"}],"author":[{"embeddable":true,"href":"https:\/\/semmelweis.hu\/jogigfoig\/wp-json\/wp\/v2\/users\/101467"}],"replies":[{"embeddable":true,"href":"https:\/\/semmelweis.hu\/jogigfoig\/wp-json\/wp\/v2\/comments?post=76590"}],"version-history":[{"count":5,"href":"https:\/\/semmelweis.hu\/jogigfoig\/wp-json\/wp\/v2\/pages\/76590\/revisions"}],"predecessor-version":[{"id":76702,"href":"https:\/\/semmelweis.hu\/jogigfoig\/wp-json\/wp\/v2\/pages\/76590\/revisions\/76702"}],"up":[{"embeddable":true,"href":"https:\/\/semmelweis.hu\/jogigfoig\/wp-json\/wp\/v2\/pages\/74866"}],"wp:attachment":[{"href":"https:\/\/semmelweis.hu\/jogigfoig\/wp-json\/wp\/v2\/media?parent=76590"}],"wp:term":[{"taxonomy":"category","embeddable":true,"href":"https:\/\/semmelweis.hu\/jogigfoig\/wp-json\/wp\/v2\/categories?post=76590"},{"taxonomy":"post_tag","embeddable":true,"href":"https:\/\/semmelweis.hu\/jogigfoig\/wp-json\/wp\/v2\/tags?post=76590"}],"curies":[{"name":"wp","href":"https:\/\/api.w.org\/{rel}","templated":true}]}}