{"id":76397,"date":"2020-05-07T12:03:18","date_gmt":"2020-05-07T10:03:18","guid":{"rendered":"https:\/\/semmelweis.hu\/jogigfoig\/?page_id=76397"},"modified":"2020-09-29T09:13:12","modified_gmt":"2020-09-29T07:13:12","slug":"2020-majus-5","status":"publish","type":"page","link":"https:\/\/semmelweis.hu\/jogigfoig\/testuletek\/szenatus\/2020-evi-szenatusi-hatarozatok\/2020-majus-5\/","title":{"rendered":"2020. m\u00e1jus 5."},"content":{"rendered":"<p style=\"text-align: justify\"><a href=\"https:\/\/semmelweis.hu\/jogigfoig\/files\/2020\/05\/N_3_2020_\u00dcgyrendi-hat\u00e1rozat-napirendr\u0151l.pdf\">A Semmelweis Egyetem\u00a0Szen\u00e1tus\u00e1nak\u00a0N-3. (IV.30.) 2020. sz\u00e1m\u00fa hat\u00e1rozata\u00a0a szen\u00e1tusi \u00fcl\u00e9s m\u00f3dos\u00edtott napirendi pontjainak elfogad\u00e1s\u00e1r\u00f3l<\/a><\/p>\n<p style=\"text-align: justify\"><a href=\"https:\/\/semmelweis.hu\/jogigfoig\/files\/2020\/05\/62_2020_Vezet\u0151i-k\u00f6lts\u00e9gvet\u00e9s-elfogad\u00e1s\u00e1r\u00f3l_2020.pdf\">A Semmelweis Egyetem\u00a0Szen\u00e1tus\u00e1nak\u00a062\/2020. (V.5.) sz\u00e1m\u00fa hat\u00e1rozata\u00a0a 2020. \u00e9vi vezet\u0151i k\u00f6lts\u00e9gvet\u00e9s elfogad\u00e1s\u00e1r\u00f3l<\/a><\/p>\n<p style=\"text-align: justify\"><a href=\"https:\/\/semmelweis.hu\/jogigfoig\/files\/2020\/05\/62_2020_Konziszt\u00f3riumi-Hat\u00e1rozat.pdf\">A Semmelweis Egyetem Szen\u00e1tus\u00e1nak 62\/2020. (V.5.) sz\u00e1m\u00fa hat\u00e1rozata a 2020. \u00e9vi vezet\u0151i k\u00f6lts\u00e9gvet\u00e9s elfogad\u00e1s\u00e1r\u00f3l &#8211; A Semmelweis Egyetem Konziszt\u00f3rium\u00e1nak 3\/2020. (IV. 27.) sz\u00e1m\u00fa hat\u00e1rozata a Semmelweis Egyetem 2020. \u00e9vi vezet\u0151i k\u00f6lts\u00e9gvet\u00e9s\u00e9r\u0151l<\/a><\/p>\n<p style=\"text-align: justify\"><a href=\"https:\/\/semmelweis.hu\/jogigfoig\/files\/2020\/05\/63_2020_a-Szervezeti-\u00e9s-M\u0171k\u00f6d\u00e9si-Szab\u00e1lyzat-m\u00f3dos\u00edt\u00e1s\u00e1r\u00f3l.pdf\">A Semmelweis Egyetem\u00a0Szen\u00e1tus\u00e1nak\u00a063\/2020. (V.5.) sz\u00e1m\u00fa hat\u00e1rozata\u00a0a Szervezeti \u00e9s M\u0171k\u00f6d\u00e9si Szab\u00e1lyzat egyes rendelkez\u00e9seinek m\u00f3dos\u00edt\u00e1s\u00e1r\u00f3l<\/a><\/p>\n<p style=\"text-align: justify\"><a href=\"https:\/\/semmelweis.hu\/jogigfoig\/files\/2020\/05\/63_2020_Mell\u00e9klet_SzMSz.pdf\">A Semmelweis Egyetem Szen\u00e1tus\u00e1nak 63\/2020. (V.5.) sz\u00e1m\u00fa hat\u00e1rozata a Szervezeti \u00e9s M\u0171k\u00f6d\u00e9si Szab\u00e1lyzat egyes rendelkez\u00e9seinek m\u00f3dos\u00edt\u00e1s\u00e1r\u00f3l &#8211; 1. sz\u00e1m\u00fa mell\u00e9klete<\/a><\/p>\n<p style=\"text-align: justify\"><a href=\"https:\/\/semmelweis.hu\/jogigfoig\/files\/2020\/05\/D\u00d6K_Egyet\u00e9rt\u00e9s_05_11.pdf\">A Semmelweis Egyetem Szen\u00e1tus\u00e1nak 63\/2020. (V.5.) sz\u00e1m\u00fa hat\u00e1rozata a Szervezeti \u00e9s M\u0171k\u00f6d\u00e9si Szab\u00e1lyzat egyes rendelkez\u00e9seinek m\u00f3dos\u00edt\u00e1s\u00e1r\u00f3l &#8211; Doktorandusz \u00d6nkorm\u00e1nyzat egyet\u00e9rt\u00e9si jog gyakorl\u00e1sa<\/a><\/p>\n<p style=\"text-align: justify\"><a href=\"https:\/\/semmelweis.hu\/jogigfoig\/files\/2020\/05\/64_2020_SzMSz_FKR-m\u00f3dos\u00edt\u00e1s.pdf\">A Semmelweis Egyetem\u00a0Szen\u00e1tus\u00e1nak\u00a064\/2020. (V.5.) sz\u00e1m\u00fa hat\u00e1rozata\u00a0a Szervezeti \u00e9s M\u0171k\u00f6d\u00e9si Szab\u00e1lyzat Foglalkoztat\u00e1si K\u00f6vetelm\u00e9nyrendszere II. 4. r\u00e9sz &#8211; m\u00f3dos\u00edt\u00e1s\u00e1nak elfogad\u00e1s\u00e1r\u00f3l<\/a><\/p>\n<p style=\"text-align: justify\"><a href=\"https:\/\/semmelweis.hu\/jogigfoig\/files\/2020\/05\/64_2020_Kancell\u00e1ri-egyet\u00e9rt\u00e9s_SzMSz_FKR-m\u00f3dos\u00edt\u00e1s.pdf\">A Semmelweis Egyetem Szen\u00e1tus\u00e1nak 64\/2020. (V.5.) sz\u00e1m\u00fa hat\u00e1rozata a Szervezeti \u00e9s M\u0171k\u00f6d\u00e9si Szab\u00e1lyzat Foglalkoztat\u00e1si K\u00f6vetelm\u00e9nyrendszere II. 4. r\u00e9sz &#8211; m\u00f3dos\u00edt\u00e1s\u00e1nak elfogad\u00e1s\u00e1r\u00f3l\u00a0<strong>&#8211;<\/strong>\u00a0kancell\u00e1ri egyet\u00e9rt\u00e9si jog gyakorl\u00e1sa<\/a><\/p>\n<p style=\"text-align: justify\"><a href=\"https:\/\/semmelweis.hu\/jogigfoig\/files\/2020\/05\/64_2020_Mell\u00e9klet_SzMSz_FKR.pdf\">A Semmelweis Egyetem Szen\u00e1tus\u00e1nak 64\/2020. (V.5.) sz\u00e1m\u00fa hat\u00e1rozata a Szervezeti \u00e9s M\u0171k\u00f6d\u00e9si Szab\u00e1lyzat Foglalkoztat\u00e1si K\u00f6vetelm\u00e9nyrendszere II. 4. r\u00e9sz &#8211; m\u00f3dos\u00edt\u00e1s\u00e1nak elfogad\u00e1s\u00e1r\u00f3l &#8211; 1. sz\u00e1m\u00fa mell\u00e9klete<\/a><\/p>\n<p style=\"text-align: justify\"><a href=\"https:\/\/semmelweis.hu\/jogigfoig\/files\/2020\/05\/65_2020_Biok\u00e9miai-\u00e9s-Molekul\u00e1ris-Bilol\u00f3giai-Int.-l\u00e9trehoz\u00e1sa.pdf\">A Semmelweis Egyetem Szen\u00e1tus\u00e1nak 65\/2020. (V.5.) sz\u00e1m\u00fa hat\u00e1rozata Biok\u00e9miai \u00e9s Molekul\u00e1ris Biol\u00f3giai Int\u00e9zet l\u00e9trehoz\u00e1s\u00e1r\u00f3l\u00a0az Orvosi Biok\u00e9miai Int\u00e9zet \u00e9s\u00a0az Orvosi Vegytani, Molekul\u00e1ris Biol\u00f3giai \u00e9s Patobiok\u00e9miai Int\u00e9zet\u00a0\u00f6sszevon\u00e1s\u00e1val<\/a><\/p>\n<p style=\"text-align: justify\"><a href=\"https:\/\/semmelweis.hu\/jogigfoig\/files\/2020\/05\/65_2020_Kancell\u00e1ri-egyet\u00e9rt\u00e9s.pdf\">A Semmelweis Egyetem Szen\u00e1tus\u00e1nak 65\/2020. (V.5.) sz\u00e1m\u00fa hat\u00e1rozata Biok\u00e9miai \u00e9s Molekul\u00e1ris Biol\u00f3giai Int\u00e9zet l\u00e9trehoz\u00e1s\u00e1r\u00f3l az Orvosi Biok\u00e9miai Int\u00e9zet \u00e9s az Orvosi Vegytani, Molekul\u00e1ris Biol\u00f3giai \u00e9s Patobiok\u00e9miai Int\u00e9zet \u00f6sszevon\u00e1s\u00e1val <strong>&#8211;<\/strong>\u00a0kancell\u00e1ri egyet\u00e9rt\u00e9si jog gyakorl\u00e1sa<\/a><\/p>\n<p style=\"text-align: justify\"><a href=\"https:\/\/semmelweis.hu\/jogigfoig\/files\/2020\/05\/66_2020_Endokrinol\u00f3giai-Tansz\u00e9k-l\u00e9trehoz\u00e1sa.pdf\">A Semmelweis Egyetem\u00a0Szen\u00e1tus\u00e1nak\u00a066\/2020 (V.5.) sz\u00e1m\u00fa hat\u00e1rozata a Belgy\u00f3gy\u00e1szati \u00e9s Onkol\u00f3giai Klinik\u00e1n\u00a0Endokrinol\u00f3giai Tansz\u00e9k l\u00e9trehoz\u00e1s\u00e1r\u00f3l<\/a><\/p>\n<p style=\"text-align: justify\"><a href=\"https:\/\/semmelweis.hu\/jogigfoig\/files\/2020\/05\/66_2020_Kancell\u00e1ri-egyet\u00e9rt\u00e9s.pdf\">A Semmelweis Egyetem Szen\u00e1tus\u00e1nak 66\/2020 (V.5.) sz\u00e1m\u00fa hat\u00e1rozata a Belgy\u00f3gy\u00e1szati \u00e9s Onkol\u00f3giai Klinik\u00e1n Endokrinol\u00f3giai Tansz\u00e9k l\u00e9trehoz\u00e1s\u00e1r\u00f3l <strong>&#8211;<\/strong>\u00a0kancell\u00e1ri egyet\u00e9rt\u00e9si jog gyakorl\u00e1sa<\/a><\/p>\n<p style=\"text-align: justify\"><a href=\"https:\/\/semmelweis.hu\/jogigfoig\/files\/2020\/05\/67_2020_PAK-\u00d3ra-\u00e9s-Vizsgaterv\u00e9nek-m\u00f3dos\u00edt\u00e1sa.pdf\">A Semmelweis Egyetem\u00a0Szen\u00e1tus\u00e1nak\u00a067\/2020. (V.05.) sz\u00e1m\u00fa hat\u00e1rozata<\/a><\/p>\n<p style=\"text-align: justify\"><a href=\"https:\/\/semmelweis.hu\/jogigfoig\/files\/2020\/05\/68_2020_Besz\u00e1mol\u00f3-a-kari-bizotts\u00e1gok-munk\u00e1j\u00e1r\u00f3l.pdf\">A Semmelweis Egyetem\u00a0Szen\u00e1tus\u00e1nak\u00a068\/2020. (V.5.) sz\u00e1m\u00fa hat\u00e1rozata Besz\u00e1mol\u00f3 a Szen\u00e1tus \u00e1ltal l\u00e9trehozott, <em>(Tanulm\u00e1nyi \u00e9s Vizsga Bizotts\u00e1g, Kredit\u00e1tviteli Bizotts\u00e1g, Etikai \u00e9s Fegyelmi Bizotts\u00e1g, a Pet\u0151 Andr\u00e1s Kar tekintet\u00e9ben tov\u00e1bbi k\u00e9t bizotts\u00e1g a Gyakorlati K\u00e9pz\u00e9si Bizotts\u00e1g \u00e9s a Kiad\u00f3i \u00e9s K\u00f6nyvt\u00e1r Bizotts\u00e1g)<\/em> karokon m\u0171k\u00f6d\u0151 \u00e1lland\u00f3 bizotts\u00e1gok munk\u00e1j\u00e1r\u00f3l<\/a><\/p>\n<p style=\"text-align: justify\"><a href=\"https:\/\/semmelweis.hu\/jogigfoig\/files\/2020\/05\/69_2020_SZEB-hallgat\u00f3i-\u00f6sszet\u00e9tel\u00e9nek-m\u00f3dos\u00edt\u00e1sa.pdf\">A Semmelweis Egyetem\u00a0Szen\u00e1tus\u00e1nak\u00a069\/2020. (V.5.) sz\u00e1m\u00fa hat\u00e1rozata\u00a0a Hallgat\u00f3k Szoci\u00e1lis \u00e9s Es\u00e9lyegyenl\u0151s\u00e9gi \u00dcgyeivel Foglalkoz\u00f3 Bizotts\u00e1g\u00a0hallgat\u00f3i \u00f6sszet\u00e9tel\u00e9nek m\u00f3dos\u00edt\u00e1s\u00e1r\u00f3l<\/a><\/p>\n<p style=\"text-align: justify\"><a href=\"https:\/\/semmelweis.hu\/jogigfoig\/files\/2020\/05\/70_2020_M\u00c1B-szem\u00e9lyi-\u00f6sszet\u00e9tel\u00e9nek-m\u00f3dos\u00edt\u00e1sa.pdf\">A Semmelweis Egyetem\u00a0Szen\u00e1tus\u00e1nak 70\/2020. (V.5.) sz\u00e1m\u00fa hat\u00e1rozata\u00a0a Munkahelyi \u00e9s \u00c1llatj\u00f3l\u00e9ti Bizotts\u00e1g szem\u00e9lyi \u00f6sszet\u00e9tel\u00e9nek m\u00f3dos\u00edt\u00e1s\u00e1r\u00f3l<\/a><\/p>\n<p style=\"text-align: justify\"><a href=\"https:\/\/semmelweis.hu\/jogigfoig\/files\/2020\/05\/71_2020_Aktu\u00e1lis-vezet\u0151i-oktat\u00f3i-p\u00e1ly\u00e1zatok.pdf\">A Semmelweis Egyetem\u00a0Szen\u00e1tus\u00e1nak\u00a071\/2020. (V.5.) sz\u00e1m\u00fa hat\u00e1rozata\u00a0az aktu\u00e1lis vezet\u0151i (magasabb vezet\u0151i) \u00e9s oktat\u00f3i p\u00e1ly\u00e1zatok v\u00e9lem\u00e9nyez\u00e9s\u00e9r\u0151l<\/a><\/p>\n<p><a href=\"https:\/\/semmelweis.hu\/jogigfoig\/files\/2020\/05\/71_2020_Aktu\u00e1lis-vezet\u0151i-oktat\u00f3i-p\u00e1ly\u00e1zatok.pdf\">A Semmelweis Egyetem\u00a0Szen\u00e1tus\u00e1nak\u00a071\/2020. (V.5.) sz\u00e1m\u00fa hat\u00e1rozata\u00a0az aktu\u00e1lis vezet\u0151i (magasabb vezet\u0151i) \u00e9s oktat\u00f3i p\u00e1ly\u00e1zatok v\u00e9lem\u00e9nyez\u00e9s\u00e9r\u0151l<\/a> &#8211;\u00a0<\/p>\n<p style=\"text-align: justify\"><a href=\"https:\/\/semmelweis.hu\/jogigfoig\/files\/2020\/06\/71_2020_-1.P-helyesb\u00edt\u00e9se.pdf\">A Semmelweis Egyetem Szen\u00e1tus\u00e1nak<span style=\"font-size: 1rem;text-align: left\">\u00a071\/2020. (IV.30.) sz\u00e1m\u00fa hat\u00e1rozat 1.P. pontj\u00e1nak helyesb\u00edt\u00e9se<\/span><\/a><\/p>\n<p style=\"text-align: justify\"><a href=\"https:\/\/semmelweis.hu\/jogigfoig\/files\/2020\/05\/72_2020_Kit\u00fcntet\u00e9sek-adom\u00e1nyoz\u00e1sa.pdf\">A Semmelweis Egyetem\u00a0Szen\u00e1tus\u00e1nak\u00a072\/2020. (V.5.) sz\u00e1m\u00fa hat\u00e1rozata\u00a0az Egyetem c\u00edmer\u00e9vel d\u00edsz\u00edtett arany pecs\u00e9tgy\u0171r\u0171 \u00e9s\u00a0a Semmelweis Egyetem Kiv\u00e1l\u00f3 Oktat\u00f3ja kit\u00fcntet\u00e9s adom\u00e1nyoz\u00e1s\u00e1r\u00f3l, valamint Pedag\u00f3gus Szolg\u00e1lati Eml\u00e9k\u00e9rem kit\u00fcntet\u00e9sre val\u00f3 felterjeszt\u00e9sr\u0151l<\/a><\/p>\n<p style=\"text-align: justify\"><a href=\"https:\/\/semmelweis.hu\/jogigfoig\/files\/2020\/05\/72_2020_Kancell\u00e1ri-egyet\u00e9rt\u00e9s.pdf\">A Semmelweis Egyetem Szen\u00e1tus\u00e1nak 72\/2020. (V.5.) sz\u00e1m\u00fa hat\u00e1rozata az Egyetem c\u00edmer\u00e9vel d\u00edsz\u00edtett arany pecs\u00e9tgy\u0171r\u0171 \u00e9s a Semmelweis Egyetem Kiv\u00e1l\u00f3 Oktat\u00f3ja kit\u00fcntet\u00e9s adom\u00e1nyoz\u00e1s\u00e1r\u00f3l, valamint Pedag\u00f3gus Szolg\u00e1lati Eml\u00e9k\u00e9rem kit\u00fcntet\u00e9sre val\u00f3 felterjeszt\u00e9sr\u0151l <strong>&#8211;<\/strong>\u00a0kancell\u00e1ri egyet\u00e9rt\u00e9si jog gyakorl\u00e1sa<\/a><\/p>\n","protected":false},"excerpt":{"rendered":"<p><a href=\"https:\/\/semmelweis.hu\/jogigfoig\/files\/2020\/05\/N_3_2020_\u00dcgyrendi-hat\u00e1rozat-napirendr\u0151l.pdf\">A Semmelweis Egyetem\u00a0Szen\u00e1tus\u00e1nak\u00a0N-3. (IV.30.) 2020. sz\u00e1m\u00fa hat\u00e1rozata\u00a0a szen\u00e1tusi \u00fcl\u00e9s m\u00f3dos\u00edtott napirendi pontjainak elfogad\u00e1s\u00e1r\u00f3l<\/a><br \/>\n<a href=\"https:\/\/semmelweis.hu\/jogigfoig\/files\/2020\/05\/62_2020_Vezet\u0151i-k\u00f6lts\u00e9gvet\u00e9s-elfogad\u00e1s\u00e1r\u00f3l_2020.pdf\">A Semmelweis Egyetem\u00a0Szen\u00e1tus\u00e1nak\u00a062\/2020. (V.5.) sz\u00e1m\u00fa hat\u00e1rozata\u00a0a 2020. \u00e9vi vezet\u0151i k\u00f6lts\u00e9gvet\u00e9s elfogad\u00e1s\u00e1r\u00f3l<\/a><br \/>\n<a href=\"https:\/\/semmelweis.hu\/jogigfoig\/files\/2020\/05\/62_2020_Konziszt\u00f3riumi-Hat\u00e1rozat.pdf\">A Semmelweis Egyetem Szen\u00e1tus\u00e1nak 62\/2020. (V.5.) sz\u00e1m\u00fa hat\u00e1rozata a 2020. \u00e9vi vezet\u0151i k\u00f6lts\u00e9gvet\u00e9s elfogad\u00e1s\u00e1r\u00f3l &#8211; A Semmelweis Egyetem Konziszt\u00f3rium\u00e1nak 3\/2020. (IV. 27.) sz\u00e1m\u00fa hat\u00e1rozata a Semmelweis Egyetem 2020. \u00e9vi vezet\u0151i k\u00f6lts\u00e9gvet\u00e9s\u00e9r\u0151l<\/a><br \/>\n<a href=\"https:\/\/semmelweis.hu\/jogigfoig\/files\/2020\/05\/63_2020_a-Szervezeti-\u00e9s-M\u0171k\u00f6d\u00e9si-Szab\u00e1lyzat-m\u00f3dos\u00edt\u00e1s\u00e1r\u00f3l.pdf\">A Semmelweis Egyetem\u00a0Szen\u00e1tus\u00e1nak\u00a063\/2020. (V.5.) sz\u00e1m\u00fa hat\u00e1rozata\u00a0a Szervezeti \u00e9s M\u0171k\u00f6d\u00e9si Szab\u00e1lyzat egyes rendelkez\u00e9seinek m\u00f3dos\u00edt\u00e1s\u00e1r\u00f3l<\/a><br \/>\n<a href=\"https:\/\/semmelweis.hu\/jogigfoig\/files\/2020\/05\/63_2020_Mell\u00e9klet_SzMSz.pdf\">A Semmelweis Egyetem Szen\u00e1tus\u00e1nak 63\/2020. (V.5.) sz\u00e1m\u00fa hat\u00e1rozata a Szervezeti \u00e9s M\u0171k\u00f6d\u00e9si Szab\u00e1lyzat egyes rendelkez\u00e9seinek m\u00f3dos\u00edt\u00e1s\u00e1r\u00f3l &#8211; 1. sz\u00e1m\u00fa mell\u00e9klete<\/a><br \/>\n<a href=\"https:\/\/semmelweis.hu\/jogigfoig\/files\/2020\/05\/D\u00d6K_Egyet\u00e9rt\u00e9s_05_11.pdf\">A Semmelweis Egyetem Szen\u00e1tus\u00e1nak 63\/2020. (V.5.) sz\u00e1m\u00fa hat\u00e1rozata a Szervezeti \u00e9s M\u0171k\u00f6d\u00e9si Szab\u00e1lyzat egyes rendelkez\u00e9seinek m\u00f3dos\u00edt\u00e1s\u00e1r\u00f3l &#8211; Doktorandusz \u00d6nkorm\u00e1nyzat egyet\u00e9rt\u00e9si jog gyakorl\u00e1sa<\/a><br \/>\n<a href=\"https:\/\/semmelweis.hu\/jogigfoig\/files\/2020\/05\/64_2020_SzMSz_FKR-m\u00f3dos\u00edt\u00e1s.pdf\">A Semmelweis Egyetem\u00a0Szen\u00e1tus\u00e1nak\u00a064\/2020. (V.5.) sz\u00e1m\u00fa hat\u00e1rozata\u00a0a Szervezeti \u00e9s M\u0171k\u00f6d\u00e9si Szab\u00e1lyzat Foglalkoztat\u00e1si K\u00f6vetelm\u00e9nyrendszere II. 4. r\u00e9sz &#8211; m\u00f3dos\u00edt\u00e1s\u00e1nak elfogad\u00e1s\u00e1r\u00f3l<\/a><br \/>\n<a href=\"https:\/\/semmelweis.hu\/jogigfoig\/files\/2020\/05\/64_2020_Kancell\u00e1ri-egyet\u00e9rt\u00e9s_SzMSz_FKR-m\u00f3dos\u00edt\u00e1s.pdf\">A Semmelweis Egyetem Szen\u00e1tus\u00e1nak 64\/2020. (V.5.) sz\u00e1m\u00fa hat\u00e1rozata a Szervezeti \u00e9s M\u0171k\u00f6d\u00e9si Szab\u00e1lyzat Foglalkoztat\u00e1si K\u00f6vetelm\u00e9nyrendszere II. 4. r\u00e9sz &#8211; m\u00f3dos\u00edt\u00e1s\u00e1nak elfogad\u00e1s\u00e1r\u00f3l\u00a0&#8211;\u00a0kancell\u00e1ri egyet\u00e9rt\u00e9si jog gyakorl\u00e1sa<\/a><br \/>\n<a href=\"https:\/\/semmelweis.hu\/jogigfoig\/files\/2020\/05\/64_2020_Mell\u00e9klet_SzMSz_FKR.pdf\">A Semmelweis Egyetem Szen\u00e1tus\u00e1nak 64\/2020. (V.5.) sz\u00e1m\u00fa hat\u00e1rozata a Szervezeti \u00e9s M\u0171k\u00f6d\u00e9si Szab\u00e1lyzat Foglalkoztat\u00e1si K\u00f6vetelm\u00e9nyrendszere II. 4. r\u00e9sz &#8211; m\u00f3dos\u00edt\u00e1s\u00e1nak elfogad\u00e1s\u00e1r\u00f3l &#8211; 1. sz\u00e1m\u00fa mell\u00e9klete<\/a><br \/>\n<a href=\"https:\/\/semmelweis.hu\/jogigfoig\/files\/2020\/05\/65_2020_Biok\u00e9miai-\u00e9s-Molekul\u00e1ris-Bilol\u00f3giai-Int.-l\u00e9trehoz\u00e1sa.pdf\">A Semmelweis Egyetem Szen\u00e1tus\u00e1nak 65\/2020. (V.5.) sz\u00e1m\u00fa hat\u00e1rozata Biok\u00e9miai \u00e9s Molekul\u00e1ris Biol\u00f3giai Int\u00e9zet l\u00e9trehoz\u00e1s\u00e1r\u00f3l\u00a0az Orvosi Biok\u00e9miai Int\u00e9zet \u00e9s\u00a0az Orvosi Vegytani, Molekul\u00e1ris Biol\u00f3giai \u00e9s Patobiok\u00e9miai Int\u00e9zet\u00a0\u00f6sszevon\u00e1s\u00e1val<\/a><br \/>\n<a href=\"https:\/\/semmelweis.hu\/jogigfoig\/files\/2020\/05\/65_2020_Kancell\u00e1ri-egyet\u00e9rt\u00e9s.pdf\">A Semmelweis Egyetem Szen\u00e1tus\u00e1nak 65\/2020. (V.5.) sz\u00e1m\u00fa hat\u00e1rozata Biok\u00e9miai \u00e9s Molekul\u00e1ris Biol\u00f3giai Int\u00e9zet l\u00e9trehoz\u00e1s\u00e1r\u00f3l az Orvosi Biok\u00e9miai Int\u00e9zet \u00e9s az Orvosi Vegytani, Molekul\u00e1ris Biol\u00f3giai \u00e9s Patobiok\u00e9miai Int\u00e9zet \u00f6sszevon\u00e1s\u00e1val &#8211;\u00a0kancell\u00e1ri egyet\u00e9rt\u00e9si jog gyakorl\u00e1sa<\/a><br \/>\n<a href=\"https:\/\/semmelweis.hu\/jogigfoig\/files\/2020\/05\/66_2020_Endokrinol\u00f3giai-Tansz\u00e9k-l\u00e9trehoz\u00e1sa.pdf\">A Semmelweis Egyetem\u00a0Szen\u00e1tus\u00e1nak\u00a066\/2020 (V.5.) sz\u00e1m\u00fa hat\u00e1rozata a Belgy\u00f3gy\u00e1szati \u00e9s Onkol\u00f3giai Klinik\u00e1n\u00a0Endokrinol\u00f3giai Tansz\u00e9k l\u00e9trehoz\u00e1s\u00e1r\u00f3l<\/a><br \/>\n<a href=\"https:\/\/semmelweis.hu\/jogigfoig\/files\/2020\/05\/66_2020_Kancell\u00e1ri-egyet\u00e9rt\u00e9s.pdf\">A Semmelweis Egyetem Szen\u00e1tus\u00e1nak 66\/2020 (V.5.) sz\u00e1m\u00fa hat\u00e1rozata a Belgy\u00f3gy\u00e1szati \u00e9s Onkol\u00f3giai Klinik\u00e1n Endokrinol\u00f3giai Tansz\u00e9k l\u00e9trehoz\u00e1s\u00e1r\u00f3l &#8211;\u00a0kancell\u00e1ri egyet\u00e9rt\u00e9si jog gyakorl\u00e1sa<\/a><br \/>\n<a href=\"https:\/\/semmelweis.hu\/jogigfoig\/files\/2020\/05\/67_2020_PAK-\u00d3ra-\u00e9s-Vizsgaterv\u00e9nek-m\u00f3dos\u00edt\u00e1sa.pdf\">A Semmelweis Egyetem\u00a0Szen\u00e1tus\u00e1nak\u00a067\/2020. (V.05.) sz\u00e1m\u00fa hat\u00e1rozata<\/a><br \/>\n<a href=\"https:\/\/semmelweis.hu\/jogigfoig\/files\/2020\/05\/68_2020_Besz\u00e1mol\u00f3-a-kari-bizotts\u00e1gok-munk\u00e1j\u00e1r\u00f3l.pdf\">A Semmelweis Egyetem\u00a0Szen\u00e1tus\u00e1nak\u00a068\/2020. (V.5.) sz\u00e1m\u00fa hat\u00e1rozata Besz\u00e1mol\u00f3 a Szen\u00e1tus \u00e1ltal l\u00e9trehozott, (Tanulm\u00e1nyi \u00e9s Vizsga Bizotts\u00e1g, Kredit\u00e1tviteli Bizotts\u00e1g, Etikai \u00e9s Fegyelmi Bizotts\u00e1g, a Pet\u0151 Andr\u00e1s Kar tekintet\u00e9ben tov\u00e1bbi k\u00e9t bizotts\u00e1g a Gyakorlati K\u00e9pz\u00e9si Bizotts\u00e1g \u00e9s a Kiad\u00f3i \u00e9s K\u00f6nyvt\u00e1r Bizotts\u00e1g) karokon m\u0171k\u00f6d\u0151 \u00e1lland\u00f3 bizotts\u00e1gok munk\u00e1j\u00e1r\u00f3l<\/a><br \/>\n<a href=\"https:\/\/semmelweis.hu\/jogigfoig\/files\/2020\/05\/69_2020_SZEB-hallgat\u00f3i-\u00f6sszet\u00e9tel\u00e9nek-m\u00f3dos\u00edt\u00e1sa.pdf\">A Semmelweis Egyetem\u00a0Szen\u00e1tus\u00e1nak\u00a069\/2020. (V.5.) sz\u00e1m\u00fa hat\u00e1rozata\u00a0a Hallgat\u00f3k Szoci\u00e1lis \u00e9s Es\u00e9lyegyenl\u0151s\u00e9gi \u00dcgyeivel Foglalkoz\u00f3 Bizotts\u00e1g\u00a0hallgat\u00f3i \u00f6sszet\u00e9tel\u00e9nek m\u00f3dos\u00edt\u00e1s\u00e1r\u00f3l<\/a><br \/>\n<a href=\"https:\/\/semmelweis.hu\/jogigfoig\/files\/2020\/05\/70_2020_M\u00c1B-szem\u00e9lyi-\u00f6sszet\u00e9tel\u00e9nek-m\u00f3dos\u00edt\u00e1sa.pdf\">A Semmelweis Egyetem\u00a0Szen\u00e1tus\u00e1nak 70\/2020. (V.5.) sz\u00e1m\u00fa hat\u00e1rozata\u00a0a Munkahelyi \u00e9s \u00c1llatj\u00f3l\u00e9ti Bizotts\u00e1g szem\u00e9lyi \u00f6sszet\u00e9tel\u00e9nek m\u00f3dos\u00edt\u00e1s\u00e1r\u00f3l<\/a><br \/>\n<a href=\"https:\/\/semmelweis.hu\/jogigfoig\/files\/2020\/05\/71_2020_Aktu\u00e1lis-vezet\u0151i-oktat\u00f3i-p\u00e1ly\u00e1zatok.pdf\">A Semmelweis Egyetem\u00a0Szen\u00e1tus\u00e1nak\u00a071\/2020. (V.5.) sz\u00e1m\u00fa hat\u00e1rozata\u00a0az aktu\u00e1lis vezet\u0151i (magasabb vezet\u0151i) \u00e9s oktat\u00f3i p\u00e1ly\u00e1zatok v\u00e9lem\u00e9nyez\u00e9s\u00e9r\u0151l<\/a><br \/>\n<a href=\"https:\/\/semmelweis.hu\/jogigfoig\/files\/2020\/05\/71_2020_Aktu\u00e1lis-vezet\u0151i-oktat\u00f3i-p\u00e1ly\u00e1zatok.pdf\">A Semmelweis Egyetem\u00a0Szen\u00e1tus\u00e1nak\u00a071\/2020. (V.5.) sz\u00e1m\u00fa hat\u00e1rozata\u00a0az aktu\u00e1lis vezet\u0151i (magasabb vezet\u0151i) \u00e9s oktat\u00f3i p\u00e1ly\u00e1zatok v\u00e9lem\u00e9nyez\u00e9s\u00e9r\u0151l<\/a> &#8211;\u00a0<br \/>\n<a href=\"https:\/\/semmelweis.hu\/jogigfoig\/files\/2020\/06\/71_2020_-1.P-helyesb\u00edt\u00e9se.pdf\">A Semmelweis Egyetem Szen\u00e1tus\u00e1nak\u00a071\/2020. (IV.30.) sz\u00e1m\u00fa hat\u00e1rozat 1.P. pontj\u00e1nak helyesb\u00edt\u00e9se<\/a><br \/>\n<a href=\"https:\/\/semmelweis.hu\/jogigfoig\/files\/2020\/05\/72_2020_Kit\u00fcntet\u00e9sek-adom\u00e1nyoz\u00e1sa.pdf\">A Semmelweis Egyetem\u00a0Szen\u00e1tus\u00e1nak\u00a072\/2020. (V.5.) sz\u00e1m\u00fa hat\u00e1rozata\u00a0az Egyetem c\u00edmer\u00e9vel d\u00edsz\u00edtett arany pecs\u00e9tgy\u0171r\u0171 \u00e9s\u00a0a Semmelweis Egyetem Kiv\u00e1l\u00f3 Oktat\u00f3ja kit\u00fcntet\u00e9s adom\u00e1nyoz\u00e1s\u00e1r\u00f3l, valamint Pedag\u00f3gus Szolg\u00e1lati Eml\u00e9k\u00e9rem kit\u00fcntet\u00e9sre val\u00f3 felterjeszt\u00e9sr\u0151l<\/a><br \/>\n<a href=\"https:\/\/semmelweis.hu\/jogigfoig\/files\/2020\/05\/72_2020_Kancell\u00e1ri-egyet\u00e9rt\u00e9s.pdf\">A Semmelweis Egyetem Szen\u00e1tus\u00e1nak 72\/2020. (V.5.) sz\u00e1m\u00fa hat\u00e1rozata az Egyetem c\u00edmer\u00e9vel d\u00edsz\u00edtett arany pecs\u00e9tgy\u0171r\u0171 \u00e9s a Semmelweis Egyetem Kiv\u00e1l\u00f3 Oktat\u00f3ja kit\u00fcntet\u00e9s adom\u00e1nyoz\u00e1s\u00e1r\u00f3l, valamint Pedag\u00f3gus Szolg\u00e1lati Eml\u00e9k\u00e9rem kit\u00fcntet\u00e9sre val\u00f3 felterjeszt\u00e9sr\u0151l &#8211;\u00a0kancell\u00e1ri egyet\u00e9rt\u00e9si jog gyakorl\u00e1sa<\/a><\/p>\n","protected":false},"author":101467,"featured_media":0,"parent":74866,"menu_order":9,"comment_status":"closed","ping_status":"closed","template":"","meta":{"_acf_changed":false,"footnotes":""},"categories":[],"tags":[],"class_list":["post-76397","page","type-page","status-publish","hentry"],"acf":[],"_links":{"self":[{"href":"https:\/\/semmelweis.hu\/jogigfoig\/wp-json\/wp\/v2\/pages\/76397","targetHints":{"allow":["GET"]}}],"collection":[{"href":"https:\/\/semmelweis.hu\/jogigfoig\/wp-json\/wp\/v2\/pages"}],"about":[{"href":"https:\/\/semmelweis.hu\/jogigfoig\/wp-json\/wp\/v2\/types\/page"}],"author":[{"embeddable":true,"href":"https:\/\/semmelweis.hu\/jogigfoig\/wp-json\/wp\/v2\/users\/101467"}],"replies":[{"embeddable":true,"href":"https:\/\/semmelweis.hu\/jogigfoig\/wp-json\/wp\/v2\/comments?post=76397"}],"version-history":[{"count":6,"href":"https:\/\/semmelweis.hu\/jogigfoig\/wp-json\/wp\/v2\/pages\/76397\/revisions"}],"predecessor-version":[{"id":76604,"href":"https:\/\/semmelweis.hu\/jogigfoig\/wp-json\/wp\/v2\/pages\/76397\/revisions\/76604"}],"up":[{"embeddable":true,"href":"https:\/\/semmelweis.hu\/jogigfoig\/wp-json\/wp\/v2\/pages\/74866"}],"wp:attachment":[{"href":"https:\/\/semmelweis.hu\/jogigfoig\/wp-json\/wp\/v2\/media?parent=76397"}],"wp:term":[{"taxonomy":"category","embeddable":true,"href":"https:\/\/semmelweis.hu\/jogigfoig\/wp-json\/wp\/v2\/categories?post=76397"},{"taxonomy":"post_tag","embeddable":true,"href":"https:\/\/semmelweis.hu\/jogigfoig\/wp-json\/wp\/v2\/tags?post=76397"}],"curies":[{"name":"wp","href":"https:\/\/api.w.org\/{rel}","templated":true}]}}