{"id":76234,"date":"2020-04-20T15:13:10","date_gmt":"2020-04-20T13:13:10","guid":{"rendered":"http:\/\/semmelweis.hu\/jogigfoig\/?page_id=76234"},"modified":"2020-09-29T09:13:07","modified_gmt":"2020-09-29T07:13:07","slug":"2020-aprilis-17","status":"publish","type":"page","link":"https:\/\/semmelweis.hu\/jogigfoig\/testuletek\/szenatus\/2020-evi-szenatusi-hatarozatok\/2020-aprilis-17\/","title":{"rendered":"2020. \u00e1prilis 17."},"content":{"rendered":"<p style=\"text-align: justify\"><a href=\"https:\/\/semmelweis.hu\/jogigfoig\/files\/2020\/04\/61_2020_Kik\u00fcldet\u00e9si-\u00e9s-utaz\u00e1si-ktgt\u00e9r\u00edt\u00e9si-szab\u00e1lyzat.pdf\">A Semmelweis Egyetem\u00a0Szen\u00e1tus\u00e1nak\u00a061\/2020. (IV.17.) sz\u00e1m\u00fa hat\u00e1rozata\u00a0a Kik\u00fcldet\u00e9si \u00e9s Utaz\u00e1si K\u00f6lts\u00e9gt\u00e9r\u00edt\u00e9si Szab\u00e1lyzat\u00a0elfogad\u00e1s\u00e1nak t\u00e1mogat\u00e1s\u00e1r\u00f3l<\/a><\/p>\n<p style=\"text-align: justify\"><a href=\"https:\/\/semmelweis.hu\/jogigfoig\/files\/2020\/04\/61_2020_Kik\u00fcldet\u00e9si-\u00e9s-utaz\u00e1si-ktgt\u00e9r\u00edt\u00e9si-szab\u00e1lyzat_mell\u00e9klet.pdf\">A Semmelweis Egyetem Szen\u00e1tus\u00e1nak 61\/2020. (IV.17.) sz\u00e1m\u00fa hat\u00e1rozata a Kik\u00fcldet\u00e9si \u00e9s Utaz\u00e1si K\u00f6lts\u00e9gt\u00e9r\u00edt\u00e9si Szab\u00e1lyzat elfogad\u00e1s\u00e1nak t\u00e1mogat\u00e1s\u00e1r\u00f3l &#8211; Kik\u00fcldet\u00e9si \u00e9s Utaz\u00e1si K\u00f6lts\u00e9gt\u00e9r\u00edt\u00e9si Szab\u00e1lyzat<\/a><\/p>\n","protected":false},"excerpt":{"rendered":"<p><a href=\"https:\/\/semmelweis.hu\/jogigfoig\/files\/2020\/04\/61_2020_Kik\u00fcldet\u00e9si-\u00e9s-utaz\u00e1si-ktgt\u00e9r\u00edt\u00e9si-szab\u00e1lyzat.pdf\">A Semmelweis Egyetem\u00a0Szen\u00e1tus\u00e1nak\u00a061\/2020. (IV.17.) sz\u00e1m\u00fa hat\u00e1rozata\u00a0a Kik\u00fcldet\u00e9si \u00e9s Utaz\u00e1si K\u00f6lts\u00e9gt\u00e9r\u00edt\u00e9si Szab\u00e1lyzat\u00a0elfogad\u00e1s\u00e1nak t\u00e1mogat\u00e1s\u00e1r\u00f3l<\/a><br \/>\n<a href=\"https:\/\/semmelweis.hu\/jogigfoig\/files\/2020\/04\/61_2020_Kik\u00fcldet\u00e9si-\u00e9s-utaz\u00e1si-ktgt\u00e9r\u00edt\u00e9si-szab\u00e1lyzat_mell\u00e9klet.pdf\">A Semmelweis Egyetem Szen\u00e1tus\u00e1nak 61\/2020. (IV.17.) sz\u00e1m\u00fa hat\u00e1rozata a Kik\u00fcldet\u00e9si \u00e9s Utaz\u00e1si K\u00f6lts\u00e9gt\u00e9r\u00edt\u00e9si Szab\u00e1lyzat elfogad\u00e1s\u00e1nak t\u00e1mogat\u00e1s\u00e1r\u00f3l &#8211; Kik\u00fcldet\u00e9si \u00e9s Utaz\u00e1si K\u00f6lts\u00e9gt\u00e9r\u00edt\u00e9si Szab\u00e1lyzat<\/a><\/p>\n","protected":false},"author":101467,"featured_media":0,"parent":74866,"menu_order":8,"comment_status":"closed","ping_status":"closed","template":"","meta":{"_acf_changed":false,"footnotes":""},"categories":[],"tags":[],"class_list":["post-76234","page","type-page","status-publish","hentry"],"acf":[],"_links":{"self":[{"href":"https:\/\/semmelweis.hu\/jogigfoig\/wp-json\/wp\/v2\/pages\/76234","targetHints":{"allow":["GET"]}}],"collection":[{"href":"https:\/\/semmelweis.hu\/jogigfoig\/wp-json\/wp\/v2\/pages"}],"about":[{"href":"https:\/\/semmelweis.hu\/jogigfoig\/wp-json\/wp\/v2\/types\/page"}],"author":[{"embeddable":true,"href":"https:\/\/semmelweis.hu\/jogigfoig\/wp-json\/wp\/v2\/users\/101467"}],"replies":[{"embeddable":true,"href":"https:\/\/semmelweis.hu\/jogigfoig\/wp-json\/wp\/v2\/comments?post=76234"}],"version-history":[{"count":4,"href":"https:\/\/semmelweis.hu\/jogigfoig\/wp-json\/wp\/v2\/pages\/76234\/revisions"}],"predecessor-version":[{"id":78145,"href":"https:\/\/semmelweis.hu\/jogigfoig\/wp-json\/wp\/v2\/pages\/76234\/revisions\/78145"}],"up":[{"embeddable":true,"href":"https:\/\/semmelweis.hu\/jogigfoig\/wp-json\/wp\/v2\/pages\/74866"}],"wp:attachment":[{"href":"https:\/\/semmelweis.hu\/jogigfoig\/wp-json\/wp\/v2\/media?parent=76234"}],"wp:term":[{"taxonomy":"category","embeddable":true,"href":"https:\/\/semmelweis.hu\/jogigfoig\/wp-json\/wp\/v2\/categories?post=76234"},{"taxonomy":"post_tag","embeddable":true,"href":"https:\/\/semmelweis.hu\/jogigfoig\/wp-json\/wp\/v2\/tags?post=76234"}],"curies":[{"name":"wp","href":"https:\/\/api.w.org\/{rel}","templated":true}]}}