{"id":76202,"date":"2020-04-20T15:00:12","date_gmt":"2020-04-20T13:00:12","guid":{"rendered":"http:\/\/semmelweis.hu\/jogigfoig\/?page_id=76202"},"modified":"2020-09-29T09:12:51","modified_gmt":"2020-09-29T07:12:51","slug":"2020-aprilis-14","status":"publish","type":"page","link":"https:\/\/semmelweis.hu\/jogigfoig\/testuletek\/szenatus\/2020-evi-szenatusi-hatarozatok\/2020-aprilis-14\/","title":{"rendered":"2020. \u00e1prilis 14."},"content":{"rendered":"<p style=\"text-align: justify\"><a href=\"https:\/\/semmelweis.hu\/jogigfoig\/files\/2020\/04\/51_2020_Gazd\u00e1lkod\u00e1si-Szab\u00e1lyzat.pdf\">A Semmelweis Egyetem\u00a0Szen\u00e1tus\u00e1nak\u00a051\/2020. (IV.14.) sz\u00e1m\u00fa hat\u00e1rozata a Gazd\u00e1lkod\u00e1si Szab\u00e1lyzat elfogad\u00e1s\u00e1r\u00f3l<\/a><\/p>\n<p style=\"text-align: justify\"><a href=\"https:\/\/semmelweis.hu\/jogigfoig\/files\/2020\/04\/51_2020_Gazd\u00e1lkod\u00e1si-Szab\u00e1lyzat_mell\u00e9klet.pdf\">A Semmelweis Egyetem Szen\u00e1tus\u00e1nak 51\/2020. (IV.14.) sz\u00e1m\u00fa hat\u00e1rozata a Gazd\u00e1lkod\u00e1si Szab\u00e1lyzat elfogad\u00e1s\u00e1r\u00f3l &#8211; Gazd\u00e1lkod\u00e1si Szab\u00e1lyzat<\/a><\/p>\n<p style=\"text-align: justify\"><a href=\"https:\/\/semmelweis.hu\/jogigfoig\/files\/2020\/04\/51_2020_Gazd\u00e1lkod\u00e1si-Szab\u00e1lyzat_4-sz-mell\u00e9klet.pdf\">A Semmelweis Egyetem Szen\u00e1tus\u00e1nak 51\/2020. (IV.14.) sz\u00e1m\u00fa hat\u00e1rozata a Gazd\u00e1lkod\u00e1si Szab\u00e1lyzat elfogad\u00e1s\u00e1r\u00f3l &#8211; 4. sz\u00e1m\u00fa mell\u00e9klet<\/a><\/p>\n<p style=\"text-align: justify\"><a href=\"https:\/\/semmelweis.hu\/jogigfoig\/files\/2020\/04\/52_2020_\u00c1llatk\u00eds\u00e9rleti-Szab\u00e1lyzat.pdf\">A Semmelweis Egyetem\u00a0Szen\u00e1tus\u00e1nak\u00a052\/2020. (IV.14.) sz\u00e1m\u00fa hat\u00e1rozata\u00a0az \u00c1llatk\u00eds\u00e9rleti szab\u00e1lyzat elfogad\u00e1s\u00e1r\u00f3l<\/a><\/p>\n<p style=\"text-align: justify\"><a href=\"https:\/\/semmelweis.hu\/jogigfoig\/files\/2020\/04\/52_2020_\u00c1llatk\u00eds\u00e9rleti-Sz\u00e1balyzat_kancell\u00e1ri-egyet\u00e9rt\u00e9s.pdf\">A Semmelweis Egyetem Szen\u00e1tus\u00e1nak 52\/2020. (IV.14.) sz\u00e1m\u00fa hat\u00e1rozata az \u00c1llatk\u00eds\u00e9rleti szab\u00e1lyzat elfogad\u00e1s\u00e1r\u00f3l &#8211; kancell\u00e1ri egyet\u00e9rt\u00e9si jog gyakorl\u00e1sa<\/a><\/p>\n<p style=\"text-align: justify\"><a href=\"https:\/\/semmelweis.hu\/jogigfoig\/files\/2020\/04\/52_2020_\u00c1llatk\u00eds\u00e9rleti-szab\u00e1lyzat_mell\u00e9klet.pdf\">A Semmelweis Egyetem Szen\u00e1tus\u00e1nak 52\/2020. (IV.14.) sz\u00e1m\u00fa hat\u00e1rozata az \u00c1llatk\u00eds\u00e9rleti szab\u00e1lyzat elfogad\u00e1s\u00e1r\u00f3l- \u00c1llatk\u00eds\u00e9rleti szab\u00e1lyzat<\/a><\/p>\n<p style=\"text-align: justify\"><a href=\"https:\/\/semmelweis.hu\/jogigfoig\/files\/2020\/04\/53_2020_Semmelweis-Szimp\u00f3zium-Szab\u00e1lyzat.pdf\">A Semmelweis Egyetem\u00a0Szen\u00e1tus\u00e1nak\u00a053\/2020. (IV.14.) sz\u00e1m\u00fa hat\u00e1rozata a\u00a0Semmelweis Szimp\u00f3zium szab\u00e1lyzat elfogad\u00e1s\u00e1r\u00f3l<\/a><\/p>\n<p style=\"text-align: justify\"><a href=\"https:\/\/semmelweis.hu\/jogigfoig\/files\/2020\/04\/53_2020_Semmelweis-Szimp\u00f3zium-Szab\u00e1lyzat_kancell\u00e1ri-egyet\u00e9rt\u00e9s.pdf\">A Semmelweis Egyetem Szen\u00e1tus\u00e1nak 53\/2020. (IV.14.) sz\u00e1m\u00fa hat\u00e1rozata a Semmelweis Szimp\u00f3zium szab\u00e1lyzat elfogad\u00e1s\u00e1r\u00f3l &#8211; kancell\u00e1ri egyet\u00e9rt\u00e9si jog gyakorl\u00e1sa<\/a><\/p>\n<p style=\"text-align: justify\"><a href=\"https:\/\/semmelweis.hu\/jogigfoig\/files\/2020\/04\/53_2020_Semmelweis-Szimp\u00f3zium-Szab\u00e1lyzat_mell\u00e9klet.pdf\">A Semmelweis Egyetem Szen\u00e1tus\u00e1nak 53\/2020. (IV.14.) sz\u00e1m\u00fa hat\u00e1rozata a Semmelweis Szimp\u00f3zium szab\u00e1lyzat elfogad\u00e1s\u00e1r\u00f3l &#8211; Semmelweis Szimp\u00f3zium szab\u00e1lyzat<\/a><\/p>\n<p style=\"text-align: justify\"><a href=\"https:\/\/semmelweis.hu\/jogigfoig\/files\/2020\/04\/54_2020_Jubileumi-d\u00edszoklevelek-adom\u00e1nyoz\u00e1s\u00e1r\u00f3l-sz\u00f3l\u00f3-Szab\u00e1lyzat.pdf\">A Semmelweis Egyetem\u00a0Szen\u00e1tus\u00e1nak\u00a054\/2020. (IV.14.) sz\u00e1m\u00fa hat\u00e1rozata\u00a0Jubileumi d\u00edszoklevelek adom\u00e1nyoz\u00e1s\u00e1r\u00f3l sz\u00f3l\u00f3 szab\u00e1lyzat elfogad\u00e1s\u00e1r\u00f3l<\/a><\/p>\n<p style=\"text-align: justify\"><a href=\"https:\/\/semmelweis.hu\/jogigfoig\/files\/2020\/04\/54_2020_Jubileumi-d\u00edszoklevelek-adom\u00e1nyoz\u00e1s\u00e1r\u00f3l-sz\u00f3l\u00f3-Szab\u00e1lyzat_mell\u00e9klet.pdf\">A Semmelweis Egyetem Szen\u00e1tus\u00e1nak 54\/2020. (IV.14.) sz\u00e1m\u00fa hat\u00e1rozata Jubileumi d\u00edszoklevelek adom\u00e1nyoz\u00e1s\u00e1r\u00f3l sz\u00f3l\u00f3 szab\u00e1lyzat elfogad\u00e1s\u00e1r\u00f3l &#8211; Jubileumi d\u00edszoklevelek adom\u00e1nyoz\u00e1s\u00e1r\u00f3l sz\u00f3l\u00f3 szab\u00e1lyzat\u00a0<\/a><\/p>\n<p style=\"text-align: justify\"><a href=\"https:\/\/semmelweis.hu\/jogigfoig\/files\/2020\/04\/55_2020_NEPTUN-EFTR-Szab\u00e1lyzat.pdf\">A Semmelweis Egyetem Szen\u00e1tus\u00e1nak 55\/2020. (IV.14.) sz\u00e1m\u00fa hat\u00e1rozata Egys\u00e9ges Fels\u0151oktat\u00e1si Tanulm\u00e1nyi Rendszer (NEPTUN EFTR) m\u0171k\u00f6d\u00e9si rendj\u00e9r\u0151l sz\u00f3l\u00f3 szab\u00e1lyzat elfogad\u00e1s\u00e1r\u00f3l<\/a><\/p>\n<p style=\"text-align: justify\"><a href=\"https:\/\/semmelweis.hu\/jogigfoig\/files\/2020\/04\/55_2020_NEPTUN-EFTR-Szab\u00e1lyzat_mell\u00e9klet.pdf\">A Semmelweis Egyetem Szen\u00e1tus\u00e1nak 55\/2020. (IV.14.) sz\u00e1m\u00fa hat\u00e1rozata Egys\u00e9ges Fels\u0151oktat\u00e1si Tanulm\u00e1nyi Rendszer (NEPTUN EFTR) m\u0171k\u00f6d\u00e9si rendj\u00e9r\u0151l sz\u00f3l\u00f3 szab\u00e1lyzat elfogad\u00e1s\u00e1r\u00f3l &#8211; Egys\u00e9ges Fels\u0151oktat\u00e1si Tanulm\u00e1nyi Rendszer (NEPTUN EFTR) m\u0171k\u00f6d\u00e9si rendj\u00e9r\u0151l sz\u00f3l\u00f3 szab\u00e1lyzat<\/a><\/p>\n<p style=\"text-align: justify\"><a href=\"https:\/\/semmelweis.hu\/jogigfoig\/files\/2020\/04\/56_2020_Egyes-a-hallgat\u00f3k-r\u00e9sz\u00e9re-jutalomd\u00edjjal-j\u00e1r\u00f3-p\u00e1ly\u00e1zatokr\u00f3l-sz\u00f3l\u00f3-Szab\u00e1lyzat.pdf\">A Semmelweis Egyetem\u00a0Szen\u00e1tus\u00e1nak\u00a056\/2020. (IV.14.) sz\u00e1m\u00fa hat\u00e1rozata\u00a0az Egyes, a hallgat\u00f3k r\u00e9sz\u00e9re jutalomd\u00edjjal j\u00e1r\u00f3 p\u00e1ly\u00e1zatokr\u00f3l\u00a0sz\u00f3l\u00f3 szab\u00e1lyzat elfogad\u00e1s\u00e1r\u00f3l<\/a><\/p>\n<p style=\"text-align: justify\"><a href=\"https:\/\/semmelweis.hu\/jogigfoig\/files\/2020\/04\/56_2020_Egyes-a-hallgat\u00f3k-r\u00e9sz\u00e9re-jutalomd\u00edjjal-j\u00e1r\u00f3-p\u00e1ly\u00e1zatokr\u00f3l-sz\u00f3l\u00f3-Szab\u00e1lyzat_mell\u00e9klet.pdf\">A Semmelweis Egyetem Szen\u00e1tus\u00e1nak 56\/2020. (IV.14.) sz\u00e1m\u00fa hat\u00e1rozata az Egyes, a hallgat\u00f3k r\u00e9sz\u00e9re jutalomd\u00edjjal j\u00e1r\u00f3 p\u00e1ly\u00e1zatokr\u00f3l sz\u00f3l\u00f3 szab\u00e1lyzat elfogad\u00e1s\u00e1r\u00f3l &#8211; Egyes, a hallgat\u00f3k r\u00e9sz\u00e9re jutalomd\u00edjjal j\u00e1r\u00f3 p\u00e1ly\u00e1zatokr\u00f3l sz\u00f3l\u00f3 szab\u00e1lyzat<\/a><\/p>\n<p style=\"text-align: justify\"><a href=\"https:\/\/semmelweis.hu\/jogigfoig\/files\/2020\/04\/57_2020_K\u00f6tv\u00e1ll.-Szab\u00e1lyzat.pdf\">A Semmelweis Egyetem\u00a0Szen\u00e1tus\u00e1nak\u00a057\/2020. (IV.14.) sz\u00e1m\u00fa hat\u00e1rozata\u00a0a K\u00f6telezetts\u00e9gv\u00e1llal\u00e1si Szab\u00e1lyzat elfogad\u00e1s\u00e1nak t\u00e1mogat\u00e1s\u00e1r\u00f3l<\/a><\/p>\n<p style=\"text-align: justify\"><a href=\"https:\/\/semmelweis.hu\/jogigfoig\/files\/2020\/04\/57_2020_K\u00f6tv\u00e1ll.-Szab\u00e1lyzat_mell\u00e9klet.pdf\">A Semmelweis Egyetem Szen\u00e1tus\u00e1nak 57\/2020. (IV.14.) sz\u00e1m\u00fa hat\u00e1rozata a K\u00f6telezetts\u00e9gv\u00e1llal\u00e1si Szab\u00e1lyzat elfogad\u00e1s\u00e1nak t\u00e1mogat\u00e1s\u00e1r\u00f3l &#8211; K\u00f6telezetts\u00e9gv\u00e1llal\u00e1si Szab\u00e1lyzat<\/a><\/p>\n<p style=\"text-align: justify\"><a href=\"https:\/\/semmelweis.hu\/jogigfoig\/files\/2020\/04\/57_2020_K\u00f6tv\u00e1ll.-Szab\u00e1lyzat_mell\u00e9klet_1.pdf\">A Semmelweis Egyetem Szen\u00e1tus\u00e1nak 57\/2020. (IV.14.) sz\u00e1m\u00fa hat\u00e1rozata a K\u00f6telezetts\u00e9gv\u00e1llal\u00e1si Szab\u00e1lyzat elfogad\u00e1s\u00e1nak t\u00e1mogat\u00e1s\u00e1r\u00f3l &#8211; 1. sz\u00e1m\u00fa mell\u00e9klet<\/a><\/p>\n<p style=\"text-align: justify\"><a href=\"https:\/\/semmelweis.hu\/jogigfoig\/files\/2020\/04\/57_2020_K\u00f6tv\u00e1ll.-Szab\u00e1lyzat_mell\u00e9klet_2.pdf\">A Semmelweis Egyetem\u00a0Szen\u00e1tus\u00e1nak\u00a057\/2020. (IV.14.) sz\u00e1m\u00fa hat\u00e1rozata\u00a0a K\u00f6telezetts\u00e9gv\u00e1llal\u00e1si Szab\u00e1lyzat elfogad\u00e1s\u00e1nak t\u00e1mogat\u00e1s\u00e1r\u00f3l &#8211; 2. sz\u00e1m\u00fa mell\u00e9klet<\/a><\/p>\n<p style=\"text-align: justify\"><a href=\"https:\/\/semmelweis.hu\/jogigfoig\/files\/2020\/04\/57_2020_K\u00f6tv\u00e1ll.-Szab\u00e1lyzat_mell\u00e9klet_3.pdf\">A Semmelweis Egyetem\u00a0Szen\u00e1tus\u00e1nak\u00a057\/2020. (IV.14.) sz\u00e1m\u00fa hat\u00e1rozata\u00a0a K\u00f6telezetts\u00e9gv\u00e1llal\u00e1si Szab\u00e1lyzat elfogad\u00e1s\u00e1nak t\u00e1mogat\u00e1s\u00e1r\u00f3l &#8211; 3. sz\u00e1m\u00fa mell\u00e9klet<\/a><\/p>\n<p style=\"text-align: justify\"><a href=\"https:\/\/semmelweis.hu\/jogigfoig\/files\/2020\/04\/57_2020_K\u00f6tv\u00e1ll.-Szab\u00e1lyzat_mell\u00e9klet_4.pdf\">A Semmelweis Egyetem\u00a0Szen\u00e1tus\u00e1nak\u00a057\/2020. (IV.14.) sz\u00e1m\u00fa hat\u00e1rozata\u00a0a K\u00f6telezetts\u00e9gv\u00e1llal\u00e1si Szab\u00e1lyzat elfogad\u00e1s\u00e1nak t\u00e1mogat\u00e1s\u00e1r\u00f3l &#8211; 4. sz\u00e1m\u00fa mell\u00e9klet<\/a><\/p>\n<p style=\"text-align: justify\"><a href=\"https:\/\/semmelweis.hu\/jogigfoig\/files\/2020\/04\/58_2020_Szerz\u0151d\u00e9sk\u00f6t\u00e9si-Szab\u00e1lyzat.pdf\">A Semmelweis Egyetem Szen\u00e1tus\u00e1nak\u00a058\/2020. (IV.14.) sz\u00e1m\u00fa hat\u00e1rozata\u00a0a Szerz\u0151d\u00e9sk\u00f6t\u00e9si Szab\u00e1lyzat elfogad\u00e1s\u00e1nak t\u00e1mogat\u00e1s\u00e1r\u00f3l<\/a><\/p>\n<p style=\"text-align: justify\"><a href=\"https:\/\/semmelweis.hu\/jogigfoig\/files\/2020\/04\/58_2020_Szerz\u0151d\u00e9sk\u00f6t\u00e9si-Szab\u00e1lyzat_mell\u00e9kletek.pdf\">A Semmelweis Egyetem Szen\u00e1tus\u00e1nak 58\/2020. (IV.14.) sz\u00e1m\u00fa hat\u00e1rozata a Szerz\u0151d\u00e9sk\u00f6t\u00e9si Szab\u00e1lyzat elfogad\u00e1s\u00e1nak t\u00e1mogat\u00e1s\u00e1r\u00f3l &#8211; Szerz\u0151d\u00e9sk\u00f6t\u00e9si Szab\u00e1lyzat<\/a><\/p>\n<p style=\"text-align: justify\"><a href=\"https:\/\/semmelweis.hu\/jogigfoig\/files\/2020\/04\/59_2020_Es\u00e9lyegyenl\u0151s\u00e9gi-Szab\u00e1lyzat.pdf\">A Semmelweis Egyetem Szen\u00e1tus\u00e1nak 59\/2020. (IV.14.) sz\u00e1m\u00fa hat\u00e1rozata az Es\u00e9lyegyenl\u0151s\u00e9gi Szab\u00e1lyzat v\u00e9lem\u00e9nyez\u00e9s\u00e9r\u0151l<\/a><\/p>\n<p style=\"text-align: justify\"><a href=\"https:\/\/semmelweis.hu\/jogigfoig\/files\/2020\/04\/59_2020_Es\u00e9lyegyenl\u0151s\u00e9gi-Szab\u00e1lyzat_mell\u00e9klet.pdf\">A Semmelweis Egyetem Szen\u00e1tus\u00e1nak 59\/2020. (IV.14.) sz\u00e1m\u00fa hat\u00e1rozata az Es\u00e9lyegyenl\u0151s\u00e9gi Szab\u00e1lyzat v\u00e9lem\u00e9nyez\u00e9s\u00e9r\u0151l &#8211; Es\u00e9lyegyenl\u0151s\u00e9gi Szab\u00e1lyzat<\/a><\/p>\n<p style=\"text-align: justify\"><a href=\"https:\/\/semmelweis.hu\/jogigfoig\/files\/2020\/04\/60_2020_K\u00fclf\u00f6ldi-hallgat\u00f3k-\u00e1ltal-fizetend\u0151-d\u00edjak-\u00e9s-bev\u00e9telek-felhaszn\u00e1l\u00e1s\u00e1r\u00f3l-sz\u00f3l\u00f3-Szab\u00e1lyzat-hat\u00e1lyon-k\u00edv\u00fcl-helyez\u00e9s\u00e9r\u0151l.pdf\">A Semmelweis Egyetem\u00a0Szen\u00e1tus\u00e1nak\u00a060\/2020. (IV.14.) sz\u00e1m\u00fa hat\u00e1rozata\u00a0a k\u00fclf\u00f6ldi hallgat\u00f3k \u00e1ltal fizetend\u0151 d\u00edjak \u00e9s bev\u00e9telek felhaszn\u00e1l\u00e1s\u00e1r\u00f3l sz\u00f3l\u00f3 szab\u00e1lyzat hat\u00e1lyon k\u00edv\u00fcl helyez\u00e9s\u00e9r\u0151l<\/a><\/p>\n<p style=\"text-align: justify\"><a href=\"https:\/\/semmelweis.hu\/jogigfoig\/files\/2020\/04\/60_2020_K\u00fclf\u00f6ldi-hallgat\u00f3k-\u00e1ltal-fizetend\u0151-d\u00edjak-\u00e9s-bev\u00e9telek-felhaszn\u00e1l\u00e1s\u00e1r\u00f3l-sz\u00f3l\u00f3-Szab\u00e1lyzat-hat\u00e1lyon-k\u00edv\u00fcl-helyez\u00e9s\u00e9r\u0151l_kancell\u00e1ri-egyet\u00e9rt\u00e9s.pdf\">A Semmelweis Egyetem Szen\u00e1tus\u00e1nak 60\/2020. (IV.14.) sz\u00e1m\u00fa hat\u00e1rozata a k\u00fclf\u00f6ldi hallgat\u00f3k \u00e1ltal fizetend\u0151 d\u00edjak \u00e9s bev\u00e9telek felhaszn\u00e1l\u00e1s\u00e1r\u00f3l sz\u00f3l\u00f3 szab\u00e1lyzat hat\u00e1lyon k\u00edv\u00fcl helyez\u00e9s\u00e9r\u0151l\u00a0 &#8211; kancell\u00e1ri egyet\u00e9rt\u00e9si jog gyakorl\u00e1sa<\/a><\/p>\n<p>&nbsp;<\/p>\n","protected":false},"excerpt":{"rendered":"<p><a href=\"https:\/\/semmelweis.hu\/jogigfoig\/files\/2020\/04\/51_2020_Gazd\u00e1lkod\u00e1si-Szab\u00e1lyzat.pdf\">A Semmelweis Egyetem\u00a0Szen\u00e1tus\u00e1nak\u00a051\/2020. (IV.14.) sz\u00e1m\u00fa hat\u00e1rozata a Gazd\u00e1lkod\u00e1si Szab\u00e1lyzat elfogad\u00e1s\u00e1r\u00f3l<\/a><br \/>\n<a href=\"https:\/\/semmelweis.hu\/jogigfoig\/files\/2020\/04\/51_2020_Gazd\u00e1lkod\u00e1si-Szab\u00e1lyzat_mell\u00e9klet.pdf\">A Semmelweis Egyetem Szen\u00e1tus\u00e1nak 51\/2020. (IV.14.) sz\u00e1m\u00fa hat\u00e1rozata a Gazd\u00e1lkod\u00e1si Szab\u00e1lyzat elfogad\u00e1s\u00e1r\u00f3l &#8211; Gazd\u00e1lkod\u00e1si Szab\u00e1lyzat<\/a><br \/>\n<a href=\"https:\/\/semmelweis.hu\/jogigfoig\/files\/2020\/04\/51_2020_Gazd\u00e1lkod\u00e1si-Szab\u00e1lyzat_4-sz-mell\u00e9klet.pdf\">A Semmelweis Egyetem Szen\u00e1tus\u00e1nak 51\/2020. (IV.14.) sz\u00e1m\u00fa hat\u00e1rozata a Gazd\u00e1lkod\u00e1si Szab\u00e1lyzat elfogad\u00e1s\u00e1r\u00f3l &#8211; 4. sz\u00e1m\u00fa mell\u00e9klet<\/a><br \/>\n<a href=\"https:\/\/semmelweis.hu\/jogigfoig\/files\/2020\/04\/52_2020_\u00c1llatk\u00eds\u00e9rleti-Szab\u00e1lyzat.pdf\">A Semmelweis Egyetem\u00a0Szen\u00e1tus\u00e1nak\u00a052\/2020. (IV.14.) sz\u00e1m\u00fa hat\u00e1rozata\u00a0az \u00c1llatk\u00eds\u00e9rleti szab\u00e1lyzat elfogad\u00e1s\u00e1r\u00f3l<\/a><br \/>\n<a href=\"https:\/\/semmelweis.hu\/jogigfoig\/files\/2020\/04\/52_2020_\u00c1llatk\u00eds\u00e9rleti-Sz\u00e1balyzat_kancell\u00e1ri-egyet\u00e9rt\u00e9s.pdf\">A Semmelweis Egyetem Szen\u00e1tus\u00e1nak 52\/2020. (IV.14.) sz\u00e1m\u00fa hat\u00e1rozata az \u00c1llatk\u00eds\u00e9rleti szab\u00e1lyzat elfogad\u00e1s\u00e1r\u00f3l &#8211; kancell\u00e1ri egyet\u00e9rt\u00e9si jog gyakorl\u00e1sa<\/a><br \/>\n<a href=\"https:\/\/semmelweis.hu\/jogigfoig\/files\/2020\/04\/52_2020_\u00c1llatk\u00eds\u00e9rleti-szab\u00e1lyzat_mell\u00e9klet.pdf\">A Semmelweis Egyetem Szen\u00e1tus\u00e1nak 52\/2020. (IV.14.) sz\u00e1m\u00fa hat\u00e1rozata az \u00c1llatk\u00eds\u00e9rleti szab\u00e1lyzat elfogad\u00e1s\u00e1r\u00f3l- \u00c1llatk\u00eds\u00e9rleti szab\u00e1lyzat<\/a><br \/>\n<a href=\"https:\/\/semmelweis.hu\/jogigfoig\/files\/2020\/04\/53_2020_Semmelweis-Szimp\u00f3zium-Szab\u00e1lyzat.pdf\">A Semmelweis Egyetem\u00a0Szen\u00e1tus\u00e1nak\u00a053\/2020. (IV.14.) sz\u00e1m\u00fa hat\u00e1rozata a\u00a0Semmelweis Szimp\u00f3zium szab\u00e1lyzat elfogad\u00e1s\u00e1r\u00f3l<\/a><br \/>\n<a href=\"https:\/\/semmelweis.hu\/jogigfoig\/files\/2020\/04\/53_2020_Semmelweis-Szimp\u00f3zium-Szab\u00e1lyzat_kancell\u00e1ri-egyet\u00e9rt\u00e9s.pdf\">A Semmelweis Egyetem Szen\u00e1tus\u00e1nak 53\/2020. (IV.14.) sz\u00e1m\u00fa hat\u00e1rozata a Semmelweis Szimp\u00f3zium szab\u00e1lyzat elfogad\u00e1s\u00e1r\u00f3l &#8211; kancell\u00e1ri egyet\u00e9rt\u00e9si jog gyakorl\u00e1sa<\/a><br \/>\n<a href=\"https:\/\/semmelweis.hu\/jogigfoig\/files\/2020\/04\/53_2020_Semmelweis-Szimp\u00f3zium-Szab\u00e1lyzat_mell\u00e9klet.pdf\">A Semmelweis Egyetem Szen\u00e1tus\u00e1nak 53\/2020. (IV.14.) sz\u00e1m\u00fa hat\u00e1rozata a Semmelweis Szimp\u00f3zium szab\u00e1lyzat elfogad\u00e1s\u00e1r\u00f3l &#8211; Semmelweis Szimp\u00f3zium szab\u00e1lyzat<\/a><br \/>\n<a href=\"https:\/\/semmelweis.hu\/jogigfoig\/files\/2020\/04\/54_2020_Jubileumi-d\u00edszoklevelek-adom\u00e1nyoz\u00e1s\u00e1r\u00f3l-sz\u00f3l\u00f3-Szab\u00e1lyzat.pdf\">A Semmelweis Egyetem\u00a0Szen\u00e1tus\u00e1nak\u00a054\/2020. (IV.14.) sz\u00e1m\u00fa hat\u00e1rozata\u00a0Jubileumi d\u00edszoklevelek adom\u00e1nyoz\u00e1s\u00e1r\u00f3l sz\u00f3l\u00f3 szab\u00e1lyzat elfogad\u00e1s\u00e1r\u00f3l<\/a><br \/>\n<a href=\"https:\/\/semmelweis.hu\/jogigfoig\/files\/2020\/04\/54_2020_Jubileumi-d\u00edszoklevelek-adom\u00e1nyoz\u00e1s\u00e1r\u00f3l-sz\u00f3l\u00f3-Szab\u00e1lyzat_mell\u00e9klet.pdf\">A Semmelweis Egyetem Szen\u00e1tus\u00e1nak 54\/2020. (IV.14.) sz\u00e1m\u00fa hat\u00e1rozata Jubileumi d\u00edszoklevelek adom\u00e1nyoz\u00e1s\u00e1r\u00f3l sz\u00f3l\u00f3 szab\u00e1lyzat elfogad\u00e1s\u00e1r\u00f3l &#8211; Jubileumi d\u00edszoklevelek adom\u00e1nyoz\u00e1s\u00e1r\u00f3l sz\u00f3l\u00f3 szab\u00e1lyzat\u00a0<\/a><br \/>\n<a href=\"https:\/\/semmelweis.hu\/jogigfoig\/files\/2020\/04\/55_2020_NEPTUN-EFTR-Szab\u00e1lyzat.pdf\">A Semmelweis Egyetem Szen\u00e1tus\u00e1nak 55\/2020. (IV.14.) sz\u00e1m\u00fa hat\u00e1rozata Egys\u00e9ges Fels\u0151oktat\u00e1si Tanulm\u00e1nyi Rendszer (NEPTUN EFTR) m\u0171k\u00f6d\u00e9si rendj\u00e9r\u0151l sz\u00f3l\u00f3 szab\u00e1lyzat elfogad\u00e1s\u00e1r\u00f3l<\/a><br \/>\n<a href=\"https:\/\/semmelweis.hu\/jogigfoig\/files\/2020\/04\/55_2020_NEPTUN-EFTR-Szab\u00e1lyzat_mell\u00e9klet.pdf\">A Semmelweis Egyetem Szen\u00e1tus\u00e1nak 55\/2020. (IV.14.) sz\u00e1m\u00fa hat\u00e1rozata Egys\u00e9ges Fels\u0151oktat\u00e1si Tanulm\u00e1nyi Rendszer (NEPTUN EFTR) m\u0171k\u00f6d\u00e9si rendj\u00e9r\u0151l sz\u00f3l\u00f3 szab\u00e1lyzat elfogad\u00e1s\u00e1r\u00f3l &#8211; Egys\u00e9ges Fels\u0151oktat\u00e1si Tanulm\u00e1nyi Rendszer (NEPTUN EFTR) m\u0171k\u00f6d\u00e9si rendj\u00e9r\u0151l sz\u00f3l\u00f3 szab\u00e1lyzat<\/a><br \/>\n<a href=\"https:\/\/semmelweis.hu\/jogigfoig\/files\/2020\/04\/56_2020_Egyes-a-hallgat\u00f3k-r\u00e9sz\u00e9re-jutalomd\u00edjjal-j\u00e1r\u00f3-p\u00e1ly\u00e1zatokr\u00f3l-sz\u00f3l\u00f3-Szab\u00e1lyzat.pdf\">A Semmelweis Egyetem\u00a0Szen\u00e1tus\u00e1nak\u00a056\/2020. (IV.14.) sz\u00e1m\u00fa hat\u00e1rozata\u00a0az Egyes, a hallgat\u00f3k r\u00e9sz\u00e9re jutalomd\u00edjjal j\u00e1r\u00f3 p\u00e1ly\u00e1zatokr\u00f3l\u00a0sz\u00f3l\u00f3 szab\u00e1lyzat elfogad\u00e1s\u00e1r\u00f3l<\/a><br \/>\n<a href=\"https:\/\/semmelweis.hu\/jogigfoig\/files\/2020\/04\/56_2020_Egyes-a-hallgat\u00f3k-r\u00e9sz\u00e9re-jutalomd\u00edjjal-j\u00e1r\u00f3-p\u00e1ly\u00e1zatokr\u00f3l-sz\u00f3l\u00f3-Szab\u00e1lyzat_mell\u00e9klet.pdf\">A Semmelweis Egyetem Szen\u00e1tus\u00e1nak 56\/2020. (IV.14.) sz\u00e1m\u00fa hat\u00e1rozata az Egyes, a hallgat\u00f3k r\u00e9sz\u00e9re jutalomd\u00edjjal j\u00e1r\u00f3 p\u00e1ly\u00e1zatokr\u00f3l sz\u00f3l\u00f3 szab\u00e1lyzat elfogad\u00e1s\u00e1r\u00f3l &#8211; Egyes, a hallgat\u00f3k r\u00e9sz\u00e9re jutalomd\u00edjjal j\u00e1r\u00f3 p\u00e1ly\u00e1zatokr\u00f3l sz\u00f3l\u00f3 szab\u00e1lyzat<\/a><br \/>\n<a href=\"https:\/\/semmelweis.hu\/jogigfoig\/files\/2020\/04\/57_2020_K\u00f6tv\u00e1ll.-Szab\u00e1lyzat.pdf\">A Semmelweis Egyetem\u00a0Szen\u00e1tus\u00e1nak\u00a057\/2020. (IV.14.) sz\u00e1m\u00fa hat\u00e1rozata\u00a0a K\u00f6telezetts\u00e9gv\u00e1llal\u00e1si Szab\u00e1lyzat elfogad\u00e1s\u00e1nak t\u00e1mogat\u00e1s\u00e1r\u00f3l<\/a><br \/>\n<a href=\"https:\/\/semmelweis.hu\/jogigfoig\/files\/2020\/04\/57_2020_K\u00f6tv\u00e1ll.-Szab\u00e1lyzat_mell\u00e9klet.pdf\">A Semmelweis Egyetem Szen\u00e1tus\u00e1nak 57\/2020. (IV.14.) sz\u00e1m\u00fa hat\u00e1rozata a K\u00f6telezetts\u00e9gv\u00e1llal\u00e1si Szab\u00e1lyzat elfogad\u00e1s\u00e1nak t\u00e1mogat\u00e1s\u00e1r\u00f3l &#8211; K\u00f6telezetts\u00e9gv\u00e1llal\u00e1si Szab\u00e1lyzat<\/a><br \/>\n<a href=\"https:\/\/semmelweis.hu\/jogigfoig\/files\/2020\/04\/57_2020_K\u00f6tv\u00e1ll.-Szab\u00e1lyzat_mell\u00e9klet_1.pdf\">A Semmelweis Egyetem Szen\u00e1tus\u00e1nak 57\/2020. (IV.14.) sz\u00e1m\u00fa hat\u00e1rozata a K\u00f6telezetts\u00e9gv\u00e1llal\u00e1si Szab\u00e1lyzat elfogad\u00e1s\u00e1nak t\u00e1mogat\u00e1s\u00e1r\u00f3l &#8211; 1. sz\u00e1m\u00fa mell\u00e9klet<\/a><br \/>\n<a href=\"https:\/\/semmelweis.hu\/jogigfoig\/files\/2020\/04\/57_2020_K\u00f6tv\u00e1ll.-Szab\u00e1lyzat_mell\u00e9klet_2.pdf\">A Semmelweis Egyetem\u00a0Szen\u00e1tus\u00e1nak\u00a057\/2020. (IV.14.) sz\u00e1m\u00fa hat\u00e1rozata\u00a0a K\u00f6telezetts\u00e9gv\u00e1llal\u00e1si Szab\u00e1lyzat elfogad\u00e1s\u00e1nak t\u00e1mogat\u00e1s\u00e1r\u00f3l &#8211; 2. sz\u00e1m\u00fa mell\u00e9klet<\/a><br \/>\n<a href=\"https:\/\/semmelweis.hu\/jogigfoig\/files\/2020\/04\/57_2020_K\u00f6tv\u00e1ll.-Szab\u00e1lyzat_mell\u00e9klet_3.pdf\">A Semmelweis Egyetem\u00a0Szen\u00e1tus\u00e1nak\u00a057\/2020. (IV.14.) sz\u00e1m\u00fa hat\u00e1rozata\u00a0a K\u00f6telezetts\u00e9gv\u00e1llal\u00e1si Szab\u00e1lyzat elfogad\u00e1s\u00e1nak t\u00e1mogat\u00e1s\u00e1r\u00f3l &#8211; 3. sz\u00e1m\u00fa mell\u00e9klet<\/a><br \/>\n<a href=\"https:\/\/semmelweis.hu\/jogigfoig\/files\/2020\/04\/57_2020_K\u00f6tv\u00e1ll.-Szab\u00e1lyzat_mell\u00e9klet_4.pdf\">A Semmelweis Egyetem\u00a0Szen\u00e1tus\u00e1nak\u00a057\/2020. (IV.14.) sz\u00e1m\u00fa hat\u00e1rozata\u00a0a K\u00f6telezetts\u00e9gv\u00e1llal\u00e1si Szab\u00e1lyzat elfogad\u00e1s\u00e1nak t\u00e1mogat\u00e1s\u00e1r\u00f3l &#8211; 4. sz\u00e1m\u00fa mell\u00e9klet<\/a><br \/>\n<a href=\"https:\/\/semmelweis.hu\/jogigfoig\/files\/2020\/04\/58_2020_Szerz\u0151d\u00e9sk\u00f6t\u00e9si-Szab\u00e1lyzat.pdf\">A Semmelweis Egyetem Szen\u00e1tus\u00e1nak\u00a058\/2020. (IV.14.) sz\u00e1m\u00fa hat\u00e1rozata\u00a0a Szerz\u0151d\u00e9sk\u00f6t\u00e9si Szab\u00e1lyzat elfogad\u00e1s\u00e1nak t\u00e1mogat\u00e1s\u00e1r\u00f3l<\/a><br \/>\n<a href=\"https:\/\/semmelweis.hu\/jogigfoig\/files\/2020\/04\/58_2020_Szerz\u0151d\u00e9sk\u00f6t\u00e9si-Szab\u00e1lyzat_mell\u00e9kletek.pdf\">A Semmelweis Egyetem Szen\u00e1tus\u00e1nak 58\/2020. (IV.14.) sz\u00e1m\u00fa hat\u00e1rozata a Szerz\u0151d\u00e9sk\u00f6t\u00e9si Szab\u00e1lyzat elfogad\u00e1s\u00e1nak t\u00e1mogat\u00e1s\u00e1r\u00f3l &#8211; Szerz\u0151d\u00e9sk\u00f6t\u00e9si Szab\u00e1lyzat<\/a><br \/>\n<a href=\"https:\/\/semmelweis.hu\/jogigfoig\/files\/2020\/04\/59_2020_Es\u00e9lyegyenl\u0151s\u00e9gi-Szab\u00e1lyzat.pdf\">A Semmelweis Egyetem Szen\u00e1tus\u00e1nak 59\/2020. (IV.14.) sz\u00e1m\u00fa hat\u00e1rozata az Es\u00e9lyegyenl\u0151s\u00e9gi Szab\u00e1lyzat v\u00e9lem\u00e9nyez\u00e9s\u00e9r\u0151l<\/a><br \/>\n<a href=\"https:\/\/semmelweis.hu\/jogigfoig\/files\/2020\/04\/59_2020_Es\u00e9lyegyenl\u0151s\u00e9gi-Szab\u00e1lyzat_mell\u00e9klet.pdf\">A Semmelweis Egyetem Szen\u00e1tus\u00e1nak 59\/2020. (IV.14.) sz\u00e1m\u00fa hat\u00e1rozata az Es\u00e9lyegyenl\u0151s\u00e9gi Szab\u00e1lyzat v\u00e9lem\u00e9nyez\u00e9s\u00e9r\u0151l &#8211; Es\u00e9lyegyenl\u0151s\u00e9gi Szab\u00e1lyzat<\/a><br \/>\n<a href=\"https:\/\/semmelweis.hu\/jogigfoig\/files\/2020\/04\/60_2020_K\u00fclf\u00f6ldi-hallgat\u00f3k-\u00e1ltal-fizetend\u0151-d\u00edjak-\u00e9s-bev\u00e9telek-felhaszn\u00e1l\u00e1s\u00e1r\u00f3l-sz\u00f3l\u00f3-Szab\u00e1lyzat-hat\u00e1lyon-k\u00edv\u00fcl-helyez\u00e9s\u00e9r\u0151l.pdf\">A Semmelweis Egyetem\u00a0Szen\u00e1tus\u00e1nak\u00a060\/2020. (IV.14.) sz\u00e1m\u00fa hat\u00e1rozata\u00a0a k\u00fclf\u00f6ldi hallgat\u00f3k \u00e1ltal fizetend\u0151 d\u00edjak \u00e9s bev\u00e9telek felhaszn\u00e1l\u00e1s\u00e1r\u00f3l sz\u00f3l\u00f3 szab\u00e1lyzat hat\u00e1lyon k\u00edv\u00fcl helyez\u00e9s\u00e9r\u0151l<\/a><br \/>\n<a href=\"https:\/\/semmelweis.hu\/jogigfoig\/files\/2020\/04\/60_2020_K\u00fclf\u00f6ldi-hallgat\u00f3k-\u00e1ltal-fizetend\u0151-d\u00edjak-\u00e9s-bev\u00e9telek-felhaszn\u00e1l\u00e1s\u00e1r\u00f3l-sz\u00f3l\u00f3-Szab\u00e1lyzat-hat\u00e1lyon-k\u00edv\u00fcl-helyez\u00e9s\u00e9r\u0151l_kancell\u00e1ri-egyet\u00e9rt\u00e9s.pdf\">A Semmelweis Egyetem Szen\u00e1tus\u00e1nak 60\/2020. (IV.14.) sz\u00e1m\u00fa hat\u00e1rozata a k\u00fclf\u00f6ldi hallgat\u00f3k \u00e1ltal fizetend\u0151 d\u00edjak \u00e9s bev\u00e9telek felhaszn\u00e1l\u00e1s\u00e1r\u00f3l sz\u00f3l\u00f3 szab\u00e1lyzat hat\u00e1lyon k\u00edv\u00fcl helyez\u00e9s\u00e9r\u0151l\u00a0 &#8211; kancell\u00e1ri egyet\u00e9rt\u00e9si jog gyakorl\u00e1sa<\/a><br \/>\n&nbsp;<\/p>\n","protected":false},"author":101467,"featured_media":0,"parent":74866,"menu_order":7,"comment_status":"closed","ping_status":"closed","template":"","meta":{"_acf_changed":false,"footnotes":""},"categories":[],"tags":[],"class_list":["post-76202","page","type-page","status-publish","hentry"],"acf":[],"_links":{"self":[{"href":"https:\/\/semmelweis.hu\/jogigfoig\/wp-json\/wp\/v2\/pages\/76202","targetHints":{"allow":["GET"]}}],"collection":[{"href":"https:\/\/semmelweis.hu\/jogigfoig\/wp-json\/wp\/v2\/pages"}],"about":[{"href":"https:\/\/semmelweis.hu\/jogigfoig\/wp-json\/wp\/v2\/types\/page"}],"author":[{"embeddable":true,"href":"https:\/\/semmelweis.hu\/jogigfoig\/wp-json\/wp\/v2\/users\/101467"}],"replies":[{"embeddable":true,"href":"https:\/\/semmelweis.hu\/jogigfoig\/wp-json\/wp\/v2\/comments?post=76202"}],"version-history":[{"count":3,"href":"https:\/\/semmelweis.hu\/jogigfoig\/wp-json\/wp\/v2\/pages\/76202\/revisions"}],"predecessor-version":[{"id":78144,"href":"https:\/\/semmelweis.hu\/jogigfoig\/wp-json\/wp\/v2\/pages\/76202\/revisions\/78144"}],"up":[{"embeddable":true,"href":"https:\/\/semmelweis.hu\/jogigfoig\/wp-json\/wp\/v2\/pages\/74866"}],"wp:attachment":[{"href":"https:\/\/semmelweis.hu\/jogigfoig\/wp-json\/wp\/v2\/media?parent=76202"}],"wp:term":[{"taxonomy":"category","embeddable":true,"href":"https:\/\/semmelweis.hu\/jogigfoig\/wp-json\/wp\/v2\/categories?post=76202"},{"taxonomy":"post_tag","embeddable":true,"href":"https:\/\/semmelweis.hu\/jogigfoig\/wp-json\/wp\/v2\/tags?post=76202"}],"curies":[{"name":"wp","href":"https:\/\/api.w.org\/{rel}","templated":true}]}}