{"id":76056,"date":"2020-04-06T10:07:54","date_gmt":"2020-04-06T08:07:54","guid":{"rendered":"http:\/\/semmelweis.hu\/jogigfoig\/?page_id=76056"},"modified":"2020-09-29T09:12:46","modified_gmt":"2020-09-29T07:12:46","slug":"2020-aprilis-2","status":"publish","type":"page","link":"https:\/\/semmelweis.hu\/jogigfoig\/testuletek\/szenatus\/2020-evi-szenatusi-hatarozatok\/2020-aprilis-2\/","title":{"rendered":"2020. \u00e1prilis 2."},"content":{"rendered":"<p style=\"text-align: justify\"><a href=\"https:\/\/semmelweis.hu\/jogigfoig\/files\/2020\/04\/42_2020_2019_evi_Beszamolo.pdf\">A Semmelweis Egyetem\u00a0Szen\u00e1tus\u00e1nak\u00a042\/2020. (IV.2.) sz\u00e1m\u00fa hat\u00e1rozata\u00a0a Semmelweis Egyetem 2019. \u00e9vi gazd\u00e1lkod\u00e1s\u00e1r\u00f3l sz\u00f3l\u00f3 besz\u00e1mol\u00f3 elfogad\u00e1s\u00e1r\u00f3l<\/a><\/p>\n<p style=\"text-align: justify\"><a href=\"https:\/\/semmelweis.hu\/jogigfoig\/files\/2020\/04\/42_2020_kancellari_egyetertes.pdf\">A Semmelweis Egyetem Szen\u00e1tus\u00e1nak 42\/2020. (IV.2.) sz\u00e1m\u00fa hat\u00e1rozata a Semmelweis Egyetem 2019. \u00e9vi gazd\u00e1lkod\u00e1s\u00e1r\u00f3l sz\u00f3l\u00f3 besz\u00e1mol\u00f3 elfogad\u00e1s\u00e1r\u00f3l &#8211;\u00a0kancell\u00e1ri egyet\u00e9rt\u00e9si jog gyakorl\u00e1sa<\/a><\/p>\n<p style=\"text-align: justify\"><a href=\"https:\/\/semmelweis.hu\/jogigfoig\/files\/2020\/04\/43_2020_Semmelweis_Symposium.pdf\">A Semmelweis Egyetem\u00a0Szen\u00e1tus\u00e1nak\u00a043\/2020. (IV.2.) sz\u00e1m\u00fa hat\u00e1rozata\u00a0a Semmelweis 250 Clinical Symposium megrendez\u00e9s\u00e9r\u0151l<\/a><\/p>\n<p style=\"text-align: justify\"><a href=\"https:\/\/semmelweis.hu\/jogigfoig\/files\/2020\/04\/43_2020_kancellari_egyetertes.pdf\">A Semmelweis Egyetem Szen\u00e1tus\u00e1nak 43\/2020. (IV.2.) sz\u00e1m\u00fa hat\u00e1rozata a Semmelweis 250 Clinical Symposium megrendez\u00e9s\u00e9r\u0151l &#8211;\u00a0kancell\u00e1ri egyet\u00e9rt\u00e9si jog gyakorl\u00e1sa<\/a><\/p>\n<p style=\"text-align: justify\"><a href=\"https:\/\/semmelweis.hu\/jogigfoig\/files\/2020\/04\/44_2020_STIA_eljarasrend.pdf\">A Semmelweis Egyetem\u00a0Szen\u00e1tus\u00e1nak\u00a044\/2020. (IV.2.) sz\u00e1m\u00fa hat\u00e1rozata a\u00a0Semmelweis Tudom\u00e1nyos \u00e9s Innov\u00e1ci\u00f3s Alap m\u0171k\u00f6dtet\u00e9s\u00e9nek \u00e9s felhaszn\u00e1l\u00e1s\u00e1nak elj\u00e1r\u00e1srendje elfogad\u00e1s\u00e1r\u00f3l<\/a><\/p>\n<p style=\"text-align: justify\"><a href=\"https:\/\/semmelweis.hu\/jogigfoig\/files\/2020\/04\/45_2020_STIA_programstratagia.pdf\">A Semmelweis Egyetem\u00a0Szen\u00e1tus\u00e1nak\u00a045\/2020. (IV.2.) sz\u00e1m\u00fa hat\u00e1rozata\u00a0a Semmelweis Tudom\u00e1nyos \u00e9s Innov\u00e1ci\u00f3s Alap 2020. \u00e9vi programstrat\u00e9gi\u00e1j\u00e1nak elfogad\u00e1s\u00e1r\u00f3l<\/a><\/p>\n<p style=\"text-align: justify\"><a href=\"https:\/\/semmelweis.hu\/jogigfoig\/files\/2020\/04\/45_2020_kancellari_egyetertes.pdf\">A Semmelweis Egyetem\u00a0Szen\u00e1tus\u00e1nak\u00a045\/2020. (IV.2.) sz\u00e1m\u00fa hat\u00e1rozata\u00a0a Semmelweis Tudom\u00e1nyos \u00e9s Innov\u00e1ci\u00f3s Alap 2020. \u00e9vi programstrat\u00e9gi\u00e1j\u00e1nak elfogad\u00e1s\u00e1r\u00f3l &#8211;\u00a0kancell\u00e1ri egyet\u00e9rt\u00e9si jog gyakorl\u00e1sa<\/a><\/p>\n<div id=\"GroupWiseSection_1586274137000_antony.zsolt@semmelweis-univ.hu_215C5081190C0000B5A0000000000000_\" class=\"GroupWiseMessageBody active\">\n<div><a href=\"https:\/\/semmelweis.hu\/jogigfoig\/files\/2020\/04\/45_STIA-_Programstrategia_2020_mell\u00e9klet.pdf\">A 45\/2020. (IV.2.) sz. hat\u00e1rozat mell\u00e9klete (STIA 2020. \u00e9vi Programstrat\u00e9gi\u00e1ja)<\/a><\/div>\n<div>\u00a0<\/div>\n<\/div>\n<p style=\"text-align: justify\"><a href=\"https:\/\/semmelweis.hu\/jogigfoig\/files\/2020\/04\/46_2020_ETK_SZMR.pdf\">A Semmelweis Egyetem\u00a0Szen\u00e1tus\u00e1nak\u00a046\/2020. (IV.2.) sz\u00e1m\u00fa hat\u00e1rozata\u00a0az Eg\u00e9szs\u00e9gtudom\u00e1nyi Kar Szervezeti \u00e9s M\u0171k\u00f6d\u00e9si Rendj\u00e9nek m\u00f3dos\u00edt\u00e1s\u00e1r\u00f3l<\/a><\/p>\n<p style=\"text-align: justify\"><a href=\"https:\/\/semmelweis.hu\/jogigfoig\/files\/2020\/04\/47_2020_ETK_Kari_Tanacs_valasztasi_rend.pdf\">A Semmelweis Egyetem\u00a0Szen\u00e1tus\u00e1nak\u00a047\/2020. (IV.2.) sz\u00e1m\u00fa hat\u00e1rozata\u00a0ETK Kari Tan\u00e1cs v\u00e1laszt\u00e1si szab\u00e1lyzat\u00e1nak elfogad\u00e1s\u00e1r\u00f3l<\/a><\/p>\n<p style=\"text-align: justify\"><a href=\"https:\/\/semmelweis.hu\/jogigfoig\/files\/2020\/04\/48_2020_TDK_bevezetes_angol.pdf\">A Semmelweis Egyetem\u00a0Szen\u00e1tus\u00e1nak\u00a048\/2020. (IV.2.) sz\u00e1m\u00fa hat\u00e1rozata\u00a0a Bevezet\u00e9s a tudom\u00e1nyos di\u00e1kk\u00f6ri munka alapjaihoz c\u00edm\u0171 \u00faj,\u00a0angol nyelv\u0171 szabadon v\u00e1laszthat\u00f3 tant\u00e1rgyr\u00f3l<\/a><\/p>\n<p style=\"text-align: justify\"><a href=\"https:\/\/semmelweis.hu\/jogigfoig\/files\/2020\/04\/48_2020_kancellari_egyetertes.pdf\">A Semmelweis Egyetem\u00a0Szen\u00e1tus\u00e1nak\u00a048\/2020. (IV.2.) sz\u00e1m\u00fa hat\u00e1rozata\u00a0a Bevezet\u00e9s a tudom\u00e1nyos di\u00e1kk\u00f6ri munka alapjaihoz c\u00edm\u0171 \u00faj,\u00a0angol nyelv\u0171 szabadon v\u00e1laszthat\u00f3 tant\u00e1rgyr\u00f3l &#8211;\u00a0kancell\u00e1ri egyet\u00e9rt\u00e9si jog gyakorl\u00e1sa<\/a><\/p>\n<p style=\"text-align: justify\"><a href=\"https:\/\/semmelweis.hu\/jogigfoig\/files\/2020\/04\/49_2020_TDK_bevezetes_magyar_90_perc.pdf\">A Semmelweis Egyetem\u00a0Szen\u00e1tus\u00e1nak\u00a049\/2020. (IV.2.) sz\u00e1m\u00fa hat\u00e1rozata\u00a0a Bevezet\u00e9s a tudom\u00e1nyos di\u00e1kk\u00f6ri munka alapjaihoz c\u00edm\u0171 \u00faj,\u00a0magyar nyelv\u0171 90 perces szabadon v\u00e1laszthat\u00f3 tant\u00e1rgyr\u00f3l<\/a><\/p>\n<p style=\"text-align: justify\"><a href=\"https:\/\/semmelweis.hu\/jogigfoig\/files\/2020\/04\/49_2020_kancellari_egyetertes.pdf\">A Semmelweis Egyetem\u00a0Szen\u00e1tus\u00e1nak\u00a049\/2020. (IV.2.) sz\u00e1m\u00fa hat\u00e1rozata\u00a0a Bevezet\u00e9s a tudom\u00e1nyos di\u00e1kk\u00f6ri munka alapjaihoz c\u00edm\u0171 \u00faj,\u00a0magyar nyelv\u0171 90 perces szabadon v\u00e1laszthat\u00f3 tant\u00e1rgyr\u00f3l &#8211;\u00a0kancell\u00e1ri egyet\u00e9rt\u00e9si jog gyakorl\u00e1sa<\/a><\/p>\n<p style=\"text-align: justify\"><a href=\"https:\/\/semmelweis.hu\/jogigfoig\/files\/2020\/04\/50_2020_SZMSZ_II_konyv_FKR_modositas.pdf\">A Semmelweis Egyetem\u00a0Szen\u00e1tus\u00e1nak\u00a050\/2020. (IV.2.) sz\u00e1m\u00fa hat\u00e1rozata\u00a0a Szervezeti \u00e9s M\u0171k\u00f6d\u00e9si Szab\u00e1lyzat II. K\u00f6nyv\u00e9nek [Foglalkoztat\u00e1si K\u00f6vetelm\u00e9nyrendszer] m\u00f3dos\u00edt\u00e1s\u00e1r\u00f3l<\/a><\/p>\n<p style=\"text-align: justify\"><a href=\"https:\/\/semmelweis.hu\/jogigfoig\/files\/2020\/04\/50_2020_kancellari_egyetertes.pdf\">A Semmelweis Egyetem\u00a0Szen\u00e1tus\u00e1nak\u00a050\/2020. (IV.2.) sz\u00e1m\u00fa hat\u00e1rozata\u00a0a Szervezeti \u00e9s M\u0171k\u00f6d\u00e9si Szab\u00e1lyzat II. K\u00f6nyv\u00e9nek [Foglalkoztat\u00e1si K\u00f6vetelm\u00e9nyrendszer] m\u00f3dos\u00edt\u00e1s\u00e1r\u00f3l &#8211;\u00a0kancell\u00e1ri egyet\u00e9rt\u00e9si jog gyakorl\u00e1sa<\/a><\/p>\n<div id=\"GroupWiseSection_1586274137000_antony.zsolt@semmelweis-univ.hu_215C5081190C0000B5A0000000000000_\" class=\"GroupWiseMessageBody active\">\n<div><a href=\"https:\/\/semmelweis.hu\/jogigfoig\/files\/2020\/04\/50_2020_SZMSZ-II.k\u00f6nyv_FKR_m\u00f3dos\u00edt\u00e1s_mell\u00e9klet.pdf\">Az 50\/2020. (IV.2.) sz. hat\u00e1rozat mell\u00e9klete (FKR)<\/a><\/div>\n<\/div>\n","protected":false},"excerpt":{"rendered":"<p><a href=\"https:\/\/semmelweis.hu\/jogigfoig\/files\/2020\/04\/42_2020_2019_evi_Beszamolo.pdf\">A Semmelweis Egyetem\u00a0Szen\u00e1tus\u00e1nak\u00a042\/2020. (IV.2.) sz\u00e1m\u00fa hat\u00e1rozata\u00a0a Semmelweis Egyetem 2019. \u00e9vi gazd\u00e1lkod\u00e1s\u00e1r\u00f3l sz\u00f3l\u00f3 besz\u00e1mol\u00f3 elfogad\u00e1s\u00e1r\u00f3l<\/a><br \/>\n<a href=\"https:\/\/semmelweis.hu\/jogigfoig\/files\/2020\/04\/42_2020_kancellari_egyetertes.pdf\">A Semmelweis Egyetem Szen\u00e1tus\u00e1nak 42\/2020. (IV.2.) sz\u00e1m\u00fa hat\u00e1rozata a Semmelweis Egyetem 2019. \u00e9vi gazd\u00e1lkod\u00e1s\u00e1r\u00f3l sz\u00f3l\u00f3 besz\u00e1mol\u00f3 elfogad\u00e1s\u00e1r\u00f3l &#8211;\u00a0kancell\u00e1ri egyet\u00e9rt\u00e9si jog gyakorl\u00e1sa<\/a><br \/>\n<a href=\"https:\/\/semmelweis.hu\/jogigfoig\/files\/2020\/04\/43_2020_Semmelweis_Symposium.pdf\">A Semmelweis Egyetem\u00a0Szen\u00e1tus\u00e1nak\u00a043\/2020. (IV.2.) sz\u00e1m\u00fa hat\u00e1rozata\u00a0a Semmelweis 250 Clinical Symposium megrendez\u00e9s\u00e9r\u0151l<\/a><br \/>\n<a href=\"https:\/\/semmelweis.hu\/jogigfoig\/files\/2020\/04\/43_2020_kancellari_egyetertes.pdf\">A Semmelweis Egyetem Szen\u00e1tus\u00e1nak 43\/2020. (IV.2.) sz\u00e1m\u00fa hat\u00e1rozata a Semmelweis 250 Clinical Symposium megrendez\u00e9s\u00e9r\u0151l &#8211;\u00a0kancell\u00e1ri egyet\u00e9rt\u00e9si jog gyakorl\u00e1sa<\/a><br \/>\n<a href=\"https:\/\/semmelweis.hu\/jogigfoig\/files\/2020\/04\/44_2020_STIA_eljarasrend.pdf\">A Semmelweis Egyetem\u00a0Szen\u00e1tus\u00e1nak\u00a044\/2020. (IV.2.) sz\u00e1m\u00fa hat\u00e1rozata a\u00a0Semmelweis Tudom\u00e1nyos \u00e9s Innov\u00e1ci\u00f3s Alap m\u0171k\u00f6dtet\u00e9s\u00e9nek \u00e9s felhaszn\u00e1l\u00e1s\u00e1nak elj\u00e1r\u00e1srendje elfogad\u00e1s\u00e1r\u00f3l<\/a><br \/>\n<a href=\"https:\/\/semmelweis.hu\/jogigfoig\/files\/2020\/04\/45_2020_STIA_programstratagia.pdf\">A Semmelweis Egyetem\u00a0Szen\u00e1tus\u00e1nak\u00a045\/2020. (IV.2.) sz\u00e1m\u00fa hat\u00e1rozata\u00a0a Semmelweis Tudom\u00e1nyos \u00e9s Innov\u00e1ci\u00f3s Alap 2020. \u00e9vi programstrat\u00e9gi\u00e1j\u00e1nak elfogad\u00e1s\u00e1r\u00f3l<\/a><br \/>\n<a href=\"https:\/\/semmelweis.hu\/jogigfoig\/files\/2020\/04\/45_2020_kancellari_egyetertes.pdf\">A Semmelweis Egyetem\u00a0Szen\u00e1tus\u00e1nak\u00a045\/2020. (IV.2.) sz\u00e1m\u00fa hat\u00e1rozata\u00a0a Semmelweis Tudom\u00e1nyos \u00e9s Innov\u00e1ci\u00f3s Alap 2020. \u00e9vi programstrat\u00e9gi\u00e1j\u00e1nak elfogad\u00e1s\u00e1r\u00f3l &#8211;\u00a0kancell\u00e1ri egyet\u00e9rt\u00e9si jog gyakorl\u00e1sa<\/a><\/p>\n<p><a href=\"https:\/\/semmelweis.hu\/jogigfoig\/files\/2020\/04\/45_STIA-_Programstrategia_2020_mell\u00e9klet.pdf\">A 45\/2020. (IV.2.) sz. hat\u00e1rozat mell\u00e9klete (STIA 2020. \u00e9vi Programstrat\u00e9gi\u00e1ja)<\/a><br \/>\n\u00a0<\/p>\n<p><a href=\"https:\/\/semmelweis.hu\/jogigfoig\/files\/2020\/04\/46_2020_ETK_SZMR.pdf\">A Semmelweis Egyetem\u00a0Szen\u00e1tus\u00e1nak\u00a046\/2020. (IV.2.) sz\u00e1m\u00fa hat\u00e1rozata\u00a0az Eg\u00e9szs\u00e9gtudom\u00e1nyi Kar Szervezeti \u00e9s M\u0171k\u00f6d\u00e9si Rendj\u00e9nek m\u00f3dos\u00edt\u00e1s\u00e1r\u00f3l<\/a><br \/>\n<a href=\"https:\/\/semmelweis.hu\/jogigfoig\/files\/2020\/04\/47_2020_ETK_Kari_Tanacs_valasztasi_rend.pdf\">A Semmelweis Egyetem\u00a0Szen\u00e1tus\u00e1nak\u00a047\/2020. (IV.2.) sz\u00e1m\u00fa hat\u00e1rozata\u00a0ETK Kari Tan\u00e1cs v\u00e1laszt\u00e1si szab\u00e1lyzat\u00e1nak elfogad\u00e1s\u00e1r\u00f3l<\/a><br \/>\n<a href=\"https:\/\/semmelweis.hu\/jogigfoig\/files\/2020\/04\/48_2020_TDK_bevezetes_angol.pdf\">A Semmelweis Egyetem\u00a0Szen\u00e1tus\u00e1nak\u00a048\/2020. (IV.2.) sz\u00e1m\u00fa hat\u00e1rozata\u00a0a Bevezet\u00e9s a tudom\u00e1nyos di\u00e1kk\u00f6ri munka alapjaihoz c\u00edm\u0171 \u00faj,\u00a0angol nyelv\u0171 szabadon v\u00e1laszthat\u00f3 tant\u00e1rgyr\u00f3l<\/a><br \/>\n<a href=\"https:\/\/semmelweis.hu\/jogigfoig\/files\/2020\/04\/48_2020_kancellari_egyetertes.pdf\">A Semmelweis Egyetem\u00a0Szen\u00e1tus\u00e1nak\u00a048\/2020. (IV.2.) sz\u00e1m\u00fa hat\u00e1rozata\u00a0a Bevezet\u00e9s a tudom\u00e1nyos di\u00e1kk\u00f6ri munka alapjaihoz c\u00edm\u0171 \u00faj,\u00a0angol nyelv\u0171 szabadon v\u00e1laszthat\u00f3 tant\u00e1rgyr\u00f3l &#8211;\u00a0kancell\u00e1ri egyet\u00e9rt\u00e9si jog gyakorl\u00e1sa<\/a><br \/>\n<a href=\"https:\/\/semmelweis.hu\/jogigfoig\/files\/2020\/04\/49_2020_TDK_bevezetes_magyar_90_perc.pdf\">A Semmelweis Egyetem\u00a0Szen\u00e1tus\u00e1nak\u00a049\/2020. (IV.2.) sz\u00e1m\u00fa hat\u00e1rozata\u00a0a Bevezet\u00e9s a tudom\u00e1nyos di\u00e1kk\u00f6ri munka alapjaihoz c\u00edm\u0171 \u00faj,\u00a0magyar nyelv\u0171 90 perces szabadon v\u00e1laszthat\u00f3 tant\u00e1rgyr\u00f3l<\/a><br \/>\n<a href=\"https:\/\/semmelweis.hu\/jogigfoig\/files\/2020\/04\/49_2020_kancellari_egyetertes.pdf\">A Semmelweis Egyetem\u00a0Szen\u00e1tus\u00e1nak\u00a049\/2020. (IV.2.) sz\u00e1m\u00fa hat\u00e1rozata\u00a0a Bevezet\u00e9s a tudom\u00e1nyos di\u00e1kk\u00f6ri munka alapjaihoz c\u00edm\u0171 \u00faj,\u00a0magyar nyelv\u0171 90 perces szabadon v\u00e1laszthat\u00f3 tant\u00e1rgyr\u00f3l &#8211;\u00a0kancell\u00e1ri egyet\u00e9rt\u00e9si jog gyakorl\u00e1sa<\/a><br \/>\n<a href=\"https:\/\/semmelweis.hu\/jogigfoig\/files\/2020\/04\/50_2020_SZMSZ_II_konyv_FKR_modositas.pdf\">A Semmelweis Egyetem\u00a0Szen\u00e1tus\u00e1nak\u00a050\/2020. (IV.2.) sz\u00e1m\u00fa hat\u00e1rozata\u00a0a Szervezeti \u00e9s M\u0171k\u00f6d\u00e9si Szab\u00e1lyzat II. K\u00f6nyv\u00e9nek [Foglalkoztat\u00e1si K\u00f6vetelm\u00e9nyrendszer] m\u00f3dos\u00edt\u00e1s\u00e1r\u00f3l<\/a><br \/>\n<a href=\"https:\/\/semmelweis.hu\/jogigfoig\/files\/2020\/04\/50_2020_kancellari_egyetertes.pdf\">A Semmelweis Egyetem\u00a0Szen\u00e1tus\u00e1nak\u00a050\/2020. (IV.2.) sz\u00e1m\u00fa hat\u00e1rozata\u00a0a Szervezeti \u00e9s M\u0171k\u00f6d\u00e9si Szab\u00e1lyzat II. K\u00f6nyv\u00e9nek [Foglalkoztat\u00e1si K\u00f6vetelm\u00e9nyrendszer] m\u00f3dos\u00edt\u00e1s\u00e1r\u00f3l &#8211;\u00a0kancell\u00e1ri egyet\u00e9rt\u00e9si jog gyakorl\u00e1sa<\/a><\/p>\n<p><a href=\"https:\/\/semmelweis.hu\/jogigfoig\/files\/2020\/04\/50_2020_SZMSZ-II.k\u00f6nyv_FKR_m\u00f3dos\u00edt\u00e1s_mell\u00e9klet.pdf\">Az 50\/2020. (IV.2.) sz. hat\u00e1rozat mell\u00e9klete (FKR)<\/a><\/p>\n","protected":false},"author":101467,"featured_media":0,"parent":74866,"menu_order":6,"comment_status":"closed","ping_status":"closed","template":"","meta":{"_acf_changed":false,"footnotes":""},"categories":[],"tags":[],"class_list":["post-76056","page","type-page","status-publish","hentry"],"acf":[],"_links":{"self":[{"href":"https:\/\/semmelweis.hu\/jogigfoig\/wp-json\/wp\/v2\/pages\/76056","targetHints":{"allow":["GET"]}}],"collection":[{"href":"https:\/\/semmelweis.hu\/jogigfoig\/wp-json\/wp\/v2\/pages"}],"about":[{"href":"https:\/\/semmelweis.hu\/jogigfoig\/wp-json\/wp\/v2\/types\/page"}],"author":[{"embeddable":true,"href":"https:\/\/semmelweis.hu\/jogigfoig\/wp-json\/wp\/v2\/users\/101467"}],"replies":[{"embeddable":true,"href":"https:\/\/semmelweis.hu\/jogigfoig\/wp-json\/wp\/v2\/comments?post=76056"}],"version-history":[{"count":5,"href":"https:\/\/semmelweis.hu\/jogigfoig\/wp-json\/wp\/v2\/pages\/76056\/revisions"}],"predecessor-version":[{"id":78143,"href":"https:\/\/semmelweis.hu\/jogigfoig\/wp-json\/wp\/v2\/pages\/76056\/revisions\/78143"}],"up":[{"embeddable":true,"href":"https:\/\/semmelweis.hu\/jogigfoig\/wp-json\/wp\/v2\/pages\/74866"}],"wp:attachment":[{"href":"https:\/\/semmelweis.hu\/jogigfoig\/wp-json\/wp\/v2\/media?parent=76056"}],"wp:term":[{"taxonomy":"category","embeddable":true,"href":"https:\/\/semmelweis.hu\/jogigfoig\/wp-json\/wp\/v2\/categories?post=76056"},{"taxonomy":"post_tag","embeddable":true,"href":"https:\/\/semmelweis.hu\/jogigfoig\/wp-json\/wp\/v2\/tags?post=76056"}],"curies":[{"name":"wp","href":"https:\/\/api.w.org\/{rel}","templated":true}]}}