{"id":75990,"date":"2020-03-27T10:00:07","date_gmt":"2020-03-27T09:00:07","guid":{"rendered":"http:\/\/semmelweis.hu\/jogigfoig\/?page_id=75990"},"modified":"2020-09-29T09:12:40","modified_gmt":"2020-09-29T07:12:40","slug":"2020-marcius-26","status":"publish","type":"page","link":"https:\/\/semmelweis.hu\/jogigfoig\/testuletek\/szenatus\/2020-evi-szenatusi-hatarozatok\/2020-marcius-26\/","title":{"rendered":"2020. m\u00e1rcius 26."},"content":{"rendered":"<p style=\"text-align: justify\"><a href=\"https:\/\/semmelweis.hu\/jogigfoig\/files\/2020\/04\/N_2_2020_marcius_26.pdf\">A Semmelweis Egyetem\u00a0Szen\u00e1tus\u00e1nak\u00a0N-2. (III.26.)\/2020. sz\u00e1m\u00fa hat\u00e1rozata\u00a0a szen\u00e1tusi \u00fcl\u00e9s m\u00f3dos\u00edtott napirendi pontjainak elfogad\u00e1s\u00e1r\u00f3l<\/a><\/p>\n<p style=\"text-align: justify\"><a href=\"https:\/\/semmelweis.hu\/jogigfoig\/files\/2020\/03\/41_2020_III_26_hatarozat_SZMSZ.pdf\">A Semmelweis Egyetem\u00a0Szen\u00e1tus\u00e1nak\u00a041\/2020. (III.26.) sz\u00e1m\u00fa hat\u00e1rozata\u00a0a Szervezeti \u00e9s M\u0171k\u00f6d\u00e9si Szab\u00e1lyzat egyes rendelkez\u00e9seinek m\u00f3dos\u00edt\u00e1s\u00e1r\u00f3l<\/a><\/p>\n<p style=\"text-align: justify\"><a href=\"https:\/\/semmelweis.hu\/jogigfoig\/files\/2020\/03\/41_kancellari_egyetertes.pdf\">A Semmelweis Egyetem Szen\u00e1tus\u00e1nak 41\/2020. (III.26.) sz\u00e1m\u00fa hat\u00e1rozata a Szervezeti \u00e9s M\u0171k\u00f6d\u00e9si Szab\u00e1lyzat egyes rendelkez\u00e9seinek m\u00f3dos\u00edt\u00e1s\u00e1r\u00f3l &#8211; kancell\u00e1ri egyet\u00e9rt\u00e9si jog gyakorl\u00e1sa<\/a><\/p>\n<p style=\"text-align: justify\"><a href=\"https:\/\/semmelweis.hu\/jogigfoig\/files\/2020\/03\/41_SzMSz_modositas.pdf\">A Semmelweis Egyetem Szen\u00e1tus\u00e1nak 41\/2020. (III.26.) sz\u00e1m\u00fa hat\u00e1rozata a Szervezeti \u00e9s M\u0171k\u00f6d\u00e9si Szab\u00e1lyzat egyes rendelkez\u00e9seinek m\u00f3dos\u00edt\u00e1s\u00e1r\u00f3l &#8211;\u00a01. sz\u00e1m\u00fa mell\u00e9klet<\/a><\/p>\n<p style=\"text-align: justify\"><a href=\"https:\/\/semmelweis.hu\/jogigfoig\/files\/2020\/03\/41_-HOK_Egyetertes_0330.pdf\">A Semmelweis Egyetem Szen\u00e1tus\u00e1nak 41\/2020. (III.26.) sz\u00e1m\u00fa hat\u00e1rozata a Szervezeti \u00e9s M\u0171k\u00f6d\u00e9si Szab\u00e1lyzat egyes rendelkez\u00e9seinek m\u00f3dos\u00edt\u00e1s\u00e1r\u00f3l &#8211; Hallgat\u00f3i \u00d6nkorm\u00e1nyzat egyet\u00e9rt\u00e9si jog gyakorl\u00e1sa &#8211; 2020. m\u00e1rcius 30.<\/a><\/p>\n<p style=\"text-align: justify\"><a href=\"https:\/\/semmelweis.hu\/jogigfoig\/files\/2020\/03\/41_-DOK_Egyetertes_0331.pdf\">A Semmelweis Egyetem Szen\u00e1tus\u00e1nak 41\/2020. (III.26.) sz\u00e1m\u00fa hat\u00e1rozata a Szervezeti \u00e9s M\u0171k\u00f6d\u00e9si Szab\u00e1lyzat egyes rendelkez\u00e9seinek m\u00f3dos\u00edt\u00e1s\u00e1r\u00f3l &#8211; Doktorandusz \u00d6nkorm\u00e1nyzat egyet\u00e9rt\u00e9si jog gyakorl\u00e1sa &#8211; 2020. m\u00e1rcius 31.<\/a><\/p>\n","protected":false},"excerpt":{"rendered":"<p><a href=\"https:\/\/semmelweis.hu\/jogigfoig\/files\/2020\/04\/N_2_2020_marcius_26.pdf\">A Semmelweis Egyetem\u00a0Szen\u00e1tus\u00e1nak\u00a0N-2. (III.26.)\/2020. sz\u00e1m\u00fa hat\u00e1rozata\u00a0a szen\u00e1tusi \u00fcl\u00e9s m\u00f3dos\u00edtott napirendi pontjainak elfogad\u00e1s\u00e1r\u00f3l<\/a><br \/>\n<a href=\"https:\/\/semmelweis.hu\/jogigfoig\/files\/2020\/03\/41_2020_III_26_hatarozat_SZMSZ.pdf\">A Semmelweis Egyetem\u00a0Szen\u00e1tus\u00e1nak\u00a041\/2020. (III.26.) sz\u00e1m\u00fa hat\u00e1rozata\u00a0a Szervezeti \u00e9s M\u0171k\u00f6d\u00e9si Szab\u00e1lyzat egyes rendelkez\u00e9seinek m\u00f3dos\u00edt\u00e1s\u00e1r\u00f3l<\/a><br \/>\n<a href=\"https:\/\/semmelweis.hu\/jogigfoig\/files\/2020\/03\/41_kancellari_egyetertes.pdf\">A Semmelweis Egyetem Szen\u00e1tus\u00e1nak 41\/2020. (III.26.) sz\u00e1m\u00fa hat\u00e1rozata a Szervezeti \u00e9s M\u0171k\u00f6d\u00e9si Szab\u00e1lyzat egyes rendelkez\u00e9seinek m\u00f3dos\u00edt\u00e1s\u00e1r\u00f3l &#8211; kancell\u00e1ri egyet\u00e9rt\u00e9si jog gyakorl\u00e1sa<\/a><br \/>\n<a href=\"https:\/\/semmelweis.hu\/jogigfoig\/files\/2020\/03\/41_SzMSz_modositas.pdf\">A Semmelweis Egyetem Szen\u00e1tus\u00e1nak 41\/2020. (III.26.) sz\u00e1m\u00fa hat\u00e1rozata a Szervezeti \u00e9s M\u0171k\u00f6d\u00e9si Szab\u00e1lyzat egyes rendelkez\u00e9seinek m\u00f3dos\u00edt\u00e1s\u00e1r\u00f3l &#8211;\u00a01. sz\u00e1m\u00fa mell\u00e9klet<\/a><br \/>\n<a href=\"https:\/\/semmelweis.hu\/jogigfoig\/files\/2020\/03\/41_-HOK_Egyetertes_0330.pdf\">A Semmelweis Egyetem Szen\u00e1tus\u00e1nak 41\/2020. (III.26.) sz\u00e1m\u00fa hat\u00e1rozata a Szervezeti \u00e9s M\u0171k\u00f6d\u00e9si Szab\u00e1lyzat egyes rendelkez\u00e9seinek m\u00f3dos\u00edt\u00e1s\u00e1r\u00f3l &#8211; Hallgat\u00f3i \u00d6nkorm\u00e1nyzat egyet\u00e9rt\u00e9si jog gyakorl\u00e1sa &#8211; 2020. m\u00e1rcius 30.<\/a><br \/>\n<a href=\"https:\/\/semmelweis.hu\/jogigfoig\/files\/2020\/03\/41_-DOK_Egyetertes_0331.pdf\">A Semmelweis Egyetem Szen\u00e1tus\u00e1nak 41\/2020. (III.26.) sz\u00e1m\u00fa hat\u00e1rozata a Szervezeti \u00e9s M\u0171k\u00f6d\u00e9si Szab\u00e1lyzat egyes rendelkez\u00e9seinek m\u00f3dos\u00edt\u00e1s\u00e1r\u00f3l &#8211; Doktorandusz \u00d6nkorm\u00e1nyzat egyet\u00e9rt\u00e9si jog gyakorl\u00e1sa &#8211; 2020. m\u00e1rcius 31.<\/a><\/p>\n","protected":false},"author":101467,"featured_media":0,"parent":74866,"menu_order":5,"comment_status":"closed","ping_status":"closed","template":"","meta":{"_acf_changed":false,"footnotes":""},"categories":[],"tags":[],"class_list":["post-75990","page","type-page","status-publish","hentry"],"acf":[],"_links":{"self":[{"href":"https:\/\/semmelweis.hu\/jogigfoig\/wp-json\/wp\/v2\/pages\/75990","targetHints":{"allow":["GET"]}}],"collection":[{"href":"https:\/\/semmelweis.hu\/jogigfoig\/wp-json\/wp\/v2\/pages"}],"about":[{"href":"https:\/\/semmelweis.hu\/jogigfoig\/wp-json\/wp\/v2\/types\/page"}],"author":[{"embeddable":true,"href":"https:\/\/semmelweis.hu\/jogigfoig\/wp-json\/wp\/v2\/users\/101467"}],"replies":[{"embeddable":true,"href":"https:\/\/semmelweis.hu\/jogigfoig\/wp-json\/wp\/v2\/comments?post=75990"}],"version-history":[{"count":9,"href":"https:\/\/semmelweis.hu\/jogigfoig\/wp-json\/wp\/v2\/pages\/75990\/revisions"}],"predecessor-version":[{"id":78142,"href":"https:\/\/semmelweis.hu\/jogigfoig\/wp-json\/wp\/v2\/pages\/75990\/revisions\/78142"}],"up":[{"embeddable":true,"href":"https:\/\/semmelweis.hu\/jogigfoig\/wp-json\/wp\/v2\/pages\/74866"}],"wp:attachment":[{"href":"https:\/\/semmelweis.hu\/jogigfoig\/wp-json\/wp\/v2\/media?parent=75990"}],"wp:term":[{"taxonomy":"category","embeddable":true,"href":"https:\/\/semmelweis.hu\/jogigfoig\/wp-json\/wp\/v2\/categories?post=75990"},{"taxonomy":"post_tag","embeddable":true,"href":"https:\/\/semmelweis.hu\/jogigfoig\/wp-json\/wp\/v2\/tags?post=75990"}],"curies":[{"name":"wp","href":"https:\/\/api.w.org\/{rel}","templated":true}]}}