{"id":7591,"date":"2017-04-21T10:58:03","date_gmt":"2017-04-21T08:58:03","guid":{"rendered":"http:\/\/semmelweis.hu\/jogigfoig\/?page_id=7591"},"modified":"2024-06-20T09:58:06","modified_gmt":"2024-06-20T07:58:06","slug":"2017-aprilis-20","status":"publish","type":"page","link":"https:\/\/semmelweis.hu\/jogigfoig\/testuletek\/szenatus\/2017-evi-szenatusi-hatarozatok\/2017-aprilis-20\/","title":{"rendered":"2017. \u00e1prilis 20."},"content":{"rendered":"<ul>\n<li style=\"text-align: justify\"><a href=\"https:\/\/semmelweis.hu\/jogigfoig\/files\/2017\/04\/44_IV_20_2017_SE_PAF_integracio.pdf\" target=\"_blank\" rel=\"noopener noreferrer\">44\/2017. (IV.20.) sz\u00e1m\u00fa hat\u00e1rozat a Semmelweis Egyetem \u00e9s a Pet\u0151 Andr\u00e1s F\u0151iskola integr\u00e1ci\u00f3j\u00e1r\u00f3l &#8211; hat\u00e1lyba l\u00e9p\u00e9s 2017.04.22. napja<\/a><\/li>\n<li style=\"text-align: justify\"><a href=\"https:\/\/semmelweis.hu\/jogigfoig\/files\/2017\/04\/45_IV_20_vezetoi_koltsegvetes.pdf\" target=\"_blank\" rel=\"noopener noreferrer\">45\/2017. (IV.20.) sz\u00e1m\u00fa hat\u00e1rozat a 2017. \u00e9vi vezet\u0151i k\u00f6lts\u00e9gvet\u00e9s elfogad\u00e1s\u00e1r\u00f3l &#8211; hat\u00e1lyba l\u00e9p\u00e9s 2017.04.22. napja<\/a><\/li>\n<li style=\"text-align: justify\"><a href=\"https:\/\/semmelweis.hu\/jogigfoig\/files\/2017\/04\/46_IV_20_2017_IFT.pdf\" target=\"_blank\" rel=\"noopener noreferrer\">46\/2017. (IV.20.) sz\u00e1m\u00fa hat\u00e1rozat a Semmelweis Egyetem Int\u00e9zm\u00e9nyfejleszt\u00e9si Terv\u00e9nek elfogad\u00e1s\u00e1r\u00f3l &#8211; hat\u00e1lyba l\u00e9p\u00e9s 2017.04.22. napja<\/a><\/li>\n<li style=\"text-align: justify\"><a href=\"https:\/\/semmelweis.hu\/jogigfoig\/files\/2017\/05\/47_2017_IV_20_szenatusi_hatarozat.pdf\">47\/2017. (IV. 20.) sz\u00e1m\u00fa hat\u00e1rozat Besz\u00e1mol\u00f3 a Semmelweis Egyetem Rektor\u00e1nak el\u0151z\u0151 \u00e9vi vezet\u0151i tev\u00e9kenys\u00e9g\u00e9r\u0151l<\/a><\/li>\n<li style=\"text-align: justify\"><a href=\"https:\/\/semmelweis.hu\/jogigfoig\/files\/2017\/04\/48_2017_IV_20_szenatusi_hatarozat.pdf\">48\/2017. (IV. 20.) sz\u00e1m\u00fa hat\u00e1rozata a Gy\u00f3gyszer\u00e9sztudom\u00e1nyi Kar Gy\u00f3gyszer\u00e9szi K\u00e9miai Int\u00e9zet igazgat\u00f3i megb\u00edz\u00e1s\u00e1ra be\u00e9rkezett p\u00e1ly\u00e1zat v\u00e9lem\u00e9nyez\u00e9s\u00e9r\u0151l<\/a><\/li>\n<li style=\"text-align: justify\"><a href=\"https:\/\/semmelweis.hu\/jogigfoig\/files\/2017\/04\/49_2017_IV_20_szenatusi_hatarozat.pdf\">49\/2017. (IV. 20.) sz\u00e1m\u00fa hat\u00e1rozata a Nukle\u00e1ris Medicina K\u00f6zpont igazgat\u00f3i megb\u00edz\u00e1sra be\u00e9rkezett p\u00e1ly\u00e1zat v\u00e9lem\u00e9nyez\u00e9s\u00e9r\u0151l<\/a><\/li>\n<li style=\"text-align: justify\"><a href=\"https:\/\/semmelweis.hu\/jogigfoig\/files\/2017\/04\/50_2017_IV_20_szenatusi_hatarozat.pdf\">50\/2017. (IV. 20.) sz\u00e1m\u00fa hat\u00e1rozata az Eg\u00e9szs\u00e9gtudom\u00e1nyi Kar \u00c1pol\u00e1stan Tansz\u00e9k\u00e9n, valamint a Dietetikai \u00e9s T\u00e1pl\u00e1lkoz\u00e1studom\u00e1nyi Tansz\u00e9ken meghirdetett f\u0151iskolai docensi \u00e1ll\u00e1shelyekre be\u00e9rkezett p\u00e1ly\u00e1zatok v\u00e9lem\u00e9nyez\u00e9s\u00e9r\u0151l<\/a><\/li>\n<li style=\"text-align: justify\"><a href=\"https:\/\/semmelweis.hu\/jogigfoig\/files\/2017\/04\/51_2017_IV_20_szenatusi_hatarozat.pdf\">51\/2017. (IV. 20.) sz\u00e1m\u00fa hat\u00e1rozata az Eg\u00e9szs\u00e9gtudom\u00e1nyi Kar T\u00e1rsadalomtudom\u00e1nyi Tansz\u00e9k\u00e9n, valamint a Dietetikai \u00e9s T\u00e1pl\u00e1lkoz\u00e1studom\u00e1nyi Tansz\u00e9ken meghirdetett f\u0151iskolai tan\u00e1ri \u00e1ll\u00e1shelyekre be\u00e9rkezett p\u00e1ly\u00e1zatok v\u00e9lem\u00e9nyez\u00e9s\u00e9r\u0151l<\/a><\/li>\n<li style=\"text-align: justify\"><a href=\"https:\/\/semmelweis.hu\/jogigfoig\/files\/2017\/04\/52_2017_IV_20_szenatusi_hatarozat.pdf\">52\/2017. (IV. 20.) sz\u00e1m\u00fa hat\u00e1rozat Az \u00c1ltal\u00e1nos Orvostudom\u00e1nyi Karon meghirdetett tudom\u00e1nyos tan\u00e1csad\u00f3i \u00e1ll\u00e1shelyre be\u00e9rkezett p\u00e1ly\u00e1zat v\u00e9lem\u00e9nyez\u00e9s\u00e9r\u0151l<\/a><\/li>\n<li style=\"text-align: justify\"><a href=\"https:\/\/semmelweis.hu\/jogigfoig\/files\/2017\/04\/53_2017_IV_20_szenatusi_hatarozat.pdf\">53\/2017. (IV. 20.) sz\u00e1m\u00fa hat\u00e1rozata az \u00c1ltal\u00e1nos Orvostudom\u00e1nyi Karon meghirdetett egyetemi docensi \u00e1ll\u00e1shelyekre be\u00e9rkezett p\u00e1ly\u00e1zatok v\u00e9lem\u00e9nyez\u00e9s\u00e9r\u0151l<\/a><\/li>\n<li style=\"text-align: justify\"><a href=\"https:\/\/semmelweis.hu\/jogigfoig\/files\/2017\/05\/54_2017_IV_20_szenatusi_hatarozat.pdf\">54\/2017. (IV. 20.) sz\u00e1m\u00fa hat\u00e1rozat Semmelweis Egyetem Kiv\u00e1l\u00f3 Oktat\u00f3ja kit\u00fcntet\u00e9s adom\u00e1nyoz\u00e1s\u00e1r\u00f3l<\/a><\/li>\n<li style=\"text-align: justify\"><a href=\"https:\/\/semmelweis.hu\/jogigfoig\/files\/2017\/04\/N_1_2017_IV_20_szenatusi_hatarozat.pdf\">N-1-IV.20.\/2017. sz\u00e1m\u00fa hat\u00e1rozata \u00faj szavaz\u00f3rendszer haszn\u00e1lat\u00e1nak elfogad\u00e1s\u00e1r\u00f3l<\/a><\/li>\n<li style=\"text-align: justify\"><a href=\"https:\/\/semmelweis.hu\/jogigfoig\/files\/2017\/04\/N_2_2017_IV_20_szenatusi_hatarozat.pdf\">N-2-IV. 20.\/2017. sz\u00e1m\u00fa hat\u00e1rozata a szen\u00e1tusi \u00fcl\u00e9s m\u00f3dos\u00edtott napirendi pontjainak elfogad\u00e1s\u00e1r\u00f3l<\/a><\/li>\n<\/ul>\n","protected":false},"excerpt":{"rendered":"<p><a href=\"https:\/\/semmelweis.hu\/jogigfoig\/files\/2017\/04\/44_IV_20_2017_SE_PAF_integracio.pdf\" target=\"_blank\" rel=\"noopener noreferrer\">44\/2017. (IV.20.) sz\u00e1m\u00fa hat\u00e1rozat a Semmelweis Egyetem \u00e9s a Pet\u0151 Andr\u00e1s F\u0151iskola integr\u00e1ci\u00f3j\u00e1r\u00f3l &#8211; hat\u00e1lyba l\u00e9p\u00e9s 2017.04.22. napja<\/a><br \/>\n<a href=\"https:\/\/semmelweis.hu\/jogigfoig\/files\/2017\/04\/45_IV_20_vezetoi_koltsegvetes.pdf\" target=\"_blank\" rel=\"noopener noreferrer\">45\/2017. (IV.20.) sz\u00e1m\u00fa hat\u00e1rozat a 2017. \u00e9vi vezet\u0151i k\u00f6lts\u00e9gvet\u00e9s elfogad\u00e1s\u00e1r\u00f3l &#8211; hat\u00e1lyba l\u00e9p\u00e9s 2017.04.22. napja<\/a><br \/>\n<a href=\"https:\/\/semmelweis.hu\/jogigfoig\/files\/2017\/04\/46_IV_20_2017_IFT.pdf\" target=\"_blank\" rel=\"noopener noreferrer\">46\/2017. (IV.20.) sz\u00e1m\u00fa hat\u00e1rozat a Semmelweis Egyetem Int\u00e9zm\u00e9nyfejleszt\u00e9si Terv\u00e9nek elfogad\u00e1s\u00e1r\u00f3l &#8211; hat\u00e1lyba l\u00e9p\u00e9s 2017.04.22. napja<\/a><br \/>\n<a href=\"https:\/\/semmelweis.hu\/jogigfoig\/files\/2017\/05\/47_2017_IV_20_szenatusi_hatarozat.pdf\">47\/2017. (IV. 20.) sz\u00e1m\u00fa hat\u00e1rozat Besz\u00e1mol\u00f3 a Semmelweis Egyetem Rektor\u00e1nak el\u0151z\u0151 \u00e9vi vezet\u0151i tev\u00e9kenys\u00e9g\u00e9r\u0151l<\/a><br \/>\n<a href=\"https:\/\/semmelweis.hu\/jogigfoig\/files\/2017\/04\/48_2017_IV_20_szenatusi_hatarozat.pdf\">48\/2017. (IV. 20.) sz\u00e1m\u00fa hat\u00e1rozata a Gy\u00f3gyszer\u00e9sztudom\u00e1nyi Kar Gy\u00f3gyszer\u00e9szi K\u00e9miai Int\u00e9zet igazgat\u00f3i megb\u00edz\u00e1s\u00e1ra be\u00e9rkezett p\u00e1ly\u00e1zat v\u00e9lem\u00e9nyez\u00e9s\u00e9r\u0151l<\/a><br \/>\n<a href=\"https:\/\/semmelweis.hu\/jogigfoig\/files\/2017\/04\/49_2017_IV_20_szenatusi_hatarozat.pdf\">49\/2017. (IV. 20.) sz\u00e1m\u00fa hat\u00e1rozata a Nukle\u00e1ris Medicina K\u00f6zpont igazgat\u00f3i megb\u00edz\u00e1sra be\u00e9rkezett p\u00e1ly\u00e1zat v\u00e9lem\u00e9nyez\u00e9s\u00e9r\u0151l<\/a><br \/>\n<a href=\"https:\/\/semmelweis.hu\/jogigfoig\/files\/2017\/04\/50_2017_IV_20_szenatusi_hatarozat.pdf\">50\/2017. (IV. 20.) sz\u00e1m\u00fa hat\u00e1rozata az Eg\u00e9szs\u00e9gtudom\u00e1nyi Kar \u00c1pol\u00e1stan Tansz\u00e9k\u00e9n, valamint a Dietetikai \u00e9s T\u00e1pl\u00e1lkoz\u00e1studom\u00e1nyi Tansz\u00e9ken meghirdetett f\u0151iskolai docensi \u00e1ll\u00e1shelyekre be\u00e9rkezett p\u00e1ly\u00e1zatok v\u00e9lem\u00e9nyez\u00e9s\u00e9r\u0151l<\/a><br \/>\n<a href=\"https:\/\/semmelweis.hu\/jogigfoig\/files\/2017\/04\/51_2017_IV_20_szenatusi_hatarozat.pdf\">51\/2017. (IV. 20.) sz\u00e1m\u00fa hat\u00e1rozata az Eg\u00e9szs\u00e9gtudom\u00e1nyi Kar T\u00e1rsadalomtudom\u00e1nyi Tansz\u00e9k\u00e9n, valamint a Dietetikai \u00e9s T\u00e1pl\u00e1lkoz\u00e1studom\u00e1nyi Tansz\u00e9ken meghirdetett f\u0151iskolai tan\u00e1ri \u00e1ll\u00e1shelyekre be\u00e9rkezett p\u00e1ly\u00e1zatok v\u00e9lem\u00e9nyez\u00e9s\u00e9r\u0151l<\/a><br \/>\n<a href=\"https:\/\/semmelweis.hu\/jogigfoig\/files\/2017\/04\/52_2017_IV_20_szenatusi_hatarozat.pdf\">52\/2017. (IV. 20.) sz\u00e1m\u00fa hat\u00e1rozat Az \u00c1ltal\u00e1nos Orvostudom\u00e1nyi Karon meghirdetett tudom\u00e1nyos tan\u00e1csad\u00f3i \u00e1ll\u00e1shelyre be\u00e9rkezett p\u00e1ly\u00e1zat v\u00e9lem\u00e9nyez\u00e9s\u00e9r\u0151l<\/a><br \/>\n<a href=\"https:\/\/semmelweis.hu\/jogigfoig\/files\/2017\/04\/53_2017_IV_20_szenatusi_hatarozat.pdf\">53\/2017. (IV. 20.) sz\u00e1m\u00fa hat\u00e1rozata az \u00c1ltal\u00e1nos Orvostudom\u00e1nyi Karon meghirdetett egyetemi docensi \u00e1ll\u00e1shelyekre be\u00e9rkezett p\u00e1ly\u00e1zatok v\u00e9lem\u00e9nyez\u00e9s\u00e9r\u0151l<\/a><br \/>\n<a href=\"https:\/\/semmelweis.hu\/jogigfoig\/files\/2017\/05\/54_2017_IV_20_szenatusi_hatarozat.pdf\">54\/2017. (IV. 20.) sz\u00e1m\u00fa hat\u00e1rozat Semmelweis Egyetem Kiv\u00e1l\u00f3 Oktat\u00f3ja kit\u00fcntet\u00e9s adom\u00e1nyoz\u00e1s\u00e1r\u00f3l<\/a><br \/>\n<a href=\"https:\/\/semmelweis.hu\/jogigfoig\/files\/2017\/04\/N_1_2017_IV_20_szenatusi_hatarozat.pdf\">N-1-IV.20.\/2017. sz\u00e1m\u00fa hat\u00e1rozata \u00faj szavaz\u00f3rendszer haszn\u00e1lat\u00e1nak elfogad\u00e1s\u00e1r\u00f3l<\/a><br \/>\n<a href=\"https:\/\/semmelweis.hu\/jogigfoig\/files\/2017\/04\/N_2_2017_IV_20_szenatusi_hatarozat.pdf\">N-2-IV. 20.\/2017. sz\u00e1m\u00fa hat\u00e1rozata a szen\u00e1tusi \u00fcl\u00e9s m\u00f3dos\u00edtott napirendi pontjainak elfogad\u00e1s\u00e1r\u00f3l<\/a><\/p>\n","protected":false},"author":12,"featured_media":0,"parent":7832,"menu_order":4,"comment_status":"closed","ping_status":"closed","template":"","meta":{"_acf_changed":false,"footnotes":""},"categories":[],"tags":[],"class_list":["post-7591","page","type-page","status-publish","hentry"],"acf":[],"_links":{"self":[{"href":"https:\/\/semmelweis.hu\/jogigfoig\/wp-json\/wp\/v2\/pages\/7591","targetHints":{"allow":["GET"]}}],"collection":[{"href":"https:\/\/semmelweis.hu\/jogigfoig\/wp-json\/wp\/v2\/pages"}],"about":[{"href":"https:\/\/semmelweis.hu\/jogigfoig\/wp-json\/wp\/v2\/types\/page"}],"author":[{"embeddable":true,"href":"https:\/\/semmelweis.hu\/jogigfoig\/wp-json\/wp\/v2\/users\/12"}],"replies":[{"embeddable":true,"href":"https:\/\/semmelweis.hu\/jogigfoig\/wp-json\/wp\/v2\/comments?post=7591"}],"version-history":[{"count":10,"href":"https:\/\/semmelweis.hu\/jogigfoig\/wp-json\/wp\/v2\/pages\/7591\/revisions"}],"predecessor-version":[{"id":8031,"href":"https:\/\/semmelweis.hu\/jogigfoig\/wp-json\/wp\/v2\/pages\/7591\/revisions\/8031"}],"up":[{"embeddable":true,"href":"https:\/\/semmelweis.hu\/jogigfoig\/wp-json\/wp\/v2\/pages\/7832"}],"wp:attachment":[{"href":"https:\/\/semmelweis.hu\/jogigfoig\/wp-json\/wp\/v2\/media?parent=7591"}],"wp:term":[{"taxonomy":"category","embeddable":true,"href":"https:\/\/semmelweis.hu\/jogigfoig\/wp-json\/wp\/v2\/categories?post=7591"},{"taxonomy":"post_tag","embeddable":true,"href":"https:\/\/semmelweis.hu\/jogigfoig\/wp-json\/wp\/v2\/tags?post=7591"}],"curies":[{"name":"wp","href":"https:\/\/api.w.org\/{rel}","templated":true}]}}