{"id":75469,"date":"2020-02-19T14:20:35","date_gmt":"2020-02-19T13:20:35","guid":{"rendered":"http:\/\/semmelweis.hu\/jogigfoig\/?page_id=75469"},"modified":"2022-11-21T14:32:51","modified_gmt":"2022-11-21T13:32:51","slug":"2020-februar-18","status":"publish","type":"page","link":"https:\/\/semmelweis.hu\/jogigfoig\/testuletek\/szenatus\/2020-evi-szenatusi-hatarozatok\/2020-februar-18\/","title":{"rendered":"2020. febru\u00e1r 18."},"content":{"rendered":"<p><a href=\"https:\/\/semmelweis.hu\/jogigfoig\/files\/2020\/02\/24_2020_hat\u00e1rozat-a-szab\u00e1lyoz\u00f3-dokumentumok-k\u00e9sz\u00edt\u00e9s\u00e9nek-rendj\u00e9r\u0151l.pdf\">A Semmelweis Egyetem Szen\u00e1tus\u00e1nak 24\/2020. (II.18.) sz\u00e1m\u00fa hat\u00e1rozata a szab\u00e1lyoz\u00f3 dokumentumok k\u00e9sz\u00edt\u00e9s\u00e9nek rendje c\u00edm\u0171 szab\u00e1lyzat elfogad\u00e1s\u00e1r\u00f3l<\/a><\/p>\n<p><a href=\"https:\/\/semmelweis.hu\/jogigfoig\/files\/2020\/02\/Szab\u00e1lyoz\u00f3-dokumentumok-k\u00e9sz\u00edt\u00e9s\u00e9nek-rendje_mell\u00e9klet.pdf\">A Semmelweis Egyetem Szen\u00e1tus\u00e1nak 24\/2020. (II.18.) sz\u00e1m\u00fa hat\u00e1rozata a szab\u00e1lyoz\u00f3 dokumentumok k\u00e9sz\u00edt\u00e9s\u00e9nek rendje c\u00edm\u0171 szab\u00e1lyzat elfogad\u00e1s\u00e1r\u00f3l &#8211; 1. sz\u00e1m\u00fa mell\u00e9klet\u00a0<\/a><\/p>\n","protected":false},"excerpt":{"rendered":"<p><a href=\"https:\/\/semmelweis.hu\/jogigfoig\/files\/2020\/02\/24_2020_hat\u00e1rozat-a-szab\u00e1lyoz\u00f3-dokumentumok-k\u00e9sz\u00edt\u00e9s\u00e9nek-rendj\u00e9r\u0151l.pdf\">A Semmelweis Egyetem Szen\u00e1tus\u00e1nak 24\/2020. (II.18.) sz\u00e1m\u00fa hat\u00e1rozata a szab\u00e1lyoz\u00f3 dokumentumok k\u00e9sz\u00edt\u00e9s\u00e9nek rendje c\u00edm\u0171 szab\u00e1lyzat elfogad\u00e1s\u00e1r\u00f3l<\/a><br \/>\n<a href=\"https:\/\/semmelweis.hu\/jogigfoig\/files\/2020\/02\/Szab\u00e1lyoz\u00f3-dokumentumok-k\u00e9sz\u00edt\u00e9s\u00e9nek-rendje_mell\u00e9klet.pdf\">A Semmelweis Egyetem Szen\u00e1tus\u00e1nak 24\/2020. (II.18.) sz\u00e1m\u00fa hat\u00e1rozata a szab\u00e1lyoz\u00f3 dokumentumok k\u00e9sz\u00edt\u00e9s\u00e9nek rendje c\u00edm\u0171 szab\u00e1lyzat elfogad\u00e1s\u00e1r\u00f3l &#8211; 1. sz\u00e1m\u00fa mell\u00e9klet\u00a0<\/a><\/p>\n","protected":false},"author":101467,"featured_media":0,"parent":74866,"menu_order":2,"comment_status":"closed","ping_status":"closed","template":"","meta":{"_acf_changed":false,"footnotes":""},"categories":[],"tags":[],"class_list":["post-75469","page","type-page","status-publish","hentry"],"acf":[],"_links":{"self":[{"href":"https:\/\/semmelweis.hu\/jogigfoig\/wp-json\/wp\/v2\/pages\/75469","targetHints":{"allow":["GET"]}}],"collection":[{"href":"https:\/\/semmelweis.hu\/jogigfoig\/wp-json\/wp\/v2\/pages"}],"about":[{"href":"https:\/\/semmelweis.hu\/jogigfoig\/wp-json\/wp\/v2\/types\/page"}],"author":[{"embeddable":true,"href":"https:\/\/semmelweis.hu\/jogigfoig\/wp-json\/wp\/v2\/users\/101467"}],"replies":[{"embeddable":true,"href":"https:\/\/semmelweis.hu\/jogigfoig\/wp-json\/wp\/v2\/comments?post=75469"}],"version-history":[{"count":1,"href":"https:\/\/semmelweis.hu\/jogigfoig\/wp-json\/wp\/v2\/pages\/75469\/revisions"}],"predecessor-version":[{"id":75472,"href":"https:\/\/semmelweis.hu\/jogigfoig\/wp-json\/wp\/v2\/pages\/75469\/revisions\/75472"}],"up":[{"embeddable":true,"href":"https:\/\/semmelweis.hu\/jogigfoig\/wp-json\/wp\/v2\/pages\/74866"}],"wp:attachment":[{"href":"https:\/\/semmelweis.hu\/jogigfoig\/wp-json\/wp\/v2\/media?parent=75469"}],"wp:term":[{"taxonomy":"category","embeddable":true,"href":"https:\/\/semmelweis.hu\/jogigfoig\/wp-json\/wp\/v2\/categories?post=75469"},{"taxonomy":"post_tag","embeddable":true,"href":"https:\/\/semmelweis.hu\/jogigfoig\/wp-json\/wp\/v2\/tags?post=75469"}],"curies":[{"name":"wp","href":"https:\/\/api.w.org\/{rel}","templated":true}]}}