{"id":74577,"date":"2019-11-07T14:52:59","date_gmt":"2019-11-07T13:52:59","guid":{"rendered":"http:\/\/semmelweis.hu\/jogigfoig\/?page_id=74577"},"modified":"2026-01-12T09:26:54","modified_gmt":"2026-01-12T08:26:54","slug":"konyvtarhasznalati-szabalyzat","status":"publish","type":"page","link":"https:\/\/semmelweis.hu\/jogigfoig\/dokumentumtar\/szabalyzattar\/konyvtarhasznalati-szabalyzat\/","title":{"rendered":"K\u00f6nyvt\u00e1rhaszn\u00e1lati szab\u00e1lyzat"},"content":{"rendered":"<p style=\"text-align: justify\"><strong>A szab\u00e1lyzat aktu\u00e1lis v\u00e1ltozata:<\/strong> <a href=\"https:\/\/semmelweis.hu\/jogigfoig\/files\/2025\/01\/Konyvtarhasznalati_szabalyzat_hataly_2025_01_01.pdf\">K\u00f6nyvt\u00e1rhaszn\u00e1lati szab\u00e1lyzat\u00a0<\/a><\/p>\n<hr \/>\n<p style=\"text-align: justify\"><a href=\"https:\/\/semmelweis.hu\/jogigfoig\/files\/2025\/08\/SE_Kozponti_Konyvtar_konyvtarhasznalati_rend_alairasra20250825.pdf\">K\u00f6zponti K\u00f6nyvt\u00e1r K\u00f6nyvt\u00e1rhaszn\u00e1lati rendje<\/a><\/p>\n<ul style=\"text-align: justify\">\n<li><strong>English version:<\/strong> <a href=\"https:\/\/semmelweis.hu\/jogigfoig\/files\/2025\/12\/SE_Kozponti_Konyvtar_konyvtarhasznalati_rend_hataly_20250825_ENG.pdf\">The Semmelweis University Central Library Library use policy<\/a><\/li>\n<li>Deutsche Version:<br \/>\n<hr \/>\n<\/li>\n<\/ul>\n<p style=\"text-align: justify\"><a href=\"https:\/\/semmelweis.hu\/jogigfoig\/files\/2025\/08\/SE_KK_EOK_konyvtarhasznalati_rend_alairasra20250825.pdf\">K\u00f6zponti K\u00f6nyvt\u00e1r Elm\u00e9leti Orvostudom\u00e1nyi K\u00f6zpontban m\u0171k\u00f6d\u0151 fi\u00f3kk\u00f6nyvt\u00e1r\u00e1nak K\u00f6nyvt\u00e1rhaszn\u00e1lati rendje<\/a><\/p>\n<ul style=\"text-align: justify\">\n<li><strong>English version:<\/strong> <a href=\"https:\/\/semmelweis.hu\/jogigfoig\/files\/2025\/12\/SE_KK_EOK_konyvtarhasznalati_rend_hataly_20250825_ENG.pdf\">Library Use Policy of the Branch Library of the Semmelweis University Central Library of the Centre for Theoretical Medicine<\/a><\/li>\n<li>Deutsche Version:<br \/>\n<hr \/>\n<\/li>\n<\/ul>\n<p style=\"text-align: justify\"><a href=\"https:\/\/semmelweis.hu\/jogigfoig\/files\/2025\/08\/ETK_konyvtarhasznalati_rend_alairasra20250825.pdf\">Eg\u00e9szs\u00e9gtudom\u00e1nyi Kar K\u00f6nyvt\u00e1r\u00e1nak K\u00f6nyvt\u00e1rhaszn\u00e1lati rendje<\/a><\/p>\n<ul style=\"text-align: justify\">\n<li><strong>English version:<\/strong> <a href=\"https:\/\/semmelweis.hu\/jogigfoig\/files\/2026\/01\/ETK_konyvtarhasznalati_rend_hataly_20250825_ENG.pdf\">Library Use Policy of the Branch Library of the Faculty of Health Sciences of Library use policy<\/a><\/li>\n<li>Deutsche Version:\u00a0<\/li>\n<\/ul>\n<hr \/>\n<p style=\"text-align: justify\"><a href=\"https:\/\/semmelweis.hu\/jogigfoig\/files\/2023\/12\/PAK_konyvtarhasznalati_rend_20231130_final_alairt.pdf\">Pet\u0151 Andr\u00e1s Kar H\u00e1ri M\u00e1ria Kari K\u00f6nyvt\u00e1r \u00e9s Forr\u00e1sk\u00f6zpont K\u00f6nyvt\u00e1rhaszn\u00e1lati Rendje<\/a><\/p>\n<ul style=\"text-align: justify\">\n<li><strong>English version:<\/strong> <a href=\"https:\/\/semmelweis.hu\/jogigfoig\/files\/2024\/02\/PAK_Konytarhasznalati_rend_2023.12.06._eng-US.pdf\">Semmelweis University Pet\u0151 Andr\u00e1s Faculty H\u00e1ri M\u00e1ria Faculty Library and Resource Centre Library Use Policy<\/a><\/li>\n<li><strong>Deutsche Version:<\/strong> <a href=\"https:\/\/semmelweis.hu\/jogigfoig\/files\/2024\/02\/PAK_Konytarhasznalati_rend_2023.12.06._DE.pdf\">Semmelweis Universit\u00e4t Pet\u0151 Andr\u00e1s Fakult\u00e4t H\u00e1ri M\u00e1ria Fakult\u00e4t Bibliothek und Ressourcenzentrum Benutzungsordnung der Bibliothek<\/a><\/li>\n<\/ul>\n<hr \/>\n<p style=\"text-align: justify\"><strong>Elfogad\u00e1s\u00e1r\u00f3l rendelkez\u0151 hat\u00e1rozat:<\/strong>\u00a0<a href=\"https:\/\/semmelweis.hu\/jogigfoig\/files\/2022\/05\/33_2022_Szabalyzatok-Konyve-I.utem_.pdf\">33\/2022. (V.13.)<\/a><br \/>\n<strong>Hat\u00e1rozat t\u00edpusa:<\/strong>\u00a0Szen\u00e1tusi<br \/>\n<strong>Hat\u00e1ly: <\/strong>2025.I.01.<\/p>\n<p style=\"text-align: justify\">\u00a0<\/p>\n","protected":false},"excerpt":{"rendered":"<p>A szab\u00e1lyzat aktu\u00e1lis v\u00e1ltozata: <a href=\"https:\/\/semmelweis.hu\/jogigfoig\/files\/2025\/01\/Konyvtarhasznalati_szabalyzat_hataly_2025_01_01.pdf\">K\u00f6nyvt\u00e1rhaszn\u00e1lati szab\u00e1lyzat\u00a0<\/a><\/p>\n<p><a href=\"https:\/\/semmelweis.hu\/jogigfoig\/files\/2025\/08\/SE_Kozponti_Konyvtar_konyvtarhasznalati_rend_alairasra20250825.pdf\">K\u00f6zponti K\u00f6nyvt\u00e1r K\u00f6nyvt\u00e1rhaszn\u00e1lati rendje<\/a><\/p>\n<p>English version: <a href=\"https:\/\/semmelweis.hu\/jogigfoig\/files\/2025\/12\/SE_Kozponti_Konyvtar_konyvtarhasznalati_rend_hataly_20250825_ENG.pdf\">The Semmelweis University Central Library Library use policy<\/a><br \/>\nDeutsche Version:<\/p>\n<p><a href=\"https:\/\/semmelweis.hu\/jogigfoig\/files\/2025\/08\/SE_KK_EOK_konyvtarhasznalati_rend_alairasra20250825.pdf\">K\u00f6zponti K\u00f6nyvt\u00e1r Elm\u00e9leti Orvostudom\u00e1nyi K\u00f6zpontban m\u0171k\u00f6d\u0151 fi\u00f3kk\u00f6nyvt\u00e1r\u00e1nak K\u00f6nyvt\u00e1rhaszn\u00e1lati rendje<\/a><\/p>\n<p>English version: <a href=\"https:\/\/semmelweis.hu\/jogigfoig\/files\/2025\/12\/SE_KK_EOK_konyvtarhasznalati_rend_hataly_20250825_ENG.pdf\">Library Use Policy of the Branch Library of the Semmelweis University Central Library of the Centre for Theoretical Medicine<\/a><br \/>\nDeutsche Version:<\/p>\n<p><a href=\"https:\/\/semmelweis.hu\/jogigfoig\/files\/2025\/08\/ETK_konyvtarhasznalati_rend_alairasra20250825.pdf\">Eg\u00e9szs\u00e9gtudom\u00e1nyi Kar K\u00f6nyvt\u00e1r\u00e1nak K\u00f6nyvt\u00e1rhaszn\u00e1lati rendje<\/a><\/p>\n<p>English version: <a href=\"https:\/\/semmelweis.hu\/jogigfoig\/files\/2026\/01\/ETK_konyvtarhasznalati_rend_hataly_20250825_ENG.pdf\">Library Use Policy of the Branch Library of the Faculty of Health Sciences of Library use policy<\/a><br \/>\nDeutsche Version:\u00a0<\/p>\n<p><a href=\"https:\/\/semmelweis.hu\/jogigfoig\/files\/2023\/12\/PAK_konyvtarhasznalati_rend_20231130_final_alairt.pdf\">Pet\u0151 Andr\u00e1s Kar H\u00e1ri M\u00e1ria Kari K\u00f6nyvt\u00e1r \u00e9s Forr\u00e1sk\u00f6zpont K\u00f6nyvt\u00e1rhaszn\u00e1lati Rendje<\/a><\/p>\n<p>English version: <a href=\"https:\/\/semmelweis.hu\/jogigfoig\/files\/2024\/02\/PAK_Konytarhasznalati_rend_2023.12.06._eng-US.pdf\">Semmelweis University Pet\u0151 Andr\u00e1s Faculty H\u00e1ri M\u00e1ria Faculty Library and Resource Centre Library Use Policy<\/a><br \/>\nDeutsche Version: <a href=\"https:\/\/semmelweis.hu\/jogigfoig\/files\/2024\/02\/PAK_Konytarhasznalati_rend_2023.12.06._DE.pdf\">Semmelweis Universit\u00e4t Pet\u0151 Andr\u00e1s Fakult\u00e4t H\u00e1ri M\u00e1ria Fakult\u00e4t Bibliothek und Ressourcenzentrum Benutzungsordnung der Bibliothek<\/a><\/p>\n<p>Elfogad\u00e1s\u00e1r\u00f3l rendelkez\u0151 hat\u00e1rozat:\u00a0<a href=\"https:\/\/semmelweis.hu\/jogigfoig\/files\/2022\/05\/33_2022_Szabalyzatok-Konyve-I.utem_.pdf\">33\/2022. (V.13.)<\/a><br \/>\nHat\u00e1rozat t\u00edpusa:\u00a0Szen\u00e1tusi<br \/>\nHat\u00e1ly: 2025.I.01.<br \/>\n\u00a0<\/p>\n","protected":false},"author":101467,"featured_media":0,"parent":41,"menu_order":0,"comment_status":"closed","ping_status":"closed","template":"","meta":{"_acf_changed":false,"footnotes":""},"categories":[],"tags":[],"class_list":["post-74577","page","type-page","status-publish","hentry"],"acf":[],"_links":{"self":[{"href":"https:\/\/semmelweis.hu\/jogigfoig\/wp-json\/wp\/v2\/pages\/74577","targetHints":{"allow":["GET"]}}],"collection":[{"href":"https:\/\/semmelweis.hu\/jogigfoig\/wp-json\/wp\/v2\/pages"}],"about":[{"href":"https:\/\/semmelweis.hu\/jogigfoig\/wp-json\/wp\/v2\/types\/page"}],"author":[{"embeddable":true,"href":"https:\/\/semmelweis.hu\/jogigfoig\/wp-json\/wp\/v2\/users\/101467"}],"replies":[{"embeddable":true,"href":"https:\/\/semmelweis.hu\/jogigfoig\/wp-json\/wp\/v2\/comments?post=74577"}],"version-history":[{"count":10,"href":"https:\/\/semmelweis.hu\/jogigfoig\/wp-json\/wp\/v2\/pages\/74577\/revisions"}],"predecessor-version":[{"id":103889,"href":"https:\/\/semmelweis.hu\/jogigfoig\/wp-json\/wp\/v2\/pages\/74577\/revisions\/103889"}],"up":[{"embeddable":true,"href":"https:\/\/semmelweis.hu\/jogigfoig\/wp-json\/wp\/v2\/pages\/41"}],"wp:attachment":[{"href":"https:\/\/semmelweis.hu\/jogigfoig\/wp-json\/wp\/v2\/media?parent=74577"}],"wp:term":[{"taxonomy":"category","embeddable":true,"href":"https:\/\/semmelweis.hu\/jogigfoig\/wp-json\/wp\/v2\/categories?post=74577"},{"taxonomy":"post_tag","embeddable":true,"href":"https:\/\/semmelweis.hu\/jogigfoig\/wp-json\/wp\/v2\/tags?post=74577"}],"curies":[{"name":"wp","href":"https:\/\/api.w.org\/{rel}","templated":true}]}}