{"id":7446,"date":"2017-03-30T17:08:35","date_gmt":"2017-03-30T15:08:35","guid":{"rendered":"http:\/\/semmelweis.hu\/jogigfoig\/?page_id=7446"},"modified":"2024-06-26T15:21:35","modified_gmt":"2024-06-26T13:21:35","slug":"170329-2","status":"publish","type":"page","link":"https:\/\/semmelweis.hu\/jogigfoig\/testuletek\/szenatus\/2017-evi-szenatusi-hatarozatok\/170329-2\/","title":{"rendered":"2017. m\u00e1rcius 29."},"content":{"rendered":"<ul>\n<li style=\"text-align: justify\"><a href=\"https:\/\/semmelweis.hu\/jogigfoig\/files\/2017\/05\/27_2017_III_29_2016_evi_beszamolo_elfog.pdf\" target=\"_blank\" rel=\"noopener noreferrer\">27\/2017. (III. 29.) sz\u00e1m\u00fa hat\u00e1rozata a Semmelweis Egyetem 2016. \u00e9vi gazd\u00e1lkod\u00e1s\u00e1r\u00f3l sz\u00f3l\u00f3 besz\u00e1mol\u00f3 elfogad\u00e1s\u00e1r\u00f3l<\/a><\/li>\n<li style=\"text-align: justify\"><a href=\"https:\/\/semmelweis.hu\/jogigfoig\/files\/2017\/05\/28_III_29_2017_vagyongazdalkodasi_terv.pdf\" target=\"_blank\" rel=\"noopener noreferrer\">28\/2017. (III. 29.) sz\u00e1m\u00fa hat\u00e1rozata a Semmelweis Egyetem 2017. \u00e9vi Vagyongazd\u00e1lkod\u00e1si terv tervezete c\u00edm\u0171 el\u0151terjeszt\u00e9s elfogad\u00e1s\u00e1r\u00f3l<\/a><\/li>\n<li style=\"text-align: justify\"><a href=\"https:\/\/semmelweis.hu\/jogigfoig\/files\/2017\/05\/29_2017_III_29_SZMSZ_organogram.pdf\" target=\"_blank\" rel=\"noopener noreferrer\">29\/2017. (III. 29.) sz\u00e1m\u00fa hat\u00e1rozata a Szervezeti \u00e9s M\u0171k\u00f6d\u00e9si Szab\u00e1lyzat 1. sz. mell\u00e9klet \u2013 organogram &#8211; elfogad\u00e1s\u00e1r\u00f3l<\/a><\/li>\n<li style=\"text-align: justify\"><a href=\"https:\/\/semmelweis.hu\/jogigfoig\/files\/2018\/02\/30_2017_III_29_szenatusi_hatarozat.pdf\">30\/2017. (III.29.) sz\u00e1m\u00fa hat\u00e1rozata, a Semmelweis Egyetem Szervezeti \u00e9s M\u0171k\u00f6d\u00e9si Szab\u00e1lyzat III. r\u00e9sz Hallgat\u00f3i k\u00f6vetelm\u00e9nyrendszer III. fejezet az Egyetem Kreditrendszer\u0171 Tanulm\u00e1nyi \u00e9s Vizsgaszab\u00e1lyzat\u00e1r\u00f3l (a hallgat\u00f3i tanulm\u00e1nyi rend \u00e9s az ismeretek, k\u00e9szs\u00e9gek, \u00e9s k\u00e9pess\u00e9gek elsaj\u00e1t\u00edt\u00e1s\u00e1nak, megszerz\u00e9s\u00e9nek, ellen\u0151rz\u00e9s\u00e9nek rendje) III\/I. az \u00c1ltal\u00e1nos Orvostudom\u00e1nyi Kar, a Fogorvostudom\u00e1nyi Kar, \u00e9s a Gy\u00f3gyszer\u00e9sztudom\u00e1nyi Kar Kreditrendszer\u0171 Tanulm\u00e1nyi \u00e9s Vizsgaszab\u00e1lyzat\u00e1nak egyes rendelkez\u00e9seinek m\u00f3dos\u00edt\u00e1s\u00e1r\u00f3l<\/a><\/li>\n<li style=\"text-align: justify\"><a href=\"https:\/\/semmelweis.hu\/jogigfoig\/files\/2017\/05\/31_2017_III_29_KKKI_tud_tanacsado_megbizas.pdf\" target=\"_blank\" rel=\"noopener noreferrer\">31\/2017. (III. 29.) sz\u00e1m\u00fa hat\u00e1rozata a Klinikai K\u00eds\u00e9rleti Kutat\u00f3 Int\u00e9zetben meghirdetett tudom\u00e1nyos tan\u00e1csad\u00f3i \u00e1ll\u00e1shelyekre be\u00e9rkezett p\u00e1ly\u00e1zatok v\u00e9lem\u00e9nyez\u00e9s\u00e9r\u0151l<\/a><\/li>\n<li style=\"text-align: justify\"><a href=\"https:\/\/semmelweis.hu\/jogigfoig\/files\/2017\/05\/32_2017_III_29_ETK_Morf_Fiziol_Tanszek_foisk_docens_megbizas.pdf\" target=\"_blank\" rel=\"noopener noreferrer\">32\/2017. (III. 29.) sz\u00e1m\u00fa hat\u00e1rozata az Eg\u00e9szs\u00e9gtudom\u00e1nyi Kar Morfol\u00f3giai \u00e9s Fiziol\u00f3giai Tansz\u00e9k\u00e9n meghirdetett soron k\u00edv\u00fcli f\u0151iskolai docensi \u00e1ll\u00e1shelyre be\u00e9rkezett p\u00e1ly\u00e1zat v\u00e9lem\u00e9nyez\u00e9s\u00e9r\u0151l<\/a><\/li>\n<li style=\"text-align: justify\"><a href=\"https:\/\/semmelweis.hu\/jogigfoig\/files\/2017\/05\/33_2017_III_29_arany_pecsetgyuru.pdf\" target=\"_blank\" rel=\"noopener noreferrer\">33\/2017. (III. 29.) sz\u00e1m\u00fa hat\u00e1rozata az Egyetem c\u00edmer\u00e9vel d\u00edsz\u00edtett arany pecs\u00e9tgy\u0171r\u0171 adom\u00e1nyoz\u00e1s\u00e1r\u00f3l<\/a><\/li>\n<li style=\"text-align: justify\"><a href=\"https:\/\/semmelweis.hu\/jogigfoig\/files\/2017\/05\/34_2017_III_29_ProUniv_dij.pdf\" target=\"_blank\" rel=\"noopener noreferrer\">34\/2017. (III. 29.) sz\u00e1m\u00fa hat\u00e1rozata Pro Universitate d\u00edj adom\u00e1nyoz\u00e1s\u00e1r\u00f3l<\/a><\/li>\n<li style=\"text-align: justify\"><a href=\"https:\/\/semmelweis.hu\/jogigfoig\/files\/2017\/05\/35_2017_III_29_Kivalo_Oktato.pdf\" target=\"_blank\" rel=\"noopener noreferrer\">35\/2017. (III. 29.) sz\u00e1m\u00fa hat\u00e1rozata a Semmelweis Egyetem Kiv\u00e1l\u00f3 Oktat\u00f3ja kit\u00fcntet\u00e9s adom\u00e1nyoz\u00e1s\u00e1r\u00f3l<\/a><\/li>\n<li style=\"text-align: justify\"><a href=\"https:\/\/semmelweis.hu\/jogigfoig\/files\/2017\/05\/36_2017_III_29_KHT_igazg_megbizas.pdf\" target=\"_blank\" rel=\"noopener noreferrer\">36\/2017. (III. 29.) sz\u00e1m\u00fa hat\u00e1rozata a K\u00fclf\u00f6ldi Hallgat\u00f3k Titk\u00e1rs\u00e1g\u00e1nak igazgat\u00f3i megb\u00edz\u00e1s\u00e1ra be\u00e9rkezett p\u00e1ly\u00e1zat v\u00e9lem\u00e9nyez\u00e9s\u00e9r\u0151l<\/a><\/li>\n<li style=\"text-align: justify\"><a href=\"https:\/\/semmelweis.hu\/jogigfoig\/files\/2017\/05\/37_2017_III_29_FOK_Gyermekfogaszati_Kl_igazg_megbizas.pdf\" target=\"_blank\" rel=\"noopener noreferrer\">37\/2017. (III. 29.) sz\u00e1m\u00fa hat\u00e1rozata a Fogorvostudom\u00e1nyi Kar Gyermekfog\u00e1szati \u00e9s Fogszab\u00e1lyoz\u00e1si Klinika igazgat\u00f3i megb\u00edz\u00e1s\u00e1ra be\u00e9rkezett p\u00e1ly\u00e1zat v\u00e9lem\u00e9nyez\u00e9s\u00e9r\u0151l<\/a><\/li>\n<li style=\"text-align: justify\"><a href=\"https:\/\/semmelweis.hu\/jogigfoig\/files\/2017\/05\/38_2017_III_29_FOK_bizotts_szemelyi_osszetetel.pdf\" target=\"_blank\" rel=\"noopener noreferrer\">38\/2017. (III. 29.) sz\u00e1m\u00fa hat\u00e1rozata a Semmelweis Egyetem Fogorvostudom\u00e1nyi Kari Bizotts\u00e1gok (Szoci\u00e1lis \u00e9s Es\u00e9lyegyenl\u0151s\u00e9gi Bizotts\u00e1g, Etikai \u00e9s Fegyelmi Bizotts\u00e1g) szem\u00e9lyi \u00f6sszet\u00e9tele v\u00e1ltoz\u00e1s\u00e1nak elfogad\u00e1s\u00e1r\u00f3l<\/a><\/li>\n<li style=\"text-align: justify\"><a href=\"https:\/\/semmelweis.hu\/jogigfoig\/files\/2017\/05\/39_2017_III_29_ETK_bizottsagok_osszetetel.pdf\" target=\"_blank\" rel=\"noopener noreferrer\">39\/2017. (III. 29.) sz\u00e1m\u00fa hat\u00e1rozata az Eg\u00e9szs\u00e9gtudom\u00e1nyi Karon m\u0171k\u00f6d\u0151 bizotts\u00e1gok \u00f6sszet\u00e9tel\u00e9nek m\u00f3dos\u00edt\u00e1s\u00e1r\u00f3l<\/a><\/li>\n<li style=\"text-align: justify\"><a href=\"https:\/\/semmelweis.hu\/jogigfoig\/files\/2017\/05\/40_2017_III_29_XXII_ker_szantok.pdf\" target=\"_blank\" rel=\"noopener noreferrer\">40\/2017. (III.29.) sz\u00e1m\u00fa hat\u00e1rozata a Javaslat a Budapest XXII. ker\u00fclet 0239171 helyrajzi sz\u00e1m\u00fa, \u00e9s a Budapest XXII. ker\u00fclet 0239170 helyrajzi sz\u00e1m\u00fa, sz\u00e1nt\u00f3 m\u0171vel\u00e9si \u00e1g\u00fa, term\u0151f\u00f6ld ingatlanok \u00e9rt\u00e9kes\u00edt\u00e9s\u00e9re c\u00edm\u0171 el\u0151terjeszt\u00e9sr\u0151l<\/a><\/li>\n<li style=\"text-align: justify\"><a href=\"https:\/\/semmelweis.hu\/jogigfoig\/files\/2017\/05\/41_2017_III_29_felveteli_szabalyzat.pdf\" target=\"_blank\" rel=\"noopener noreferrer\">41\/2017. (III.29.) sz\u00e1m\u00fa hat\u00e1rozata a felv\u00e9teli elj\u00e1r\u00e1sr\u00f3l sz\u00f3l\u00f3 szab\u00e1lyzat elfogad\u00e1s\u00e1r\u00f3l<\/a><\/li>\n<li style=\"text-align: justify\"><a href=\"https:\/\/semmelweis.hu\/jogigfoig\/files\/2017\/05\/42_2017_III_29_EKK_MHI_csaladterapias_MSC_mintatanterv.pdf\" target=\"_blank\" rel=\"noopener noreferrer\">42\/2017. (III. 29.) sz\u00e1m\u00fa hat\u00e1rozata az Eg\u00e9szs\u00e9g\u00fcgyi K\u00f6zszolg\u00e1lati Kar Ment\u00e1lhigi\u00e9n\u00e9 Int\u00e9zet ment\u00e1lhigi\u00e9n\u00e9s csal\u00e1dtudom\u00e1nyi \u00e9s csal\u00e1dter\u00e1pi\u00e1s mesterk\u00e9pz\u00e9si szak mintatanterve m\u00f3dos\u00edt\u00e1s\u00e1r\u00f3l<\/a><\/li>\n<li style=\"text-align: justify\"><a href=\"https:\/\/semmelweis.hu\/jogigfoig\/files\/2017\/05\/43_2017_III_29_12_sz_hat_-mod.pdf\" target=\"_blank\" rel=\"noopener noreferrer\">43\/2017. (III. 29.) sz\u00e1m\u00fa hat\u00e1rozata a Szen\u00e1tus 2017. febru\u00e1r 23-i \u00fcl\u00e9s\u00e9n hozott 12\/2017. (II. 23.) sz\u00e1m\u00fa szen\u00e1tusi hat\u00e1rozat m\u00f3dos\u00edt\u00e1s\u00e1r\u00f3l<\/a><\/li>\n<li style=\"text-align: justify\"><a href=\"https:\/\/semmelweis.hu\/jogigfoig\/files\/2017\/05\/N_1_III_29_2017_szamu_szavazorendszer_osszesiteseinek_elfogadasarol.pdf\" target=\"_blank\" rel=\"noopener noreferrer\">N-1-III. 29.\/2017. sz\u00e1m\u00fa hat\u00e1rozata \u00faj szavaz\u00f3rendszer haszn\u00e1lat\u00e1nak elfogad\u00e1s\u00e1r\u00f3l<\/a><\/li>\n<li style=\"text-align: justify\"><a href=\"https:\/\/semmelweis.hu\/jogigfoig\/files\/2017\/05\/N_2_III_29_2017_szamu_hatarozat_a_szenatusi_ules_modositott_napirendi_pontjainak_elfogadasarol.pdf\" target=\"_blank\" rel=\"noopener noreferrer\">N-2-III. 29.\/2017. sz\u00e1m\u00fa hat\u00e1rozata a szen\u00e1tusi \u00fcl\u00e9s napirendi pontjainak elfogad\u00e1s\u00e1r\u00f3l<\/a><\/li>\n<\/ul>\n","protected":false},"excerpt":{"rendered":"<p><a href=\"https:\/\/semmelweis.hu\/jogigfoig\/files\/2017\/05\/27_2017_III_29_2016_evi_beszamolo_elfog.pdf\" target=\"_blank\" rel=\"noopener noreferrer\">27\/2017. (III. 29.) sz\u00e1m\u00fa hat\u00e1rozata a Semmelweis Egyetem 2016. \u00e9vi gazd\u00e1lkod\u00e1s\u00e1r\u00f3l sz\u00f3l\u00f3 besz\u00e1mol\u00f3 elfogad\u00e1s\u00e1r\u00f3l<\/a><br \/>\n<a href=\"https:\/\/semmelweis.hu\/jogigfoig\/files\/2017\/05\/28_III_29_2017_vagyongazdalkodasi_terv.pdf\" target=\"_blank\" rel=\"noopener noreferrer\">28\/2017. (III. 29.) sz\u00e1m\u00fa hat\u00e1rozata a Semmelweis Egyetem 2017. \u00e9vi Vagyongazd\u00e1lkod\u00e1si terv tervezete c\u00edm\u0171 el\u0151terjeszt\u00e9s elfogad\u00e1s\u00e1r\u00f3l<\/a><br \/>\n<a href=\"https:\/\/semmelweis.hu\/jogigfoig\/files\/2017\/05\/29_2017_III_29_SZMSZ_organogram.pdf\" target=\"_blank\" rel=\"noopener noreferrer\">29\/2017. (III. 29.) sz\u00e1m\u00fa hat\u00e1rozata a Szervezeti \u00e9s M\u0171k\u00f6d\u00e9si Szab\u00e1lyzat 1. sz. mell\u00e9klet \u2013 organogram &#8211; elfogad\u00e1s\u00e1r\u00f3l<\/a><br \/>\n<a href=\"https:\/\/semmelweis.hu\/jogigfoig\/files\/2018\/02\/30_2017_III_29_szenatusi_hatarozat.pdf\">30\/2017. (III.29.) sz\u00e1m\u00fa hat\u00e1rozata, a Semmelweis Egyetem Szervezeti \u00e9s M\u0171k\u00f6d\u00e9si Szab\u00e1lyzat III. r\u00e9sz Hallgat\u00f3i k\u00f6vetelm\u00e9nyrendszer III. fejezet az Egyetem Kreditrendszer\u0171 Tanulm\u00e1nyi \u00e9s Vizsgaszab\u00e1lyzat\u00e1r\u00f3l (a hallgat\u00f3i tanulm\u00e1nyi rend \u00e9s az ismeretek, k\u00e9szs\u00e9gek, \u00e9s k\u00e9pess\u00e9gek elsaj\u00e1t\u00edt\u00e1s\u00e1nak, megszerz\u00e9s\u00e9nek, ellen\u0151rz\u00e9s\u00e9nek rendje) III\/I. az \u00c1ltal\u00e1nos Orvostudom\u00e1nyi Kar, a Fogorvostudom\u00e1nyi Kar, \u00e9s a Gy\u00f3gyszer\u00e9sztudom\u00e1nyi Kar Kreditrendszer\u0171 Tanulm\u00e1nyi \u00e9s Vizsgaszab\u00e1lyzat\u00e1nak egyes rendelkez\u00e9seinek m\u00f3dos\u00edt\u00e1s\u00e1r\u00f3l<\/a><br \/>\n<a href=\"https:\/\/semmelweis.hu\/jogigfoig\/files\/2017\/05\/31_2017_III_29_KKKI_tud_tanacsado_megbizas.pdf\" target=\"_blank\" rel=\"noopener noreferrer\">31\/2017. (III. 29.) sz\u00e1m\u00fa hat\u00e1rozata a Klinikai K\u00eds\u00e9rleti Kutat\u00f3 Int\u00e9zetben meghirdetett tudom\u00e1nyos tan\u00e1csad\u00f3i \u00e1ll\u00e1shelyekre be\u00e9rkezett p\u00e1ly\u00e1zatok v\u00e9lem\u00e9nyez\u00e9s\u00e9r\u0151l<\/a><br \/>\n<a href=\"https:\/\/semmelweis.hu\/jogigfoig\/files\/2017\/05\/32_2017_III_29_ETK_Morf_Fiziol_Tanszek_foisk_docens_megbizas.pdf\" target=\"_blank\" rel=\"noopener noreferrer\">32\/2017. (III. 29.) sz\u00e1m\u00fa hat\u00e1rozata az Eg\u00e9szs\u00e9gtudom\u00e1nyi Kar Morfol\u00f3giai \u00e9s Fiziol\u00f3giai Tansz\u00e9k\u00e9n meghirdetett soron k\u00edv\u00fcli f\u0151iskolai docensi \u00e1ll\u00e1shelyre be\u00e9rkezett p\u00e1ly\u00e1zat v\u00e9lem\u00e9nyez\u00e9s\u00e9r\u0151l<\/a><br \/>\n<a href=\"https:\/\/semmelweis.hu\/jogigfoig\/files\/2017\/05\/33_2017_III_29_arany_pecsetgyuru.pdf\" target=\"_blank\" rel=\"noopener noreferrer\">33\/2017. (III. 29.) sz\u00e1m\u00fa hat\u00e1rozata az Egyetem c\u00edmer\u00e9vel d\u00edsz\u00edtett arany pecs\u00e9tgy\u0171r\u0171 adom\u00e1nyoz\u00e1s\u00e1r\u00f3l<\/a><br \/>\n<a href=\"https:\/\/semmelweis.hu\/jogigfoig\/files\/2017\/05\/34_2017_III_29_ProUniv_dij.pdf\" target=\"_blank\" rel=\"noopener noreferrer\">34\/2017. (III. 29.) sz\u00e1m\u00fa hat\u00e1rozata Pro Universitate d\u00edj adom\u00e1nyoz\u00e1s\u00e1r\u00f3l<\/a><br \/>\n<a href=\"https:\/\/semmelweis.hu\/jogigfoig\/files\/2017\/05\/35_2017_III_29_Kivalo_Oktato.pdf\" target=\"_blank\" rel=\"noopener noreferrer\">35\/2017. (III. 29.) sz\u00e1m\u00fa hat\u00e1rozata a Semmelweis Egyetem Kiv\u00e1l\u00f3 Oktat\u00f3ja kit\u00fcntet\u00e9s adom\u00e1nyoz\u00e1s\u00e1r\u00f3l<\/a><br \/>\n<a href=\"https:\/\/semmelweis.hu\/jogigfoig\/files\/2017\/05\/36_2017_III_29_KHT_igazg_megbizas.pdf\" target=\"_blank\" rel=\"noopener noreferrer\">36\/2017. (III. 29.) sz\u00e1m\u00fa hat\u00e1rozata a K\u00fclf\u00f6ldi Hallgat\u00f3k Titk\u00e1rs\u00e1g\u00e1nak igazgat\u00f3i megb\u00edz\u00e1s\u00e1ra be\u00e9rkezett p\u00e1ly\u00e1zat v\u00e9lem\u00e9nyez\u00e9s\u00e9r\u0151l<\/a><br \/>\n<a href=\"https:\/\/semmelweis.hu\/jogigfoig\/files\/2017\/05\/37_2017_III_29_FOK_Gyermekfogaszati_Kl_igazg_megbizas.pdf\" target=\"_blank\" rel=\"noopener noreferrer\">37\/2017. (III. 29.) sz\u00e1m\u00fa hat\u00e1rozata a Fogorvostudom\u00e1nyi Kar Gyermekfog\u00e1szati \u00e9s Fogszab\u00e1lyoz\u00e1si Klinika igazgat\u00f3i megb\u00edz\u00e1s\u00e1ra be\u00e9rkezett p\u00e1ly\u00e1zat v\u00e9lem\u00e9nyez\u00e9s\u00e9r\u0151l<\/a><br \/>\n<a href=\"https:\/\/semmelweis.hu\/jogigfoig\/files\/2017\/05\/38_2017_III_29_FOK_bizotts_szemelyi_osszetetel.pdf\" target=\"_blank\" rel=\"noopener noreferrer\">38\/2017. (III. 29.) sz\u00e1m\u00fa hat\u00e1rozata a Semmelweis Egyetem Fogorvostudom\u00e1nyi Kari Bizotts\u00e1gok (Szoci\u00e1lis \u00e9s Es\u00e9lyegyenl\u0151s\u00e9gi Bizotts\u00e1g, Etikai \u00e9s Fegyelmi Bizotts\u00e1g) szem\u00e9lyi \u00f6sszet\u00e9tele v\u00e1ltoz\u00e1s\u00e1nak elfogad\u00e1s\u00e1r\u00f3l<\/a><br \/>\n<a href=\"https:\/\/semmelweis.hu\/jogigfoig\/files\/2017\/05\/39_2017_III_29_ETK_bizottsagok_osszetetel.pdf\" target=\"_blank\" rel=\"noopener noreferrer\">39\/2017. (III. 29.) sz\u00e1m\u00fa hat\u00e1rozata az Eg\u00e9szs\u00e9gtudom\u00e1nyi Karon m\u0171k\u00f6d\u0151 bizotts\u00e1gok \u00f6sszet\u00e9tel\u00e9nek m\u00f3dos\u00edt\u00e1s\u00e1r\u00f3l<\/a><br \/>\n<a href=\"https:\/\/semmelweis.hu\/jogigfoig\/files\/2017\/05\/40_2017_III_29_XXII_ker_szantok.pdf\" target=\"_blank\" rel=\"noopener noreferrer\">40\/2017. (III.29.) sz\u00e1m\u00fa hat\u00e1rozata a Javaslat a Budapest XXII. ker\u00fclet 0239171 helyrajzi sz\u00e1m\u00fa, \u00e9s a Budapest XXII. ker\u00fclet 0239170 helyrajzi sz\u00e1m\u00fa, sz\u00e1nt\u00f3 m\u0171vel\u00e9si \u00e1g\u00fa, term\u0151f\u00f6ld ingatlanok \u00e9rt\u00e9kes\u00edt\u00e9s\u00e9re c\u00edm\u0171 el\u0151terjeszt\u00e9sr\u0151l<\/a><br \/>\n<a href=\"https:\/\/semmelweis.hu\/jogigfoig\/files\/2017\/05\/41_2017_III_29_felveteli_szabalyzat.pdf\" target=\"_blank\" rel=\"noopener noreferrer\">41\/2017. (III.29.) sz\u00e1m\u00fa hat\u00e1rozata a felv\u00e9teli elj\u00e1r\u00e1sr\u00f3l sz\u00f3l\u00f3 szab\u00e1lyzat elfogad\u00e1s\u00e1r\u00f3l<\/a><br \/>\n<a href=\"https:\/\/semmelweis.hu\/jogigfoig\/files\/2017\/05\/42_2017_III_29_EKK_MHI_csaladterapias_MSC_mintatanterv.pdf\" target=\"_blank\" rel=\"noopener noreferrer\">42\/2017. (III. 29.) sz\u00e1m\u00fa hat\u00e1rozata az Eg\u00e9szs\u00e9g\u00fcgyi K\u00f6zszolg\u00e1lati Kar Ment\u00e1lhigi\u00e9n\u00e9 Int\u00e9zet ment\u00e1lhigi\u00e9n\u00e9s csal\u00e1dtudom\u00e1nyi \u00e9s csal\u00e1dter\u00e1pi\u00e1s mesterk\u00e9pz\u00e9si szak mintatanterve m\u00f3dos\u00edt\u00e1s\u00e1r\u00f3l<\/a><br \/>\n<a href=\"https:\/\/semmelweis.hu\/jogigfoig\/files\/2017\/05\/43_2017_III_29_12_sz_hat_-mod.pdf\" target=\"_blank\" rel=\"noopener noreferrer\">43\/2017. (III. 29.) sz\u00e1m\u00fa hat\u00e1rozata a Szen\u00e1tus 2017. febru\u00e1r 23-i \u00fcl\u00e9s\u00e9n hozott 12\/2017. (II. 23.) sz\u00e1m\u00fa szen\u00e1tusi hat\u00e1rozat m\u00f3dos\u00edt\u00e1s\u00e1r\u00f3l<\/a><br \/>\n<a href=\"https:\/\/semmelweis.hu\/jogigfoig\/files\/2017\/05\/N_1_III_29_2017_szamu_szavazorendszer_osszesiteseinek_elfogadasarol.pdf\" target=\"_blank\" rel=\"noopener noreferrer\">N-1-III. 29.\/2017. sz\u00e1m\u00fa hat\u00e1rozata \u00faj szavaz\u00f3rendszer haszn\u00e1lat\u00e1nak elfogad\u00e1s\u00e1r\u00f3l<\/a><br \/>\n<a href=\"https:\/\/semmelweis.hu\/jogigfoig\/files\/2017\/05\/N_2_III_29_2017_szamu_hatarozat_a_szenatusi_ules_modositott_napirendi_pontjainak_elfogadasarol.pdf\" target=\"_blank\" rel=\"noopener noreferrer\">N-2-III. 29.\/2017. sz\u00e1m\u00fa hat\u00e1rozata a szen\u00e1tusi \u00fcl\u00e9s napirendi pontjainak elfogad\u00e1s\u00e1r\u00f3l<\/a><\/p>\n","protected":false},"author":12,"featured_media":0,"parent":7832,"menu_order":3,"comment_status":"closed","ping_status":"closed","template":"","meta":{"_acf_changed":false,"footnotes":""},"categories":[],"tags":[],"class_list":["post-7446","page","type-page","status-publish","hentry"],"acf":[],"_links":{"self":[{"href":"https:\/\/semmelweis.hu\/jogigfoig\/wp-json\/wp\/v2\/pages\/7446","targetHints":{"allow":["GET"]}}],"collection":[{"href":"https:\/\/semmelweis.hu\/jogigfoig\/wp-json\/wp\/v2\/pages"}],"about":[{"href":"https:\/\/semmelweis.hu\/jogigfoig\/wp-json\/wp\/v2\/types\/page"}],"author":[{"embeddable":true,"href":"https:\/\/semmelweis.hu\/jogigfoig\/wp-json\/wp\/v2\/users\/12"}],"replies":[{"embeddable":true,"href":"https:\/\/semmelweis.hu\/jogigfoig\/wp-json\/wp\/v2\/comments?post=7446"}],"version-history":[{"count":11,"href":"https:\/\/semmelweis.hu\/jogigfoig\/wp-json\/wp\/v2\/pages\/7446\/revisions"}],"predecessor-version":[{"id":10671,"href":"https:\/\/semmelweis.hu\/jogigfoig\/wp-json\/wp\/v2\/pages\/7446\/revisions\/10671"}],"up":[{"embeddable":true,"href":"https:\/\/semmelweis.hu\/jogigfoig\/wp-json\/wp\/v2\/pages\/7832"}],"wp:attachment":[{"href":"https:\/\/semmelweis.hu\/jogigfoig\/wp-json\/wp\/v2\/media?parent=7446"}],"wp:term":[{"taxonomy":"category","embeddable":true,"href":"https:\/\/semmelweis.hu\/jogigfoig\/wp-json\/wp\/v2\/categories?post=7446"},{"taxonomy":"post_tag","embeddable":true,"href":"https:\/\/semmelweis.hu\/jogigfoig\/wp-json\/wp\/v2\/tags?post=7446"}],"curies":[{"name":"wp","href":"https:\/\/api.w.org\/{rel}","templated":true}]}}