{"id":7416,"date":"2017-03-28T09:12:17","date_gmt":"2017-03-28T07:12:17","guid":{"rendered":"http:\/\/semmelweis.hu\/jogigfoig\/?page_id=7416"},"modified":"2018-03-28T15:27:17","modified_gmt":"2018-03-28T13:27:17","slug":"2017-marcius-27","status":"publish","type":"page","link":"https:\/\/semmelweis.hu\/jogigfoig\/testuletek\/konzisztorium\/2017-marcius-27\/","title":{"rendered":"2017. m\u00e1rcius 27."},"content":{"rendered":"<ul>\n<li style=\"text-align: justify\"><a href=\"https:\/\/semmelweis.hu\/jogigfoig\/files\/2017\/03\/1_III_27_2017_konzisztorium_ugyrend_mod.pdf\" target=\"_blank\" rel=\"noopener\">1\/2017. (III.27.) sz\u00e1m\u00fa hat\u00e1rozata Semmelweis Egyetem konziszt\u00f3rium \u00fcgyrendj\u00e9nek m\u00f3dos\u00edt\u00e1s\u00e1r\u00f3l<\/a><\/li>\n<li style=\"text-align: justify\"><a href=\"https:\/\/semmelweis.hu\/jogigfoig\/files\/2017\/03\/2_III_27_2017_koltsegvetesi_beszamolo.pdf\" target=\"_blank\" rel=\"noopener\">2\/2017. (III.27.) sz\u00e1m\u00fa hat\u00e1rozata a 2016. \u00e9vi k\u00f6lts\u00e9gvet\u00e9si besz\u00e1mol\u00f3r\u00f3l sz\u00f3l\u00f3 el\u0151terjeszt\u00e9s\u00e9r\u0151l<\/a><\/li>\n<li style=\"text-align: justify\"><a href=\"https:\/\/semmelweis.hu\/jogigfoig\/files\/2017\/03\/3_III_27_2017_vagyongazdalkodasi_terv.pdf\" target=\"_blank\" rel=\"noopener\">3\/2017. (III.27.) sz\u00e1m\u00fa hat\u00e1rozata a Semmelweis Egyetem 2017. \u00e9vi Vagyongazd\u00e1lkod\u00e1si Terve c\u00edm\u0171 el\u0151terjeszt\u00e9s\u00e9r\u0151l<\/a><\/li>\n<\/ul>\n","protected":false},"excerpt":{"rendered":"<p><a href=\"https:\/\/semmelweis.hu\/jogigfoig\/files\/2017\/03\/1_III_27_2017_konzisztorium_ugyrend_mod.pdf\" target=\"_blank\" rel=\"noopener\">1\/2017. (III.27.) sz\u00e1m\u00fa hat\u00e1rozata Semmelweis Egyetem konziszt\u00f3rium \u00fcgyrendj\u00e9nek m\u00f3dos\u00edt\u00e1s\u00e1r\u00f3l<\/a><br \/>\n<a href=\"https:\/\/semmelweis.hu\/jogigfoig\/files\/2017\/03\/2_III_27_2017_koltsegvetesi_beszamolo.pdf\" target=\"_blank\" rel=\"noopener\">2\/2017. (III.27.) sz\u00e1m\u00fa hat\u00e1rozata a 2016. \u00e9vi k\u00f6lts\u00e9gvet\u00e9si besz\u00e1mol\u00f3r\u00f3l sz\u00f3l\u00f3 el\u0151terjeszt\u00e9s\u00e9r\u0151l<\/a><br \/>\n<a href=\"https:\/\/semmelweis.hu\/jogigfoig\/files\/2017\/03\/3_III_27_2017_vagyongazdalkodasi_terv.pdf\" target=\"_blank\" rel=\"noopener\">3\/2017. (III.27.) sz\u00e1m\u00fa hat\u00e1rozata a Semmelweis Egyetem 2017. \u00e9vi Vagyongazd\u00e1lkod\u00e1si Terve c\u00edm\u0171 el\u0151terjeszt\u00e9s\u00e9r\u0151l<\/a><\/p>\n","protected":false},"author":101117,"featured_media":0,"parent":4612,"menu_order":15,"comment_status":"closed","ping_status":"closed","template":"","meta":{"_acf_changed":false,"footnotes":""},"categories":[],"tags":[],"class_list":["post-7416","page","type-page","status-publish","hentry"],"acf":[],"_links":{"self":[{"href":"https:\/\/semmelweis.hu\/jogigfoig\/wp-json\/wp\/v2\/pages\/7416","targetHints":{"allow":["GET"]}}],"collection":[{"href":"https:\/\/semmelweis.hu\/jogigfoig\/wp-json\/wp\/v2\/pages"}],"about":[{"href":"https:\/\/semmelweis.hu\/jogigfoig\/wp-json\/wp\/v2\/types\/page"}],"author":[{"embeddable":true,"href":"https:\/\/semmelweis.hu\/jogigfoig\/wp-json\/wp\/v2\/users\/101117"}],"replies":[{"embeddable":true,"href":"https:\/\/semmelweis.hu\/jogigfoig\/wp-json\/wp\/v2\/comments?post=7416"}],"version-history":[{"count":2,"href":"https:\/\/semmelweis.hu\/jogigfoig\/wp-json\/wp\/v2\/pages\/7416\/revisions"}],"predecessor-version":[{"id":10915,"href":"https:\/\/semmelweis.hu\/jogigfoig\/wp-json\/wp\/v2\/pages\/7416\/revisions\/10915"}],"up":[{"embeddable":true,"href":"https:\/\/semmelweis.hu\/jogigfoig\/wp-json\/wp\/v2\/pages\/4612"}],"wp:attachment":[{"href":"https:\/\/semmelweis.hu\/jogigfoig\/wp-json\/wp\/v2\/media?parent=7416"}],"wp:term":[{"taxonomy":"category","embeddable":true,"href":"https:\/\/semmelweis.hu\/jogigfoig\/wp-json\/wp\/v2\/categories?post=7416"},{"taxonomy":"post_tag","embeddable":true,"href":"https:\/\/semmelweis.hu\/jogigfoig\/wp-json\/wp\/v2\/tags?post=7416"}],"curies":[{"name":"wp","href":"https:\/\/api.w.org\/{rel}","templated":true}]}}