{"id":73489,"date":"2019-07-29T15:59:08","date_gmt":"2019-07-29T13:59:08","guid":{"rendered":"http:\/\/semmelweis.hu\/jogigfoig\/?page_id=73489"},"modified":"2026-03-24T11:39:58","modified_gmt":"2026-03-24T10:39:58","slug":"iii-konyv-hkr","status":"publish","type":"page","link":"https:\/\/semmelweis.hu\/jogigfoig\/dokumentumtar\/szabalyzattar\/szervezeti-es-mukodesi-szabalyzat\/iii-konyv-hkr\/","title":{"rendered":"III. K\u00f6nyv &#8211; Hallgat\u00f3i K\u00f6vetelm\u00e9nyrendszer"},"content":{"rendered":"<p style=\"text-align: justify\"><a href=\"https:\/\/semmelweis.hu\/jogigfoig\/dokumentumtar\/szabalyzattar\/szervezeti-es-mukodesi-szabalyzat\/iii-konyv-hkr\/szmsz-iii-konyv-hkr-iii-1-resz-felveteli-szabalyzat\/\" target=\"_blank\" rel=\"noopener\">III.1. R\u00c9SZ &#8211;\u00a0FELV\u00c9TELI SZAB\u00c1LYZAT<\/a><\/p>\n<hr \/>\n<p style=\"text-align: justify\"><a href=\"https:\/\/semmelweis.hu\/jogigfoig\/dokumentumtar\/szabalyzattar\/szervezeti-es-mukodesi-szabalyzat\/iii-konyv-hkr\/iii-konyv-hallgatoi-kovetelmenyrendszer-iii-2-resz-tanulmanyi-es-vizsgaszabalyzat-es-mellekletei\/\" target=\"_blank\" rel=\"noopener\">III.2. R\u00c9SZ \u2013 TANULM\u00c1NYI \u00c9S VIZSGASZAB\u00c1LYZAT<\/a><\/p>\n<p style=\"padding-left: 40px\"><a href=\"https:\/\/semmelweis.hu\/jogigfoig\/dokumentumtar\/szabalyzattar\/szervezeti-es-mukodesi-szabalyzat\/iii-konyv-hkr\/iii-konyv-hallgatoi-kovetelmenyrendszer-iii-2-resz-tanulmanyi-es-vizsgaszabalyzat-es-mellekletei\/\" target=\"_blank\" rel=\"noopener\">English version: CHAPTER III.2 STUDY AND EXAMINATION REGULATIONS<\/a>\u00a0<\/p>\n<p style=\"padding-left: 40px\"><a href=\"https:\/\/semmelweis.hu\/jogigfoig\/dokumentumtar\/szabalyzattar\/szervezeti-es-mukodesi-szabalyzat\/iii-konyv-hkr\/iii-konyv-hallgatoi-kovetelmenyrendszer-iii-2-resz-tanulmanyi-es-vizsgaszabalyzat-es-mellekletei\/\" target=\"_blank\" rel=\"noopener\">Deutsche Version: KAPITEL III.2. STUDIEN- UND PR\u00dcFUNGSORDNUNG<\/a><\/p>\n<hr \/>\n<p style=\"text-align: justify\"><a href=\"https:\/\/semmelweis.hu\/jogigfoig\/dokumentumtar\/szabalyzattar\/szervezeti-es-mukodesi-szabalyzat\/iii-konyv-hkr\/iii-konyv-hallgatoi-kovetelmenyrendszer-iii-2-resz-tanulmanyi-es-vizsgaszabalyzat-es-mellekletei\/\" target=\"_blank\" rel=\"noopener\">III.2. R\u00c9SZ &#8211;\u00a0MELL\u00c9KLETEK<\/a><\/p>\n<p style=\"padding-left: 40px\"><a href=\"https:\/\/semmelweis.hu\/jogigfoig\/dokumentumtar\/szabalyzattar\/szervezeti-es-mukodesi-szabalyzat\/iii-konyv-hkr\/iii-konyv-hallgatoi-kovetelmenyrendszer-iii-2-resz-tanulmanyi-es-vizsgaszabalyzat-es-mellekletei\/\" target=\"_blank\" rel=\"noopener\">English version: CHAPTER III.2. &#8211; APPENDICES<\/a><\/p>\n<p style=\"padding-left: 40px\"><a href=\"https:\/\/semmelweis.hu\/jogigfoig\/dokumentumtar\/szabalyzattar\/szervezeti-es-mukodesi-szabalyzat\/iii-konyv-hkr\/iii-konyv-hallgatoi-kovetelmenyrendszer-iii-2-resz-tanulmanyi-es-vizsgaszabalyzat-es-mellekletei\/\" target=\"_blank\" rel=\"noopener\">Deutsche Version: KAPITEL III.2 ANH\u00c4NGE<\/a>\u00a0<\/p>\n<hr \/>\n<p style=\"text-align: justify\"><a href=\"https:\/\/semmelweis.hu\/jogigfoig\/dokumentumtar\/szabalyzattar\/szervezeti-es-mukodesi-szabalyzat\/iii-konyv-hkr\/szmsz-iii-konyv-hkr-iii-3-resz-doktori-szabalyzat\/\" target=\"_blank\" rel=\"noopener\">III.3. R\u00c9SZ &#8211; DOKTORI SZAB\u00c1LYZAT<\/a><\/p>\n<hr \/>\n<p style=\"text-align: justify\"><a href=\"https:\/\/semmelweis.hu\/jogigfoig\/dokumentumtar\/szabalyzattar\/szervezeti-es-mukodesi-szabalyzat\/iii-konyv-hkr\/szmsz-iii-konyv-hkr-iii-3-resz-doktori-szabalyzat\/\" target=\"_blank\" rel=\"noopener\">III.3. R\u00c9SZ &#8211; MELL\u00c9KLETEK<\/a><\/p>\n<hr \/>\n<p><a href=\"https:\/\/semmelweis.hu\/jogigfoig\/dokumentumtar\/szabalyzattar\/szervezeti-es-mukodesi-szabalyzat\/iii-konyv-hkr\/szervezeti-es-mukodesi-szabalyzat-iii-konyv-hallgatoi-kovetelmenyrendszer-iii-4-resz-teritesi-es-juttatasi-szabalyzat-es-mellekletei\/\" target=\"_blank\" rel=\"noopener\">III.4. R\u00c9SZ &#8211; T\u00c9R\u00cdT\u00c9SI \u00c9S JUTTAT\u00c1SI SZAB\u00c1LYZAT<\/a><\/p>\n<hr \/>\n<p style=\"text-align: justify\"><a href=\"https:\/\/semmelweis.hu\/jogigfoig\/dokumentumtar\/szabalyzattar\/szervezeti-es-mukodesi-szabalyzat\/iii-konyv-hkr\/szervezeti-es-mukodesi-szabalyzat-iii-konyv-hallgatoi-kovetelmenyrendszer-iii-4-resz-teritesi-es-juttatasi-szabalyzat-es-mellekletei\/\" target=\"_blank\" rel=\"noopener\">III.4. R\u00c9SZ &#8211; MELL\u00c9KLETEK<\/a><\/p>\n<hr \/>\n<p style=\"text-align: justify\"><a href=\"https:\/\/semmelweis.hu\/jogigfoig\/dokumentumtar\/szabalyzattar\/szervezeti-es-mukodesi-szabalyzat\/iii-konyv-hkr\/szmsz-iii-konyv-iii-5-resz-hallgato-fegyelmi-es-karteritesi-szabalyzat\/\" target=\"_blank\" rel=\"noopener\">III.5. R\u00c9SZ &#8211; HALLGAT\u00d3I FEGYELMI \u00c9S K\u00c1RT\u00c9R\u00cdT\u00c9SI SZAB\u00c1LYZAT<\/a><\/p>\n<p style=\"padding-left: 40px\"><a href=\"https:\/\/semmelweis.hu\/jogigfoig\/dokumentumtar\/szabalyzattar\/szervezeti-es-mukodesi-szabalyzat\/iii-konyv-hkr\/szmsz-iii-konyv-iii-5-resz-hallgato-fegyelmi-es-karteritesi-szabalyzat\/\" target=\"_blank\" rel=\"noopener\">English version: CHAPTER III. 5 STUDENT DISCIPLINARY AND COMPENSATION REGULATIONS<\/a><\/p>\n<hr \/>\n<p style=\"text-align: justify\"><a href=\"https:\/\/semmelweis.hu\/jogigfoig\/dokumentumtar\/szabalyzattar\/szervezeti-es-mukodesi-szabalyzat\/iii-konyv-hkr\/szmsz-iii-konyv-hkr-iii-6-resz-hallgatok-altal-benyujtott-kerelmek-elbiralasanak-rendje\/\" target=\"_blank\" rel=\"noopener\">III.6. R\u00c9SZ &#8211;\u00a0HALLGAT\u00d3K \u00c1LTAL BENY\u00daJTOTT K\u00c9RELMEK ELB\u00cdR\u00c1L\u00c1S\u00c1NAK RENDJE<\/a><\/p>\n<hr \/>\n<p style=\"text-align: justify\"><a href=\"https:\/\/semmelweis.hu\/jogigfoig\/dokumentumtar\/szabalyzattar\/szervezeti-es-mukodesi-szabalyzat\/iii-konyv-hkr\/szmsz-iii-konyv-hkr-iii-7-resz-jogorvoslati-szabalyzat\/\" target=\"_blank\" rel=\"noopener\">III.7. R\u00c9SZ &#8211;\u00a0JOGORVOSLATI SZAB\u00c1LYZAT<\/a><\/p>\n<p style=\"padding-left: 40px\"><a href=\"https:\/\/semmelweis.hu\/jogigfoig\/dokumentumtar\/szabalyzattar\/szervezeti-es-mukodesi-szabalyzat\/iii-konyv-hkr\/szmsz-iii-konyv-hkr-iii-7-resz-jogorvoslati-szabalyzat\/\">English version: Chapter III.7 Regulations on Appeal and Review<\/a><\/p>\n<hr \/>\n<p style=\"text-align: justify\"><a href=\"https:\/\/semmelweis.hu\/jogigfoig\/dokumentumtar\/szabalyzattar\/szervezeti-es-mukodesi-szabalyzat\/iii-konyv-hkr\/szmsz-iii-konyv-hkr-iii-8-resz-az-oktatoi-munka-hallgatoi-velemenyezesenek-rendje\/\" target=\"_blank\" rel=\"noopener\">III.8. R\u00c9SZ &#8211;\u00a0AZ OKTAT\u00d3I MUNKA HALLGAT\u00d3I V\u00c9LEM\u00c9NYEZ\u00c9S\u00c9NEK RENDJE<\/a><\/p>\n<hr \/>\n<p style=\"text-align: justify\"><a href=\"https:\/\/semmelweis.hu\/jogigfoig\/dokumentumtar\/szabalyzattar\/szervezeti-es-mukodesi-szabalyzat\/iii-konyv-hkr\/szmsz-iii-konyv-hkr-iii-9-resz-az-oktatoi-munka-hallgatoi-velemenyezesenek-rendje-doktori-kepzes\/\" target=\"_blank\" rel=\"noopener\">III.9. R\u00c9SZ &#8211;\u00a0AZ OKTAT\u00d3I MUNKA HALLGAT\u00d3I V\u00c9LEM\u00c9NYEZ\u00c9S\u00c9NEK RENDJE (DOKTORI K\u00c9PZ\u00c9S)<\/a><\/p>\n<hr \/>\n<p style=\"text-align: justify\"><a href=\"https:\/\/semmelweis.hu\/jogigfoig\/dokumentumtar\/szabalyzattar\/szervezeti-es-mukodesi-szabalyzat\/iii-konyv-hkr\/szmsz-iii-konyv-hkr-iii-9-resz-az-oktatoi-munka-hallgatoi-velemenyezesenek-rendje-doktori-kepzes\/\" target=\"_blank\" rel=\"noopener\">III.9. R\u00c9SZ &#8211;\u00a0MELL\u00c9KLETEK<\/a><\/p>\n<hr \/>\n<p style=\"text-align: justify\"><a href=\"https:\/\/semmelweis.hu\/jogigfoig\/dokumentumtar\/szabalyzattar\/szervezeti-es-mukodesi-szabalyzat\/iii-konyv-hkr\/szmsz-iii-konyv-hkr-iii-10-resz-hallgatoi-balesetmegelozesi-szabalyzat\/\" target=\"_blank\" rel=\"noopener\">III.10. R\u00c9SZ &#8211;\u00a0HALLGAT\u00d3I BALESETMEGEL\u0150Z\u00c9SI SZAB\u00c1LYZAT<\/a><\/p>\n<hr \/>\n<p style=\"text-align: justify\"><a href=\"https:\/\/semmelweis.hu\/jogigfoig\/dokumentumtar\/szabalyzattar\/szervezeti-es-mukodesi-szabalyzat\/iii-konyv-hkr\/szmsz-iii-konyv-hkr-iii-11-resz-tehetseggondozasi-szabalyzat\/\" target=\"_blank\" rel=\"noopener\">III.11. R\u00c9SZ &#8211;\u00a0TEHETS\u00c9GGONDOZ\u00c1SI SZAB\u00c1LYZAT<\/a><\/p>\n<hr \/>\n<p style=\"text-align: justify\"><a href=\"https:\/\/semmelweis.hu\/jogigfoig\/dokumentumtar\/szabalyzattar\/szervezeti-es-mukodesi-szabalyzat\/iii-konyv-hkr\/szmsz-iii-konyv-hkr-iii-12-resz-a-magyar-nyelvu-koltsegteriteses-kepzesben-reszt-vevo-hallgatok-egyes-jogairol-es-kotelezettsegeirol\/\" target=\"_blank\" rel=\"noopener\">III.12. R\u00c9SZ &#8211;\u00a0A MAGYAR NYELV\u0170 K\u00d6LTS\u00c9GT\u00c9R\u00cdT\u00c9SES K\u00c9PZ\u00c9SBEN R\u00c9SZT VEV\u0150 HALLGAT\u00d3K EGYES JOGAIR\u00d3L \u00c9S K\u00d6TELEZETTS\u00c9GEIR\u0150L<\/a><\/p>\n<hr \/>\n<p><a href=\"https:\/\/semmelweis.hu\/jogigfoig\/dokumentumtar\/szabalyzattar\/szervezeti-es-mukodesi-szabalyzat\/iii-konyv-hkr\/szmsz-iii-konyv-hkr-iii-13-resz-az-idegennyelvu-onkoltseges-kepzesben-reszt-vevo-hallgatok-egyes-jogairol-es-kotelezettsegeirol\/\" target=\"_blank\" rel=\"noopener\">III.13. R\u00c9SZ &#8211; A IDEGENNYELV\u0170 \u00d6NK\u00d6LTS\u00c9GES K\u00c9PZ\u00c9SBEN R\u00c9SZT VEV\u0150 HALLGAT\u00d3K EGYES JOGAIR\u00d3L \u00c9S K\u00d6TELEZETTS\u00c9GEIR\u0150L<\/a><\/p>\n<hr \/>\n<p><a href=\"https:\/\/semmelweis.hu\/jogigfoig\/dokumentumtar\/szabalyzattar\/szervezeti-es-mukodesi-szabalyzat\/iii-konyv-hkr\/iii-14-resz-a-semmelweis-egyetem-szineiben-versenysportot-uzo-nemzetkozi-sportolok-sportegeszsegugyi-ellatasa\/\">III. 14. R\u00c9SZ A SEMMELWEIS EGYETEM SZ\u00cdNEIBEN VERSENYSPORTOT \u0170Z\u0150 NEMZETK\u00d6ZI SPORTOL\u00d3K SPORTEG\u00c9SZS\u00c9G\u00dcGYI ELL\u00c1T\u00c1SA<\/a><\/p>\n<p style=\"text-align: justify\"><strong>Kapcsol\u00f3d\u00f3 k\u00f6rlevelek, utas\u00edt\u00e1sok:<\/strong><\/p>\n<ul style=\"list-style-type: disc\">\n<li style=\"text-align: justify\"><a href=\"https:\/\/semmelweis.hu\/jogigfoig\/2022\/12\/14\/e-10-2022-xii-13-szamu-rektori-kancellari-utasitas-az-orarendszerkesztes-a-kurzus-meghirdetes-a-teremfoglalasok-reszletszabalya-kiegeszitesenek-valamint-az-oktatoi-teljesitmenyertekel\/\">E\/10\/2022. (XII.13.) sz\u00e1m\u00fa rektori \u2013 kancell\u00e1ri utas\u00edt\u00e1s az \u00f3rarendszerkeszt\u00e9s, a kurzus meghirdet\u00e9s, a teremfoglal\u00e1sok r\u00e9szletszab\u00e1lya kieg\u00e9sz\u00edt\u00e9s\u00e9nek, valamint az oktat\u00f3i teljes\u00edtm\u00e9ny\u00e9rt\u00e9kel\u00e9shez a NEPTUN rendszerben az inform\u00e1ci\u00f3k rendelkez\u00e9sre \u00e1ll\u00e1s\u00e1nak elj\u00e1r\u00e1srendj\u00e9r\u0151l<\/a><\/li>\n<li><a href=\"https:\/\/semmelweis.hu\/jogigfoig\/2022\/10\/11\/k-2-2022-x-10-szamu-kancellari-utasitas-az-usd-devizanemben-meghirdetett-kepzes-kepzesi-dijanak-valutapenztari-befizeteserol\/\">K\/2\/2022. (X.10.) sz\u00e1m\u00fa kancell\u00e1ri utas\u00edt\u00e1s az USD devizanemben meghirdetett k\u00e9pz\u00e9s k\u00e9pz\u00e9si d\u00edj\u00e1nak valutap\u00e9nzt\u00e1ri befizet\u00e9s\u00e9r\u0151l<\/a><\/li>\n<li style=\"text-align: justify\">\n<p><a href=\"https:\/\/semmelweis.hu\/jogigfoig\/2022\/07\/22\/r-2-2022-vii-21-sz-rektori-utasitas-testneveles-tantargy-orainak-latogatasa-aloli-felmentesre-iranyulo-hallgatoi-igenyek-elbiralasanak-folyamata\/\">R\/2\/2022. (VII.21.) sz\u00e1m\u00fa rektori utas\u00edt\u00e1s a Testnevel\u00e9s tant\u00e1rgy \u00f3r\u00e1inak l\u00e1togat\u00e1sa al\u00f3li felment\u00e9sre ir\u00e1nyul\u00f3 hallgat\u00f3i ig\u00e9nyek elb\u00edr\u00e1l\u00e1s\u00e1nak folyamata<\/a><\/p>\n<\/li>\n<li style=\"text-align: justify\">\n<p><a href=\"https:\/\/semmelweis.hu\/jogigfoig\/2020\/08\/25\/e-17-2020-viii-14-szamu-rektori-kancellari-utasitas-egyes-igazgatasi-szolgaltatasi-es-eljarasi-dijak-megallapitasarol\/\">E\/17\/2020. (VIII. 14.) sz\u00e1m\u00fa rektori utas\u00edt\u00e1s egyes igazgat\u00e1si szolg\u00e1ltat\u00e1si \u00e9s elj\u00e1r\u00e1si d\u00edjak meg\u00e1llap\u00edt\u00e1s\u00e1r\u00f3l<\/a><\/p>\n<\/li>\n<li>\n<p><a href=\"https:\/\/semmelweis.hu\/jogigfoig\/2017\/08\/11\/e72017-rektori-kancellari-utasitas-idegenrendeszeti-bejelentesi-kotelezettseg-teljesitese-a-kulfoldi-hallgatokrol\/\" target=\"_blank\" rel=\"noopener\">E\/7\/2017. (08.04.) sz\u00e1m\u00fa rektori-kancell\u00e1ri utas\u00edt\u00e1s Idegenrend\u00e9szeti bejelent\u00e9si k\u00f6telezetts\u00e9g teljes\u00edt\u00e9se a k\u00fclf\u00f6ldi hallgat\u00f3kr\u00f3l<\/a><\/p>\n<\/li>\n<li style=\"text-align: justify\"><a href=\"https:\/\/semmelweis.hu\/jogigfoig\/2013\/06\/19\/korl192013-szamu-rektori-korlevel-az-oklevelek-egyseges-formatumu-egyedi-sorszamozasarol\/\">KORL\/19\/2013. sz\u00e1m\u00fa Rektori k\u00f6rlev\u00e9l az oklevelek egys\u00e9ges form\u00e1tum\u00fa egyedi sorsz\u00e1moz\u00e1s\u00e1r\u00f3l\u00a0<\/a><\/li>\n<\/ul>\n","protected":false},"excerpt":{"rendered":"<p><a href=\"https:\/\/semmelweis.hu\/jogigfoig\/dokumentumtar\/szabalyzattar\/szervezeti-es-mukodesi-szabalyzat\/iii-konyv-hkr\/szmsz-iii-konyv-hkr-iii-1-resz-felveteli-szabalyzat\/\" target=\"_blank\" rel=\"noopener\">III.1. R\u00c9SZ &#8211;\u00a0FELV\u00c9TELI SZAB\u00c1LYZAT<\/a><\/p>\n<p><a href=\"https:\/\/semmelweis.hu\/jogigfoig\/dokumentumtar\/szabalyzattar\/szervezeti-es-mukodesi-szabalyzat\/iii-konyv-hkr\/iii-konyv-hallgatoi-kovetelmenyrendszer-iii-2-resz-tanulmanyi-es-vizsgaszabalyzat-es-mellekletei\/\" target=\"_blank\" rel=\"noopener\">III.2. R\u00c9SZ \u2013 TANULM\u00c1NYI \u00c9S VIZSGASZAB\u00c1LYZAT<\/a><br \/>\n<a href=\"https:\/\/semmelweis.hu\/jogigfoig\/dokumentumtar\/szabalyzattar\/szervezeti-es-mukodesi-szabalyzat\/iii-konyv-hkr\/iii-konyv-hallgatoi-kovetelmenyrendszer-iii-2-resz-tanulmanyi-es-vizsgaszabalyzat-es-mellekletei\/\" target=\"_blank\" rel=\"noopener\">English version: CHAPTER III.2 STUDY AND EXAMINATION REGULATIONS<\/a>\u00a0<br \/>\n<a href=\"https:\/\/semmelweis.hu\/jogigfoig\/dokumentumtar\/szabalyzattar\/szervezeti-es-mukodesi-szabalyzat\/iii-konyv-hkr\/iii-konyv-hallgatoi-kovetelmenyrendszer-iii-2-resz-tanulmanyi-es-vizsgaszabalyzat-es-mellekletei\/\" target=\"_blank\" rel=\"noopener\">Deutsche Version: KAPITEL III.2. STUDIEN- UND PR\u00dcFUNGSORDNUNG<\/a><\/p>\n<p><a href=\"https:\/\/semmelweis.hu\/jogigfoig\/dokumentumtar\/szabalyzattar\/szervezeti-es-mukodesi-szabalyzat\/iii-konyv-hkr\/iii-konyv-hallgatoi-kovetelmenyrendszer-iii-2-resz-tanulmanyi-es-vizsgaszabalyzat-es-mellekletei\/\" target=\"_blank\" rel=\"noopener\">III.2. R\u00c9SZ &#8211;\u00a0MELL\u00c9KLETEK<\/a><br \/>\n<a href=\"https:\/\/semmelweis.hu\/jogigfoig\/dokumentumtar\/szabalyzattar\/szervezeti-es-mukodesi-szabalyzat\/iii-konyv-hkr\/iii-konyv-hallgatoi-kovetelmenyrendszer-iii-2-resz-tanulmanyi-es-vizsgaszabalyzat-es-mellekletei\/\" target=\"_blank\" rel=\"noopener\">English version: CHAPTER III.2. &#8211; APPENDICES<\/a><br \/>\n<a href=\"https:\/\/semmelweis.hu\/jogigfoig\/dokumentumtar\/szabalyzattar\/szervezeti-es-mukodesi-szabalyzat\/iii-konyv-hkr\/iii-konyv-hallgatoi-kovetelmenyrendszer-iii-2-resz-tanulmanyi-es-vizsgaszabalyzat-es-mellekletei\/\" target=\"_blank\" rel=\"noopener\">Deutsche Version: KAPITEL III.2 ANH\u00c4NGE<\/a>\u00a0<\/p>\n<p><a href=\"https:\/\/semmelweis.hu\/jogigfoig\/dokumentumtar\/szabalyzattar\/szervezeti-es-mukodesi-szabalyzat\/iii-konyv-hkr\/szmsz-iii-konyv-hkr-iii-3-resz-doktori-szabalyzat\/\" target=\"_blank\" rel=\"noopener\">III.3. R\u00c9SZ &#8211; DOKTORI SZAB\u00c1LYZAT<\/a><\/p>\n<p><a href=\"https:\/\/semmelweis.hu\/jogigfoig\/dokumentumtar\/szabalyzattar\/szervezeti-es-mukodesi-szabalyzat\/iii-konyv-hkr\/szmsz-iii-konyv-hkr-iii-3-resz-doktori-szabalyzat\/\" target=\"_blank\" rel=\"noopener\">III.3. R\u00c9SZ &#8211; MELL\u00c9KLETEK<\/a><\/p>\n<p><a href=\"https:\/\/semmelweis.hu\/jogigfoig\/dokumentumtar\/szabalyzattar\/szervezeti-es-mukodesi-szabalyzat\/iii-konyv-hkr\/szervezeti-es-mukodesi-szabalyzat-iii-konyv-hallgatoi-kovetelmenyrendszer-iii-4-resz-teritesi-es-juttatasi-szabalyzat-es-mellekletei\/\" target=\"_blank\" rel=\"noopener\">III.4. R\u00c9SZ &#8211; T\u00c9R\u00cdT\u00c9SI \u00c9S JUTTAT\u00c1SI SZAB\u00c1LYZAT<\/a><\/p>\n<p><a href=\"https:\/\/semmelweis.hu\/jogigfoig\/dokumentumtar\/szabalyzattar\/szervezeti-es-mukodesi-szabalyzat\/iii-konyv-hkr\/szervezeti-es-mukodesi-szabalyzat-iii-konyv-hallgatoi-kovetelmenyrendszer-iii-4-resz-teritesi-es-juttatasi-szabalyzat-es-mellekletei\/\" target=\"_blank\" rel=\"noopener\">III.4. R\u00c9SZ &#8211; MELL\u00c9KLETEK<\/a><\/p>\n<p><a href=\"https:\/\/semmelweis.hu\/jogigfoig\/dokumentumtar\/szabalyzattar\/szervezeti-es-mukodesi-szabalyzat\/iii-konyv-hkr\/szmsz-iii-konyv-iii-5-resz-hallgato-fegyelmi-es-karteritesi-szabalyzat\/\" target=\"_blank\" rel=\"noopener\">III.5. R\u00c9SZ &#8211; HALLGAT\u00d3I FEGYELMI \u00c9S K\u00c1RT\u00c9R\u00cdT\u00c9SI SZAB\u00c1LYZAT<\/a><br \/>\n<a href=\"https:\/\/semmelweis.hu\/jogigfoig\/dokumentumtar\/szabalyzattar\/szervezeti-es-mukodesi-szabalyzat\/iii-konyv-hkr\/szmsz-iii-konyv-iii-5-resz-hallgato-fegyelmi-es-karteritesi-szabalyzat\/\" target=\"_blank\" rel=\"noopener\">English version: CHAPTER III. 5 STUDENT DISCIPLINARY AND COMPENSATION REGULATIONS<\/a><\/p>\n<p><a href=\"https:\/\/semmelweis.hu\/jogigfoig\/dokumentumtar\/szabalyzattar\/szervezeti-es-mukodesi-szabalyzat\/iii-konyv-hkr\/szmsz-iii-konyv-hkr-iii-6-resz-hallgatok-altal-benyujtott-kerelmek-elbiralasanak-rendje\/\" target=\"_blank\" rel=\"noopener\">III.6. R\u00c9SZ &#8211;\u00a0HALLGAT\u00d3K \u00c1LTAL BENY\u00daJTOTT K\u00c9RELMEK ELB\u00cdR\u00c1L\u00c1S\u00c1NAK RENDJE<\/a><\/p>\n<p><a href=\"https:\/\/semmelweis.hu\/jogigfoig\/dokumentumtar\/szabalyzattar\/szervezeti-es-mukodesi-szabalyzat\/iii-konyv-hkr\/szmsz-iii-konyv-hkr-iii-7-resz-jogorvoslati-szabalyzat\/\" target=\"_blank\" rel=\"noopener\">III.7. R\u00c9SZ &#8211;\u00a0JOGORVOSLATI SZAB\u00c1LYZAT<\/a><br \/>\n<a href=\"https:\/\/semmelweis.hu\/jogigfoig\/dokumentumtar\/szabalyzattar\/szervezeti-es-mukodesi-szabalyzat\/iii-konyv-hkr\/szmsz-iii-konyv-hkr-iii-7-resz-jogorvoslati-szabalyzat\/\">English version: Chapter III.7 Regulations on Appeal and Review<\/a><\/p>\n<p><a href=\"https:\/\/semmelweis.hu\/jogigfoig\/dokumentumtar\/szabalyzattar\/szervezeti-es-mukodesi-szabalyzat\/iii-konyv-hkr\/szmsz-iii-konyv-hkr-iii-8-resz-az-oktatoi-munka-hallgatoi-velemenyezesenek-rendje\/\" target=\"_blank\" rel=\"noopener\">III.8. R\u00c9SZ &#8211;\u00a0AZ OKTAT\u00d3I MUNKA HALLGAT\u00d3I V\u00c9LEM\u00c9NYEZ\u00c9S\u00c9NEK RENDJE<\/a><\/p>\n<p><a href=\"https:\/\/semmelweis.hu\/jogigfoig\/dokumentumtar\/szabalyzattar\/szervezeti-es-mukodesi-szabalyzat\/iii-konyv-hkr\/szmsz-iii-konyv-hkr-iii-9-resz-az-oktatoi-munka-hallgatoi-velemenyezesenek-rendje-doktori-kepzes\/\" target=\"_blank\" rel=\"noopener\">III.9. R\u00c9SZ &#8211;\u00a0AZ OKTAT\u00d3I MUNKA HALLGAT\u00d3I V\u00c9LEM\u00c9NYEZ\u00c9S\u00c9NEK RENDJE (DOKTORI K\u00c9PZ\u00c9S)<\/a><\/p>\n<p><a href=\"https:\/\/semmelweis.hu\/jogigfoig\/dokumentumtar\/szabalyzattar\/szervezeti-es-mukodesi-szabalyzat\/iii-konyv-hkr\/szmsz-iii-konyv-hkr-iii-9-resz-az-oktatoi-munka-hallgatoi-velemenyezesenek-rendje-doktori-kepzes\/\" target=\"_blank\" rel=\"noopener\">III.9. R\u00c9SZ &#8211;\u00a0MELL\u00c9KLETEK<\/a><\/p>\n<p><a href=\"https:\/\/semmelweis.hu\/jogigfoig\/dokumentumtar\/szabalyzattar\/szervezeti-es-mukodesi-szabalyzat\/iii-konyv-hkr\/szmsz-iii-konyv-hkr-iii-10-resz-hallgatoi-balesetmegelozesi-szabalyzat\/\" target=\"_blank\" rel=\"noopener\">III.10. R\u00c9SZ &#8211;\u00a0HALLGAT\u00d3I BALESETMEGEL\u0150Z\u00c9SI SZAB\u00c1LYZAT<\/a><\/p>\n<p><a href=\"https:\/\/semmelweis.hu\/jogigfoig\/dokumentumtar\/szabalyzattar\/szervezeti-es-mukodesi-szabalyzat\/iii-konyv-hkr\/szmsz-iii-konyv-hkr-iii-11-resz-tehetseggondozasi-szabalyzat\/\" target=\"_blank\" rel=\"noopener\">III.11. R\u00c9SZ &#8211;\u00a0TEHETS\u00c9GGONDOZ\u00c1SI SZAB\u00c1LYZAT<\/a><\/p>\n<p><a href=\"https:\/\/semmelweis.hu\/jogigfoig\/dokumentumtar\/szabalyzattar\/szervezeti-es-mukodesi-szabalyzat\/iii-konyv-hkr\/szmsz-iii-konyv-hkr-iii-12-resz-a-magyar-nyelvu-koltsegteriteses-kepzesben-reszt-vevo-hallgatok-egyes-jogairol-es-kotelezettsegeirol\/\" target=\"_blank\" rel=\"noopener\">III.12. R\u00c9SZ &#8211;\u00a0A MAGYAR NYELV\u0170 K\u00d6LTS\u00c9GT\u00c9R\u00cdT\u00c9SES K\u00c9PZ\u00c9SBEN R\u00c9SZT VEV\u0150 HALLGAT\u00d3K EGYES JOGAIR\u00d3L \u00c9S K\u00d6TELEZETTS\u00c9GEIR\u0150L<\/a><\/p>\n<p><a href=\"https:\/\/semmelweis.hu\/jogigfoig\/dokumentumtar\/szabalyzattar\/szervezeti-es-mukodesi-szabalyzat\/iii-konyv-hkr\/szmsz-iii-konyv-hkr-iii-13-resz-az-idegennyelvu-onkoltseges-kepzesben-reszt-vevo-hallgatok-egyes-jogairol-es-kotelezettsegeirol\/\" target=\"_blank\" rel=\"noopener\">III.13. R\u00c9SZ &#8211; A IDEGENNYELV\u0170 \u00d6NK\u00d6LTS\u00c9GES K\u00c9PZ\u00c9SBEN R\u00c9SZT VEV\u0150 HALLGAT\u00d3K EGYES JOGAIR\u00d3L \u00c9S K\u00d6TELEZETTS\u00c9GEIR\u0150L<\/a><\/p>\n<p><a href=\"https:\/\/semmelweis.hu\/jogigfoig\/dokumentumtar\/szabalyzattar\/szervezeti-es-mukodesi-szabalyzat\/iii-konyv-hkr\/iii-14-resz-a-semmelweis-egyetem-szineiben-versenysportot-uzo-nemzetkozi-sportolok-sportegeszsegugyi-ellatasa\/\">III. 14. R\u00c9SZ A SEMMELWEIS EGYETEM SZ\u00cdNEIBEN VERSENYSPORTOT \u0170Z\u0150 NEMZETK\u00d6ZI SPORTOL\u00d3K SPORTEG\u00c9SZS\u00c9G\u00dcGYI ELL\u00c1T\u00c1SA<\/a><br \/>\nKapcsol\u00f3d\u00f3 k\u00f6rlevelek, utas\u00edt\u00e1sok:<\/p>\n<p><a href=\"https:\/\/semmelweis.hu\/jogigfoig\/2022\/12\/14\/e-10-2022-xii-13-szamu-rektori-kancellari-utasitas-az-orarendszerkesztes-a-kurzus-meghirdetes-a-teremfoglalasok-reszletszabalya-kiegeszitesenek-valamint-az-oktatoi-teljesitmenyertekel\/\">E\/10\/2022. (XII.13.) sz\u00e1m\u00fa rektori \u2013 kancell\u00e1ri utas\u00edt\u00e1s az \u00f3rarendszerkeszt\u00e9s, a kurzus meghirdet\u00e9s, a teremfoglal\u00e1sok r\u00e9szletszab\u00e1lya kieg\u00e9sz\u00edt\u00e9s\u00e9nek, valamint az oktat\u00f3i teljes\u00edtm\u00e9ny\u00e9rt\u00e9kel\u00e9shez a NEPTUN rendszerben az inform\u00e1ci\u00f3k rendelkez\u00e9sre \u00e1ll\u00e1s\u00e1nak elj\u00e1r\u00e1srendj\u00e9r\u0151l<\/a><br \/>\n<a href=\"https:\/\/semmelweis.hu\/jogigfoig\/2022\/10\/11\/k-2-2022-x-10-szamu-kancellari-utasitas-az-usd-devizanemben-meghirdetett-kepzes-kepzesi-dijanak-valutapenztari-befizeteserol\/\">K\/2\/2022. (X.10.) sz\u00e1m\u00fa kancell\u00e1ri utas\u00edt\u00e1s az USD devizanemben meghirdetett k\u00e9pz\u00e9s k\u00e9pz\u00e9si d\u00edj\u00e1nak valutap\u00e9nzt\u00e1ri befizet\u00e9s\u00e9r\u0151l<\/a><\/p>\n<p><a href=\"https:\/\/semmelweis.hu\/jogigfoig\/2022\/07\/22\/r-2-2022-vii-21-sz-rektori-utasitas-testneveles-tantargy-orainak-latogatasa-aloli-felmentesre-iranyulo-hallgatoi-igenyek-elbiralasanak-folyamata\/\">R\/2\/2022. (VII.21.) sz\u00e1m\u00fa rektori utas\u00edt\u00e1s a Testnevel\u00e9s tant\u00e1rgy \u00f3r\u00e1inak l\u00e1togat\u00e1sa al\u00f3li felment\u00e9sre ir\u00e1nyul\u00f3 hallgat\u00f3i ig\u00e9nyek elb\u00edr\u00e1l\u00e1s\u00e1nak folyamata<\/a><\/p>\n<p><a href=\"https:\/\/semmelweis.hu\/jogigfoig\/2020\/08\/25\/e-17-2020-viii-14-szamu-rektori-kancellari-utasitas-egyes-igazgatasi-szolgaltatasi-es-eljarasi-dijak-megallapitasarol\/\">E\/17\/2020. (VIII. 14.) sz\u00e1m\u00fa rektori utas\u00edt\u00e1s egyes igazgat\u00e1si szolg\u00e1ltat\u00e1si \u00e9s elj\u00e1r\u00e1si d\u00edjak meg\u00e1llap\u00edt\u00e1s\u00e1r\u00f3l<\/a><\/p>\n<p><a href=\"https:\/\/semmelweis.hu\/jogigfoig\/2017\/08\/11\/e72017-rektori-kancellari-utasitas-idegenrendeszeti-bejelentesi-kotelezettseg-teljesitese-a-kulfoldi-hallgatokrol\/\" target=\"_blank\" rel=\"noopener\">E\/7\/2017. (08.04.) sz\u00e1m\u00fa rektori-kancell\u00e1ri utas\u00edt\u00e1s Idegenrend\u00e9szeti bejelent\u00e9si k\u00f6telezetts\u00e9g teljes\u00edt\u00e9se a k\u00fclf\u00f6ldi hallgat\u00f3kr\u00f3l<\/a><\/p>\n<p><a href=\"https:\/\/semmelweis.hu\/jogigfoig\/2013\/06\/19\/korl192013-szamu-rektori-korlevel-az-oklevelek-egyseges-formatumu-egyedi-sorszamozasarol\/\">KORL\/19\/2013. sz\u00e1m\u00fa Rektori k\u00f6rlev\u00e9l az oklevelek egys\u00e9ges form\u00e1tum\u00fa egyedi sorsz\u00e1moz\u00e1s\u00e1r\u00f3l\u00a0<\/a><\/p>\n","protected":false},"author":101467,"featured_media":0,"parent":73486,"menu_order":0,"comment_status":"closed","ping_status":"closed","template":"","meta":{"_acf_changed":false,"footnotes":""},"categories":[],"tags":[],"class_list":["post-73489","page","type-page","status-publish","hentry"],"acf":[],"_links":{"self":[{"href":"https:\/\/semmelweis.hu\/jogigfoig\/wp-json\/wp\/v2\/pages\/73489","targetHints":{"allow":["GET"]}}],"collection":[{"href":"https:\/\/semmelweis.hu\/jogigfoig\/wp-json\/wp\/v2\/pages"}],"about":[{"href":"https:\/\/semmelweis.hu\/jogigfoig\/wp-json\/wp\/v2\/types\/page"}],"author":[{"embeddable":true,"href":"https:\/\/semmelweis.hu\/jogigfoig\/wp-json\/wp\/v2\/users\/101467"}],"replies":[{"embeddable":true,"href":"https:\/\/semmelweis.hu\/jogigfoig\/wp-json\/wp\/v2\/comments?post=73489"}],"version-history":[{"count":11,"href":"https:\/\/semmelweis.hu\/jogigfoig\/wp-json\/wp\/v2\/pages\/73489\/revisions"}],"predecessor-version":[{"id":105885,"href":"https:\/\/semmelweis.hu\/jogigfoig\/wp-json\/wp\/v2\/pages\/73489\/revisions\/105885"}],"up":[{"embeddable":true,"href":"https:\/\/semmelweis.hu\/jogigfoig\/wp-json\/wp\/v2\/pages\/73486"}],"wp:attachment":[{"href":"https:\/\/semmelweis.hu\/jogigfoig\/wp-json\/wp\/v2\/media?parent=73489"}],"wp:term":[{"taxonomy":"category","embeddable":true,"href":"https:\/\/semmelweis.hu\/jogigfoig\/wp-json\/wp\/v2\/categories?post=73489"},{"taxonomy":"post_tag","embeddable":true,"href":"https:\/\/semmelweis.hu\/jogigfoig\/wp-json\/wp\/v2\/tags?post=73489"}],"curies":[{"name":"wp","href":"https:\/\/api.w.org\/{rel}","templated":true}]}}