{"id":73488,"date":"2019-07-29T15:47:26","date_gmt":"2019-07-29T13:47:26","guid":{"rendered":"http:\/\/semmelweis.hu\/jogigfoig\/?page_id=73488"},"modified":"2025-09-30T07:40:57","modified_gmt":"2025-09-30T05:40:57","slug":"ii-konyv-fkr","status":"publish","type":"page","link":"https:\/\/semmelweis.hu\/jogigfoig\/dokumentumtar\/szabalyzattar\/szervezeti-es-mukodesi-szabalyzat\/ii-konyv-fkr\/","title":{"rendered":"II. K\u00f6nyv &#8211; Foglalkoztat\u00e1si K\u00f6vetelm\u00e9nyrendszer"},"content":{"rendered":"<p style=\"text-align: justify\"><a href=\"https:\/\/semmelweis.hu\/jogigfoig\/dokumentumtar\/szabalyzattar\/szervezeti-es-mukodesi-szabalyzat\/ii-konyv-fkr\/szmsz-ii-konyv-fkr-ii-1-resz-az-egyes-munkakorok-es-vezetoi-megbizasok-betoltesevel-kapcsolatos-kovetelmenyek-es-melleklete\/\" target=\"_blank\" rel=\"noopener\">II.1. R\u00c9SZ &#8211; AZ EGYES MUNKAK\u00d6R\u00d6K \u00c9S VEZET\u0150I MEGB\u00cdZ\u00c1SOK BET\u00d6LT\u00c9S\u00c9VEL KAPCSOLATOS K\u00d6VETELM\u00c9NYEK<\/a><\/p>\n<hr \/>\n<p style=\"text-align: justify\"><a href=\"https:\/\/semmelweis.hu\/jogigfoig\/dokumentumtar\/szabalyzattar\/szervezeti-es-mukodesi-szabalyzat\/ii-konyv-fkr\/szmsz-ii-konyv-fkr-ii-1-resz-az-egyes-munkakorok-es-vezetoi-megbizasok-betoltesevel-kapcsolatos-kovetelmenyek-es-melleklete\/\" target=\"_blank\" rel=\"noopener\">II.1. R\u00c9SZ &#8211; MELL\u00c9KLETEK<\/a><\/p>\n<hr \/>\n<p style=\"text-align: justify\"><a href=\"https:\/\/semmelweis.hu\/jogigfoig\/dokumentumtar\/szabalyzattar\/szervezeti-es-mukodesi-szabalyzat\/ii-konyv-fkr\/szmsz-ii-konyv-fkr-ii-2-resz-az-intezmenyi-oktatoi-kutatoi-osztondijak-es-mas-juttatasok-feltetelei-az-ezzel-osszefuggo-palyazatok-rendje-az-oktatok-es-kutatok-reszere-kiirt-kutatasi-palyazatok-e\/\" target=\"_blank\" rel=\"noopener\">II.2. R\u00c9SZ &#8211; AZ INT\u00c9ZM\u00c9NYI OKTAT\u00d3I, KUTAT\u00d3I \u00d6SZT\u00d6ND\u00cdJAK \u00c9S M\u00c1S JUTTAT\u00c1SOK FELT\u00c9TELEI, AZ EZZEL \u00d6SSZEF\u00dcGG\u0150 P\u00c1LY\u00c1ZATOK RENDJE, AZ OKTAT\u00d3K \u00c9S KUTAT\u00d3K R\u00c9SZ\u00c9RE KI\u00cdRT KUTAT\u00c1SI P\u00c1LY\u00c1ZATOK ELB\u00cdR\u00c1L\u00c1S\u00c1NAK RENDJE<\/a><\/p>\n<hr \/>\n<p style=\"text-align: justify\"><a href=\"https:\/\/semmelweis.hu\/jogigfoig\/dokumentumtar\/szabalyzattar\/szervezeti-es-mukodesi-szabalyzat\/ii-konyv-fkr\/szmsz-ii-3-resz-habilitacios-szabalyzat-es-melleklete\/\" target=\"_blank\" rel=\"noopener\">II.3. R\u00c9SZ &#8211; HABILIT\u00c1CI\u00d3S SZAB\u00c1LYZAT<\/a><\/p>\n<p style=\"padding-left: 40px\"><a href=\"https:\/\/semmelweis.hu\/jogigfoig\/dokumentumtar\/szabalyzattar\/szervezeti-es-mukodesi-szabalyzat\/ii-konyv-fkr\/szmsz-ii-3-resz-habilitacios-szabalyzat-es-melleklete\/\" target=\"_blank\" rel=\"noopener\">PART II. 3. &#8211;\u00a0 HABILITATION REGULATIONS<\/a><\/p>\n<hr \/>\n<p><a href=\"https:\/\/semmelweis.hu\/jogigfoig\/dokumentumtar\/szabalyzattar\/szervezeti-es-mukodesi-szabalyzat\/ii-konyv-fkr\/szmsz-ii-3-resz-habilitacios-szabalyzat-es-melleklete\/\" target=\"_blank\" rel=\"noopener\">II.3. R\u00c9SZ &#8211; MELL\u00c9KLETEK<\/a><\/p>\n<p style=\"padding-left: 40px\"><a href=\"https:\/\/semmelweis.hu\/jogigfoig\/dokumentumtar\/szabalyzattar\/szervezeti-es-mukodesi-szabalyzat\/ii-konyv-fkr\/szmsz-ii-3-resz-habilitacios-szabalyzat-es-melleklete\/\" target=\"_blank\" rel=\"noopener\">PART II.3. &#8211; ANNEXES<\/a><\/p>\n<p style=\"padding-left: 40px\"><a href=\"https:\/\/semmelweis.hu\/jogigfoig\/dokumentumtar\/szabalyzattar\/szervezeti-es-mukodesi-szabalyzat\/ii-konyv-fkr\/szmsz-ii-3-resz-habilitacios-szabalyzat-es-melleklete\/\" target=\"_blank\" rel=\"noopener\">TEIL II.3. &#8211; ANH\u00c4NGE<\/a><\/p>\n<hr \/>\n<p style=\"text-align: justify\"><a href=\"https:\/\/semmelweis.hu\/jogigfoig\/dokumentumtar\/szabalyzattar\/szervezeti-es-mukodesi-szabalyzat\/ii-konyv-fkr\/szmsz-ii-konyv-fkr-ii-4-resz-a-felsooktatasi-intezmeny-altal-adomanyozhato-cimek-feltetelei\/\" target=\"_blank\" rel=\"noopener\">II.4. R\u00c9SZ &#8211; A FELS\u0150OKTAT\u00c1SI INT\u00c9ZM\u00c9NY \u00c1LTAL ADOM\u00c1NYOZHAT\u00d3 C\u00cdMEK FELT\u00c9TELEI<\/a><\/p>\n<hr \/>\n<p style=\"text-align: justify\"><a href=\"https:\/\/semmelweis.hu\/jogigfoig\/dokumentumtar\/szabalyzattar\/szervezeti-es-mukodesi-szabalyzat\/ii-konyv-fkr\/szmsz-ii-konyv-fkr-ii-5-resz-kulfoldi-oklevelnek-az-egyetemen-oktatoi-vagy-tudomanyos-kutatoi-munkakor-betoltese-celjabol-hazai-mesterfokozatkent-torteno-elismerese\/\" target=\"_blank\" rel=\"noopener\">II.5. R\u00c9SZ &#8211; K\u00dcLF\u00d6LDI K\u00c9PZ\u00c9S SIKERES ELV\u00c9GZ\u00c9S\u00c9T TAN\u00daS\u00cdT\u00d3 OKIRATNAK AZ EGYETEMEN OKTAT\u00d3 VAGY TUDOM\u00c1NYOS KUTAT\u00d3 K\u00c9PES\u00cdT\u00c9SK\u00c9NT T\u00d6RT\u00c9N\u0150 ELISMER\u00c9SE<\/a><\/p>\n<p>&nbsp;<\/p>\n<p><strong>Kapcsol\u00f3d\u00f3 k\u00f6rlevelek, utas\u00edt\u00e1sok:<\/strong><\/p>\n<ul>\n<li>\n<p><a href=\"https:\/\/semmelweis.hu\/jogigfoig\/2025\/08\/06\/rke-7-2025-viii-06-sz-rektori-kancellari-klinikai-kozpont-elnoki-utasitas-a-munkaltatoi-jogok-gyakorlasanak-rendjerol\/\">RKE\/7\/2025. (VIII. 06.) sz. rektori-kancell\u00e1ri-Klinikai K\u00f6zpont eln\u00f6ki utas\u00edt\u00e1s a munk\u00e1ltat\u00f3i jogok gyakorl\u00e1s\u00e1nak rendj\u00e9r\u0151l<\/a><\/p>\n<\/li>\n<li style=\"text-align: justify\">\n<p><a href=\"https:\/\/semmelweis.hu\/jogigfoig\/2024\/01\/02\/rke-1-2024-i-2-sz-rektori-kancellari-klinikai-kozpont-elnoki-utasitas-a-szabadsag-kiadasanak-2024-evi-rendjerol\/\">RKE\/1\/2024. (I.2.) sz. rektori-kancell\u00e1ri-Klinikai K\u00f6zpont eln\u00f6ki utas\u00edt\u00e1s a szabads\u00e1g kiad\u00e1s\u00e1nak 2024. \u00e9vi rendj\u00e9r\u0151l<\/a><\/p>\n<\/li>\n<li style=\"text-align: justify\">\n<p><a href=\"https:\/\/semmelweis.hu\/jogigfoig\/2023\/05\/22\/r-1-2023-v-18-szamu-rektori-utasitas-a-habilitacios-bizottsag-feladatainak-ellatasa-soran-felkert-szakertok-kotelezettsegeinek-gyakorlasarol\/\">R\/1\/2023. (V.18.) sz\u00e1m\u00fa rektori utas\u00edt\u00e1s a Habilit\u00e1ci\u00f3s Bizotts\u00e1g feladatainak ell\u00e1t\u00e1sa sor\u00e1n felk\u00e9rt szak\u00e9rt\u0151k k\u00f6telezetts\u00e9geinek gyakorl\u00e1s\u00e1r\u00f3l<\/a><\/p>\n<\/li>\n<li>\n<p><a href=\"https:\/\/semmelweis.hu\/jogigfoig\/2023\/04\/27\/e-1-2023-i-26-sz-rektori-kancellari-utasitas-a-szocialis-krizis-alap-felhasznalasanak-szabalyairol-az-e-5-2023-iv-24-szamu-rektori-kancellari-utasitas-modositasaival-egyseges-szerk\/\">E\/1\/2023. (I.26.) sz. rektori \u2013 kancell\u00e1ri utas\u00edt\u00e1s a Szoci\u00e1lis Kr\u00edzis Alap felhaszn\u00e1l\u00e1s\u00e1nak szab\u00e1lyair\u00f3l\u00a0<\/a><\/p>\n<\/li>\n<li style=\"text-align: justify\">\n<p><a href=\"https:\/\/semmelweis.hu\/jogigfoig\/2022\/10\/14\/e-6-2022-x-13-szamu-rektori-kancellari-utasitas-lakascelu-munkaltatoi-kolcson-igenybevetelenek-rendjerol\/\">E\/6\/2022. (X.13.) sz\u00e1m\u00fa rektori\u2013kancell\u00e1ri utas\u00edt\u00e1s lak\u00e1sc\u00e9l\u00fa munk\u00e1ltat\u00f3i k\u00f6lcs\u00f6n ig\u00e9nybev\u00e9tel\u00e9nek rendj\u00e9r\u0151l\u00a0<\/a><\/p>\n<\/li>\n<li style=\"text-align: justify\">\n<p><a href=\"https:\/\/semmelweis.hu\/jogigfoig\/2022\/07\/05\/rke-3-2022-vii-05-szamu-rektori-kancellari-klinikai-kozpont-elnoki-utasitas-a-semmelweis-egyetem-altal-foglalkoztatottak-beren-kivuli-juttatasarol\/\">RKE\/3\/2022. (VII.05.) sz\u00e1m\u00fa rektori-kancell\u00e1ri-Klinikai K\u00f6zpont eln\u00f6ki utas\u00edt\u00e1s a Semmelweis Egyetem \u00e1ltal foglalkoztatottak b\u00e9ren k\u00edv\u00fcli juttat\u00e1s\u00e1r\u00f3l<\/a><\/p>\n<\/li>\n<li style=\"text-align: justify\">\n<p><a href=\"https:\/\/semmelweis.hu\/jogigfoig\/2020\/11\/18\/e-29-2020-xi-13-szamu-rektori-kancellari-utasitas-a-semmelweis-egyetem-fenntartasa-ala-tartozo-szakkepzo-intezmenyek-munkavallaloinak-felvetelekor-ajanlhato-munkaber-merteke-es-adhato-potlekok-be\/\">E\/29\/2020. (XI.13.) sz\u00e1m\u00fa rektori-kancell\u00e1ri utas\u00edt\u00e1s a\u00a0Semmelweis Egyetem fenntart\u00e1sa al\u00e1 tartoz\u00f3 Szakk\u00e9pz\u0151 Int\u00e9zm\u00e9nyek munkav\u00e1llal\u00f3inak felv\u00e9telekor aj\u00e1nlhat\u00f3 munkab\u00e9r m\u00e9rt\u00e9ke \u00e9s adhat\u00f3 p\u00f3tl\u00e9kok, b\u00e9rkieg\u00e9sz\u00edt\u00e9sek valamint t\u00f6bbletfeladatok\u00e9rt, \u00f3raad\u00e1s\u00e9rt j\u00e1r\u00f3 d\u00edjaz\u00e1s rendje<\/a><\/p>\n<\/li>\n<li style=\"text-align: justify\">\n<p><a href=\"https:\/\/semmelweis.hu\/jogigfoig\/2015\/10\/29\/12015-szamu-rektori-es-kancellari-egyuttes-korlevel-a-semmelweis-egyetemen-alkalmazando-kegyeleti-szabalyokrol\/\">A\u00a01\/2015. sz\u00e1m\u00fa rektori \u00e9s kancell\u00e1ri egy\u00fcttes k\u00f6rlev\u00e9l a Semmelweis Egyetemen alkalmazand\u00f3 kegyeleti szab\u00e1lyokr\u00f3l<\/a><\/p>\n<\/li>\n<\/ul>\n","protected":false},"excerpt":{"rendered":"<p><a href=\"https:\/\/semmelweis.hu\/jogigfoig\/dokumentumtar\/szabalyzattar\/szervezeti-es-mukodesi-szabalyzat\/ii-konyv-fkr\/szmsz-ii-konyv-fkr-ii-1-resz-az-egyes-munkakorok-es-vezetoi-megbizasok-betoltesevel-kapcsolatos-kovetelmenyek-es-melleklete\/\" target=\"_blank\" rel=\"noopener\">II.1. R\u00c9SZ &#8211; AZ EGYES MUNKAK\u00d6R\u00d6K \u00c9S VEZET\u0150I MEGB\u00cdZ\u00c1SOK BET\u00d6LT\u00c9S\u00c9VEL KAPCSOLATOS K\u00d6VETELM\u00c9NYEK<\/a><\/p>\n<p><a href=\"https:\/\/semmelweis.hu\/jogigfoig\/dokumentumtar\/szabalyzattar\/szervezeti-es-mukodesi-szabalyzat\/ii-konyv-fkr\/szmsz-ii-konyv-fkr-ii-1-resz-az-egyes-munkakorok-es-vezetoi-megbizasok-betoltesevel-kapcsolatos-kovetelmenyek-es-melleklete\/\" target=\"_blank\" rel=\"noopener\">II.1. R\u00c9SZ &#8211; MELL\u00c9KLETEK<\/a><\/p>\n<p><a href=\"https:\/\/semmelweis.hu\/jogigfoig\/dokumentumtar\/szabalyzattar\/szervezeti-es-mukodesi-szabalyzat\/ii-konyv-fkr\/szmsz-ii-konyv-fkr-ii-2-resz-az-intezmenyi-oktatoi-kutatoi-osztondijak-es-mas-juttatasok-feltetelei-az-ezzel-osszefuggo-palyazatok-rendje-az-oktatok-es-kutatok-reszere-kiirt-kutatasi-palyazatok-e\/\" target=\"_blank\" rel=\"noopener\">II.2. R\u00c9SZ &#8211; AZ INT\u00c9ZM\u00c9NYI OKTAT\u00d3I, KUTAT\u00d3I \u00d6SZT\u00d6ND\u00cdJAK \u00c9S M\u00c1S JUTTAT\u00c1SOK FELT\u00c9TELEI, AZ EZZEL \u00d6SSZEF\u00dcGG\u0150 P\u00c1LY\u00c1ZATOK RENDJE, AZ OKTAT\u00d3K \u00c9S KUTAT\u00d3K R\u00c9SZ\u00c9RE KI\u00cdRT KUTAT\u00c1SI P\u00c1LY\u00c1ZATOK ELB\u00cdR\u00c1L\u00c1S\u00c1NAK RENDJE<\/a><\/p>\n<p><a href=\"https:\/\/semmelweis.hu\/jogigfoig\/dokumentumtar\/szabalyzattar\/szervezeti-es-mukodesi-szabalyzat\/ii-konyv-fkr\/szmsz-ii-3-resz-habilitacios-szabalyzat-es-melleklete\/\" target=\"_blank\" rel=\"noopener\">II.3. R\u00c9SZ &#8211; HABILIT\u00c1CI\u00d3S SZAB\u00c1LYZAT<\/a><br \/>\n<a href=\"https:\/\/semmelweis.hu\/jogigfoig\/dokumentumtar\/szabalyzattar\/szervezeti-es-mukodesi-szabalyzat\/ii-konyv-fkr\/szmsz-ii-3-resz-habilitacios-szabalyzat-es-melleklete\/\" target=\"_blank\" rel=\"noopener\">PART II. 3. &#8211;\u00a0 HABILITATION REGULATIONS<\/a><\/p>\n<p><a href=\"https:\/\/semmelweis.hu\/jogigfoig\/dokumentumtar\/szabalyzattar\/szervezeti-es-mukodesi-szabalyzat\/ii-konyv-fkr\/szmsz-ii-3-resz-habilitacios-szabalyzat-es-melleklete\/\" target=\"_blank\" rel=\"noopener\">II.3. R\u00c9SZ &#8211; MELL\u00c9KLETEK<\/a><br \/>\n<a href=\"https:\/\/semmelweis.hu\/jogigfoig\/dokumentumtar\/szabalyzattar\/szervezeti-es-mukodesi-szabalyzat\/ii-konyv-fkr\/szmsz-ii-3-resz-habilitacios-szabalyzat-es-melleklete\/\" target=\"_blank\" rel=\"noopener\">PART II.3. &#8211; ANNEXES<\/a><br \/>\n<a href=\"https:\/\/semmelweis.hu\/jogigfoig\/dokumentumtar\/szabalyzattar\/szervezeti-es-mukodesi-szabalyzat\/ii-konyv-fkr\/szmsz-ii-3-resz-habilitacios-szabalyzat-es-melleklete\/\" target=\"_blank\" rel=\"noopener\">TEIL II.3. &#8211; ANH\u00c4NGE<\/a><\/p>\n<p><a href=\"https:\/\/semmelweis.hu\/jogigfoig\/dokumentumtar\/szabalyzattar\/szervezeti-es-mukodesi-szabalyzat\/ii-konyv-fkr\/szmsz-ii-konyv-fkr-ii-4-resz-a-felsooktatasi-intezmeny-altal-adomanyozhato-cimek-feltetelei\/\" target=\"_blank\" rel=\"noopener\">II.4. R\u00c9SZ &#8211; A FELS\u0150OKTAT\u00c1SI INT\u00c9ZM\u00c9NY \u00c1LTAL ADOM\u00c1NYOZHAT\u00d3 C\u00cdMEK FELT\u00c9TELEI<\/a><\/p>\n<p><a href=\"https:\/\/semmelweis.hu\/jogigfoig\/dokumentumtar\/szabalyzattar\/szervezeti-es-mukodesi-szabalyzat\/ii-konyv-fkr\/szmsz-ii-konyv-fkr-ii-5-resz-kulfoldi-oklevelnek-az-egyetemen-oktatoi-vagy-tudomanyos-kutatoi-munkakor-betoltese-celjabol-hazai-mesterfokozatkent-torteno-elismerese\/\" target=\"_blank\" rel=\"noopener\">II.5. R\u00c9SZ &#8211; K\u00dcLF\u00d6LDI K\u00c9PZ\u00c9S SIKERES ELV\u00c9GZ\u00c9S\u00c9T TAN\u00daS\u00cdT\u00d3 OKIRATNAK AZ EGYETEMEN OKTAT\u00d3 VAGY TUDOM\u00c1NYOS KUTAT\u00d3 K\u00c9PES\u00cdT\u00c9SK\u00c9NT T\u00d6RT\u00c9N\u0150 ELISMER\u00c9SE<\/a><br \/>\n&nbsp;<br \/>\nKapcsol\u00f3d\u00f3 k\u00f6rlevelek, utas\u00edt\u00e1sok:<\/p>\n<p><a href=\"https:\/\/semmelweis.hu\/jogigfoig\/2025\/08\/06\/rke-7-2025-viii-06-sz-rektori-kancellari-klinikai-kozpont-elnoki-utasitas-a-munkaltatoi-jogok-gyakorlasanak-rendjerol\/\">RKE\/7\/2025. (VIII. 06.) sz. rektori-kancell\u00e1ri-Klinikai K\u00f6zpont eln\u00f6ki utas\u00edt\u00e1s a munk\u00e1ltat\u00f3i jogok gyakorl\u00e1s\u00e1nak rendj\u00e9r\u0151l<\/a><\/p>\n<p><a href=\"https:\/\/semmelweis.hu\/jogigfoig\/2024\/01\/02\/rke-1-2024-i-2-sz-rektori-kancellari-klinikai-kozpont-elnoki-utasitas-a-szabadsag-kiadasanak-2024-evi-rendjerol\/\">RKE\/1\/2024. (I.2.) sz. rektori-kancell\u00e1ri-Klinikai K\u00f6zpont eln\u00f6ki utas\u00edt\u00e1s a szabads\u00e1g kiad\u00e1s\u00e1nak 2024. \u00e9vi rendj\u00e9r\u0151l<\/a><\/p>\n<p><a href=\"https:\/\/semmelweis.hu\/jogigfoig\/2023\/05\/22\/r-1-2023-v-18-szamu-rektori-utasitas-a-habilitacios-bizottsag-feladatainak-ellatasa-soran-felkert-szakertok-kotelezettsegeinek-gyakorlasarol\/\">R\/1\/2023. (V.18.) sz\u00e1m\u00fa rektori utas\u00edt\u00e1s a Habilit\u00e1ci\u00f3s Bizotts\u00e1g feladatainak ell\u00e1t\u00e1sa sor\u00e1n felk\u00e9rt szak\u00e9rt\u0151k k\u00f6telezetts\u00e9geinek gyakorl\u00e1s\u00e1r\u00f3l<\/a><\/p>\n<p><a href=\"https:\/\/semmelweis.hu\/jogigfoig\/2023\/04\/27\/e-1-2023-i-26-sz-rektori-kancellari-utasitas-a-szocialis-krizis-alap-felhasznalasanak-szabalyairol-az-e-5-2023-iv-24-szamu-rektori-kancellari-utasitas-modositasaival-egyseges-szerk\/\">E\/1\/2023. (I.26.) sz. rektori \u2013 kancell\u00e1ri utas\u00edt\u00e1s a Szoci\u00e1lis Kr\u00edzis Alap felhaszn\u00e1l\u00e1s\u00e1nak szab\u00e1lyair\u00f3l\u00a0<\/a><\/p>\n<p><a href=\"https:\/\/semmelweis.hu\/jogigfoig\/2022\/10\/14\/e-6-2022-x-13-szamu-rektori-kancellari-utasitas-lakascelu-munkaltatoi-kolcson-igenybevetelenek-rendjerol\/\">E\/6\/2022. (X.13.) sz\u00e1m\u00fa rektori\u2013kancell\u00e1ri utas\u00edt\u00e1s lak\u00e1sc\u00e9l\u00fa munk\u00e1ltat\u00f3i k\u00f6lcs\u00f6n ig\u00e9nybev\u00e9tel\u00e9nek rendj\u00e9r\u0151l\u00a0<\/a><\/p>\n<p><a href=\"https:\/\/semmelweis.hu\/jogigfoig\/2022\/07\/05\/rke-3-2022-vii-05-szamu-rektori-kancellari-klinikai-kozpont-elnoki-utasitas-a-semmelweis-egyetem-altal-foglalkoztatottak-beren-kivuli-juttatasarol\/\">RKE\/3\/2022. (VII.05.) sz\u00e1m\u00fa rektori-kancell\u00e1ri-Klinikai K\u00f6zpont eln\u00f6ki utas\u00edt\u00e1s a Semmelweis Egyetem \u00e1ltal foglalkoztatottak b\u00e9ren k\u00edv\u00fcli juttat\u00e1s\u00e1r\u00f3l<\/a><\/p>\n<p><a href=\"https:\/\/semmelweis.hu\/jogigfoig\/2020\/11\/18\/e-29-2020-xi-13-szamu-rektori-kancellari-utasitas-a-semmelweis-egyetem-fenntartasa-ala-tartozo-szakkepzo-intezmenyek-munkavallaloinak-felvetelekor-ajanlhato-munkaber-merteke-es-adhato-potlekok-be\/\">E\/29\/2020. (XI.13.) sz\u00e1m\u00fa rektori-kancell\u00e1ri utas\u00edt\u00e1s a\u00a0Semmelweis Egyetem fenntart\u00e1sa al\u00e1 tartoz\u00f3 Szakk\u00e9pz\u0151 Int\u00e9zm\u00e9nyek munkav\u00e1llal\u00f3inak felv\u00e9telekor aj\u00e1nlhat\u00f3 munkab\u00e9r m\u00e9rt\u00e9ke \u00e9s adhat\u00f3 p\u00f3tl\u00e9kok, b\u00e9rkieg\u00e9sz\u00edt\u00e9sek valamint t\u00f6bbletfeladatok\u00e9rt, \u00f3raad\u00e1s\u00e9rt j\u00e1r\u00f3 d\u00edjaz\u00e1s rendje<\/a><\/p>\n<p><a href=\"https:\/\/semmelweis.hu\/jogigfoig\/2015\/10\/29\/12015-szamu-rektori-es-kancellari-egyuttes-korlevel-a-semmelweis-egyetemen-alkalmazando-kegyeleti-szabalyokrol\/\">A\u00a01\/2015. sz\u00e1m\u00fa rektori \u00e9s kancell\u00e1ri egy\u00fcttes k\u00f6rlev\u00e9l a Semmelweis Egyetemen alkalmazand\u00f3 kegyeleti szab\u00e1lyokr\u00f3l<\/a><\/p>\n","protected":false},"author":101467,"featured_media":0,"parent":73486,"menu_order":0,"comment_status":"closed","ping_status":"closed","template":"","meta":{"_acf_changed":false,"footnotes":""},"categories":[],"tags":[],"class_list":["post-73488","page","type-page","status-publish","hentry"],"acf":[],"_links":{"self":[{"href":"https:\/\/semmelweis.hu\/jogigfoig\/wp-json\/wp\/v2\/pages\/73488","targetHints":{"allow":["GET"]}}],"collection":[{"href":"https:\/\/semmelweis.hu\/jogigfoig\/wp-json\/wp\/v2\/pages"}],"about":[{"href":"https:\/\/semmelweis.hu\/jogigfoig\/wp-json\/wp\/v2\/types\/page"}],"author":[{"embeddable":true,"href":"https:\/\/semmelweis.hu\/jogigfoig\/wp-json\/wp\/v2\/users\/101467"}],"replies":[{"embeddable":true,"href":"https:\/\/semmelweis.hu\/jogigfoig\/wp-json\/wp\/v2\/comments?post=73488"}],"version-history":[{"count":11,"href":"https:\/\/semmelweis.hu\/jogigfoig\/wp-json\/wp\/v2\/pages\/73488\/revisions"}],"predecessor-version":[{"id":101796,"href":"https:\/\/semmelweis.hu\/jogigfoig\/wp-json\/wp\/v2\/pages\/73488\/revisions\/101796"}],"up":[{"embeddable":true,"href":"https:\/\/semmelweis.hu\/jogigfoig\/wp-json\/wp\/v2\/pages\/73486"}],"wp:attachment":[{"href":"https:\/\/semmelweis.hu\/jogigfoig\/wp-json\/wp\/v2\/media?parent=73488"}],"wp:term":[{"taxonomy":"category","embeddable":true,"href":"https:\/\/semmelweis.hu\/jogigfoig\/wp-json\/wp\/v2\/categories?post=73488"},{"taxonomy":"post_tag","embeddable":true,"href":"https:\/\/semmelweis.hu\/jogigfoig\/wp-json\/wp\/v2\/tags?post=73488"}],"curies":[{"name":"wp","href":"https:\/\/api.w.org\/{rel}","templated":true}]}}