{"id":73487,"date":"2019-07-29T15:40:33","date_gmt":"2019-07-29T13:40:33","guid":{"rendered":"http:\/\/semmelweis.hu\/jogigfoig\/?page_id=73487"},"modified":"2025-12-16T15:50:00","modified_gmt":"2025-12-16T14:50:00","slug":"i-konyv-szmr","status":"publish","type":"page","link":"https:\/\/semmelweis.hu\/jogigfoig\/dokumentumtar\/szabalyzattar\/szervezeti-es-mukodesi-szabalyzat\/i-konyv-szmr\/","title":{"rendered":"I. K\u00f6nyv &#8211; Szervezeti \u00e9s M\u0171k\u00f6d\u00e9si Rend"},"content":{"rendered":"<p style=\"text-align: justify\"><a href=\"https:\/\/semmelweis.hu\/jogigfoig\/dokumentumtar\/szabalyzattar\/szervezeti-es-mukodesi-szabalyzat\/i-konyv-szmr\/szmsz-szmr-i-konyv-i-1-resz-altalanos-szmr-i-1-resz-melleklet\/\" target=\"_blank\" rel=\"noopener\">I.1. R\u00c9SZ &#8211; \u00c1LTAL\u00c1NOS SZERVEZETI \u00c9S M\u0170K\u00d6D\u00c9SI RENDELKEZ\u00c9SEK<\/a><\/p>\n<p style=\"padding-left: 40px\"><a href=\"https:\/\/semmelweis.hu\/jogigfoig\/dokumentumtar\/szabalyzattar\/szervezeti-es-mukodesi-szabalyzat\/i-konyv-szmr\/szmsz-szmr-i-konyv-i-1-resz-altalanos-szmr-i-1-resz-melleklet\/\">I.1 GENERAL PART GENERAL ORGANISATIONAL AND OPERATING RULES<\/a><\/p>\n<hr \/>\n<p style=\"text-align: justify\"><a href=\"https:\/\/semmelweis.hu\/jogigfoig\/dokumentumtar\/szabalyzattar\/szervezeti-es-mukodesi-szabalyzat\/i-konyv-szmr\/szmsz-szmr-i-konyv-i-1-resz-altalanos-szmr-i-1-resz-melleklet\/\" target=\"_blank\" rel=\"noopener\">I.1. R\u00c9SZ &#8211; MELL\u00c9KLETEK<\/a><\/p>\n<p style=\"padding-left: 40px\"><a href=\"https:\/\/semmelweis.hu\/jogigfoig\/dokumentumtar\/szabalyzattar\/szervezeti-es-mukodesi-szabalyzat\/i-konyv-szmr\/szmsz-szmr-i-konyv-i-1-resz-altalanos-szmr-i-1-resz-melleklet\/\">I.1 GENERAL PART ANNEXES<\/a><\/p>\n<hr \/>\n<p style=\"text-align: justify\"><a href=\"https:\/\/semmelweis.hu\/jogigfoig\/dokumentumtar\/szabalyzattar\/szervezeti-es-mukodesi-szabalyzat\/i-konyv-szmr\/szmsz_szmr_i_konyv_i_2_resz_a_szenatus_ugyrendje_i_2_resz_melleklet\/\" target=\"_blank\" rel=\"noopener\">I.2. R\u00c9SZ\u00a0 &#8211; A SZEN\u00c1TUS \u00dcGYRENDJE<\/a><\/p>\n<p style=\"padding-left: 40px\"><a href=\"https:\/\/semmelweis.hu\/jogigfoig\/dokumentumtar\/szabalyzattar\/szervezeti-es-mukodesi-szabalyzat\/i-konyv-szmr\/szmsz_szmr_i_konyv_i_2_resz_a_szenatus_ugyrendje_i_2_resz_melleklet\/\" target=\"_blank\" rel=\"noopener\">I.2. SPECIAL PART &#8211; SENATE RULES OF PROCEDURE<\/a><\/p>\n<hr \/>\n<p style=\"text-align: justify\"><a href=\"https:\/\/semmelweis.hu\/jogigfoig\/dokumentumtar\/szabalyzattar\/szervezeti-es-mukodesi-szabalyzat\/i-konyv-szmr\/szmsz_szmr_i_konyv_i_2_resz_a_szenatus_ugyrendje_i_2_resz_melleklet\/\" target=\"_blank\" rel=\"noopener\">I.2. R\u00c9SZ &#8211; MELL\u00c9KLET<\/a><\/p>\n<p style=\"padding-left: 40px;text-align: justify\"><a href=\"https:\/\/semmelweis.hu\/jogigfoig\/dokumentumtar\/szabalyzattar\/szervezeti-es-mukodesi-szabalyzat\/i-konyv-szmr\/szmsz_szmr_i_konyv_i_2_resz_a_szenatus_ugyrendje_i_2_resz_melleklet\/\" target=\"_blank\" rel=\"noopener\">I.2. SPECIAL PART &#8211; ANNEX<\/a><\/p>\n<hr \/>\n<p style=\"text-align: justify\"><a href=\"https:\/\/semmelweis.hu\/jogigfoig\/dokumentumtar\/szabalyzattar\/szervezeti-es-mukodesi-szabalyzat\/i-konyv-szmr\/szmsz_szmr_i_konyv_i_3_resz_testuleti_es_vezetoi_valasztasok\/\" target=\"_blank\" rel=\"noopener\">I.3. R\u00c9SZ\u00a0 &#8211; TEST\u00dcLETI \u00c9S VEZET\u0150I V\u00c1LASZT\u00c1SOK SZAB\u00c1LYAI<\/a><\/p>\n<p style=\"padding-left: 40px;text-align: justify\"><a href=\"https:\/\/semmelweis.hu\/jogigfoig\/dokumentumtar\/szabalyzattar\/szervezeti-es-mukodesi-szabalyzat\/i-konyv-szmr\/szmsz_szmr_i_konyv_i_3_resz_testuleti_es_vezetoi_valasztasok\/\" target=\"_blank\" rel=\"noopener\">I. 3. SPECIAL PART &#8211; RULES FOR THE ELECTION OF BODIES AND EXECUTIVES<\/a><\/p>\n<hr \/>\n<p style=\"text-align: justify\"><a href=\"https:\/\/semmelweis.hu\/jogigfoig\/dokumentumtar\/szabalyzattar\/szervezeti-es-mukodesi-szabalyzat\/i-konyv-szmr\/szmsz_szmr_i_konyv_i_4_resz_a-hallgatoi-rendezvenyek\/\" target=\"_blank\" rel=\"noopener\">I.4. R\u00c9SZ &#8211; A HALLGAT\u00d3I RENDEZV\u00c9NYEK \u00c9S A HALLGAT\u00d3K SZ\u00c1M\u00c1RA NY\u00daJTOTT SZOLG\u00c1LTAT\u00c1SOK SZERVEZ\u00c9S\u00c9NEK RENDJE<\/a><\/p>\n<p style=\"padding-left: 40px;text-align: justify\"><a href=\"https:\/\/semmelweis.hu\/jogigfoig\/dokumentumtar\/szabalyzattar\/szervezeti-es-mukodesi-szabalyzat\/i-konyv-szmr\/szmsz_szmr_i_konyv_i_4_resz_a-hallgatoi-rendezvenyek\/\">I.4 SPECIAL SECTION &#8211; RULES FOR THE ORGANIZATION OF STUDENT EVENTS AND SERVICES FOR STUDENT<\/a><\/p>\n<p style=\"padding-left: 40px;text-align: justify\"><a href=\"https:\/\/semmelweis.hu\/jogigfoig\/dokumentumtar\/szabalyzattar\/szervezeti-es-mukodesi-szabalyzat\/i-konyv-szmr\/szmsz_szmr_i_konyv_i_4_resz_a-hallgatoi-rendezvenyek\/\">I.4 SONDERTEIL &#8211; REGELN F\u00dcR DIE ORGANISATION VON STUDENTISCHEN VERANSTALTUNGEN UND DIENSTLEISTUNGEN F\u00dcR STUDIERENDE<\/a><\/p>\n<hr \/>\n<p style=\"text-align: justify\"><a href=\"https:\/\/semmelweis.hu\/jogigfoig\/dokumentumtar\/szabalyzattar\/szervezeti-es-mukodesi-szabalyzat\/i-konyv-szmr\/szmsz_szmr_i_konyv_i_5_resz_minosegiranyitasi_szabalyozas\/\" target=\"_blank\" rel=\"noopener\">I.5. R\u00c9SZ &#8211; MIN\u0150S\u00c9GIR\u00c1NY\u00cdT\u00c1SI SZAB\u00c1LYOZ\u00c1S<\/a><\/p>\n<p style=\"padding-left: 40px;text-align: justify\"><a href=\"https:\/\/semmelweis.hu\/jogigfoig\/dokumentumtar\/szabalyzattar\/szervezeti-es-mukodesi-szabalyzat\/i-konyv-szmr\/szmsz_szmr_i_konyv_i_5_resz_minosegiranyitasi_szabalyozas\/\">I.5. SPECIFIC PART &#8211; QUALITY MANAGEMENT REGULATION<\/a><\/p>\n<p style=\"padding-left: 40px;text-align: justify\"><a href=\"https:\/\/semmelweis.hu\/jogigfoig\/dokumentumtar\/szabalyzattar\/szervezeti-es-mukodesi-szabalyzat\/i-konyv-szmr\/szmsz_szmr_i_konyv_i_5_resz_minosegiranyitasi_szabalyozas\/\">I.5. SPEZIFISCHER TEIL &#8211; QUALIT\u00c4TSMANAGEMENT-VERORDNUNG<\/a><\/p>\n<hr \/>\n<p style=\"text-align: justify\"><a href=\"https:\/\/semmelweis.hu\/jogigfoig\/dokumentumtar\/szabalyzattar\/szervezeti-es-mukodesi-szabalyzat\/i-konyv-szmr\/szmsz_szmr_i_konyv_i_6_resz_szellemitulajdon_kezelesi_szabalyzat\/\" target=\"_blank\" rel=\"noopener\">I.6. R\u00c9SZ &#8211; SZELLEMITULAJDON-KEZEL\u00c9SI SZAB\u00c1LYZAT<\/a><\/p>\n<p style=\"padding-left: 40px;text-align: justify\"><a href=\"https:\/\/semmelweis.hu\/jogigfoig\/dokumentumtar\/szabalyzattar\/szervezeti-es-mukodesi-szabalyzat\/i-konyv-szmr\/szmsz_szmr_i_konyv_i_6_resz_szellemitulajdon_kezelesi_szabalyzat\/\" target=\"_blank\" rel=\"noopener\">I.6. SPECIAL PART &#8211; INTELLECTUAL PROPERTY MANAGEMENT POLICY<\/a><\/p>\n<p style=\"padding-left: 40px;text-align: justify\"><a href=\"https:\/\/semmelweis.hu\/jogigfoig\/dokumentumtar\/szabalyzattar\/szervezeti-es-mukodesi-szabalyzat\/i-konyv-szmr\/szmsz_szmr_i_konyv_i_6_resz_szellemitulajdon_kezelesi_szabalyzat\/\" target=\"_blank\" rel=\"noopener\">I.6. BESONDERER TEIL &#8211; REGELUNG ZUM UMGANG MIT GEISTIGEM EIGENTUM<\/a><\/p>\n<ul style=\"text-align: justify\">\n<li><a href=\"https:\/\/semmelweis.hu\/jogigfoig\/files\/2024\/02\/Szerzoi-jogi-kisokos_kozzetetelre.pdf\">Szerz\u0151i jogi kisokos<\/a><\/li>\n<\/ul>\n<hr \/>\n<p style=\"text-align: justify\"><a href=\"https:\/\/semmelweis.hu\/jogigfoig\/dokumentumtar\/szabalyzattar\/szervezeti-es-mukodesi-szabalyzat\/i-konyv-szmr\/szmsz-szmr-i-konyv-i-7-resz-a-tulajdonosi-alapitoi-joggyakorlassal-erintett-gazdalkodo-szervezetek\/\" target=\"_blank\" rel=\"noopener\">I.7. R\u00c9SZ &#8211; A TULAJDONOSI\/ALAP\u00cdT\u00d3I JOGGYAKORL\u00c1SSAL \u00c9RINTETT GAZD\u00c1LKOD\u00d3 SZERVEZETEK<\/a><\/p>\n<p style=\"padding-left: 40px;text-align: justify\"><a href=\"https:\/\/semmelweis.hu\/jogigfoig\/dokumentumtar\/szabalyzattar\/szervezeti-es-mukodesi-szabalyzat\/i-konyv-szmr\/szmsz-szmr-i-konyv-i-7-resz-a-tulajdonosi-alapitoi-joggyakorlassal-erintett-gazdalkodo-szervezetek\/\" target=\"_blank\" rel=\"noopener\">I.7. SPECIAL PART &#8211; THE ECONOMIC ENTITIES INVOLVED IN THE OWNERSHIP\/FOUNDING<\/a><\/p>\n<p style=\"padding-left: 40px;text-align: justify\"><a href=\"https:\/\/semmelweis.hu\/jogigfoig\/dokumentumtar\/szabalyzattar\/szervezeti-es-mukodesi-szabalyzat\/i-konyv-szmr\/szmsz-szmr-i-konyv-i-7-resz-a-tulajdonosi-alapitoi-joggyakorlassal-erintett-gazdalkodo-szervezetek\/\" target=\"_blank\" rel=\"noopener\">I.7. BESONDERER TEIL &#8211; DIE AN DER EIGENT\u00dcMERSCHAFT\/GR\u00dcNDUNG BETEILIGTEN WIRTSCHAFTLICHEN EINHEITEN<\/a><\/p>\n<p style=\"text-align: justify\"><strong>Kapcsol\u00f3d\u00f3 utas\u00edt\u00e1sok:<\/strong><\/p>\n<ul style=\"text-align: justify\">\n<li>\n<p style=\"text-align: justify\"><a href=\"https:\/\/semmelweis.hu\/jogigfoig\/2023\/11\/13\/rke-14-2023-xi-07-szamu-rektori-kancellari-klinikai-kozpont-elnoki-utasitas-az-egyetem-szervezeti-egysegeinek-magyar-es-egyes-idegen-nyelvu-egyseges-elnevezesevel-kapcsolatos-reszletes-szabalyairo\/\">RKE\/14\/2023. (XI.07.) sz\u00e1m\u00fa rektori-kancell\u00e1ri-Klinikai K\u00f6zpont eln\u00f6ki utas\u00edt\u00e1s\u00a0az Egyetem szervezeti egys\u00e9geinek magyar \u00e9s egyes idegen nyelv\u0171 egys\u00e9ges elnevez\u00e9s\u00e9vel kapcsolatos r\u00e9szletes szab\u00e1lyair\u00f3l<\/a><\/p>\n<\/li>\n<li style=\"text-align: justify\">\n<p><a href=\"https:\/\/semmelweis.hu\/jogigfoig\/2023\/10\/26\/kke-1-2023-x-26-szamu-klinikai-kozpont-elnoki-utasitas-a-klinikai-kozponthoz-tartozo-betegellato-szervezeti-egysegekben-torteno-traumatologiai-ellatassal-osszefuggo-intezkedesekrol\/\">KKE\/1\/2023. (X.26.) sz\u00e1m\u00fa Klinikai K\u00f6zpont eln\u00f6ki utas\u00edt\u00e1s a Klinikai K\u00f6zponthoz tartoz\u00f3 betegell\u00e1t\u00f3 szervezeti egys\u00e9gekben t\u00f6rt\u00e9n\u0151 traumatol\u00f3giai ell\u00e1t\u00e1ssal \u00f6sszef\u00fcgg\u0151 int\u00e9zked\u00e9sekr\u0151l<\/a><\/p>\n<\/li>\n<li style=\"text-align: justify\">\n<p><a href=\"https:\/\/semmelweis.hu\/jogigfoig\/2021\/12\/20\/rke-8-2021-xii-15-sz-rektori-kancellari-klinikai-kozpont-elnoki-utasitas-az-egeszsegugyi-tevekenyseggel-osszefuggo-karteritesi-perekbol-szarmazo-fizetesi-kotelezettseg-megteritesenek-modjarol\/\">RKE\/8\/2021. (XII.15.) sz. rektori-kancell\u00e1ri- klinikai k\u00f6zpont eln\u00f6ki utas\u00edt\u00e1s az eg\u00e9szs\u00e9g\u00fcgyi tev\u00e9kenys\u00e9ggel \u00f6sszef\u00fcgg\u0151 k\u00e1rt\u00e9r\u00edt\u00e9si perekb\u0151l sz\u00e1rmaz\u00f3 fizet\u00e9si k\u00f6telezetts\u00e9g megt\u00e9r\u00edt\u00e9s\u00e9nek m\u00f3dj\u00e1r\u00f3l<\/a><\/p>\n<\/li>\n<\/ul>\n","protected":false},"excerpt":{"rendered":"<p><a href=\"https:\/\/semmelweis.hu\/jogigfoig\/dokumentumtar\/szabalyzattar\/szervezeti-es-mukodesi-szabalyzat\/i-konyv-szmr\/szmsz-szmr-i-konyv-i-1-resz-altalanos-szmr-i-1-resz-melleklet\/\" target=\"_blank\" rel=\"noopener\">I.1. R\u00c9SZ &#8211; \u00c1LTAL\u00c1NOS SZERVEZETI \u00c9S M\u0170K\u00d6D\u00c9SI RENDELKEZ\u00c9SEK<\/a><br \/>\n<a href=\"https:\/\/semmelweis.hu\/jogigfoig\/dokumentumtar\/szabalyzattar\/szervezeti-es-mukodesi-szabalyzat\/i-konyv-szmr\/szmsz-szmr-i-konyv-i-1-resz-altalanos-szmr-i-1-resz-melleklet\/\">I.1 GENERAL PART GENERAL ORGANISATIONAL AND OPERATING RULES<\/a><\/p>\n<p><a href=\"https:\/\/semmelweis.hu\/jogigfoig\/dokumentumtar\/szabalyzattar\/szervezeti-es-mukodesi-szabalyzat\/i-konyv-szmr\/szmsz-szmr-i-konyv-i-1-resz-altalanos-szmr-i-1-resz-melleklet\/\" target=\"_blank\" rel=\"noopener\">I.1. R\u00c9SZ &#8211; MELL\u00c9KLETEK<\/a><br \/>\n<a href=\"https:\/\/semmelweis.hu\/jogigfoig\/dokumentumtar\/szabalyzattar\/szervezeti-es-mukodesi-szabalyzat\/i-konyv-szmr\/szmsz-szmr-i-konyv-i-1-resz-altalanos-szmr-i-1-resz-melleklet\/\">I.1 GENERAL PART ANNEXES<\/a><\/p>\n<p><a href=\"https:\/\/semmelweis.hu\/jogigfoig\/dokumentumtar\/szabalyzattar\/szervezeti-es-mukodesi-szabalyzat\/i-konyv-szmr\/szmsz_szmr_i_konyv_i_2_resz_a_szenatus_ugyrendje_i_2_resz_melleklet\/\" target=\"_blank\" rel=\"noopener\">I.2. R\u00c9SZ\u00a0 &#8211; A SZEN\u00c1TUS \u00dcGYRENDJE<\/a><br \/>\n<a href=\"https:\/\/semmelweis.hu\/jogigfoig\/dokumentumtar\/szabalyzattar\/szervezeti-es-mukodesi-szabalyzat\/i-konyv-szmr\/szmsz_szmr_i_konyv_i_2_resz_a_szenatus_ugyrendje_i_2_resz_melleklet\/\" target=\"_blank\" rel=\"noopener\">I.2. SPECIAL PART &#8211; SENATE RULES OF PROCEDURE<\/a><\/p>\n<p><a href=\"https:\/\/semmelweis.hu\/jogigfoig\/dokumentumtar\/szabalyzattar\/szervezeti-es-mukodesi-szabalyzat\/i-konyv-szmr\/szmsz_szmr_i_konyv_i_2_resz_a_szenatus_ugyrendje_i_2_resz_melleklet\/\" target=\"_blank\" rel=\"noopener\">I.2. R\u00c9SZ &#8211; MELL\u00c9KLET<\/a><br \/>\n<a href=\"https:\/\/semmelweis.hu\/jogigfoig\/dokumentumtar\/szabalyzattar\/szervezeti-es-mukodesi-szabalyzat\/i-konyv-szmr\/szmsz_szmr_i_konyv_i_2_resz_a_szenatus_ugyrendje_i_2_resz_melleklet\/\" target=\"_blank\" rel=\"noopener\">I.2. SPECIAL PART &#8211; ANNEX<\/a><\/p>\n<p><a href=\"https:\/\/semmelweis.hu\/jogigfoig\/dokumentumtar\/szabalyzattar\/szervezeti-es-mukodesi-szabalyzat\/i-konyv-szmr\/szmsz_szmr_i_konyv_i_3_resz_testuleti_es_vezetoi_valasztasok\/\" target=\"_blank\" rel=\"noopener\">I.3. R\u00c9SZ\u00a0 &#8211; TEST\u00dcLETI \u00c9S VEZET\u0150I V\u00c1LASZT\u00c1SOK SZAB\u00c1LYAI<\/a><br \/>\n<a href=\"https:\/\/semmelweis.hu\/jogigfoig\/dokumentumtar\/szabalyzattar\/szervezeti-es-mukodesi-szabalyzat\/i-konyv-szmr\/szmsz_szmr_i_konyv_i_3_resz_testuleti_es_vezetoi_valasztasok\/\" target=\"_blank\" rel=\"noopener\">I. 3. SPECIAL PART &#8211; RULES FOR THE ELECTION OF BODIES AND EXECUTIVES<\/a><\/p>\n<p><a href=\"https:\/\/semmelweis.hu\/jogigfoig\/dokumentumtar\/szabalyzattar\/szervezeti-es-mukodesi-szabalyzat\/i-konyv-szmr\/szmsz_szmr_i_konyv_i_4_resz_a-hallgatoi-rendezvenyek\/\" target=\"_blank\" rel=\"noopener\">I.4. R\u00c9SZ &#8211; A HALLGAT\u00d3I RENDEZV\u00c9NYEK \u00c9S A HALLGAT\u00d3K SZ\u00c1M\u00c1RA NY\u00daJTOTT SZOLG\u00c1LTAT\u00c1SOK SZERVEZ\u00c9S\u00c9NEK RENDJE<\/a><br \/>\n<a href=\"https:\/\/semmelweis.hu\/jogigfoig\/dokumentumtar\/szabalyzattar\/szervezeti-es-mukodesi-szabalyzat\/i-konyv-szmr\/szmsz_szmr_i_konyv_i_4_resz_a-hallgatoi-rendezvenyek\/\">I.4 SPECIAL SECTION &#8211; RULES FOR THE ORGANIZATION OF STUDENT EVENTS AND SERVICES FOR STUDENT<\/a><br \/>\n<a href=\"https:\/\/semmelweis.hu\/jogigfoig\/dokumentumtar\/szabalyzattar\/szervezeti-es-mukodesi-szabalyzat\/i-konyv-szmr\/szmsz_szmr_i_konyv_i_4_resz_a-hallgatoi-rendezvenyek\/\">I.4 SONDERTEIL &#8211; REGELN F\u00dcR DIE ORGANISATION VON STUDENTISCHEN VERANSTALTUNGEN UND DIENSTLEISTUNGEN F\u00dcR STUDIERENDE<\/a><\/p>\n<p><a href=\"https:\/\/semmelweis.hu\/jogigfoig\/dokumentumtar\/szabalyzattar\/szervezeti-es-mukodesi-szabalyzat\/i-konyv-szmr\/szmsz_szmr_i_konyv_i_5_resz_minosegiranyitasi_szabalyozas\/\" target=\"_blank\" rel=\"noopener\">I.5. R\u00c9SZ &#8211; MIN\u0150S\u00c9GIR\u00c1NY\u00cdT\u00c1SI SZAB\u00c1LYOZ\u00c1S<\/a><br \/>\n<a href=\"https:\/\/semmelweis.hu\/jogigfoig\/dokumentumtar\/szabalyzattar\/szervezeti-es-mukodesi-szabalyzat\/i-konyv-szmr\/szmsz_szmr_i_konyv_i_5_resz_minosegiranyitasi_szabalyozas\/\">I.5. SPECIFIC PART &#8211; QUALITY MANAGEMENT REGULATION<\/a><br \/>\n<a href=\"https:\/\/semmelweis.hu\/jogigfoig\/dokumentumtar\/szabalyzattar\/szervezeti-es-mukodesi-szabalyzat\/i-konyv-szmr\/szmsz_szmr_i_konyv_i_5_resz_minosegiranyitasi_szabalyozas\/\">I.5. SPEZIFISCHER TEIL &#8211; QUALIT\u00c4TSMANAGEMENT-VERORDNUNG<\/a><\/p>\n<p><a href=\"https:\/\/semmelweis.hu\/jogigfoig\/dokumentumtar\/szabalyzattar\/szervezeti-es-mukodesi-szabalyzat\/i-konyv-szmr\/szmsz_szmr_i_konyv_i_6_resz_szellemitulajdon_kezelesi_szabalyzat\/\" target=\"_blank\" rel=\"noopener\">I.6. R\u00c9SZ &#8211; SZELLEMITULAJDON-KEZEL\u00c9SI SZAB\u00c1LYZAT<\/a><br \/>\n<a href=\"https:\/\/semmelweis.hu\/jogigfoig\/dokumentumtar\/szabalyzattar\/szervezeti-es-mukodesi-szabalyzat\/i-konyv-szmr\/szmsz_szmr_i_konyv_i_6_resz_szellemitulajdon_kezelesi_szabalyzat\/\" target=\"_blank\" rel=\"noopener\">I.6. SPECIAL PART &#8211; INTELLECTUAL PROPERTY MANAGEMENT POLICY<\/a><br \/>\n<a href=\"https:\/\/semmelweis.hu\/jogigfoig\/dokumentumtar\/szabalyzattar\/szervezeti-es-mukodesi-szabalyzat\/i-konyv-szmr\/szmsz_szmr_i_konyv_i_6_resz_szellemitulajdon_kezelesi_szabalyzat\/\" target=\"_blank\" rel=\"noopener\">I.6. BESONDERER TEIL &#8211; REGELUNG ZUM UMGANG MIT GEISTIGEM EIGENTUM<\/a><\/p>\n<p><a href=\"https:\/\/semmelweis.hu\/jogigfoig\/files\/2024\/02\/Szerzoi-jogi-kisokos_kozzetetelre.pdf\">Szerz\u0151i jogi kisokos<\/a><\/p>\n<p><a href=\"https:\/\/semmelweis.hu\/jogigfoig\/dokumentumtar\/szabalyzattar\/szervezeti-es-mukodesi-szabalyzat\/i-konyv-szmr\/szmsz-szmr-i-konyv-i-7-resz-a-tulajdonosi-alapitoi-joggyakorlassal-erintett-gazdalkodo-szervezetek\/\" target=\"_blank\" rel=\"noopener\">I.7. R\u00c9SZ &#8211; A TULAJDONOSI\/ALAP\u00cdT\u00d3I JOGGYAKORL\u00c1SSAL \u00c9RINTETT GAZD\u00c1LKOD\u00d3 SZERVEZETEK<\/a><br \/>\n<a href=\"https:\/\/semmelweis.hu\/jogigfoig\/dokumentumtar\/szabalyzattar\/szervezeti-es-mukodesi-szabalyzat\/i-konyv-szmr\/szmsz-szmr-i-konyv-i-7-resz-a-tulajdonosi-alapitoi-joggyakorlassal-erintett-gazdalkodo-szervezetek\/\" target=\"_blank\" rel=\"noopener\">I.7. SPECIAL PART &#8211; THE ECONOMIC ENTITIES INVOLVED IN THE OWNERSHIP\/FOUNDING<\/a><br \/>\n<a href=\"https:\/\/semmelweis.hu\/jogigfoig\/dokumentumtar\/szabalyzattar\/szervezeti-es-mukodesi-szabalyzat\/i-konyv-szmr\/szmsz-szmr-i-konyv-i-7-resz-a-tulajdonosi-alapitoi-joggyakorlassal-erintett-gazdalkodo-szervezetek\/\" target=\"_blank\" rel=\"noopener\">I.7. BESONDERER TEIL &#8211; DIE AN DER EIGENT\u00dcMERSCHAFT\/GR\u00dcNDUNG BETEILIGTEN WIRTSCHAFTLICHEN EINHEITEN<\/a><br \/>\nKapcsol\u00f3d\u00f3 utas\u00edt\u00e1sok:<\/p>\n<p><a href=\"https:\/\/semmelweis.hu\/jogigfoig\/2023\/11\/13\/rke-14-2023-xi-07-szamu-rektori-kancellari-klinikai-kozpont-elnoki-utasitas-az-egyetem-szervezeti-egysegeinek-magyar-es-egyes-idegen-nyelvu-egyseges-elnevezesevel-kapcsolatos-reszletes-szabalyairo\/\">RKE\/14\/2023. (XI.07.) sz\u00e1m\u00fa rektori-kancell\u00e1ri-Klinikai K\u00f6zpont eln\u00f6ki utas\u00edt\u00e1s\u00a0az Egyetem szervezeti egys\u00e9geinek magyar \u00e9s egyes idegen nyelv\u0171 egys\u00e9ges elnevez\u00e9s\u00e9vel kapcsolatos r\u00e9szletes szab\u00e1lyair\u00f3l<\/a><\/p>\n<p><a href=\"https:\/\/semmelweis.hu\/jogigfoig\/2023\/10\/26\/kke-1-2023-x-26-szamu-klinikai-kozpont-elnoki-utasitas-a-klinikai-kozponthoz-tartozo-betegellato-szervezeti-egysegekben-torteno-traumatologiai-ellatassal-osszefuggo-intezkedesekrol\/\">KKE\/1\/2023. (X.26.) sz\u00e1m\u00fa Klinikai K\u00f6zpont eln\u00f6ki utas\u00edt\u00e1s a Klinikai K\u00f6zponthoz tartoz\u00f3 betegell\u00e1t\u00f3 szervezeti egys\u00e9gekben t\u00f6rt\u00e9n\u0151 traumatol\u00f3giai ell\u00e1t\u00e1ssal \u00f6sszef\u00fcgg\u0151 int\u00e9zked\u00e9sekr\u0151l<\/a><\/p>\n<p><a href=\"https:\/\/semmelweis.hu\/jogigfoig\/2021\/12\/20\/rke-8-2021-xii-15-sz-rektori-kancellari-klinikai-kozpont-elnoki-utasitas-az-egeszsegugyi-tevekenyseggel-osszefuggo-karteritesi-perekbol-szarmazo-fizetesi-kotelezettseg-megteritesenek-modjarol\/\">RKE\/8\/2021. (XII.15.) sz. rektori-kancell\u00e1ri- klinikai k\u00f6zpont eln\u00f6ki utas\u00edt\u00e1s az eg\u00e9szs\u00e9g\u00fcgyi tev\u00e9kenys\u00e9ggel \u00f6sszef\u00fcgg\u0151 k\u00e1rt\u00e9r\u00edt\u00e9si perekb\u0151l sz\u00e1rmaz\u00f3 fizet\u00e9si k\u00f6telezetts\u00e9g megt\u00e9r\u00edt\u00e9s\u00e9nek m\u00f3dj\u00e1r\u00f3l<\/a><\/p>\n","protected":false},"author":101467,"featured_media":0,"parent":73486,"menu_order":0,"comment_status":"closed","ping_status":"closed","template":"","meta":{"_acf_changed":false,"footnotes":""},"categories":[],"tags":[],"class_list":["post-73487","page","type-page","status-publish","hentry"],"acf":[],"_links":{"self":[{"href":"https:\/\/semmelweis.hu\/jogigfoig\/wp-json\/wp\/v2\/pages\/73487","targetHints":{"allow":["GET"]}}],"collection":[{"href":"https:\/\/semmelweis.hu\/jogigfoig\/wp-json\/wp\/v2\/pages"}],"about":[{"href":"https:\/\/semmelweis.hu\/jogigfoig\/wp-json\/wp\/v2\/types\/page"}],"author":[{"embeddable":true,"href":"https:\/\/semmelweis.hu\/jogigfoig\/wp-json\/wp\/v2\/users\/101467"}],"replies":[{"embeddable":true,"href":"https:\/\/semmelweis.hu\/jogigfoig\/wp-json\/wp\/v2\/comments?post=73487"}],"version-history":[{"count":12,"href":"https:\/\/semmelweis.hu\/jogigfoig\/wp-json\/wp\/v2\/pages\/73487\/revisions"}],"predecessor-version":[{"id":99482,"href":"https:\/\/semmelweis.hu\/jogigfoig\/wp-json\/wp\/v2\/pages\/73487\/revisions\/99482"}],"up":[{"embeddable":true,"href":"https:\/\/semmelweis.hu\/jogigfoig\/wp-json\/wp\/v2\/pages\/73486"}],"wp:attachment":[{"href":"https:\/\/semmelweis.hu\/jogigfoig\/wp-json\/wp\/v2\/media?parent=73487"}],"wp:term":[{"taxonomy":"category","embeddable":true,"href":"https:\/\/semmelweis.hu\/jogigfoig\/wp-json\/wp\/v2\/categories?post=73487"},{"taxonomy":"post_tag","embeddable":true,"href":"https:\/\/semmelweis.hu\/jogigfoig\/wp-json\/wp\/v2\/tags?post=73487"}],"curies":[{"name":"wp","href":"https:\/\/api.w.org\/{rel}","templated":true}]}}