{"id":73432,"date":"2019-07-09T11:46:14","date_gmt":"2019-07-09T09:46:14","guid":{"rendered":"http:\/\/semmelweis.hu\/jogigfoig\/?page_id=73432"},"modified":"2020-02-07T15:01:12","modified_gmt":"2020-02-07T14:01:12","slug":"2019-julius-2","status":"publish","type":"page","link":"https:\/\/semmelweis.hu\/jogigfoig\/testuletek\/szenatus\/2019-evi-szenatusi-hatarozatok\/2019-julius-2\/","title":{"rendered":"2019. j\u00falius 2."},"content":{"rendered":"<p style=\"text-align: justify\"><a href=\"https:\/\/semmelweis.hu\/jogigfoig\/files\/2019\/07\/N-9_2019_VII.2_\u00fcgyrendi_rendes_\u00fcl\u00e9s_napirend.pdf\">N-9.\/2019. (VII.02.) sz\u00e1m\u00fa hat\u00e1rozata\u00a0a Szen\u00e1tus 2019. j\u00falius 2-i rendes \u00fcl\u00e9s\u00e9nek napirendj\u00e9r\u0151l<\/a><\/p>\n<p style=\"text-align: justify\"><a href=\"https:\/\/semmelweis.hu\/jogigfoig\/files\/2019\/07\/N-10_2019_VII.2_\u00fcgyrendi_napirend_t\u00f6rl\u00e9se.pdf\">N-10.\/2019. (VII.02.) sz\u00e1m\u00fa hat\u00e1rozata\u00a0a szen\u00e1tusi \u00fcl\u00e9s napirendj\u00e9nek m\u00f3dos\u00edt\u00e1s\u00e1r\u00f3l<\/a><\/p>\n<p style=\"text-align: justify\"><a href=\"https:\/\/semmelweis.hu\/jogigfoig\/files\/2019\/07\/65_2019_\u00c1OK-kurrikulum-m\u00f3dos\u00edt\u00e1s.pdf\">65\/2019. (VII.02.) sz\u00e1m\u00fa hat\u00e1rozata\u00a0az orvosk\u00e9pz\u00e9s kurrikulum\u00e1nak m\u00f3dos\u00edt\u00e1s\u00e1r\u00f3l\u00a0az \u00c1ltal\u00e1nos Orvostudom\u00e1ny Karon<\/a><\/p>\n<p><a href=\"https:\/\/semmelweis.hu\/jogigfoig\/files\/2019\/07\/65_2019_\u00c1OK-kurrikulum-m\u00f3dos\u00edt\u00e1s_kancell\u00e1ri-egyet\u00e9rt\u00e9s.pdf\">65\/2019. (VII.02.) sz\u00e1m\u00fa hat\u00e1rozata\u00a0az orvosk\u00e9pz\u00e9s kurrikulum\u00e1nak m\u00f3dos\u00edt\u00e1s\u00e1r\u00f3l\u00a0az \u00c1ltal\u00e1nos Orvostudom\u00e1ny Karon &#8211; kancell\u00e1ri egyet\u00e9rt\u00e9si jog gyakorl\u00e1sa<\/a><\/p>\n<p><a href=\"https:\/\/semmelweis.hu\/jogigfoig\/files\/2019\/07\/65_2019_\u00c1OK-kurrikulum-m\u00f3dos\u00edt\u00e1s_mell\u00e9klet.pdf\">65\/2019. (VII.02.) sz\u00e1m\u00fa hat\u00e1rozata az orvosk\u00e9pz\u00e9s kurrikulum\u00e1nak m\u00f3dos\u00edt\u00e1s\u00e1r\u00f3l az \u00c1ltal\u00e1nos Orvostudom\u00e1ny Karon &#8211; mell\u00e9klet<\/a><\/p>\n<p style=\"text-align: justify\"><a href=\"https:\/\/semmelweis.hu\/jogigfoig\/files\/2019\/07\/66_2019_\u00c1OK-2019_2020_tan\u00e9v.pdf\">66\/2019. (VII.02.) sz\u00e1m\u00fa hat\u00e1rozata\u00a0a 2019\/2020-as tan\u00e9v magyar, angol, n\u00e9met nyelv\u0171\u00a0orvosk\u00e9pz\u00e9si tant\u00e1rgystrukt\u00far\u00e1j\u00e1r\u00f3l<\/a><\/p>\n<p><a href=\"https:\/\/semmelweis.hu\/jogigfoig\/files\/2019\/07\/66_2019_\u00c1OK-2019_2020_tan\u00e9v_mell\u00e9klet.pdf\">66\/2019. (VII.02.) sz\u00e1m\u00fa hat\u00e1rozata a 2019\/2020-as tan\u00e9v magyar, angol, n\u00e9met nyelv\u0171 orvosk\u00e9pz\u00e9si tant\u00e1rgystrukt\u00far\u00e1j\u00e1r\u00f3l &#8211; mell\u00e9klet<\/a><\/p>\n<p style=\"text-align: justify\"><a href=\"https:\/\/semmelweis.hu\/jogigfoig\/files\/2019\/07\/67_2019_\u00c1OK_kurrikulum_tant\u00e1rgyi-k\u00f6vetelm\u00e9nyrendszer.pdf\">67\/2019. (VII.02.) sz\u00e1m\u00fa hat\u00e1rozata\u00a0az \u00c1ltal\u00e1nos Orvostudom\u00e1nyi Kar 2019\/2020-as tan\u00e9v kurrikulum\u00e1nak\u00a0tant\u00e1rgyi k\u00f6vetelm\u00e9nyrendszerei<\/a><\/p>\n<p style=\"text-align: justify\"><a href=\"https:\/\/semmelweis.hu\/jogigfoig\/files\/2019\/07\/68_2019_FOK-kurrikulum-m\u00f3dos\u00edt\u00e1sa.pdf\">68\/2019. (VII.02.) sz\u00e1m\u00fa hat\u00e1rozata\u00a0a Fogorvostudom\u00e1nyi Kar \u00e1tdolgozott kurrikulum\u00e1nak elfogad\u00e1s\u00e1r\u00f3l\u00a0a 2019\/2020. tan\u00e9vt\u0151l<\/a><\/p>\n<p><a href=\"https:\/\/semmelweis.hu\/jogigfoig\/files\/2019\/07\/68_2019_FOK-kurrikulum-m\u00f3dos\u00edt\u00e1s_mell\u00e9klet.pdf\">68\/2019. (VII.02.) sz\u00e1m\u00fa hat\u00e1rozata a Fogorvostudom\u00e1nyi Kar \u00e1tdolgozott kurrikulum\u00e1nak elfogad\u00e1s\u00e1r\u00f3l a 2019\/2020. tan\u00e9vt\u0151l &#8211; mell\u00e9klet<\/a><\/p>\n<p style=\"text-align: justify\"><a href=\"https:\/\/semmelweis.hu\/jogigfoig\/files\/2019\/07\/69_2019_SZMSZ_Professor-Emeritus.pdf\">69\/2019. (VII.02.) sz\u00e1m\u00fa hat\u00e1rozata\u00a0a Szervezeti \u00e9s M\u0171k\u00f6d\u00e9si Szab\u00e1lyzat egyes rendelkez\u00e9seinek m\u00f3dos\u00edt\u00e1s\u00e1r\u00f3l<\/a><\/p>\n<p style=\"text-align: justify\"><a href=\"https:\/\/semmelweis.hu\/jogigfoig\/files\/2019\/07\/70_2019_SZMSZ_uj_modositas.pdf\">70\/2019. (VII.02.) sz\u00e1m\u00fa hat\u00e1rozata\u00a0az \u00faj Szervezeti \u00e9s M\u0171k\u00f6d\u00e9si Szab\u00e1lyzat egyes rendelkez\u00e9sei m\u00f3dos\u00edt\u00e1s\u00e1nak\u00a0elfogad\u00e1s\u00e1r\u00f3l<\/a><\/p>\n<p><a href=\"https:\/\/semmelweis.hu\/jogigfoig\/files\/2019\/07\/70_2019_SZMSZ_kancell\u00e1ri_egyet\u00e9rt\u00e9s.pdf\">70\/2019. (VII.02.) sz\u00e1m\u00fa hat\u00e1rozata az \u00faj Szervezeti \u00e9s M\u0171k\u00f6d\u00e9si Szab\u00e1lyzat egyes rendelkez\u00e9sei m\u00f3dos\u00edt\u00e1s\u00e1nak elfogad\u00e1s\u00e1r\u00f3l &#8211; kancell\u00e1ri egyet\u00e9rt\u00e9si jog gyakorl\u00e1sa<\/a><\/p>\n<p><a href=\"https:\/\/semmelweis.hu\/jogigfoig\/files\/2019\/07\/70_2019_SZMSZ_1-sz-mell\u00e9klet.pdf\">70\/2019. (VII.02.) sz\u00e1m\u00fa hat\u00e1rozata az \u00faj Szervezeti \u00e9s M\u0171k\u00f6d\u00e9si Szab\u00e1lyzat egyes rendelkez\u00e9sei m\u00f3dos\u00edt\u00e1s\u00e1nak elfogad\u00e1s\u00e1r\u00f3l &#8211; 1. sz. mell\u00e9klet<\/a><\/p>\n<p><a href=\"https:\/\/semmelweis.hu\/jogigfoig\/files\/2019\/07\/70_2019_SZMSZ_2-sz-mell\u00e9klet.pdf\">70\/2019. (VII.02.) sz\u00e1m\u00fa hat\u00e1rozata\u00a0az \u00faj Szervezeti \u00e9s M\u0171k\u00f6d\u00e9si Szab\u00e1lyzat egyes rendelkez\u00e9sei m\u00f3dos\u00edt\u00e1s\u00e1nak\u00a0elfogad\u00e1s\u00e1r\u00f3l &#8211; 2. sz. mell\u00e9klet<\/a><\/p>\n<p><a href=\"https:\/\/semmelweis.hu\/jogigfoig\/files\/2019\/07\/70_2019_SZMSZ_3-sz-mell\u00e9klet.pdf\">70\/2019. (VII.02.) sz\u00e1m\u00fa hat\u00e1rozata\u00a0az \u00faj Szervezeti \u00e9s M\u0171k\u00f6d\u00e9si Szab\u00e1lyzat egyes rendelkez\u00e9sei m\u00f3dos\u00edt\u00e1s\u00e1nak\u00a0elfogad\u00e1s\u00e1r\u00f3l &#8211; 3. sz. mell\u00e9klet<\/a><\/p>\n<p><a href=\"https:\/\/semmelweis.hu\/jogigfoig\/files\/2019\/07\/70_2019_SZMSZ_4-sz-mell\u00e9klet.pdf\">70\/2019. (VII.02.) sz\u00e1m\u00fa hat\u00e1rozata\u00a0az \u00faj Szervezeti \u00e9s M\u0171k\u00f6d\u00e9si Szab\u00e1lyzat egyes rendelkez\u00e9sei m\u00f3dos\u00edt\u00e1s\u00e1nak\u00a0elfogad\u00e1s\u00e1r\u00f3l &#8211; 4. sz. mell\u00e9klet<\/a><\/p>\n<p style=\"text-align: justify\"><a href=\"https:\/\/semmelweis.hu\/jogigfoig\/files\/2019\/07\/71_2019_Huggonai-Vilma-jutalomd\u00edj.pdf\">71\/2019. (VII.02.) sz\u00e1m\u00fa hat\u00e1rozata\u00a0a 2019. \u00e9vi Hugonnai Vilma eml\u00e9k\u00e9rem \u00e9s jutalomd\u00edj adom\u00e1nyoz\u00e1s\u00e1r\u00f3l<\/a><\/p>\n<p><a href=\"https:\/\/semmelweis.hu\/jogigfoig\/files\/2019\/07\/71_2019_Huggonai-Vilma-jutalomd\u00edj_kancell\u00e1ri-egyet\u00e9rt\u00e9s.pdf\">71\/2019. (VII.02.) sz\u00e1m\u00fa hat\u00e1rozata\u00a0a 2019. \u00e9vi Hugonnai Vilma eml\u00e9k\u00e9rem \u00e9s jutalomd\u00edj adom\u00e1nyoz\u00e1s\u00e1r\u00f3l &#8211; kancell\u00e1ri egyet\u00e9rt\u00e9si jog gyakorl\u00e1sa<\/a><\/p>\n<p style=\"text-align: justify\"><a href=\"https:\/\/semmelweis.hu\/jogigfoig\/files\/2019\/07\/72_2019_Huzella-Tivadar-jutalomd\u00edj.pdf\">72\/2019. (VII.02.) sz\u00e1m\u00fa hat\u00e1rozata\u00a0a 2019. \u00e9vi Huzella Tivadar eml\u00e9k\u00e9rem \u00e9s jutalomd\u00edj adom\u00e1nyoz\u00e1s\u00e1r\u00f3l<\/a><\/p>\n<p style=\"text-align: justify\"><a href=\"https:\/\/semmelweis.hu\/jogigfoig\/files\/2019\/07\/72_2019_Huzella-Tivadar-jutalomd\u00edj_kancell\u00e1ri-egyet\u00e9rt\u00e9s.pdf\">72\/2019. (VII.02.) sz\u00e1m\u00fa hat\u00e1rozata\u00a0a 2019. \u00e9vi Huzella Tivadar eml\u00e9k\u00e9rem \u00e9s jutalomd\u00edj adom\u00e1nyoz\u00e1s\u00e1r\u00f3l &#8211; kancell\u00e1ri egyet\u00e9rt\u00e9si jog gyakorl\u00e1sa<\/a><\/p>\n<p style=\"text-align: justify\"><a href=\"https:\/\/semmelweis.hu\/jogigfoig\/files\/2019\/07\/73_2019_Jendrassik-Ern\u0151-jutalomd\u00edj.pdf\">73\/2019. (VII.02.) sz\u00e1m\u00fa hat\u00e1rozata\u00a0a 2019. \u00e9vi Jendrassik Ern\u0151 eml\u00e9k\u00e9rem \u00e9s jutalomd\u00edj adom\u00e1nyoz\u00e1s\u00e1r\u00f3l<\/a><\/p>\n<p><a href=\"https:\/\/semmelweis.hu\/jogigfoig\/files\/2019\/07\/73_2019_Jendrassik-Ern\u0151-jutalomd\u00edj_kancell\u00e1ri-egyet\u00e9rt\u00e9s.pdf\">73\/2019. (VII.02.) sz\u00e1m\u00fa hat\u00e1rozata a 2019. \u00e9vi Jendrassik Ern\u0151 eml\u00e9k\u00e9rem \u00e9s jutalomd\u00edj adom\u00e1nyoz\u00e1s\u00e1r\u00f3l &#8211; kancell\u00e1ri egyet\u00e9rt\u00e9si jog gyakorl\u00e1sa<\/a><\/p>\n<p style=\"text-align: justify\"><a href=\"https:\/\/semmelweis.hu\/jogigfoig\/files\/2019\/07\/74_2019_GYTK-kari-bizotts\u00e1gok.pdf\">74\/2019. (VII.02.) sz\u00e1m\u00fa hat\u00e1rozata\u00a0a Gy\u00f3gyszer\u00e9sztudom\u00e1nyi Karon a Szen\u00e1tus \u00e1ltal l\u00e9trehozott kari \u00e1lland\u00f3 bizotts\u00e1gok mand\u00e1tum\u00e1nak meghosszabb\u00edt\u00e1s\u00e1r\u00f3l<\/a><\/p>\n<p style=\"text-align: justify\"><a href=\"https:\/\/semmelweis.hu\/jogigfoig\/files\/2019\/07\/75_2019_Szellemitulajdon-kezel\u00e9si-szab\u00e1lyzat.pdf\">75\/2019. (VII.02.) sz\u00e1m\u00fa hat\u00e1rozata\u00a0a Szellemitulajdon-kezel\u00e9si szab\u00e1lyzat elfogad\u00e1s\u00e1r\u00f3l<\/a><\/p>\n<p><a href=\"https:\/\/semmelweis.hu\/jogigfoig\/files\/2019\/07\/75_2019_Szellemitulajdon-kezel\u00e9si-szab\u00e1lyzat_kancell\u00e1ri-egyet\u00e9rt\u00e9s.pdf\">75\/2019. (VII.02.) sz\u00e1m\u00fa hat\u00e1rozata a Szellemitulajdon-kezel\u00e9si szab\u00e1lyzat elfogad\u00e1s\u00e1r\u00f3l &#8211; kancell\u00e1ri egyet\u00e9rt\u00e9si jog gyakorl\u00e1sa<\/a><\/p>\n","protected":false},"excerpt":{"rendered":"<p><a href=\"https:\/\/semmelweis.hu\/jogigfoig\/files\/2019\/07\/N-9_2019_VII.2_\u00fcgyrendi_rendes_\u00fcl\u00e9s_napirend.pdf\">N-9.\/2019. (VII.02.) sz\u00e1m\u00fa hat\u00e1rozata\u00a0a Szen\u00e1tus 2019. j\u00falius 2-i rendes \u00fcl\u00e9s\u00e9nek napirendj\u00e9r\u0151l<\/a><br \/>\n<a href=\"https:\/\/semmelweis.hu\/jogigfoig\/files\/2019\/07\/N-10_2019_VII.2_\u00fcgyrendi_napirend_t\u00f6rl\u00e9se.pdf\">N-10.\/2019. (VII.02.) sz\u00e1m\u00fa hat\u00e1rozata\u00a0a szen\u00e1tusi \u00fcl\u00e9s napirendj\u00e9nek m\u00f3dos\u00edt\u00e1s\u00e1r\u00f3l<\/a><br \/>\n<a href=\"https:\/\/semmelweis.hu\/jogigfoig\/files\/2019\/07\/65_2019_\u00c1OK-kurrikulum-m\u00f3dos\u00edt\u00e1s.pdf\">65\/2019. (VII.02.) sz\u00e1m\u00fa hat\u00e1rozata\u00a0az orvosk\u00e9pz\u00e9s kurrikulum\u00e1nak m\u00f3dos\u00edt\u00e1s\u00e1r\u00f3l\u00a0az \u00c1ltal\u00e1nos Orvostudom\u00e1ny Karon<\/a><br \/>\n<a href=\"https:\/\/semmelweis.hu\/jogigfoig\/files\/2019\/07\/65_2019_\u00c1OK-kurrikulum-m\u00f3dos\u00edt\u00e1s_kancell\u00e1ri-egyet\u00e9rt\u00e9s.pdf\">65\/2019. (VII.02.) sz\u00e1m\u00fa hat\u00e1rozata\u00a0az orvosk\u00e9pz\u00e9s kurrikulum\u00e1nak m\u00f3dos\u00edt\u00e1s\u00e1r\u00f3l\u00a0az \u00c1ltal\u00e1nos Orvostudom\u00e1ny Karon &#8211; kancell\u00e1ri egyet\u00e9rt\u00e9si jog gyakorl\u00e1sa<\/a><br \/>\n<a href=\"https:\/\/semmelweis.hu\/jogigfoig\/files\/2019\/07\/65_2019_\u00c1OK-kurrikulum-m\u00f3dos\u00edt\u00e1s_mell\u00e9klet.pdf\">65\/2019. (VII.02.) sz\u00e1m\u00fa hat\u00e1rozata az orvosk\u00e9pz\u00e9s kurrikulum\u00e1nak m\u00f3dos\u00edt\u00e1s\u00e1r\u00f3l az \u00c1ltal\u00e1nos Orvostudom\u00e1ny Karon &#8211; mell\u00e9klet<\/a><br \/>\n<a href=\"https:\/\/semmelweis.hu\/jogigfoig\/files\/2019\/07\/66_2019_\u00c1OK-2019_2020_tan\u00e9v.pdf\">66\/2019. (VII.02.) sz\u00e1m\u00fa hat\u00e1rozata\u00a0a 2019\/2020-as tan\u00e9v magyar, angol, n\u00e9met nyelv\u0171\u00a0orvosk\u00e9pz\u00e9si tant\u00e1rgystrukt\u00far\u00e1j\u00e1r\u00f3l<\/a><br \/>\n<a href=\"https:\/\/semmelweis.hu\/jogigfoig\/files\/2019\/07\/66_2019_\u00c1OK-2019_2020_tan\u00e9v_mell\u00e9klet.pdf\">66\/2019. (VII.02.) sz\u00e1m\u00fa hat\u00e1rozata a 2019\/2020-as tan\u00e9v magyar, angol, n\u00e9met nyelv\u0171 orvosk\u00e9pz\u00e9si tant\u00e1rgystrukt\u00far\u00e1j\u00e1r\u00f3l &#8211; mell\u00e9klet<\/a><br \/>\n<a href=\"https:\/\/semmelweis.hu\/jogigfoig\/files\/2019\/07\/67_2019_\u00c1OK_kurrikulum_tant\u00e1rgyi-k\u00f6vetelm\u00e9nyrendszer.pdf\">67\/2019. (VII.02.) sz\u00e1m\u00fa hat\u00e1rozata\u00a0az \u00c1ltal\u00e1nos Orvostudom\u00e1nyi Kar 2019\/2020-as tan\u00e9v kurrikulum\u00e1nak\u00a0tant\u00e1rgyi k\u00f6vetelm\u00e9nyrendszerei<\/a><br \/>\n<a href=\"https:\/\/semmelweis.hu\/jogigfoig\/files\/2019\/07\/68_2019_FOK-kurrikulum-m\u00f3dos\u00edt\u00e1sa.pdf\">68\/2019. (VII.02.) sz\u00e1m\u00fa hat\u00e1rozata\u00a0a Fogorvostudom\u00e1nyi Kar \u00e1tdolgozott kurrikulum\u00e1nak elfogad\u00e1s\u00e1r\u00f3l\u00a0a 2019\/2020. tan\u00e9vt\u0151l<\/a><br \/>\n<a href=\"https:\/\/semmelweis.hu\/jogigfoig\/files\/2019\/07\/68_2019_FOK-kurrikulum-m\u00f3dos\u00edt\u00e1s_mell\u00e9klet.pdf\">68\/2019. (VII.02.) sz\u00e1m\u00fa hat\u00e1rozata a Fogorvostudom\u00e1nyi Kar \u00e1tdolgozott kurrikulum\u00e1nak elfogad\u00e1s\u00e1r\u00f3l a 2019\/2020. tan\u00e9vt\u0151l &#8211; mell\u00e9klet<\/a><br \/>\n<a href=\"https:\/\/semmelweis.hu\/jogigfoig\/files\/2019\/07\/69_2019_SZMSZ_Professor-Emeritus.pdf\">69\/2019. (VII.02.) sz\u00e1m\u00fa hat\u00e1rozata\u00a0a Szervezeti \u00e9s M\u0171k\u00f6d\u00e9si Szab\u00e1lyzat egyes rendelkez\u00e9seinek m\u00f3dos\u00edt\u00e1s\u00e1r\u00f3l<\/a><br \/>\n<a href=\"https:\/\/semmelweis.hu\/jogigfoig\/files\/2019\/07\/70_2019_SZMSZ_uj_modositas.pdf\">70\/2019. (VII.02.) sz\u00e1m\u00fa hat\u00e1rozata\u00a0az \u00faj Szervezeti \u00e9s M\u0171k\u00f6d\u00e9si Szab\u00e1lyzat egyes rendelkez\u00e9sei m\u00f3dos\u00edt\u00e1s\u00e1nak\u00a0elfogad\u00e1s\u00e1r\u00f3l<\/a><br \/>\n<a href=\"https:\/\/semmelweis.hu\/jogigfoig\/files\/2019\/07\/70_2019_SZMSZ_kancell\u00e1ri_egyet\u00e9rt\u00e9s.pdf\">70\/2019. (VII.02.) sz\u00e1m\u00fa hat\u00e1rozata az \u00faj Szervezeti \u00e9s M\u0171k\u00f6d\u00e9si Szab\u00e1lyzat egyes rendelkez\u00e9sei m\u00f3dos\u00edt\u00e1s\u00e1nak elfogad\u00e1s\u00e1r\u00f3l &#8211; kancell\u00e1ri egyet\u00e9rt\u00e9si jog gyakorl\u00e1sa<\/a><br \/>\n<a href=\"https:\/\/semmelweis.hu\/jogigfoig\/files\/2019\/07\/70_2019_SZMSZ_1-sz-mell\u00e9klet.pdf\">70\/2019. (VII.02.) sz\u00e1m\u00fa hat\u00e1rozata az \u00faj Szervezeti \u00e9s M\u0171k\u00f6d\u00e9si Szab\u00e1lyzat egyes rendelkez\u00e9sei m\u00f3dos\u00edt\u00e1s\u00e1nak elfogad\u00e1s\u00e1r\u00f3l &#8211; 1. sz. mell\u00e9klet<\/a><br \/>\n<a href=\"https:\/\/semmelweis.hu\/jogigfoig\/files\/2019\/07\/70_2019_SZMSZ_2-sz-mell\u00e9klet.pdf\">70\/2019. (VII.02.) sz\u00e1m\u00fa hat\u00e1rozata\u00a0az \u00faj Szervezeti \u00e9s M\u0171k\u00f6d\u00e9si Szab\u00e1lyzat egyes rendelkez\u00e9sei m\u00f3dos\u00edt\u00e1s\u00e1nak\u00a0elfogad\u00e1s\u00e1r\u00f3l &#8211; 2. sz. mell\u00e9klet<\/a><br \/>\n<a href=\"https:\/\/semmelweis.hu\/jogigfoig\/files\/2019\/07\/70_2019_SZMSZ_3-sz-mell\u00e9klet.pdf\">70\/2019. (VII.02.) sz\u00e1m\u00fa hat\u00e1rozata\u00a0az \u00faj Szervezeti \u00e9s M\u0171k\u00f6d\u00e9si Szab\u00e1lyzat egyes rendelkez\u00e9sei m\u00f3dos\u00edt\u00e1s\u00e1nak\u00a0elfogad\u00e1s\u00e1r\u00f3l &#8211; 3. sz. mell\u00e9klet<\/a><br \/>\n<a href=\"https:\/\/semmelweis.hu\/jogigfoig\/files\/2019\/07\/70_2019_SZMSZ_4-sz-mell\u00e9klet.pdf\">70\/2019. (VII.02.) sz\u00e1m\u00fa hat\u00e1rozata\u00a0az \u00faj Szervezeti \u00e9s M\u0171k\u00f6d\u00e9si Szab\u00e1lyzat egyes rendelkez\u00e9sei m\u00f3dos\u00edt\u00e1s\u00e1nak\u00a0elfogad\u00e1s\u00e1r\u00f3l &#8211; 4. sz. mell\u00e9klet<\/a><br \/>\n<a href=\"https:\/\/semmelweis.hu\/jogigfoig\/files\/2019\/07\/71_2019_Huggonai-Vilma-jutalomd\u00edj.pdf\">71\/2019. (VII.02.) sz\u00e1m\u00fa hat\u00e1rozata\u00a0a 2019. \u00e9vi Hugonnai Vilma eml\u00e9k\u00e9rem \u00e9s jutalomd\u00edj adom\u00e1nyoz\u00e1s\u00e1r\u00f3l<\/a><br \/>\n<a href=\"https:\/\/semmelweis.hu\/jogigfoig\/files\/2019\/07\/71_2019_Huggonai-Vilma-jutalomd\u00edj_kancell\u00e1ri-egyet\u00e9rt\u00e9s.pdf\">71\/2019. (VII.02.) sz\u00e1m\u00fa hat\u00e1rozata\u00a0a 2019. \u00e9vi Hugonnai Vilma eml\u00e9k\u00e9rem \u00e9s jutalomd\u00edj adom\u00e1nyoz\u00e1s\u00e1r\u00f3l &#8211; kancell\u00e1ri egyet\u00e9rt\u00e9si jog gyakorl\u00e1sa<\/a><br \/>\n<a href=\"https:\/\/semmelweis.hu\/jogigfoig\/files\/2019\/07\/72_2019_Huzella-Tivadar-jutalomd\u00edj.pdf\">72\/2019. (VII.02.) sz\u00e1m\u00fa hat\u00e1rozata\u00a0a 2019. \u00e9vi Huzella Tivadar eml\u00e9k\u00e9rem \u00e9s jutalomd\u00edj adom\u00e1nyoz\u00e1s\u00e1r\u00f3l<\/a><br \/>\n<a href=\"https:\/\/semmelweis.hu\/jogigfoig\/files\/2019\/07\/72_2019_Huzella-Tivadar-jutalomd\u00edj_kancell\u00e1ri-egyet\u00e9rt\u00e9s.pdf\">72\/2019. (VII.02.) sz\u00e1m\u00fa hat\u00e1rozata\u00a0a 2019. \u00e9vi Huzella Tivadar eml\u00e9k\u00e9rem \u00e9s jutalomd\u00edj adom\u00e1nyoz\u00e1s\u00e1r\u00f3l &#8211; kancell\u00e1ri egyet\u00e9rt\u00e9si jog gyakorl\u00e1sa<\/a><br \/>\n<a href=\"https:\/\/semmelweis.hu\/jogigfoig\/files\/2019\/07\/73_2019_Jendrassik-Ern\u0151-jutalomd\u00edj.pdf\">73\/2019. (VII.02.) sz\u00e1m\u00fa hat\u00e1rozata\u00a0a 2019. \u00e9vi Jendrassik Ern\u0151 eml\u00e9k\u00e9rem \u00e9s jutalomd\u00edj adom\u00e1nyoz\u00e1s\u00e1r\u00f3l<\/a><br \/>\n<a href=\"https:\/\/semmelweis.hu\/jogigfoig\/files\/2019\/07\/73_2019_Jendrassik-Ern\u0151-jutalomd\u00edj_kancell\u00e1ri-egyet\u00e9rt\u00e9s.pdf\">73\/2019. (VII.02.) sz\u00e1m\u00fa hat\u00e1rozata a 2019. \u00e9vi Jendrassik Ern\u0151 eml\u00e9k\u00e9rem \u00e9s jutalomd\u00edj adom\u00e1nyoz\u00e1s\u00e1r\u00f3l &#8211; kancell\u00e1ri egyet\u00e9rt\u00e9si jog gyakorl\u00e1sa<\/a><br \/>\n<a href=\"https:\/\/semmelweis.hu\/jogigfoig\/files\/2019\/07\/74_2019_GYTK-kari-bizotts\u00e1gok.pdf\">74\/2019. (VII.02.) sz\u00e1m\u00fa hat\u00e1rozata\u00a0a Gy\u00f3gyszer\u00e9sztudom\u00e1nyi Karon a Szen\u00e1tus \u00e1ltal l\u00e9trehozott kari \u00e1lland\u00f3 bizotts\u00e1gok mand\u00e1tum\u00e1nak meghosszabb\u00edt\u00e1s\u00e1r\u00f3l<\/a><br \/>\n<a href=\"https:\/\/semmelweis.hu\/jogigfoig\/files\/2019\/07\/75_2019_Szellemitulajdon-kezel\u00e9si-szab\u00e1lyzat.pdf\">75\/2019. (VII.02.) sz\u00e1m\u00fa hat\u00e1rozata\u00a0a Szellemitulajdon-kezel\u00e9si szab\u00e1lyzat elfogad\u00e1s\u00e1r\u00f3l<\/a><br \/>\n<a href=\"https:\/\/semmelweis.hu\/jogigfoig\/files\/2019\/07\/75_2019_Szellemitulajdon-kezel\u00e9si-szab\u00e1lyzat_kancell\u00e1ri-egyet\u00e9rt\u00e9s.pdf\">75\/2019. (VII.02.) sz\u00e1m\u00fa hat\u00e1rozata a Szellemitulajdon-kezel\u00e9si szab\u00e1lyzat elfogad\u00e1s\u00e1r\u00f3l &#8211; kancell\u00e1ri egyet\u00e9rt\u00e9si jog gyakorl\u00e1sa<\/a><\/p>\n","protected":false},"author":101467,"featured_media":0,"parent":72499,"menu_order":9,"comment_status":"closed","ping_status":"closed","template":"","meta":{"_acf_changed":false,"footnotes":""},"categories":[],"tags":[],"class_list":["post-73432","page","type-page","status-publish","hentry"],"acf":[],"_links":{"self":[{"href":"https:\/\/semmelweis.hu\/jogigfoig\/wp-json\/wp\/v2\/pages\/73432","targetHints":{"allow":["GET"]}}],"collection":[{"href":"https:\/\/semmelweis.hu\/jogigfoig\/wp-json\/wp\/v2\/pages"}],"about":[{"href":"https:\/\/semmelweis.hu\/jogigfoig\/wp-json\/wp\/v2\/types\/page"}],"author":[{"embeddable":true,"href":"https:\/\/semmelweis.hu\/jogigfoig\/wp-json\/wp\/v2\/users\/101467"}],"replies":[{"embeddable":true,"href":"https:\/\/semmelweis.hu\/jogigfoig\/wp-json\/wp\/v2\/comments?post=73432"}],"version-history":[{"count":5,"href":"https:\/\/semmelweis.hu\/jogigfoig\/wp-json\/wp\/v2\/pages\/73432\/revisions"}],"predecessor-version":[{"id":73483,"href":"https:\/\/semmelweis.hu\/jogigfoig\/wp-json\/wp\/v2\/pages\/73432\/revisions\/73483"}],"up":[{"embeddable":true,"href":"https:\/\/semmelweis.hu\/jogigfoig\/wp-json\/wp\/v2\/pages\/72499"}],"wp:attachment":[{"href":"https:\/\/semmelweis.hu\/jogigfoig\/wp-json\/wp\/v2\/media?parent=73432"}],"wp:term":[{"taxonomy":"category","embeddable":true,"href":"https:\/\/semmelweis.hu\/jogigfoig\/wp-json\/wp\/v2\/categories?post=73432"},{"taxonomy":"post_tag","embeddable":true,"href":"https:\/\/semmelweis.hu\/jogigfoig\/wp-json\/wp\/v2\/tags?post=73432"}],"curies":[{"name":"wp","href":"https:\/\/api.w.org\/{rel}","templated":true}]}}