{"id":73351,"date":"2019-06-27T15:35:15","date_gmt":"2019-06-27T13:35:15","guid":{"rendered":"http:\/\/semmelweis.hu\/jogigfoig\/?page_id=73351"},"modified":"2020-02-07T15:01:05","modified_gmt":"2020-02-07T14:01:05","slug":"2019-junius-20","status":"publish","type":"page","link":"https:\/\/semmelweis.hu\/jogigfoig\/testuletek\/szenatus\/2019-evi-szenatusi-hatarozatok\/2019-junius-20\/","title":{"rendered":"2019. j\u00fanius 20."},"content":{"rendered":"<p style=\"text-align: justify\"><a href=\"https:\/\/semmelweis.hu\/jogigfoig\/files\/2019\/06\/N__8_2019_\u00fcgyrendi.pdf\">N-8.\/2019. (VI.20.) sz\u00e1m\u00fa hat\u00e1rozata\u00a0a szen\u00e1tusi \u00fcl\u00e9s m\u00f3dos\u00edtott id\u0151pontj\u00e1nak \u00e9s napirendi pontjainak elfogad\u00e1s\u00e1r\u00f3l<\/a><\/p>\n<p style=\"text-align: justify\"><a href=\"https:\/\/semmelweis.hu\/jogigfoig\/files\/2019\/06\/53_2019_VI_20_SE_konziszt\u00f3rium-deleg\u00e1lt-tagjai.pdf\">53\/2019. (VI.20) sz\u00e1m\u00fa hat\u00e1rozata\u00a0Javaslat a Semmelweis Egyetemen m\u0171k\u00f6d\u0151 konziszt\u00f3rium deleg\u00e1lt tagja vonatkoz\u00e1s\u00e1ban<\/a><\/p>\n<p style=\"text-align: justify\"><a href=\"https:\/\/semmelweis.hu\/jogigfoig\/files\/2019\/06\/54_2019_VI_20_egyetemi-k\u00f3rh\u00e1z-1.pdf\">54\/2019. (VI.20.) hat\u00e1rozata\u00a0egyetemi k\u00f3rh\u00e1z l\u00e9trehoz\u00e1s\u00e1r\u00f3l<\/a><\/p>\n<p><a href=\"https:\/\/semmelweis.hu\/jogigfoig\/files\/2019\/06\/54_2019_VI_20_egyetemi-k\u00f3rh\u00e1z_kancell\u00e1ri-egyet\u00e9rt\u00e9s.pdf\">54\/2019. (VI.20.) hat\u00e1rozata egyetemi k\u00f3rh\u00e1z l\u00e9trehoz\u00e1s\u00e1r\u00f3l &#8211; kancell\u00e1ri egyet\u00e9rt\u00e9si jog gyakorl\u00e1sa<\/a><\/p>\n<p style=\"text-align: justify\"><a href=\"https:\/\/semmelweis.hu\/jogigfoig\/files\/2019\/06\/55_2019_VI_20_Doctor-Honoris-Causa-c\u00edm.pdf\">55\/2019. (VI.20.) sz\u00e1m\u00fa hat\u00e1rozata\u00a0a\u00a0 <em>Doctor Honoris Causa<\/em> c\u00edm adom\u00e1nyoz\u00e1s\u00e1r\u00f3l<\/a><\/p>\n<p style=\"text-align: justify\"><a href=\"https:\/\/semmelweis.hu\/jogigfoig\/files\/2019\/06\/55_2019_VI_20_Doctor-Honoris-Causa-c\u00edm_kancell\u00e1ri-egyet\u00e9rt\u00e9s.pdf\">55\/2019. (VI.20.) sz\u00e1m\u00fa hat\u00e1rozata a <em>Doctor Honoris Causa<\/em> c\u00edm adom\u00e1nyoz\u00e1s\u00e1r\u00f3l &#8211; kancell\u00e1ri egyet\u00e9rt\u00e9si jog gyakorl\u00e1sa<\/a><\/p>\n<p style=\"text-align: justify\"><a href=\"https:\/\/semmelweis.hu\/jogigfoig\/files\/2019\/06\/56_2019_VI_20_SE-SZMSZ-m\u00f3dos\u00edt\u00e1s.pdf\">56\/2019. (VI.20.) sz\u00e1m\u00fa hat\u00e1rozata\u00a0a Semmelweis Egyetem Szervezeti \u00e9s M\u0171k\u00f6d\u00e9si Szab\u00e1lyzat\u00e1nak m\u00f3dos\u00edt\u00e1s\u00e1r\u00f3l, valamint az \u00faj Szervezeti \u00e9s M\u0171k\u00f6d\u00e9si Szab\u00e1lyzat hat\u00e1lyba l\u00e9ptet\u00e9s\u00e9nek m\u00f3dos\u00edt\u00e1s\u00e1r\u00f3l<\/a><\/p>\n<p style=\"text-align: justify\"><a href=\"https:\/\/semmelweis.hu\/jogigfoig\/files\/2019\/06\/56_2019_VI_20_SE-SZMSZ-m\u00f3dos\u00edt\u00e1s_kancell\u00e1ri-egyet\u00e9rt\u00e9s.pdf\">56\/2019. (VI.20.) sz\u00e1m\u00fa hat\u00e1rozata a Semmelweis Egyetem Szervezeti \u00e9s M\u0171k\u00f6d\u00e9si Szab\u00e1lyzat\u00e1nak m\u00f3dos\u00edt\u00e1s\u00e1r\u00f3l, valamint az \u00faj Szervezeti \u00e9s M\u0171k\u00f6d\u00e9si Szab\u00e1lyzat hat\u00e1lyba l\u00e9ptet\u00e9s\u00e9nek m\u00f3dos\u00edt\u00e1s\u00e1r\u00f3l &#8211; kancell\u00e1ri egyet\u00e9rt\u00e9si jog gyakorl\u00e1sa<\/a><\/p>\n<p style=\"text-align: justify\"><a href=\"https:\/\/semmelweis.hu\/jogigfoig\/files\/2019\/07\/57_2019_VI_20_SZMSZ_TJSZ-m\u00f3dos\u00edt\u00e1s.pdf\">57\/2019. (VI.20.) sz\u00e1m\u00fa hat\u00e1rozata\u00a0a Szervezeti \u00e9s M\u0171k\u00f6d\u00e9si Szab\u00e1lyzat III. r\u00e9sz IV. fejezet T\u00e9r\u00edt\u00e9si \u00e9s juttat\u00e1si szab\u00e1lyzat egyes rendelkez\u00e9sei m\u00f3dos\u00edt\u00e1s\u00e1nak elfogad\u00e1s\u00e1r\u00f3l<\/a><\/p>\n<p><a href=\"https:\/\/semmelweis.hu\/jogigfoig\/files\/2019\/07\/57_2019_VI_20_SZMSZ_TJSZ-m\u00f3dos\u00edt\u00e1s_kancell\u00e1ri-egyet\u00e9rt\u00e9s.pdf\">57\/2019. (VI.20.) sz\u00e1m\u00fa hat\u00e1rozata a Szervezeti \u00e9s M\u0171k\u00f6d\u00e9si Szab\u00e1lyzat III. r\u00e9sz IV. fejezet T\u00e9r\u00edt\u00e9si \u00e9s juttat\u00e1si szab\u00e1lyzat egyes rendelkez\u00e9sei m\u00f3dos\u00edt\u00e1s\u00e1nak elfogad\u00e1s\u00e1r\u00f3l &#8211; kancell\u00e1ri egyet\u00e9rt\u00e9si jog gyakorl\u00e1sa<\/a><\/p>\n<p><a href=\"https:\/\/semmelweis.hu\/jogigfoig\/files\/2019\/07\/57_2019_VI_20_SZMSZ_TJSZ-m\u00f3dos\u00edt\u00e1s_mell\u00e9klet.pdf\">57\/2019. (VI.20.) sz\u00e1m\u00fa hat\u00e1rozata a Szervezeti \u00e9s M\u0171k\u00f6d\u00e9si Szab\u00e1lyzat III. r\u00e9sz IV. fejezet T\u00e9r\u00edt\u00e9si \u00e9s juttat\u00e1si szab\u00e1lyzat egyes rendelkez\u00e9sei m\u00f3dos\u00edt\u00e1s\u00e1nak elfogad\u00e1s\u00e1r\u00f3l &#8211; 1. sz. mell\u00e9klet<\/a><\/p>\n<p style=\"text-align: justify\"><a href=\"https:\/\/semmelweis.hu\/jogigfoig\/files\/2019\/06\/58_2019_VI_20_jubileumi-d\u00edszoklevelek-adom\u00e1nyoz\u00e1sa.pdf\">58\/2019. (VI.20.) sz\u00e1m\u00fa hat\u00e1rozata\u00a0A jubileumi d\u00edszoklevelek adom\u00e1nyoz\u00e1s\u00e1r\u00f3l sz\u00f3l\u00f3 szab\u00e1lyzat egyes rendelkez\u00e9sei m\u00f3dos\u00edt\u00e1s\u00e1nak elfogad\u00e1s\u00e1r\u00f3l<\/a><\/p>\n<p style=\"text-align: justify\"><a href=\"https:\/\/semmelweis.hu\/jogigfoig\/files\/2019\/06\/59_2019_VI_20_SE_ETK-bizotts\u00e1gok.pdf\">59\/2019. (VI.20.) sz\u00e1m\u00fa hat\u00e1rozata\u00a0a Szen\u00e1tus \u00e1ltal l\u00e9trehozott Eg\u00e9szs\u00e9gtudom\u00e1nyi Karon m\u0171k\u00f6d\u0151 \u00e1lland\u00f3 bizotts\u00e1gok szem\u00e9lyi \u00f6sszet\u00e9tel\u00e9nek m\u00f3dos\u00edt\u00e1s\u00e1r\u00f3l<\/a><\/p>\n<p style=\"text-align: justify\"><a href=\"https:\/\/semmelweis.hu\/jogigfoig\/files\/2019\/06\/60_2019_VI_20_k\u00ednai-terapeuta-szak.pdf\">60\/2019. (VI.20.) sz\u00e1m\u00fa hat\u00e1rozata\u00a0Hagyom\u00e1nyos k\u00ednai terapeuta szakir\u00e1ny\u00fa tov\u00e1bbk\u00e9pz\u00e9si szak l\u00e9tes\u00edt\u00e9s\u00e9r\u0151l<\/a><\/p>\n<p style=\"text-align: justify\"><a href=\"https:\/\/semmelweis.hu\/jogigfoig\/files\/2019\/06\/60_2019_VI_20_k\u00ednai-terapeuta-szak_kancell\u00e1ri-egyet\u00e9rt\u00e9s.pdf\">60\/2019. (VI.20.) sz\u00e1m\u00fa hat\u00e1rozata Hagyom\u00e1nyos k\u00ednai terapeuta szakir\u00e1ny\u00fa tov\u00e1bbk\u00e9pz\u00e9si szak l\u00e9tes\u00edt\u00e9s\u00e9r\u0151l &#8211; kancell\u00e1ri egyet\u00e9rt\u00e9si jog gyakorl\u00e1sa<\/a><\/p>\n<p style=\"text-align: justify\"><a href=\"https:\/\/semmelweis.hu\/jogigfoig\/files\/2019\/06\/61_2019_VI_20_aktu\u00e1lis-vezet\u0151i-p\u00e1ly\u00e1zatok.pdf\">61\/2019. (VI. 20.) sz\u00e1m\u00fa hat\u00e1rozata\u00a0az aktu\u00e1lis vezet\u0151i, illetve oktat\u00f3i p\u00e1ly\u00e1zatok v\u00e9lem\u00e9nyez\u00e9s\u00e9r\u0151l<\/a><\/p>\n<p style=\"text-align: justify\"><a href=\"https:\/\/semmelweis.hu\/jogigfoig\/files\/2019\/06\/61_2019_VI_20_aktu\u00e1lis-vezet\u0151i-p\u00e1ly\u00e1zatok_kancell\u00e1ri-egyet\u00e9rt\u00e9s.pdf\">61\/2019. (VI. 20.) sz\u00e1m\u00fa hat\u00e1rozata az aktu\u00e1lis vezet\u0151i, illetve oktat\u00f3i p\u00e1ly\u00e1zatok v\u00e9lem\u00e9nyez\u00e9s\u00e9r\u0151l &#8211; kancell\u00e1ri egyet\u00e9rt\u00e9si jog gyakorl\u00e1sa<\/a><\/p>\n<p style=\"text-align: justify\"><a href=\"https:\/\/semmelweis.hu\/jogigfoig\/files\/2019\/06\/62_2019_VI_20_pro-universitate-d\u00edj-adom\u00e1nyoz\u00e1sa.pdf\">62\/2019. (VI.20.) sz\u00e1m\u00fa hat\u00e1rozata\u00a0Pro Universitate d\u00edj adom\u00e1nyoz\u00e1s\u00e1r\u00f3l<\/a><\/p>\n<p style=\"text-align: justify\"><a href=\"https:\/\/semmelweis.hu\/jogigfoig\/files\/2019\/06\/62_2019_VI_20_pro-universitate-d\u00edj-adom\u00e1nyoz\u00e1sa_kancell\u00e1ri-egyet\u00e9rt\u00e9s.pdf\">62\/2019. (VI.20.) sz\u00e1m\u00fa hat\u00e1rozata Pro Universitate d\u00edj adom\u00e1nyoz\u00e1s\u00e1r\u00f3l &#8211; kancell\u00e1ri egyet\u00e9rt\u00e9si jog gyakorl\u00e1sa<\/a><\/p>\n<p style=\"text-align: justify\"><a href=\"https:\/\/semmelweis.hu\/jogigfoig\/files\/2019\/06\/63_2019_VI_20_bizotts\u00e1gok-az-\u00c1OK-on.pdf\">63\/2019. (VI.20.) sz\u00e1m\u00fa hat\u00e1rozata\u00a0a Szen\u00e1tus \u00e1ltal l\u00e9trehozott kari bizotts\u00e1gok meg\u00faj\u00edt\u00e1s\u00e1r\u00f3l\u00a0az \u00c1ltal\u00e1nos Orvostudom\u00e1ny Karon<\/a><\/p>\n<p style=\"text-align: justify\"><a href=\"https:\/\/semmelweis.hu\/jogigfoig\/files\/2019\/06\/64_2019_VI_20_karbantart\u00e1si-munk\u00e1k-elv\u00e9gz\u00e9s\u00e9r\u0151l.pdf\">64\/2019. (VI.20.) hat\u00e1rozata\u00a0azonnal elh\u00e1r\u00edthat\u00f3 karbantart\u00e1si munk\u00e1latok elv\u00e9gz\u00e9s\u00e9r\u0151l<\/a><\/p>\n<p style=\"text-align: justify\"><a href=\"https:\/\/semmelweis.hu\/jogigfoig\/files\/2019\/06\/64_2019_VI_20_karbantart\u00e1si-munk\u00e1k-elv\u00e9gz\u00e9s\u00e9r\u0151l_kancell\u00e1ri-egyet\u00e9rt\u00e9s.pdf\">64\/2019. (VI.20.) hat\u00e1rozata azonnal elh\u00e1r\u00edthat\u00f3 karbantart\u00e1si munk\u00e1latok elv\u00e9gz\u00e9s\u00e9r\u0151l &#8211; kancell\u00e1ri egyet\u00e9rt\u00e9si jog gyakorl\u00e1sa<\/a><\/p>\n","protected":false},"excerpt":{"rendered":"<p><a href=\"https:\/\/semmelweis.hu\/jogigfoig\/files\/2019\/06\/N__8_2019_\u00fcgyrendi.pdf\">N-8.\/2019. (VI.20.) sz\u00e1m\u00fa hat\u00e1rozata\u00a0a szen\u00e1tusi \u00fcl\u00e9s m\u00f3dos\u00edtott id\u0151pontj\u00e1nak \u00e9s napirendi pontjainak elfogad\u00e1s\u00e1r\u00f3l<\/a><br \/>\n<a href=\"https:\/\/semmelweis.hu\/jogigfoig\/files\/2019\/06\/53_2019_VI_20_SE_konziszt\u00f3rium-deleg\u00e1lt-tagjai.pdf\">53\/2019. (VI.20) sz\u00e1m\u00fa hat\u00e1rozata\u00a0Javaslat a Semmelweis Egyetemen m\u0171k\u00f6d\u0151 konziszt\u00f3rium deleg\u00e1lt tagja vonatkoz\u00e1s\u00e1ban<\/a><br \/>\n<a href=\"https:\/\/semmelweis.hu\/jogigfoig\/files\/2019\/06\/54_2019_VI_20_egyetemi-k\u00f3rh\u00e1z-1.pdf\">54\/2019. (VI.20.) hat\u00e1rozata\u00a0egyetemi k\u00f3rh\u00e1z l\u00e9trehoz\u00e1s\u00e1r\u00f3l<\/a><br \/>\n<a href=\"https:\/\/semmelweis.hu\/jogigfoig\/files\/2019\/06\/54_2019_VI_20_egyetemi-k\u00f3rh\u00e1z_kancell\u00e1ri-egyet\u00e9rt\u00e9s.pdf\">54\/2019. (VI.20.) hat\u00e1rozata egyetemi k\u00f3rh\u00e1z l\u00e9trehoz\u00e1s\u00e1r\u00f3l &#8211; kancell\u00e1ri egyet\u00e9rt\u00e9si jog gyakorl\u00e1sa<\/a><br \/>\n<a href=\"https:\/\/semmelweis.hu\/jogigfoig\/files\/2019\/06\/55_2019_VI_20_Doctor-Honoris-Causa-c\u00edm.pdf\">55\/2019. (VI.20.) sz\u00e1m\u00fa hat\u00e1rozata\u00a0a\u00a0 Doctor Honoris Causa c\u00edm adom\u00e1nyoz\u00e1s\u00e1r\u00f3l<\/a><br \/>\n<a href=\"https:\/\/semmelweis.hu\/jogigfoig\/files\/2019\/06\/55_2019_VI_20_Doctor-Honoris-Causa-c\u00edm_kancell\u00e1ri-egyet\u00e9rt\u00e9s.pdf\">55\/2019. (VI.20.) sz\u00e1m\u00fa hat\u00e1rozata a Doctor Honoris Causa c\u00edm adom\u00e1nyoz\u00e1s\u00e1r\u00f3l &#8211; kancell\u00e1ri egyet\u00e9rt\u00e9si jog gyakorl\u00e1sa<\/a><br \/>\n<a href=\"https:\/\/semmelweis.hu\/jogigfoig\/files\/2019\/06\/56_2019_VI_20_SE-SZMSZ-m\u00f3dos\u00edt\u00e1s.pdf\">56\/2019. (VI.20.) sz\u00e1m\u00fa hat\u00e1rozata\u00a0a Semmelweis Egyetem Szervezeti \u00e9s M\u0171k\u00f6d\u00e9si Szab\u00e1lyzat\u00e1nak m\u00f3dos\u00edt\u00e1s\u00e1r\u00f3l, valamint az \u00faj Szervezeti \u00e9s M\u0171k\u00f6d\u00e9si Szab\u00e1lyzat hat\u00e1lyba l\u00e9ptet\u00e9s\u00e9nek m\u00f3dos\u00edt\u00e1s\u00e1r\u00f3l<\/a><br \/>\n<a href=\"https:\/\/semmelweis.hu\/jogigfoig\/files\/2019\/06\/56_2019_VI_20_SE-SZMSZ-m\u00f3dos\u00edt\u00e1s_kancell\u00e1ri-egyet\u00e9rt\u00e9s.pdf\">56\/2019. (VI.20.) sz\u00e1m\u00fa hat\u00e1rozata a Semmelweis Egyetem Szervezeti \u00e9s M\u0171k\u00f6d\u00e9si Szab\u00e1lyzat\u00e1nak m\u00f3dos\u00edt\u00e1s\u00e1r\u00f3l, valamint az \u00faj Szervezeti \u00e9s M\u0171k\u00f6d\u00e9si Szab\u00e1lyzat hat\u00e1lyba l\u00e9ptet\u00e9s\u00e9nek m\u00f3dos\u00edt\u00e1s\u00e1r\u00f3l &#8211; kancell\u00e1ri egyet\u00e9rt\u00e9si jog gyakorl\u00e1sa<\/a><br \/>\n<a href=\"https:\/\/semmelweis.hu\/jogigfoig\/files\/2019\/07\/57_2019_VI_20_SZMSZ_TJSZ-m\u00f3dos\u00edt\u00e1s.pdf\">57\/2019. (VI.20.) sz\u00e1m\u00fa hat\u00e1rozata\u00a0a Szervezeti \u00e9s M\u0171k\u00f6d\u00e9si Szab\u00e1lyzat III. r\u00e9sz IV. fejezet T\u00e9r\u00edt\u00e9si \u00e9s juttat\u00e1si szab\u00e1lyzat egyes rendelkez\u00e9sei m\u00f3dos\u00edt\u00e1s\u00e1nak elfogad\u00e1s\u00e1r\u00f3l<\/a><br \/>\n<a href=\"https:\/\/semmelweis.hu\/jogigfoig\/files\/2019\/07\/57_2019_VI_20_SZMSZ_TJSZ-m\u00f3dos\u00edt\u00e1s_kancell\u00e1ri-egyet\u00e9rt\u00e9s.pdf\">57\/2019. (VI.20.) sz\u00e1m\u00fa hat\u00e1rozata a Szervezeti \u00e9s M\u0171k\u00f6d\u00e9si Szab\u00e1lyzat III. r\u00e9sz IV. fejezet T\u00e9r\u00edt\u00e9si \u00e9s juttat\u00e1si szab\u00e1lyzat egyes rendelkez\u00e9sei m\u00f3dos\u00edt\u00e1s\u00e1nak elfogad\u00e1s\u00e1r\u00f3l &#8211; kancell\u00e1ri egyet\u00e9rt\u00e9si jog gyakorl\u00e1sa<\/a><br \/>\n<a href=\"https:\/\/semmelweis.hu\/jogigfoig\/files\/2019\/07\/57_2019_VI_20_SZMSZ_TJSZ-m\u00f3dos\u00edt\u00e1s_mell\u00e9klet.pdf\">57\/2019. (VI.20.) sz\u00e1m\u00fa hat\u00e1rozata a Szervezeti \u00e9s M\u0171k\u00f6d\u00e9si Szab\u00e1lyzat III. r\u00e9sz IV. fejezet T\u00e9r\u00edt\u00e9si \u00e9s juttat\u00e1si szab\u00e1lyzat egyes rendelkez\u00e9sei m\u00f3dos\u00edt\u00e1s\u00e1nak elfogad\u00e1s\u00e1r\u00f3l &#8211; 1. sz. mell\u00e9klet<\/a><br \/>\n<a href=\"https:\/\/semmelweis.hu\/jogigfoig\/files\/2019\/06\/58_2019_VI_20_jubileumi-d\u00edszoklevelek-adom\u00e1nyoz\u00e1sa.pdf\">58\/2019. (VI.20.) sz\u00e1m\u00fa hat\u00e1rozata\u00a0A jubileumi d\u00edszoklevelek adom\u00e1nyoz\u00e1s\u00e1r\u00f3l sz\u00f3l\u00f3 szab\u00e1lyzat egyes rendelkez\u00e9sei m\u00f3dos\u00edt\u00e1s\u00e1nak elfogad\u00e1s\u00e1r\u00f3l<\/a><br \/>\n<a href=\"https:\/\/semmelweis.hu\/jogigfoig\/files\/2019\/06\/59_2019_VI_20_SE_ETK-bizotts\u00e1gok.pdf\">59\/2019. (VI.20.) sz\u00e1m\u00fa hat\u00e1rozata\u00a0a Szen\u00e1tus \u00e1ltal l\u00e9trehozott Eg\u00e9szs\u00e9gtudom\u00e1nyi Karon m\u0171k\u00f6d\u0151 \u00e1lland\u00f3 bizotts\u00e1gok szem\u00e9lyi \u00f6sszet\u00e9tel\u00e9nek m\u00f3dos\u00edt\u00e1s\u00e1r\u00f3l<\/a><br \/>\n<a href=\"https:\/\/semmelweis.hu\/jogigfoig\/files\/2019\/06\/60_2019_VI_20_k\u00ednai-terapeuta-szak.pdf\">60\/2019. (VI.20.) sz\u00e1m\u00fa hat\u00e1rozata\u00a0Hagyom\u00e1nyos k\u00ednai terapeuta szakir\u00e1ny\u00fa tov\u00e1bbk\u00e9pz\u00e9si szak l\u00e9tes\u00edt\u00e9s\u00e9r\u0151l<\/a><br \/>\n<a href=\"https:\/\/semmelweis.hu\/jogigfoig\/files\/2019\/06\/60_2019_VI_20_k\u00ednai-terapeuta-szak_kancell\u00e1ri-egyet\u00e9rt\u00e9s.pdf\">60\/2019. (VI.20.) sz\u00e1m\u00fa hat\u00e1rozata Hagyom\u00e1nyos k\u00ednai terapeuta szakir\u00e1ny\u00fa tov\u00e1bbk\u00e9pz\u00e9si szak l\u00e9tes\u00edt\u00e9s\u00e9r\u0151l &#8211; kancell\u00e1ri egyet\u00e9rt\u00e9si jog gyakorl\u00e1sa<\/a><br \/>\n<a href=\"https:\/\/semmelweis.hu\/jogigfoig\/files\/2019\/06\/61_2019_VI_20_aktu\u00e1lis-vezet\u0151i-p\u00e1ly\u00e1zatok.pdf\">61\/2019. (VI. 20.) sz\u00e1m\u00fa hat\u00e1rozata\u00a0az aktu\u00e1lis vezet\u0151i, illetve oktat\u00f3i p\u00e1ly\u00e1zatok v\u00e9lem\u00e9nyez\u00e9s\u00e9r\u0151l<\/a><br \/>\n<a href=\"https:\/\/semmelweis.hu\/jogigfoig\/files\/2019\/06\/61_2019_VI_20_aktu\u00e1lis-vezet\u0151i-p\u00e1ly\u00e1zatok_kancell\u00e1ri-egyet\u00e9rt\u00e9s.pdf\">61\/2019. (VI. 20.) sz\u00e1m\u00fa hat\u00e1rozata az aktu\u00e1lis vezet\u0151i, illetve oktat\u00f3i p\u00e1ly\u00e1zatok v\u00e9lem\u00e9nyez\u00e9s\u00e9r\u0151l &#8211; kancell\u00e1ri egyet\u00e9rt\u00e9si jog gyakorl\u00e1sa<\/a><br \/>\n<a href=\"https:\/\/semmelweis.hu\/jogigfoig\/files\/2019\/06\/62_2019_VI_20_pro-universitate-d\u00edj-adom\u00e1nyoz\u00e1sa.pdf\">62\/2019. (VI.20.) sz\u00e1m\u00fa hat\u00e1rozata\u00a0Pro Universitate d\u00edj adom\u00e1nyoz\u00e1s\u00e1r\u00f3l<\/a><br \/>\n<a href=\"https:\/\/semmelweis.hu\/jogigfoig\/files\/2019\/06\/62_2019_VI_20_pro-universitate-d\u00edj-adom\u00e1nyoz\u00e1sa_kancell\u00e1ri-egyet\u00e9rt\u00e9s.pdf\">62\/2019. (VI.20.) sz\u00e1m\u00fa hat\u00e1rozata Pro Universitate d\u00edj adom\u00e1nyoz\u00e1s\u00e1r\u00f3l &#8211; kancell\u00e1ri egyet\u00e9rt\u00e9si jog gyakorl\u00e1sa<\/a><br \/>\n<a href=\"https:\/\/semmelweis.hu\/jogigfoig\/files\/2019\/06\/63_2019_VI_20_bizotts\u00e1gok-az-\u00c1OK-on.pdf\">63\/2019. (VI.20.) sz\u00e1m\u00fa hat\u00e1rozata\u00a0a Szen\u00e1tus \u00e1ltal l\u00e9trehozott kari bizotts\u00e1gok meg\u00faj\u00edt\u00e1s\u00e1r\u00f3l\u00a0az \u00c1ltal\u00e1nos Orvostudom\u00e1ny Karon<\/a><br \/>\n<a href=\"https:\/\/semmelweis.hu\/jogigfoig\/files\/2019\/06\/64_2019_VI_20_karbantart\u00e1si-munk\u00e1k-elv\u00e9gz\u00e9s\u00e9r\u0151l.pdf\">64\/2019. (VI.20.) hat\u00e1rozata\u00a0azonnal elh\u00e1r\u00edthat\u00f3 karbantart\u00e1si munk\u00e1latok elv\u00e9gz\u00e9s\u00e9r\u0151l<\/a><br \/>\n<a href=\"https:\/\/semmelweis.hu\/jogigfoig\/files\/2019\/06\/64_2019_VI_20_karbantart\u00e1si-munk\u00e1k-elv\u00e9gz\u00e9s\u00e9r\u0151l_kancell\u00e1ri-egyet\u00e9rt\u00e9s.pdf\">64\/2019. (VI.20.) hat\u00e1rozata azonnal elh\u00e1r\u00edthat\u00f3 karbantart\u00e1si munk\u00e1latok elv\u00e9gz\u00e9s\u00e9r\u0151l &#8211; kancell\u00e1ri egyet\u00e9rt\u00e9si jog gyakorl\u00e1sa<\/a><\/p>\n","protected":false},"author":101467,"featured_media":0,"parent":72499,"menu_order":8,"comment_status":"closed","ping_status":"closed","template":"","meta":{"_acf_changed":false,"footnotes":""},"categories":[],"tags":[],"class_list":["post-73351","page","type-page","status-publish","hentry"],"acf":[],"_links":{"self":[{"href":"https:\/\/semmelweis.hu\/jogigfoig\/wp-json\/wp\/v2\/pages\/73351","targetHints":{"allow":["GET"]}}],"collection":[{"href":"https:\/\/semmelweis.hu\/jogigfoig\/wp-json\/wp\/v2\/pages"}],"about":[{"href":"https:\/\/semmelweis.hu\/jogigfoig\/wp-json\/wp\/v2\/types\/page"}],"author":[{"embeddable":true,"href":"https:\/\/semmelweis.hu\/jogigfoig\/wp-json\/wp\/v2\/users\/101467"}],"replies":[{"embeddable":true,"href":"https:\/\/semmelweis.hu\/jogigfoig\/wp-json\/wp\/v2\/comments?post=73351"}],"version-history":[{"count":7,"href":"https:\/\/semmelweis.hu\/jogigfoig\/wp-json\/wp\/v2\/pages\/73351\/revisions"}],"predecessor-version":[{"id":73461,"href":"https:\/\/semmelweis.hu\/jogigfoig\/wp-json\/wp\/v2\/pages\/73351\/revisions\/73461"}],"up":[{"embeddable":true,"href":"https:\/\/semmelweis.hu\/jogigfoig\/wp-json\/wp\/v2\/pages\/72499"}],"wp:attachment":[{"href":"https:\/\/semmelweis.hu\/jogigfoig\/wp-json\/wp\/v2\/media?parent=73351"}],"wp:term":[{"taxonomy":"category","embeddable":true,"href":"https:\/\/semmelweis.hu\/jogigfoig\/wp-json\/wp\/v2\/categories?post=73351"},{"taxonomy":"post_tag","embeddable":true,"href":"https:\/\/semmelweis.hu\/jogigfoig\/wp-json\/wp\/v2\/tags?post=73351"}],"curies":[{"name":"wp","href":"https:\/\/api.w.org\/{rel}","templated":true}]}}