{"id":73213,"date":"2019-06-07T12:56:47","date_gmt":"2019-06-07T10:56:47","guid":{"rendered":"http:\/\/semmelweis.hu\/jogigfoig\/?page_id=73213"},"modified":"2020-02-07T15:00:58","modified_gmt":"2020-02-07T14:00:58","slug":"2019-majus-29","status":"publish","type":"page","link":"https:\/\/semmelweis.hu\/jogigfoig\/testuletek\/szenatus\/2019-evi-szenatusi-hatarozatok\/2019-majus-29\/","title":{"rendered":"2019. m\u00e1jus 29."},"content":{"rendered":"<p style=\"text-align: justify\"><a href=\"https:\/\/semmelweis.hu\/jogigfoig\/files\/2019\/06\/N-7_V_29_m\u00f3dos\u00edtott-napirend-elfogad\u00e1sa.pdf\">N-7. (V.29.)\/2019. sz\u00e1m\u00fa hat\u00e1rozata\u00a0a szen\u00e1tusi \u00fcl\u00e9s m\u00f3dos\u00edtott napirendi pontjainak elfogad\u00e1s\u00e1r\u00f3l<\/a><\/p>\n<p style=\"text-align: justify\"><a href=\"https:\/\/semmelweis.hu\/jogigfoig\/files\/2019\/06\/41_2019_V_29_\u00c1OK-hatod\u00e9ves-tanterv-m\u00f3dos\u00edt\u00e1sa.pdf\">41\/2019. (V.29.) sz\u00e1m\u00fa hat\u00e1rozata\u00a0a hatod\u00e9ves (szigorl\u00f3\u00e9vi) tanterv m\u00f3dos\u00edt\u00e1s\u00e1r\u00f3l\u00a0az \u00c1ltal\u00e1nos Orvostudom\u00e1ny Karon<\/a><\/p>\n<p style=\"text-align: justify\"><a href=\"https:\/\/semmelweis.hu\/jogigfoig\/files\/2019\/06\/41_2019_V_29_egyet\u00e9rt\u00e9s.pdf\">41\/2019. (V.29.) sz\u00e1m\u00fa hat\u00e1rozata a hatod\u00e9ves (szigorl\u00f3\u00e9vi) tanterv m\u00f3dos\u00edt\u00e1s\u00e1r\u00f3l az \u00c1ltal\u00e1nos Orvostudom\u00e1ny Karon &#8211; kancell\u00e1ri egyet\u00e9rt\u00e9si jog gyakorl\u00e1sa<\/a><\/p>\n<p style=\"text-align: justify\"><a href=\"https:\/\/semmelweis.hu\/jogigfoig\/files\/2019\/06\/42_2019_V_29_k\u00f6znevel\u00e9si-int\u00e9zm\u00e9nyek-integr\u00e1ci\u00f3ja.pdf\">42\/2019. (V.29.) sz\u00e1m\u00fa hat\u00e1rozata\u00a0az egyes k\u00f6znevel\u00e9si int\u00e9zm\u00e9nyek integr\u00e1ci\u00f3j\u00e1val kapcsolatos strat\u00e9giai k\u00e9rd\u00e9sekr\u0151l<\/a><\/p>\n<p style=\"text-align: justify\"><a href=\"https:\/\/semmelweis.hu\/jogigfoig\/files\/2019\/06\/42_2019_V_29_egyet\u00e9rt\u00e9s.pdf\">42\/2019. (V.29.) sz\u00e1m\u00fa hat\u00e1rozata az egyes k\u00f6znevel\u00e9si int\u00e9zm\u00e9nyek integr\u00e1ci\u00f3j\u00e1val kapcsolatos strat\u00e9giai k\u00e9rd\u00e9sekr\u0151l &#8211; kancell\u00e1ri egyet\u00e9rt\u00e9si jog gyakorl\u00e1sa<\/a><\/p>\n<p style=\"text-align: justify\"><a href=\"https:\/\/semmelweis.hu\/jogigfoig\/files\/2019\/06\/43_2019_V_29_SZMSZ-m\u00f3dos\u00edt\u00e1s.pdf\">43\/2019. (V.29.) hat\u00e1rozata\u00a0a Szervezeti \u00e9s M\u0171k\u00f6d\u00e9si Szab\u00e1lyzat egyes rendelkez\u00e9seinek m\u00f3dos\u00edt\u00e1s\u00e1r\u00f3l<\/a><\/p>\n<p style=\"text-align: justify\"><a href=\"https:\/\/semmelweis.hu\/jogigfoig\/files\/2019\/06\/43_2019_V_29_egyet\u00e9rt\u00e9s.pdf\">43\/2019. (V.29.) hat\u00e1rozata a Szervezeti \u00e9s M\u0171k\u00f6d\u00e9si Szab\u00e1lyzat egyes rendelkez\u00e9seinek m\u00f3dos\u00edt\u00e1s\u00e1r\u00f3l\u00a0 &#8211; kancell\u00e1ri egyet\u00e9rt\u00e9si jog gyakorl\u00e1sa<\/a><\/p>\n<p style=\"text-align: justify\"><a href=\"https:\/\/semmelweis.hu\/jogigfoig\/files\/2019\/06\/44_2019_V_29_SZMSZ-III-\u00e9s-IV-fejezet.pdf\">44\/2019. (V.29.) sz\u00e1m\u00fa hat\u00e1rozata\u00a0a Szervezeti \u00e9s M\u0171k\u00f6d\u00e9si Szab\u00e1lyzat III. r\u00e9sz IV. fejezet T\u00e9r\u00edt\u00e9si \u00e9s juttat\u00e1si szab\u00e1lyzat egyes rendelkez\u00e9sei m\u00f3dos\u00edt\u00e1s\u00e1nak elfogad\u00e1s\u00e1r\u00f3l<\/a><\/p>\n<p style=\"text-align: justify\"><a href=\"https:\/\/semmelweis.hu\/jogigfoig\/files\/2019\/06\/44_2019_V_29_egyet\u00e9rt\u00e9s.pdf\">44\/2019. (V.29.) sz\u00e1m\u00fa hat\u00e1rozata a Szervezeti \u00e9s M\u0171k\u00f6d\u00e9si Szab\u00e1lyzat III. r\u00e9sz IV. fejezet T\u00e9r\u00edt\u00e9si \u00e9s juttat\u00e1si szab\u00e1lyzat egyes rendelkez\u00e9sei m\u00f3dos\u00edt\u00e1s\u00e1nak elfogad\u00e1s\u00e1r\u00f3l &#8211; kancell\u00e1ri egyet\u00e9rt\u00e9si jog gyakorl\u00e1sa<\/a><\/p>\n<p style=\"text-align: justify\"><a href=\"https:\/\/semmelweis.hu\/jogigfoig\/files\/2019\/06\/44_2019_V_29_1-sz-mell\u00e9klet.pdf\">44\/2019. (V.29.) sz\u00e1m\u00fa hat\u00e1rozata a Szervezeti \u00e9s M\u0171k\u00f6d\u00e9si Szab\u00e1lyzat III. r\u00e9sz IV. fejezet T\u00e9r\u00edt\u00e9si \u00e9s juttat\u00e1si szab\u00e1lyzat egyes rendelkez\u00e9sei m\u00f3dos\u00edt\u00e1s\u00e1nak elfogad\u00e1s\u00e1r\u00f3l &#8211; 1. sz\u00e1m\u00fa mell\u00e9klet<\/a><\/p>\n<p style=\"text-align: justify\"><a href=\"https:\/\/semmelweis.hu\/jogigfoig\/files\/2019\/06\/45_2019_V_29_FOK-Szen\u00e1tusi-\u00c1lland\u00f3-Bizotts\u00e1gok-\u00f6sszet\u00e9tele.pdf\">45\/2019. (V.29.) sz\u00e1m\u00fa hat\u00e1rozata\u00a0a Fogorvostudom\u00e1nyi Karon m\u0171k\u00f6d\u0151 Szen\u00e1tusi \u00c1lland\u00f3 Bizotts\u00e1gok szem\u00e9lyi \u00f6sszet\u00e9tel\u00e9re ir\u00e1nyul\u00f3 v\u00e1ltoztat\u00e1si javaslat elfogad\u00e1s\u00e1r\u00f3l<\/a><\/p>\n<p style=\"text-align: justify\"><a href=\"https:\/\/semmelweis.hu\/jogigfoig\/files\/2019\/06\/46_2019_V_29_Sportorvostan-Tansz\u00e9k-l\u00e9trehoz\u00e1sa.pdf\">46\/2019. (V.29.) sz\u00e1m\u00fa hat\u00e1rozata\u00a0Sportorvostan Tansz\u00e9k l\u00e9trehoz\u00e1s\u00e1r\u00f3l\u00a0a V\u00e1rosmajori Sz\u00edv- \u00e9s \u00c9rgy\u00f3gy\u00e1szati Klinik\u00e1n<\/a><\/p>\n<p style=\"text-align: justify\"><a href=\"https:\/\/semmelweis.hu\/jogigfoig\/files\/2019\/06\/46_2019_V_29_egyet\u00e9rt\u00e9s.pdf\">46\/2019. (V.29.) sz\u00e1m\u00fa hat\u00e1rozata Sportorvostan Tansz\u00e9k l\u00e9trehoz\u00e1s\u00e1r\u00f3l a V\u00e1rosmajori Sz\u00edv- \u00e9s \u00c9rgy\u00f3gy\u00e1szati Klinik\u00e1n &#8211; kancell\u00e1ri egyet\u00e9rt\u00e9si jog gyakorl\u00e1sa<\/a><\/p>\n<p style=\"text-align: justify\"><a href=\"https:\/\/semmelweis.hu\/jogigfoig\/files\/2019\/06\/47_2019_V_29_aktu\u00e1lis-vezet\u0151i-oktat\u00f3-kutat\u00f3-p\u00e1ly\u00e1zatok.pdf\">47\/2019. (V.29.) sz\u00e1m\u00fa hat\u00e1rozata\u00a0az aktu\u00e1lis vezet\u0151i, illetve oktat\u00f3i-kutat\u00f3 p\u00e1ly\u00e1zatok v\u00e9lem\u00e9nyez\u00e9s\u00e9r\u0151l<\/a><\/p>\n<p style=\"text-align: justify\"><a href=\"https:\/\/semmelweis.hu\/jogigfoig\/files\/2019\/06\/47_2019_V_29_egyet\u00e9rt\u00e9s.pdf\">47\/2019. (V.29.) sz\u00e1m\u00fa hat\u00e1rozata az aktu\u00e1lis vezet\u0151i, illetve oktat\u00f3i-kutat\u00f3 p\u00e1ly\u00e1zatok v\u00e9lem\u00e9nyez\u00e9s\u00e9r\u0151l &#8211; kancell\u00e1ri egyet\u00e9rt\u00e9si jog gyakorl\u00e1sa<\/a><\/p>\n<p style=\"text-align: justify\"><a href=\"https:\/\/semmelweis.hu\/jogigfoig\/files\/2019\/06\/48_2019_V_29_Professor-Emeritus-c\u00edmek-adom\u00e1nyoz\u00e1sa.pdf\">48\/2019. (V.29.) sz\u00e1m\u00fa hat\u00e1rozata\u00a0a 2019-2020. \u00e9vi \u201eProfessor Emeritus\u201d c\u00edmek adom\u00e1nyoz\u00e1s\u00e1r\u00f3l<\/a><\/p>\n<p style=\"text-align: justify\"><a href=\"https:\/\/semmelweis.hu\/jogigfoig\/files\/2019\/06\/48_2019_V_29_egyet\u00e9rt\u00e9s.pdf\">48\/2019. (V.29.) sz\u00e1m\u00fa hat\u00e1rozata a 2019-2020. \u00e9vi \u201eProfessor Emeritus\u201d c\u00edmek adom\u00e1nyoz\u00e1s\u00e1r\u00f3l &#8211; kancell\u00e1ri egyet\u00e9rt\u00e9si jog gyakorl\u00e1sa<\/a><\/p>\n<p style=\"text-align: justify\"><a href=\"https:\/\/semmelweis.hu\/jogigfoig\/files\/2019\/06\/49_2019_V_29_2020-\u00e9vi-\u00e1llami-kit\u00fcntet\u00e9sek.pdf\">49\/2019. (V.29.) sz\u00e1m\u00fa hat\u00e1rozata\u00a0a 2020. \u00e9vi \u00e1llami, miniszteri szint\u0171 kit\u00fcntet\u00e9sekre t\u00f6rt\u00e9n\u0151 felterjeszt\u00e9sr\u0151l<\/a><\/p>\n<p style=\"text-align: justify\"><a href=\"https:\/\/semmelweis.hu\/jogigfoig\/files\/2019\/06\/50_2019_V_29_\u00d3raad\u00f3i-c\u00edmek.pdf\">50\/2019. (V.29.) sz\u00e1m\u00fa hat\u00e1rozata\u00a0az \u00f3raad\u00f3 oktat\u00f3knak adom\u00e1nyozhat\u00f3 c\u00edmek oda\u00edt\u00e9l\u00e9s\u00e9r\u0151l<\/a><\/p>\n<p style=\"text-align: justify\"><a href=\"https:\/\/semmelweis.hu\/jogigfoig\/files\/2019\/06\/51_2019_V_29_SE-Kiv\u00e1l\u00f3-Oktat\u00f3ja.pdf\">51\/2019. (V.29.) sz\u00e1m\u00fa hat\u00e1rozata\u00a0a Semmelweis Egyetem Kiv\u00e1l\u00f3 Oktat\u00f3ja kit\u00fcntet\u00e9s adom\u00e1nyoz\u00e1s\u00e1r\u00f3l<\/a><\/p>\n<p style=\"text-align: justify\"><a href=\"https:\/\/semmelweis.hu\/jogigfoig\/files\/2019\/06\/51_2019_V_29_egyet\u00e9rt\u00e9s.pdf\">51\/2019. (V.29.) sz\u00e1m\u00fa hat\u00e1rozata a Semmelweis Egyetem Kiv\u00e1l\u00f3 Oktat\u00f3ja kit\u00fcntet\u00e9s adom\u00e1nyoz\u00e1s\u00e1r\u00f3l &#8211; kancell\u00e1ri egyet\u00e9rt\u00e9si jog gyakorl\u00e1sa<\/a><\/p>\n<p style=\"text-align: justify\"><a href=\"https:\/\/semmelweis.hu\/jogigfoig\/files\/2019\/06\/52_2019_V_29_Gazd\u00e1lkod\u00e1si-Szab\u00e1lyzat.pdf\">52\/2019. (V.29.) sz\u00e1m\u00fa hat\u00e1rozata\u00a0a Gazd\u00e1lkod\u00e1si Szab\u00e1lyzat elfogad\u00e1s\u00e1r\u00f3l <\/a><\/p>\n<p style=\"text-align: justify\"><a href=\"https:\/\/semmelweis.hu\/jogigfoig\/files\/2019\/06\/52_2019_V_29_mell\u00e9klet.pdf\">52\/2019. (V.29.) sz\u00e1m\u00fa hat\u00e1rozata a Gazd\u00e1lkod\u00e1si Szab\u00e1lyzat elfogad\u00e1s\u00e1r\u00f3l &#8211; Gazd\u00e1lkod\u00e1si Szab\u00e1lyzat<\/a><\/p>\n","protected":false},"excerpt":{"rendered":"<p><a href=\"https:\/\/semmelweis.hu\/jogigfoig\/files\/2019\/06\/N-7_V_29_m\u00f3dos\u00edtott-napirend-elfogad\u00e1sa.pdf\">N-7. (V.29.)\/2019. sz\u00e1m\u00fa hat\u00e1rozata\u00a0a szen\u00e1tusi \u00fcl\u00e9s m\u00f3dos\u00edtott napirendi pontjainak elfogad\u00e1s\u00e1r\u00f3l<\/a><br \/>\n<a href=\"https:\/\/semmelweis.hu\/jogigfoig\/files\/2019\/06\/41_2019_V_29_\u00c1OK-hatod\u00e9ves-tanterv-m\u00f3dos\u00edt\u00e1sa.pdf\">41\/2019. (V.29.) sz\u00e1m\u00fa hat\u00e1rozata\u00a0a hatod\u00e9ves (szigorl\u00f3\u00e9vi) tanterv m\u00f3dos\u00edt\u00e1s\u00e1r\u00f3l\u00a0az \u00c1ltal\u00e1nos Orvostudom\u00e1ny Karon<\/a><br \/>\n<a href=\"https:\/\/semmelweis.hu\/jogigfoig\/files\/2019\/06\/41_2019_V_29_egyet\u00e9rt\u00e9s.pdf\">41\/2019. (V.29.) sz\u00e1m\u00fa hat\u00e1rozata a hatod\u00e9ves (szigorl\u00f3\u00e9vi) tanterv m\u00f3dos\u00edt\u00e1s\u00e1r\u00f3l az \u00c1ltal\u00e1nos Orvostudom\u00e1ny Karon &#8211; kancell\u00e1ri egyet\u00e9rt\u00e9si jog gyakorl\u00e1sa<\/a><br \/>\n<a href=\"https:\/\/semmelweis.hu\/jogigfoig\/files\/2019\/06\/42_2019_V_29_k\u00f6znevel\u00e9si-int\u00e9zm\u00e9nyek-integr\u00e1ci\u00f3ja.pdf\">42\/2019. (V.29.) sz\u00e1m\u00fa hat\u00e1rozata\u00a0az egyes k\u00f6znevel\u00e9si int\u00e9zm\u00e9nyek integr\u00e1ci\u00f3j\u00e1val kapcsolatos strat\u00e9giai k\u00e9rd\u00e9sekr\u0151l<\/a><br \/>\n<a href=\"https:\/\/semmelweis.hu\/jogigfoig\/files\/2019\/06\/42_2019_V_29_egyet\u00e9rt\u00e9s.pdf\">42\/2019. (V.29.) sz\u00e1m\u00fa hat\u00e1rozata az egyes k\u00f6znevel\u00e9si int\u00e9zm\u00e9nyek integr\u00e1ci\u00f3j\u00e1val kapcsolatos strat\u00e9giai k\u00e9rd\u00e9sekr\u0151l &#8211; kancell\u00e1ri egyet\u00e9rt\u00e9si jog gyakorl\u00e1sa<\/a><br \/>\n<a href=\"https:\/\/semmelweis.hu\/jogigfoig\/files\/2019\/06\/43_2019_V_29_SZMSZ-m\u00f3dos\u00edt\u00e1s.pdf\">43\/2019. (V.29.) hat\u00e1rozata\u00a0a Szervezeti \u00e9s M\u0171k\u00f6d\u00e9si Szab\u00e1lyzat egyes rendelkez\u00e9seinek m\u00f3dos\u00edt\u00e1s\u00e1r\u00f3l<\/a><br \/>\n<a href=\"https:\/\/semmelweis.hu\/jogigfoig\/files\/2019\/06\/43_2019_V_29_egyet\u00e9rt\u00e9s.pdf\">43\/2019. (V.29.) hat\u00e1rozata a Szervezeti \u00e9s M\u0171k\u00f6d\u00e9si Szab\u00e1lyzat egyes rendelkez\u00e9seinek m\u00f3dos\u00edt\u00e1s\u00e1r\u00f3l\u00a0 &#8211; kancell\u00e1ri egyet\u00e9rt\u00e9si jog gyakorl\u00e1sa<\/a><br \/>\n<a href=\"https:\/\/semmelweis.hu\/jogigfoig\/files\/2019\/06\/44_2019_V_29_SZMSZ-III-\u00e9s-IV-fejezet.pdf\">44\/2019. (V.29.) sz\u00e1m\u00fa hat\u00e1rozata\u00a0a Szervezeti \u00e9s M\u0171k\u00f6d\u00e9si Szab\u00e1lyzat III. r\u00e9sz IV. fejezet T\u00e9r\u00edt\u00e9si \u00e9s juttat\u00e1si szab\u00e1lyzat egyes rendelkez\u00e9sei m\u00f3dos\u00edt\u00e1s\u00e1nak elfogad\u00e1s\u00e1r\u00f3l<\/a><br \/>\n<a href=\"https:\/\/semmelweis.hu\/jogigfoig\/files\/2019\/06\/44_2019_V_29_egyet\u00e9rt\u00e9s.pdf\">44\/2019. (V.29.) sz\u00e1m\u00fa hat\u00e1rozata a Szervezeti \u00e9s M\u0171k\u00f6d\u00e9si Szab\u00e1lyzat III. r\u00e9sz IV. fejezet T\u00e9r\u00edt\u00e9si \u00e9s juttat\u00e1si szab\u00e1lyzat egyes rendelkez\u00e9sei m\u00f3dos\u00edt\u00e1s\u00e1nak elfogad\u00e1s\u00e1r\u00f3l &#8211; kancell\u00e1ri egyet\u00e9rt\u00e9si jog gyakorl\u00e1sa<\/a><br \/>\n<a href=\"https:\/\/semmelweis.hu\/jogigfoig\/files\/2019\/06\/44_2019_V_29_1-sz-mell\u00e9klet.pdf\">44\/2019. (V.29.) sz\u00e1m\u00fa hat\u00e1rozata a Szervezeti \u00e9s M\u0171k\u00f6d\u00e9si Szab\u00e1lyzat III. r\u00e9sz IV. fejezet T\u00e9r\u00edt\u00e9si \u00e9s juttat\u00e1si szab\u00e1lyzat egyes rendelkez\u00e9sei m\u00f3dos\u00edt\u00e1s\u00e1nak elfogad\u00e1s\u00e1r\u00f3l &#8211; 1. sz\u00e1m\u00fa mell\u00e9klet<\/a><br \/>\n<a href=\"https:\/\/semmelweis.hu\/jogigfoig\/files\/2019\/06\/45_2019_V_29_FOK-Szen\u00e1tusi-\u00c1lland\u00f3-Bizotts\u00e1gok-\u00f6sszet\u00e9tele.pdf\">45\/2019. (V.29.) sz\u00e1m\u00fa hat\u00e1rozata\u00a0a Fogorvostudom\u00e1nyi Karon m\u0171k\u00f6d\u0151 Szen\u00e1tusi \u00c1lland\u00f3 Bizotts\u00e1gok szem\u00e9lyi \u00f6sszet\u00e9tel\u00e9re ir\u00e1nyul\u00f3 v\u00e1ltoztat\u00e1si javaslat elfogad\u00e1s\u00e1r\u00f3l<\/a><br \/>\n<a href=\"https:\/\/semmelweis.hu\/jogigfoig\/files\/2019\/06\/46_2019_V_29_Sportorvostan-Tansz\u00e9k-l\u00e9trehoz\u00e1sa.pdf\">46\/2019. (V.29.) sz\u00e1m\u00fa hat\u00e1rozata\u00a0Sportorvostan Tansz\u00e9k l\u00e9trehoz\u00e1s\u00e1r\u00f3l\u00a0a V\u00e1rosmajori Sz\u00edv- \u00e9s \u00c9rgy\u00f3gy\u00e1szati Klinik\u00e1n<\/a><br \/>\n<a href=\"https:\/\/semmelweis.hu\/jogigfoig\/files\/2019\/06\/46_2019_V_29_egyet\u00e9rt\u00e9s.pdf\">46\/2019. (V.29.) sz\u00e1m\u00fa hat\u00e1rozata Sportorvostan Tansz\u00e9k l\u00e9trehoz\u00e1s\u00e1r\u00f3l a V\u00e1rosmajori Sz\u00edv- \u00e9s \u00c9rgy\u00f3gy\u00e1szati Klinik\u00e1n &#8211; kancell\u00e1ri egyet\u00e9rt\u00e9si jog gyakorl\u00e1sa<\/a><br \/>\n<a href=\"https:\/\/semmelweis.hu\/jogigfoig\/files\/2019\/06\/47_2019_V_29_aktu\u00e1lis-vezet\u0151i-oktat\u00f3-kutat\u00f3-p\u00e1ly\u00e1zatok.pdf\">47\/2019. (V.29.) sz\u00e1m\u00fa hat\u00e1rozata\u00a0az aktu\u00e1lis vezet\u0151i, illetve oktat\u00f3i-kutat\u00f3 p\u00e1ly\u00e1zatok v\u00e9lem\u00e9nyez\u00e9s\u00e9r\u0151l<\/a><br \/>\n<a href=\"https:\/\/semmelweis.hu\/jogigfoig\/files\/2019\/06\/47_2019_V_29_egyet\u00e9rt\u00e9s.pdf\">47\/2019. (V.29.) sz\u00e1m\u00fa hat\u00e1rozata az aktu\u00e1lis vezet\u0151i, illetve oktat\u00f3i-kutat\u00f3 p\u00e1ly\u00e1zatok v\u00e9lem\u00e9nyez\u00e9s\u00e9r\u0151l &#8211; kancell\u00e1ri egyet\u00e9rt\u00e9si jog gyakorl\u00e1sa<\/a><br \/>\n<a href=\"https:\/\/semmelweis.hu\/jogigfoig\/files\/2019\/06\/48_2019_V_29_Professor-Emeritus-c\u00edmek-adom\u00e1nyoz\u00e1sa.pdf\">48\/2019. (V.29.) sz\u00e1m\u00fa hat\u00e1rozata\u00a0a 2019-2020. \u00e9vi \u201eProfessor Emeritus\u201d c\u00edmek adom\u00e1nyoz\u00e1s\u00e1r\u00f3l<\/a><br \/>\n<a href=\"https:\/\/semmelweis.hu\/jogigfoig\/files\/2019\/06\/48_2019_V_29_egyet\u00e9rt\u00e9s.pdf\">48\/2019. (V.29.) sz\u00e1m\u00fa hat\u00e1rozata a 2019-2020. \u00e9vi \u201eProfessor Emeritus\u201d c\u00edmek adom\u00e1nyoz\u00e1s\u00e1r\u00f3l &#8211; kancell\u00e1ri egyet\u00e9rt\u00e9si jog gyakorl\u00e1sa<\/a><br \/>\n<a href=\"https:\/\/semmelweis.hu\/jogigfoig\/files\/2019\/06\/49_2019_V_29_2020-\u00e9vi-\u00e1llami-kit\u00fcntet\u00e9sek.pdf\">49\/2019. (V.29.) sz\u00e1m\u00fa hat\u00e1rozata\u00a0a 2020. \u00e9vi \u00e1llami, miniszteri szint\u0171 kit\u00fcntet\u00e9sekre t\u00f6rt\u00e9n\u0151 felterjeszt\u00e9sr\u0151l<\/a><br \/>\n<a href=\"https:\/\/semmelweis.hu\/jogigfoig\/files\/2019\/06\/50_2019_V_29_\u00d3raad\u00f3i-c\u00edmek.pdf\">50\/2019. (V.29.) sz\u00e1m\u00fa hat\u00e1rozata\u00a0az \u00f3raad\u00f3 oktat\u00f3knak adom\u00e1nyozhat\u00f3 c\u00edmek oda\u00edt\u00e9l\u00e9s\u00e9r\u0151l<\/a><br \/>\n<a href=\"https:\/\/semmelweis.hu\/jogigfoig\/files\/2019\/06\/51_2019_V_29_SE-Kiv\u00e1l\u00f3-Oktat\u00f3ja.pdf\">51\/2019. (V.29.) sz\u00e1m\u00fa hat\u00e1rozata\u00a0a Semmelweis Egyetem Kiv\u00e1l\u00f3 Oktat\u00f3ja kit\u00fcntet\u00e9s adom\u00e1nyoz\u00e1s\u00e1r\u00f3l<\/a><br \/>\n<a href=\"https:\/\/semmelweis.hu\/jogigfoig\/files\/2019\/06\/51_2019_V_29_egyet\u00e9rt\u00e9s.pdf\">51\/2019. (V.29.) sz\u00e1m\u00fa hat\u00e1rozata a Semmelweis Egyetem Kiv\u00e1l\u00f3 Oktat\u00f3ja kit\u00fcntet\u00e9s adom\u00e1nyoz\u00e1s\u00e1r\u00f3l &#8211; kancell\u00e1ri egyet\u00e9rt\u00e9si jog gyakorl\u00e1sa<\/a><br \/>\n<a href=\"https:\/\/semmelweis.hu\/jogigfoig\/files\/2019\/06\/52_2019_V_29_Gazd\u00e1lkod\u00e1si-Szab\u00e1lyzat.pdf\">52\/2019. (V.29.) sz\u00e1m\u00fa hat\u00e1rozata\u00a0a Gazd\u00e1lkod\u00e1si Szab\u00e1lyzat elfogad\u00e1s\u00e1r\u00f3l <\/a><br \/>\n<a href=\"https:\/\/semmelweis.hu\/jogigfoig\/files\/2019\/06\/52_2019_V_29_mell\u00e9klet.pdf\">52\/2019. (V.29.) sz\u00e1m\u00fa hat\u00e1rozata a Gazd\u00e1lkod\u00e1si Szab\u00e1lyzat elfogad\u00e1s\u00e1r\u00f3l &#8211; Gazd\u00e1lkod\u00e1si Szab\u00e1lyzat<\/a><\/p>\n","protected":false},"author":101467,"featured_media":0,"parent":72499,"menu_order":7,"comment_status":"closed","ping_status":"closed","template":"","meta":{"_acf_changed":false,"footnotes":""},"categories":[],"tags":[],"class_list":["post-73213","page","type-page","status-publish","hentry"],"acf":[],"_links":{"self":[{"href":"https:\/\/semmelweis.hu\/jogigfoig\/wp-json\/wp\/v2\/pages\/73213","targetHints":{"allow":["GET"]}}],"collection":[{"href":"https:\/\/semmelweis.hu\/jogigfoig\/wp-json\/wp\/v2\/pages"}],"about":[{"href":"https:\/\/semmelweis.hu\/jogigfoig\/wp-json\/wp\/v2\/types\/page"}],"author":[{"embeddable":true,"href":"https:\/\/semmelweis.hu\/jogigfoig\/wp-json\/wp\/v2\/users\/101467"}],"replies":[{"embeddable":true,"href":"https:\/\/semmelweis.hu\/jogigfoig\/wp-json\/wp\/v2\/comments?post=73213"}],"version-history":[{"count":1,"href":"https:\/\/semmelweis.hu\/jogigfoig\/wp-json\/wp\/v2\/pages\/73213\/revisions"}],"predecessor-version":[{"id":73238,"href":"https:\/\/semmelweis.hu\/jogigfoig\/wp-json\/wp\/v2\/pages\/73213\/revisions\/73238"}],"up":[{"embeddable":true,"href":"https:\/\/semmelweis.hu\/jogigfoig\/wp-json\/wp\/v2\/pages\/72499"}],"wp:attachment":[{"href":"https:\/\/semmelweis.hu\/jogigfoig\/wp-json\/wp\/v2\/media?parent=73213"}],"wp:term":[{"taxonomy":"category","embeddable":true,"href":"https:\/\/semmelweis.hu\/jogigfoig\/wp-json\/wp\/v2\/categories?post=73213"},{"taxonomy":"post_tag","embeddable":true,"href":"https:\/\/semmelweis.hu\/jogigfoig\/wp-json\/wp\/v2\/tags?post=73213"}],"curies":[{"name":"wp","href":"https:\/\/api.w.org\/{rel}","templated":true}]}}