{"id":73061,"date":"2019-04-30T12:42:31","date_gmt":"2019-04-30T10:42:31","guid":{"rendered":"http:\/\/semmelweis.hu\/jogigfoig\/?page_id=73061"},"modified":"2020-02-07T15:00:50","modified_gmt":"2020-02-07T14:00:50","slug":"2019-aprilis-25","status":"publish","type":"page","link":"https:\/\/semmelweis.hu\/jogigfoig\/testuletek\/szenatus\/2019-evi-szenatusi-hatarozatok\/2019-aprilis-25\/","title":{"rendered":"2019. \u00e1prilis 25."},"content":{"rendered":"<p style=\"text-align: justify\"><a href=\"https:\/\/semmelweis.hu\/jogigfoig\/files\/2019\/04\/N_6_2019_IV_25_a-szen\u00e1tusi-\u00fcl\u00e9s-m\u00f3dos\u00edtott-napirendi-pontjainak-elfogad\u00e1s\u00e1r\u00f3l.pdf\">N-6. (IV.25.)\/2019. sz\u00e1m\u00fa hat\u00e1rozata\u00a0a szen\u00e1tusi \u00fcl\u00e9s m\u00f3dos\u00edtott napirendi pontjainak elfogad\u00e1s\u00e1r\u00f3l<\/a><\/p>\n<p style=\"text-align: justify\"><a href=\"https:\/\/semmelweis.hu\/jogigfoig\/files\/2019\/05\/35_2019_IV_25_\u00faj-SZMSZ-strukt\u00far\u00e1j\u00e1nak-kialak\u00edt\u00e1s\u00e1r\u00f3l.pdf\">35\/2019. (IV.25.) sz\u00e1m\u00fa hat\u00e1rozata\u00a0az \u00faj Szervezeti \u00e9s M\u0171k\u00f6d\u00e9si Szab\u00e1lyzat strukt\u00far\u00e1j\u00e1nak kialak\u00edt\u00e1s\u00e1ra vonatkoz\u00f3 javaslatr\u00f3l<\/a><\/p>\n<p style=\"text-align: justify\"><a href=\"https:\/\/semmelweis.hu\/jogigfoig\/files\/2019\/04\/36_2019_IV_25_a-Semmelweis-Egyetem-Szervezeti-\u00e9s-M\u0171k\u00f6d\u00e9si-Szab\u00e1lyzat-III.-R\u00e9sz-Hallgat\u00f3i-k\u00f6vetelm\u00e9nyrendszer-I.-Fejezet-Felv\u00e9teli-elj\u00e1r\u00e1sr\u00f3l-sz\u00f3l\u00f3-szab\u00e1lyzat-m\u00f3dos\u00edt\u00e1s\u00e1r\u00f3l.pdf\">36\/2019. (IV.25.) sz\u00e1m\u00fa hat\u00e1rozata\u00a0a Semmelweis Egyetem Szervezeti \u00e9s M\u0171k\u00f6d\u00e9si Szab\u00e1lyzat III. R\u00e9sz (Hallgat\u00f3i k\u00f6vetelm\u00e9nyrendszer) I. Fejezet Felv\u00e9teli elj\u00e1r\u00e1sr\u00f3l sz\u00f3l\u00f3 szab\u00e1lyzat m\u00f3dos\u00edt\u00e1s\u00e1r\u00f3l<\/a><\/p>\n<p style=\"text-align: justify\"><a href=\"https:\/\/semmelweis.hu\/jogigfoig\/files\/2019\/04\/37_2019_IV_25_KPK_keret\u00e9ben-m\u0171k\u00f6d\u0151-szakiskolai-k\u00e9pz\u00e9s-elind\u00edt\u00e1sa.pdf\">37\/2019. (IV.25.) sz\u00e1m\u00fa hat\u00e1rozata\u00a0a Semmelweis Egyetem Pet\u0151 Andr\u00e1s Kondukt\u00edv Pedag\u00f3gia K\u00f6zpont (a tov\u00e1bbiakban: KPK) keret\u00e9ben m\u0171k\u00f6d\u0151 szakiskolai k\u00e9pz\u00e9s elind\u00edt\u00e1s\u00e1ra, illetve ezzel \u00f6sszef\u00fcgg\u0151 int\u00e9zked\u00e9sekr\u0151l<\/a><\/p>\n<p style=\"text-align: justify\"><a href=\"https:\/\/semmelweis.hu\/jogigfoig\/files\/2019\/04\/37_2019_IV_25_KPK-keret\u00e9ben-m\u0171k\u00f6d\u0151-szakiskolai-k\u00e9pz\u00e9s-elind\u00edt\u00e1sa_kancell\u00e1ri-egyet\u00e9rt\u00e9s.pdf\">37\/2019. (IV.25.) sz\u00e1m\u00fa hat\u00e1rozata\u00a0a Semmelweis Egyetem Pet\u0151 Andr\u00e1s Kondukt\u00edv Pedag\u00f3gia K\u00f6zpont (a tov\u00e1bbiakban: KPK) keret\u00e9ben m\u0171k\u00f6d\u0151 szakiskolai k\u00e9pz\u00e9s elind\u00edt\u00e1s\u00e1ra, illetve ezzel \u00f6sszef\u00fcgg\u0151 int\u00e9zked\u00e9sekr\u0151l &#8211; kancell\u00e1ri egyet\u00e9rt\u00e9si jog gyakorl\u00e1sa<\/a><\/p>\n<p style=\"text-align: justify\"><a href=\"https:\/\/semmelweis.hu\/jogigfoig\/files\/2019\/04\/38_2019_IV_25_a-lakt\u00e1ci\u00f3s-szaktan\u00e1csad\u00f3-m\u00f3dos\u00edtott-tanterv-elfogad\u00e1s\u00e1r\u00f3l.pdf\">38\/2019. (IV.25.) sz\u00e1m\u00fa hat\u00e1rozata\u00a0a Semmelweis Egyetem Eg\u00e9szs\u00e9g\u00fcgyi K\u00f6zszolg\u00e1lati Kar Ment\u00e1lhigi\u00e9n\u00e9 Int\u00e9zet lakt\u00e1ci\u00f3s szaktan\u00e1csad\u00f3 szakir\u00e1ny\u00fa tov\u00e1bbk\u00e9pz\u00e9si szak k\u00e9pz\u00e9si \u00e9s kimeneti k\u00f6vetelm\u00e9nyeinek m\u00f3dos\u00edt\u00e1s\u00e1val \u00f6sszef\u00fcgg\u0151 m\u00f3dos\u00edtott tanterv elfogad\u00e1s\u00e1r\u00f3l<\/a><\/p>\n<p style=\"text-align: justify\"><a href=\"https:\/\/semmelweis.hu\/jogigfoig\/files\/2019\/04\/39_2019_IV.25._kit\u00fcntet\u00e9si-szab\u00e1lyzat-m\u00f3dos\u00edt\u00e1sa.docx.pdf\">39\/2019. (IV.25.) sz\u00e1m\u00fa hat\u00e1rozata\u00a0az egyetemi kit\u00fcntet\u00e9sek, d\u00edjak adom\u00e1nyoz\u00e1s\u00e1r\u00f3l, valamint az \u00e1llami kit\u00fcntet\u00e9sek felterjeszt\u00e9si elj\u00e1r\u00e1s\u00e1r\u00f3l sz\u00f3l\u00f3 szab\u00e1lyzat m\u00f3dos\u00edt\u00e1s\u00e1r\u00f3l<\/a><\/p>\n<p style=\"text-align: justify\"><a href=\"https:\/\/semmelweis.hu\/jogigfoig\/files\/2019\/05\/40_2019_IV_25_az-aktu\u00e1lis-vezet\u0151i-illetve-oktat\u00f3i-p\u00e1ly\u00e1zatok-v\u00e9lem\u00e9nyez\u00e9s\u00e9r\u0151l.pdf\">40\/2019. (IV.25.) sz\u00e1m\u00fa hat\u00e1rozata\u00a0az aktu\u00e1lis vezet\u0151i, illetve oktat\u00f3i p\u00e1ly\u00e1zatok v\u00e9lem\u00e9nyez\u00e9s\u00e9r\u0151l<\/a><\/p>\n<p style=\"text-align: justify\"><a href=\"https:\/\/semmelweis.hu\/jogigfoig\/files\/2019\/05\/40_2019_IV_25_az-aktu\u00e1lis-vezet\u0151i-p\u00e1ly\u00e1zatok_kancell\u00e1ri-egyet\u00e9rt\u00e9s.pdf\">40\/2019. (IV.25.) sz\u00e1m\u00fa hat\u00e1rozata az aktu\u00e1lis vezet\u0151i, illetve oktat\u00f3i p\u00e1ly\u00e1zatok v\u00e9lem\u00e9nyez\u00e9s\u00e9r\u0151l &#8211; kancell\u00e1ri egyet\u00e9rt\u00e9si jog gyakorl\u00e1sa <\/a><\/p>\n","protected":false},"excerpt":{"rendered":"<p><a href=\"https:\/\/semmelweis.hu\/jogigfoig\/files\/2019\/04\/N_6_2019_IV_25_a-szen\u00e1tusi-\u00fcl\u00e9s-m\u00f3dos\u00edtott-napirendi-pontjainak-elfogad\u00e1s\u00e1r\u00f3l.pdf\">N-6. (IV.25.)\/2019. sz\u00e1m\u00fa hat\u00e1rozata\u00a0a szen\u00e1tusi \u00fcl\u00e9s m\u00f3dos\u00edtott napirendi pontjainak elfogad\u00e1s\u00e1r\u00f3l<\/a><br \/>\n<a href=\"https:\/\/semmelweis.hu\/jogigfoig\/files\/2019\/05\/35_2019_IV_25_\u00faj-SZMSZ-strukt\u00far\u00e1j\u00e1nak-kialak\u00edt\u00e1s\u00e1r\u00f3l.pdf\">35\/2019. (IV.25.) sz\u00e1m\u00fa hat\u00e1rozata\u00a0az \u00faj Szervezeti \u00e9s M\u0171k\u00f6d\u00e9si Szab\u00e1lyzat strukt\u00far\u00e1j\u00e1nak kialak\u00edt\u00e1s\u00e1ra vonatkoz\u00f3 javaslatr\u00f3l<\/a><br \/>\n<a href=\"https:\/\/semmelweis.hu\/jogigfoig\/files\/2019\/04\/36_2019_IV_25_a-Semmelweis-Egyetem-Szervezeti-\u00e9s-M\u0171k\u00f6d\u00e9si-Szab\u00e1lyzat-III.-R\u00e9sz-Hallgat\u00f3i-k\u00f6vetelm\u00e9nyrendszer-I.-Fejezet-Felv\u00e9teli-elj\u00e1r\u00e1sr\u00f3l-sz\u00f3l\u00f3-szab\u00e1lyzat-m\u00f3dos\u00edt\u00e1s\u00e1r\u00f3l.pdf\">36\/2019. (IV.25.) sz\u00e1m\u00fa hat\u00e1rozata\u00a0a Semmelweis Egyetem Szervezeti \u00e9s M\u0171k\u00f6d\u00e9si Szab\u00e1lyzat III. R\u00e9sz (Hallgat\u00f3i k\u00f6vetelm\u00e9nyrendszer) I. Fejezet Felv\u00e9teli elj\u00e1r\u00e1sr\u00f3l sz\u00f3l\u00f3 szab\u00e1lyzat m\u00f3dos\u00edt\u00e1s\u00e1r\u00f3l<\/a><br \/>\n<a href=\"https:\/\/semmelweis.hu\/jogigfoig\/files\/2019\/04\/37_2019_IV_25_KPK_keret\u00e9ben-m\u0171k\u00f6d\u0151-szakiskolai-k\u00e9pz\u00e9s-elind\u00edt\u00e1sa.pdf\">37\/2019. (IV.25.) sz\u00e1m\u00fa hat\u00e1rozata\u00a0a Semmelweis Egyetem Pet\u0151 Andr\u00e1s Kondukt\u00edv Pedag\u00f3gia K\u00f6zpont (a tov\u00e1bbiakban: KPK) keret\u00e9ben m\u0171k\u00f6d\u0151 szakiskolai k\u00e9pz\u00e9s elind\u00edt\u00e1s\u00e1ra, illetve ezzel \u00f6sszef\u00fcgg\u0151 int\u00e9zked\u00e9sekr\u0151l<\/a><br \/>\n<a href=\"https:\/\/semmelweis.hu\/jogigfoig\/files\/2019\/04\/37_2019_IV_25_KPK-keret\u00e9ben-m\u0171k\u00f6d\u0151-szakiskolai-k\u00e9pz\u00e9s-elind\u00edt\u00e1sa_kancell\u00e1ri-egyet\u00e9rt\u00e9s.pdf\">37\/2019. (IV.25.) sz\u00e1m\u00fa hat\u00e1rozata\u00a0a Semmelweis Egyetem Pet\u0151 Andr\u00e1s Kondukt\u00edv Pedag\u00f3gia K\u00f6zpont (a tov\u00e1bbiakban: KPK) keret\u00e9ben m\u0171k\u00f6d\u0151 szakiskolai k\u00e9pz\u00e9s elind\u00edt\u00e1s\u00e1ra, illetve ezzel \u00f6sszef\u00fcgg\u0151 int\u00e9zked\u00e9sekr\u0151l &#8211; kancell\u00e1ri egyet\u00e9rt\u00e9si jog gyakorl\u00e1sa<\/a><br \/>\n<a href=\"https:\/\/semmelweis.hu\/jogigfoig\/files\/2019\/04\/38_2019_IV_25_a-lakt\u00e1ci\u00f3s-szaktan\u00e1csad\u00f3-m\u00f3dos\u00edtott-tanterv-elfogad\u00e1s\u00e1r\u00f3l.pdf\">38\/2019. (IV.25.) sz\u00e1m\u00fa hat\u00e1rozata\u00a0a Semmelweis Egyetem Eg\u00e9szs\u00e9g\u00fcgyi K\u00f6zszolg\u00e1lati Kar Ment\u00e1lhigi\u00e9n\u00e9 Int\u00e9zet lakt\u00e1ci\u00f3s szaktan\u00e1csad\u00f3 szakir\u00e1ny\u00fa tov\u00e1bbk\u00e9pz\u00e9si szak k\u00e9pz\u00e9si \u00e9s kimeneti k\u00f6vetelm\u00e9nyeinek m\u00f3dos\u00edt\u00e1s\u00e1val \u00f6sszef\u00fcgg\u0151 m\u00f3dos\u00edtott tanterv elfogad\u00e1s\u00e1r\u00f3l<\/a><br \/>\n<a href=\"https:\/\/semmelweis.hu\/jogigfoig\/files\/2019\/04\/39_2019_IV.25._kit\u00fcntet\u00e9si-szab\u00e1lyzat-m\u00f3dos\u00edt\u00e1sa.docx.pdf\">39\/2019. (IV.25.) sz\u00e1m\u00fa hat\u00e1rozata\u00a0az egyetemi kit\u00fcntet\u00e9sek, d\u00edjak adom\u00e1nyoz\u00e1s\u00e1r\u00f3l, valamint az \u00e1llami kit\u00fcntet\u00e9sek felterjeszt\u00e9si elj\u00e1r\u00e1s\u00e1r\u00f3l sz\u00f3l\u00f3 szab\u00e1lyzat m\u00f3dos\u00edt\u00e1s\u00e1r\u00f3l<\/a><br \/>\n<a href=\"https:\/\/semmelweis.hu\/jogigfoig\/files\/2019\/05\/40_2019_IV_25_az-aktu\u00e1lis-vezet\u0151i-illetve-oktat\u00f3i-p\u00e1ly\u00e1zatok-v\u00e9lem\u00e9nyez\u00e9s\u00e9r\u0151l.pdf\">40\/2019. (IV.25.) sz\u00e1m\u00fa hat\u00e1rozata\u00a0az aktu\u00e1lis vezet\u0151i, illetve oktat\u00f3i p\u00e1ly\u00e1zatok v\u00e9lem\u00e9nyez\u00e9s\u00e9r\u0151l<\/a><br \/>\n<a href=\"https:\/\/semmelweis.hu\/jogigfoig\/files\/2019\/05\/40_2019_IV_25_az-aktu\u00e1lis-vezet\u0151i-p\u00e1ly\u00e1zatok_kancell\u00e1ri-egyet\u00e9rt\u00e9s.pdf\">40\/2019. (IV.25.) sz\u00e1m\u00fa hat\u00e1rozata az aktu\u00e1lis vezet\u0151i, illetve oktat\u00f3i p\u00e1ly\u00e1zatok v\u00e9lem\u00e9nyez\u00e9s\u00e9r\u0151l &#8211; kancell\u00e1ri egyet\u00e9rt\u00e9si jog gyakorl\u00e1sa <\/a><\/p>\n","protected":false},"author":101467,"featured_media":0,"parent":72499,"menu_order":6,"comment_status":"closed","ping_status":"closed","template":"","meta":{"_acf_changed":false,"footnotes":""},"categories":[],"tags":[],"class_list":["post-73061","page","type-page","status-publish","hentry"],"acf":[],"_links":{"self":[{"href":"https:\/\/semmelweis.hu\/jogigfoig\/wp-json\/wp\/v2\/pages\/73061","targetHints":{"allow":["GET"]}}],"collection":[{"href":"https:\/\/semmelweis.hu\/jogigfoig\/wp-json\/wp\/v2\/pages"}],"about":[{"href":"https:\/\/semmelweis.hu\/jogigfoig\/wp-json\/wp\/v2\/types\/page"}],"author":[{"embeddable":true,"href":"https:\/\/semmelweis.hu\/jogigfoig\/wp-json\/wp\/v2\/users\/101467"}],"replies":[{"embeddable":true,"href":"https:\/\/semmelweis.hu\/jogigfoig\/wp-json\/wp\/v2\/comments?post=73061"}],"version-history":[{"count":7,"href":"https:\/\/semmelweis.hu\/jogigfoig\/wp-json\/wp\/v2\/pages\/73061\/revisions"}],"predecessor-version":[{"id":73175,"href":"https:\/\/semmelweis.hu\/jogigfoig\/wp-json\/wp\/v2\/pages\/73061\/revisions\/73175"}],"up":[{"embeddable":true,"href":"https:\/\/semmelweis.hu\/jogigfoig\/wp-json\/wp\/v2\/pages\/72499"}],"wp:attachment":[{"href":"https:\/\/semmelweis.hu\/jogigfoig\/wp-json\/wp\/v2\/media?parent=73061"}],"wp:term":[{"taxonomy":"category","embeddable":true,"href":"https:\/\/semmelweis.hu\/jogigfoig\/wp-json\/wp\/v2\/categories?post=73061"},{"taxonomy":"post_tag","embeddable":true,"href":"https:\/\/semmelweis.hu\/jogigfoig\/wp-json\/wp\/v2\/tags?post=73061"}],"curies":[{"name":"wp","href":"https:\/\/api.w.org\/{rel}","templated":true}]}}