{"id":72925,"date":"2019-04-02T09:33:45","date_gmt":"2019-04-02T07:33:45","guid":{"rendered":"http:\/\/semmelweis.hu\/jogigfoig\/?page_id=72925"},"modified":"2020-02-07T15:00:42","modified_gmt":"2020-02-07T14:00:42","slug":"2019-marcius-28","status":"publish","type":"page","link":"https:\/\/semmelweis.hu\/jogigfoig\/testuletek\/szenatus\/2019-evi-szenatusi-hatarozatok\/2019-marcius-28\/","title":{"rendered":"2019. m\u00e1rcius 28."},"content":{"rendered":"<p style=\"text-align: justify\"><a href=\"https:\/\/semmelweis.hu\/jogigfoig\/files\/2019\/04\/N-5_2019_III_28_napirendi_pont.pdf\">N-5. (III.28.)\/2019. sz\u00e1m\u00fa hat\u00e1rozata\u00a0a szen\u00e1tusi \u00fcl\u00e9s m\u00f3dos\u00edtott napirendi pontjainak elfogad\u00e1s\u00e1r\u00f3l<\/a><\/p>\n<p style=\"text-align: justify\"><a href=\"https:\/\/semmelweis.hu\/jogigfoig\/files\/2019\/04\/21_2019_III_28__2018_evi_beszamolo.pdf\">21\/2019. (III.28.) sz\u00e1m\u00fa hat\u00e1rozata\u00a0a Semmelweis Egyetem 2018. \u00e9vi gazd\u00e1lkod\u00e1s\u00e1r\u00f3l sz\u00f3l\u00f3\u00a0besz\u00e1mol\u00f3 elfogad\u00e1s\u00e1r\u00f3l<\/a><\/p>\n<p style=\"text-align: justify\"><a href=\"https:\/\/semmelweis.hu\/jogigfoig\/files\/2019\/04\/22_2019_III_28_vezetoi_koltsegvetes_elfogadasa.pdf\">22\/2019. (III.28.) sz\u00e1m\u00fa hat\u00e1rozata\u00a0a 2019. \u00e9vi vezet\u0151i k\u00f6lts\u00e9gvet\u00e9s elfogad\u00e1s\u00e1r\u00f3l<\/a><\/p>\n<p style=\"text-align: justify\"><a href=\"https:\/\/semmelweis.hu\/jogigfoig\/files\/2019\/04\/23_2019_III_28_vezetoi_koltsegvetes_egyeztetes.pdf\">23\/2019. (III.28.) sz\u00e1m\u00fa hat\u00e1rozata\u00a0a vezet\u0151i k\u00f6lts\u00e9gvet\u00e9s tervez\u00e9s\u00e9nek folyamata sor\u00e1n figyelembe venni rendelt el\u0151zetes egyeztet\u00e9sek kieg\u00e9sz\u00edt\u00e9s\u00e9r\u0151l<\/a><\/p>\n<p style=\"text-align: justify\"><a href=\"https:\/\/semmelweis.hu\/jogigfoig\/files\/2019\/04\/24_2019_III_28_Science_Park.pdf\">24\/2019. (III.28.) sz\u00e1m\u00fa hat\u00e1rozata\u00a0az Eg\u00e9szs\u00e9gipari-Biotechnol\u00f3giai Science Park szakmai koncepci\u00f3j\u00e1r\u00f3l<\/a><\/p>\n<p style=\"text-align: justify\"><a href=\"https:\/\/semmelweis.hu\/jogigfoig\/files\/2019\/04\/25_2019_III_28_Symposium.pdf\">25\/2019. (III.28.) sz\u00e1m\u00fa hat\u00e1rozata\u00a0a 2019. \u00e9vi Semmelweis Symposium megrendez\u00e9s\u00e9r\u0151l<\/a><\/p>\n<p style=\"text-align: justify\"><a href=\"https:\/\/semmelweis.hu\/jogigfoig\/files\/2019\/04\/25_2019_III_28_Symposium_kancell\u00e1ri-egyet\u00e9rt\u00e9s.pdf\">25\/2019. (III.28.) sz\u00e1m\u00fa hat\u00e1rozata a 2019. \u00e9vi Semmelweis Symposium megrendez\u00e9s\u00e9r\u0151l &#8211; kancell\u00e1ri egyet\u00e9rt\u00e9si jog gyakorl\u00e1sa<\/a><\/p>\n<p style=\"text-align: justify\"><a href=\"https:\/\/semmelweis.hu\/jogigfoig\/files\/2019\/04\/26_2019_III_28_FB-tag.pdf\">26\/2019. (III.28.) sz\u00e1m\u00fa hat\u00e1rozata\u00a0a Fel\u00fclb\u00edr\u00e1lati Bizotts\u00e1g szem\u00e9lyi \u00f6sszet\u00e9tel\u00e9nek m\u00f3dos\u00edt\u00e1s\u00e1r\u00f3l<\/a><\/p>\n<p style=\"text-align: justify\"><a href=\"https:\/\/semmelweis.hu\/jogigfoig\/files\/2019\/04\/27_2019_III_28_vezetoi_palyazatok.pdf\">27\/2019. (III.28.) sz\u00e1m\u00fa hat\u00e1rozata\u00a0az aktu\u00e1lis vezet\u0151i p\u00e1ly\u00e1zatok v\u00e9lem\u00e9nyez\u00e9s\u00e9r\u0151l<\/a><\/p>\n<p style=\"text-align: justify\"><a href=\"https:\/\/semmelweis.hu\/jogigfoig\/files\/2019\/04\/27_2019_III_28_vezetoi_palyazatok_kancellari_egyetertes.pdf\">27\/2019. (III.28.) sz\u00e1m\u00fa hat\u00e1rozata az aktu\u00e1lis vezet\u0151i p\u00e1ly\u00e1zatok v\u00e9lem\u00e9nyez\u00e9s\u00e9r\u0151l &#8211; kancell\u00e1ri egyet\u00e9rt\u00e9si jog gyakorl\u00e1sa<\/a><\/p>\n<p style=\"text-align: justify\"><a href=\"https:\/\/semmelweis.hu\/jogigfoig\/files\/2019\/04\/28_2019_III_28_kituntetesek.pdf\">28\/2019. (III.28.) sz\u00e1m\u00fa hat\u00e1rozata\u00a0az Egyetem c\u00edmer\u00e9vel d\u00edsz\u00edtett arany pecs\u00e9tgy\u0171r\u0171,\u00a0Pro Universitate d\u00edj \u00e9s\u00a0a Semmelweis Egyetem Kiv\u00e1l\u00f3 Oktat\u00f3ja Kit\u00fcntet\u00e9s adom\u00e1nyoz\u00e1s\u00e1r\u00f3l<\/a><\/p>\n<p style=\"text-align: justify\"><a href=\"https:\/\/semmelweis.hu\/jogigfoig\/files\/2019\/04\/28_2019_III_28_kituntetesek_kancellari-egyetertes.pdf\">28\/2019. (III.28.) sz\u00e1m\u00fa hat\u00e1rozata\u00a0az Egyetem c\u00edmer\u00e9vel d\u00edsz\u00edtett arany pecs\u00e9tgy\u0171r\u0171,\u00a0Pro Universitate d\u00edj \u00e9s\u00a0a Semmelweis Egyetem Kiv\u00e1l\u00f3 Oktat\u00f3ja Kit\u00fcntet\u00e9s adom\u00e1nyoz\u00e1s\u00e1r\u00f3l &#8211; kancell\u00e1ri egyet\u00e9rt\u00e9si jog gyakorl\u00e1sa<\/a><\/p>\n<p style=\"text-align: justify\"><a href=\"https:\/\/semmelweis.hu\/jogigfoig\/files\/2019\/04\/29_2019_III_28_digitalis-fogaszat.pdf\">29\/2019. (III.28.) sz\u00e1m\u00fa hat\u00e1rozata\u00a0a \u00a0Semmelweis Egyetem Fogorvostudom\u00e1nyi Kar\u00e1n\u00a0Digit\u00e1lis Fog\u00e1szati Technol\u00f3gus Szak l\u00e9tes\u00edt\u00e9s\u00e9r\u0151l<\/a><\/p>\n<p style=\"text-align: justify\"><a href=\"https:\/\/semmelweis.hu\/jogigfoig\/files\/2019\/04\/29_2019_III_28_digitalis-fogaszat_kancellari-egyetertes.pdf\">29\/2019. (III.28.) sz\u00e1m\u00fa hat\u00e1rozata\u00a0a \u00a0Semmelweis Egyetem Fogorvostudom\u00e1nyi Kar\u00e1n\u00a0Digit\u00e1lis Fog\u00e1szati Technol\u00f3gus Szak l\u00e9tes\u00edt\u00e9s\u00e9r\u0151l &#8211; kancell\u00e1ri egyet\u00e9rt\u00e9si jog gyakorl\u00e1sa<\/a><\/p>\n<p style=\"text-align: justify\"><a href=\"https:\/\/semmelweis.hu\/jogigfoig\/files\/2019\/04\/30_2019_III_28_gyakorlati-kepzesi-bizottsag.pdf\">30\/2019. (III.28.) sz\u00e1m\u00fa hat\u00e1rozata\u00a0a Szen\u00e1tus \u00e1ltal l\u00e9trehozott, a Pet\u0151 Andr\u00e1s Karon m\u0171k\u00f6d\u0151 Gyakorlati K\u00e9pz\u00e9si\u00a0Bizotts\u00e1g \u00e9s Kiad\u00f3i \u00e9s K\u00f6nyvt\u00e1r Bizotts\u00e1g szem\u00e9lyi \u00f6sszet\u00e9tel\u00e9nek m\u00f3dos\u00edt\u00e1s\u00e1r\u00f3l<\/a><\/p>\n<p style=\"text-align: justify\"><a href=\"https:\/\/semmelweis.hu\/jogigfoig\/files\/2019\/04\/31_2019_III_28_neonatologia.pdf\">31\/2019. (III.28.) sz\u00e1m\u00fa hat\u00e1rozata\u00a0a Neonatol\u00f3giai Tansz\u00e9ki Csoport l\u00e9trehoz\u00e1s\u00e1r\u00f3l\u00a0az I. sz. Gyermekgy\u00f3gy\u00e1szati Klinik\u00e1hoz\u00a0 rendelten<\/a><\/p>\n<p style=\"text-align: justify\"><a href=\"https:\/\/semmelweis.hu\/jogigfoig\/files\/2019\/04\/31_2019_III_28_neonatologia_kancellari-egyetertes.pdf\">31\/2019. (III.28.) sz\u00e1m\u00fa hat\u00e1rozata\u00a0a Neonatol\u00f3giai Tansz\u00e9ki Csoport l\u00e9trehoz\u00e1s\u00e1r\u00f3l\u00a0az I. sz. Gyermekgy\u00f3gy\u00e1szati Klinik\u00e1hoz\u00a0 rendelten &#8211; kancell\u00e1ri egyet\u00e9rt\u00e9si jog gyakorl\u00e1sa<\/a><\/p>\n<p style=\"text-align: justify\"><a href=\"https:\/\/semmelweis.hu\/jogigfoig\/files\/2019\/04\/32_2019_III_28_kari-bizottsagok-beszamolo.pdf\">32\/2019. (III.28.) sz\u00e1m\u00fa hat\u00e1rozata\u00a0Besz\u00e1mol\u00f3 a Szen\u00e1tus \u00e1ltal l\u00e9trehozott, <em>(Tanulm\u00e1nyi \u00e9s Vizsga Bizotts\u00e1g, Kredit\u00e1tviteli Bizotts\u00e1g, Etikai \u00e9s Fegyelmi Bizotts\u00e1g, a Pet\u0151 Andr\u00e1s Kar tekintet\u00e9ben tov\u00e1bbi k\u00e9t bizotts\u00e1g a Gyakorlati K\u00e9pz\u00e9si Bizotts\u00e1g \u00e9s a Kiad\u00f3i \u00e9s K\u00f6nyvt\u00e1r Bizotts\u00e1g)<\/em> karokon m\u0171k\u00f6d\u0151 \u00e1lland\u00f3 bizotts\u00e1gok munk\u00e1j\u00e1r\u00f3l<\/a><\/p>\n<p style=\"text-align: justify\"><a href=\"https:\/\/semmelweis.hu\/jogigfoig\/files\/2019\/04\/33_2019_III_28_allando-bizottsagok-tagok.pdf\">33\/2019. (III.28.) sz\u00e1m\u00fa hat\u00e1rozata\u00a0az Egyetem eg\u00e9sz\u00e9re kiterjed\u0151 hat\u00e1sk\u00f6rrel rendelkez\u0151 <em>(Egyetemi Etikai Bizotts\u00e1g,<\/em> <em>Gy\u00f3gyszerter\u00e1pi\u00e1s Bizotts\u00e1g)<\/em> \u00e1lland\u00f3 bizotts\u00e1gok hallgat\u00f3i \u00f6sszet\u00e9tel\u00e9nek a v\u00e1ltoz\u00e1s\u00e1r\u00f3l<\/a><\/p>\n<p style=\"text-align: justify\"><a href=\"https:\/\/semmelweis.hu\/jogigfoig\/files\/2019\/04\/34_2019_III_28_Markusovszky.pdf\">34\/2019. (III.28.) sz\u00e1m\u00fa hat\u00e1rozata\u00a0a Markusovszky Lajos Alap\u00edtv\u00e1ny alap\u00edt\u00f3i jogainak \u00e1truh\u00e1z\u00e1s\u00e1r\u00f3l<\/a><\/p>\n","protected":false},"excerpt":{"rendered":"<p><a href=\"https:\/\/semmelweis.hu\/jogigfoig\/files\/2019\/04\/N-5_2019_III_28_napirendi_pont.pdf\">N-5. (III.28.)\/2019. sz\u00e1m\u00fa hat\u00e1rozata\u00a0a szen\u00e1tusi \u00fcl\u00e9s m\u00f3dos\u00edtott napirendi pontjainak elfogad\u00e1s\u00e1r\u00f3l<\/a><br \/>\n<a href=\"https:\/\/semmelweis.hu\/jogigfoig\/files\/2019\/04\/21_2019_III_28__2018_evi_beszamolo.pdf\">21\/2019. (III.28.) sz\u00e1m\u00fa hat\u00e1rozata\u00a0a Semmelweis Egyetem 2018. \u00e9vi gazd\u00e1lkod\u00e1s\u00e1r\u00f3l sz\u00f3l\u00f3\u00a0besz\u00e1mol\u00f3 elfogad\u00e1s\u00e1r\u00f3l<\/a><br \/>\n<a href=\"https:\/\/semmelweis.hu\/jogigfoig\/files\/2019\/04\/22_2019_III_28_vezetoi_koltsegvetes_elfogadasa.pdf\">22\/2019. (III.28.) sz\u00e1m\u00fa hat\u00e1rozata\u00a0a 2019. \u00e9vi vezet\u0151i k\u00f6lts\u00e9gvet\u00e9s elfogad\u00e1s\u00e1r\u00f3l<\/a><br \/>\n<a href=\"https:\/\/semmelweis.hu\/jogigfoig\/files\/2019\/04\/23_2019_III_28_vezetoi_koltsegvetes_egyeztetes.pdf\">23\/2019. (III.28.) sz\u00e1m\u00fa hat\u00e1rozata\u00a0a vezet\u0151i k\u00f6lts\u00e9gvet\u00e9s tervez\u00e9s\u00e9nek folyamata sor\u00e1n figyelembe venni rendelt el\u0151zetes egyeztet\u00e9sek kieg\u00e9sz\u00edt\u00e9s\u00e9r\u0151l<\/a><br \/>\n<a href=\"https:\/\/semmelweis.hu\/jogigfoig\/files\/2019\/04\/24_2019_III_28_Science_Park.pdf\">24\/2019. (III.28.) sz\u00e1m\u00fa hat\u00e1rozata\u00a0az Eg\u00e9szs\u00e9gipari-Biotechnol\u00f3giai Science Park szakmai koncepci\u00f3j\u00e1r\u00f3l<\/a><br \/>\n<a href=\"https:\/\/semmelweis.hu\/jogigfoig\/files\/2019\/04\/25_2019_III_28_Symposium.pdf\">25\/2019. (III.28.) sz\u00e1m\u00fa hat\u00e1rozata\u00a0a 2019. \u00e9vi Semmelweis Symposium megrendez\u00e9s\u00e9r\u0151l<\/a><br \/>\n<a href=\"https:\/\/semmelweis.hu\/jogigfoig\/files\/2019\/04\/25_2019_III_28_Symposium_kancell\u00e1ri-egyet\u00e9rt\u00e9s.pdf\">25\/2019. (III.28.) sz\u00e1m\u00fa hat\u00e1rozata a 2019. \u00e9vi Semmelweis Symposium megrendez\u00e9s\u00e9r\u0151l &#8211; kancell\u00e1ri egyet\u00e9rt\u00e9si jog gyakorl\u00e1sa<\/a><br \/>\n<a href=\"https:\/\/semmelweis.hu\/jogigfoig\/files\/2019\/04\/26_2019_III_28_FB-tag.pdf\">26\/2019. (III.28.) sz\u00e1m\u00fa hat\u00e1rozata\u00a0a Fel\u00fclb\u00edr\u00e1lati Bizotts\u00e1g szem\u00e9lyi \u00f6sszet\u00e9tel\u00e9nek m\u00f3dos\u00edt\u00e1s\u00e1r\u00f3l<\/a><br \/>\n<a href=\"https:\/\/semmelweis.hu\/jogigfoig\/files\/2019\/04\/27_2019_III_28_vezetoi_palyazatok.pdf\">27\/2019. (III.28.) sz\u00e1m\u00fa hat\u00e1rozata\u00a0az aktu\u00e1lis vezet\u0151i p\u00e1ly\u00e1zatok v\u00e9lem\u00e9nyez\u00e9s\u00e9r\u0151l<\/a><br \/>\n<a href=\"https:\/\/semmelweis.hu\/jogigfoig\/files\/2019\/04\/27_2019_III_28_vezetoi_palyazatok_kancellari_egyetertes.pdf\">27\/2019. (III.28.) sz\u00e1m\u00fa hat\u00e1rozata az aktu\u00e1lis vezet\u0151i p\u00e1ly\u00e1zatok v\u00e9lem\u00e9nyez\u00e9s\u00e9r\u0151l &#8211; kancell\u00e1ri egyet\u00e9rt\u00e9si jog gyakorl\u00e1sa<\/a><br \/>\n<a href=\"https:\/\/semmelweis.hu\/jogigfoig\/files\/2019\/04\/28_2019_III_28_kituntetesek.pdf\">28\/2019. (III.28.) sz\u00e1m\u00fa hat\u00e1rozata\u00a0az Egyetem c\u00edmer\u00e9vel d\u00edsz\u00edtett arany pecs\u00e9tgy\u0171r\u0171,\u00a0Pro Universitate d\u00edj \u00e9s\u00a0a Semmelweis Egyetem Kiv\u00e1l\u00f3 Oktat\u00f3ja Kit\u00fcntet\u00e9s adom\u00e1nyoz\u00e1s\u00e1r\u00f3l<\/a><br \/>\n<a href=\"https:\/\/semmelweis.hu\/jogigfoig\/files\/2019\/04\/28_2019_III_28_kituntetesek_kancellari-egyetertes.pdf\">28\/2019. (III.28.) sz\u00e1m\u00fa hat\u00e1rozata\u00a0az Egyetem c\u00edmer\u00e9vel d\u00edsz\u00edtett arany pecs\u00e9tgy\u0171r\u0171,\u00a0Pro Universitate d\u00edj \u00e9s\u00a0a Semmelweis Egyetem Kiv\u00e1l\u00f3 Oktat\u00f3ja Kit\u00fcntet\u00e9s adom\u00e1nyoz\u00e1s\u00e1r\u00f3l &#8211; kancell\u00e1ri egyet\u00e9rt\u00e9si jog gyakorl\u00e1sa<\/a><br \/>\n<a href=\"https:\/\/semmelweis.hu\/jogigfoig\/files\/2019\/04\/29_2019_III_28_digitalis-fogaszat.pdf\">29\/2019. (III.28.) sz\u00e1m\u00fa hat\u00e1rozata\u00a0a \u00a0Semmelweis Egyetem Fogorvostudom\u00e1nyi Kar\u00e1n\u00a0Digit\u00e1lis Fog\u00e1szati Technol\u00f3gus Szak l\u00e9tes\u00edt\u00e9s\u00e9r\u0151l<\/a><br \/>\n<a href=\"https:\/\/semmelweis.hu\/jogigfoig\/files\/2019\/04\/29_2019_III_28_digitalis-fogaszat_kancellari-egyetertes.pdf\">29\/2019. (III.28.) sz\u00e1m\u00fa hat\u00e1rozata\u00a0a \u00a0Semmelweis Egyetem Fogorvostudom\u00e1nyi Kar\u00e1n\u00a0Digit\u00e1lis Fog\u00e1szati Technol\u00f3gus Szak l\u00e9tes\u00edt\u00e9s\u00e9r\u0151l &#8211; kancell\u00e1ri egyet\u00e9rt\u00e9si jog gyakorl\u00e1sa<\/a><br \/>\n<a href=\"https:\/\/semmelweis.hu\/jogigfoig\/files\/2019\/04\/30_2019_III_28_gyakorlati-kepzesi-bizottsag.pdf\">30\/2019. (III.28.) sz\u00e1m\u00fa hat\u00e1rozata\u00a0a Szen\u00e1tus \u00e1ltal l\u00e9trehozott, a Pet\u0151 Andr\u00e1s Karon m\u0171k\u00f6d\u0151 Gyakorlati K\u00e9pz\u00e9si\u00a0Bizotts\u00e1g \u00e9s Kiad\u00f3i \u00e9s K\u00f6nyvt\u00e1r Bizotts\u00e1g szem\u00e9lyi \u00f6sszet\u00e9tel\u00e9nek m\u00f3dos\u00edt\u00e1s\u00e1r\u00f3l<\/a><br \/>\n<a href=\"https:\/\/semmelweis.hu\/jogigfoig\/files\/2019\/04\/31_2019_III_28_neonatologia.pdf\">31\/2019. (III.28.) sz\u00e1m\u00fa hat\u00e1rozata\u00a0a Neonatol\u00f3giai Tansz\u00e9ki Csoport l\u00e9trehoz\u00e1s\u00e1r\u00f3l\u00a0az I. sz. Gyermekgy\u00f3gy\u00e1szati Klinik\u00e1hoz\u00a0 rendelten<\/a><br \/>\n<a href=\"https:\/\/semmelweis.hu\/jogigfoig\/files\/2019\/04\/31_2019_III_28_neonatologia_kancellari-egyetertes.pdf\">31\/2019. (III.28.) sz\u00e1m\u00fa hat\u00e1rozata\u00a0a Neonatol\u00f3giai Tansz\u00e9ki Csoport l\u00e9trehoz\u00e1s\u00e1r\u00f3l\u00a0az I. sz. Gyermekgy\u00f3gy\u00e1szati Klinik\u00e1hoz\u00a0 rendelten &#8211; kancell\u00e1ri egyet\u00e9rt\u00e9si jog gyakorl\u00e1sa<\/a><br \/>\n<a href=\"https:\/\/semmelweis.hu\/jogigfoig\/files\/2019\/04\/32_2019_III_28_kari-bizottsagok-beszamolo.pdf\">32\/2019. (III.28.) sz\u00e1m\u00fa hat\u00e1rozata\u00a0Besz\u00e1mol\u00f3 a Szen\u00e1tus \u00e1ltal l\u00e9trehozott, (Tanulm\u00e1nyi \u00e9s Vizsga Bizotts\u00e1g, Kredit\u00e1tviteli Bizotts\u00e1g, Etikai \u00e9s Fegyelmi Bizotts\u00e1g, a Pet\u0151 Andr\u00e1s Kar tekintet\u00e9ben tov\u00e1bbi k\u00e9t bizotts\u00e1g a Gyakorlati K\u00e9pz\u00e9si Bizotts\u00e1g \u00e9s a Kiad\u00f3i \u00e9s K\u00f6nyvt\u00e1r Bizotts\u00e1g) karokon m\u0171k\u00f6d\u0151 \u00e1lland\u00f3 bizotts\u00e1gok munk\u00e1j\u00e1r\u00f3l<\/a><br \/>\n<a href=\"https:\/\/semmelweis.hu\/jogigfoig\/files\/2019\/04\/33_2019_III_28_allando-bizottsagok-tagok.pdf\">33\/2019. (III.28.) sz\u00e1m\u00fa hat\u00e1rozata\u00a0az Egyetem eg\u00e9sz\u00e9re kiterjed\u0151 hat\u00e1sk\u00f6rrel rendelkez\u0151 (Egyetemi Etikai Bizotts\u00e1g, Gy\u00f3gyszerter\u00e1pi\u00e1s Bizotts\u00e1g) \u00e1lland\u00f3 bizotts\u00e1gok hallgat\u00f3i \u00f6sszet\u00e9tel\u00e9nek a v\u00e1ltoz\u00e1s\u00e1r\u00f3l<\/a><br \/>\n<a href=\"https:\/\/semmelweis.hu\/jogigfoig\/files\/2019\/04\/34_2019_III_28_Markusovszky.pdf\">34\/2019. (III.28.) sz\u00e1m\u00fa hat\u00e1rozata\u00a0a Markusovszky Lajos Alap\u00edtv\u00e1ny alap\u00edt\u00f3i jogainak \u00e1truh\u00e1z\u00e1s\u00e1r\u00f3l<\/a><\/p>\n","protected":false},"author":101467,"featured_media":0,"parent":72499,"menu_order":5,"comment_status":"closed","ping_status":"closed","template":"","meta":{"_acf_changed":false,"footnotes":""},"categories":[],"tags":[],"class_list":["post-72925","page","type-page","status-publish","hentry"],"acf":[],"_links":{"self":[{"href":"https:\/\/semmelweis.hu\/jogigfoig\/wp-json\/wp\/v2\/pages\/72925","targetHints":{"allow":["GET"]}}],"collection":[{"href":"https:\/\/semmelweis.hu\/jogigfoig\/wp-json\/wp\/v2\/pages"}],"about":[{"href":"https:\/\/semmelweis.hu\/jogigfoig\/wp-json\/wp\/v2\/types\/page"}],"author":[{"embeddable":true,"href":"https:\/\/semmelweis.hu\/jogigfoig\/wp-json\/wp\/v2\/users\/101467"}],"replies":[{"embeddable":true,"href":"https:\/\/semmelweis.hu\/jogigfoig\/wp-json\/wp\/v2\/comments?post=72925"}],"version-history":[{"count":3,"href":"https:\/\/semmelweis.hu\/jogigfoig\/wp-json\/wp\/v2\/pages\/72925\/revisions"}],"predecessor-version":[{"id":72956,"href":"https:\/\/semmelweis.hu\/jogigfoig\/wp-json\/wp\/v2\/pages\/72925\/revisions\/72956"}],"up":[{"embeddable":true,"href":"https:\/\/semmelweis.hu\/jogigfoig\/wp-json\/wp\/v2\/pages\/72499"}],"wp:attachment":[{"href":"https:\/\/semmelweis.hu\/jogigfoig\/wp-json\/wp\/v2\/media?parent=72925"}],"wp:term":[{"taxonomy":"category","embeddable":true,"href":"https:\/\/semmelweis.hu\/jogigfoig\/wp-json\/wp\/v2\/categories?post=72925"},{"taxonomy":"post_tag","embeddable":true,"href":"https:\/\/semmelweis.hu\/jogigfoig\/wp-json\/wp\/v2\/tags?post=72925"}],"curies":[{"name":"wp","href":"https:\/\/api.w.org\/{rel}","templated":true}]}}