{"id":72872,"date":"2019-03-26T14:14:30","date_gmt":"2019-03-26T13:14:30","guid":{"rendered":"http:\/\/semmelweis.hu\/jogigfoig\/?page_id=72872"},"modified":"2019-03-27T13:03:20","modified_gmt":"2019-03-27T12:03:20","slug":"2019-marcius-25","status":"publish","type":"page","link":"https:\/\/semmelweis.hu\/jogigfoig\/testuletek\/konzisztorium\/2019-marcius-25\/","title":{"rendered":"2019. m\u00e1rcius 25."},"content":{"rendered":"<p style=\"text-align: justify\"><a href=\"https:\/\/semmelweis.hu\/jogigfoig\/files\/2019\/03\/1_2019_III.-25.-sz.-hat_Besz\u00e1mol\u00f3-2018.-\u00e9vi-gazd\u00e1lkod\u00e1r\u00f3l.pdf\">A Semmelweis Egyetem\u00a0Konziszt\u00f3rium\u00e1nak\u00a01\/2019. (III. 25.) sz\u00e1m\u00fa hat\u00e1rozata\u00a0a Semmelweis Egyetem 2018. \u00e9vi gazd\u00e1lkod\u00e1s\u00e1r\u00f3l sz\u00f3l\u00f3 besz\u00e1mol\u00f3\u00a0 elfogad\u00e1s\u00e1r\u00f3l<\/a><\/p>\n<p style=\"text-align: justify\"><a href=\"https:\/\/semmelweis.hu\/jogigfoig\/files\/2019\/03\/2_2019_III.-25.-sz.-hat_2019.-\u00e9vi-k\u00f6lts\u00e9gvet\u00e9s-1.pdf\">A Semmelweis Egyetem\u00a0Konziszt\u00f3rium\u00e1nak\u00a02\/2019. (III. 25.) sz\u00e1m\u00fa hat\u00e1rozata\u00a0a Semmelweis Egyetem 2019. \u00e9vi vezet\u0151i k\u00f6lts\u00e9gvet\u00e9s\u00a0elfogad\u00e1s\u00e1r\u00f3l<\/a><\/p>\n<p style=\"text-align: justify\"><a href=\"https:\/\/semmelweis.hu\/jogigfoig\/files\/2019\/03\/3_2019_III.-25.-sz.-hat_Vagyongazd\u00e1lkod\u00e1si-Terv.pdf\">A Semmelweis Egyetem\u00a0Konziszt\u00f3rium\u00e1nak\u00a03\/2019. (III. 25.) sz\u00e1m\u00fa hat\u00e1rozata\u00a0a Semmelweis Egyetem 2019. \u00e9vi Vagyongazd\u00e1lkod\u00e1si Terv\u00e9r\u0151l<\/a><\/p>\n","protected":false},"excerpt":{"rendered":"<p><a href=\"https:\/\/semmelweis.hu\/jogigfoig\/files\/2019\/03\/1_2019_III.-25.-sz.-hat_Besz\u00e1mol\u00f3-2018.-\u00e9vi-gazd\u00e1lkod\u00e1r\u00f3l.pdf\">A Semmelweis Egyetem\u00a0Konziszt\u00f3rium\u00e1nak\u00a01\/2019. (III. 25.) sz\u00e1m\u00fa hat\u00e1rozata\u00a0a Semmelweis Egyetem 2018. \u00e9vi gazd\u00e1lkod\u00e1s\u00e1r\u00f3l sz\u00f3l\u00f3 besz\u00e1mol\u00f3\u00a0 elfogad\u00e1s\u00e1r\u00f3l<\/a><br \/>\n<a href=\"https:\/\/semmelweis.hu\/jogigfoig\/files\/2019\/03\/2_2019_III.-25.-sz.-hat_2019.-\u00e9vi-k\u00f6lts\u00e9gvet\u00e9s-1.pdf\">A Semmelweis Egyetem\u00a0Konziszt\u00f3rium\u00e1nak\u00a02\/2019. (III. 25.) sz\u00e1m\u00fa hat\u00e1rozata\u00a0a Semmelweis Egyetem 2019. \u00e9vi vezet\u0151i k\u00f6lts\u00e9gvet\u00e9s\u00a0elfogad\u00e1s\u00e1r\u00f3l<\/a><br \/>\n<a href=\"https:\/\/semmelweis.hu\/jogigfoig\/files\/2019\/03\/3_2019_III.-25.-sz.-hat_Vagyongazd\u00e1lkod\u00e1si-Terv.pdf\">A Semmelweis Egyetem\u00a0Konziszt\u00f3rium\u00e1nak\u00a03\/2019. (III. 25.) sz\u00e1m\u00fa hat\u00e1rozata\u00a0a Semmelweis Egyetem 2019. \u00e9vi Vagyongazd\u00e1lkod\u00e1si Terv\u00e9r\u0151l<\/a><\/p>\n","protected":false},"author":101467,"featured_media":0,"parent":4612,"menu_order":0,"comment_status":"closed","ping_status":"closed","template":"","meta":{"_acf_changed":false,"footnotes":""},"categories":[],"tags":[],"class_list":["post-72872","page","type-page","status-publish","hentry"],"acf":[],"_links":{"self":[{"href":"https:\/\/semmelweis.hu\/jogigfoig\/wp-json\/wp\/v2\/pages\/72872","targetHints":{"allow":["GET"]}}],"collection":[{"href":"https:\/\/semmelweis.hu\/jogigfoig\/wp-json\/wp\/v2\/pages"}],"about":[{"href":"https:\/\/semmelweis.hu\/jogigfoig\/wp-json\/wp\/v2\/types\/page"}],"author":[{"embeddable":true,"href":"https:\/\/semmelweis.hu\/jogigfoig\/wp-json\/wp\/v2\/users\/101467"}],"replies":[{"embeddable":true,"href":"https:\/\/semmelweis.hu\/jogigfoig\/wp-json\/wp\/v2\/comments?post=72872"}],"version-history":[{"count":3,"href":"https:\/\/semmelweis.hu\/jogigfoig\/wp-json\/wp\/v2\/pages\/72872\/revisions"}],"predecessor-version":[{"id":72883,"href":"https:\/\/semmelweis.hu\/jogigfoig\/wp-json\/wp\/v2\/pages\/72872\/revisions\/72883"}],"up":[{"embeddable":true,"href":"https:\/\/semmelweis.hu\/jogigfoig\/wp-json\/wp\/v2\/pages\/4612"}],"wp:attachment":[{"href":"https:\/\/semmelweis.hu\/jogigfoig\/wp-json\/wp\/v2\/media?parent=72872"}],"wp:term":[{"taxonomy":"category","embeddable":true,"href":"https:\/\/semmelweis.hu\/jogigfoig\/wp-json\/wp\/v2\/categories?post=72872"},{"taxonomy":"post_tag","embeddable":true,"href":"https:\/\/semmelweis.hu\/jogigfoig\/wp-json\/wp\/v2\/tags?post=72872"}],"curies":[{"name":"wp","href":"https:\/\/api.w.org\/{rel}","templated":true}]}}