{"id":72499,"date":"2019-02-04T16:20:56","date_gmt":"2019-02-04T15:20:56","guid":{"rendered":"http:\/\/semmelweis.hu\/jogigfoig\/?page_id=72499"},"modified":"2025-09-29T14:26:19","modified_gmt":"2025-09-29T12:26:19","slug":"2019-evi-szenatusi-hatarozatok","status":"publish","type":"page","link":"https:\/\/semmelweis.hu\/jogigfoig\/testuletek\/szenatus\/2019-evi-szenatusi-hatarozatok\/","title":{"rendered":"2019. \u00e9vi Szen\u00e1tusi hat\u00e1rozatok"},"content":{"rendered":"<ul>\n<li><a href=\"https:\/\/semmelweis.hu\/jogigfoig\/testuletek\/szenatus\/2019-evi-szenatusi-hatarozatok\/2019-januar-29\/\">2019. janu\u00e1r 29. (Elektronikus szavaz\u00e1s)<\/a><\/li>\n<li><a href=\"https:\/\/semmelweis.hu\/jogigfoig\/testuletek\/szenatus\/2019-evi-szenatusi-hatarozatok\/2019-januar-31\/\">2019. janu\u00e1r 31.\u00a0<\/a><\/li>\n<li><a href=\"https:\/\/semmelweis.hu\/jogigfoig\/testuletek\/szenatus\/2019-evi-szenatusi-hatarozatok\/2019-februar-21\/\">2019. febru\u00e1r 21.<\/a><\/li>\n<li><a href=\"https:\/\/semmelweis.hu\/jogigfoig\/testuletek\/szenatus\/2019-evi-szenatusi-hatarozatok\/2019-marcius-28\/\">2019. m\u00e1rcius 28.\u00a0<\/a><\/li>\n<li><a href=\"https:\/\/semmelweis.hu\/jogigfoig\/testuletek\/szenatus\/2019-evi-szenatusi-hatarozatok\/2019-aprilis-25\/\">2019. \u00e1prilis 25.\u00a0<\/a><\/li>\n<li><a href=\"https:\/\/semmelweis.hu\/jogigfoig\/testuletek\/szenatus\/2019-evi-szenatusi-hatarozatok\/2019-majus-29\/\">2019. m\u00e1jus 29.<\/a><\/li>\n<li><a href=\"https:\/\/semmelweis.hu\/jogigfoig\/testuletek\/szenatus\/2019-evi-szenatusi-hatarozatok\/2019-junius-20\/\">2019. j\u00fanius 20.<\/a><\/li>\n<li><a href=\"https:\/\/semmelweis.hu\/jogigfoig\/testuletek\/szenatus\/2019-evi-szenatusi-hatarozatok\/2019-julius-2\/\">2019. j\u00falius 2.<\/a><\/li>\n<li><a href=\"https:\/\/semmelweis.hu\/jogigfoig\/testuletek\/szenatus\/2019-evi-szenatusi-hatarozatok\/2019-augusztus-29\/\">2019. augusztus 29.<\/a><\/li>\n<li><a href=\"https:\/\/semmelweis.hu\/jogigfoig\/testuletek\/szenatus\/2019-evi-szenatusi-hatarozatok\/2019-szeptember-26\/\">2019. szeptember 26.<\/a><\/li>\n<li><a href=\"https:\/\/semmelweis.hu\/jogigfoig\/testuletek\/szenatus\/2019-evi-szenatusi-hatarozatok\/2019-oktober-24\/\">2019. okt\u00f3ber 24.<\/a><\/li>\n<li><a href=\"https:\/\/semmelweis.hu\/jogigfoig\/testuletek\/szenatus\/2019-evi-szenatusi-hatarozatok\/2019-november-28\/\">2019. november 28.<\/a><\/li>\n<li><a href=\"https:\/\/semmelweis.hu\/jogigfoig\/testuletek\/szenatus\/2019-evi-szenatusi-hatarozatok\/2019-december-12\/\">2019. december 12.<\/a><\/li>\n<li><a href=\"https:\/\/semmelweis.hu\/jogigfoig\/testuletek\/szenatus\/2019-evi-szenatusi-hatarozatok\/2019-december-20\/\">2019. december 20.<\/a><\/li>\n<\/ul>\n","protected":false},"excerpt":{"rendered":"<p><a href=\"https:\/\/semmelweis.hu\/jogigfoig\/testuletek\/szenatus\/2019-evi-szenatusi-hatarozatok\/2019-januar-29\/\">2019. janu\u00e1r 29. (Elektronikus szavaz\u00e1s)<\/a><br \/>\n<a href=\"https:\/\/semmelweis.hu\/jogigfoig\/testuletek\/szenatus\/2019-evi-szenatusi-hatarozatok\/2019-januar-31\/\">2019. janu\u00e1r 31.\u00a0<\/a><br \/>\n<a href=\"https:\/\/semmelweis.hu\/jogigfoig\/testuletek\/szenatus\/2019-evi-szenatusi-hatarozatok\/2019-februar-21\/\">2019. febru\u00e1r 21.<\/a><br \/>\n<a href=\"https:\/\/semmelweis.hu\/jogigfoig\/testuletek\/szenatus\/2019-evi-szenatusi-hatarozatok\/2019-marcius-28\/\">2019. m\u00e1rcius 28.\u00a0<\/a><br \/>\n<a href=\"https:\/\/semmelweis.hu\/jogigfoig\/testuletek\/szenatus\/2019-evi-szenatusi-hatarozatok\/2019-aprilis-25\/\">2019. \u00e1prilis 25.\u00a0<\/a><br \/>\n<a href=\"https:\/\/semmelweis.hu\/jogigfoig\/testuletek\/szenatus\/2019-evi-szenatusi-hatarozatok\/2019-majus-29\/\">2019. m\u00e1jus 29.<\/a><br \/>\n<a href=\"https:\/\/semmelweis.hu\/jogigfoig\/testuletek\/szenatus\/2019-evi-szenatusi-hatarozatok\/2019-junius-20\/\">2019. j\u00fanius 20.<\/a><br \/>\n<a href=\"https:\/\/semmelweis.hu\/jogigfoig\/testuletek\/szenatus\/2019-evi-szenatusi-hatarozatok\/2019-julius-2\/\">2019. j\u00falius 2.<\/a><br \/>\n<a href=\"https:\/\/semmelweis.hu\/jogigfoig\/testuletek\/szenatus\/2019-evi-szenatusi-hatarozatok\/2019-augusztus-29\/\">2019. augusztus 29.<\/a><br \/>\n<a href=\"https:\/\/semmelweis.hu\/jogigfoig\/testuletek\/szenatus\/2019-evi-szenatusi-hatarozatok\/2019-szeptember-26\/\">2019. szeptember 26.<\/a><br \/>\n<a href=\"https:\/\/semmelweis.hu\/jogigfoig\/testuletek\/szenatus\/2019-evi-szenatusi-hatarozatok\/2019-oktober-24\/\">2019. okt\u00f3ber 24.<\/a><br \/>\n<a href=\"https:\/\/semmelweis.hu\/jogigfoig\/testuletek\/szenatus\/2019-evi-szenatusi-hatarozatok\/2019-november-28\/\">2019. november 28.<\/a><br \/>\n<a href=\"https:\/\/semmelweis.hu\/jogigfoig\/testuletek\/szenatus\/2019-evi-szenatusi-hatarozatok\/2019-december-12\/\">2019. december 12.<\/a><br \/>\n<a href=\"https:\/\/semmelweis.hu\/jogigfoig\/testuletek\/szenatus\/2019-evi-szenatusi-hatarozatok\/2019-december-20\/\">2019. december 20.<\/a><\/p>\n","protected":false},"author":101467,"featured_media":0,"parent":43,"menu_order":91,"comment_status":"closed","ping_status":"closed","template":"","meta":{"_acf_changed":false,"footnotes":""},"categories":[],"tags":[],"class_list":["post-72499","page","type-page","status-publish","hentry"],"acf":[],"_links":{"self":[{"href":"https:\/\/semmelweis.hu\/jogigfoig\/wp-json\/wp\/v2\/pages\/72499","targetHints":{"allow":["GET"]}}],"collection":[{"href":"https:\/\/semmelweis.hu\/jogigfoig\/wp-json\/wp\/v2\/pages"}],"about":[{"href":"https:\/\/semmelweis.hu\/jogigfoig\/wp-json\/wp\/v2\/types\/page"}],"author":[{"embeddable":true,"href":"https:\/\/semmelweis.hu\/jogigfoig\/wp-json\/wp\/v2\/users\/101467"}],"replies":[{"embeddable":true,"href":"https:\/\/semmelweis.hu\/jogigfoig\/wp-json\/wp\/v2\/comments?post=72499"}],"version-history":[{"count":10,"href":"https:\/\/semmelweis.hu\/jogigfoig\/wp-json\/wp\/v2\/pages\/72499\/revisions"}],"predecessor-version":[{"id":74852,"href":"https:\/\/semmelweis.hu\/jogigfoig\/wp-json\/wp\/v2\/pages\/72499\/revisions\/74852"}],"up":[{"embeddable":true,"href":"https:\/\/semmelweis.hu\/jogigfoig\/wp-json\/wp\/v2\/pages\/43"}],"wp:attachment":[{"href":"https:\/\/semmelweis.hu\/jogigfoig\/wp-json\/wp\/v2\/media?parent=72499"}],"wp:term":[{"taxonomy":"category","embeddable":true,"href":"https:\/\/semmelweis.hu\/jogigfoig\/wp-json\/wp\/v2\/categories?post=72499"},{"taxonomy":"post_tag","embeddable":true,"href":"https:\/\/semmelweis.hu\/jogigfoig\/wp-json\/wp\/v2\/tags?post=72499"}],"curies":[{"name":"wp","href":"https:\/\/api.w.org\/{rel}","templated":true}]}}