{"id":72498,"date":"2019-02-04T16:21:27","date_gmt":"2019-02-04T15:21:27","guid":{"rendered":"http:\/\/semmelweis.hu\/jogigfoig\/?page_id=72498"},"modified":"2020-02-07T15:03:20","modified_gmt":"2020-02-07T14:03:20","slug":"2019-januar-29","status":"publish","type":"page","link":"https:\/\/semmelweis.hu\/jogigfoig\/testuletek\/szenatus\/2019-evi-szenatusi-hatarozatok\/2019-januar-29\/","title":{"rendered":"2019. janu\u00e1r 29. (Elektronikus szavaz\u00e1s)"},"content":{"rendered":"<p><a href=\"https:\/\/semmelweis.hu\/jogigfoig\/files\/2019\/02\/1_2019_0129_sz_hatarozat_Humaneroforras_megtartasi_koncepcio.pdf\">1\/2019. (I.29.) sz\u00e1m\u00fa hat\u00e1rozata a hum\u00e1ner\u0151forr\u00e1s-megtart\u00e1si \u00e9s fejleszt\u00e9si koncepci\u00f3 v\u00e9grehajt\u00e1s\u00e1nak folytat\u00e1s\u00e1r\u00f3l\u00a0<\/a><\/p>\n","protected":false},"excerpt":{"rendered":"<p><a href=\"https:\/\/semmelweis.hu\/jogigfoig\/files\/2019\/02\/1_2019_0129_sz_hatarozat_Humaneroforras_megtartasi_koncepcio.pdf\">1\/2019. (I.29.) sz\u00e1m\u00fa hat\u00e1rozata a hum\u00e1ner\u0151forr\u00e1s-megtart\u00e1si \u00e9s fejleszt\u00e9si koncepci\u00f3 v\u00e9grehajt\u00e1s\u00e1nak folytat\u00e1s\u00e1r\u00f3l\u00a0<\/a><\/p>\n","protected":false},"author":101467,"featured_media":0,"parent":72499,"menu_order":1,"comment_status":"closed","ping_status":"closed","template":"","meta":{"_acf_changed":false,"footnotes":""},"categories":[],"tags":[],"class_list":["post-72498","page","type-page","status-publish","hentry"],"acf":[],"_links":{"self":[{"href":"https:\/\/semmelweis.hu\/jogigfoig\/wp-json\/wp\/v2\/pages\/72498","targetHints":{"allow":["GET"]}}],"collection":[{"href":"https:\/\/semmelweis.hu\/jogigfoig\/wp-json\/wp\/v2\/pages"}],"about":[{"href":"https:\/\/semmelweis.hu\/jogigfoig\/wp-json\/wp\/v2\/types\/page"}],"author":[{"embeddable":true,"href":"https:\/\/semmelweis.hu\/jogigfoig\/wp-json\/wp\/v2\/users\/101467"}],"replies":[{"embeddable":true,"href":"https:\/\/semmelweis.hu\/jogigfoig\/wp-json\/wp\/v2\/comments?post=72498"}],"version-history":[{"count":4,"href":"https:\/\/semmelweis.hu\/jogigfoig\/wp-json\/wp\/v2\/pages\/72498\/revisions"}],"predecessor-version":[{"id":72508,"href":"https:\/\/semmelweis.hu\/jogigfoig\/wp-json\/wp\/v2\/pages\/72498\/revisions\/72508"}],"up":[{"embeddable":true,"href":"https:\/\/semmelweis.hu\/jogigfoig\/wp-json\/wp\/v2\/pages\/72499"}],"wp:attachment":[{"href":"https:\/\/semmelweis.hu\/jogigfoig\/wp-json\/wp\/v2\/media?parent=72498"}],"wp:term":[{"taxonomy":"category","embeddable":true,"href":"https:\/\/semmelweis.hu\/jogigfoig\/wp-json\/wp\/v2\/categories?post=72498"},{"taxonomy":"post_tag","embeddable":true,"href":"https:\/\/semmelweis.hu\/jogigfoig\/wp-json\/wp\/v2\/tags?post=72498"}],"curies":[{"name":"wp","href":"https:\/\/api.w.org\/{rel}","templated":true}]}}