{"id":72270,"date":"2019-01-04T13:39:07","date_gmt":"2019-01-04T12:39:07","guid":{"rendered":"http:\/\/semmelweis.hu\/jogigfoig\/?page_id=72270"},"modified":"2020-02-07T15:07:43","modified_gmt":"2020-02-07T14:07:43","slug":"2018-december-20","status":"publish","type":"page","link":"https:\/\/semmelweis.hu\/jogigfoig\/testuletek\/szenatus\/2018-evi-szenatusi-hatarozatok\/2018-december-20\/","title":{"rendered":"2018. december 20."},"content":{"rendered":"<p style=\"text-align: justify\"><a href=\"https:\/\/semmelweis.hu\/jogigfoig\/files\/2019\/01\/N-XII_20_2018_sz_hat_napirend.pdf\">A Semmelweis Egyetem\u00a0Szen\u00e1tus\u00e1nak\u00a0N-XII. 20.\/2018. sz\u00e1m\u00fa hat\u00e1rozata\u00a0a szen\u00e1tusi \u00fcl\u00e9s m\u00f3dos\u00edtott napirendi pontjainak elfogad\u00e1s\u00e1r\u00f3l<\/a><\/p>\n<p style=\"text-align: justify\"><a href=\"https:\/\/semmelweis.hu\/jogigfoig\/files\/2019\/01\/152_XII.20._2018-sz.-hat_SZMSZ.pdf\">A Semmelweis Egyetem\u00a0Szen\u00e1tus\u00e1nak\u00a0152\/2018. (XII. 20.) sz\u00e1m\u00fa hat\u00e1rozata\u00a0a Szervezeti \u00e9s M\u0171k\u00f6d\u00e9si Szab\u00e1lyzat egyes rendelkez\u00e9seinek m\u00f3dos\u00edt\u00e1s\u00e1r\u00f3l<\/a><\/p>\n<p style=\"text-align: justify\"><a href=\"https:\/\/semmelweis.hu\/jogigfoig\/files\/2019\/01\/153_XII_20_2018_sz_hat_SZMSZ_TVSZ.pdf\">A Semmelweis Egyetem\u00a0Szen\u00e1tus\u00e1nak\u00a0153\/2018. (XII. 20.) hat\u00e1rozata\u00a0a Szervezeti \u00e9s M\u0171k\u00f6d\u00e9si Szab\u00e1lyzat III. r\u00e9sz III. fejezet az Egyetem kreditrendszer\u0171 Tanulm\u00e1nyi \u00e9s Vizsgaszab\u00e1lyzat egyes rendelkez\u00e9sei m\u00f3dos\u00edt\u00e1s\u00e1nak \u00e9s a nemzeti fels\u0151oktat\u00e1si \u00f6szt\u00f6nd\u00edj p\u00e1ly\u00e1zat elj\u00e1r\u00e1srendje hat\u00e1lyon k\u00edv\u00fcl helyez\u00e9s\u00e9nek\u00a0elfogad\u00e1s\u00e1r\u00f3l<\/a><\/p>\n<p style=\"text-align: justify\"><a href=\"https:\/\/semmelweis.hu\/jogigfoig\/files\/2019\/01\/154_XII.20._2018-sz.-hat_TDK.pdf\">A Semmelweis Egyetem\u00a0Szen\u00e1tus\u00e1nak\u00a0154\/2018. (XII. 20.) hat\u00e1rozata\u00a0a Kiv\u00e1l\u00f3 Tudom\u00e1nyos Di\u00e1kk\u00f6ri Nevel\u0151 c\u00edmek oda\u00edt\u00e9l\u00e9s\u00e9nek elfogad\u00e1s\u00e1r\u00f3l<\/a><\/p>\n<p style=\"text-align: justify\"><a href=\"https:\/\/semmelweis.hu\/jogigfoig\/files\/2019\/01\/155_XII_20_2018_sz_hat_PAK_SZMSZ_TVSZ.pdf\">A Semmelweis Egyetem\u00a0Szen\u00e1tus\u00e1nak\u00a0155\/2018. (XII. 20.) sz\u00e1m\u00fa hat\u00e1rozata\u00a0A Semmelweis Egyetem Szervezeti \u00e9s M\u0171k\u00f6d\u00e9si Szab\u00e1lyzat III. r\u00e9sz III\/IV. fejezet a Pet\u0151 Andr\u00e1s Kar kreditrendszer\u0171 k\u00e9pz\u00e9s tanulm\u00e1nyi \u00e9s vizsgaszab\u00e1lyzat m\u00f3dos\u00edt\u00e1s\u00e1nak elfogad\u00e1s\u00e1r\u00f3l<\/a><\/p>\n<p style=\"text-align: justify\"><a href=\"https:\/\/semmelweis.hu\/jogigfoig\/files\/2019\/01\/156_XII.20._2018-sz.-hat_SZMSZ_Habilit\u00e1ci\u00f3-Bizotts\u00e1g.pdf\">A Semmelweis Egyetem Szen\u00e1tus\u00e1nak\u00a0156\/2018. (XII. 20.) hat\u00e1rozata\u00a0a Semmelweis Egyetem Szervezeti \u00e9s M\u0171k\u00f6d\u00e9si Szab\u00e1lyzat\u00e1nak r\u00e9sz\u00e9t k\u00e9pez\u0151\u00a0Habilit\u00e1ci\u00f3s Szab\u00e1lyzat <em>(a bizotts\u00e1g szem\u00e9lyi \u00f6sszet\u00e9tel\u00e9re vonatkoz\u00f3 rendelkez\u00e9seinek) <\/em>m\u00f3dos\u00edt\u00e1s\u00e1r\u00f3l<\/a><\/p>\n<p style=\"text-align: justify\"><a href=\"https:\/\/semmelweis.hu\/jogigfoig\/files\/2019\/01\/157_XII.20._2018-sz.-hat_Habilit\u00e1ci\u00f3-Bizotts\u00e1g-szem\u00e9lyi-\u00f6sszet\u00e9tel.pdf\">A Semmelweis Egyetem\u00a0Szen\u00e1tus\u00e1nak\u00a0157\/2018. (XII. 20.) hat\u00e1rozata\u00a0a Habilit\u00e1ci\u00f3s Bizotts\u00e1g szem\u00e9lyi \u00f6sszet\u00e9tel\u00e9nek a meg\u00faj\u00edt\u00e1s\u00e1r\u00f3l<\/a><\/p>\n<p style=\"text-align: justify\"><a href=\"https:\/\/semmelweis.hu\/jogigfoig\/files\/2019\/01\/158_XII.20._2018-sz.-hat_250.-jubileumi-\u00e9v.pdf\">A Semmelweis Egyetem\u00a0Szen\u00e1tus\u00e1nak\u00a0158\/2018. (XII. 20.) sz\u00e1m\u00fa hat\u00e1rozata a\u00a0&#8221; Semmelweis Egyetem 250 \u00e9ves &#8221; jubileumi programsorozatr\u00f3l sz\u00f3l\u00f3 el\u0151terjeszt\u00e9s elfogad\u00e1s\u00e1r\u00f3l<\/a><\/p>\n<p style=\"text-align: justify\"><a href=\"https:\/\/semmelweis.hu\/jogigfoig\/files\/2019\/01\/159_XII.20_2018.-.-sz.-hat_ETT-ugyrend.pdf\">A Semmelweis Egyetem Szen\u00e1tus\u00e1nak\u00a0159\/2018 (XII. 20.) sz\u00e1m\u00fa hat\u00e1rozata\u00a0az Egyetemi Tudom\u00e1nyos Tan\u00e1cs \u00fcgyrendj\u00e9nek m\u00f3dos\u00edt\u00e1s\u00e1r\u00f3l<\/a><\/p>\n<p style=\"text-align: justify\"><a href=\"https:\/\/semmelweis.hu\/jogigfoig\/files\/2019\/01\/160_XII.20._2018-sz.-hat_ETT-szem\u00e9lyi-\u00f6sszet\u00e9tel.pdf\">A Semmelweis Egyetem\u00a0Szen\u00e1tus\u00e1nak\u00a0160\/2018 (XII. 20.) sz\u00e1m\u00fa hat\u00e1rozata\u00a0az Egyetemi Tudom\u00e1nyos Tan\u00e1cs szem\u00e9lyi \u00f6sszet\u00e9tel\u00e9nek b\u0151v\u00edt\u00e9s\u00e9r\u0151l<\/a><\/p>\n<p style=\"text-align: justify\"><a href=\"https:\/\/semmelweis.hu\/jogigfoig\/files\/2019\/01\/161_XII.20._2018-sz.-hat_\u00d6nk\u00e9nt\u00e9s_TCS.pdf\">A Semmelweis Egyetem\u00a0Szen\u00e1tus\u00e1nak\u00a0161\/2018. (XII. 20.) hat\u00e1rozata\u00a0\u00d6nk\u00e9ntes Eg\u00e9szs\u00e9g\u00fcgyi Tartal\u00e9kosi Tansz\u00e9ki Csoport l\u00e9trehoz\u00e1s\u00e1r\u00f3l\u00a0az Aneszteziol\u00f3giai \u00e9s Intenz\u00edv Ter\u00e1pi\u00e1s Klinik\u00e1hoz rendelten\u00a0c\u00edm\u0171 el\u0151terjeszt\u00e9s elfogad\u00e1s\u00e1r\u00f3l<\/a><\/p>\n<p style=\"text-align: justify\"><a href=\"https:\/\/semmelweis.hu\/jogigfoig\/files\/2019\/01\/162_XII.20._2018-sz.-hat_PAK_Szabadka.pdf\">A Semmelweis Egyetem\u00a0Szen\u00e1tus\u00e1nak\u00a0162\/2018. (XII. 20.) hat\u00e1rozata\u00a0A Semmelweis Egyetem Pet\u0151 Andr\u00e1s Kara kihelyezett k\u00e9pz\u00e9seinek ind\u00edt\u00e1si j\u00f3v\u00e1hagy\u00e1s\u00e1r\u00f3l \u00e9s az Alap\u00edt\u00f3 Okirat sz\u00fcks\u00e9ges m\u00f3dos\u00edt\u00e1s\u00e1r\u00f3l<\/a><\/p>\n<p style=\"text-align: justify\"><a href=\"https:\/\/semmelweis.hu\/jogigfoig\/files\/2019\/01\/163_XII.20._sz.-hat_DI_vezet\u0151.pdf\">A Semmelweis Egyetem\u00a0Szen\u00e1tus\u00e1nak\u00a0163\/2018. (XII. 20.) sz\u00e1m\u00fa hat\u00e1rozata\u00a0a Klinikai orvostudom\u00e1nyok Doktori Iskola \u00faj vezet\u0151j\u00e9r\u0151l<\/a><\/p>\n<p style=\"text-align: justify\"><a href=\"https:\/\/semmelweis.hu\/jogigfoig\/files\/2019\/01\/164_XII.20._ETK_Doktori-Iskola.pdf\">A Semmelweis Egyetem\u00a0Szen\u00e1tus\u00e1nak\u00a0164\/2018. (XII. 20.) hat\u00e1rozata\u00a0az Eg\u00e9szs\u00e9gtudom\u00e1nyi Doktori Iskola l\u00e9tes\u00edt\u00e9s\u00e9r\u0151l<\/a><\/p>\n<p style=\"text-align: justify\"><a href=\"https:\/\/semmelweis.hu\/jogigfoig\/files\/2019\/01\/165_XII.20._2018-sz.-hat_GYTK_hivatalvezet\u0151.pdf\">A Semmelweis Egyetem\u00a0Szen\u00e1tus\u00e1nak\u00a0165\/2018. (XII. 20.) hat\u00e1rozata\u00a0A Gy\u00f3gyszer\u00e9sztudom\u00e1nyi Kar D\u00e9k\u00e1ni Hivatal hivatalvezet\u0151i megb\u00edz\u00e1s\u00e1ra be\u00e9rkezett p\u00e1ly\u00e1zatok v\u00e9lem\u00e9nyez\u00e9s\u00e9r\u0151l<\/a><\/p>\n<p style=\"text-align: justify\"><a href=\"https:\/\/semmelweis.hu\/jogigfoig\/files\/2019\/01\/166_XII.20._2018-sz.-hat_egyetemi-tan\u00e1r.pdf\">A Semmelweis Egyetem\u00a0Szen\u00e1tus\u00e1nak\u00a0166\/2018. (XII. 20.) hat\u00e1rozata a\u00a02019. \u00e9vben bet\u00f6ltend\u0151 egyetemi tan\u00e1ri \u00e1ll\u00e1shelyekre be\u00e9rkezett p\u00e1ly\u00e1zatok v\u00e9lem\u00e9nyez\u00e9s\u00e9r\u0151l<\/a><\/p>\n<p style=\"text-align: justify\"><a href=\"https:\/\/semmelweis.hu\/jogigfoig\/files\/2019\/01\/167_XII.20_2018_Kit\u00fcntet\u00e9si-Szab\u00e1lyzat.pdf\">A Semmelweis Egyetem\u00a0Szen\u00e1tus\u00e1nak\u00a0167\/2018. (XII. 20.) sz\u00e1m\u00fa hat\u00e1rozata\u00a0Az egyetemi kit\u00fcntet\u00e9sek, d\u00edjak adom\u00e1nyoz\u00e1s\u00e1r\u00f3l, valamint az \u00e1llami kit\u00fcntet\u00e9sek felterjeszt\u00e9si elj\u00e1r\u00e1s\u00e1r\u00f3l sz\u00f3l\u00f3 szab\u00e1lyzat m\u00f3dos\u00edt\u00e1s\u00e1nak elfogad\u00e1s\u00e1r\u00f3l<\/a><\/p>\n","protected":false},"excerpt":{"rendered":"<p><a href=\"https:\/\/semmelweis.hu\/jogigfoig\/files\/2019\/01\/N-XII_20_2018_sz_hat_napirend.pdf\">A Semmelweis Egyetem\u00a0Szen\u00e1tus\u00e1nak\u00a0N-XII. 20.\/2018. sz\u00e1m\u00fa hat\u00e1rozata\u00a0a szen\u00e1tusi \u00fcl\u00e9s m\u00f3dos\u00edtott napirendi pontjainak elfogad\u00e1s\u00e1r\u00f3l<\/a><br \/>\n<a href=\"https:\/\/semmelweis.hu\/jogigfoig\/files\/2019\/01\/152_XII.20._2018-sz.-hat_SZMSZ.pdf\">A Semmelweis Egyetem\u00a0Szen\u00e1tus\u00e1nak\u00a0152\/2018. (XII. 20.) sz\u00e1m\u00fa hat\u00e1rozata\u00a0a Szervezeti \u00e9s M\u0171k\u00f6d\u00e9si Szab\u00e1lyzat egyes rendelkez\u00e9seinek m\u00f3dos\u00edt\u00e1s\u00e1r\u00f3l<\/a><br \/>\n<a href=\"https:\/\/semmelweis.hu\/jogigfoig\/files\/2019\/01\/153_XII_20_2018_sz_hat_SZMSZ_TVSZ.pdf\">A Semmelweis Egyetem\u00a0Szen\u00e1tus\u00e1nak\u00a0153\/2018. (XII. 20.) hat\u00e1rozata\u00a0a Szervezeti \u00e9s M\u0171k\u00f6d\u00e9si Szab\u00e1lyzat III. r\u00e9sz III. fejezet az Egyetem kreditrendszer\u0171 Tanulm\u00e1nyi \u00e9s Vizsgaszab\u00e1lyzat egyes rendelkez\u00e9sei m\u00f3dos\u00edt\u00e1s\u00e1nak \u00e9s a nemzeti fels\u0151oktat\u00e1si \u00f6szt\u00f6nd\u00edj p\u00e1ly\u00e1zat elj\u00e1r\u00e1srendje hat\u00e1lyon k\u00edv\u00fcl helyez\u00e9s\u00e9nek\u00a0elfogad\u00e1s\u00e1r\u00f3l<\/a><br \/>\n<a href=\"https:\/\/semmelweis.hu\/jogigfoig\/files\/2019\/01\/154_XII.20._2018-sz.-hat_TDK.pdf\">A Semmelweis Egyetem\u00a0Szen\u00e1tus\u00e1nak\u00a0154\/2018. (XII. 20.) hat\u00e1rozata\u00a0a Kiv\u00e1l\u00f3 Tudom\u00e1nyos Di\u00e1kk\u00f6ri Nevel\u0151 c\u00edmek oda\u00edt\u00e9l\u00e9s\u00e9nek elfogad\u00e1s\u00e1r\u00f3l<\/a><br \/>\n<a href=\"https:\/\/semmelweis.hu\/jogigfoig\/files\/2019\/01\/155_XII_20_2018_sz_hat_PAK_SZMSZ_TVSZ.pdf\">A Semmelweis Egyetem\u00a0Szen\u00e1tus\u00e1nak\u00a0155\/2018. (XII. 20.) sz\u00e1m\u00fa hat\u00e1rozata\u00a0A Semmelweis Egyetem Szervezeti \u00e9s M\u0171k\u00f6d\u00e9si Szab\u00e1lyzat III. r\u00e9sz III\/IV. fejezet a Pet\u0151 Andr\u00e1s Kar kreditrendszer\u0171 k\u00e9pz\u00e9s tanulm\u00e1nyi \u00e9s vizsgaszab\u00e1lyzat m\u00f3dos\u00edt\u00e1s\u00e1nak elfogad\u00e1s\u00e1r\u00f3l<\/a><br \/>\n<a href=\"https:\/\/semmelweis.hu\/jogigfoig\/files\/2019\/01\/156_XII.20._2018-sz.-hat_SZMSZ_Habilit\u00e1ci\u00f3-Bizotts\u00e1g.pdf\">A Semmelweis Egyetem Szen\u00e1tus\u00e1nak\u00a0156\/2018. (XII. 20.) hat\u00e1rozata\u00a0a Semmelweis Egyetem Szervezeti \u00e9s M\u0171k\u00f6d\u00e9si Szab\u00e1lyzat\u00e1nak r\u00e9sz\u00e9t k\u00e9pez\u0151\u00a0Habilit\u00e1ci\u00f3s Szab\u00e1lyzat (a bizotts\u00e1g szem\u00e9lyi \u00f6sszet\u00e9tel\u00e9re vonatkoz\u00f3 rendelkez\u00e9seinek) m\u00f3dos\u00edt\u00e1s\u00e1r\u00f3l<\/a><br \/>\n<a href=\"https:\/\/semmelweis.hu\/jogigfoig\/files\/2019\/01\/157_XII.20._2018-sz.-hat_Habilit\u00e1ci\u00f3-Bizotts\u00e1g-szem\u00e9lyi-\u00f6sszet\u00e9tel.pdf\">A Semmelweis Egyetem\u00a0Szen\u00e1tus\u00e1nak\u00a0157\/2018. (XII. 20.) hat\u00e1rozata\u00a0a Habilit\u00e1ci\u00f3s Bizotts\u00e1g szem\u00e9lyi \u00f6sszet\u00e9tel\u00e9nek a meg\u00faj\u00edt\u00e1s\u00e1r\u00f3l<\/a><br \/>\n<a href=\"https:\/\/semmelweis.hu\/jogigfoig\/files\/2019\/01\/158_XII.20._2018-sz.-hat_250.-jubileumi-\u00e9v.pdf\">A Semmelweis Egyetem\u00a0Szen\u00e1tus\u00e1nak\u00a0158\/2018. (XII. 20.) sz\u00e1m\u00fa hat\u00e1rozata a\u00a0&#8221; Semmelweis Egyetem 250 \u00e9ves &#8221; jubileumi programsorozatr\u00f3l sz\u00f3l\u00f3 el\u0151terjeszt\u00e9s elfogad\u00e1s\u00e1r\u00f3l<\/a><br \/>\n<a href=\"https:\/\/semmelweis.hu\/jogigfoig\/files\/2019\/01\/159_XII.20_2018.-.-sz.-hat_ETT-ugyrend.pdf\">A Semmelweis Egyetem Szen\u00e1tus\u00e1nak\u00a0159\/2018 (XII. 20.) sz\u00e1m\u00fa hat\u00e1rozata\u00a0az Egyetemi Tudom\u00e1nyos Tan\u00e1cs \u00fcgyrendj\u00e9nek m\u00f3dos\u00edt\u00e1s\u00e1r\u00f3l<\/a><br \/>\n<a href=\"https:\/\/semmelweis.hu\/jogigfoig\/files\/2019\/01\/160_XII.20._2018-sz.-hat_ETT-szem\u00e9lyi-\u00f6sszet\u00e9tel.pdf\">A Semmelweis Egyetem\u00a0Szen\u00e1tus\u00e1nak\u00a0160\/2018 (XII. 20.) sz\u00e1m\u00fa hat\u00e1rozata\u00a0az Egyetemi Tudom\u00e1nyos Tan\u00e1cs szem\u00e9lyi \u00f6sszet\u00e9tel\u00e9nek b\u0151v\u00edt\u00e9s\u00e9r\u0151l<\/a><br \/>\n<a href=\"https:\/\/semmelweis.hu\/jogigfoig\/files\/2019\/01\/161_XII.20._2018-sz.-hat_\u00d6nk\u00e9nt\u00e9s_TCS.pdf\">A Semmelweis Egyetem\u00a0Szen\u00e1tus\u00e1nak\u00a0161\/2018. (XII. 20.) hat\u00e1rozata\u00a0\u00d6nk\u00e9ntes Eg\u00e9szs\u00e9g\u00fcgyi Tartal\u00e9kosi Tansz\u00e9ki Csoport l\u00e9trehoz\u00e1s\u00e1r\u00f3l\u00a0az Aneszteziol\u00f3giai \u00e9s Intenz\u00edv Ter\u00e1pi\u00e1s Klinik\u00e1hoz rendelten\u00a0c\u00edm\u0171 el\u0151terjeszt\u00e9s elfogad\u00e1s\u00e1r\u00f3l<\/a><br \/>\n<a href=\"https:\/\/semmelweis.hu\/jogigfoig\/files\/2019\/01\/162_XII.20._2018-sz.-hat_PAK_Szabadka.pdf\">A Semmelweis Egyetem\u00a0Szen\u00e1tus\u00e1nak\u00a0162\/2018. (XII. 20.) hat\u00e1rozata\u00a0A Semmelweis Egyetem Pet\u0151 Andr\u00e1s Kara kihelyezett k\u00e9pz\u00e9seinek ind\u00edt\u00e1si j\u00f3v\u00e1hagy\u00e1s\u00e1r\u00f3l \u00e9s az Alap\u00edt\u00f3 Okirat sz\u00fcks\u00e9ges m\u00f3dos\u00edt\u00e1s\u00e1r\u00f3l<\/a><br \/>\n<a href=\"https:\/\/semmelweis.hu\/jogigfoig\/files\/2019\/01\/163_XII.20._sz.-hat_DI_vezet\u0151.pdf\">A Semmelweis Egyetem\u00a0Szen\u00e1tus\u00e1nak\u00a0163\/2018. (XII. 20.) sz\u00e1m\u00fa hat\u00e1rozata\u00a0a Klinikai orvostudom\u00e1nyok Doktori Iskola \u00faj vezet\u0151j\u00e9r\u0151l<\/a><br \/>\n<a href=\"https:\/\/semmelweis.hu\/jogigfoig\/files\/2019\/01\/164_XII.20._ETK_Doktori-Iskola.pdf\">A Semmelweis Egyetem\u00a0Szen\u00e1tus\u00e1nak\u00a0164\/2018. (XII. 20.) hat\u00e1rozata\u00a0az Eg\u00e9szs\u00e9gtudom\u00e1nyi Doktori Iskola l\u00e9tes\u00edt\u00e9s\u00e9r\u0151l<\/a><br \/>\n<a href=\"https:\/\/semmelweis.hu\/jogigfoig\/files\/2019\/01\/165_XII.20._2018-sz.-hat_GYTK_hivatalvezet\u0151.pdf\">A Semmelweis Egyetem\u00a0Szen\u00e1tus\u00e1nak\u00a0165\/2018. (XII. 20.) hat\u00e1rozata\u00a0A Gy\u00f3gyszer\u00e9sztudom\u00e1nyi Kar D\u00e9k\u00e1ni Hivatal hivatalvezet\u0151i megb\u00edz\u00e1s\u00e1ra be\u00e9rkezett p\u00e1ly\u00e1zatok v\u00e9lem\u00e9nyez\u00e9s\u00e9r\u0151l<\/a><br \/>\n<a href=\"https:\/\/semmelweis.hu\/jogigfoig\/files\/2019\/01\/166_XII.20._2018-sz.-hat_egyetemi-tan\u00e1r.pdf\">A Semmelweis Egyetem\u00a0Szen\u00e1tus\u00e1nak\u00a0166\/2018. (XII. 20.) hat\u00e1rozata a\u00a02019. \u00e9vben bet\u00f6ltend\u0151 egyetemi tan\u00e1ri \u00e1ll\u00e1shelyekre be\u00e9rkezett p\u00e1ly\u00e1zatok v\u00e9lem\u00e9nyez\u00e9s\u00e9r\u0151l<\/a><br \/>\n<a href=\"https:\/\/semmelweis.hu\/jogigfoig\/files\/2019\/01\/167_XII.20_2018_Kit\u00fcntet\u00e9si-Szab\u00e1lyzat.pdf\">A Semmelweis Egyetem\u00a0Szen\u00e1tus\u00e1nak\u00a0167\/2018. (XII. 20.) sz\u00e1m\u00fa hat\u00e1rozata\u00a0Az egyetemi kit\u00fcntet\u00e9sek, d\u00edjak adom\u00e1nyoz\u00e1s\u00e1r\u00f3l, valamint az \u00e1llami kit\u00fcntet\u00e9sek felterjeszt\u00e9si elj\u00e1r\u00e1s\u00e1r\u00f3l sz\u00f3l\u00f3 szab\u00e1lyzat m\u00f3dos\u00edt\u00e1s\u00e1nak elfogad\u00e1s\u00e1r\u00f3l<\/a><\/p>\n","protected":false},"author":101467,"featured_media":0,"parent":10434,"menu_order":17,"comment_status":"closed","ping_status":"closed","template":"","meta":{"_acf_changed":false,"footnotes":""},"categories":[],"tags":[],"class_list":["post-72270","page","type-page","status-publish","hentry"],"acf":[],"_links":{"self":[{"href":"https:\/\/semmelweis.hu\/jogigfoig\/wp-json\/wp\/v2\/pages\/72270","targetHints":{"allow":["GET"]}}],"collection":[{"href":"https:\/\/semmelweis.hu\/jogigfoig\/wp-json\/wp\/v2\/pages"}],"about":[{"href":"https:\/\/semmelweis.hu\/jogigfoig\/wp-json\/wp\/v2\/types\/page"}],"author":[{"embeddable":true,"href":"https:\/\/semmelweis.hu\/jogigfoig\/wp-json\/wp\/v2\/users\/101467"}],"replies":[{"embeddable":true,"href":"https:\/\/semmelweis.hu\/jogigfoig\/wp-json\/wp\/v2\/comments?post=72270"}],"version-history":[{"count":4,"href":"https:\/\/semmelweis.hu\/jogigfoig\/wp-json\/wp\/v2\/pages\/72270\/revisions"}],"predecessor-version":[{"id":72457,"href":"https:\/\/semmelweis.hu\/jogigfoig\/wp-json\/wp\/v2\/pages\/72270\/revisions\/72457"}],"up":[{"embeddable":true,"href":"https:\/\/semmelweis.hu\/jogigfoig\/wp-json\/wp\/v2\/pages\/10434"}],"wp:attachment":[{"href":"https:\/\/semmelweis.hu\/jogigfoig\/wp-json\/wp\/v2\/media?parent=72270"}],"wp:term":[{"taxonomy":"category","embeddable":true,"href":"https:\/\/semmelweis.hu\/jogigfoig\/wp-json\/wp\/v2\/categories?post=72270"},{"taxonomy":"post_tag","embeddable":true,"href":"https:\/\/semmelweis.hu\/jogigfoig\/wp-json\/wp\/v2\/tags?post=72270"}],"curies":[{"name":"wp","href":"https:\/\/api.w.org\/{rel}","templated":true}]}}