{"id":72190,"date":"2018-12-12T11:41:56","date_gmt":"2018-12-12T10:41:56","guid":{"rendered":"http:\/\/semmelweis.hu\/jogigfoig\/?page_id=72190"},"modified":"2020-02-13T09:41:45","modified_gmt":"2020-02-13T08:41:45","slug":"2013-julius-18","status":"publish","type":"page","link":"https:\/\/semmelweis.hu\/jogigfoig\/testuletek\/szenatus\/2013-evi-szenatusi-hatarozatok\/2013-julius-18\/","title":{"rendered":"2013. j\u00falius 18."},"content":{"rendered":"<p style=\"text-align: justify\"><a href=\"https:\/\/semmelweis.hu\/jogigfoig\/files\/2018\/12\/100.sz_.-VII.18._KariBizotts.pdf\">100\/2013. (VII. 18.) sz\u00e1m\u00fa hat\u00e1rozata\u00a0Szen\u00e1tus \u00e1ltal l\u00e9trehozott kari bizotts\u00e1gok meg\u00faj\u00edt\u00e1s\u00e1r\u00f3l<\/a><\/p>\n<p style=\"text-align: justify\"><a href=\"https:\/\/semmelweis.hu\/jogigfoig\/files\/2018\/12\/101.sz_.-VII.18..pdf\">101\/2013. (VII. 18.) sz\u00e1m\u00fa\u00a0hat\u00e1rozata\u00a0kit\u00fcntet\u00e9ses doktorr\u00e1 avat\u00e1ssal \u00f6sszef\u00fcgg\u00e9sben<\/a><\/p>\n<p style=\"text-align: justify\"><a href=\"https:\/\/semmelweis.hu\/jogigfoig\/files\/2018\/12\/N-VII.18_napirendelf.pdf\">N-VII.18.\/2013. sz\u00e1m\u00fa\u00a0hat\u00e1rozata\u00a0a szen\u00e1tusi \u00fcl\u00e9s napirendi pontjainak elfogad\u00e1s\u00e1r\u00f3l<\/a><\/p>\n","protected":false},"excerpt":{"rendered":"<p><a href=\"https:\/\/semmelweis.hu\/jogigfoig\/files\/2018\/12\/100.sz_.-VII.18._KariBizotts.pdf\">100\/2013. (VII. 18.) sz\u00e1m\u00fa hat\u00e1rozata\u00a0Szen\u00e1tus \u00e1ltal l\u00e9trehozott kari bizotts\u00e1gok meg\u00faj\u00edt\u00e1s\u00e1r\u00f3l<\/a><br \/>\n<a href=\"https:\/\/semmelweis.hu\/jogigfoig\/files\/2018\/12\/101.sz_.-VII.18..pdf\">101\/2013. (VII. 18.) sz\u00e1m\u00fa\u00a0hat\u00e1rozata\u00a0kit\u00fcntet\u00e9ses doktorr\u00e1 avat\u00e1ssal \u00f6sszef\u00fcgg\u00e9sben<\/a><br \/>\n<a href=\"https:\/\/semmelweis.hu\/jogigfoig\/files\/2018\/12\/N-VII.18_napirendelf.pdf\">N-VII.18.\/2013. sz\u00e1m\u00fa\u00a0hat\u00e1rozata\u00a0a szen\u00e1tusi \u00fcl\u00e9s napirendi pontjainak elfogad\u00e1s\u00e1r\u00f3l<\/a><\/p>\n","protected":false},"author":101467,"featured_media":0,"parent":7841,"menu_order":11,"comment_status":"closed","ping_status":"closed","template":"","meta":{"_acf_changed":false,"footnotes":""},"categories":[],"tags":[],"class_list":["post-72190","page","type-page","status-publish","hentry"],"acf":[],"_links":{"self":[{"href":"https:\/\/semmelweis.hu\/jogigfoig\/wp-json\/wp\/v2\/pages\/72190","targetHints":{"allow":["GET"]}}],"collection":[{"href":"https:\/\/semmelweis.hu\/jogigfoig\/wp-json\/wp\/v2\/pages"}],"about":[{"href":"https:\/\/semmelweis.hu\/jogigfoig\/wp-json\/wp\/v2\/types\/page"}],"author":[{"embeddable":true,"href":"https:\/\/semmelweis.hu\/jogigfoig\/wp-json\/wp\/v2\/users\/101467"}],"replies":[{"embeddable":true,"href":"https:\/\/semmelweis.hu\/jogigfoig\/wp-json\/wp\/v2\/comments?post=72190"}],"version-history":[{"count":1,"href":"https:\/\/semmelweis.hu\/jogigfoig\/wp-json\/wp\/v2\/pages\/72190\/revisions"}],"predecessor-version":[{"id":72194,"href":"https:\/\/semmelweis.hu\/jogigfoig\/wp-json\/wp\/v2\/pages\/72190\/revisions\/72194"}],"up":[{"embeddable":true,"href":"https:\/\/semmelweis.hu\/jogigfoig\/wp-json\/wp\/v2\/pages\/7841"}],"wp:attachment":[{"href":"https:\/\/semmelweis.hu\/jogigfoig\/wp-json\/wp\/v2\/media?parent=72190"}],"wp:term":[{"taxonomy":"category","embeddable":true,"href":"https:\/\/semmelweis.hu\/jogigfoig\/wp-json\/wp\/v2\/categories?post=72190"},{"taxonomy":"post_tag","embeddable":true,"href":"https:\/\/semmelweis.hu\/jogigfoig\/wp-json\/wp\/v2\/tags?post=72190"}],"curies":[{"name":"wp","href":"https:\/\/api.w.org\/{rel}","templated":true}]}}