{"id":72153,"date":"2018-12-10T15:53:04","date_gmt":"2018-12-10T14:53:04","guid":{"rendered":"http:\/\/semmelweis.hu\/jogigfoig\/?page_id=72153"},"modified":"2020-02-07T15:07:32","modified_gmt":"2020-02-07T14:07:32","slug":"2018-november-29","status":"publish","type":"page","link":"https:\/\/semmelweis.hu\/jogigfoig\/testuletek\/szenatus\/2018-evi-szenatusi-hatarozatok\/2018-november-29\/","title":{"rendered":"2018. november 29."},"content":{"rendered":"<p style=\"text-align: justify\"><a href=\"https:\/\/semmelweis.hu\/jogigfoig\/files\/2018\/12\/134_XI_29_2018_sz_hat_SZMSZ_SZTI.pdf\">A Semmelweis Egyetem Szen\u00e1tus\u00e1nak 134\/2018. (XI. 29.) sz\u00e1m\u00fa hat\u00e1rozata az SZMSZ I. r\u00e9sz\u00e9nek a Szak- \u00e9s Tov\u00e1bbk\u00e9pz\u00e9si Igazgat\u00f3s\u00e1gra vonatkoz\u00f3 rendelkez\u00e9sei m\u00f3dos\u00edt\u00e1s\u00e1r\u00f3l<\/a><\/p>\n<p style=\"text-align: justify\"><a href=\"https:\/\/semmelweis.hu\/jogigfoig\/files\/2018\/12\/135_XI_29_2018_sz_hat_TJSZ_TVSZ-ellenorzesi-nyomvonal.pdf\">A Semmelweis Egyetem\u00a0Szen\u00e1tus\u00e1nak\u00a0135\/2018. (XI. 29.) sz\u00e1m\u00fa hat\u00e1rozata a\u00a0Szervezeti \u00e9s M\u0171k\u00f6d\u00e9si Szab\u00e1lyzat III. r\u00e9sz III\/1. fejezet az \u00c1ltal\u00e1nos Orvostudom\u00e1nyi Kar, a Fogorvostudom\u00e1nyi Kar \u00e9s a Gy\u00f3gyszer\u00e9sztudom\u00e1nyi Kar Kreditrendszer\u0171 Tanulm\u00e1nyi \u00e9s Vizsgaszab\u00e1lyzata valamint IV. fejezet T\u00e9r\u00edt\u00e9si \u00e9s Juttat\u00e1si Szab\u00e1lyzat egyes rendelkez\u00e9si m\u00f3dos\u00edt\u00e1s\u00e1t\u00f3l valamint a III. r\u00e9sz IV. fejezet ellen\u0151rz\u00e9si nyomvonal\u00e1nak elfogad\u00e1s\u00e1r\u00f3l<\/a><\/p>\n<div id=\"GroupWiseSection_1568291287000_grunstein.angela@semmelweis-univ.hu_61936E8013F400008BCC81441CAF18C4_\" class=\"GroupWiseMessageBody active\">\n<div style=\"text-align: justify\"><a href=\"https:\/\/semmelweis.hu\/jogigfoig\/files\/2019\/09\/135_2018_XI.29._szenatusi-hatarozat-1.-sz.-mell\u00e9klete.pdf\">A Semmelweis Egyetem Szen\u00e1tus\u00e1nak 135\/2018. (XI. 29.) sz\u00e1m\u00fa hat\u00e1rozata a Szervezeti \u00e9s M\u0171k\u00f6d\u00e9si Szab\u00e1lyzat III. r\u00e9sz III\/1. fejezet az \u00c1ltal\u00e1nos Orvostudom\u00e1nyi Kar, a Fogorvostudom\u00e1nyi Kar \u00e9s a Gy\u00f3gyszer\u00e9sztudom\u00e1nyi Kar Kreditrendszer\u0171 Tanulm\u00e1nyi \u00e9s Vizsgaszab\u00e1lyzata valamint IV. fejezet T\u00e9r\u00edt\u00e9si \u00e9s Juttat\u00e1si Szab\u00e1lyzat egyes rendelkez\u00e9si m\u00f3dos\u00edt\u00e1s\u00e1t\u00f3l valamint a III. r\u00e9sz IV. fejezet ellen\u0151rz\u00e9si nyomvonal\u00e1nak elfogad\u00e1s\u00e1r\u00f3l &#8211; 1. sz. mell\u00e9klete<\/a><\/div>\n<\/div>\n<p style=\"text-align: justify\"><a href=\"https:\/\/semmelweis.hu\/jogigfoig\/files\/2018\/12\/136_XI_29_2018_sz_hat_SZMSZ_Transzplantacios_Etikai_Bizottsag.pdf\">A Semmelweis Egyetem\u00a0Szen\u00e1tus\u00e1nak\u00a0136\/2018. (XI. 29.) hat\u00e1rozata\u00a0a Szervezeti \u00e9s M\u0171k\u00f6d\u00e9si Szab\u00e1lyzat \u00a0<em>(3. sz\u00e1m\u00fa mell\u00e9klet\u00e9nek kieg\u00e9sz\u00edt\u00e9se- \u00c9l\u0151donoros Transzplant\u00e1ci\u00f3s Etikai Bizotts\u00e1g)<\/em> egyes rendelkez\u00e9seinek m\u00f3dos\u00edt\u00e1s\u00e1r\u00f3l c\u00edm\u0171 el\u0151terjeszt\u00e9s elfogad\u00e1s\u00e1r\u00f3l<\/a><\/p>\n<p style=\"text-align: justify\"><a href=\"https:\/\/semmelweis.hu\/jogigfoig\/files\/2018\/12\/137_XI_29_2018_sz_hat_AOK_dekan.pdf\">A Semmelweis Egyetem\u00a0Szen\u00e1tus\u00e1nak\u00a0137\/2018. (XI. 29.) hat\u00e1rozata\u00a0az \u00c1ltal\u00e1nos Orvostudom\u00e1nyi Kar d\u00e9k\u00e1ni magasabb vezet\u0151i megb\u00edz\u00e1s\u00e1ra be\u00e9rkezett p\u00e1ly\u00e1zat v\u00e9lem\u00e9nyez\u00e9s\u00e9r\u0151l<\/a><\/p>\n<p style=\"text-align: justify\"><a href=\"https:\/\/semmelweis.hu\/jogigfoig\/files\/2018\/12\/138_XI_29_2018_sz_hat_klinikus_kutatoi.pdf\">A Semmelweis Egyetem\u00a0Szen\u00e1tus\u00e1nak\u00a0138\/2018. (XI. 29.) hat\u00e1rozata\u00a0a 2018. \u00e9vi \u201eKlinikus Kutat\u00f3i\u201d t\u00e1mogat\u00e1s oda\u00edt\u00e9l\u00e9s\u00e9r\u0151l<\/a><\/p>\n<p style=\"text-align: justify\"><a href=\"https:\/\/semmelweis.hu\/jogigfoig\/files\/2018\/12\/139_XI_29_2018_sz_hat_KK_bizottsag_ugyrend.pdf\">A Semmelweis Egyetem Szen\u00e1tus\u00e1nak\u00a0139\/2018. (XI. 29.) hat\u00e1rozata\u00a0a K\u00fcls\u0151 Kutat\u00e1si Munk\u00e1kat V\u00e9lem\u00e9nyez\u0151 Bizotts\u00e1g\u00a0\u00fcgyrendj\u00e9nek m\u00f3dos\u00edt\u00e1s\u00e1r\u00f3l<\/a><\/p>\n<p style=\"text-align: justify\"><a href=\"https:\/\/semmelweis.hu\/jogigfoig\/files\/2018\/12\/140_XI_29_2018_sz_hat_KK_Bizottsag_szemelyi_osszetetel.pdf\">A Semmelweis Egyetem\u00a0Szen\u00e1tus\u00e1nak\u00a0140\/2018. (XI. 29.) hat\u00e1rozata\u00a0a K\u00fcls\u0151 Kutat\u00e1si Munk\u00e1kat V\u00e9lem\u00e9nyez\u0151 Bizotts\u00e1g\u00a0szem\u00e9lyi \u00f6sszet\u00e9tel\u00e9nek meg\u00faj\u00edt\u00e1s\u00e1r\u00f3l<\/a><\/p>\n<p style=\"text-align: justify\"><a href=\"https:\/\/semmelweis.hu\/jogigfoig\/files\/2018\/12\/141_XI_29_2018_sz_hat_EKK_Etikai_es_Fegyelmi_Bizottsag.pdf\">A Semmelweis Egyetem\u00a0Szen\u00e1tus\u00e1nak\u00a0141\/2018. (XI. 29.) hat\u00e1rozata az Eg\u00e9szs\u00e9g\u00fcgyi K\u00f6zszolg\u00e1lati Kar Szen\u00e1tus \u00e1ltal l\u00e9trehozott Etikai \u00e9s Fegyelmi Bizotts\u00e1g szem\u00e9lyi \u00f6sszet\u00e9tel\u00e9nek meg\u00faj\u00edt\u00e1s\u00e1r\u00f3l<\/a><\/p>\n<p style=\"text-align: justify\"><a href=\"https:\/\/semmelweis.hu\/jogigfoig\/files\/2018\/12\/142_XI_29_2018_sz_hat_SZMSZ_mod-1.pdf\">A Semmelweis Egyetem Szen\u00e1tus\u00e1nak 142\/2018. (XI.29.) sz\u00e1m\u00fa hat\u00e1rozata a Szervezeti \u00e9s M\u0171k\u00f6d\u00e9si Szab\u00e1lyzat egyes rendelkez\u00e9seinek m\u00f3dos\u00edt\u00e1s\u00e1r\u00f3l<\/a><\/p>\n<p style=\"text-align: justify\"><a href=\"https:\/\/semmelweis.hu\/jogigfoig\/files\/2018\/12\/143_XI_29_2018_sz_hat_DOK_Bizottsagok.pdf\">A Semmelweis Egyetem\u00a0Szen\u00e1tus\u00e1nak\u00a0143\/2018. (XI. 29.) hat\u00e1rozata\u00a0az Egyetem eg\u00e9sz\u00e9re kiterjed\u0151 hat\u00e1sk\u00f6rrel rendelkez\u0151 \u00e1lland\u00f3 bizotts\u00e1gok Egyetemi Es\u00e9lyegyenl\u0151s\u00e9gi Bizotts\u00e1g, \u00a0Munkahelyi \u00e9s \u00c1llatj\u00f3l\u00e9ti Bizotts\u00e1g, \u00a0Alumni Igazgat\u00f3tan\u00e1cs hallgat\u00f3i <em>(Doktorandusz)<\/em> \u00f6sszet\u00e9tel\u00e9nek a v\u00e1ltoz\u00e1s\u00e1r\u00f3l<\/a><\/p>\n<p style=\"text-align: justify\"><a href=\"https:\/\/semmelweis.hu\/jogigfoig\/files\/2018\/12\/144_XI_29_2018_sz_hat_Aneszt.pdf\">A Semmelweis Egyetem\u00a0Szen\u00e1tus\u00e1nak\u00a0144\/2018. (XI. 29.) hat\u00e1rozata\u00a0az Aneszteziol\u00f3giai \u00e9s Intenz\u00edv Ter\u00e1pi\u00e1s Klinika igazgat\u00f3helyettesi megb\u00edz\u00e1s\u00e1ra be\u00e9rkezett p\u00e1ly\u00e1zat v\u00e9lem\u00e9nyez\u00e9s\u00e9r\u0151l<\/a><\/p>\n<p style=\"text-align: justify\"><a href=\"https:\/\/semmelweis.hu\/jogigfoig\/files\/2018\/12\/145_XI_29_2018_sz_hat_e_docens.pdf\">A Semmelweis Egyetem Szen\u00e1tus\u00e1nak\u00a0145\/2018. (XI. 29.) hat\u00e1rozata\u00a0a Kardiol\u00f3giai Tansz\u00e9ken \u00e9s a Szem\u00e9szeti Klinik\u00e1n meghirdetett egyetemi docensi \u00e1ll\u00e1shelyekre be\u00e9rkezett p\u00e1ly\u00e1zatok v\u00e9lem\u00e9nyez\u00e9s\u00e9r\u0151l<\/a><\/p>\n<p style=\"text-align: justify\"><a href=\"https:\/\/semmelweis.hu\/jogigfoig\/files\/2018\/12\/146_XI_29_2018_sz_hat_e_DOK_oktatoi_munka.pdf\">A Semmelweis Egyetem\u00a0Szen\u00e1tus\u00e1nak\u00a0146\/2018. (XI.29.) sz\u00e1m\u00fa hat\u00e1rozata a\u00a0doktoranduszi k\u00e9pz\u00e9shez kapcsol\u00f3d\u00f3 oktat\u00f3i munka hallgat\u00f3i v\u00e9lem\u00e9nyez\u00e9se rendszer\u00e9nek szab\u00e1lyzata elfogad\u00e1s\u00e1r\u00f3l<\/a><\/p>\n<p style=\"text-align: justify\"><a href=\"https:\/\/semmelweis.hu\/jogigfoig\/files\/2018\/12\/147_XI_29_2018_sz_hat_PAF_ingatlanok.pdf\">A Semmelweis Egyetem\u00a0Szen\u00e1tus\u00e1nak\u00a0147\/2018. (XI. 29.) hat\u00e1rozata\u00a0a 2700 Cegl\u00e9d 4736 helyrajzi sz\u00e1m\u00fa, term\u00e9szetben a Z\u00f6ldfa utca 17., a 8900 Zalaegerszeg 2544 helyrajzi sz\u00e1m\u00fa, term\u00e9szetben a Kinizsi P\u00e1l utca 54., 8900 Zalaegerszeg 2543 helyrajzi sz\u00e1m\u00fa, term\u00e9szetben a B\u00e1thori Istv\u00e1n utca 27. \u00e9s a 1205 Budapest XX. ker\u00fclet 173352 helyrajzi sz\u00e1m\u00fa, term\u00e9szetben a M\u00e1rt\u00edrok \u00fatja 16. sz\u00e1m alatt tal\u00e1lhat\u00f3, mag\u00e1nszem\u00e9lyekkel k\u00f6z\u00f6s tulajdonban l\u00e9v\u0151 ingatlanok \u00e9rt\u00e9kes\u00edt\u00e9se c\u00edm\u0171 el\u0151terjeszt\u00e9s elfogad\u00e1s\u00e1r\u00f3l<\/a><\/p>\n<p style=\"text-align: justify\"><a href=\"https:\/\/semmelweis.hu\/jogigfoig\/files\/2018\/12\/148_XI_29_2018_sz_hat_Hagyomanyos_kinai_terapeuta.pdf\">A Semmelweis Egyetem Szen\u00e1tus\u00e1nak\u00a0148\/2018. (XI. 29.) hat\u00e1rozata\u00a0Hagyom\u00e1nyos k\u00ednai terapeuta szakir\u00e1ny\u00fa tov\u00e1bbk\u00e9pz\u00e9si szak l\u00e9tes\u00edt\u00e9s\u00e9r\u0151l<\/a><\/p>\n<p style=\"text-align: justify\"><a href=\"https:\/\/semmelweis.hu\/jogigfoig\/files\/2018\/12\/149_XI_29_2018_sz_hat_Gazdalkodasi_szabalyzat.pdf\">A Semmelweis Egyetem\u00a0Szen\u00e1tus\u00e1nak\u00a0149\/2018. (XI. 29.) hat\u00e1rozata\u00a0a Gazd\u00e1lkod\u00e1si Szab\u00e1lyzat elfogad\u00e1s\u00e1r\u00f3l<\/a><\/p>\n<p style=\"text-align: justify\"><a href=\"https:\/\/semmelweis.hu\/jogigfoig\/files\/2018\/12\/150_XI_29_2018_sz_hat_Csekely_erteku_ajandek.pdf\">A Semmelweis Egyetem\u00a0Szen\u00e1tus\u00e1nak\u00a0150\/2018. (XI. 29.) hat\u00e1rozata\u00a0csek\u00e9ly \u00e9rt\u00e9k\u0171 aj\u00e1nd\u00e9k juttat\u00e1s\u00e1r\u00f3l<\/a><\/p>\n<p style=\"text-align: justify\"><a href=\"https:\/\/semmelweis.hu\/jogigfoig\/files\/2018\/12\/151_XI_29_2018_sz_hat_HOK_Alapszabaly.pdf\">A Semmelweis Egyetem\u00a0Szen\u00e1tus\u00e1nak\u00a0151\/2018. (XI. 29.) hat\u00e1rozata\u00a0a Hallgat\u00f3i \u00d6nkorm\u00e1nyzat Alapszab\u00e1ly\u00e1nak j\u00f3v\u00e1hagy\u00e1s\u00e1r\u00f3l<\/a><\/p>\n","protected":false},"excerpt":{"rendered":"<p><a href=\"https:\/\/semmelweis.hu\/jogigfoig\/files\/2018\/12\/134_XI_29_2018_sz_hat_SZMSZ_SZTI.pdf\">A Semmelweis Egyetem Szen\u00e1tus\u00e1nak 134\/2018. (XI. 29.) sz\u00e1m\u00fa hat\u00e1rozata az SZMSZ I. r\u00e9sz\u00e9nek a Szak- \u00e9s Tov\u00e1bbk\u00e9pz\u00e9si Igazgat\u00f3s\u00e1gra vonatkoz\u00f3 rendelkez\u00e9sei m\u00f3dos\u00edt\u00e1s\u00e1r\u00f3l<\/a><br \/>\n<a href=\"https:\/\/semmelweis.hu\/jogigfoig\/files\/2018\/12\/135_XI_29_2018_sz_hat_TJSZ_TVSZ-ellenorzesi-nyomvonal.pdf\">A Semmelweis Egyetem\u00a0Szen\u00e1tus\u00e1nak\u00a0135\/2018. (XI. 29.) sz\u00e1m\u00fa hat\u00e1rozata a\u00a0Szervezeti \u00e9s M\u0171k\u00f6d\u00e9si Szab\u00e1lyzat III. r\u00e9sz III\/1. fejezet az \u00c1ltal\u00e1nos Orvostudom\u00e1nyi Kar, a Fogorvostudom\u00e1nyi Kar \u00e9s a Gy\u00f3gyszer\u00e9sztudom\u00e1nyi Kar Kreditrendszer\u0171 Tanulm\u00e1nyi \u00e9s Vizsgaszab\u00e1lyzata valamint IV. fejezet T\u00e9r\u00edt\u00e9si \u00e9s Juttat\u00e1si Szab\u00e1lyzat egyes rendelkez\u00e9si m\u00f3dos\u00edt\u00e1s\u00e1t\u00f3l valamint a III. r\u00e9sz IV. fejezet ellen\u0151rz\u00e9si nyomvonal\u00e1nak elfogad\u00e1s\u00e1r\u00f3l<\/a><\/p>\n<p><a href=\"https:\/\/semmelweis.hu\/jogigfoig\/files\/2019\/09\/135_2018_XI.29._szenatusi-hatarozat-1.-sz.-mell\u00e9klete.pdf\">A Semmelweis Egyetem Szen\u00e1tus\u00e1nak 135\/2018. (XI. 29.) sz\u00e1m\u00fa hat\u00e1rozata a Szervezeti \u00e9s M\u0171k\u00f6d\u00e9si Szab\u00e1lyzat III. r\u00e9sz III\/1. fejezet az \u00c1ltal\u00e1nos Orvostudom\u00e1nyi Kar, a Fogorvostudom\u00e1nyi Kar \u00e9s a Gy\u00f3gyszer\u00e9sztudom\u00e1nyi Kar Kreditrendszer\u0171 Tanulm\u00e1nyi \u00e9s Vizsgaszab\u00e1lyzata valamint IV. fejezet T\u00e9r\u00edt\u00e9si \u00e9s Juttat\u00e1si Szab\u00e1lyzat egyes rendelkez\u00e9si m\u00f3dos\u00edt\u00e1s\u00e1t\u00f3l valamint a III. r\u00e9sz IV. fejezet ellen\u0151rz\u00e9si nyomvonal\u00e1nak elfogad\u00e1s\u00e1r\u00f3l &#8211; 1. sz. mell\u00e9klete<\/a><\/p>\n<p><a href=\"https:\/\/semmelweis.hu\/jogigfoig\/files\/2018\/12\/136_XI_29_2018_sz_hat_SZMSZ_Transzplantacios_Etikai_Bizottsag.pdf\">A Semmelweis Egyetem\u00a0Szen\u00e1tus\u00e1nak\u00a0136\/2018. (XI. 29.) hat\u00e1rozata\u00a0a Szervezeti \u00e9s M\u0171k\u00f6d\u00e9si Szab\u00e1lyzat \u00a0(3. sz\u00e1m\u00fa mell\u00e9klet\u00e9nek kieg\u00e9sz\u00edt\u00e9se- \u00c9l\u0151donoros Transzplant\u00e1ci\u00f3s Etikai Bizotts\u00e1g) egyes rendelkez\u00e9seinek m\u00f3dos\u00edt\u00e1s\u00e1r\u00f3l c\u00edm\u0171 el\u0151terjeszt\u00e9s elfogad\u00e1s\u00e1r\u00f3l<\/a><br \/>\n<a href=\"https:\/\/semmelweis.hu\/jogigfoig\/files\/2018\/12\/137_XI_29_2018_sz_hat_AOK_dekan.pdf\">A Semmelweis Egyetem\u00a0Szen\u00e1tus\u00e1nak\u00a0137\/2018. (XI. 29.) hat\u00e1rozata\u00a0az \u00c1ltal\u00e1nos Orvostudom\u00e1nyi Kar d\u00e9k\u00e1ni magasabb vezet\u0151i megb\u00edz\u00e1s\u00e1ra be\u00e9rkezett p\u00e1ly\u00e1zat v\u00e9lem\u00e9nyez\u00e9s\u00e9r\u0151l<\/a><br \/>\n<a href=\"https:\/\/semmelweis.hu\/jogigfoig\/files\/2018\/12\/138_XI_29_2018_sz_hat_klinikus_kutatoi.pdf\">A Semmelweis Egyetem\u00a0Szen\u00e1tus\u00e1nak\u00a0138\/2018. (XI. 29.) hat\u00e1rozata\u00a0a 2018. \u00e9vi \u201eKlinikus Kutat\u00f3i\u201d t\u00e1mogat\u00e1s oda\u00edt\u00e9l\u00e9s\u00e9r\u0151l<\/a><br \/>\n<a href=\"https:\/\/semmelweis.hu\/jogigfoig\/files\/2018\/12\/139_XI_29_2018_sz_hat_KK_bizottsag_ugyrend.pdf\">A Semmelweis Egyetem Szen\u00e1tus\u00e1nak\u00a0139\/2018. (XI. 29.) hat\u00e1rozata\u00a0a K\u00fcls\u0151 Kutat\u00e1si Munk\u00e1kat V\u00e9lem\u00e9nyez\u0151 Bizotts\u00e1g\u00a0\u00fcgyrendj\u00e9nek m\u00f3dos\u00edt\u00e1s\u00e1r\u00f3l<\/a><br \/>\n<a href=\"https:\/\/semmelweis.hu\/jogigfoig\/files\/2018\/12\/140_XI_29_2018_sz_hat_KK_Bizottsag_szemelyi_osszetetel.pdf\">A Semmelweis Egyetem\u00a0Szen\u00e1tus\u00e1nak\u00a0140\/2018. (XI. 29.) hat\u00e1rozata\u00a0a K\u00fcls\u0151 Kutat\u00e1si Munk\u00e1kat V\u00e9lem\u00e9nyez\u0151 Bizotts\u00e1g\u00a0szem\u00e9lyi \u00f6sszet\u00e9tel\u00e9nek meg\u00faj\u00edt\u00e1s\u00e1r\u00f3l<\/a><br \/>\n<a href=\"https:\/\/semmelweis.hu\/jogigfoig\/files\/2018\/12\/141_XI_29_2018_sz_hat_EKK_Etikai_es_Fegyelmi_Bizottsag.pdf\">A Semmelweis Egyetem\u00a0Szen\u00e1tus\u00e1nak\u00a0141\/2018. (XI. 29.) hat\u00e1rozata az Eg\u00e9szs\u00e9g\u00fcgyi K\u00f6zszolg\u00e1lati Kar Szen\u00e1tus \u00e1ltal l\u00e9trehozott Etikai \u00e9s Fegyelmi Bizotts\u00e1g szem\u00e9lyi \u00f6sszet\u00e9tel\u00e9nek meg\u00faj\u00edt\u00e1s\u00e1r\u00f3l<\/a><br \/>\n<a href=\"https:\/\/semmelweis.hu\/jogigfoig\/files\/2018\/12\/142_XI_29_2018_sz_hat_SZMSZ_mod-1.pdf\">A Semmelweis Egyetem Szen\u00e1tus\u00e1nak 142\/2018. (XI.29.) sz\u00e1m\u00fa hat\u00e1rozata a Szervezeti \u00e9s M\u0171k\u00f6d\u00e9si Szab\u00e1lyzat egyes rendelkez\u00e9seinek m\u00f3dos\u00edt\u00e1s\u00e1r\u00f3l<\/a><br \/>\n<a href=\"https:\/\/semmelweis.hu\/jogigfoig\/files\/2018\/12\/143_XI_29_2018_sz_hat_DOK_Bizottsagok.pdf\">A Semmelweis Egyetem\u00a0Szen\u00e1tus\u00e1nak\u00a0143\/2018. (XI. 29.) hat\u00e1rozata\u00a0az Egyetem eg\u00e9sz\u00e9re kiterjed\u0151 hat\u00e1sk\u00f6rrel rendelkez\u0151 \u00e1lland\u00f3 bizotts\u00e1gok Egyetemi Es\u00e9lyegyenl\u0151s\u00e9gi Bizotts\u00e1g, \u00a0Munkahelyi \u00e9s \u00c1llatj\u00f3l\u00e9ti Bizotts\u00e1g, \u00a0Alumni Igazgat\u00f3tan\u00e1cs hallgat\u00f3i (Doktorandusz) \u00f6sszet\u00e9tel\u00e9nek a v\u00e1ltoz\u00e1s\u00e1r\u00f3l<\/a><br \/>\n<a href=\"https:\/\/semmelweis.hu\/jogigfoig\/files\/2018\/12\/144_XI_29_2018_sz_hat_Aneszt.pdf\">A Semmelweis Egyetem\u00a0Szen\u00e1tus\u00e1nak\u00a0144\/2018. (XI. 29.) hat\u00e1rozata\u00a0az Aneszteziol\u00f3giai \u00e9s Intenz\u00edv Ter\u00e1pi\u00e1s Klinika igazgat\u00f3helyettesi megb\u00edz\u00e1s\u00e1ra be\u00e9rkezett p\u00e1ly\u00e1zat v\u00e9lem\u00e9nyez\u00e9s\u00e9r\u0151l<\/a><br \/>\n<a href=\"https:\/\/semmelweis.hu\/jogigfoig\/files\/2018\/12\/145_XI_29_2018_sz_hat_e_docens.pdf\">A Semmelweis Egyetem Szen\u00e1tus\u00e1nak\u00a0145\/2018. (XI. 29.) hat\u00e1rozata\u00a0a Kardiol\u00f3giai Tansz\u00e9ken \u00e9s a Szem\u00e9szeti Klinik\u00e1n meghirdetett egyetemi docensi \u00e1ll\u00e1shelyekre be\u00e9rkezett p\u00e1ly\u00e1zatok v\u00e9lem\u00e9nyez\u00e9s\u00e9r\u0151l<\/a><br \/>\n<a href=\"https:\/\/semmelweis.hu\/jogigfoig\/files\/2018\/12\/146_XI_29_2018_sz_hat_e_DOK_oktatoi_munka.pdf\">A Semmelweis Egyetem\u00a0Szen\u00e1tus\u00e1nak\u00a0146\/2018. (XI.29.) sz\u00e1m\u00fa hat\u00e1rozata a\u00a0doktoranduszi k\u00e9pz\u00e9shez kapcsol\u00f3d\u00f3 oktat\u00f3i munka hallgat\u00f3i v\u00e9lem\u00e9nyez\u00e9se rendszer\u00e9nek szab\u00e1lyzata elfogad\u00e1s\u00e1r\u00f3l<\/a><br \/>\n<a href=\"https:\/\/semmelweis.hu\/jogigfoig\/files\/2018\/12\/147_XI_29_2018_sz_hat_PAF_ingatlanok.pdf\">A Semmelweis Egyetem\u00a0Szen\u00e1tus\u00e1nak\u00a0147\/2018. (XI. 29.) hat\u00e1rozata\u00a0a 2700 Cegl\u00e9d 4736 helyrajzi sz\u00e1m\u00fa, term\u00e9szetben a Z\u00f6ldfa utca 17., a 8900 Zalaegerszeg 2544 helyrajzi sz\u00e1m\u00fa, term\u00e9szetben a Kinizsi P\u00e1l utca 54., 8900 Zalaegerszeg 2543 helyrajzi sz\u00e1m\u00fa, term\u00e9szetben a B\u00e1thori Istv\u00e1n utca 27. \u00e9s a 1205 Budapest XX. ker\u00fclet 173352 helyrajzi sz\u00e1m\u00fa, term\u00e9szetben a M\u00e1rt\u00edrok \u00fatja 16. sz\u00e1m alatt tal\u00e1lhat\u00f3, mag\u00e1nszem\u00e9lyekkel k\u00f6z\u00f6s tulajdonban l\u00e9v\u0151 ingatlanok \u00e9rt\u00e9kes\u00edt\u00e9se c\u00edm\u0171 el\u0151terjeszt\u00e9s elfogad\u00e1s\u00e1r\u00f3l<\/a><br \/>\n<a href=\"https:\/\/semmelweis.hu\/jogigfoig\/files\/2018\/12\/148_XI_29_2018_sz_hat_Hagyomanyos_kinai_terapeuta.pdf\">A Semmelweis Egyetem Szen\u00e1tus\u00e1nak\u00a0148\/2018. (XI. 29.) hat\u00e1rozata\u00a0Hagyom\u00e1nyos k\u00ednai terapeuta szakir\u00e1ny\u00fa tov\u00e1bbk\u00e9pz\u00e9si szak l\u00e9tes\u00edt\u00e9s\u00e9r\u0151l<\/a><br \/>\n<a href=\"https:\/\/semmelweis.hu\/jogigfoig\/files\/2018\/12\/149_XI_29_2018_sz_hat_Gazdalkodasi_szabalyzat.pdf\">A Semmelweis Egyetem\u00a0Szen\u00e1tus\u00e1nak\u00a0149\/2018. (XI. 29.) hat\u00e1rozata\u00a0a Gazd\u00e1lkod\u00e1si Szab\u00e1lyzat elfogad\u00e1s\u00e1r\u00f3l<\/a><br \/>\n<a href=\"https:\/\/semmelweis.hu\/jogigfoig\/files\/2018\/12\/150_XI_29_2018_sz_hat_Csekely_erteku_ajandek.pdf\">A Semmelweis Egyetem\u00a0Szen\u00e1tus\u00e1nak\u00a0150\/2018. (XI. 29.) hat\u00e1rozata\u00a0csek\u00e9ly \u00e9rt\u00e9k\u0171 aj\u00e1nd\u00e9k juttat\u00e1s\u00e1r\u00f3l<\/a><br \/>\n<a href=\"https:\/\/semmelweis.hu\/jogigfoig\/files\/2018\/12\/151_XI_29_2018_sz_hat_HOK_Alapszabaly.pdf\">A Semmelweis Egyetem\u00a0Szen\u00e1tus\u00e1nak\u00a0151\/2018. (XI. 29.) hat\u00e1rozata\u00a0a Hallgat\u00f3i \u00d6nkorm\u00e1nyzat Alapszab\u00e1ly\u00e1nak j\u00f3v\u00e1hagy\u00e1s\u00e1r\u00f3l<\/a><\/p>\n","protected":false},"author":101467,"featured_media":0,"parent":10434,"menu_order":16,"comment_status":"closed","ping_status":"closed","template":"","meta":{"_acf_changed":false,"footnotes":""},"categories":[],"tags":[],"class_list":["post-72153","page","type-page","status-publish","hentry"],"acf":[],"_links":{"self":[{"href":"https:\/\/semmelweis.hu\/jogigfoig\/wp-json\/wp\/v2\/pages\/72153","targetHints":{"allow":["GET"]}}],"collection":[{"href":"https:\/\/semmelweis.hu\/jogigfoig\/wp-json\/wp\/v2\/pages"}],"about":[{"href":"https:\/\/semmelweis.hu\/jogigfoig\/wp-json\/wp\/v2\/types\/page"}],"author":[{"embeddable":true,"href":"https:\/\/semmelweis.hu\/jogigfoig\/wp-json\/wp\/v2\/users\/101467"}],"replies":[{"embeddable":true,"href":"https:\/\/semmelweis.hu\/jogigfoig\/wp-json\/wp\/v2\/comments?post=72153"}],"version-history":[{"count":6,"href":"https:\/\/semmelweis.hu\/jogigfoig\/wp-json\/wp\/v2\/pages\/72153\/revisions"}],"predecessor-version":[{"id":75272,"href":"https:\/\/semmelweis.hu\/jogigfoig\/wp-json\/wp\/v2\/pages\/72153\/revisions\/75272"}],"up":[{"embeddable":true,"href":"https:\/\/semmelweis.hu\/jogigfoig\/wp-json\/wp\/v2\/pages\/10434"}],"wp:attachment":[{"href":"https:\/\/semmelweis.hu\/jogigfoig\/wp-json\/wp\/v2\/media?parent=72153"}],"wp:term":[{"taxonomy":"category","embeddable":true,"href":"https:\/\/semmelweis.hu\/jogigfoig\/wp-json\/wp\/v2\/categories?post=72153"},{"taxonomy":"post_tag","embeddable":true,"href":"https:\/\/semmelweis.hu\/jogigfoig\/wp-json\/wp\/v2\/tags?post=72153"}],"curies":[{"name":"wp","href":"https:\/\/api.w.org\/{rel}","templated":true}]}}