{"id":72093,"date":"2018-11-28T13:40:16","date_gmt":"2018-11-28T12:40:16","guid":{"rendered":"http:\/\/semmelweis.hu\/jogigfoig\/?page_id=72093"},"modified":"2018-11-28T13:40:16","modified_gmt":"2018-11-28T12:40:16","slug":"2018-november-26","status":"publish","type":"page","link":"https:\/\/semmelweis.hu\/jogigfoig\/testuletek\/konzisztorium\/2018-november-26\/","title":{"rendered":"2018. november 26."},"content":{"rendered":"<p><a href=\"https:\/\/semmelweis.hu\/jogigfoig\/files\/2018\/11\/7_2018_XI_26_sz_konzisztorium_hatarozat.pdf\">A Semmelweis Egyetem Konziszt\u00f3rium\u00e1nak 7\/2018. (XI.26.) sz\u00e1m\u00fa hat\u00e1rozata csek\u00e9ly \u00e9rt\u00e9k\u0171 aj\u00e1nd\u00e9k juttat\u00e1s\u00e1r\u00f3l<\/a><\/p>\n","protected":false},"excerpt":{"rendered":"<p><a href=\"https:\/\/semmelweis.hu\/jogigfoig\/files\/2018\/11\/7_2018_XI_26_sz_konzisztorium_hatarozat.pdf\">A Semmelweis Egyetem Konziszt\u00f3rium\u00e1nak 7\/2018. (XI.26.) sz\u00e1m\u00fa hat\u00e1rozata csek\u00e9ly \u00e9rt\u00e9k\u0171 aj\u00e1nd\u00e9k juttat\u00e1s\u00e1r\u00f3l<\/a><\/p>\n","protected":false},"author":101467,"featured_media":0,"parent":4612,"menu_order":0,"comment_status":"closed","ping_status":"closed","template":"","meta":{"_acf_changed":false,"footnotes":""},"categories":[],"tags":[],"class_list":["post-72093","page","type-page","status-publish","hentry"],"acf":[],"_links":{"self":[{"href":"https:\/\/semmelweis.hu\/jogigfoig\/wp-json\/wp\/v2\/pages\/72093","targetHints":{"allow":["GET"]}}],"collection":[{"href":"https:\/\/semmelweis.hu\/jogigfoig\/wp-json\/wp\/v2\/pages"}],"about":[{"href":"https:\/\/semmelweis.hu\/jogigfoig\/wp-json\/wp\/v2\/types\/page"}],"author":[{"embeddable":true,"href":"https:\/\/semmelweis.hu\/jogigfoig\/wp-json\/wp\/v2\/users\/101467"}],"replies":[{"embeddable":true,"href":"https:\/\/semmelweis.hu\/jogigfoig\/wp-json\/wp\/v2\/comments?post=72093"}],"version-history":[{"count":1,"href":"https:\/\/semmelweis.hu\/jogigfoig\/wp-json\/wp\/v2\/pages\/72093\/revisions"}],"predecessor-version":[{"id":72095,"href":"https:\/\/semmelweis.hu\/jogigfoig\/wp-json\/wp\/v2\/pages\/72093\/revisions\/72095"}],"up":[{"embeddable":true,"href":"https:\/\/semmelweis.hu\/jogigfoig\/wp-json\/wp\/v2\/pages\/4612"}],"wp:attachment":[{"href":"https:\/\/semmelweis.hu\/jogigfoig\/wp-json\/wp\/v2\/media?parent=72093"}],"wp:term":[{"taxonomy":"category","embeddable":true,"href":"https:\/\/semmelweis.hu\/jogigfoig\/wp-json\/wp\/v2\/categories?post=72093"},{"taxonomy":"post_tag","embeddable":true,"href":"https:\/\/semmelweis.hu\/jogigfoig\/wp-json\/wp\/v2\/tags?post=72093"}],"curies":[{"name":"wp","href":"https:\/\/api.w.org\/{rel}","templated":true}]}}