{"id":71852,"date":"2018-10-17T14:03:00","date_gmt":"2018-10-17T12:03:00","guid":{"rendered":"http:\/\/semmelweis.hu\/jogigfoig\/?page_id=71852"},"modified":"2020-02-07T15:06:42","modified_gmt":"2020-02-07T14:06:42","slug":"2018-szeptember-27","status":"publish","type":"page","link":"https:\/\/semmelweis.hu\/jogigfoig\/testuletek\/szenatus\/2018-evi-szenatusi-hatarozatok\/2018-szeptember-27\/","title":{"rendered":"2018. szeptember 27."},"content":{"rendered":"<p style=\"text-align: justify\"><a href=\"https:\/\/semmelweis.hu\/jogigfoig\/files\/2018\/10\/106_IX.27_sz._hat_2018_rektorh.pdf\">A Semmelweis Egyetem\u00a0Szen\u00e1tus\u00e1nak\u00a0106\/2018. (IX. 27.) sz\u00e1m\u00fa hat\u00e1rozata\u00a0a Szervezeti \u00e9s M\u0171k\u00f6d\u00e9si Szab\u00e1lyzat egyes rendelkez\u00e9seinek m\u00f3dos\u00edt\u00e1s\u00e1r\u00f3l\u00a0(tudom\u00e1nyos \u00e9s innov\u00e1ci\u00f3s rektorhelyettes) c\u00edm\u0171 el\u0151terjeszt\u00e9s elfogad\u00e1s\u00e1r\u00f3l<\/a><\/p>\n<p style=\"text-align: justify\">A Semmelweis Egyetem\u00a0Szen\u00e1tus\u00e1nak\u00a0107\/2018. (IX. 27.) sz\u00e1m\u00fa hat\u00e1rozata\u00a0a Szervezeti \u00e9s M\u0171k\u00f6d\u00e9si Szab\u00e1lyzat egyes rendelkez\u00e9seinek m\u00f3dos\u00edt\u00e1s\u00e1r\u00f3l (Az Egyetem alaptev\u00e9kenys\u00e9g\u00e9nek megfelel\u0151 m\u0171k\u00f6d\u00e9s\u00e9t biztos\u00edt\u00f3 \u00e9s t\u00e1mogat\u00f3 szervezeti egys\u00e9geknek a rektor szakmai ir\u00e1ny\u00edt\u00e1sa al\u00e1 von\u00e1sa<em>)\u00a0<\/em>c\u00edm\u0171 el\u0151terjeszt\u00e9s elfogad\u00e1s\u00e1r\u00f3l<\/p>\n<p><strong>\u201cA Szen\u00e1tus hat\u00e1rozata a kancell\u00e1ri egyet\u00e9rt\u00e9s meg nem ad\u00e1sa miatt nem l\u00e9p hat\u00e1lyba.\u201d<\/strong><\/p>\n<p style=\"text-align: justify\">A Semmelweis Egyetem\u00a0Szen\u00e1tus\u00e1nak\u00a0108\/2018. (IX. 27.) sz\u00e1m\u00fa hat\u00e1rozata\u00a0a Szervezeti \u00e9s M\u0171k\u00f6d\u00e9si Szab\u00e1lyzat egyes rendelkez\u00e9seinek m\u00f3dos\u00edt\u00e1s\u00e1r\u00f3l\u00a0(OFMI beolvad\u00e1ssal t\u00f6rt\u00e9n\u0151 egyes\u00fcl\u00e9se a Szakmai Ir\u00e1ny\u00edt\u00e1si \u00e9s Szervez\u00e9si F\u0151igazgat\u00f3s\u00e1ggal)<em>\u00a0<\/em>c\u00edm\u0171 el\u0151terjeszt\u00e9s elfogad\u00e1s\u00e1r\u00f3l<\/p>\n<p><strong>\u201cA Szen\u00e1tus hat\u00e1rozata a kancell\u00e1ri egyet\u00e9rt\u00e9s meg nem ad\u00e1sa miatt nem l\u00e9p hat\u00e1lyba.\u201d<\/strong><\/p>\n<p style=\"text-align: justify\"><a href=\"https:\/\/semmelweis.hu\/jogigfoig\/files\/2018\/10\/109_IX.-27_sz_-hat_2018_-SZMR-modositas_noi_klinkak.pdf\">A Semmelweis Egyetem\u00a0Szen\u00e1tus\u00e1nak\u00a0109\/2018. (IX. 27.) sz\u00e1m\u00fa hat\u00e1rozata\u00a0a Szervezeti \u00e9s M\u0171k\u00f6d\u00e9si Szab\u00e1lyzat (az I.sz. Sz\u00fcl\u00e9szeti N\u0151gy\u00f3gy\u00e1szati Klinika \u00e9s a II. sz. Sz\u00fcl\u00e9szeti \u00e9s N\u0151gy\u00f3gy\u00e1szati Klinika \u00f6sszeolvad\u00e1sa t\u00e1rgy\u00e1ban)\u00a0egyes rendelkez\u00e9seinek m\u00f3dos\u00edt\u00e1s\u00e1r\u00f3l<\/a><\/p>\n<p style=\"text-align: justify\"><a href=\"https:\/\/semmelweis.hu\/jogigfoig\/files\/2018\/10\/110_IX.-27-sz_hat_2018_SZMSZ-m\u00f3d_SZEB.pdf\">A Semmelweis Egyetem\u00a0Szen\u00e1tus\u00e1nak\u00a0110\/2018 (IX. 27.) sz\u00e1m\u00fa hat\u00e1rozata\u00a0a Szervezeti \u00e9s M\u0171k\u00f6d\u00e9si Szab\u00e1lyzat \u00a0(SZMSZ I. R\u00e9sz Szervezeti \u00e9s M\u0171k\u00f6d\u00e9si Rend III. fejezet a Szen\u00e1tus \u00e1ltal l\u00e9trehozott bizotts\u00e1gok) egyes rendelkez\u00e9seinek m\u00f3dos\u00edt\u00e1s\u00e1r\u00f3l sz\u00f3l\u00f3 el\u0151terjeszt\u00e9s elfogad\u00e1s\u00e1r\u00f3l<\/a><\/p>\n<p style=\"text-align: justify\"><a href=\"https:\/\/semmelweis.hu\/jogigfoig\/files\/2018\/10\/111_IX.-27-sz_hat_2018_SZEB-szem\u00e9lyi-\u00f6sszet\u00e9tel.pdf\">A Semmelweis Egyetem\u00a0Szen\u00e1tus\u00e1nak\u00a0111\/2018 (IX. 27.) sz\u00e1m\u00fa hat\u00e1rozata\u00a0a Hallgat\u00f3k Szoci\u00e1lis \u00e9s Es\u00e9lyegyenl\u0151s\u00e9gi \u00dcgyeivel foglalkoz\u00f3 Bizotts\u00e1g szem\u00e9lyi \u00f6sszet\u00e9tel\u00e9r\u0151l<\/a><\/p>\n<p style=\"text-align: justify\"><a href=\"https:\/\/semmelweis.hu\/jogigfoig\/files\/2018\/10\/112_IX.-27.-sz_hat_a-2018.-\u00e9vi-vezet\u0151i-k\u00f6lts\u00e9gvet\u00e9s-elfogad\u00e1s\u00e1r\u00f3l.pdf\">A Semmelweis Egyetem\u00a0Szen\u00e1tus\u00e1nak\u00a0112\/2018. (IX. 27.) sz\u00e1m\u00fa hat\u00e1rozata\u00a0a 2018. \u00e9vi vezet\u0151i k\u00f6lts\u00e9gvet\u00e9s elfogad\u00e1s\u00e1r\u00f3l<\/a><\/p>\n<p style=\"text-align: justify\"><a href=\"https:\/\/semmelweis.hu\/jogigfoig\/files\/2018\/10\/113_IX.27-sz_hat_munkaterv_2018.II_.f\u00e9l\u00e9v_\u0151szi.pdf\">A Semmelweis Egyetem\u00a0Szen\u00e1tus\u00e1nak\u00a0113\/2018. (IX. 27.) sz\u00e1m\u00fa hat\u00e1rozata\u00a0a Szen\u00e1tus 2018. \u00e9v II. f\u00e9l\u00e9vi (\u0151szi szemeszter) \u00fcl\u00e9s- \u00e9s munkaterv\u00e9nek elfogad\u00e1s\u00e1r\u00f3l<\/a><\/p>\n<p style=\"text-align: justify\"><a href=\"https:\/\/semmelweis.hu\/jogigfoig\/files\/2018\/10\/114_IX.-.27_sz._hat_2018_DHC.pdf\">A Semmelweis Egyetem\u00a0Szen\u00e1tus\u00e1nak\u00a0114\/2018. (IX. 27.) sz\u00e1m\u00fa hat\u00e1rozata\u00a0a \u00a0Doctor Honoris Causa c\u00edm adom\u00e1nyoz\u00e1s\u00e1r\u00f3l<\/a><\/p>\n<p style=\"text-align: justify\"><a href=\"https:\/\/semmelweis.hu\/jogigfoig\/files\/2018\/10\/115_IX.27_sz._hat_2018_SID.pdf\">A Semmelweis Egyetem\u00a0Szen\u00e1tus\u00e1nak\u00a0115\/2018. ( IX. 27.) sz\u00e1m\u00fa hat\u00e1rozata\u00a0a 2018. \u00e9vi Semmelweis Innov\u00e1ci\u00f3s D\u00edjak adom\u00e1nyoz\u00e1s\u00e1r\u00f3l<\/a><\/p>\n<p style=\"text-align: justify\"><a href=\"https:\/\/semmelweis.hu\/jogigfoig\/files\/2018\/10\/116_IX.-27-sz_hat_2018_ETK-k\u00e9pz\u00e9s.pdf\">A Semmelweis Egyetem\u00a0Szen\u00e1tus\u00e1nak\u00a0116\/2018. (IX. 27.) sz\u00e1m\u00fa hat\u00e1rozata\u00a0\u00c1pol\u00e1s mesterk\u00e9pz\u00e9si szak k\u00f6z\u00f6ss\u00e9gi szak\u00e1pol\u00f3 specializ\u00e1ci\u00f3 angol nyelv\u0171 tant\u00e1rgyi programjainak elfogad\u00e1sa<\/a><\/p>\n<p style=\"text-align: justify\"><a href=\"https:\/\/semmelweis.hu\/jogigfoig\/files\/2018\/10\/117_IX.-27_2018_GYTK_d\u00e9k\u00e1nhelyettes.pdf\">A Semmelweis Egyetem\u00a0Szen\u00e1tus\u00e1nak\u00a0117\/2018. (IX. 27.) sz\u00e1m\u00fa hat\u00e1rozata\u00a0a Gy\u00f3gyszer\u00e9sztudom\u00e1nyi Kar d\u00e9k\u00e1nhelyettesi megb\u00edz\u00e1s\u00e1ra be\u00e9rkezett p\u00e1ly\u00e1zat v\u00e9lem\u00e9nyez\u00e9s\u00e9r\u0151l<\/a><\/p>\n<p style=\"text-align: justify\"><a href=\"https:\/\/semmelweis.hu\/jogigfoig\/files\/2018\/10\/118_IX.-27_2018_PAF_\u00d3voda_vezet\u0151.pdf\">A Semmelweis Egyetem\u00a0Szen\u00e1tus\u00e1nak\u00a0118\/2018. (IX. 27.) sz\u00e1m\u00fa hat\u00e1rozata\u00a0a Semmelweis Egyetem Pet\u0151 Andr\u00e1s Gyakorl\u00f3 \u00d3vod\u00e1ja int\u00e9zm\u00e9nyvezet\u0151i (magasabb vezet\u0151i) beoszt\u00e1s\u00e1ra be\u00e9rkezett p\u00e1ly\u00e1zat v\u00e9lem\u00e9nyez\u00e9s\u00e9r\u0151l<\/a><\/p>\n<p style=\"text-align: justify\"><a href=\"https:\/\/semmelweis.hu\/jogigfoig\/files\/2018\/10\/119_IX.-27-sz_hat_2018_PAF_iskola_vezet\u0151i.pdf\">A Semmelweis Egyetem\u00a0Szen\u00e1tus\u00e1nak\u00a0119\/2018. (IX. 27.) sz\u00e1m\u00fa hat\u00e1rozata\u00a0a Semmelweis Egyetem Pet\u0151 Andr\u00e1s Gyakorl\u00f3 \u00c1ltal\u00e1nos Iskol\u00e1ja, Egys\u00e9ges Kondukt\u00edv Pedag\u00f3giai M\u00f3dszertani Int\u00e9zm\u00e9nye \u00e9s Koll\u00e9giuma int\u00e9zm\u00e9nyvezet\u0151i (magasabb vezet\u0151i) beoszt\u00e1s\u00e1ra be\u00e9rkezett p\u00e1ly\u00e1zatok v\u00e9lem\u00e9nyez\u00e9s\u00e9r\u0151l<\/a><\/p>\n<p style=\"text-align: justify\"><a href=\"https:\/\/semmelweis.hu\/jogigfoig\/files\/2018\/10\/120_IX.-27_2018_ETK_d\u00e9k\u00e1nhelyettes.pdf\">A Semmelweis Egyetem\u00a0Szen\u00e1tus\u00e1nak\u00a0120\/2018. (IX. 27.) sz\u00e1m\u00fa hat\u00e1rozata\u00a0az Eg\u00e9szs\u00e9gtudom\u00e1nyi Kar oktat\u00e1si d\u00e9k\u00e1nhelyettesi megb\u00edz\u00e1s\u00e1ra be\u00e9rkezett p\u00e1ly\u00e1zat v\u00e9lem\u00e9nyez\u00e9s\u00e9r\u0151l<\/a><\/p>\n<p style=\"text-align: justify\"><a href=\"https:\/\/semmelweis.hu\/jogigfoig\/files\/2018\/10\/121_IX.-27_2018_tansz\u00e9kvezet\u0151.pdf\">A Semmelweis Egyetem\u00a0Szen\u00e1tus\u00e1nak\u00a0121\/2018. (IX. 27.) sz\u00e1m\u00fa hat\u00e1rozata\u00a0a Fizioter\u00e1piai Tansz\u00e9k tansz\u00e9kvezet\u0151i megb\u00edz\u00e1s\u00e1ra be\u00e9rkezett p\u00e1ly\u00e1zat v\u00e9lem\u00e9nyez\u00e9s\u00e9hez<\/a><\/p>\n<p style=\"text-align: justify\"><a href=\"https:\/\/semmelweis.hu\/jogigfoig\/files\/2018\/10\/122_IX.-27_2018_OVI.pdf\">A Semmelweis Egyetem\u00a0Szen\u00e1tus\u00e1nak\u00a0122\/2018. (IX. 27.) sz\u00e1m\u00fa hat\u00e1rozata\u00a0az Orvosi Vegytani, Molekul\u00e1ris Biol\u00f3giai \u00e9s Patobiok\u00e9miai Int\u00e9zet igazgat\u00f3helyettesi megb\u00edz\u00e1s\u00e1ra be\u00e9rkezett p\u00e1ly\u00e1zat v\u00e9lem\u00e9nyez\u00e9s\u00e9r\u0151l<\/a><\/p>\n<p style=\"text-align: justify\"><a href=\"https:\/\/semmelweis.hu\/jogigfoig\/files\/2018\/10\/123_IX.-27_2018_\u00c1OK_DH_titk\u00e1rs\u00e1gvezet\u0151.pdf\">A Semmelweis Egyetem\u00a0Szen\u00e1tus\u00e1nak\u00a0123\/2018. (IX. 27.) sz\u00e1m\u00fa hat\u00e1rozata\u00a0Az \u00c1ltal\u00e1nos Orvostudom\u00e1nyi Kar D\u00e9k\u00e1ni Hivatal titk\u00e1rs\u00e1gvezet\u0151i megb\u00edz\u00e1s\u00e1ra be\u00e9rkezett p\u00e1ly\u00e1zatok v\u00e9lem\u00e9nyez\u00e9s\u00e9r\u0151l<\/a><\/p>\n<p style=\"text-align: justify\"><a href=\"https:\/\/semmelweis.hu\/jogigfoig\/files\/2018\/10\/124_IX.27_sz.-hat_2018_PAK_bizotts\u00e1gok.pdf\">A Semmelweis Egyetem Szen\u00e1tus\u00e1nak\u00a0124\/2018. (IX. 27.) sz\u00e1m\u00fa hat\u00e1rozata\u00a0a Szen\u00e1tus \u00e1ltal l\u00e9trehozott, a Pet\u0151 Andr\u00e1s Karon \u00e1lland\u00f3 bizotts\u00e1gk\u00e9nt m\u0171k\u00f6d\u0151 Gyakorlati K\u00e9pz\u00e9si Bizotts\u00e1g \u00e9s Kredit\u00e1tviteli Bizotts\u00e1g szem\u00e9lyi \u00f6sszet\u00e9tel\u00e9nek m\u00f3dos\u00edt\u00e1s\u00e1r\u00f3l<\/a><\/p>\n<p style=\"text-align: justify\"><a href=\"https:\/\/semmelweis.hu\/jogigfoig\/files\/2018\/10\/N-IX_23_2018_sz_SZ_hat_napirend.pdf\">A Semmelweis Egyetem Szen\u00e1tus\u00e1nak N-IX. 27\/2018. sz\u00e1m\u00fa hat\u00e1rozata a szen\u00e1tusi \u00fcl\u00e9s m\u00f3dos\u00edtott napirendi pontjainak elfogad\u00e1s\u00e1r\u00f3l<\/a><\/p>\n","protected":false},"excerpt":{"rendered":"<p><a href=\"https:\/\/semmelweis.hu\/jogigfoig\/files\/2018\/10\/106_IX.27_sz._hat_2018_rektorh.pdf\">A Semmelweis Egyetem\u00a0Szen\u00e1tus\u00e1nak\u00a0106\/2018. (IX. 27.) sz\u00e1m\u00fa hat\u00e1rozata\u00a0a Szervezeti \u00e9s M\u0171k\u00f6d\u00e9si Szab\u00e1lyzat egyes rendelkez\u00e9seinek m\u00f3dos\u00edt\u00e1s\u00e1r\u00f3l\u00a0(tudom\u00e1nyos \u00e9s innov\u00e1ci\u00f3s rektorhelyettes) c\u00edm\u0171 el\u0151terjeszt\u00e9s elfogad\u00e1s\u00e1r\u00f3l<\/a> A Semmelweis Egyetem\u00a0Szen\u00e1tus\u00e1nak\u00a0107\/2018. (IX. 27.) sz\u00e1m\u00fa hat\u00e1rozata\u00a0a Szervezeti \u00e9s M\u0171k\u00f6d\u00e9si Szab\u00e1lyzat egyes rendelkez\u00e9seinek m\u00f3dos\u00edt\u00e1s\u00e1r\u00f3l (Az Egyetem alaptev\u00e9kenys\u00e9g\u00e9nek megfelel\u0151 m\u0171k\u00f6d\u00e9s\u00e9t biztos\u00edt\u00f3 \u00e9s t\u00e1mogat\u00f3 szervezeti egys\u00e9geknek a rektor szakmai ir\u00e1ny\u00edt\u00e1sa al\u00e1 von\u00e1sa)\u00a0c\u00edm\u0171 el\u0151terjeszt\u00e9s elfogad\u00e1s\u00e1r\u00f3l \u201cA Szen\u00e1tus hat\u00e1rozata a kancell\u00e1ri egyet\u00e9rt\u00e9s meg nem ad\u00e1sa miatt nem l\u00e9p hat\u00e1lyba.\u201d A Semmelweis Egyetem\u00a0Szen\u00e1tus\u00e1nak\u00a0108\/2018. (IX. 27.) sz\u00e1m\u00fa hat\u00e1rozata\u00a0a Szervezeti \u00e9s M\u0171k\u00f6d\u00e9si &hellip;<\/p>\n","protected":false},"author":101467,"featured_media":0,"parent":10434,"menu_order":12,"comment_status":"closed","ping_status":"closed","template":"","meta":{"_acf_changed":false,"footnotes":""},"categories":[],"tags":[],"class_list":["post-71852","page","type-page","status-publish","hentry"],"acf":[],"_links":{"self":[{"href":"https:\/\/semmelweis.hu\/jogigfoig\/wp-json\/wp\/v2\/pages\/71852","targetHints":{"allow":["GET"]}}],"collection":[{"href":"https:\/\/semmelweis.hu\/jogigfoig\/wp-json\/wp\/v2\/pages"}],"about":[{"href":"https:\/\/semmelweis.hu\/jogigfoig\/wp-json\/wp\/v2\/types\/page"}],"author":[{"embeddable":true,"href":"https:\/\/semmelweis.hu\/jogigfoig\/wp-json\/wp\/v2\/users\/101467"}],"replies":[{"embeddable":true,"href":"https:\/\/semmelweis.hu\/jogigfoig\/wp-json\/wp\/v2\/comments?post=71852"}],"version-history":[{"count":1,"href":"https:\/\/semmelweis.hu\/jogigfoig\/wp-json\/wp\/v2\/pages\/71852\/revisions"}],"predecessor-version":[{"id":71873,"href":"https:\/\/semmelweis.hu\/jogigfoig\/wp-json\/wp\/v2\/pages\/71852\/revisions\/71873"}],"up":[{"embeddable":true,"href":"https:\/\/semmelweis.hu\/jogigfoig\/wp-json\/wp\/v2\/pages\/10434"}],"wp:attachment":[{"href":"https:\/\/semmelweis.hu\/jogigfoig\/wp-json\/wp\/v2\/media?parent=71852"}],"wp:term":[{"taxonomy":"category","embeddable":true,"href":"https:\/\/semmelweis.hu\/jogigfoig\/wp-json\/wp\/v2\/categories?post=71852"},{"taxonomy":"post_tag","embeddable":true,"href":"https:\/\/semmelweis.hu\/jogigfoig\/wp-json\/wp\/v2\/tags?post=71852"}],"curies":[{"name":"wp","href":"https:\/\/api.w.org\/{rel}","templated":true}]}}