{"id":71725,"date":"2018-09-27T10:59:47","date_gmt":"2018-09-27T08:59:47","guid":{"rendered":"http:\/\/semmelweis.hu\/jogigfoig\/?page_id=71725"},"modified":"2018-09-27T10:59:47","modified_gmt":"2018-09-27T08:59:47","slug":"2018-szeptember-24","status":"publish","type":"page","link":"https:\/\/semmelweis.hu\/jogigfoig\/testuletek\/konzisztorium\/2018-szeptember-24\/","title":{"rendered":"2018. szeptember 24."},"content":{"rendered":"<p><a href=\"https:\/\/semmelweis.hu\/jogigfoig\/files\/2018\/09\/5_IX-.-24._2018.-\u00e9vi-vezet\u0151-k\u00f6lts\u00e9gvet\u00e9s.pdf\">A Semmelweis Egyetem\u00a0Konziszt\u00f3rium\u00e1nak\u00a05\/2018. ( IX. 24.) sz\u00e1m\u00fa hat\u00e1rozata\u00a0a Semmelweis Egyetem 2018. \u00e9vi vezet\u0151i k\u00f6lts\u00e9gvet\u00e9se c\u00edm\u0171 el\u0151terjeszt\u00e9sr\u0151l<\/a><\/p>\n<p><a href=\"https:\/\/semmelweis.hu\/jogigfoig\/files\/2018\/09\/6_IX-.-24._konziszt\u00f3rium-javaslat.pdf\">A Semmelweis Egyetem\u00a0Konziszt\u00f3rium\u00e1nak\u00a06\/2018. ( IX. 24.) sz\u00e1m\u00fa hat\u00e1rozata (Javaslatok)<\/a><\/p>\n","protected":false},"excerpt":{"rendered":"<p><a href=\"https:\/\/semmelweis.hu\/jogigfoig\/files\/2018\/09\/5_IX-.-24._2018.-\u00e9vi-vezet\u0151-k\u00f6lts\u00e9gvet\u00e9s.pdf\">A Semmelweis Egyetem\u00a0Konziszt\u00f3rium\u00e1nak\u00a05\/2018. ( IX. 24.) sz\u00e1m\u00fa hat\u00e1rozata\u00a0a Semmelweis Egyetem 2018. \u00e9vi vezet\u0151i k\u00f6lts\u00e9gvet\u00e9se c\u00edm\u0171 el\u0151terjeszt\u00e9sr\u0151l<\/a><br \/>\n<a href=\"https:\/\/semmelweis.hu\/jogigfoig\/files\/2018\/09\/6_IX-.-24._konziszt\u00f3rium-javaslat.pdf\">A Semmelweis Egyetem\u00a0Konziszt\u00f3rium\u00e1nak\u00a06\/2018. ( IX. 24.) sz\u00e1m\u00fa hat\u00e1rozata (Javaslatok)<\/a><\/p>\n","protected":false},"author":101095,"featured_media":0,"parent":4612,"menu_order":0,"comment_status":"closed","ping_status":"closed","template":"","meta":{"_acf_changed":false,"footnotes":""},"categories":[],"tags":[],"class_list":["post-71725","page","type-page","status-publish","hentry"],"acf":[],"_links":{"self":[{"href":"https:\/\/semmelweis.hu\/jogigfoig\/wp-json\/wp\/v2\/pages\/71725","targetHints":{"allow":["GET"]}}],"collection":[{"href":"https:\/\/semmelweis.hu\/jogigfoig\/wp-json\/wp\/v2\/pages"}],"about":[{"href":"https:\/\/semmelweis.hu\/jogigfoig\/wp-json\/wp\/v2\/types\/page"}],"author":[{"embeddable":true,"href":"https:\/\/semmelweis.hu\/jogigfoig\/wp-json\/wp\/v2\/users\/101095"}],"replies":[{"embeddable":true,"href":"https:\/\/semmelweis.hu\/jogigfoig\/wp-json\/wp\/v2\/comments?post=71725"}],"version-history":[{"count":1,"href":"https:\/\/semmelweis.hu\/jogigfoig\/wp-json\/wp\/v2\/pages\/71725\/revisions"}],"predecessor-version":[{"id":71728,"href":"https:\/\/semmelweis.hu\/jogigfoig\/wp-json\/wp\/v2\/pages\/71725\/revisions\/71728"}],"up":[{"embeddable":true,"href":"https:\/\/semmelweis.hu\/jogigfoig\/wp-json\/wp\/v2\/pages\/4612"}],"wp:attachment":[{"href":"https:\/\/semmelweis.hu\/jogigfoig\/wp-json\/wp\/v2\/media?parent=71725"}],"wp:term":[{"taxonomy":"category","embeddable":true,"href":"https:\/\/semmelweis.hu\/jogigfoig\/wp-json\/wp\/v2\/categories?post=71725"},{"taxonomy":"post_tag","embeddable":true,"href":"https:\/\/semmelweis.hu\/jogigfoig\/wp-json\/wp\/v2\/tags?post=71725"}],"curies":[{"name":"wp","href":"https:\/\/api.w.org\/{rel}","templated":true}]}}