{"id":71607,"date":"2018-09-11T13:56:07","date_gmt":"2018-09-11T11:56:07","guid":{"rendered":"http:\/\/semmelweis.hu\/jogigfoig\/?page_id=71607"},"modified":"2018-11-26T11:32:37","modified_gmt":"2018-11-26T10:32:37","slug":"2018-junius-14","status":"publish","type":"page","link":"https:\/\/semmelweis.hu\/jogigfoig\/testuletek\/konzisztorium\/2018-junius-14\/","title":{"rendered":"2018. j\u00fanius 14."},"content":{"rendered":"<ul>\n<li>\n<p style=\"text-align: justify\"><a href=\"https:\/\/semmelweis.hu\/jogigfoig\/files\/2018\/09\/3_VI-.14._2018.\u00e9vi-k\u00f6lts\u00e9gvet\u00e9s.pdf\">A Semmelweis Egyetem\u00a0Konziszt\u00f3rium\u00e1nak\u00a03\/2018. ( VI. 14.) sz\u00e1m\u00fa hat\u00e1rozata a Semmelweis Egyetem 2018. \u00e9vi vezet\u0151i k\u00f6lts\u00e9gvet\u00e9se c\u00edm\u0171 el\u0151terjeszt\u00e9sr\u0151l<\/a><\/p>\n<\/li>\n<li style=\"text-align: justify\"><a href=\"https:\/\/semmelweis.hu\/jogigfoig\/files\/2018\/09\/4_VI-.14._konziszt\u00f3rium-eln\u00f6k\u00e9nek-megv\u00e1laszt\u00e1s\u00e1r\u00f3l.pdf\">A Semmelweis Egyetem\u00a0Konziszt\u00f3rium\u00e1nak\u00a0\u00a04\/2018. ( VI. 14.) sz\u00e1m\u00fa hat\u00e1rozata\u00a0a Konziszt\u00f3rium eln\u00f6k\u00e9nek megv\u00e1laszt\u00e1s\u00e1r\u00f3l<\/a><\/li>\n<\/ul>\n","protected":false},"excerpt":{"rendered":"<p><a href=\"https:\/\/semmelweis.hu\/jogigfoig\/files\/2018\/09\/3_VI-.14._2018.\u00e9vi-k\u00f6lts\u00e9gvet\u00e9s.pdf\">A Semmelweis Egyetem\u00a0Konziszt\u00f3rium\u00e1nak\u00a03\/2018. ( VI. 14.) sz\u00e1m\u00fa hat\u00e1rozata a Semmelweis Egyetem 2018. \u00e9vi vezet\u0151i k\u00f6lts\u00e9gvet\u00e9se c\u00edm\u0171 el\u0151terjeszt\u00e9sr\u0151l<\/a><\/p>\n<p><a href=\"https:\/\/semmelweis.hu\/jogigfoig\/files\/2018\/09\/4_VI-.14._konziszt\u00f3rium-eln\u00f6k\u00e9nek-megv\u00e1laszt\u00e1s\u00e1r\u00f3l.pdf\">A Semmelweis Egyetem\u00a0Konziszt\u00f3rium\u00e1nak\u00a0\u00a04\/2018. ( VI. 14.) sz\u00e1m\u00fa hat\u00e1rozata\u00a0a Konziszt\u00f3rium eln\u00f6k\u00e9nek megv\u00e1laszt\u00e1s\u00e1r\u00f3l<\/a><\/p>\n","protected":false},"author":101467,"featured_media":0,"parent":4612,"menu_order":0,"comment_status":"closed","ping_status":"closed","template":"","meta":{"_acf_changed":false,"footnotes":""},"categories":[],"tags":[],"class_list":["post-71607","page","type-page","status-publish","hentry"],"acf":[],"_links":{"self":[{"href":"https:\/\/semmelweis.hu\/jogigfoig\/wp-json\/wp\/v2\/pages\/71607","targetHints":{"allow":["GET"]}}],"collection":[{"href":"https:\/\/semmelweis.hu\/jogigfoig\/wp-json\/wp\/v2\/pages"}],"about":[{"href":"https:\/\/semmelweis.hu\/jogigfoig\/wp-json\/wp\/v2\/types\/page"}],"author":[{"embeddable":true,"href":"https:\/\/semmelweis.hu\/jogigfoig\/wp-json\/wp\/v2\/users\/101467"}],"replies":[{"embeddable":true,"href":"https:\/\/semmelweis.hu\/jogigfoig\/wp-json\/wp\/v2\/comments?post=71607"}],"version-history":[{"count":2,"href":"https:\/\/semmelweis.hu\/jogigfoig\/wp-json\/wp\/v2\/pages\/71607\/revisions"}],"predecessor-version":[{"id":72066,"href":"https:\/\/semmelweis.hu\/jogigfoig\/wp-json\/wp\/v2\/pages\/71607\/revisions\/72066"}],"up":[{"embeddable":true,"href":"https:\/\/semmelweis.hu\/jogigfoig\/wp-json\/wp\/v2\/pages\/4612"}],"wp:attachment":[{"href":"https:\/\/semmelweis.hu\/jogigfoig\/wp-json\/wp\/v2\/media?parent=71607"}],"wp:term":[{"taxonomy":"category","embeddable":true,"href":"https:\/\/semmelweis.hu\/jogigfoig\/wp-json\/wp\/v2\/categories?post=71607"},{"taxonomy":"post_tag","embeddable":true,"href":"https:\/\/semmelweis.hu\/jogigfoig\/wp-json\/wp\/v2\/tags?post=71607"}],"curies":[{"name":"wp","href":"https:\/\/api.w.org\/{rel}","templated":true}]}}