{"id":71576,"date":"2018-08-30T16:02:55","date_gmt":"2018-08-30T14:02:55","guid":{"rendered":"http:\/\/semmelweis.hu\/jogigfoig\/?page_id=71576"},"modified":"2020-02-07T15:06:27","modified_gmt":"2020-02-07T14:06:27","slug":"2018-augusztus-23","status":"publish","type":"page","link":"https:\/\/semmelweis.hu\/jogigfoig\/testuletek\/szenatus\/2018-evi-szenatusi-hatarozatok\/2018-augusztus-23\/","title":{"rendered":"2018. augusztus 23."},"content":{"rendered":"<p><a href=\"https:\/\/semmelweis.hu\/jogigfoig\/files\/2018\/08\/101_2018_VIII_23_sz_SZ_hat_SZMSZ_mod.pdf\">A Semmelweis Egyetem Szen\u00e1tus\u00e1nak 101\/2018. (VIII. 23.) sz\u00e1m\u00fa hat\u00e1rozata a Szervezeti \u00e9s M\u0171k\u00f6d\u00e9si Szab\u00e1lyzat egyes rendelkez\u00e9seinek m\u00f3dos\u00edt\u00e1s\u00e1r\u00f3l<\/a><\/p>\n<p><a href=\"https:\/\/semmelweis.hu\/jogigfoig\/files\/2018\/08\/102_2018_VIII_23_sz_SZ_hat_I_sz_es_II_sz_Szul_es_Nogyogy_Klin_osszevonasarol.pdf\">A Semmelweis Egyetem Szen\u00e1tus\u00e1nak 102\/2018. (VIII. 23.) sz\u00e1m\u00fa hat\u00e1rozata az I. Sz. Sz\u00fcl\u00e9szeti \u00e9s N\u0151gy\u00f3gy\u00e1szati Klinika \u00e9s a II. Sz. Sz\u00fcl\u00e9szeti \u00e9s N\u0151gy\u00f3gy\u00e1szati Klinika \u00f6sszevon\u00e1s\u00e1r\u00f3l<\/a><\/p>\n<p><a href=\"https:\/\/semmelweis.hu\/jogigfoig\/files\/2018\/08\/103_2018_VIII_23_sz_SZ_hat_KK_elnok_megbizasa.pdf\">A Semmelweis Egyetem Szen\u00e1tus\u00e1nak 103\/2018. (VIII. 23.) sz\u00e1m\u00fa hat\u00e1rozata a Semmelweis Egyetem Klinikai K\u00f6zpont eln\u00f6ki magasabb vezet\u0151i megb\u00edz\u00e1s\u00e1ra be\u00e9rkezett p\u00e1ly\u00e1zat v\u00e9lem\u00e9nyez\u00e9s\u00e9r\u0151l<\/a><\/p>\n<p><a href=\"https:\/\/semmelweis.hu\/jogigfoig\/files\/2018\/08\/104_2018_VIII_23_sz_SZ_hat_PAK_Gyakorlati_Kepzesi_Bizottsag_szemelyi_osszetetel_modositas.pdf\">A Semmelweis Egyetem Szen\u00e1tus\u00e1nak 104\/2018. (VIII. 23.) sz\u00e1m\u00fa hat\u00e1rozata a Szen\u00e1tus \u00e1ltal l\u00e9trehozott, a Pet\u0151 Andr\u00e1s Karon m\u0171k\u00f6d\u0151 Gyakorlati K\u00e9pz\u00e9si Bizotts\u00e1g szem\u00e9lyi \u00f6sszet\u00e9tel\u00e9nek m\u00f3dos\u00edt\u00e1s\u00e1r\u00f3l<\/a><\/p>\n<p><a href=\"https:\/\/semmelweis.hu\/jogigfoig\/files\/2018\/08\/N-VIII_23_2018_sz_SZ_hat_a_szenatusi_ules_modositott_napirendi_pontjainak_elfogadasarol.pdf\">A Semmelweis Egyetem Szen\u00e1tus\u00e1nak N-VIII.23.\/2018. sz\u00e1m\u00fa hat\u00e1rozata a szen\u00e1tusi \u00fcl\u00e9s m\u00f3dos\u00edtott napirendi pontjainak elfogad\u00e1s\u00e1r\u00f3l<\/a><\/p>\n","protected":false},"excerpt":{"rendered":"<p><a href=\"https:\/\/semmelweis.hu\/jogigfoig\/files\/2018\/08\/101_2018_VIII_23_sz_SZ_hat_SZMSZ_mod.pdf\">A Semmelweis Egyetem Szen\u00e1tus\u00e1nak 101\/2018. (VIII. 23.) sz\u00e1m\u00fa hat\u00e1rozata a Szervezeti \u00e9s M\u0171k\u00f6d\u00e9si Szab\u00e1lyzat egyes rendelkez\u00e9seinek m\u00f3dos\u00edt\u00e1s\u00e1r\u00f3l<\/a><br \/>\n<a href=\"https:\/\/semmelweis.hu\/jogigfoig\/files\/2018\/08\/102_2018_VIII_23_sz_SZ_hat_I_sz_es_II_sz_Szul_es_Nogyogy_Klin_osszevonasarol.pdf\">A Semmelweis Egyetem Szen\u00e1tus\u00e1nak 102\/2018. (VIII. 23.) sz\u00e1m\u00fa hat\u00e1rozata az I. Sz. Sz\u00fcl\u00e9szeti \u00e9s N\u0151gy\u00f3gy\u00e1szati Klinika \u00e9s a II. Sz. Sz\u00fcl\u00e9szeti \u00e9s N\u0151gy\u00f3gy\u00e1szati Klinika \u00f6sszevon\u00e1s\u00e1r\u00f3l<\/a><br \/>\n<a href=\"https:\/\/semmelweis.hu\/jogigfoig\/files\/2018\/08\/103_2018_VIII_23_sz_SZ_hat_KK_elnok_megbizasa.pdf\">A Semmelweis Egyetem Szen\u00e1tus\u00e1nak 103\/2018. (VIII. 23.) sz\u00e1m\u00fa hat\u00e1rozata a Semmelweis Egyetem Klinikai K\u00f6zpont eln\u00f6ki magasabb vezet\u0151i megb\u00edz\u00e1s\u00e1ra be\u00e9rkezett p\u00e1ly\u00e1zat v\u00e9lem\u00e9nyez\u00e9s\u00e9r\u0151l<\/a><br \/>\n<a href=\"https:\/\/semmelweis.hu\/jogigfoig\/files\/2018\/08\/104_2018_VIII_23_sz_SZ_hat_PAK_Gyakorlati_Kepzesi_Bizottsag_szemelyi_osszetetel_modositas.pdf\">A Semmelweis Egyetem Szen\u00e1tus\u00e1nak 104\/2018. (VIII. 23.) sz\u00e1m\u00fa hat\u00e1rozata a Szen\u00e1tus \u00e1ltal l\u00e9trehozott, a Pet\u0151 Andr\u00e1s Karon m\u0171k\u00f6d\u0151 Gyakorlati K\u00e9pz\u00e9si Bizotts\u00e1g szem\u00e9lyi \u00f6sszet\u00e9tel\u00e9nek m\u00f3dos\u00edt\u00e1s\u00e1r\u00f3l<\/a><br \/>\n<a href=\"https:\/\/semmelweis.hu\/jogigfoig\/files\/2018\/08\/N-VIII_23_2018_sz_SZ_hat_a_szenatusi_ules_modositott_napirendi_pontjainak_elfogadasarol.pdf\">A Semmelweis Egyetem Szen\u00e1tus\u00e1nak N-VIII.23.\/2018. sz\u00e1m\u00fa hat\u00e1rozata a szen\u00e1tusi \u00fcl\u00e9s m\u00f3dos\u00edtott napirendi pontjainak elfogad\u00e1s\u00e1r\u00f3l<\/a><\/p>\n","protected":false},"author":101467,"featured_media":0,"parent":10434,"menu_order":10,"comment_status":"closed","ping_status":"closed","template":"","meta":{"_acf_changed":false,"footnotes":""},"categories":[],"tags":[],"class_list":["post-71576","page","type-page","status-publish","hentry"],"acf":[],"_links":{"self":[{"href":"https:\/\/semmelweis.hu\/jogigfoig\/wp-json\/wp\/v2\/pages\/71576","targetHints":{"allow":["GET"]}}],"collection":[{"href":"https:\/\/semmelweis.hu\/jogigfoig\/wp-json\/wp\/v2\/pages"}],"about":[{"href":"https:\/\/semmelweis.hu\/jogigfoig\/wp-json\/wp\/v2\/types\/page"}],"author":[{"embeddable":true,"href":"https:\/\/semmelweis.hu\/jogigfoig\/wp-json\/wp\/v2\/users\/101467"}],"replies":[{"embeddable":true,"href":"https:\/\/semmelweis.hu\/jogigfoig\/wp-json\/wp\/v2\/comments?post=71576"}],"version-history":[{"count":2,"href":"https:\/\/semmelweis.hu\/jogigfoig\/wp-json\/wp\/v2\/pages\/71576\/revisions"}],"predecessor-version":[{"id":71584,"href":"https:\/\/semmelweis.hu\/jogigfoig\/wp-json\/wp\/v2\/pages\/71576\/revisions\/71584"}],"up":[{"embeddable":true,"href":"https:\/\/semmelweis.hu\/jogigfoig\/wp-json\/wp\/v2\/pages\/10434"}],"wp:attachment":[{"href":"https:\/\/semmelweis.hu\/jogigfoig\/wp-json\/wp\/v2\/media?parent=71576"}],"wp:term":[{"taxonomy":"category","embeddable":true,"href":"https:\/\/semmelweis.hu\/jogigfoig\/wp-json\/wp\/v2\/categories?post=71576"},{"taxonomy":"post_tag","embeddable":true,"href":"https:\/\/semmelweis.hu\/jogigfoig\/wp-json\/wp\/v2\/tags?post=71576"}],"curies":[{"name":"wp","href":"https:\/\/api.w.org\/{rel}","templated":true}]}}