{"id":71401,"date":"2018-08-02T17:43:00","date_gmt":"2018-08-02T15:43:00","guid":{"rendered":"http:\/\/semmelweis.hu\/jogigfoig\/?page_id=71401"},"modified":"2020-02-07T15:06:20","modified_gmt":"2020-02-07T14:06:20","slug":"2018-julius-16","status":"publish","type":"page","link":"https:\/\/semmelweis.hu\/jogigfoig\/testuletek\/szenatus\/2018-evi-szenatusi-hatarozatok\/2018-julius-16\/","title":{"rendered":"2018. j\u00falius 16."},"content":{"rendered":"<p><a href=\"https:\/\/semmelweis.hu\/jogigfoig\/files\/2018\/08\/95_2018_VII_16_sz_SZ_hat_rector_emeritus_cim_adomanyozasarol.pdf\">A Semmelweis Egyetem\u00a0Szen\u00e1tus\u00e1nak\u00a095\/2018. (VII. 16.) sz\u00e1m\u00fa hat\u00e1rozata\u00a0\u201eRector Emeritus\u201d c\u00edm adom\u00e1nyoz\u00e1s\u00e1r\u00f3l<\/a><\/p>\n<p>A Semmelweis Egyetem Szen\u00e1tus\u00e1nak 96\/2018. (VII. 16.) sz\u00e1m\u00fa hat\u00e1rozata a Semmelweis Egyetem 2018. \u00e9vi vezet\u0151i k\u00f6lts\u00e9gvet\u00e9ssel kapcsolatos \u00e1ll\u00e1sfoglal\u00e1s v\u00e9lem\u00e9nyez\u00e9s\u00e9r\u0151l<\/p>\n<p><strong>\u201cA Szen\u00e1tus hat\u00e1rozata a kancell\u00e1ri egyet\u00e9rt\u00e9s meg nem ad\u00e1sa miatt nem l\u00e9p hat\u00e1lyba.\u201d<\/strong><\/p>\n<p><a href=\"https:\/\/semmelweis.hu\/jogigfoig\/files\/2018\/08\/97_2018_VII_16_sz_SZ_hat_SZMSZ_III_HKR_IV_TJSZ_modositas.pdf\">A Semmelweis Egyetem\u00a0Szen\u00e1tus\u00e1nak\u00a097\/2018. (VII. 16.) sz\u00e1m\u00fa hat\u00e1rozata\u00a0a Szervezeti \u00e9s M\u0171k\u00f6d\u00e9si Szab\u00e1lyzat III. r\u00e9sz IV. fejezet T\u00e9r\u00edt\u00e9si \u00e9s Juttat\u00e1si Szab\u00e1lyzat m\u00f3dos\u00edt\u00e1s\u00e1r\u00f3l<\/a><\/p>\n<p><a href=\"https:\/\/semmelweis.hu\/jogigfoig\/files\/2018\/08\/98_2018_VII_16_sz_SZ_hat_AOK_modositott_tantargyi_kovetelmenyrendszererol.pdf\">A Semmelweis Egyetem\u00a0Szen\u00e1tus\u00e1nak\u00a098\/2018. (VII. 16.) sz\u00e1m\u00fa hat\u00e1rozata\u00a0az \u00c1ltal\u00e1nos Orvostudom\u00e1nyi Kar m\u00f3dos\u00edtott Tant\u00e1rgyi K\u00f6vetelm\u00e9nyrendszer\u00e9r\u0151l<\/a><\/p>\n<p>A Semmelweis Egyetem Szen\u00e1tus\u00e1nak 99\/2018. (VII. 16.) sz\u00e1m\u00fa hat\u00e1rozata a Szervezeti \u00e9s M\u0171k\u00f6d\u00e9si Szab\u00e1lyzat egyes rendelkez\u00e9seinek m\u00f3dos\u00edt\u00e1s\u00e1r\u00f3l<\/p>\n<p><strong>\u201cA Szen\u00e1tus hat\u00e1rozata a kancell\u00e1ri egyet\u00e9rt\u00e9s meg nem ad\u00e1sa miatt nem l\u00e9p hat\u00e1lyba.\u201d<\/strong><\/p>\n<p><a href=\"https:\/\/semmelweis.hu\/jogigfoig\/files\/2018\/08\/100_2018_VII_16_sz_SZ_hat_Szenatus_altal_letrehozott_bizottsagok_hallgatoi_tagjainak_megvalasztasa.pdf\">A Semmelweis Egyetem Szen\u00e1tus\u00e1nak 100\/2018. (VII. 16.) sz\u00e1m\u00fa h a t \u00e1 r o z a t a A Szen\u00e1tus \u00e1ltal l\u00e9trehozott, karokon m\u0171k\u00f6d\u0151 \u00e1lland\u00f3 bizotts\u00e1gok (\u00c1OK, FOK, GYTK, EKK, ETK, PAK) hallgat\u00f3i \u00f6sszet\u00e9tel\u00e9nek meg\u00faj\u00edt\u00e1s\u00e1r\u00f3l<\/a><\/p>\n","protected":false},"excerpt":{"rendered":"<p><a href=\"https:\/\/semmelweis.hu\/jogigfoig\/files\/2018\/08\/95_2018_VII_16_sz_SZ_hat_rector_emeritus_cim_adomanyozasarol.pdf\">A Semmelweis Egyetem\u00a0Szen\u00e1tus\u00e1nak\u00a095\/2018. (VII. 16.) sz\u00e1m\u00fa hat\u00e1rozata\u00a0\u201eRector Emeritus\u201d c\u00edm adom\u00e1nyoz\u00e1s\u00e1r\u00f3l<\/a> A Semmelweis Egyetem Szen\u00e1tus\u00e1nak 96\/2018. (VII. 16.) sz\u00e1m\u00fa hat\u00e1rozata a Semmelweis Egyetem 2018. \u00e9vi vezet\u0151i k\u00f6lts\u00e9gvet\u00e9ssel kapcsolatos \u00e1ll\u00e1sfoglal\u00e1s v\u00e9lem\u00e9nyez\u00e9s\u00e9r\u0151l \u201cA Szen\u00e1tus hat\u00e1rozata a kancell\u00e1ri egyet\u00e9rt\u00e9s meg nem ad\u00e1sa miatt nem l\u00e9p hat\u00e1lyba.\u201d <a href=\"https:\/\/semmelweis.hu\/jogigfoig\/files\/2018\/08\/97_2018_VII_16_sz_SZ_hat_SZMSZ_III_HKR_IV_TJSZ_modositas.pdf\">A Semmelweis Egyetem\u00a0Szen\u00e1tus\u00e1nak\u00a097\/2018. (VII. 16.) sz\u00e1m\u00fa hat\u00e1rozata\u00a0a Szervezeti \u00e9s M\u0171k\u00f6d\u00e9si Szab\u00e1lyzat III. r\u00e9sz IV. fejezet T\u00e9r\u00edt\u00e9si \u00e9s Juttat\u00e1si Szab\u00e1lyzat m\u00f3dos\u00edt\u00e1s\u00e1r\u00f3l<\/a> <a href=\"https:\/\/semmelweis.hu\/jogigfoig\/files\/2018\/08\/98_2018_VII_16_sz_SZ_hat_AOK_modositott_tantargyi_kovetelmenyrendszererol.pdf\">A Semmelweis Egyetem\u00a0Szen\u00e1tus\u00e1nak\u00a098\/2018. (VII. 16.) sz\u00e1m\u00fa hat\u00e1rozata\u00a0az \u00c1ltal\u00e1nos Orvostudom\u00e1nyi Kar m\u00f3dos\u00edtott Tant\u00e1rgyi K\u00f6vetelm\u00e9nyrendszer\u00e9r\u0151l<\/a> A Semmelweis Egyetem Szen\u00e1tus\u00e1nak 99\/2018. (VII. 16.) sz\u00e1m\u00fa hat\u00e1rozata a Szervezeti \u00e9s M\u0171k\u00f6d\u00e9si Szab\u00e1lyzat egyes rendelkez\u00e9seinek m\u00f3dos\u00edt\u00e1s\u00e1r\u00f3l \u201cA Szen\u00e1tus hat\u00e1rozata a kancell\u00e1ri egyet\u00e9rt\u00e9s &hellip;<\/p>\n","protected":false},"author":101095,"featured_media":0,"parent":10434,"menu_order":9,"comment_status":"closed","ping_status":"closed","template":"","meta":{"_acf_changed":false,"footnotes":""},"categories":[],"tags":[],"class_list":["post-71401","page","type-page","status-publish","hentry"],"acf":[],"_links":{"self":[{"href":"https:\/\/semmelweis.hu\/jogigfoig\/wp-json\/wp\/v2\/pages\/71401","targetHints":{"allow":["GET"]}}],"collection":[{"href":"https:\/\/semmelweis.hu\/jogigfoig\/wp-json\/wp\/v2\/pages"}],"about":[{"href":"https:\/\/semmelweis.hu\/jogigfoig\/wp-json\/wp\/v2\/types\/page"}],"author":[{"embeddable":true,"href":"https:\/\/semmelweis.hu\/jogigfoig\/wp-json\/wp\/v2\/users\/101095"}],"replies":[{"embeddable":true,"href":"https:\/\/semmelweis.hu\/jogigfoig\/wp-json\/wp\/v2\/comments?post=71401"}],"version-history":[{"count":7,"href":"https:\/\/semmelweis.hu\/jogigfoig\/wp-json\/wp\/v2\/pages\/71401\/revisions"}],"predecessor-version":[{"id":71452,"href":"https:\/\/semmelweis.hu\/jogigfoig\/wp-json\/wp\/v2\/pages\/71401\/revisions\/71452"}],"up":[{"embeddable":true,"href":"https:\/\/semmelweis.hu\/jogigfoig\/wp-json\/wp\/v2\/pages\/10434"}],"wp:attachment":[{"href":"https:\/\/semmelweis.hu\/jogigfoig\/wp-json\/wp\/v2\/media?parent=71401"}],"wp:term":[{"taxonomy":"category","embeddable":true,"href":"https:\/\/semmelweis.hu\/jogigfoig\/wp-json\/wp\/v2\/categories?post=71401"},{"taxonomy":"post_tag","embeddable":true,"href":"https:\/\/semmelweis.hu\/jogigfoig\/wp-json\/wp\/v2\/tags?post=71401"}],"curies":[{"name":"wp","href":"https:\/\/api.w.org\/{rel}","templated":true}]}}