{"id":71105,"date":"2018-06-29T14:00:49","date_gmt":"2018-06-29T12:00:49","guid":{"rendered":"http:\/\/semmelweis.hu\/jogigfoig\/?page_id=71105"},"modified":"2020-02-07T15:06:00","modified_gmt":"2020-02-07T14:06:00","slug":"2018-junius-28","status":"publish","type":"page","link":"https:\/\/semmelweis.hu\/jogigfoig\/testuletek\/szenatus\/2018-evi-szenatusi-hatarozatok\/2018-junius-28\/","title":{"rendered":"2018. j\u00fanius 28."},"content":{"rendered":"<ul>\n<li style=\"list-style-type: none\">\n<ul>\n<li style=\"text-align: justify\"><a href=\"https:\/\/semmelweis.hu\/jogigfoig\/files\/2018\/07\/69_2018_VI_28_sz_hat.pdf\">A Semmelweis Egyetem Szen\u00e1tus\u00e1nak 69\/2018. ( VI.28.) sz\u00e1m\u00fa hat\u00e1rozata a Doctor Honoris Causa c\u00edm adom\u00e1nyoz\u00e1s\u00e1r\u00f3l<\/a><\/li>\n<li><a href=\"https:\/\/semmelweis.hu\/jogigfoig\/files\/2018\/11\/70_2018-VI.28.-sz_hat_SZMSZ-m\u00f3dos\u00edt\u00e1s.pdf\">A Semmelweis Egyetem\u00a0Szen\u00e1tus\u00e1nak\u00a070\/2018. (VI. 28.) sz\u00e1m\u00fa hat\u00e1rozata\u00a0a Semmelweis Egyetem Szervezeti \u00e9s M\u0171k\u00f6d\u00e9si Szab\u00e1lyzat III. R\u00c9SZ Hallgat\u00f3i k\u00f6vetelm\u00e9nyrendszer III. fejezet az Egyetem Kreditrendszer\u0171 Tanulm\u00e1nyi \u00e9s Vizsgaszab\u00e1lyzat\u00e1r\u00f3l (a hallgat\u00f3i tanulm\u00e1nyi rend \u00e9s az ismeretek, k\u00e9szs\u00e9gek \u00e9s k\u00e9pess\u00e9gek elsaj\u00e1t\u00edt\u00e1s\u00e1nak, megszerz\u00e9s\u00e9nek, ellen\u0151rz\u00e9s\u00e9nek rendje) III\/I. az \u00c1ltal\u00e1nos Orvostudom\u00e1nyi Kar, a Fogorvostudom\u00e1nyi Kar, \u00e9s a Gy\u00f3gyszer\u00e9sztudom\u00e1nyi Kar Kreditrendszer\u0171 Tanulm\u00e1nyi \u00e9s Vizsgaszab\u00e1lyzat\u00e1nak egyes rendelkez\u00e9seinek m\u00f3dos\u00edt\u00e1s\u00e1r\u00f3l<\/a><\/li>\n<li style=\"text-align: justify\"><a href=\"https:\/\/semmelweis.hu\/jogigfoig\/files\/2018\/07\/71_2018_VI_28_sz_hat.pdf\">A Semmelweis Egyetem Szen\u00e1tus\u00e1nak 71\/2018. (VI.28.) sz\u00e1m\u00fa hat\u00e1rozata A Szervezeti \u00e9s M\u0171k\u00f6d\u00e9si Szab\u00e1lyzat III. r\u00e9sz II. fejezet A hallgat\u00f3i jogviszonnyal kapcsolatosan beny\u00fajtott k\u00e9relmek elb\u00edr\u00e1s\u00e1r\u00f3l sz\u00f3l\u00f3 szab\u00e1lyzat elfogad\u00e1s\u00e1r\u00f3l<\/a>\n<ul>\n<li style=\"text-align: justify\"><a href=\"https:\/\/semmelweis.hu\/jogigfoig\/files\/2018\/07\/71_2018_VI_28_sz_hat_melleklete.docx\">71\/2018. (VI.28.) sz\u00e1m\u00fa hat\u00e1rozat mell\u00e9klete<\/a><\/li>\n<\/ul>\n<\/li>\n<li style=\"text-align: justify\"><a href=\"https:\/\/semmelweis.hu\/jogigfoig\/files\/2018\/07\/72_2018_VI_28_sz_hat.pdf\">A Semmelweis Egyetem Szen\u00e1tus\u00e1nak 72\/2018. (VI.28.) sz\u00e1m\u00fa hat\u00e1rozata a Semmelweis Egyetem rektorhelyettesi magasabb vezet\u0151i megb\u00edz\u00e1saira be\u00e9rkezett p\u00e1ly\u00e1zatok v\u00e9lem\u00e9nyez\u00e9s\u00e9r\u0151l<\/a><\/li>\n<li style=\"text-align: justify\"><a href=\"https:\/\/semmelweis.hu\/jogigfoig\/files\/2018\/07\/73_2018_VI_28_sz_hat.pdf\">Semmelweis Egyetem Szen\u00e1tus\u00e1nak 73\/2018. (VI.28. ) hat\u00e1rozata a Semmelweis Egyetem rektorhelyetteseinek szen\u00e1tusi tagg\u00e1 v\u00e1laszt\u00e1s\u00e1r\u00f3l<\/a><\/li>\n<li style=\"text-align: justify\"><a href=\"https:\/\/semmelweis.hu\/jogigfoig\/files\/2018\/07\/74_2018_VI_28_sz_hat.pdf\">A Semmelweis Egyetem Szen\u00e1tus\u00e1nak 74\/2018. (VI.28.) sz\u00e1m\u00fa hat\u00e1rozata az Eg\u00e9szs\u00e9g\u00fcgyi K\u00f6zszolg\u00e1lati Kar strat\u00e9giai d\u00e9k\u00e1nhelyettesi megb\u00edz\u00e1sra, valamint az oktat\u00e1si-tudom\u00e1nyos d\u00e9k\u00e1nhelyettesi megb\u00edz\u00e1sra be\u00e9rkezett p\u00e1ly\u00e1zatok v\u00e9lem\u00e9nyez\u00e9s\u00e9r\u0151l<\/a><\/li>\n<li style=\"text-align: justify\"><a href=\"https:\/\/semmelweis.hu\/jogigfoig\/files\/2018\/07\/75_2018_VI_28_sz_hat.pdf\">A Semmelweis Egyetem Szen\u00e1tus\u00e1nak 75\/2018. (VI.28.) sz\u00e1m\u00fa hat\u00e1rozata a Gy\u00f3gyszer\u00e9sztudom\u00e1nyi Kar Gy\u00f3gyszerhat\u00e1stani Int\u00e9zet igazgat\u00f3i megb\u00edz\u00e1s\u00e1ra be\u00e9rkezett p\u00e1ly\u00e1zat v\u00e9lem\u00e9nyez\u00e9s\u00e9r\u0151l<\/a><\/li>\n<li style=\"text-align: justify\"><a href=\"https:\/\/semmelweis.hu\/jogigfoig\/files\/2018\/07\/76_2018_VI_28_sz_hat.pdf\">A Semmelweis Egyetem Szen\u00e1tus\u00e1nak 76\/2018. (VI.28.) sz\u00e1m\u00fa hat\u00e1rozata az Eg\u00e9szs\u00e9g\u00fcgyi K\u00f6zszolg\u00e1lati Kar Ment\u00e1lhigi\u00e9n\u00e9 Int\u00e9zet igazgat\u00f3i megb\u00edz\u00e1s\u00e1ra be\u00e9rkezett p\u00e1ly\u00e1zat v\u00e9lem\u00e9nyez\u00e9s\u00e9r\u0151l<\/a><\/li>\n<li style=\"text-align: justify\"><a href=\"https:\/\/semmelweis.hu\/jogigfoig\/files\/2018\/07\/77_2018_VI_28_sz_hat.pdf\">A Semmelweis Egyetem Szen\u00e1tus\u00e1nak 77\/2018. (VI.28.) sz\u00e1m\u00fa hat\u00e1rozata a Pet\u0151 Andr\u00e1s Kar Hum\u00e1ntudom\u00e1nyi Int\u00e9zet igazgat\u00f3i megb\u00edz\u00e1s\u00e1ra be\u00e9rkezett p\u00e1ly\u00e1zat v\u00e9lem\u00e9nyez\u00e9s\u00e9r\u0151l<\/a><\/li>\n<li style=\"text-align: justify\"><a href=\"https:\/\/semmelweis.hu\/jogigfoig\/files\/2018\/07\/78_2018_VI_28_sz_hat.pdf\">A Semmelweis Egyetem Szen\u00e1tus\u00e1nak 78\/2018. (VI.28.) sz\u00e1m\u00fa hat\u00e1rozata a Kondukt\u00edv Pedag\u00f3giai K\u00f6zpont igazgat\u00f3i megb\u00edz\u00e1s\u00e1ra be\u00e9rkezett p\u00e1ly\u00e1zat v\u00e9lem\u00e9nyez\u00e9s\u00e9r\u0151l<\/a><\/li>\n<li style=\"text-align: justify\"><a href=\"https:\/\/semmelweis.hu\/jogigfoig\/files\/2018\/07\/79_2018_VI_28_sz_hat.pdf\">A Semmelweis Egyetem Szen\u00e1tus\u00e1nak 79\/2018. (VI.28.) sz\u00e1m\u00fa hat\u00e1rozata Nyelvi Kommunik\u00e1ci\u00f3s Igazgat\u00f3s\u00e1g igazgat\u00f3i megb\u00edz\u00e1s\u00e1ra be\u00e9rkezett p\u00e1ly\u00e1zatok v\u00e9lem\u00e9nyez\u00e9s\u00e9r\u0151l<\/a><\/li>\n<li style=\"text-align: justify\"><a href=\"https:\/\/semmelweis.hu\/jogigfoig\/files\/2018\/07\/80_2018_VI_28_sz_hat.pdf\">A Semmelweis Egyetem Szen\u00e1tus\u00e1nak 80\/2018. (VI.28.) sz\u00e1m\u00fa hat\u00e1rozata az \u00c1ltal\u00e1nos Orvostudom\u00e1nyi Kar I. sz. Gyermekgy\u00f3gy\u00e1szati Klinik\u00e1j\u00e1n kutat\u00f3professzori munkak\u00f6r ell\u00e1t\u00e1s\u00e1ra be\u00e9rkezett p\u00e1ly\u00e1zat v\u00e9lem\u00e9nyez\u00e9s\u00e9r\u0151l<\/a><\/li>\n<li style=\"text-align: justify\"><a href=\"https:\/\/semmelweis.hu\/jogigfoig\/files\/2018\/07\/81_2018_VI_28_sz_hat.pdf\">A Semmelweis Egyetem Szen\u00e1tus\u00e1nak 81\/2018. (VI.28.) sz\u00e1m\u00fa hat\u00e1rozata a hum\u00e1ner\u0151forr\u00e1s-megtart\u00e1si \u00e9s -fejleszt\u00e9si koncepci\u00f3 v\u00e9grehajt\u00e1s\u00e1nak folytat\u00e1s\u00e1r\u00f3l<\/a><\/li>\n<li><a href=\"https:\/\/semmelweis.hu\/jogigfoig\/files\/2018\/06\/82_2018_VI28_sz_hat_Iskolakezdesitamogatas.pdf\">A Semmelweis Egyetem Szen\u00e1tus\u00e1nak 82\/2018. (VI.28.) hat\u00e1rozata a 2018. \u00e9vi iskolakezd\u00e9si t\u00e1mogat\u00e1s meghat\u00e1roz\u00e1s\u00e1r\u00f3l<\/a><\/li>\n<li>\n<p>A Semmelweis Egyetem Szen\u00e1tus\u00e1nak 83\/2018. (VI. 28) sz\u00e1m\u00fa hat\u00e1rozat a Szervezeti \u00e9s M\u0171k\u00f6d\u00e9si Szab\u00e1lyzat \u201eProfesszorok Semmelweis Koll\u00e9giuma\u201d l\u00e9trehoz\u00e1s\u00e1val kapcsolatos m\u00f3dos\u00edt\u00e1s\u00e1nak elfogad\u00e1s\u00e1r\u00f3l<\/p>\n<p><strong>\u201cA Szen\u00e1tus hat\u00e1rozata a kancell\u00e1ri egyet\u00e9rt\u00e9s meg nem ad\u00e1sa miatt nem l\u00e9p hat\u00e1lyba.\u201d<\/strong><\/p>\n<\/li>\n<li style=\"text-align: justify\"><a href=\"https:\/\/semmelweis.hu\/jogigfoig\/files\/2018\/07\/84_2018_VI_28_sz_hat.pdf\">A Semmelweis Egyetem Szen\u00e1tus\u00e1nak 84\/2018. (VI.28) sz\u00e1m\u00fa hat\u00e1rozata a \u201eNeurotraumatol\u00f3giai Tansz\u00e9ki Csoport\u201d l\u00e9trehoz\u00e1s\u00e1r\u00f3l a Traumatol\u00f3giai Tansz\u00e9khez rendelten 2 kihelyezett r\u00e9szleg megalak\u00edt\u00e1s\u00e1val c\u00edm\u0171 el\u0151terjeszt\u00e9s elfogad\u00e1s\u00e1r\u00f3l<\/a><\/li>\n<li style=\"text-align: justify\"><a href=\"https:\/\/semmelweis.hu\/jogigfoig\/files\/2018\/07\/85_2018_VI_28_sz_hat.pdf\">A Semmelweis Egyetem Szen\u00e1tus\u00e1nak 85\/2018. (VI.28) sz\u00e1m\u00fa hat\u00e1rozata az \u00c1ltal\u00e1nos Orvostudom\u00e1nyi Kar Tanulm\u00e1nyi K\u00f6vetelm\u00e9nyrendszer\u00e9r\u0151l<\/a><\/li>\n<li style=\"text-align: justify\"><a href=\"https:\/\/semmelweis.hu\/jogigfoig\/files\/2018\/07\/86_2018_VI_28_sz_hat.pdf\">A Semmelweis Egyetem Szen\u00e1tus\u00e1nak 86\/2018. (VI.28) sz\u00e1m\u00fa hat\u00e1rozata az \u00c1ltal\u00e1nos Orvostudom\u00e1nyi Kar Neurol\u00f3giai Klinika Neurol\u00f3giai szakgy\u00f3gytorn\u00e1sz szakir\u00e1ny\u00fa tov\u00e1bbk\u00e9pz\u00e9si szak ind\u00edt\u00e1s\u00e1r\u00f3l a m\u00f3dos\u00edtott k\u00e9pz\u00e9si \u00e9s kimeneti k\u00f6vetelm\u00e9nyekkel<\/a><\/li>\n<li style=\"text-align: justify\"><a href=\"https:\/\/semmelweis.hu\/jogigfoig\/files\/2018\/06\/87_2018_VI28_sz_hat_gyogyszerkepz_minoseg.pdf\">A Semmelweis Egyetem Szen\u00e1tus\u00e1nak 87\/2018. (VI.28) sz\u00e1m\u00fa hat\u00e1rozata GY\u00d3GYSZERGY\u00c1RT\u00c1S \u00c9S \u2013NAGYKERESKEDELEM MIN\u0150S\u00c9GBIZTOS\u00cdT\u00c1SA szakir\u00e1ny\u00fa tov\u00e1bbk\u00e9pz\u00e9si szak ind\u00edt\u00e1s\u00e1r\u00f3l a Gy\u00f3gyszer\u00e9sztudom\u00e1nyi Karon<\/a><\/li>\n<li style=\"text-align: justify\"><a href=\"https:\/\/semmelweis.hu\/jogigfoig\/files\/2018\/07\/88_2018_VI_28_sz_hat.pdf\">A Semmelweis Egyetem Szen\u00e1tus\u00e1nak 88\/2018. (VI.28.) sz\u00e1m\u00fa hat\u00e1rozata a Gy\u00f3gyszer\u00e9sztudom\u00e1nyi Karon m\u0171k\u00f6d\u0151, Szen\u00e1tus \u00e1ltal l\u00e9trehozott \u00e1lland\u00f3 Bizotts\u00e1gok \u00fcgyrendj\u00e9nek j\u00f3v\u00e1hagy\u00e1s\u00e1r\u00f3l<\/a>\n<ul>\n<li><a href=\"https:\/\/semmelweis.hu\/jogigfoig\/files\/2018\/07\/SzMR_M04.pdf\">Semmelweis Egyetem Gy\u00f3gyszer\u00e9sztudom\u00e1nyi Kar Etikai \u00e9s Fegyelmi Bizotts\u00e1g Bizotts\u00e1gi \u00dcgyrendje<\/a><\/li>\n<li><a href=\"https:\/\/semmelweis.hu\/jogigfoig\/files\/2018\/07\/SzMR_M05.pdf\">Semmelweis Egyetem Gy\u00f3gyszer\u00e9sztudom\u00e1nyi Kar Kredit\u00e1tviteli Bizotts\u00e1g Bizotts\u00e1gi \u00dcgyrendje<\/a><\/li>\n<li><a href=\"https:\/\/semmelweis.hu\/jogigfoig\/files\/2018\/07\/SzMR_M06.pdf\">Semmelweis Egyetem Gy\u00f3gyszer\u00e9sztudom\u00e1nyi Kar Tanulm\u00e1nyi \u00e9s Vizsgabizotts\u00e1g Bizotts\u00e1gi \u00dcgyrendje<\/a><\/li>\n<li><a href=\"https:\/\/semmelweis.hu\/jogigfoig\/files\/2018\/07\/SzMR_M07.pdf\">Semmelweis Egyetem Gy\u00f3gyszer\u00e9sztudom\u00e1nyi Kar Szoci\u00e1lis \u00e9s Es\u00e9lyegyenl\u0151s\u00e9gi Bizotts\u00e1g Bizotts\u00e1gi \u00dcgyrendje<\/a><\/li>\n<\/ul>\n<\/li>\n<li style=\"text-align: justify\"><a href=\"https:\/\/semmelweis.hu\/jogigfoig\/files\/2018\/07\/89_2018_VI_28_sz_hat.pdf\">A Semmelweis Egyetem Szen\u00e1tus\u00e1nak 89\/2018 (VI.28.) sz\u00e1m\u00fa hat\u00e1rozata az Eg\u00e9szs\u00e9g\u00fcgyi K\u00f6zszolg\u00e1lati Karhoz tartoz\u00f3 egyes k\u00e9pz\u00e9sek mintatanterveinek m\u00f3dos\u00edt\u00e1s\u00e1r\u00f3l<\/a><\/li>\n<li style=\"text-align: justify\"><a href=\"https:\/\/semmelweis.hu\/jogigfoig\/files\/2018\/07\/90_2018_VI_28_sz_hat.pdf\">A Semmelweis Egyetem Szen\u00e1tus\u00e1nak 90\/2018. (VI.28) sz\u00e1m\u00fa hat\u00e1rozata A Szen\u00e1tus \u00e1ltal l\u00e9trehozott, az Eg\u00e9szs\u00e9g\u00fcgyi K\u00f6zszolg\u00e1lati Karon m\u0171k\u00f6d\u0151 \u00e1lland\u00f3 bizotts\u00e1gok \u00fcgyrendj\u00e9r\u0151l<\/a>\n<ul>\n<li><a href=\"https:\/\/semmelweis.hu\/jogigfoig\/files\/2018\/07\/EKKCKOB_ugyrend_2018_06.pdf\">Semmelweis Egyetem Eg\u00e9szs\u00e9g\u00fcgyi K\u00f6zszolg\u00e1lati Kar Curriculum, Kredit\u00e1tviteli \u00e9s Oktat\u00e1si Bizotts\u00e1g Bizotts\u00e1gi \u00dcgyrendje<\/a><\/li>\n<li><a href=\"https:\/\/semmelweis.hu\/jogigfoig\/files\/2018\/07\/EKKEFB_ugyrend_2018_06.pdf\">Semmelweis Egyetem Eg\u00e9szs\u00e9g\u00fcgyi K\u00f6zszolg\u00e1lati Kar Etikai \u00e9s Fegyelmi Bizotts\u00e1g Bizotts\u00e1gi \u00dcgyrendje<\/a><\/li>\n<li><a href=\"https:\/\/semmelweis.hu\/jogigfoig\/files\/2018\/07\/EKKSZEB_ugyrend_2018_06.pdf\">Semmelweis Egyetem Eg\u00e9szs\u00e9g\u00fcgyi K\u00f6zszolg\u00e1lati Kar Szoci\u00e1lis \u00e9s Es\u00e9lyegyenl\u0151s\u00e9gi Bizotts\u00e1g Bizotts\u00e1gi \u00dcgyrendje<\/a><\/li>\n<\/ul>\n<\/li>\n<li style=\"text-align: justify\"><a href=\"https:\/\/semmelweis.hu\/jogigfoig\/files\/2018\/07\/91_2018_VI_28_sz_hat.pdf\">A Semmelweis Egyetem Szen\u00e1tus\u00e1nak 91\/2018. (VI.28.) sz\u00e1m\u00fa hat\u00e1rozata \u00c1pol\u00e1s mesterk\u00e9pz\u00e9si szak k\u00f6z\u00f6ss\u00e9gi szak\u00e1pol\u00f3 specializ\u00e1ci\u00f3 angol nyelv\u0171 tanterv\u00e9nek \u00e9s el\u0151k\u00f6vetelm\u00e9nyi rendj\u00e9nek elfogad\u00e1s\u00e1r\u00f3l<\/a><\/li>\n<li style=\"text-align: justify\"><a href=\"https:\/\/semmelweis.hu\/jogigfoig\/files\/2018\/07\/92_2018_VI_28_sz_hat.pdf\">A Semmelweis Egyetem Szen\u00e1tus\u00e1nak 92\/2018. (VI.28.) sz\u00e1m\u00fa hat\u00e1rozata Sz\u00e9khelyen k\u00edv\u00fcli francia nyelv\u0171 gy\u00f3gytorn\u00e1sz k\u00e9pz\u00e9s ind\u00edt\u00e1s\u00e1r\u00f3l<\/a><\/li>\n<li style=\"text-align: justify\"><a href=\"https:\/\/semmelweis.hu\/jogigfoig\/files\/2018\/07\/93_2018_VI_28_sz_hat.pdf\">A Semmelweis Egyetem Szen\u00e1tus\u00e1nak 93\/2018. (VI.28.) sz\u00e1m\u00fa hat\u00e1rozata a Hallgat\u00f3i \u00d6nkorm\u00e1nyzat Alapszab\u00e1ly\u00e1nak j\u00f3v\u00e1hagy\u00e1s\u00e1r\u00f3l<\/a><\/li>\n<li style=\"text-align: justify\"><a href=\"https:\/\/semmelweis.hu\/jogigfoig\/files\/2018\/07\/N_VI_28_2018_sz_hat.pdf\">A Semmelweis Egyetem Szen\u00e1tus\u00e1nak N-VI.28\/2018. sz\u00e1m\u00fa hat\u00e1rozata a szen\u00e1tusi \u00fcl\u00e9s m\u00f3dos\u00edtott napirendi pontjainak elfogad\u00e1s\u00e1r\u00f3l<\/a><\/li>\n<\/ul>\n<\/li>\n<\/ul>\n","protected":false},"excerpt":{"rendered":"<p><a href=\"https:\/\/semmelweis.hu\/jogigfoig\/files\/2018\/07\/69_2018_VI_28_sz_hat.pdf\">A Semmelweis Egyetem Szen\u00e1tus\u00e1nak 69\/2018. ( VI.28.) sz\u00e1m\u00fa hat\u00e1rozata a Doctor Honoris Causa c\u00edm adom\u00e1nyoz\u00e1s\u00e1r\u00f3l<\/a> <a href=\"https:\/\/semmelweis.hu\/jogigfoig\/files\/2018\/11\/70_2018-VI.28.-sz_hat_SZMSZ-m\u00f3dos\u00edt\u00e1s.pdf\">A Semmelweis Egyetem\u00a0Szen\u00e1tus\u00e1nak\u00a070\/2018. (VI. 28.) sz\u00e1m\u00fa hat\u00e1rozata\u00a0a Semmelweis Egyetem Szervezeti \u00e9s M\u0171k\u00f6d\u00e9si Szab\u00e1lyzat III. R\u00c9SZ Hallgat\u00f3i k\u00f6vetelm\u00e9nyrendszer III. fejezet az Egyetem Kreditrendszer\u0171 Tanulm\u00e1nyi \u00e9s Vizsgaszab\u00e1lyzat\u00e1r\u00f3l (a hallgat\u00f3i tanulm\u00e1nyi rend \u00e9s az ismeretek, k\u00e9szs\u00e9gek \u00e9s k\u00e9pess\u00e9gek elsaj\u00e1t\u00edt\u00e1s\u00e1nak, megszerz\u00e9s\u00e9nek, ellen\u0151rz\u00e9s\u00e9nek rendje) III\/I. az \u00c1ltal\u00e1nos Orvostudom\u00e1nyi Kar, a Fogorvostudom\u00e1nyi Kar, \u00e9s a Gy\u00f3gyszer\u00e9sztudom\u00e1nyi Kar Kreditrendszer\u0171 Tanulm\u00e1nyi \u00e9s Vizsgaszab\u00e1lyzat\u00e1nak egyes rendelkez\u00e9seinek m\u00f3dos\u00edt\u00e1s\u00e1r\u00f3l<\/a> <a href=\"https:\/\/semmelweis.hu\/jogigfoig\/files\/2018\/07\/71_2018_VI_28_sz_hat.pdf\">A Semmelweis Egyetem Szen\u00e1tus\u00e1nak 71\/2018. (VI.28.) sz\u00e1m\u00fa hat\u00e1rozata A Szervezeti \u00e9s M\u0171k\u00f6d\u00e9si Szab\u00e1lyzat III. r\u00e9sz II. fejezet A hallgat\u00f3i jogviszonnyal kapcsolatosan beny\u00fajtott k\u00e9relmek elb\u00edr\u00e1s\u00e1r\u00f3l sz\u00f3l\u00f3 szab\u00e1lyzat elfogad\u00e1s\u00e1r\u00f3l<\/a> <a href=\"https:\/\/semmelweis.hu\/jogigfoig\/files\/2018\/07\/71_2018_VI_28_sz_hat_melleklete.docx\">71\/2018. (VI.28.) sz\u00e1m\u00fa hat\u00e1rozat mell\u00e9klete<\/a> <a href=\"https:\/\/semmelweis.hu\/jogigfoig\/files\/2018\/07\/72_2018_VI_28_sz_hat.pdf\">A Semmelweis Egyetem Szen\u00e1tus\u00e1nak 72\/2018. (VI.28.) sz\u00e1m\u00fa hat\u00e1rozata a Semmelweis Egyetem rektorhelyettesi magasabb vezet\u0151i megb\u00edz\u00e1saira be\u00e9rkezett p\u00e1ly\u00e1zatok v\u00e9lem\u00e9nyez\u00e9s\u00e9r\u0151l<\/a> <a href=\"https:\/\/semmelweis.hu\/jogigfoig\/files\/2018\/07\/73_2018_VI_28_sz_hat.pdf\">Semmelweis Egyetem Szen\u00e1tus\u00e1nak 73\/2018. (VI.28. ) hat\u00e1rozata a Semmelweis Egyetem rektorhelyetteseinek szen\u00e1tusi tagg\u00e1 v\u00e1laszt\u00e1s\u00e1r\u00f3l<\/a> <a href=\"https:\/\/semmelweis.hu\/jogigfoig\/files\/2018\/07\/74_2018_VI_28_sz_hat.pdf\">A Semmelweis Egyetem Szen\u00e1tus\u00e1nak 74\/2018. (VI.28.) sz\u00e1m\u00fa hat\u00e1rozata az Eg\u00e9szs\u00e9g\u00fcgyi K\u00f6zszolg\u00e1lati Kar strat\u00e9giai d\u00e9k\u00e1nhelyettesi megb\u00edz\u00e1sra, valamint az oktat\u00e1si-tudom\u00e1nyos d\u00e9k\u00e1nhelyettesi megb\u00edz\u00e1sra be\u00e9rkezett p\u00e1ly\u00e1zatok v\u00e9lem\u00e9nyez\u00e9s\u00e9r\u0151l<\/a> <a href=\"https:\/\/semmelweis.hu\/jogigfoig\/files\/2018\/07\/75_2018_VI_28_sz_hat.pdf\">A Semmelweis Egyetem Szen\u00e1tus\u00e1nak 75\/2018. (VI.28.) sz\u00e1m\u00fa hat\u00e1rozata a Gy\u00f3gyszer\u00e9sztudom\u00e1nyi Kar Gy\u00f3gyszerhat\u00e1stani Int\u00e9zet igazgat\u00f3i megb\u00edz\u00e1s\u00e1ra be\u00e9rkezett p\u00e1ly\u00e1zat v\u00e9lem\u00e9nyez\u00e9s\u00e9r\u0151l<\/a> <a href=\"https:\/\/semmelweis.hu\/jogigfoig\/files\/2018\/07\/76_2018_VI_28_sz_hat.pdf\">A Semmelweis Egyetem Szen\u00e1tus\u00e1nak 76\/2018. (VI.28.) sz\u00e1m\u00fa hat\u00e1rozata az Eg\u00e9szs\u00e9g\u00fcgyi K\u00f6zszolg\u00e1lati Kar Ment\u00e1lhigi\u00e9n\u00e9 Int\u00e9zet igazgat\u00f3i megb\u00edz\u00e1s\u00e1ra be\u00e9rkezett p\u00e1ly\u00e1zat v\u00e9lem\u00e9nyez\u00e9s\u00e9r\u0151l<\/a> <a href=\"https:\/\/semmelweis.hu\/jogigfoig\/files\/2018\/07\/77_2018_VI_28_sz_hat.pdf\">A Semmelweis Egyetem Szen\u00e1tus\u00e1nak 77\/2018. (VI.28.) sz\u00e1m\u00fa hat\u00e1rozata a Pet\u0151 Andr\u00e1s Kar Hum\u00e1ntudom\u00e1nyi Int\u00e9zet igazgat\u00f3i megb\u00edz\u00e1s\u00e1ra be\u00e9rkezett p\u00e1ly\u00e1zat v\u00e9lem\u00e9nyez\u00e9s\u00e9r\u0151l<\/a> <a href=\"https:\/\/semmelweis.hu\/jogigfoig\/files\/2018\/07\/78_2018_VI_28_sz_hat.pdf\">A Semmelweis Egyetem Szen\u00e1tus\u00e1nak 78\/2018. (VI.28.) sz\u00e1m\u00fa hat\u00e1rozata a Kondukt\u00edv Pedag\u00f3giai K\u00f6zpont igazgat\u00f3i megb\u00edz\u00e1s\u00e1ra be\u00e9rkezett p\u00e1ly\u00e1zat v\u00e9lem\u00e9nyez\u00e9s\u00e9r\u0151l<\/a> <a href=\"https:\/\/semmelweis.hu\/jogigfoig\/files\/2018\/07\/79_2018_VI_28_sz_hat.pdf\">A Semmelweis Egyetem Szen\u00e1tus\u00e1nak 79\/2018. (VI.28.) sz\u00e1m\u00fa hat\u00e1rozata Nyelvi Kommunik\u00e1ci\u00f3s Igazgat\u00f3s\u00e1g igazgat\u00f3i megb\u00edz\u00e1s\u00e1ra be\u00e9rkezett p\u00e1ly\u00e1zatok v\u00e9lem\u00e9nyez\u00e9s\u00e9r\u0151l<\/a> <a href=\"https:\/\/semmelweis.hu\/jogigfoig\/files\/2018\/07\/80_2018_VI_28_sz_hat.pdf\">A Semmelweis Egyetem Szen\u00e1tus\u00e1nak 80\/2018. (VI.28.) sz\u00e1m\u00fa hat\u00e1rozata az \u00c1ltal\u00e1nos Orvostudom\u00e1nyi Kar I. sz. Gyermekgy\u00f3gy\u00e1szati Klinik\u00e1j\u00e1n kutat\u00f3professzori munkak\u00f6r ell\u00e1t\u00e1s\u00e1ra be\u00e9rkezett p\u00e1ly\u00e1zat v\u00e9lem\u00e9nyez\u00e9s\u00e9r\u0151l<\/a> <a href=\"https:\/\/semmelweis.hu\/jogigfoig\/files\/2018\/07\/81_2018_VI_28_sz_hat.pdf\">A Semmelweis Egyetem Szen\u00e1tus\u00e1nak 81\/2018. (VI.28.) sz\u00e1m\u00fa hat\u00e1rozata a hum\u00e1ner\u0151forr\u00e1s-megtart\u00e1si \u00e9s -fejleszt\u00e9si koncepci\u00f3 v\u00e9grehajt\u00e1s\u00e1nak folytat\u00e1s\u00e1r\u00f3l<\/a> <a href=\"https:\/\/semmelweis.hu\/jogigfoig\/files\/2018\/06\/82_2018_VI28_sz_hat_Iskolakezdesitamogatas.pdf\">A Semmelweis Egyetem Szen\u00e1tus\u00e1nak 82\/2018. (VI.28.) hat\u00e1rozata a 2018. \u00e9vi iskolakezd\u00e9si t\u00e1mogat\u00e1s meghat\u00e1roz\u00e1s\u00e1r\u00f3l<\/a> A Semmelweis Egyetem Szen\u00e1tus\u00e1nak 83\/2018. (VI. 28) sz\u00e1m\u00fa hat\u00e1rozat a Szervezeti \u00e9s M\u0171k\u00f6d\u00e9si Szab\u00e1lyzat \u201eProfesszorok Semmelweis Koll\u00e9giuma\u201d l\u00e9trehoz\u00e1s\u00e1val kapcsolatos m\u00f3dos\u00edt\u00e1s\u00e1nak elfogad\u00e1s\u00e1r\u00f3l \u201cA Szen\u00e1tus hat\u00e1rozata a kancell\u00e1ri egyet\u00e9rt\u00e9s meg nem ad\u00e1sa miatt nem l\u00e9p hat\u00e1lyba.\u201d <a href=\"https:\/\/semmelweis.hu\/jogigfoig\/files\/2018\/07\/84_2018_VI_28_sz_hat.pdf\">A Semmelweis Egyetem Szen\u00e1tus\u00e1nak 84\/2018. (VI.28) sz\u00e1m\u00fa hat\u00e1rozata a \u201eNeurotraumatol\u00f3giai Tansz\u00e9ki Csoport\u201d l\u00e9trehoz\u00e1s\u00e1r\u00f3l a Traumatol\u00f3giai Tansz\u00e9khez rendelten 2 kihelyezett r\u00e9szleg megalak\u00edt\u00e1s\u00e1val c\u00edm\u0171 el\u0151terjeszt\u00e9s elfogad\u00e1s\u00e1r\u00f3l<\/a> <a href=\"https:\/\/semmelweis.hu\/jogigfoig\/files\/2018\/07\/85_2018_VI_28_sz_hat.pdf\">A Semmelweis Egyetem Szen\u00e1tus\u00e1nak 85\/2018. (VI.28) sz\u00e1m\u00fa hat\u00e1rozata az \u00c1ltal\u00e1nos Orvostudom\u00e1nyi Kar Tanulm\u00e1nyi K\u00f6vetelm\u00e9nyrendszer\u00e9r\u0151l<\/a> <a href=\"https:\/\/semmelweis.hu\/jogigfoig\/files\/2018\/07\/86_2018_VI_28_sz_hat.pdf\">A Semmelweis Egyetem Szen\u00e1tus\u00e1nak 86\/2018. (VI.28) sz\u00e1m\u00fa hat\u00e1rozata az \u00c1ltal\u00e1nos Orvostudom\u00e1nyi Kar Neurol\u00f3giai Klinika Neurol\u00f3giai szakgy\u00f3gytorn\u00e1sz szakir\u00e1ny\u00fa tov\u00e1bbk\u00e9pz\u00e9si szak ind\u00edt\u00e1s\u00e1r\u00f3l a m\u00f3dos\u00edtott k\u00e9pz\u00e9si \u00e9s kimeneti k\u00f6vetelm\u00e9nyekkel<\/a> <a href=\"https:\/\/semmelweis.hu\/jogigfoig\/files\/2018\/06\/87_2018_VI28_sz_hat_gyogyszerkepz_minoseg.pdf\">A Semmelweis Egyetem Szen\u00e1tus\u00e1nak 87\/2018. (VI.28) sz\u00e1m\u00fa hat\u00e1rozata GY\u00d3GYSZERGY\u00c1RT\u00c1S \u00c9S \u2013NAGYKERESKEDELEM MIN\u0150S\u00c9GBIZTOS\u00cdT\u00c1SA szakir\u00e1ny\u00fa tov\u00e1bbk\u00e9pz\u00e9si szak ind\u00edt\u00e1s\u00e1r\u00f3l a Gy\u00f3gyszer\u00e9sztudom\u00e1nyi Karon<\/a> <a href=\"https:\/\/semmelweis.hu\/jogigfoig\/files\/2018\/07\/88_2018_VI_28_sz_hat.pdf\">A Semmelweis Egyetem Szen\u00e1tus\u00e1nak 88\/2018. (VI.28.) sz\u00e1m\u00fa hat\u00e1rozata a Gy\u00f3gyszer\u00e9sztudom\u00e1nyi Karon m\u0171k\u00f6d\u0151, Szen\u00e1tus \u00e1ltal l\u00e9trehozott \u00e1lland\u00f3 Bizotts\u00e1gok \u00fcgyrendj\u00e9nek j\u00f3v\u00e1hagy\u00e1s\u00e1r\u00f3l<\/a> <a href=\"https:\/\/semmelweis.hu\/jogigfoig\/files\/2018\/07\/SzMR_M04.pdf\">Semmelweis Egyetem Gy\u00f3gyszer\u00e9sztudom\u00e1nyi Kar Etikai \u00e9s Fegyelmi Bizotts\u00e1g Bizotts\u00e1gi \u00dcgyrendje<\/a> <a href=\"https:\/\/semmelweis.hu\/jogigfoig\/files\/2018\/07\/SzMR_M05.pdf\">Semmelweis Egyetem Gy\u00f3gyszer\u00e9sztudom\u00e1nyi Kar Kredit\u00e1tviteli Bizotts\u00e1g Bizotts\u00e1gi \u00dcgyrendje<\/a> <a href=\"https:\/\/semmelweis.hu\/jogigfoig\/files\/2018\/07\/SzMR_M06.pdf\">Semmelweis Egyetem Gy\u00f3gyszer\u00e9sztudom\u00e1nyi Kar Tanulm\u00e1nyi \u00e9s Vizsgabizotts\u00e1g Bizotts\u00e1gi \u00dcgyrendje<\/a> <a href=\"https:\/\/semmelweis.hu\/jogigfoig\/files\/2018\/07\/SzMR_M07.pdf\">Semmelweis Egyetem Gy\u00f3gyszer\u00e9sztudom\u00e1nyi Kar Szoci\u00e1lis \u00e9s Es\u00e9lyegyenl\u0151s\u00e9gi Bizotts\u00e1g Bizotts\u00e1gi \u00dcgyrendje<\/a> <a href=\"https:\/\/semmelweis.hu\/jogigfoig\/files\/2018\/07\/89_2018_VI_28_sz_hat.pdf\">A Semmelweis Egyetem Szen\u00e1tus\u00e1nak 89\/2018 (VI.28.) sz\u00e1m\u00fa hat\u00e1rozata az Eg\u00e9szs\u00e9g\u00fcgyi K\u00f6zszolg\u00e1lati Karhoz tartoz\u00f3 egyes k\u00e9pz\u00e9sek mintatanterveinek m\u00f3dos\u00edt\u00e1s\u00e1r\u00f3l<\/a> <a href=\"https:\/\/semmelweis.hu\/jogigfoig\/files\/2018\/07\/90_2018_VI_28_sz_hat.pdf\">A Semmelweis Egyetem Szen\u00e1tus\u00e1nak 90\/2018. (VI.28) sz\u00e1m\u00fa hat\u00e1rozata A Szen\u00e1tus \u00e1ltal l\u00e9trehozott, az Eg\u00e9szs\u00e9g\u00fcgyi K\u00f6zszolg\u00e1lati Karon m\u0171k\u00f6d\u0151 \u00e1lland\u00f3 bizotts\u00e1gok \u00fcgyrendj\u00e9r\u0151l<\/a> <a href=\"https:\/\/semmelweis.hu\/jogigfoig\/files\/2018\/07\/EKKCKOB_ugyrend_2018_06.pdf\">Semmelweis Egyetem Eg\u00e9szs\u00e9g\u00fcgyi K\u00f6zszolg\u00e1lati Kar Curriculum, Kredit\u00e1tviteli \u00e9s Oktat\u00e1si Bizotts\u00e1g Bizotts\u00e1gi \u00dcgyrendje<\/a> <a href=\"https:\/\/semmelweis.hu\/jogigfoig\/files\/2018\/07\/EKKEFB_ugyrend_2018_06.pdf\">Semmelweis Egyetem Eg\u00e9szs\u00e9g\u00fcgyi K\u00f6zszolg\u00e1lati Kar Etikai \u00e9s Fegyelmi Bizotts\u00e1g Bizotts\u00e1gi \u00dcgyrendje<\/a> <a href=\"https:\/\/semmelweis.hu\/jogigfoig\/files\/2018\/07\/EKKSZEB_ugyrend_2018_06.pdf\">Semmelweis Egyetem Eg\u00e9szs\u00e9g\u00fcgyi K\u00f6zszolg\u00e1lati Kar Szoci\u00e1lis \u00e9s Es\u00e9lyegyenl\u0151s\u00e9gi Bizotts\u00e1g Bizotts\u00e1gi \u00dcgyrendje<\/a> <a href=\"https:\/\/semmelweis.hu\/jogigfoig\/files\/2018\/07\/91_2018_VI_28_sz_hat.pdf\">A Semmelweis Egyetem Szen\u00e1tus\u00e1nak 91\/2018. (VI.28.) sz\u00e1m\u00fa hat\u00e1rozata \u00c1pol\u00e1s mesterk\u00e9pz\u00e9si szak k\u00f6z\u00f6ss\u00e9gi szak\u00e1pol\u00f3 specializ\u00e1ci\u00f3 angol nyelv\u0171 tanterv\u00e9nek \u00e9s el\u0151k\u00f6vetelm\u00e9nyi rendj\u00e9nek elfogad\u00e1s\u00e1r\u00f3l<\/a> <a href=\"https:\/\/semmelweis.hu\/jogigfoig\/files\/2018\/07\/92_2018_VI_28_sz_hat.pdf\">A Semmelweis Egyetem Szen\u00e1tus\u00e1nak 92\/2018. (VI.28.) sz\u00e1m\u00fa hat\u00e1rozata Sz\u00e9khelyen k\u00edv\u00fcli francia nyelv\u0171 gy\u00f3gytorn\u00e1sz k\u00e9pz\u00e9s ind\u00edt\u00e1s\u00e1r\u00f3l<\/a> <a href=\"https:\/\/semmelweis.hu\/jogigfoig\/files\/2018\/07\/93_2018_VI_28_sz_hat.pdf\">A Semmelweis Egyetem Szen\u00e1tus\u00e1nak 93\/2018. (VI.28.) sz\u00e1m\u00fa hat\u00e1rozata a Hallgat\u00f3i \u00d6nkorm\u00e1nyzat Alapszab\u00e1ly\u00e1nak j\u00f3v\u00e1hagy\u00e1s\u00e1r\u00f3l<\/a> &hellip;<\/p>\n","protected":false},"author":101117,"featured_media":0,"parent":10434,"menu_order":7,"comment_status":"closed","ping_status":"closed","template":"","meta":{"_acf_changed":false,"footnotes":""},"categories":[],"tags":[],"class_list":["post-71105","page","type-page","status-publish","hentry"],"acf":[],"_links":{"self":[{"href":"https:\/\/semmelweis.hu\/jogigfoig\/wp-json\/wp\/v2\/pages\/71105","targetHints":{"allow":["GET"]}}],"collection":[{"href":"https:\/\/semmelweis.hu\/jogigfoig\/wp-json\/wp\/v2\/pages"}],"about":[{"href":"https:\/\/semmelweis.hu\/jogigfoig\/wp-json\/wp\/v2\/types\/page"}],"author":[{"embeddable":true,"href":"https:\/\/semmelweis.hu\/jogigfoig\/wp-json\/wp\/v2\/users\/101117"}],"replies":[{"embeddable":true,"href":"https:\/\/semmelweis.hu\/jogigfoig\/wp-json\/wp\/v2\/comments?post=71105"}],"version-history":[{"count":10,"href":"https:\/\/semmelweis.hu\/jogigfoig\/wp-json\/wp\/v2\/pages\/71105\/revisions"}],"predecessor-version":[{"id":72035,"href":"https:\/\/semmelweis.hu\/jogigfoig\/wp-json\/wp\/v2\/pages\/71105\/revisions\/72035"}],"up":[{"embeddable":true,"href":"https:\/\/semmelweis.hu\/jogigfoig\/wp-json\/wp\/v2\/pages\/10434"}],"wp:attachment":[{"href":"https:\/\/semmelweis.hu\/jogigfoig\/wp-json\/wp\/v2\/media?parent=71105"}],"wp:term":[{"taxonomy":"category","embeddable":true,"href":"https:\/\/semmelweis.hu\/jogigfoig\/wp-json\/wp\/v2\/categories?post=71105"},{"taxonomy":"post_tag","embeddable":true,"href":"https:\/\/semmelweis.hu\/jogigfoig\/wp-json\/wp\/v2\/tags?post=71105"}],"curies":[{"name":"wp","href":"https:\/\/api.w.org\/{rel}","templated":true}]}}