{"id":71003,"date":"2018-06-06T15:27:10","date_gmt":"2018-06-06T13:27:10","guid":{"rendered":"http:\/\/semmelweis.hu\/jogigfoig\/?page_id=71003"},"modified":"2018-06-06T15:27:10","modified_gmt":"2018-06-06T13:27:10","slug":"63-2018-v-31-sz-sz-hat-egyetemi-aok-fok-etk-pak-bizottsagok-egyseges-ugyrend-melleklet-pak","status":"publish","type":"page","link":"https:\/\/semmelweis.hu\/jogigfoig\/testuletek\/szenatus\/2018-evi-szenatusi-hatarozatok\/2018-majus-31\/63-2018-v-31-sz-sz-hat-egyetemi-aok-fok-etk-pak-bizottsagok-egyseges-ugyrend-melleklet-pak\/","title":{"rendered":"63\/2018. (V. 31.) sz. SZ hat. Egyetemi, \u00c1OK, FOK, ETK, PAK Bizotts\u00e1gok egys\u00e9ges \u00fcgyrend mell\u00e9klet &#8211; PAK"},"content":{"rendered":"<ul>\n<li style=\"text-align: justify\"><a href=\"https:\/\/semmelweis.hu\/jogigfoig\/files\/2018\/06\/PAK_EFB.pdf\">A Semmelweis Egyetem Pet\u0151 Andr\u00e1s Kar Etikai \u00e9s Fegyelmi Bizotts\u00e1g\u00e1nak Bizotts\u00e1gi \u00dcgyrendje<\/a><\/li>\n<li style=\"text-align: justify\"><a href=\"https:\/\/semmelweis.hu\/jogigfoig\/files\/2018\/06\/PAK_GYKB.pdf\">A Semmelweis Egyetem Pet\u0151 Andr\u00e1s Kar Gyakorlati K\u00e9pz\u00e9si Bizotts\u00e1g\u00e1nak Bizotts\u00e1gi \u00dcgyrendje<\/a><\/li>\n<li style=\"text-align: justify\"><a href=\"https:\/\/semmelweis.hu\/jogigfoig\/files\/2018\/06\/PAK_KAB.pdf\">A Semmelweis Egyetem Pet\u0151 Andr\u00e1s Kar Kredit\u00e1tviteli Bizotts\u00e1g\u00e1nak Bizotts\u00e1gi \u00dcgyrendje<\/a><\/li>\n<li style=\"text-align: justify\"><a href=\"https:\/\/semmelweis.hu\/jogigfoig\/files\/2018\/06\/PAK_KKB.pdf\">A Semmelweis Egyetem Pet\u0151 Andr\u00e1s Kar Kiad\u00f3i \u00e9s K\u00f6nyvt\u00e1r Bizotts\u00e1g\u00e1nak Bizotts\u00e1gi \u00dcgyrendje<\/a><\/li>\n<li style=\"text-align: justify\"><a href=\"https:\/\/semmelweis.hu\/jogigfoig\/files\/2018\/06\/PAK_SZEB.pdf\">A Semmelweis Egyetem Pet\u0151 Andr\u00e1s Kar Szoci\u00e1lis \u00e9s Es\u00e9lyegyenl\u0151s\u00e9gi Bizotts\u00e1g\u00e1nak Bizotts\u00e1gi \u00dcgyrendje<\/a><\/li>\n<li style=\"text-align: justify\"><a href=\"https:\/\/semmelweis.hu\/jogigfoig\/files\/2018\/06\/PAK_TVB.pdf\">A Semmelweis Egyetem Pet\u0151 Andr\u00e1s Kar Tanulm\u00e1nyi \u00e9s Vizsgabizotts\u00e1g\u00e1nak Bizotts\u00e1gi \u00dcgyrendje<\/a><\/li>\n<\/ul>\n","protected":false},"excerpt":{"rendered":"<p><a href=\"https:\/\/semmelweis.hu\/jogigfoig\/files\/2018\/06\/PAK_EFB.pdf\">A Semmelweis Egyetem Pet\u0151 Andr\u00e1s Kar Etikai \u00e9s Fegyelmi Bizotts\u00e1g\u00e1nak Bizotts\u00e1gi \u00dcgyrendje<\/a><br \/>\n<a href=\"https:\/\/semmelweis.hu\/jogigfoig\/files\/2018\/06\/PAK_GYKB.pdf\">A Semmelweis Egyetem Pet\u0151 Andr\u00e1s Kar Gyakorlati K\u00e9pz\u00e9si Bizotts\u00e1g\u00e1nak Bizotts\u00e1gi \u00dcgyrendje<\/a><br \/>\n<a href=\"https:\/\/semmelweis.hu\/jogigfoig\/files\/2018\/06\/PAK_KAB.pdf\">A Semmelweis Egyetem Pet\u0151 Andr\u00e1s Kar Kredit\u00e1tviteli Bizotts\u00e1g\u00e1nak Bizotts\u00e1gi \u00dcgyrendje<\/a><br \/>\n<a href=\"https:\/\/semmelweis.hu\/jogigfoig\/files\/2018\/06\/PAK_KKB.pdf\">A Semmelweis Egyetem Pet\u0151 Andr\u00e1s Kar Kiad\u00f3i \u00e9s K\u00f6nyvt\u00e1r Bizotts\u00e1g\u00e1nak Bizotts\u00e1gi \u00dcgyrendje<\/a><br \/>\n<a href=\"https:\/\/semmelweis.hu\/jogigfoig\/files\/2018\/06\/PAK_SZEB.pdf\">A Semmelweis Egyetem Pet\u0151 Andr\u00e1s Kar Szoci\u00e1lis \u00e9s Es\u00e9lyegyenl\u0151s\u00e9gi Bizotts\u00e1g\u00e1nak Bizotts\u00e1gi \u00dcgyrendje<\/a><br \/>\n<a href=\"https:\/\/semmelweis.hu\/jogigfoig\/files\/2018\/06\/PAK_TVB.pdf\">A Semmelweis Egyetem Pet\u0151 Andr\u00e1s Kar Tanulm\u00e1nyi \u00e9s Vizsgabizotts\u00e1g\u00e1nak Bizotts\u00e1gi \u00dcgyrendje<\/a><\/p>\n","protected":false},"author":101117,"featured_media":0,"parent":70928,"menu_order":0,"comment_status":"closed","ping_status":"closed","template":"","meta":{"_acf_changed":false,"footnotes":""},"categories":[],"tags":[],"class_list":["post-71003","page","type-page","status-publish","hentry"],"acf":[],"_links":{"self":[{"href":"https:\/\/semmelweis.hu\/jogigfoig\/wp-json\/wp\/v2\/pages\/71003","targetHints":{"allow":["GET"]}}],"collection":[{"href":"https:\/\/semmelweis.hu\/jogigfoig\/wp-json\/wp\/v2\/pages"}],"about":[{"href":"https:\/\/semmelweis.hu\/jogigfoig\/wp-json\/wp\/v2\/types\/page"}],"author":[{"embeddable":true,"href":"https:\/\/semmelweis.hu\/jogigfoig\/wp-json\/wp\/v2\/users\/101117"}],"replies":[{"embeddable":true,"href":"https:\/\/semmelweis.hu\/jogigfoig\/wp-json\/wp\/v2\/comments?post=71003"}],"version-history":[{"count":1,"href":"https:\/\/semmelweis.hu\/jogigfoig\/wp-json\/wp\/v2\/pages\/71003\/revisions"}],"predecessor-version":[{"id":71010,"href":"https:\/\/semmelweis.hu\/jogigfoig\/wp-json\/wp\/v2\/pages\/71003\/revisions\/71010"}],"up":[{"embeddable":true,"href":"https:\/\/semmelweis.hu\/jogigfoig\/wp-json\/wp\/v2\/pages\/70928"}],"wp:attachment":[{"href":"https:\/\/semmelweis.hu\/jogigfoig\/wp-json\/wp\/v2\/media?parent=71003"}],"wp:term":[{"taxonomy":"category","embeddable":true,"href":"https:\/\/semmelweis.hu\/jogigfoig\/wp-json\/wp\/v2\/categories?post=71003"},{"taxonomy":"post_tag","embeddable":true,"href":"https:\/\/semmelweis.hu\/jogigfoig\/wp-json\/wp\/v2\/tags?post=71003"}],"curies":[{"name":"wp","href":"https:\/\/api.w.org\/{rel}","templated":true}]}}