{"id":70997,"date":"2018-06-06T15:22:37","date_gmt":"2018-06-06T13:22:37","guid":{"rendered":"http:\/\/semmelweis.hu\/jogigfoig\/?page_id=70997"},"modified":"2018-06-06T15:22:37","modified_gmt":"2018-06-06T13:22:37","slug":"63-2018-v-31-sz-sz-hat-egyetemi-aok-fok-etk-pak-bizottsagok-egyseges-ugyrend-melleklet-fok","status":"publish","type":"page","link":"https:\/\/semmelweis.hu\/jogigfoig\/testuletek\/szenatus\/2018-evi-szenatusi-hatarozatok\/2018-majus-31\/63-2018-v-31-sz-sz-hat-egyetemi-aok-fok-etk-pak-bizottsagok-egyseges-ugyrend-melleklet-fok\/","title":{"rendered":"63\/2018. (V. 31.) sz. SZ hat. Egyetemi, \u00c1OK, FOK, ETK, PAK Bizotts\u00e1gok egys\u00e9ges \u00fcgyrend mell\u00e9klet &#8211; FOK"},"content":{"rendered":"<ul>\n<li style=\"text-align: justify\"><a href=\"https:\/\/semmelweis.hu\/jogigfoig\/files\/2018\/06\/Etikai_es_Fegyelmi_Bizottsag_FOK.pdf\">A Semmelweis Egyetem Fogorvostudom\u00e1nyi Kar Etikai \u00e9s Fegyelmi Bizotts\u00e1g\u00e1nak Bizotts\u00e1gi \u00dcgyrendje<\/a><\/li>\n<li style=\"text-align: justify\"><a href=\"https:\/\/semmelweis.hu\/jogigfoig\/files\/2018\/06\/Oktatasi_Kredit_es_Kreditatviteli_Bizottsag_FOK.pdf\">A Semmelweis Egyetem Fogorvostudom\u00e1nyi Kar Kredit\u00e1tviteli Bizotts\u00e1g\u00e1nak Bizotts\u00e1gi \u00dcgyrendje<\/a><\/li>\n<li style=\"text-align: justify\"><a href=\"https:\/\/semmelweis.hu\/jogigfoig\/files\/2018\/06\/Szocialis_es_Eselyegyenlosegi_Bizottsag_FOK.pdf\">A Semmelweis Egyetem Fogorvostudom\u00e1nyi Kar Szoci\u00e1lis \u00e9s Es\u00e9lyegyenl\u0151s\u00e9gi Bizotts\u00e1g\u00e1nak Bizotts\u00e1gi \u00dcgyrendje<\/a><\/li>\n<li style=\"text-align: justify\"><a href=\"https:\/\/semmelweis.hu\/jogigfoig\/files\/2018\/06\/Tanulmanyi_es_Vizsga_Bizottsag_FOK.pdf\">A Semmelweis Egyetem Fogorvostudom\u00e1nyi Kar Tanulm\u00e1nyi \u00e9s Vizsgabizotts\u00e1g\u00e1nak Bizotts\u00e1gi \u00dcgyrendje<\/a><\/li>\n<\/ul>\n","protected":false},"excerpt":{"rendered":"<p><a href=\"https:\/\/semmelweis.hu\/jogigfoig\/files\/2018\/06\/Etikai_es_Fegyelmi_Bizottsag_FOK.pdf\">A Semmelweis Egyetem Fogorvostudom\u00e1nyi Kar Etikai \u00e9s Fegyelmi Bizotts\u00e1g\u00e1nak Bizotts\u00e1gi \u00dcgyrendje<\/a><br \/>\n<a href=\"https:\/\/semmelweis.hu\/jogigfoig\/files\/2018\/06\/Oktatasi_Kredit_es_Kreditatviteli_Bizottsag_FOK.pdf\">A Semmelweis Egyetem Fogorvostudom\u00e1nyi Kar Kredit\u00e1tviteli Bizotts\u00e1g\u00e1nak Bizotts\u00e1gi \u00dcgyrendje<\/a><br \/>\n<a href=\"https:\/\/semmelweis.hu\/jogigfoig\/files\/2018\/06\/Szocialis_es_Eselyegyenlosegi_Bizottsag_FOK.pdf\">A Semmelweis Egyetem Fogorvostudom\u00e1nyi Kar Szoci\u00e1lis \u00e9s Es\u00e9lyegyenl\u0151s\u00e9gi Bizotts\u00e1g\u00e1nak Bizotts\u00e1gi \u00dcgyrendje<\/a><br \/>\n<a href=\"https:\/\/semmelweis.hu\/jogigfoig\/files\/2018\/06\/Tanulmanyi_es_Vizsga_Bizottsag_FOK.pdf\">A Semmelweis Egyetem Fogorvostudom\u00e1nyi Kar Tanulm\u00e1nyi \u00e9s Vizsgabizotts\u00e1g\u00e1nak Bizotts\u00e1gi \u00dcgyrendje<\/a><\/p>\n","protected":false},"author":101117,"featured_media":0,"parent":70928,"menu_order":0,"comment_status":"closed","ping_status":"closed","template":"","meta":{"_acf_changed":false,"footnotes":""},"categories":[],"tags":[],"class_list":["post-70997","page","type-page","status-publish","hentry"],"acf":[],"_links":{"self":[{"href":"https:\/\/semmelweis.hu\/jogigfoig\/wp-json\/wp\/v2\/pages\/70997","targetHints":{"allow":["GET"]}}],"collection":[{"href":"https:\/\/semmelweis.hu\/jogigfoig\/wp-json\/wp\/v2\/pages"}],"about":[{"href":"https:\/\/semmelweis.hu\/jogigfoig\/wp-json\/wp\/v2\/types\/page"}],"author":[{"embeddable":true,"href":"https:\/\/semmelweis.hu\/jogigfoig\/wp-json\/wp\/v2\/users\/101117"}],"replies":[{"embeddable":true,"href":"https:\/\/semmelweis.hu\/jogigfoig\/wp-json\/wp\/v2\/comments?post=70997"}],"version-history":[{"count":1,"href":"https:\/\/semmelweis.hu\/jogigfoig\/wp-json\/wp\/v2\/pages\/70997\/revisions"}],"predecessor-version":[{"id":71002,"href":"https:\/\/semmelweis.hu\/jogigfoig\/wp-json\/wp\/v2\/pages\/70997\/revisions\/71002"}],"up":[{"embeddable":true,"href":"https:\/\/semmelweis.hu\/jogigfoig\/wp-json\/wp\/v2\/pages\/70928"}],"wp:attachment":[{"href":"https:\/\/semmelweis.hu\/jogigfoig\/wp-json\/wp\/v2\/media?parent=70997"}],"wp:term":[{"taxonomy":"category","embeddable":true,"href":"https:\/\/semmelweis.hu\/jogigfoig\/wp-json\/wp\/v2\/categories?post=70997"},{"taxonomy":"post_tag","embeddable":true,"href":"https:\/\/semmelweis.hu\/jogigfoig\/wp-json\/wp\/v2\/tags?post=70997"}],"curies":[{"name":"wp","href":"https:\/\/api.w.org\/{rel}","templated":true}]}}